{"id":35294,"date":"2025-08-28T17:47:31","date_gmt":"2025-08-28T09:47:31","guid":{"rendered":"https:\/\/fizzyvape.eu\/product\/fizzy-twins-50000-puffs-dual-flavor-vape-jetable\/"},"modified":"2025-09-07T17:43:18","modified_gmt":"2025-09-07T09:43:18","slug":"fizzy-twins-50000-puffs-dual-flavor-vape-jetable","status":"publish","type":"product","link":"https:\/\/fizzyvape.eu\/fr\/produit\/fizzy-twins-50000-puffs-dual-flavor-vape-jetable\/","title":{"rendered":"Fizzy Twins 50000 Puffs Dual Flavor Vape jetable"},"content":{"rendered":"<div style=\"width: 1280px;\" class=\"wp-video\"><!--[if lt IE 9]><script>document.createElement('video');<\/script><![endif]-->\n<video class=\"wp-video-shortcode\" id=\"video-35294-1\" width=\"1280\" height=\"720\" preload=\"metadata\" controls=\"controls\"><source type=\"video\/mp4\" src=\"https:\/\/fizzyvape.eu\/wp-content\/uploads\/2025\/08\/Fizzy-Twins-50000-Puffs-Disposable-Vape.mp4?_=1\" \/><a href=\"https:\/\/fizzyvape.eu\/wp-content\/uploads\/2025\/08\/Fizzy-Twins-50000-Puffs-Disposable-Vape.mp4\">https:\/\/fizzyvape.eu\/wp-content\/uploads\/2025\/08\/Fizzy-Twins-50000-Puffs-Disposable-Vape.mp4<\/a><\/video><\/div>\n<h1>Fizzy Twins 50000 Puffs &#8211; Vape jetable double saveur et double mode<\/h1>\n<p>Le <strong data-start=\"190\" data-end=\"218\">Fizzy Twins 50000 Puffs<\/strong> fait passer le vapotage jetable \u00e0 la vitesse sup\u00e9rieure gr\u00e2ce \u00e0 son <strong data-start=\"270\" data-end=\"299\">syst\u00e8me unique \u00e0 double ar\u00f4me<\/strong> et \u00e0 sa <strong data-start=\"304\" data-end=\"328\">technologie \u00e0 double mode<\/strong>. Offrant jusqu&#8217;\u00e0 <strong data-start=\"345\" data-end=\"361\">50 000 bouff\u00e9es<\/strong>, cet appareil rechargeable vous permet de passer instantan\u00e9ment d&#8217;un ar\u00f4me \u00e0 l&#8217;autre ou de les combiner pour une exp\u00e9rience de vapotage vraiment personnalis\u00e9e. <\/p>\n<h2 data-start=\"526\" data-end=\"547\">Caract\u00e9ristiques principales<\/h2>\n<ul data-start=\"548\" data-end=\"1172\">\n<li data-start=\"548\" data-end=\"633\">\n<p data-start=\"550\" data-end=\"633\"><strong data-start=\"550\" data-end=\"575\">Capacit\u00e9 de 50 000 bouff\u00e9es<\/strong> &#8211; Un plaisir durable sans avoir \u00e0 le remplacer constamment.<\/p>\n<\/li>\n<li data-start=\"634\" data-end=\"729\">\n<p data-start=\"636\" data-end=\"729\"><strong data-start=\"636\" data-end=\"662\">Technologie double ar\u00f4me<\/strong> &#8211; Passez instantan\u00e9ment d&#8217;un <strong data-start=\"690\" data-end=\"705\">ar\u00f4me<\/strong> \u00e0 l&#8217;autre ou m\u00e9langez-les.<\/p>\n<\/li>\n<li data-start=\"730\" data-end=\"862\">\n<p data-start=\"732\" data-end=\"862\"><strong data-start=\"732\" data-end=\"757\">Performance bi-mode<\/strong> &#8211; Choisissez entre le <strong data-start=\"775\" data-end=\"791\">mode normal<\/strong> pour une vape en douceur et le <strong data-start=\"814\" data-end=\"828\">mode boost<\/strong> pour des nuages et des saveurs plus intenses.<\/p>\n<\/li>\n<li data-start=\"863\" data-end=\"951\">\n<p data-start=\"865\" data-end=\"951\"><strong data-start=\"865\" data-end=\"889\">Batterie rechargeable<\/strong> &#8211; Elle vous permet de tirer 50 000 bouff\u00e9es sans perte de puissance.<\/p>\n<\/li>\n<li data-start=\"952\" data-end=\"1033\">\n<p data-start=\"954\" data-end=\"1033\"><strong data-start=\"954\" data-end=\"974\">Syst\u00e8me Mesh Coil<\/strong> &#8211; Saveur riche et vapeur constante du d\u00e9but \u00e0 la fin.<\/p>\n<\/li>\n<li data-start=\"1034\" data-end=\"1103\">\n<p data-start=\"1036\" data-end=\"1103\"><strong data-start=\"1036\" data-end=\"1054\">Conception haut de gamme<\/strong> &#8211; \u00c9l\u00e9gant, portable et con\u00e7u pour une utilisation quotidienne.<\/p>\n<\/li>\n<li data-start=\"1104\" data-end=\"1172\">\n<p data-start=\"1106\" data-end=\"1172\"><strong data-start=\"1106\" data-end=\"1126\">Exp\u00e9dition rapide depuis l&#8217;UE<\/strong> &#8211; Envoi direct depuis les entrep\u00f4ts europ\u00e9ens.<\/p>\n<\/li>\n<\/ul>\n<h2 data-start=\"1286\" data-end=\"1318\">Pourquoi choisir Fizzy Twins ?<\/h2>\n<p data-start=\"1319\" data-end=\"1545\">\u2714 Authentique Fizzy Vape &#8211; confiance mondiale depuis 2013<br data-start=\"1372\" data-end=\"1375\">\u2714 <strong data-start=\"1387\" data-end=\"1413\">Exp\u00e9rience<\/strong> exclusive <strong data-start=\"1387\" data-end=\"1413\">de double saveur<\/strong> dans un seul appareil<br data-start=\"1427\" data-end=\"1430\">\u2714 Nombre \u00e9lev\u00e9 de bouff\u00e9es = meilleure valeur et moins de d\u00e9chets<br data-start=\"1477\" data-end=\"1480\">\u2714 <strong data-start=\"1492\" data-end=\"1509\">Exp\u00e9dition rapide<\/strong> et <strong data-start=\"1514\" data-end=\"1543\">support client fiable<\/strong><\/p>\n<p data-start=\"1319\" data-end=\"1545\"><img decoding=\"async\" class=\"alignnone wp-image-34860 size-full\" src=\"https:\/\/fizzyvape.eu\/wp-content\/uploads\/2025\/08\/FIZZY-Twins-50K-50000-puffs-Flavors--scaled.jpg\" alt=\"\" width=\"1354\" height=\"2560\" srcset=\"https:\/\/fizzyvape.eu\/wp-content\/uploads\/2025\/08\/FIZZY-Twins-50K-50000-puffs-Flavors--scaled.jpg 1354w, https:\/\/fizzyvape.eu\/wp-content\/uploads\/2025\/08\/FIZZY-Twins-50K-50000-puffs-Flavors--159x300.jpg 159w, https:\/\/fizzyvape.eu\/wp-content\/uploads\/2025\/08\/FIZZY-Twins-50K-50000-puffs-Flavors--423x800.jpg 423w, https:\/\/fizzyvape.eu\/wp-content\/uploads\/2025\/08\/FIZZY-Twins-50K-50000-puffs-Flavors--768x1452.jpg 768w, https:\/\/fizzyvape.eu\/wp-content\/uploads\/2025\/08\/FIZZY-Twins-50K-50000-puffs-Flavors--812x1536.jpg 812w, https:\/\/fizzyvape.eu\/wp-content\/uploads\/2025\/08\/FIZZY-Twins-50K-50000-puffs-Flavors--1083x2048.jpg 1083w, https:\/\/fizzyvape.eu\/wp-content\/uploads\/2025\/08\/FIZZY-Twins-50K-50000-puffs-Flavors--430x813.jpg 430w, https:\/\/fizzyvape.eu\/wp-content\/uploads\/2025\/08\/FIZZY-Twins-50K-50000-puffs-Flavors--700x1323.jpg 700w, https:\/\/fizzyvape.eu\/wp-content\/uploads\/2025\/08\/FIZZY-Twins-50K-50000-puffs-Flavors--150x284.jpg 150w\" sizes=\"(max-width: 1354px) 100vw, 1354px\" \/><\/p>\n<h2 data-start=\"98\" data-end=\"158\">\u2753 Questions fr\u00e9quemment pos\u00e9es &#8211; Fizzy Twins 50k Puffs<\/h2>\n<h3 data-start=\"160\" data-end=\"248\">Q1 : Qu&#8217;est-ce qui diff\u00e9rencie le Fizzy Twins 50 000 Puffs des autres vapes jetables ?<\/h3>\n<p data-start=\"249\" data-end=\"530\"><strong data-start=\"249\" data-end=\"255\">R :<\/strong> Le Fizzy Twins est unique parce qu&#8217;il est dot\u00e9 d&#8217;une <strong data-start=\"302\" data-end=\"328\">technologie \u00e0 double ar\u00f4me<\/strong>. Vous pouvez passer instantan\u00e9ment d&#8217;un ar\u00f4me \u00e0 l&#8217;autre ou les m\u00e9langer, ce qui vous offre une plus grande vari\u00e9t\u00e9 dans un seul appareil. Il offre \u00e9galement un <strong data-start=\"453\" data-end=\"473\">double mode de vaporisation<\/strong> (mode normal et mode boost) pour des performances personnalisables.  <\/p>\n<hr data-start=\"532\" data-end=\"535\">\n<h3 data-start=\"537\" data-end=\"591\">Q2 : Combien de bouff\u00e9es le Fizzy Twins fournit-il ?<\/h3>\n<p data-start=\"592\" data-end=\"819\"><strong data-start=\"592\" data-end=\"598\">R :<\/strong> Chaque appareil permet de tirer jusqu&#8217;\u00e0 <strong data-start=\"626\" data-end=\"642\">50 000 bouff\u00e9es<\/strong>, ce qui en fait l&#8217;une des vapes jetables les plus durables du march\u00e9. Associ\u00e9 \u00e0 une <strong data-start=\"725\" data-end=\"749\">batterie rechargeable<\/strong>, vous pouvez profiter de chaque bouff\u00e9e sans craindre d&#8217;\u00eatre \u00e0 court d&#8217;\u00e9nergie. <\/p>\n<hr data-start=\"821\" data-end=\"824\">\n<h3 data-start=\"826\" data-end=\"868\">Q3 : Le Fizzy Twins est-il rechargeable ?<\/h3>\n<p data-start=\"869\" data-end=\"1033\"><strong data-start=\"869\" data-end=\"875\">R :<\/strong> Oui. Contrairement aux produits jetables standard, le Fizzy Twins est dot\u00e9 d&#8217;une <strong data-start=\"939\" data-end=\"963\">batterie rechargeable<\/strong>, ce qui vous permet d&#8217;utiliser pleinement les 50 000 bouff\u00e9es sans interruption. <\/p>\n<hr data-start=\"1035\" data-end=\"1038\">\n<h3 data-start=\"1040\" data-end=\"1078\">Q4 : Comment fonctionne le double mode ?<\/h3>\n<p data-start=\"1079\" data-end=\"1132\"><strong data-start=\"1079\" data-end=\"1085\">R :<\/strong> Le Fizzy Twins offre <strong data-start=\"1109\" data-end=\"1129\">deux modes de vapotage<\/strong>:<\/p>\n<ul data-start=\"1133\" data-end=\"1294\">\n<li data-start=\"1133\" data-end=\"1182\">\n<p data-start=\"1135\" data-end=\"1182\"><strong data-start=\"1135\" data-end=\"1151\">Mode r\u00e9gulier<\/strong> pour un vapotage doux et quotidien.<\/p>\n<\/li>\n<li data-start=\"1183\" data-end=\"1294\">\n<p data-start=\"1185\" data-end=\"1294\"><strong data-start=\"1185\" data-end=\"1199\">Mode Boost<\/strong> pour une saveur am\u00e9lior\u00e9e et des nuages plus importants.<br data-start=\"1238\" data-end=\"1241\">Vous pouvez changer facilement en fonction de vos pr\u00e9f\u00e9rences.<\/p>\n<\/li>\n<\/ul>\n<hr data-start=\"1296\" data-end=\"1299\">\n<h3 data-start=\"1301\" data-end=\"1349\">Q5 : Les Fizzy Twins sont-ils authentiques et s\u00fbrs ?<\/h3>\n<p data-start=\"1350\" data-end=\"1567\"><strong data-start=\"1350\" data-end=\"1356\">R :<\/strong> Absolument. Le Fizzy Twins est un <strong data-start=\"1391\" data-end=\"1423\">produit authentique de Fizzy Vape<\/strong>, une marque mondiale de confiance depuis 2013. Tous les appareils sont con\u00e7us avec un contr\u00f4le de qualit\u00e9 pour assurer la s\u00e9curit\u00e9, la coh\u00e9rence et la livraison de saveurs de premi\u00e8re qualit\u00e9.  <\/p>\n<hr data-start=\"1569\" data-end=\"1572\">\n<h3 data-start=\"1574\" data-end=\"1621\">Q6 : D&#8217;o\u00f9 vient le Fizzy Twins ?<\/h3>\n<p data-start=\"1622\" data-end=\"1759\"><strong data-start=\"1622\" data-end=\"1628\">R :<\/strong> Toutes les commandes sont exp\u00e9di\u00e9es directement depuis les <strong data-start=\"1666\" data-end=\"1683\">entrep\u00f4ts de l&#8217;UE<\/strong>, ce qui garantit une <strong data-start=\"1694\" data-end=\"1711\">livraison rapide<\/strong> dans toute l&#8217;Europe et une assistance client\u00e8le fiable.<\/p>\n","protected":false},"excerpt":{"rendered":"<p data-start=\"79\" data-end=\"334\"><strong>Fizzy Twins 50000 Puffs<\/strong> est une vape rechargeable jetable de premi\u00e8re qualit\u00e9, dot\u00e9e d&#8217;un interrupteur \u00e0 double saveur. Profitez de deux saveurs dans un seul appareil avec des performances puissantes, une batterie longue dur\u00e9e et un go\u00fbt doux &#8211; parfait pour les vapoteurs qui veulent de la vari\u00e9t\u00e9 et de l&#8217;endurance. <\/p>\n","protected":false},"featured_media":29288,"comment_status":"open","ping_status":"closed","template":"","meta":{"iawp_total_views":1},"product_brand":[],"product_cat":[263],"product_tag":[666],"class_list":{"0":"post-35294","1":"product","2":"type-product","3":"status-publish","4":"has-post-thumbnail","6":"product_cat-twins-vape-jetable-50000-bouffees-fr","7":"product_tag-1-piece","9":"first","10":"outofstock","11":"sale","12":"shipping-taxable","13":"purchasable","14":"product-type-variable"},"yoast_head":"<!-- This site is optimized with the Yoast SEO Premium plugin v24.8 (Yoast SEO v24.8) - https:\/\/yoast.com\/wordpress\/plugins\/seo\/ -->\n<title>Fizzy Twins 50000 Puffs | Dual Flavor Rechargeable Disposable Vape - Fizzy Vape Official Store<\/title>\n<meta name=\"description\" content=\"D\u00e9couvrez Fizzy Twins 50000 Puffs, la vape rechargeable jetable avec double switch de saveur. Jusqu&#039;\u00e0 50 000 bouff\u00e9es, un go\u00fbt doux et une performance durable. Achetez un authentique Fizzy Vape d\u00e8s aujourd&#039;hui.\" \/>\n<meta name=\"robots\" content=\"index, follow, max-snippet:-1, max-image-preview:large, max-video-preview:-1\" \/>\n<link rel=\"canonical\" href=\"https:\/\/fizzyvape.eu\/fr\/produit\/fizzy-twins-50000-puffs-dual-flavor-vape-jetable\/\" \/>\n<meta property=\"og:locale\" content=\"fr_FR\" \/>\n<meta property=\"og:type\" content=\"article\" \/>\n<meta property=\"og:title\" content=\"Fizzy Twins 50000 Puffs Dual Flavor Vape jetable\" \/>\n<meta property=\"og:description\" content=\"D\u00e9couvrez Fizzy Twins 50000 Puffs, la vape rechargeable jetable avec double switch de saveur. Jusqu&#039;\u00e0 50 000 bouff\u00e9es, un go\u00fbt doux et une performance durable. Achetez un authentique Fizzy Vape d\u00e8s aujourd&#039;hui.\" \/>\n<meta property=\"og:url\" content=\"https:\/\/fizzyvape.eu\/fr\/produit\/fizzy-twins-50000-puffs-dual-flavor-vape-jetable\/\" \/>\n<meta property=\"og:site_name\" content=\"fizzyvape.eu\" \/>\n<meta property=\"article:modified_time\" content=\"2025-09-07T09:43:18+00:00\" \/>\n<meta property=\"og:image\" content=\"https:\/\/fizzyvape.eu\/wp-content\/uploads\/2025\/04\/Fizzy-Twins-50000Puffs-16.webp\" \/>\n\t<meta property=\"og:image:width\" content=\"800\" \/>\n\t<meta property=\"og:image:height\" content=\"800\" \/>\n\t<meta property=\"og:image:type\" content=\"image\/webp\" \/>\n<meta name=\"twitter:card\" content=\"summary_large_image\" \/>\n<meta name=\"twitter:label1\" content=\"Disponibilit\u00e9\" \/>\n\t<meta name=\"twitter:data1\" content=\"Rupture de stock\" \/>\n<script type=\"application\/ld+json\" class=\"yoast-schema-graph\">{\"@context\":\"https:\/\/schema.org\",\"@graph\":[{\"@type\":\"WebPage\",\"@id\":\"https:\/\/fizzyvape.eu\/fr\/produit\/fizzy-twins-50000-puffs-dual-flavor-vape-jetable\/\",\"url\":\"https:\/\/fizzyvape.eu\/fr\/produit\/fizzy-twins-50000-puffs-dual-flavor-vape-jetable\/\",\"name\":\"Fizzy Twins 50000 Puffs | Dual Flavor Rechargeable Disposable Vape - Fizzy Vape Official Store\",\"isPartOf\":{\"@id\":\"https:\/\/www.fizzyvape.eu\/fr\/#website\"},\"primaryImageOfPage\":{\"@id\":\"https:\/\/fizzyvape.eu\/fr\/produit\/fizzy-twins-50000-puffs-dual-flavor-vape-jetable\/#primaryimage\"},\"image\":{\"@id\":\"https:\/\/fizzyvape.eu\/fr\/produit\/fizzy-twins-50000-puffs-dual-flavor-vape-jetable\/#primaryimage\"},\"thumbnailUrl\":\"https:\/\/fizzyvape.eu\/wp-content\/uploads\/2025\/04\/Fizzy-Twins-50000Puffs-16.webp\",\"datePublished\":\"2025-08-28T09:47:31+00:00\",\"dateModified\":\"2025-09-07T09:43:18+00:00\",\"description\":\"D\u00e9couvrez Fizzy Twins 50000 Puffs, la vape rechargeable jetable avec double switch de saveur. Jusqu'\u00e0 50 000 bouff\u00e9es, un go\u00fbt doux et une performance durable. Achetez un authentique Fizzy Vape d\u00e8s aujourd'hui.\",\"breadcrumb\":{\"@id\":\"https:\/\/fizzyvape.eu\/fr\/produit\/fizzy-twins-50000-puffs-dual-flavor-vape-jetable\/#breadcrumb\"},\"inLanguage\":\"fr-FR\",\"potentialAction\":[{\"@type\":\"ReadAction\",\"target\":[\"https:\/\/fizzyvape.eu\/fr\/produit\/fizzy-twins-50000-puffs-dual-flavor-vape-jetable\/\"]}]},{\"@type\":\"ImageObject\",\"inLanguage\":\"fr-FR\",\"@id\":\"https:\/\/fizzyvape.eu\/fr\/produit\/fizzy-twins-50000-puffs-dual-flavor-vape-jetable\/#primaryimage\",\"url\":\"https:\/\/fizzyvape.eu\/wp-content\/uploads\/2025\/04\/Fizzy-Twins-50000Puffs-16.webp\",\"contentUrl\":\"https:\/\/fizzyvape.eu\/wp-content\/uploads\/2025\/04\/Fizzy-Twins-50000Puffs-16.webp\",\"width\":800,\"height\":800,\"caption\":\"Fizzy Twins 50000 Puffs Vape jetable\"},{\"@type\":\"BreadcrumbList\",\"@id\":\"https:\/\/fizzyvape.eu\/fr\/produit\/fizzy-twins-50000-puffs-dual-flavor-vape-jetable\/#breadcrumb\",\"itemListElement\":[{\"@type\":\"ListItem\",\"position\":1,\"name\":\"Home\",\"item\":\"https:\/\/fizzyvape.eu\/fr\/\"},{\"@type\":\"ListItem\",\"position\":2,\"name\":\"Boutique\",\"item\":\"https:\/\/www.fizzyvape.eu\/fr\/boutique\/\"},{\"@type\":\"ListItem\",\"position\":3,\"name\":\"Fizzy Twins 50000 Puffs Dual Flavor Vape jetable\"}]},{\"@type\":\"WebSite\",\"@id\":\"https:\/\/www.fizzyvape.eu\/fr\/#website\",\"url\":\"https:\/\/www.fizzyvape.eu\/fr\/\",\"name\":\"fizzyvape.eu\",\"description\":\"Refreshing Vapes. Unforgettable Taste.\",\"publisher\":{\"@id\":\"https:\/\/www.fizzyvape.eu\/fr\/#organization\"},\"potentialAction\":[{\"@type\":\"SearchAction\",\"target\":{\"@type\":\"EntryPoint\",\"urlTemplate\":\"https:\/\/www.fizzyvape.eu\/fr\/?s={search_term_string}\"},\"query-input\":{\"@type\":\"PropertyValueSpecification\",\"valueRequired\":true,\"valueName\":\"search_term_string\"}}],\"inLanguage\":\"fr-FR\"},{\"@type\":\"Organization\",\"@id\":\"https:\/\/www.fizzyvape.eu\/fr\/#organization\",\"name\":\"fizzyvape.eu\",\"url\":\"https:\/\/www.fizzyvape.eu\/fr\/\",\"logo\":{\"@type\":\"ImageObject\",\"inLanguage\":\"fr-FR\",\"@id\":\"https:\/\/www.fizzyvape.eu\/fr\/#\/schema\/logo\/image\/\",\"url\":\"https:\/\/fizzyvape.eu\/wp-content\/uploads\/2019\/06\/print-1.svg\",\"contentUrl\":\"https:\/\/fizzyvape.eu\/wp-content\/uploads\/2019\/06\/print-1.svg\",\"width\":124,\"height\":37,\"caption\":\"fizzyvape.eu\"},\"image\":{\"@id\":\"https:\/\/www.fizzyvape.eu\/fr\/#\/schema\/logo\/image\/\"}}]}<\/script>\n<meta property=\"og:availability\" content=\"out of stock\" \/>\n<meta property=\"product:availability\" content=\"out of stock\" \/>\n<meta property=\"product:condition\" content=\"new\" \/>\n<!-- \/ Yoast SEO Premium plugin. -->","yoast_head_json":{"title":"Fizzy Twins 50000 Puffs | Dual Flavor Rechargeable Disposable Vape - Fizzy Vape Official Store","description":"D\u00e9couvrez Fizzy Twins 50000 Puffs, la vape rechargeable jetable avec double switch de saveur. Jusqu'\u00e0 50 000 bouff\u00e9es, un go\u00fbt doux et une performance durable. Achetez un authentique Fizzy Vape d\u00e8s aujourd'hui.","robots":{"index":"index","follow":"follow","max-snippet":"max-snippet:-1","max-image-preview":"max-image-preview:large","max-video-preview":"max-video-preview:-1"},"canonical":"https:\/\/fizzyvape.eu\/fr\/produit\/fizzy-twins-50000-puffs-dual-flavor-vape-jetable\/","og_locale":"fr_FR","og_type":"article","og_title":"Fizzy Twins 50000 Puffs Dual Flavor Vape jetable","og_description":"D\u00e9couvrez Fizzy Twins 50000 Puffs, la vape rechargeable jetable avec double switch de saveur. Jusqu'\u00e0 50 000 bouff\u00e9es, un go\u00fbt doux et une performance durable. Achetez un authentique Fizzy Vape d\u00e8s aujourd'hui.","og_url":"https:\/\/fizzyvape.eu\/fr\/produit\/fizzy-twins-50000-puffs-dual-flavor-vape-jetable\/","og_site_name":"fizzyvape.eu","article_modified_time":"2025-09-07T09:43:18+00:00","og_image":[{"width":800,"height":800,"url":"https:\/\/fizzyvape.eu\/wp-content\/uploads\/2025\/04\/Fizzy-Twins-50000Puffs-16.webp","type":"image\/webp"}],"twitter_card":"summary_large_image","twitter_misc":{"Disponibilit\u00e9":"Rupture de stock"},"schema":{"@context":"https:\/\/schema.org","@graph":[{"@type":"WebPage","@id":"https:\/\/fizzyvape.eu\/fr\/produit\/fizzy-twins-50000-puffs-dual-flavor-vape-jetable\/","url":"https:\/\/fizzyvape.eu\/fr\/produit\/fizzy-twins-50000-puffs-dual-flavor-vape-jetable\/","name":"Fizzy Twins 50000 Puffs | Dual Flavor Rechargeable Disposable Vape - Fizzy Vape Official Store","isPartOf":{"@id":"https:\/\/www.fizzyvape.eu\/fr\/#website"},"primaryImageOfPage":{"@id":"https:\/\/fizzyvape.eu\/fr\/produit\/fizzy-twins-50000-puffs-dual-flavor-vape-jetable\/#primaryimage"},"image":{"@id":"https:\/\/fizzyvape.eu\/fr\/produit\/fizzy-twins-50000-puffs-dual-flavor-vape-jetable\/#primaryimage"},"thumbnailUrl":"https:\/\/fizzyvape.eu\/wp-content\/uploads\/2025\/04\/Fizzy-Twins-50000Puffs-16.webp","datePublished":"2025-08-28T09:47:31+00:00","dateModified":"2025-09-07T09:43:18+00:00","description":"D\u00e9couvrez Fizzy Twins 50000 Puffs, la vape rechargeable jetable avec double switch de saveur. Jusqu'\u00e0 50 000 bouff\u00e9es, un go\u00fbt doux et une performance durable. Achetez un authentique Fizzy Vape d\u00e8s aujourd'hui.","breadcrumb":{"@id":"https:\/\/fizzyvape.eu\/fr\/produit\/fizzy-twins-50000-puffs-dual-flavor-vape-jetable\/#breadcrumb"},"inLanguage":"fr-FR","potentialAction":[{"@type":"ReadAction","target":["https:\/\/fizzyvape.eu\/fr\/produit\/fizzy-twins-50000-puffs-dual-flavor-vape-jetable\/"]}]},{"@type":"ImageObject","inLanguage":"fr-FR","@id":"https:\/\/fizzyvape.eu\/fr\/produit\/fizzy-twins-50000-puffs-dual-flavor-vape-jetable\/#primaryimage","url":"https:\/\/fizzyvape.eu\/wp-content\/uploads\/2025\/04\/Fizzy-Twins-50000Puffs-16.webp","contentUrl":"https:\/\/fizzyvape.eu\/wp-content\/uploads\/2025\/04\/Fizzy-Twins-50000Puffs-16.webp","width":800,"height":800,"caption":"Fizzy Twins 50000 Puffs Vape jetable"},{"@type":"BreadcrumbList","@id":"https:\/\/fizzyvape.eu\/fr\/produit\/fizzy-twins-50000-puffs-dual-flavor-vape-jetable\/#breadcrumb","itemListElement":[{"@type":"ListItem","position":1,"name":"Home","item":"https:\/\/fizzyvape.eu\/fr\/"},{"@type":"ListItem","position":2,"name":"Boutique","item":"https:\/\/www.fizzyvape.eu\/fr\/boutique\/"},{"@type":"ListItem","position":3,"name":"Fizzy Twins 50000 Puffs Dual Flavor Vape jetable"}]},{"@type":"WebSite","@id":"https:\/\/www.fizzyvape.eu\/fr\/#website","url":"https:\/\/www.fizzyvape.eu\/fr\/","name":"fizzyvape.eu","description":"Refreshing Vapes. Unforgettable Taste.","publisher":{"@id":"https:\/\/www.fizzyvape.eu\/fr\/#organization"},"potentialAction":[{"@type":"SearchAction","target":{"@type":"EntryPoint","urlTemplate":"https:\/\/www.fizzyvape.eu\/fr\/?s={search_term_string}"},"query-input":{"@type":"PropertyValueSpecification","valueRequired":true,"valueName":"search_term_string"}}],"inLanguage":"fr-FR"},{"@type":"Organization","@id":"https:\/\/www.fizzyvape.eu\/fr\/#organization","name":"fizzyvape.eu","url":"https:\/\/www.fizzyvape.eu\/fr\/","logo":{"@type":"ImageObject","inLanguage":"fr-FR","@id":"https:\/\/www.fizzyvape.eu\/fr\/#\/schema\/logo\/image\/","url":"https:\/\/fizzyvape.eu\/wp-content\/uploads\/2019\/06\/print-1.svg","contentUrl":"https:\/\/fizzyvape.eu\/wp-content\/uploads\/2019\/06\/print-1.svg","width":124,"height":37,"caption":"fizzyvape.eu"},"image":{"@id":"https:\/\/www.fizzyvape.eu\/fr\/#\/schema\/logo\/image\/"}}]},"og_availability":"out of stock","product_availability":"out of stock","product_condition":"new"},"tiered_pricing_type":"fixed","tiered_pricing_fixed_rules":[],"tiered_pricing_product_settings":{"layout":"default","base_unit_name":{"singular":null,"plural":null},"default_variation":null},"tiered_pricing_minimum_quantity":null,"tiered_pricing_roles_data":[],"tiered_pricing_percentage_rules":[],"tiered_pricing_maximum_quantity":null,"tiered_pricing_quantity_step":null,"_links":{"self":[{"href":"https:\/\/fizzyvape.eu\/fr\/wp-json\/wp\/v2\/product\/35294","targetHints":{"allow":["GET"]}}],"collection":[{"href":"https:\/\/fizzyvape.eu\/fr\/wp-json\/wp\/v2\/product"}],"about":[{"href":"https:\/\/fizzyvape.eu\/fr\/wp-json\/wp\/v2\/types\/product"}],"replies":[{"embeddable":true,"href":"https:\/\/fizzyvape.eu\/fr\/wp-json\/wp\/v2\/comments?post=35294"}],"version-history":[{"count":0,"href":"https:\/\/fizzyvape.eu\/fr\/wp-json\/wp\/v2\/product\/35294\/revisions"}],"wp:featuredmedia":[{"embeddable":true,"href":"https:\/\/fizzyvape.eu\/fr\/wp-json\/wp\/v2\/media\/29288"}],"wp:attachment":[{"href":"https:\/\/fizzyvape.eu\/fr\/wp-json\/wp\/v2\/media?parent=35294"}],"wp:term":[{"taxonomy":"product_brand","embeddable":true,"href":"https:\/\/fizzyvape.eu\/fr\/wp-json\/wp\/v2\/product_brand?post=35294"},{"taxonomy":"product_cat","embeddable":true,"href":"https:\/\/fizzyvape.eu\/fr\/wp-json\/wp\/v2\/product_cat?post=35294"},{"taxonomy":"product_tag","embeddable":true,"href":"https:\/\/fizzyvape.eu\/fr\/wp-json\/wp\/v2\/product_tag?post=35294"}],"curies":[{"name":"wp","href":"https:\/\/api.w.org\/{rel}","templated":true}]}}