{"id":35349,"date":"2025-08-29T14:32:49","date_gmt":"2025-08-29T06:32:49","guid":{"rendered":"https:\/\/fizzyvape.eu\/product\/fizzy-twins-50000-puffs-dual-flavor-vape-jetable-tous-les-parfums-10pcs\/"},"modified":"2025-08-29T14:32:49","modified_gmt":"2025-08-29T06:32:49","slug":"fizzy-twins-50000-puffs-dual-flavor-vape-jetable-tous-les-parfums-10pcs","status":"publish","type":"product","link":"https:\/\/fizzyvape.eu\/fr\/produit\/fizzy-twins-50000-puffs-dual-flavor-vape-jetable-tous-les-parfums-10pcs\/","title":{"rendered":"Fizzy Twins 50000 Puffs Dual Flavor Vape jetable (Tous les parfums) &#8211; 10pcs"},"content":{"rendered":"<div style=\"width: 1280px;\" class=\"wp-video\"><!--[if lt IE 9]><script>document.createElement('video');<\/script><![endif]-->\n<video class=\"wp-video-shortcode\" id=\"video-35349-1\" width=\"1280\" height=\"720\" preload=\"metadata\" controls=\"controls\"><source type=\"video\/mp4\" src=\"https:\/\/fizzyvape.eu\/wp-content\/uploads\/2025\/08\/Fizzy-Twins-50000-Puffs-Disposable-Vape.mp4?_=1\" \/><a href=\"https:\/\/fizzyvape.eu\/wp-content\/uploads\/2025\/08\/Fizzy-Twins-50000-Puffs-Disposable-Vape.mp4\">https:\/\/fizzyvape.eu\/wp-content\/uploads\/2025\/08\/Fizzy-Twins-50000-Puffs-Disposable-Vape.mp4<\/a><\/video><\/div>\n<h1>Fizzy Twins 50000 Puffs &#8211; Vape jetable rechargeable \u00e0 double saveur<\/h1>\n<p><strong>Fizzy Twins 50000 Puffs<\/strong> (\u00e9galement connu sous le nom de <strong>Fizzy Twins 50k Puffs<\/strong>) est une vape jetable r\u00e9volutionnaire con\u00e7ue pour les vapoteurs qui veulent plus de saveurs, plus de bouff\u00e9es et plus de commodit\u00e9. Gr\u00e2ce \u00e0 son <strong>syst\u00e8me d&#8217;interrupteur \u00e0 double saveur<\/strong>, vous pouvez facilement passer d&#8217;une saveur \u00e0 l&#8217;autre dans un seul appareil, ce qui est parfait pour ceux qui ont soif de vari\u00e9t\u00e9. <\/p>\n<p>Offrant jusqu&#8217;\u00e0 <strong>50 000 bouff\u00e9es<\/strong>, cette vape haut de gamme garantit des performances durables. Dot\u00e9e d&#8217;un <strong>port Type-C rechargeable<\/strong> et d&#8217;une <strong>technologie mesh coil<\/strong> avanc\u00e9e, elle garantit une vapeur douce, un go\u00fbt audacieux et une satisfaction constante. <\/p>\n<h3>Caract\u00e9ristiques principales<\/h3>\n<ul>\n<li>\ud83d\udd39 <strong>Dual Flavor Switch<\/strong> &#8211; Profitez de 2 ar\u00f4mes dans un seul appareil<\/li>\n<li>\ud83d\udd39 <strong>Capacit\u00e9 massive de 50 000 bouff\u00e9es<\/strong> &#8211; Construit pour l&#8217;endurance<\/li>\n<li>\ud83d\udd39 <strong>Rechargeable via Type-C<\/strong> &#8211; \u00c9cologique et durable<\/li>\n<li>\ud83d\udd39 <strong>Technologie Mesh Coil<\/strong> &#8211; Saveur riche et nuages denses<\/li>\n<li>\ud83d\udd39 <strong>Authentique Fizzy Vape<\/strong> &#8211; Exp\u00e9di\u00e9 depuis l&#8217;entrep\u00f4t de l&#8217;UE avec garantie de qualit\u00e9<\/li>\n<\/ul>\n<h3>\u00c0 qui s&#8217;adresse-t-il ?<\/h3>\n<ul>\n<li>Les vapoteurs qui veulent des ar\u00f4mes multiples sans avoir \u00e0 transporter plusieurs appareils<\/li>\n<li>Ceux qui ont besoin d&#8217;une <strong>capacit\u00e9 de bouff\u00e9e tr\u00e8s \u00e9lev\u00e9e<\/strong> pour une utilisation \u00e0 long terme<\/li>\n<li>Toute personne \u00e0 la recherche d&#8217;une vape jetable rechargeable et sans souci<\/li>\n<\/ul>\n<h3><strong>Fizzy Twins <\/strong>50000 Puffs Liste des ar\u00f4mes :<\/h3>\n<ol>\n<li><a href=\"https:\/\/fizzyvape.eu\/fr\/produit\/fizzy-twins-pasteque-glacee-et-fraise-kiwi-50000-bouffees-10pcs\/\">Past\u00e8que glac\u00e9e et fraise kiwi<\/a><\/li>\n<li><a href=\"https:\/\/fizzyvape.eu\/fr\/produit\/fizzy-twins-fraise-kiwi-grenade-red-bull-50000-bouffees-10pcs\/\">Fraise, kiwi, grenade et Red Bull<\/a><\/li>\n<li><a href=\"https:\/\/fizzyvape.eu\/fr\/produit\/fizzy-twins-blueberry-coconut-grape-ice-50000-bouffees-10pcs\/\">Glace aux myrtilles, noix de coco et raisins<\/a><\/li>\n<li><a href=\"https:\/\/fizzyvape.eu\/fr\/produit\/fizzy-twins-blue-razz-lemonade-triple-melon-50000-bouffees-10pcs\/\">Blue Razz Lemonade &amp; Triple Melon<\/a><\/li>\n<li><a href=\"https:\/\/fizzyvape.eu\/fr\/produit\/fizzy-twins-fraise-pasteque-et-myrtille-ice-50000-boules-10pcs\/\">Glace \u00e0 la fraise, \u00e0 la past\u00e8que et \u00e0 la myrtille<\/a><\/li>\n<li><a href=\"https:\/\/fizzyvape.eu\/fr\/produit\/fizzy-twins-peche-mangue-pasteque-fraise-banane-50000-boules-10pcs\/\">P\u00eache Mangue Past\u00e8que &amp; Fraise Banane<\/a><\/li>\n<li><a href=\"https:\/\/fizzyvape.eu\/fr\/produit\/fizzy-twins-framboise-pasteque-kiwi-fruit-de-la-passion-goyave-50000-boules-10pcs\/\">Framboise Past\u00e8que &amp; Kiwi Fruit de la passion Goyave<\/a><\/li>\n<li><a href=\"https:\/\/fizzyvape.eu\/fr\/produit\/fizzy-twins-ananas-peche-fruit-de-la-passion-myrtille-framboise-50000-bouffees-10pcs\/\">Ananas P\u00eache Fruit de la passion &amp; Myrtille Framboise<\/a><\/li>\n<li><a href=\"https:\/\/fizzyvape.eu\/fr\/produit\/fizzy-twins-watermelon-ice-lemon-lime-50000-puffs-10pcs\/\">Glace \u00e0 la past\u00e8que et citron vert<\/a><\/li>\n<li><a href=\"https:\/\/fizzyvape.eu\/fr\/produit\/fizzy-twins-mixed-berry-peach-ice-50000-bouffees-10pcs\/\">Glace aux baies mixtes et \u00e0 la p\u00eache<\/a><\/li>\n<li><a href=\"https:\/\/fizzyvape.eu\/fr\/produit\/fizzy-twins-fraise-glacee-fizzy-cerise-50000-bouffees-10pcs\/\">Glace \u00e0 la fraise et cerise p\u00e9tillante<\/a><\/li>\n<li><a href=\"https:\/\/fizzyvape.eu\/fr\/produit\/fizzy-twins-framboise-limonade-fraise-glacee-50000-bouffees-10pcs\/\">Limonade \u00e0 la framboise et glace \u00e0 la fraise<\/a><\/li>\n<\/ol>\n<p><img decoding=\"async\" class=\"alignnone wp-image-34860 size-full\" src=\"https:\/\/fizzyvape.eu\/wp-content\/uploads\/2025\/08\/FIZZY-Twins-50K-50000-puffs-Flavors--scaled.jpg\" alt=\"\" width=\"1354\" height=\"2560\" srcset=\"https:\/\/fizzyvape.eu\/wp-content\/uploads\/2025\/08\/FIZZY-Twins-50K-50000-puffs-Flavors--scaled.jpg 1354w, https:\/\/fizzyvape.eu\/wp-content\/uploads\/2025\/08\/FIZZY-Twins-50K-50000-puffs-Flavors--159x300.jpg 159w, https:\/\/fizzyvape.eu\/wp-content\/uploads\/2025\/08\/FIZZY-Twins-50K-50000-puffs-Flavors--423x800.jpg 423w, https:\/\/fizzyvape.eu\/wp-content\/uploads\/2025\/08\/FIZZY-Twins-50K-50000-puffs-Flavors--768x1452.jpg 768w, https:\/\/fizzyvape.eu\/wp-content\/uploads\/2025\/08\/FIZZY-Twins-50K-50000-puffs-Flavors--812x1536.jpg 812w, https:\/\/fizzyvape.eu\/wp-content\/uploads\/2025\/08\/FIZZY-Twins-50K-50000-puffs-Flavors--1083x2048.jpg 1083w, https:\/\/fizzyvape.eu\/wp-content\/uploads\/2025\/08\/FIZZY-Twins-50K-50000-puffs-Flavors--430x813.jpg 430w, https:\/\/fizzyvape.eu\/wp-content\/uploads\/2025\/08\/FIZZY-Twins-50K-50000-puffs-Flavors--700x1323.jpg 700w, https:\/\/fizzyvape.eu\/wp-content\/uploads\/2025\/08\/FIZZY-Twins-50K-50000-puffs-Flavors--150x284.jpg 150w\" sizes=\"(max-width: 1354px) 100vw, 1354px\" \/><\/p>\n<h3>Pourquoi choisir Fizzy Twins 50000 Puffs ?<\/h3>\n<p>Contrairement aux produits jetables standard, <strong>Fizzy Twins 50000 Puffs<\/strong> vous offre <strong>deux ar\u00f4mes en un<\/strong>, un <strong>nombre massif de 50 000 bouff\u00e9es<\/strong> et la <strong>possibilit\u00e9 de le recharger, ce qui en fait<\/strong>l&#8217;une des options les plus avantageuses sur le march\u00e9.<\/p>\n<h3>FAQ<\/h3>\n<p><strong>Q : Quelle est la dur\u00e9e de vie de Fizzy Twins 50000 Puffs ?<\/strong><br \/>\nR : Il permet de <strong>tirer jusqu&#8217;\u00e0 50 000 bouff\u00e9es<\/strong> et dure plusieurs semaines selon l&#8217;utilisation.<\/p>\n<p><strong>Q : Puis-je le recharger ?<\/strong><br \/>\nR : Oui, il est \u00e9quip\u00e9 d&#8217;un <strong>port de charge de type C<\/strong> pour une utilisation prolong\u00e9e.<\/p>\n<p><strong>Q : Est-il authentique ?<\/strong><br \/>\nR : Absolument ! Nous ne vendons que <strong>des produits Fizzy Vape authentiques<\/strong>, exp\u00e9di\u00e9s directement depuis notre entrep\u00f4t europ\u00e9en. <\/p>\n","protected":false},"excerpt":{"rendered":"<p>D\u00e9couvrez la puissance de <strong>Fizzy Twins 50000 Puffs <\/strong> &#8211; une vape jetable haut de gamme \u00e0 double ar\u00f4me avec une capacit\u00e9 de <strong>50 000 bouff\u00e9es<\/strong>, un port Type-C rechargeable et un riche go\u00fbt de mesh-coil. Deux saveurs, un seul appareil, une satisfaction sans fin. <\/p>\n","protected":false},"featured_media":29216,"comment_status":"open","ping_status":"closed","template":"","meta":{"iawp_total_views":4},"product_brand":[],"product_cat":[946,955,263],"product_tag":[636],"class_list":{"0":"post-35349","1":"product","2":"type-product","3":"status-publish","4":"has-post-thumbnail","6":"product_cat-eu-warehouse-fr","7":"product_cat-hot-selling-vape-fr","8":"product_cat-twins-vape-jetable-50000-bouffees-fr","9":"product_tag-tous-les-parfums","11":"first","12":"instock","13":"sale","14":"shipping-taxable","15":"purchasable","16":"product-type-variable"},"yoast_head":"<!-- This site is optimized with the Yoast SEO Premium plugin v24.8 (Yoast SEO v27.4) - https:\/\/yoast.com\/product\/yoast-seo-premium-wordpress\/ -->\n<title>Fizzy Twins 50000 Puffs - Buy Dual Flavor 50k Puffs Vape | Best Price EU<\/title>\n<meta name=\"description\" content=\"Obtenez Fizzy Twins 50000 Puffs (50k Puffs) au meilleur prix ! Double switch de saveur, rechargeable, 50k bouff\u00e9es, livraison rapide dans l&#039;UE. Stock limit\u00e9 - commandez maintenant !\" \/>\n<meta name=\"robots\" content=\"index, follow, max-snippet:-1, max-image-preview:large, max-video-preview:-1\" \/>\n<link rel=\"canonical\" href=\"https:\/\/fizzyvape.eu\/fr\/produit\/fizzy-twins-50000-puffs-dual-flavor-vape-jetable-tous-les-parfums-10pcs\/\" \/>\n<meta property=\"og:locale\" content=\"fr_FR\" \/>\n<meta property=\"og:type\" content=\"article\" \/>\n<meta property=\"og:title\" content=\"Fizzy Twins 50000 Puffs Dual Flavor Vape jetable (Tous les parfums) - 10pcs\" \/>\n<meta property=\"og:description\" content=\"Obtenez Fizzy Twins 50000 Puffs (50k Puffs) au meilleur prix ! Double switch de saveur, rechargeable, 50k bouff\u00e9es, livraison rapide dans l&#039;UE. Stock limit\u00e9 - commandez maintenant !\" \/>\n<meta property=\"og:url\" content=\"https:\/\/fizzyvape.eu\/fr\/produit\/fizzy-twins-50000-puffs-dual-flavor-vape-jetable-tous-les-parfums-10pcs\/\" \/>\n<meta property=\"og:site_name\" content=\"fizzyvape.eu\" \/>\n<meta property=\"og:image\" content=\"https:\/\/fizzyvape.eu\/wp-content\/uploads\/2025\/04\/Fizzy-Twins-50000Puffs-8.webp\" \/>\n\t<meta property=\"og:image:width\" content=\"800\" \/>\n\t<meta property=\"og:image:height\" content=\"800\" \/>\n\t<meta property=\"og:image:type\" content=\"image\/webp\" \/>\n<meta name=\"twitter:card\" content=\"summary_large_image\" \/>\n<meta name=\"twitter:label1\" content=\"Disponibilit\u00e9\" \/>\n\t<meta name=\"twitter:data1\" content=\"En stock\" \/>\n<script type=\"application\/ld+json\" class=\"yoast-schema-graph\">{\"@context\":\"https:\\\/\\\/schema.org\",\"@graph\":[{\"@type\":\"WebPage\",\"@id\":\"https:\\\/\\\/fizzyvape.eu\\\/fr\\\/produit\\\/fizzy-twins-50000-puffs-dual-flavor-vape-jetable-tous-les-parfums-10pcs\\\/\",\"url\":\"https:\\\/\\\/fizzyvape.eu\\\/fr\\\/produit\\\/fizzy-twins-50000-puffs-dual-flavor-vape-jetable-tous-les-parfums-10pcs\\\/\",\"name\":\"Fizzy Twins 50000 Puffs - Buy Dual Flavor 50k Puffs Vape | Best Price EU\",\"isPartOf\":{\"@id\":\"https:\\\/\\\/www.fizzyvape.eu\\\/fr\\\/#website\"},\"primaryImageOfPage\":{\"@id\":\"https:\\\/\\\/fizzyvape.eu\\\/fr\\\/produit\\\/fizzy-twins-50000-puffs-dual-flavor-vape-jetable-tous-les-parfums-10pcs\\\/#primaryimage\"},\"image\":{\"@id\":\"https:\\\/\\\/fizzyvape.eu\\\/fr\\\/produit\\\/fizzy-twins-50000-puffs-dual-flavor-vape-jetable-tous-les-parfums-10pcs\\\/#primaryimage\"},\"thumbnailUrl\":\"https:\\\/\\\/fizzyvape.eu\\\/wp-content\\\/uploads\\\/2025\\\/04\\\/Fizzy-Twins-50000Puffs-8.webp\",\"datePublished\":\"2025-08-29T06:32:49+00:00\",\"description\":\"Obtenez Fizzy Twins 50000 Puffs (50k Puffs) au meilleur prix ! Double switch de saveur, rechargeable, 50k bouff\u00e9es, livraison rapide dans l'UE. Stock limit\u00e9 - commandez maintenant !\",\"breadcrumb\":{\"@id\":\"https:\\\/\\\/fizzyvape.eu\\\/fr\\\/produit\\\/fizzy-twins-50000-puffs-dual-flavor-vape-jetable-tous-les-parfums-10pcs\\\/#breadcrumb\"},\"inLanguage\":\"fr-FR\",\"potentialAction\":[{\"@type\":\"ReadAction\",\"target\":[\"https:\\\/\\\/fizzyvape.eu\\\/fr\\\/produit\\\/fizzy-twins-50000-puffs-dual-flavor-vape-jetable-tous-les-parfums-10pcs\\\/\"]}]},{\"@type\":\"ImageObject\",\"inLanguage\":\"fr-FR\",\"@id\":\"https:\\\/\\\/fizzyvape.eu\\\/fr\\\/produit\\\/fizzy-twins-50000-puffs-dual-flavor-vape-jetable-tous-les-parfums-10pcs\\\/#primaryimage\",\"url\":\"https:\\\/\\\/fizzyvape.eu\\\/wp-content\\\/uploads\\\/2025\\\/04\\\/Fizzy-Twins-50000Puffs-8.webp\",\"contentUrl\":\"https:\\\/\\\/fizzyvape.eu\\\/wp-content\\\/uploads\\\/2025\\\/04\\\/Fizzy-Twins-50000Puffs-8.webp\",\"width\":800,\"height\":800,\"caption\":\"Fizzy Twins 50000 Puffs Vape jetable\"},{\"@type\":\"BreadcrumbList\",\"@id\":\"https:\\\/\\\/fizzyvape.eu\\\/fr\\\/produit\\\/fizzy-twins-50000-puffs-dual-flavor-vape-jetable-tous-les-parfums-10pcs\\\/#breadcrumb\",\"itemListElement\":[{\"@type\":\"ListItem\",\"position\":1,\"name\":\"Home\",\"item\":\"https:\\\/\\\/fizzyvape.eu\\\/fr\\\/\"},{\"@type\":\"ListItem\",\"position\":2,\"name\":\"Boutique\",\"item\":\"https:\\\/\\\/www.fizzyvape.eu\\\/fr\\\/boutique\\\/\"},{\"@type\":\"ListItem\",\"position\":3,\"name\":\"Fizzy Twins 50000 Puffs Dual Flavor Vape jetable (Tous les parfums) &#8211; 10pcs\"}]},{\"@type\":\"WebSite\",\"@id\":\"https:\\\/\\\/www.fizzyvape.eu\\\/fr\\\/#website\",\"url\":\"https:\\\/\\\/www.fizzyvape.eu\\\/fr\\\/\",\"name\":\"fizzyvape.eu\",\"description\":\"Refreshing Vapes. Unforgettable Taste.\",\"publisher\":{\"@id\":\"https:\\\/\\\/www.fizzyvape.eu\\\/fr\\\/#organization\"},\"potentialAction\":[{\"@type\":\"SearchAction\",\"target\":{\"@type\":\"EntryPoint\",\"urlTemplate\":\"https:\\\/\\\/www.fizzyvape.eu\\\/fr\\\/?s={search_term_string}\"},\"query-input\":{\"@type\":\"PropertyValueSpecification\",\"valueRequired\":true,\"valueName\":\"search_term_string\"}}],\"inLanguage\":\"fr-FR\"},{\"@type\":\"Organization\",\"@id\":\"https:\\\/\\\/www.fizzyvape.eu\\\/fr\\\/#organization\",\"name\":\"fizzyvape.eu\",\"url\":\"https:\\\/\\\/www.fizzyvape.eu\\\/fr\\\/\",\"logo\":{\"@type\":\"ImageObject\",\"inLanguage\":\"fr-FR\",\"@id\":\"https:\\\/\\\/www.fizzyvape.eu\\\/fr\\\/#\\\/schema\\\/logo\\\/image\\\/\",\"url\":\"https:\\\/\\\/fizzyvape.eu\\\/wp-content\\\/uploads\\\/2019\\\/06\\\/print-1.svg\",\"contentUrl\":\"https:\\\/\\\/fizzyvape.eu\\\/wp-content\\\/uploads\\\/2019\\\/06\\\/print-1.svg\",\"width\":124,\"height\":37,\"caption\":\"fizzyvape.eu\"},\"image\":{\"@id\":\"https:\\\/\\\/www.fizzyvape.eu\\\/fr\\\/#\\\/schema\\\/logo\\\/image\\\/\"}}]}<\/script>\n<meta property=\"og:availability\" content=\"instock\" \/>\n<meta property=\"product:availability\" content=\"instock\" \/>\n<meta property=\"product:condition\" content=\"new\" \/>\n<!-- \/ Yoast SEO Premium plugin. -->","yoast_head_json":{"title":"Fizzy Twins 50000 Puffs - Buy Dual Flavor 50k Puffs Vape | Best Price EU","description":"Obtenez Fizzy Twins 50000 Puffs (50k Puffs) au meilleur prix ! Double switch de saveur, rechargeable, 50k bouff\u00e9es, livraison rapide dans l'UE. Stock limit\u00e9 - commandez maintenant !","robots":{"index":"index","follow":"follow","max-snippet":"max-snippet:-1","max-image-preview":"max-image-preview:large","max-video-preview":"max-video-preview:-1"},"canonical":"https:\/\/fizzyvape.eu\/fr\/produit\/fizzy-twins-50000-puffs-dual-flavor-vape-jetable-tous-les-parfums-10pcs\/","og_locale":"fr_FR","og_type":"article","og_title":"Fizzy Twins 50000 Puffs Dual Flavor Vape jetable (Tous les parfums) - 10pcs","og_description":"Obtenez Fizzy Twins 50000 Puffs (50k Puffs) au meilleur prix ! Double switch de saveur, rechargeable, 50k bouff\u00e9es, livraison rapide dans l'UE. Stock limit\u00e9 - commandez maintenant !","og_url":"https:\/\/fizzyvape.eu\/fr\/produit\/fizzy-twins-50000-puffs-dual-flavor-vape-jetable-tous-les-parfums-10pcs\/","og_site_name":"fizzyvape.eu","og_image":[{"width":800,"height":800,"url":"https:\/\/fizzyvape.eu\/wp-content\/uploads\/2025\/04\/Fizzy-Twins-50000Puffs-8.webp","type":"image\/webp"}],"twitter_card":"summary_large_image","twitter_misc":{"Disponibilit\u00e9":"En stock"},"schema":{"@context":"https:\/\/schema.org","@graph":[{"@type":"WebPage","@id":"https:\/\/fizzyvape.eu\/fr\/produit\/fizzy-twins-50000-puffs-dual-flavor-vape-jetable-tous-les-parfums-10pcs\/","url":"https:\/\/fizzyvape.eu\/fr\/produit\/fizzy-twins-50000-puffs-dual-flavor-vape-jetable-tous-les-parfums-10pcs\/","name":"Fizzy Twins 50000 Puffs - Buy Dual Flavor 50k Puffs Vape | Best Price EU","isPartOf":{"@id":"https:\/\/www.fizzyvape.eu\/fr\/#website"},"primaryImageOfPage":{"@id":"https:\/\/fizzyvape.eu\/fr\/produit\/fizzy-twins-50000-puffs-dual-flavor-vape-jetable-tous-les-parfums-10pcs\/#primaryimage"},"image":{"@id":"https:\/\/fizzyvape.eu\/fr\/produit\/fizzy-twins-50000-puffs-dual-flavor-vape-jetable-tous-les-parfums-10pcs\/#primaryimage"},"thumbnailUrl":"https:\/\/fizzyvape.eu\/wp-content\/uploads\/2025\/04\/Fizzy-Twins-50000Puffs-8.webp","datePublished":"2025-08-29T06:32:49+00:00","description":"Obtenez Fizzy Twins 50000 Puffs (50k Puffs) au meilleur prix ! Double switch de saveur, rechargeable, 50k bouff\u00e9es, livraison rapide dans l'UE. Stock limit\u00e9 - commandez maintenant !","breadcrumb":{"@id":"https:\/\/fizzyvape.eu\/fr\/produit\/fizzy-twins-50000-puffs-dual-flavor-vape-jetable-tous-les-parfums-10pcs\/#breadcrumb"},"inLanguage":"fr-FR","potentialAction":[{"@type":"ReadAction","target":["https:\/\/fizzyvape.eu\/fr\/produit\/fizzy-twins-50000-puffs-dual-flavor-vape-jetable-tous-les-parfums-10pcs\/"]}]},{"@type":"ImageObject","inLanguage":"fr-FR","@id":"https:\/\/fizzyvape.eu\/fr\/produit\/fizzy-twins-50000-puffs-dual-flavor-vape-jetable-tous-les-parfums-10pcs\/#primaryimage","url":"https:\/\/fizzyvape.eu\/wp-content\/uploads\/2025\/04\/Fizzy-Twins-50000Puffs-8.webp","contentUrl":"https:\/\/fizzyvape.eu\/wp-content\/uploads\/2025\/04\/Fizzy-Twins-50000Puffs-8.webp","width":800,"height":800,"caption":"Fizzy Twins 50000 Puffs Vape jetable"},{"@type":"BreadcrumbList","@id":"https:\/\/fizzyvape.eu\/fr\/produit\/fizzy-twins-50000-puffs-dual-flavor-vape-jetable-tous-les-parfums-10pcs\/#breadcrumb","itemListElement":[{"@type":"ListItem","position":1,"name":"Home","item":"https:\/\/fizzyvape.eu\/fr\/"},{"@type":"ListItem","position":2,"name":"Boutique","item":"https:\/\/www.fizzyvape.eu\/fr\/boutique\/"},{"@type":"ListItem","position":3,"name":"Fizzy Twins 50000 Puffs Dual Flavor Vape jetable (Tous les parfums) &#8211; 10pcs"}]},{"@type":"WebSite","@id":"https:\/\/www.fizzyvape.eu\/fr\/#website","url":"https:\/\/www.fizzyvape.eu\/fr\/","name":"fizzyvape.eu","description":"Refreshing Vapes. Unforgettable Taste.","publisher":{"@id":"https:\/\/www.fizzyvape.eu\/fr\/#organization"},"potentialAction":[{"@type":"SearchAction","target":{"@type":"EntryPoint","urlTemplate":"https:\/\/www.fizzyvape.eu\/fr\/?s={search_term_string}"},"query-input":{"@type":"PropertyValueSpecification","valueRequired":true,"valueName":"search_term_string"}}],"inLanguage":"fr-FR"},{"@type":"Organization","@id":"https:\/\/www.fizzyvape.eu\/fr\/#organization","name":"fizzyvape.eu","url":"https:\/\/www.fizzyvape.eu\/fr\/","logo":{"@type":"ImageObject","inLanguage":"fr-FR","@id":"https:\/\/www.fizzyvape.eu\/fr\/#\/schema\/logo\/image\/","url":"https:\/\/fizzyvape.eu\/wp-content\/uploads\/2019\/06\/print-1.svg","contentUrl":"https:\/\/fizzyvape.eu\/wp-content\/uploads\/2019\/06\/print-1.svg","width":124,"height":37,"caption":"fizzyvape.eu"},"image":{"@id":"https:\/\/www.fizzyvape.eu\/fr\/#\/schema\/logo\/image\/"}}]},"og_availability":"instock","product_availability":"instock","product_condition":"new"},"tiered_pricing_type":"fixed","tiered_pricing_fixed_rules":[],"tiered_pricing_product_settings":{"layout":"default","base_unit_name":{"singular":null,"plural":null},"default_variation":null},"tiered_pricing_minimum_quantity":null,"tiered_pricing_roles_data":[],"tiered_pricing_percentage_rules":[],"tiered_pricing_maximum_quantity":null,"tiered_pricing_quantity_step":null,"_links":{"self":[{"href":"https:\/\/fizzyvape.eu\/fr\/wp-json\/wp\/v2\/product\/35349","targetHints":{"allow":["GET"]}}],"collection":[{"href":"https:\/\/fizzyvape.eu\/fr\/wp-json\/wp\/v2\/product"}],"about":[{"href":"https:\/\/fizzyvape.eu\/fr\/wp-json\/wp\/v2\/types\/product"}],"replies":[{"embeddable":true,"href":"https:\/\/fizzyvape.eu\/fr\/wp-json\/wp\/v2\/comments?post=35349"}],"version-history":[{"count":0,"href":"https:\/\/fizzyvape.eu\/fr\/wp-json\/wp\/v2\/product\/35349\/revisions"}],"wp:featuredmedia":[{"embeddable":true,"href":"https:\/\/fizzyvape.eu\/fr\/wp-json\/wp\/v2\/media\/29216"}],"wp:attachment":[{"href":"https:\/\/fizzyvape.eu\/fr\/wp-json\/wp\/v2\/media?parent=35349"}],"wp:term":[{"taxonomy":"product_brand","embeddable":true,"href":"https:\/\/fizzyvape.eu\/fr\/wp-json\/wp\/v2\/product_brand?post=35349"},{"taxonomy":"product_cat","embeddable":true,"href":"https:\/\/fizzyvape.eu\/fr\/wp-json\/wp\/v2\/product_cat?post=35349"},{"taxonomy":"product_tag","embeddable":true,"href":"https:\/\/fizzyvape.eu\/fr\/wp-json\/wp\/v2\/product_tag?post=35349"}],"curies":[{"name":"wp","href":"https:\/\/api.w.org\/{rel}","templated":true}]}}