{"id":35369,"date":"2025-08-29T14:50:08","date_gmt":"2025-08-29T06:50:08","guid":{"rendered":"https:\/\/fizzyvape.eu\/product\/fizzy-max-iii-6-en-1-60000-bouffees-vape-jetable-tous-les-parfums-10pcs\/"},"modified":"2025-08-29T14:50:08","modified_gmt":"2025-08-29T06:50:08","slug":"fizzy-max-iii-6-en-1-60000-bouffees-vape-jetable-tous-les-parfums-10pcs","status":"publish","type":"product","link":"https:\/\/fizzyvape.eu\/fr\/produit\/fizzy-max-iii-6-en-1-60000-bouffees-vape-jetable-tous-les-parfums-10pcs\/","title":{"rendered":"Fizzy Max III 6-en-1 60000 bouff\u00e9es Vape jetable (Tous les parfums) &#8211; 10pcs"},"content":{"rendered":"<div style=\"width: 853px;\" class=\"wp-video\"><!--[if lt IE 9]><script>document.createElement('video');<\/script><![endif]-->\n<video class=\"wp-video-shortcode\" id=\"video-35369-1\" width=\"853\" height=\"480\" preload=\"metadata\" controls=\"controls\"><source type=\"video\/mp4\" src=\"https:\/\/fizzyvape.eu\/wp-content\/uploads\/2025\/08\/fizzy-max-iii-60000-puff-disposable-vape-wholesal-trusted-pro-disposable-vape-supplier.mp4?_=1\" \/><a href=\"https:\/\/fizzyvape.eu\/wp-content\/uploads\/2025\/08\/fizzy-max-iii-60000-puff-disposable-vape-wholesal-trusted-pro-disposable-vape-supplier.mp4\">https:\/\/fizzyvape.eu\/wp-content\/uploads\/2025\/08\/fizzy-max-iii-60000-puff-disposable-vape-wholesal-trusted-pro-disposable-vape-supplier.mp4<\/a><\/video><\/div>\n<h1>Fizzy Max 60000 Puffs &#8211; 6 ar\u00f4mes en 1 Vapeur jetable intelligente<\/h1>\n<p>Le <strong>Fizzy Max 60000 Puffs<\/strong> (\u00e9galement connu sous le nom de <strong>Fizzy Max 60k Puffs<\/strong>) est la vape jetable ultime pour ceux qui exigent vari\u00e9t\u00e9 et performance. Gr\u00e2ce \u00e0 son <strong>syst\u00e8me de rotation des ar\u00f4mes 6 en 1<\/strong>, vous pouvez passer d&#8217;un ar\u00f4me \u00e0 l&#8217;autre avec un seul appareil, ce qui vous permet d&#8217;obtenir un nouveau go\u00fbt \u00e0 chaque fois que vous vapotez. <\/p>\n<p>Cette vape puissante offre jusqu&#8217;\u00e0 <strong>60 000 bouff\u00e9es<\/strong>, dispose d&#8217;une <strong>batterie Type-C rechargeable<\/strong> et d&#8217;un <strong>\u00e9cran LED<\/strong> qui indique les niveaux de batterie et d&#8217;e-liquide. Con\u00e7ue pour une satisfaction et une commodit\u00e9 durables, <strong>Fizzy Max 60000 Puffs<\/strong> est le choix parfait pour les amateurs de vape qui veulent tout avoir. <\/p>\n<h3>Caract\u00e9ristiques principales<\/h3>\n<ul>\n<li>\ud83d\udd39 <strong>6 ar\u00f4mes en 1 appareil<\/strong> &#8211; Passez instantan\u00e9ment d&#8217;un go\u00fbt unique \u00e0 l&#8217;autre<\/li>\n<li><strong>60 000 bouff\u00e9es<\/strong> &#8211; L&#8217;un des produits jetables qui dure le plus longtemps sur le march\u00e9<\/li>\n<li>\ud83d\udd39 <strong>Rechargeable avec Type-C<\/strong> &#8211; Chargement rapide et facile pour une utilisation prolong\u00e9e.<\/li>\n<li><strong>\ud83d\udd39 Affichage LED intelligent<\/strong> &#8211; Indique l&#8217;autonomie de la batterie et le niveau d&#8217;e-liquide en temps r\u00e9el<\/li>\n<li>\ud83d\udd39 <strong>Technologie Mesh Coil<\/strong> &#8211; Vapeur douce et diffusion intense des ar\u00f4mes<\/li>\n<li>\ud83d\udd39 <strong>Ships from EU Warehouse<\/strong> &#8211; Authentic Fizzy Vape, fast delivery, best price<\/li>\n<\/ul>\n<h3><strong>Fizzy Max 60K Puffs Disposable Vape Flavors List :<\/strong><\/h3>\n<ol>\n<li><a href=\"https:\/\/fizzyvape.eu\/fr\/produit\/fizzy-max-iii-6in1-60k-60000-puffs-rechargeable-disposable-vape-fraise-framboise-mangue-peche-myrtille-pasteque-10pcs\/\">Fraise Framboise &amp; Mangue P\u00eache &amp; Myrtille Past\u00e8que<\/a><\/li>\n<li><a href=\"https:\/\/fizzyvape.eu\/fr\/produit\/fizzy-max-iii-6in1-60k-60000-puffs-rechargeable-disposable-vape-mixed-berry-kiwi-passion-fruit-guava-strawberry-watermelon-10pcs\/\">Baies m\u00e9lang\u00e9es et kiwi Fruit de la passion Goyave et fraise Past\u00e8que<\/a><\/li>\n<li><a href=\"https:\/\/fizzyvape.eu\/fr\/produit\/fizzy-max-iii-6in1-60k-60000-puffs-rechargeable-disposable-vape-blueberry-raspberry-triple-melon-strawberry-ice-10pcs\/\">Glace myrtille framboise &amp; triple melon &amp; fraise<\/a><\/li>\n<li><a href=\"https:\/\/fizzyvape.eu\/fr\/produit\/fizzy-max-iii-6in1-60k-60000-puffs-rechargeable-disposable-vape-fraise-fruit-du-dragon-red-bull-framboise-pasteque-10pcs\/\">Fraise fruit du dragon &amp; Red Bull &amp; past\u00e8que framboise<\/a><\/li>\n<li><a href=\"https:\/\/fizzyvape.eu\/fr\/produit\/fizzy-max-iii-6in1-60k-60000-puffs-rechargeable-disposable-vape-fraise-kiwi-myrtille-glace-pasteque-glace-10pcs\/\">Glace fraise kiwi, glace myrtille et glace past\u00e8que<\/a><\/li>\n<li><a href=\"https:\/\/fizzyvape.eu\/fr\/produit\/fizzy-max-iii-6in1-60k-60000-bouffees-vape-jetable-rechargeable-blueberry-ice-fizzy-cherry-raspberry-lemon-10pcs\/\">Glace aux myrtilles, cerise p\u00e9tillante, framboise et citron<\/a><\/li>\n<li><a href=\"https:\/\/fizzyvape.eu\/fr\/produit\/fizzy-max-iii-6in1-60k-60000-puffs-rechargeable-disposable-vape-watermelon-ice-strawberry-vanilla-coke-mixed-berry-10pcs\/\">Glace \u00e0 la past\u00e8que et fraise Coca-Cola \u00e0 la vanille et m\u00e9langes<\/a><\/li>\n<li><a href=\"https:\/\/fizzyvape.eu\/fr\/produit\/fizzy-max-iii-6in1-60k-60000-puffs-rechargeable-disposable-vape-fraise-raisin-myrtille-noix-de-coco-peche-citron-10pcs\/\">Fraise Raisin &amp; Myrtille Noix de coco &amp; P\u00eache Citron<\/a><\/li>\n<li><a href=\"https:\/\/fizzyvape.eu\/fr\/produit\/fizzy-max-iii-6in1-60k-60000-puffs-rechargeable-disposable-vape-blue-razz-ice-strawberry-kiwi-sour-pineapple-orange-10pcs\/\">Blue Razz Ice &amp; Strawberry Kiwi &amp; Sour Pineapple Orange<\/a><\/li>\n<li><a href=\"https:\/\/fizzyvape.eu\/fr\/produit\/fizzy-max-iii-6in1-60k-60000-puffs-rechargeable-disposable-vape-fraise-pasteque-citron-vert-myrtille-noix-de-coco-10pcs\/\">Fraise-melon d&#8217;eau, citron-citron vert et myrtille-coco<\/a><\/li>\n<\/ol>\n<p><img decoding=\"async\" class=\"alignnone wp-image-34842 size-full\" src=\"https:\/\/fizzyvape.eu\/wp-content\/uploads\/2025\/08\/FIZZY-Max-III-6-in-60K-60000-puffs-Flavors--scaled.jpg\" alt=\"\" width=\"1168\" height=\"2560\" srcset=\"https:\/\/fizzyvape.eu\/wp-content\/uploads\/2025\/08\/FIZZY-Max-III-6-in-60K-60000-puffs-Flavors--scaled.jpg 1168w, https:\/\/fizzyvape.eu\/wp-content\/uploads\/2025\/08\/FIZZY-Max-III-6-in-60K-60000-puffs-Flavors--137x300.jpg 137w, https:\/\/fizzyvape.eu\/wp-content\/uploads\/2025\/08\/FIZZY-Max-III-6-in-60K-60000-puffs-Flavors--365x800.jpg 365w, https:\/\/fizzyvape.eu\/wp-content\/uploads\/2025\/08\/FIZZY-Max-III-6-in-60K-60000-puffs-Flavors--768x1684.jpg 768w, https:\/\/fizzyvape.eu\/wp-content\/uploads\/2025\/08\/FIZZY-Max-III-6-in-60K-60000-puffs-Flavors--701x1536.jpg 701w, https:\/\/fizzyvape.eu\/wp-content\/uploads\/2025\/08\/FIZZY-Max-III-6-in-60K-60000-puffs-Flavors--934x2048.jpg 934w, https:\/\/fizzyvape.eu\/wp-content\/uploads\/2025\/08\/FIZZY-Max-III-6-in-60K-60000-puffs-Flavors--430x943.jpg 430w, https:\/\/fizzyvape.eu\/wp-content\/uploads\/2025\/08\/FIZZY-Max-III-6-in-60K-60000-puffs-Flavors--700x1535.jpg 700w, https:\/\/fizzyvape.eu\/wp-content\/uploads\/2025\/08\/FIZZY-Max-III-6-in-60K-60000-puffs-Flavors--150x329.jpg 150w\" sizes=\"(max-width: 1168px) 100vw, 1168px\" \/><\/p>\n<h3>Pourquoi choisir Fizzy Max 60000 Puffs ?<\/h3>\n<p>Contrairement aux produits jetables ordinaires, <strong>Fizzy Max 60000 Puffs<\/strong> combine <strong>6 saveurs en une seule<\/strong> avec une capacit\u00e9 de bouff\u00e9es extr\u00eame. Cela signifie que vous b\u00e9n\u00e9ficiez de la vari\u00e9t\u00e9, de la durabilit\u00e9 et de la rentabilit\u00e9 en une seule vape. Vous n&#8217;avez pas besoin de transporter plusieurs appareils, celui-ci a tout ce qu&#8217;il faut.  <\/p>\n<h3>\u00c0 qui s&#8217;adresse-t-il ?<\/h3>\n<ul>\n<li>Les vapoteurs qui aiment la <strong>vari\u00e9t\u00e9 des ar\u00f4mes dans un seul appareil<\/strong><\/li>\n<li>Utilisateurs ayant besoin d&#8217;un <strong>nombre de bouff\u00e9es tr\u00e8s \u00e9lev\u00e9<\/strong> et d&#8217;une <strong>grande<\/strong> fiabilit\u00e9<\/li>\n<li>Tous ceux qui appr\u00e9cient la <strong>commodit\u00e9, la portabilit\u00e9 et le design haut de gamme.<\/strong><\/li>\n<\/ul>\n<h3>FAQ<\/h3>\n<p><strong>Q : Quelle est la dur\u00e9e de vie de Fizzy Max 60000 Puffs ?<\/strong><br \/>\nR : Il permet de tirer jusqu&#8217;\u00e0 <strong>60 000 bouff\u00e9es<\/strong> et dure des semaines, voire des mois, selon l&#8217;utilisation.<\/p>\n<p><strong>Q : Puis-je le recharger ?<\/strong><br \/>\nR : Oui, il est \u00e9quip\u00e9 d&#8217;un <strong>port de charge de type C<\/strong> pour une utilisation prolong\u00e9e.<\/p>\n<p><strong>Q : Comment puis-je conna\u00eetre le niveau de ma batterie et de mon e-liquide ?<\/strong><br \/>\nR : L&#8217;appareil est dot\u00e9 d&#8217;un <strong>\u00e9cran LED intelligent<\/strong> qui indique le niveau <strong>de<\/strong> la batterie et du liquide.<\/p>\n<p><strong>Q : Fizzy Max 60000 Puffs est-il authentique ?<\/strong><br \/>\nR : 100% oui ! Nous ne vendons que des produits <strong>Fizzy Vape authentiques<\/strong>, exp\u00e9di\u00e9s directement depuis notre entrep\u00f4t europ\u00e9en. <\/p>\n","protected":false},"excerpt":{"rendered":"<p>D\u00e9couvrez le <strong>Fizzy Max 60000 Puffs (Fizzy Max 60k Puffs)<\/strong> &#8211; le nec plus ultra de la vape jetable 6-en-1. Profitez de six saveurs commutables dans un seul appareil, d&#8217;une capacit\u00e9 de 60 000 bouff\u00e9es, d&#8217;un port Type-C rechargeable et d&#8217;un affichage LED intelligent pour les niveaux de batterie et de liquide. Des performances de premier ordre, une qualit\u00e9 Fizzy authentique.  <\/p>\n","protected":false},"featured_media":33878,"comment_status":"open","ping_status":"closed","template":"","meta":{"iawp_total_views":11},"product_brand":[],"product_cat":[946,955,593],"product_tag":[636],"class_list":{"0":"post-35369","1":"product","2":"type-product","3":"status-publish","4":"has-post-thumbnail","6":"product_cat-eu-warehouse-fr","7":"product_cat-hot-selling-vape-fr","8":"product_cat-max-iii-6in1-60k-60000-puffs-rechargeable-disposable-vape-fr","9":"product_tag-tous-les-parfums","11":"first","12":"outofstock","13":"sale","14":"shipping-taxable","15":"purchasable","16":"product-type-variable"},"yoast_head":"<!-- This site is optimized with the Yoast SEO Premium plugin v24.8 (Yoast SEO v27.4) - https:\/\/yoast.com\/product\/yoast-seo-premium-wordpress\/ -->\n<title>Fizzy Max 60000 Puffs - 6-in-1 Disposable Vape | Best EU Deal<\/title>\n<meta name=\"description\" content=\"Achetez Fizzy Max 60000 Puffs (60k Puffs) maintenant ! 6 saveurs dans un seul appareil, 60k bouff\u00e9es, rechargeable avec affichage LED. Livraison rapide dans l&#039;UE, stock limit\u00e9 !\" \/>\n<meta name=\"robots\" content=\"index, follow, max-snippet:-1, max-image-preview:large, max-video-preview:-1\" \/>\n<link rel=\"canonical\" href=\"https:\/\/fizzyvape.eu\/fr\/produit\/fizzy-max-iii-6-en-1-60000-bouffees-vape-jetable-tous-les-parfums-10pcs\/\" \/>\n<meta property=\"og:locale\" content=\"fr_FR\" \/>\n<meta property=\"og:type\" content=\"article\" \/>\n<meta property=\"og:title\" content=\"Fizzy Max III 6-en-1 60000 bouff\u00e9es Vape jetable (Tous les parfums) - 10pcs\" \/>\n<meta property=\"og:description\" content=\"Achetez Fizzy Max 60000 Puffs (60k Puffs) maintenant ! 6 saveurs dans un seul appareil, 60k bouff\u00e9es, rechargeable avec affichage LED. Livraison rapide dans l&#039;UE, stock limit\u00e9 !\" \/>\n<meta property=\"og:url\" content=\"https:\/\/fizzyvape.eu\/fr\/produit\/fizzy-max-iii-6-en-1-60000-bouffees-vape-jetable-tous-les-parfums-10pcs\/\" \/>\n<meta property=\"og:site_name\" content=\"fizzyvape.eu\" \/>\n<meta property=\"og:image\" content=\"https:\/\/fizzyvape.eu\/wp-content\/uploads\/2025\/08\/Fizzy-max-60K-60000-Puffs-Disposable-Vape-3.webp\" \/>\n\t<meta property=\"og:image:width\" content=\"800\" \/>\n\t<meta property=\"og:image:height\" content=\"800\" \/>\n\t<meta property=\"og:image:type\" content=\"image\/webp\" \/>\n<meta name=\"twitter:card\" content=\"summary_large_image\" \/>\n<meta name=\"twitter:label1\" content=\"Disponibilit\u00e9\" \/>\n\t<meta name=\"twitter:data1\" content=\"Rupture de stock\" \/>\n<script type=\"application\/ld+json\" class=\"yoast-schema-graph\">{\"@context\":\"https:\\\/\\\/schema.org\",\"@graph\":[{\"@type\":\"WebPage\",\"@id\":\"https:\\\/\\\/fizzyvape.eu\\\/fr\\\/produit\\\/fizzy-max-iii-6-en-1-60000-bouffees-vape-jetable-tous-les-parfums-10pcs\\\/\",\"url\":\"https:\\\/\\\/fizzyvape.eu\\\/fr\\\/produit\\\/fizzy-max-iii-6-en-1-60000-bouffees-vape-jetable-tous-les-parfums-10pcs\\\/\",\"name\":\"Fizzy Max 60000 Puffs - 6-in-1 Disposable Vape | Best EU Deal\",\"isPartOf\":{\"@id\":\"https:\\\/\\\/www.fizzyvape.eu\\\/fr\\\/#website\"},\"primaryImageOfPage\":{\"@id\":\"https:\\\/\\\/fizzyvape.eu\\\/fr\\\/produit\\\/fizzy-max-iii-6-en-1-60000-bouffees-vape-jetable-tous-les-parfums-10pcs\\\/#primaryimage\"},\"image\":{\"@id\":\"https:\\\/\\\/fizzyvape.eu\\\/fr\\\/produit\\\/fizzy-max-iii-6-en-1-60000-bouffees-vape-jetable-tous-les-parfums-10pcs\\\/#primaryimage\"},\"thumbnailUrl\":\"https:\\\/\\\/fizzyvape.eu\\\/wp-content\\\/uploads\\\/2025\\\/08\\\/Fizzy-max-60K-60000-Puffs-Disposable-Vape-40-1.webp\",\"datePublished\":\"2025-08-29T06:50:08+00:00\",\"description\":\"Achetez Fizzy Max 60000 Puffs (60k Puffs) maintenant ! 6 saveurs dans un seul appareil, 60k bouff\u00e9es, rechargeable avec affichage LED. Livraison rapide dans l'UE, stock limit\u00e9 !\",\"breadcrumb\":{\"@id\":\"https:\\\/\\\/fizzyvape.eu\\\/fr\\\/produit\\\/fizzy-max-iii-6-en-1-60000-bouffees-vape-jetable-tous-les-parfums-10pcs\\\/#breadcrumb\"},\"inLanguage\":\"fr-FR\",\"potentialAction\":[{\"@type\":\"ReadAction\",\"target\":[\"https:\\\/\\\/fizzyvape.eu\\\/fr\\\/produit\\\/fizzy-max-iii-6-en-1-60000-bouffees-vape-jetable-tous-les-parfums-10pcs\\\/\"]}]},{\"@type\":\"ImageObject\",\"inLanguage\":\"fr-FR\",\"@id\":\"https:\\\/\\\/fizzyvape.eu\\\/fr\\\/produit\\\/fizzy-max-iii-6-en-1-60000-bouffees-vape-jetable-tous-les-parfums-10pcs\\\/#primaryimage\",\"url\":\"https:\\\/\\\/fizzyvape.eu\\\/wp-content\\\/uploads\\\/2025\\\/08\\\/Fizzy-max-60K-60000-Puffs-Disposable-Vape-40-1.webp\",\"contentUrl\":\"https:\\\/\\\/fizzyvape.eu\\\/wp-content\\\/uploads\\\/2025\\\/08\\\/Fizzy-max-60K-60000-Puffs-Disposable-Vape-40-1.webp\",\"width\":800,\"height\":800},{\"@type\":\"BreadcrumbList\",\"@id\":\"https:\\\/\\\/fizzyvape.eu\\\/fr\\\/produit\\\/fizzy-max-iii-6-en-1-60000-bouffees-vape-jetable-tous-les-parfums-10pcs\\\/#breadcrumb\",\"itemListElement\":[{\"@type\":\"ListItem\",\"position\":1,\"name\":\"Home\",\"item\":\"https:\\\/\\\/fizzyvape.eu\\\/fr\\\/\"},{\"@type\":\"ListItem\",\"position\":2,\"name\":\"Boutique\",\"item\":\"https:\\\/\\\/www.fizzyvape.eu\\\/fr\\\/boutique\\\/\"},{\"@type\":\"ListItem\",\"position\":3,\"name\":\"Fizzy Max III 6-en-1 60000 bouff\u00e9es Vape jetable (Tous les parfums) &#8211; 10pcs\"}]},{\"@type\":\"WebSite\",\"@id\":\"https:\\\/\\\/www.fizzyvape.eu\\\/fr\\\/#website\",\"url\":\"https:\\\/\\\/www.fizzyvape.eu\\\/fr\\\/\",\"name\":\"fizzyvape.eu\",\"description\":\"Refreshing Vapes. Unforgettable Taste.\",\"publisher\":{\"@id\":\"https:\\\/\\\/www.fizzyvape.eu\\\/fr\\\/#organization\"},\"potentialAction\":[{\"@type\":\"SearchAction\",\"target\":{\"@type\":\"EntryPoint\",\"urlTemplate\":\"https:\\\/\\\/www.fizzyvape.eu\\\/fr\\\/?s={search_term_string}\"},\"query-input\":{\"@type\":\"PropertyValueSpecification\",\"valueRequired\":true,\"valueName\":\"search_term_string\"}}],\"inLanguage\":\"fr-FR\"},{\"@type\":\"Organization\",\"@id\":\"https:\\\/\\\/www.fizzyvape.eu\\\/fr\\\/#organization\",\"name\":\"fizzyvape.eu\",\"url\":\"https:\\\/\\\/www.fizzyvape.eu\\\/fr\\\/\",\"logo\":{\"@type\":\"ImageObject\",\"inLanguage\":\"fr-FR\",\"@id\":\"https:\\\/\\\/www.fizzyvape.eu\\\/fr\\\/#\\\/schema\\\/logo\\\/image\\\/\",\"url\":\"https:\\\/\\\/fizzyvape.eu\\\/wp-content\\\/uploads\\\/2019\\\/06\\\/print-1.svg\",\"contentUrl\":\"https:\\\/\\\/fizzyvape.eu\\\/wp-content\\\/uploads\\\/2019\\\/06\\\/print-1.svg\",\"width\":124,\"height\":37,\"caption\":\"fizzyvape.eu\"},\"image\":{\"@id\":\"https:\\\/\\\/www.fizzyvape.eu\\\/fr\\\/#\\\/schema\\\/logo\\\/image\\\/\"}}]}<\/script>\n<meta property=\"og:availability\" content=\"out of stock\" \/>\n<meta property=\"product:availability\" content=\"out of stock\" \/>\n<meta property=\"product:condition\" content=\"new\" \/>\n<!-- \/ Yoast SEO Premium plugin. -->","yoast_head_json":{"title":"Fizzy Max 60000 Puffs - 6-in-1 Disposable Vape | Best EU Deal","description":"Achetez Fizzy Max 60000 Puffs (60k Puffs) maintenant ! 6 saveurs dans un seul appareil, 60k bouff\u00e9es, rechargeable avec affichage LED. Livraison rapide dans l'UE, stock limit\u00e9 !","robots":{"index":"index","follow":"follow","max-snippet":"max-snippet:-1","max-image-preview":"max-image-preview:large","max-video-preview":"max-video-preview:-1"},"canonical":"https:\/\/fizzyvape.eu\/fr\/produit\/fizzy-max-iii-6-en-1-60000-bouffees-vape-jetable-tous-les-parfums-10pcs\/","og_locale":"fr_FR","og_type":"article","og_title":"Fizzy Max III 6-en-1 60000 bouff\u00e9es Vape jetable (Tous les parfums) - 10pcs","og_description":"Achetez Fizzy Max 60000 Puffs (60k Puffs) maintenant ! 6 saveurs dans un seul appareil, 60k bouff\u00e9es, rechargeable avec affichage LED. Livraison rapide dans l'UE, stock limit\u00e9 !","og_url":"https:\/\/fizzyvape.eu\/fr\/produit\/fizzy-max-iii-6-en-1-60000-bouffees-vape-jetable-tous-les-parfums-10pcs\/","og_site_name":"fizzyvape.eu","og_image":[{"width":800,"height":800,"url":"https:\/\/fizzyvape.eu\/wp-content\/uploads\/2025\/08\/Fizzy-max-60K-60000-Puffs-Disposable-Vape-3.webp","type":"image\/webp"}],"twitter_card":"summary_large_image","twitter_misc":{"Disponibilit\u00e9":"Rupture de stock"},"schema":{"@context":"https:\/\/schema.org","@graph":[{"@type":"WebPage","@id":"https:\/\/fizzyvape.eu\/fr\/produit\/fizzy-max-iii-6-en-1-60000-bouffees-vape-jetable-tous-les-parfums-10pcs\/","url":"https:\/\/fizzyvape.eu\/fr\/produit\/fizzy-max-iii-6-en-1-60000-bouffees-vape-jetable-tous-les-parfums-10pcs\/","name":"Fizzy Max 60000 Puffs - 6-in-1 Disposable Vape | Best EU Deal","isPartOf":{"@id":"https:\/\/www.fizzyvape.eu\/fr\/#website"},"primaryImageOfPage":{"@id":"https:\/\/fizzyvape.eu\/fr\/produit\/fizzy-max-iii-6-en-1-60000-bouffees-vape-jetable-tous-les-parfums-10pcs\/#primaryimage"},"image":{"@id":"https:\/\/fizzyvape.eu\/fr\/produit\/fizzy-max-iii-6-en-1-60000-bouffees-vape-jetable-tous-les-parfums-10pcs\/#primaryimage"},"thumbnailUrl":"https:\/\/fizzyvape.eu\/wp-content\/uploads\/2025\/08\/Fizzy-max-60K-60000-Puffs-Disposable-Vape-40-1.webp","datePublished":"2025-08-29T06:50:08+00:00","description":"Achetez Fizzy Max 60000 Puffs (60k Puffs) maintenant ! 6 saveurs dans un seul appareil, 60k bouff\u00e9es, rechargeable avec affichage LED. Livraison rapide dans l'UE, stock limit\u00e9 !","breadcrumb":{"@id":"https:\/\/fizzyvape.eu\/fr\/produit\/fizzy-max-iii-6-en-1-60000-bouffees-vape-jetable-tous-les-parfums-10pcs\/#breadcrumb"},"inLanguage":"fr-FR","potentialAction":[{"@type":"ReadAction","target":["https:\/\/fizzyvape.eu\/fr\/produit\/fizzy-max-iii-6-en-1-60000-bouffees-vape-jetable-tous-les-parfums-10pcs\/"]}]},{"@type":"ImageObject","inLanguage":"fr-FR","@id":"https:\/\/fizzyvape.eu\/fr\/produit\/fizzy-max-iii-6-en-1-60000-bouffees-vape-jetable-tous-les-parfums-10pcs\/#primaryimage","url":"https:\/\/fizzyvape.eu\/wp-content\/uploads\/2025\/08\/Fizzy-max-60K-60000-Puffs-Disposable-Vape-40-1.webp","contentUrl":"https:\/\/fizzyvape.eu\/wp-content\/uploads\/2025\/08\/Fizzy-max-60K-60000-Puffs-Disposable-Vape-40-1.webp","width":800,"height":800},{"@type":"BreadcrumbList","@id":"https:\/\/fizzyvape.eu\/fr\/produit\/fizzy-max-iii-6-en-1-60000-bouffees-vape-jetable-tous-les-parfums-10pcs\/#breadcrumb","itemListElement":[{"@type":"ListItem","position":1,"name":"Home","item":"https:\/\/fizzyvape.eu\/fr\/"},{"@type":"ListItem","position":2,"name":"Boutique","item":"https:\/\/www.fizzyvape.eu\/fr\/boutique\/"},{"@type":"ListItem","position":3,"name":"Fizzy Max III 6-en-1 60000 bouff\u00e9es Vape jetable (Tous les parfums) &#8211; 10pcs"}]},{"@type":"WebSite","@id":"https:\/\/www.fizzyvape.eu\/fr\/#website","url":"https:\/\/www.fizzyvape.eu\/fr\/","name":"fizzyvape.eu","description":"Refreshing Vapes. Unforgettable Taste.","publisher":{"@id":"https:\/\/www.fizzyvape.eu\/fr\/#organization"},"potentialAction":[{"@type":"SearchAction","target":{"@type":"EntryPoint","urlTemplate":"https:\/\/www.fizzyvape.eu\/fr\/?s={search_term_string}"},"query-input":{"@type":"PropertyValueSpecification","valueRequired":true,"valueName":"search_term_string"}}],"inLanguage":"fr-FR"},{"@type":"Organization","@id":"https:\/\/www.fizzyvape.eu\/fr\/#organization","name":"fizzyvape.eu","url":"https:\/\/www.fizzyvape.eu\/fr\/","logo":{"@type":"ImageObject","inLanguage":"fr-FR","@id":"https:\/\/www.fizzyvape.eu\/fr\/#\/schema\/logo\/image\/","url":"https:\/\/fizzyvape.eu\/wp-content\/uploads\/2019\/06\/print-1.svg","contentUrl":"https:\/\/fizzyvape.eu\/wp-content\/uploads\/2019\/06\/print-1.svg","width":124,"height":37,"caption":"fizzyvape.eu"},"image":{"@id":"https:\/\/www.fizzyvape.eu\/fr\/#\/schema\/logo\/image\/"}}]},"og_availability":"out of stock","product_availability":"out of stock","product_condition":"new"},"tiered_pricing_type":"fixed","tiered_pricing_fixed_rules":[],"tiered_pricing_product_settings":{"layout":"default","base_unit_name":{"singular":null,"plural":null},"default_variation":null},"tiered_pricing_minimum_quantity":null,"tiered_pricing_roles_data":[],"tiered_pricing_percentage_rules":[],"tiered_pricing_maximum_quantity":null,"tiered_pricing_quantity_step":null,"_links":{"self":[{"href":"https:\/\/fizzyvape.eu\/fr\/wp-json\/wp\/v2\/product\/35369","targetHints":{"allow":["GET"]}}],"collection":[{"href":"https:\/\/fizzyvape.eu\/fr\/wp-json\/wp\/v2\/product"}],"about":[{"href":"https:\/\/fizzyvape.eu\/fr\/wp-json\/wp\/v2\/types\/product"}],"replies":[{"embeddable":true,"href":"https:\/\/fizzyvape.eu\/fr\/wp-json\/wp\/v2\/comments?post=35369"}],"version-history":[{"count":0,"href":"https:\/\/fizzyvape.eu\/fr\/wp-json\/wp\/v2\/product\/35369\/revisions"}],"wp:featuredmedia":[{"embeddable":true,"href":"https:\/\/fizzyvape.eu\/fr\/wp-json\/wp\/v2\/media\/33878"}],"wp:attachment":[{"href":"https:\/\/fizzyvape.eu\/fr\/wp-json\/wp\/v2\/media?parent=35369"}],"wp:term":[{"taxonomy":"product_brand","embeddable":true,"href":"https:\/\/fizzyvape.eu\/fr\/wp-json\/wp\/v2\/product_brand?post=35369"},{"taxonomy":"product_cat","embeddable":true,"href":"https:\/\/fizzyvape.eu\/fr\/wp-json\/wp\/v2\/product_cat?post=35369"},{"taxonomy":"product_tag","embeddable":true,"href":"https:\/\/fizzyvape.eu\/fr\/wp-json\/wp\/v2\/product_tag?post=35369"}],"curies":[{"name":"wp","href":"https:\/\/api.w.org\/{rel}","templated":true}]}}