{"id":36870,"date":"2025-11-24T15:39:49","date_gmt":"2025-11-24T07:39:49","guid":{"rendered":"https:\/\/fizzyvape.eu\/product\/fizzy-max-iii-6in1-60000-puffs\/"},"modified":"2025-12-04T15:23:11","modified_gmt":"2025-12-04T07:23:11","slug":"fizzy-max-iii-6in1-60000-puffs","status":"publish","type":"product","link":"https:\/\/fizzyvape.eu\/fr\/produit\/fizzy-max-iii-6in1-60000-puffs\/","title":{"rendered":"Fizzy Max III 6in1 60000 Puffs"},"content":{"rendered":"<div style=\"width: 853px;\" class=\"wp-video\"><!--[if lt IE 9]><script>document.createElement('video');<\/script><![endif]-->\n<video class=\"wp-video-shortcode\" id=\"video-36870-1\" width=\"853\" height=\"480\" preload=\"metadata\" controls=\"controls\"><source type=\"video\/mp4\" src=\"https:\/\/fizzyvape.eu\/wp-content\/uploads\/2025\/08\/fizzy-max-iii-60000-puff-disposable-vape-wholesal-trusted-pro-disposable-vape-supplier.mp4?_=1\" \/><a href=\"https:\/\/fizzyvape.eu\/wp-content\/uploads\/2025\/08\/fizzy-max-iii-60000-puff-disposable-vape-wholesal-trusted-pro-disposable-vape-supplier.mp4\">https:\/\/fizzyvape.eu\/wp-content\/uploads\/2025\/08\/fizzy-max-iii-60000-puff-disposable-vape-wholesal-trusted-pro-disposable-vape-supplier.mp4<\/a><\/video><\/div>\n<h1>Fizzy Max III 6in1 60000 Puffs &#8211; 6 ar\u00f4mes en 1 Vape jetable intelligente<\/h1>\n<p>Le Fizzy <strong>Max 60000 Puffs (Fizzy Max 60K<\/strong> ) est une vape jetable de nouvelle g\u00e9n\u00e9ration con\u00e7ue pour les utilisateurs qui recherchent une <strong>vari\u00e9t\u00e9 maximale d&#8217;ar\u00f4mes, une capacit\u00e9 de bouff\u00e9e massive et des performances de premier ordre.<\/strong><br \/>\nSon <strong>syst\u00e8me de rotation des ar\u00f4mes 6 en 1<\/strong> vous permet de passer d&#8217;un ar\u00f4me \u00e0 l&#8217;autre dans un seul appareil, pour une exp\u00e9rience nouvelle \u00e0 chaque fois que vous vivez une exp\u00e9rience de vapotage.<\/p>\n<p>Avec une <strong>batterie rechargeable Type-C<\/strong>, un <strong>\u00e9cran LED intelligent<\/strong> et une <strong>technologie mesh-coil avanc\u00e9e<\/strong>, le Fizzy Max 60000 Puffs offre une qualit\u00e9 de vapeur exceptionnelle, une durabilit\u00e9 \u00e0 long terme et une commodit\u00e9 ultime &#8211; parfait pour les utilisateurs intensifs et les amateurs d&#8217;ar\u00f4mes.<\/p>\n<h2><strong>\u2728 Caract\u00e9ristiques principales<\/strong><\/h2>\n<h4><strong>\ud83d\udd39 6 saveurs en 1 appareil<\/strong><\/h4>\n<p>Le s\u00e9lecteur d&#8217;ar\u00f4mes rotatif vous permet de profiter instantan\u00e9ment de six ar\u00f4mes uniques.<br \/>\nUn appareil = six vapes jetables.<\/p>\n<h4><strong>\ud83d\udd39 Massive 60,000 Puffs<\/strong><\/h4>\n<p>Une long\u00e9vit\u00e9 exceptionnelle qui dure des semaines, voire des mois, en fonction de l&#8217;utilisation.<br \/>\nL&#8217;une des vapes jetables de plus grande capacit\u00e9 disponible sur le march\u00e9.<\/p>\n<h4><strong>\ud83d\udd39 Conception rechargeable de type C<\/strong><\/h4>\n<p>Rechargez et continuez \u00e0 vaper &#8211; pas besoin de remplacer l&#8217;appareil pr\u00e9matur\u00e9ment.<\/p>\n<h4><strong>\ud83d\udd39 \u00c9cran LED intelligent<\/strong><\/h4>\n<p>Spectacles :<\/p>\n<ul>\n<li>Niveau de la batterie (%)<\/li>\n<li>Indicateur de niveau d&#8217;e-liquide<\/li>\n<\/ul>\n<p>Profitez d&#8217;un contr\u00f4le total et d&#8217;une absence totale d&#8217;incertitude.<\/p>\n<h4><strong>\ud83d\udd39 Technologie Mesh Coil<\/strong><\/h4>\n<p>Fournit une vapeur douce, des performances constantes et un ar\u00f4me riche.<\/p>\n<p><img decoding=\"async\" class=\"alignnone wp-image-36206 size-full\" src=\"https:\/\/fizzyvape.eu\/wp-content\/uploads\/2025\/08\/Fizzy-Max-III-6in1-60000-Puffs-Disposable-Vape-Flavors.jpg\" alt=\"Fizzy Max III 6in1 60000 Puffs Disposable Vape Flavors\" width=\"1920\" height=\"1920\" srcset=\"https:\/\/fizzyvape.eu\/wp-content\/uploads\/2025\/08\/Fizzy-Max-III-6in1-60000-Puffs-Disposable-Vape-Flavors.jpg 1920w, https:\/\/fizzyvape.eu\/wp-content\/uploads\/2025\/08\/Fizzy-Max-III-6in1-60000-Puffs-Disposable-Vape-Flavors-300x300.jpg 300w, https:\/\/fizzyvape.eu\/wp-content\/uploads\/2025\/08\/Fizzy-Max-III-6in1-60000-Puffs-Disposable-Vape-Flavors-800x800.jpg 800w, https:\/\/fizzyvape.eu\/wp-content\/uploads\/2025\/08\/Fizzy-Max-III-6in1-60000-Puffs-Disposable-Vape-Flavors-150x150.jpg 150w, https:\/\/fizzyvape.eu\/wp-content\/uploads\/2025\/08\/Fizzy-Max-III-6in1-60000-Puffs-Disposable-Vape-Flavors-768x768.jpg 768w, https:\/\/fizzyvape.eu\/wp-content\/uploads\/2025\/08\/Fizzy-Max-III-6in1-60000-Puffs-Disposable-Vape-Flavors-1536x1536.jpg 1536w, https:\/\/fizzyvape.eu\/wp-content\/uploads\/2025\/08\/Fizzy-Max-III-6in1-60000-Puffs-Disposable-Vape-Flavors-430x430.jpg 430w, https:\/\/fizzyvape.eu\/wp-content\/uploads\/2025\/08\/Fizzy-Max-III-6in1-60000-Puffs-Disposable-Vape-Flavors-700x700.jpg 700w\" sizes=\"(max-width: 1920px) 100vw, 1920px\" \/><\/p>\n<h3><strong>Fizzy Max III 6in1 60K Puffs Disposable Vape Flavors List :<\/strong><\/h3>\n<ol>\n<li><a href=\"https:\/\/fizzyvape.eu\/fr\/produit\/fizzy-max-iii-6in1-60k-60000-puffs-rechargeable-disposable-vape-fraise-framboise-mangue-peche-myrtille-pasteque-10pcs\/\">Fraise Framboise &amp; Mangue P\u00eache &amp; Myrtille Past\u00e8que<\/a><\/li>\n<li><a href=\"https:\/\/fizzyvape.eu\/fr\/produit\/fizzy-max-iii-6in1-60k-60000-puffs-rechargeable-disposable-vape-mixed-berry-kiwi-passion-fruit-guava-strawberry-watermelon-10pcs\/\">Baies m\u00e9lang\u00e9es et kiwi Fruit de la passion Goyave et fraise Past\u00e8que<\/a><\/li>\n<li><a href=\"https:\/\/fizzyvape.eu\/fr\/produit\/fizzy-max-iii-6in1-60k-60000-puffs-rechargeable-disposable-vape-blueberry-raspberry-triple-melon-strawberry-ice-10pcs\/\">Glace myrtille framboise &amp; triple melon &amp; fraise<\/a><\/li>\n<li><a href=\"https:\/\/fizzyvape.eu\/fr\/produit\/fizzy-max-iii-6in1-60k-60000-puffs-rechargeable-disposable-vape-fraise-fruit-du-dragon-red-bull-framboise-pasteque-10pcs\/\">Fraise fruit du dragon &amp; Red Bull &amp; past\u00e8que framboise<\/a><\/li>\n<li><a href=\"https:\/\/fizzyvape.eu\/fr\/produit\/fizzy-max-iii-6in1-60k-60000-puffs-rechargeable-disposable-vape-fraise-kiwi-myrtille-glace-pasteque-glace-10pcs\/\">Glace fraise kiwi, glace myrtille et glace past\u00e8que<\/a><\/li>\n<li><a href=\"https:\/\/fizzyvape.eu\/fr\/produit\/fizzy-max-iii-6in1-60k-60000-bouffees-vape-jetable-rechargeable-blueberry-ice-fizzy-cherry-raspberry-lemon-10pcs\/\">Glace aux myrtilles, cerise p\u00e9tillante, framboise et citron<\/a><\/li>\n<li><a href=\"https:\/\/fizzyvape.eu\/fr\/produit\/fizzy-max-iii-6in1-60k-60000-puffs-rechargeable-disposable-vape-watermelon-ice-strawberry-vanilla-coke-mixed-berry-10pcs\/\">Glace \u00e0 la past\u00e8que et fraise Coca-Cola \u00e0 la vanille et m\u00e9langes<\/a><\/li>\n<li><a href=\"https:\/\/fizzyvape.eu\/fr\/produit\/fizzy-max-iii-6in1-60k-60000-puffs-rechargeable-disposable-vape-fraise-raisin-myrtille-noix-de-coco-peche-citron-10pcs\/\">Fraise Raisin &amp; Myrtille Noix de coco &amp; P\u00eache Citron<\/a><\/li>\n<li><a href=\"https:\/\/fizzyvape.eu\/fr\/produit\/fizzy-max-iii-6in1-60k-60000-puffs-rechargeable-disposable-vape-blue-razz-ice-strawberry-kiwi-sour-pineapple-orange-10pcs\/\">Blue Razz Ice &amp; Strawberry Kiwi &amp; Sour Pineapple Orange<\/a><\/li>\n<li><a href=\"https:\/\/fizzyvape.eu\/fr\/produit\/fizzy-max-iii-6in1-60k-60000-puffs-rechargeable-disposable-vape-fraise-pasteque-citron-vert-myrtille-noix-de-coco-10pcs\/\">Fraise-melon d&#8217;eau, citron-citron vert et myrtille-coco<\/a><\/li>\n<li>Love 66 &amp; Red Bull Past\u00e8que &amp; Fraise Framboise<\/li>\n<li>Glace \u00e0 la fraise, cola p\u00e9tillant et chewing-gum \u00e0 la past\u00e8que<\/li>\n<\/ol>\n<h2><strong>\ud83d\udca1 Pourquoi choisir Fizzy Max 60000 Puffs ?<\/strong><\/h2>\n<ul>\n<li>6 ar\u00f4mes dans un seul appareil &#8211; une commodit\u00e9 in\u00e9gal\u00e9e<\/li>\n<li>Capacit\u00e9 de bouff\u00e9e tr\u00e8s \u00e9lev\u00e9e pour une utilisation \u00e0 long terme<\/li>\n<li>L&#8217;affichage intelligent rend le vapotage plus intuitif<\/li>\n<li>Conception haut de gamme avec performance de l&#8217;enroulement en maille<\/li>\n<li>100% authentique Fizzy Vape, exp\u00e9di\u00e9 depuis l&#8217;entrep\u00f4t de Chine<\/li>\n<\/ul>\n<p>Parfait pour les utilisateurs \u00e0 long terme, les explorateurs de saveurs et tous ceux qui veulent un appareil tout-en-un puissant et pratique.<\/p>\n<h2><strong>\ud83d\ude4b\u200d\u2642\ufe0f FAQ<\/strong><\/h2>\n<p><strong>Q : Quelle est la dur\u00e9e de vie de Fizzy Max 60000 Puffs ?<\/strong><br \/>\nR : Il fournit jusqu&#8217;\u00e0 60 000 bouff\u00e9es et peut durer des semaines ou des mois, en fonction de votre fr\u00e9quence de vapotage.<\/p>\n<p><strong>Q : Est-il rechargeable ?<\/strong><br \/>\nR : Oui, il est dot\u00e9 d&#8217;un port de charge de type C pour une utilisation prolong\u00e9e.<\/p>\n<p><strong>Q : L&#8217;appareil indique-t-il les niveaux de batterie et d&#8217;e-liquide ?<\/strong><br \/>\nR : Oui, l&#8217;\u00e9cran LED intelligent affiche le pourcentage de la batterie et l&#8217;\u00e9tat de l&#8217;e-liquide.<\/p>\n<p><strong>Q : Ces documents sont-ils authentiques ?<\/strong><br \/>\nR : Absolument. Nous ne vendons que des produits Fizzy Vape 100% authentiques, exp\u00e9di\u00e9s depuis notre entrep\u00f4t en Chine.<\/p>\n","protected":false},"excerpt":{"rendered":"[html_block id=\"37685\"]\n","protected":false},"featured_media":32578,"comment_status":"open","ping_status":"closed","template":"","meta":{"iawp_total_views":6},"product_brand":[],"product_cat":[784,955],"product_tag":[],"class_list":{"0":"post-36870","1":"product","2":"type-product","3":"status-publish","4":"has-post-thumbnail","6":"product_cat-entrepot-de-chine","7":"product_cat-hot-selling-vape-fr","9":"first","10":"outofstock","11":"shipping-taxable","12":"purchasable","13":"product-type-variable"},"yoast_head":"<!-- This site is optimized with the Yoast SEO Premium plugin v24.8 (Yoast SEO v27.4) - https:\/\/yoast.com\/product\/yoast-seo-premium-wordpress\/ -->\n<title>Fizzy Max III 60k 60000 Puffs - 6 saveurs en 1 Vape jetable intelligent<\/title>\n<meta name=\"description\" content=\"D\u00e9couvrez le Fizzy Max III 60k 60000 Puffs avec 6 saveurs en 1 appareil, \u00e9cran LED intelligent, mesh coil, et recharge Type-C. 100% authentique. Livraison rapide dans l&#039;UE.\" \/>\n<meta name=\"robots\" content=\"index, follow, max-snippet:-1, max-image-preview:large, max-video-preview:-1\" \/>\n<link rel=\"canonical\" href=\"https:\/\/fizzyvape.eu\/fr\/produit\/fizzy-max-iii-6in1-60000-puffs\/\" \/>\n<meta property=\"og:locale\" content=\"fr_FR\" \/>\n<meta property=\"og:type\" content=\"article\" \/>\n<meta property=\"og:title\" content=\"Fizzy Max III 6in1 60000 Puffs\" \/>\n<meta property=\"og:description\" content=\"D\u00e9couvrez le Fizzy Max III 60k 60000 Puffs avec 6 saveurs en 1 appareil, \u00e9cran LED intelligent, mesh coil, et recharge Type-C. 100% authentique. Livraison rapide dans l&#039;UE.\" \/>\n<meta property=\"og:url\" content=\"https:\/\/fizzyvape.eu\/fr\/produit\/fizzy-max-iii-6in1-60000-puffs\/\" \/>\n<meta property=\"og:site_name\" content=\"fizzyvape.eu\" \/>\n<meta property=\"article:modified_time\" content=\"2025-12-04T07:23:11+00:00\" \/>\n<meta property=\"og:image\" content=\"https:\/\/fizzyvape.eu\/wp-content\/uploads\/2025\/06\/Fizzy-Max-III-6in1-60K-60000-Puffs-7-1.webp\" \/>\n\t<meta property=\"og:image:width\" content=\"800\" \/>\n\t<meta property=\"og:image:height\" content=\"800\" \/>\n\t<meta property=\"og:image:type\" content=\"image\/webp\" \/>\n<meta name=\"twitter:card\" content=\"summary_large_image\" \/>\n<meta name=\"twitter:label1\" content=\"Disponibilit\u00e9\" \/>\n\t<meta name=\"twitter:data1\" content=\"Rupture de stock\" \/>\n<script type=\"application\/ld+json\" class=\"yoast-schema-graph\">{\"@context\":\"https:\\\/\\\/schema.org\",\"@graph\":[{\"@type\":\"WebPage\",\"@id\":\"https:\\\/\\\/fizzyvape.eu\\\/fr\\\/produit\\\/fizzy-max-iii-6in1-60000-puffs\\\/\",\"url\":\"https:\\\/\\\/fizzyvape.eu\\\/fr\\\/produit\\\/fizzy-max-iii-6in1-60000-puffs\\\/\",\"name\":\"Fizzy Max III 60k 60000 Puffs - 6 saveurs en 1 Vape jetable intelligent\",\"isPartOf\":{\"@id\":\"https:\\\/\\\/www.fizzyvape.eu\\\/fr\\\/#website\"},\"primaryImageOfPage\":{\"@id\":\"https:\\\/\\\/fizzyvape.eu\\\/fr\\\/produit\\\/fizzy-max-iii-6in1-60000-puffs\\\/#primaryimage\"},\"image\":{\"@id\":\"https:\\\/\\\/fizzyvape.eu\\\/fr\\\/produit\\\/fizzy-max-iii-6in1-60000-puffs\\\/#primaryimage\"},\"thumbnailUrl\":\"https:\\\/\\\/fizzyvape.eu\\\/wp-content\\\/uploads\\\/2025\\\/06\\\/Fizzy-Max-III-6in1-60K-60000-Puffs-7-1.webp\",\"datePublished\":\"2025-11-24T07:39:49+00:00\",\"dateModified\":\"2025-12-04T07:23:11+00:00\",\"description\":\"D\u00e9couvrez le Fizzy Max III 60k 60000 Puffs avec 6 saveurs en 1 appareil, \u00e9cran LED intelligent, mesh coil, et recharge Type-C. 100% authentique. Livraison rapide dans l'UE.\",\"breadcrumb\":{\"@id\":\"https:\\\/\\\/fizzyvape.eu\\\/fr\\\/produit\\\/fizzy-max-iii-6in1-60000-puffs\\\/#breadcrumb\"},\"inLanguage\":\"fr-FR\",\"potentialAction\":[{\"@type\":\"ReadAction\",\"target\":[\"https:\\\/\\\/fizzyvape.eu\\\/fr\\\/produit\\\/fizzy-max-iii-6in1-60000-puffs\\\/\"]}]},{\"@type\":\"ImageObject\",\"inLanguage\":\"fr-FR\",\"@id\":\"https:\\\/\\\/fizzyvape.eu\\\/fr\\\/produit\\\/fizzy-max-iii-6in1-60000-puffs\\\/#primaryimage\",\"url\":\"https:\\\/\\\/fizzyvape.eu\\\/wp-content\\\/uploads\\\/2025\\\/06\\\/Fizzy-Max-III-6in1-60K-60000-Puffs-7-1.webp\",\"contentUrl\":\"https:\\\/\\\/fizzyvape.eu\\\/wp-content\\\/uploads\\\/2025\\\/06\\\/Fizzy-Max-III-6in1-60K-60000-Puffs-7-1.webp\",\"width\":800,\"height\":800,\"caption\":\"Fizzy Max III 6in1 60K 60000 Puffs-7-1\"},{\"@type\":\"BreadcrumbList\",\"@id\":\"https:\\\/\\\/fizzyvape.eu\\\/fr\\\/produit\\\/fizzy-max-iii-6in1-60000-puffs\\\/#breadcrumb\",\"itemListElement\":[{\"@type\":\"ListItem\",\"position\":1,\"name\":\"Home\",\"item\":\"https:\\\/\\\/fizzyvape.eu\\\/fr\\\/\"},{\"@type\":\"ListItem\",\"position\":2,\"name\":\"Boutique\",\"item\":\"https:\\\/\\\/www.fizzyvape.eu\\\/fr\\\/boutique\\\/\"},{\"@type\":\"ListItem\",\"position\":3,\"name\":\"Fizzy Max III 6in1 60000 Puffs\"}]},{\"@type\":\"WebSite\",\"@id\":\"https:\\\/\\\/www.fizzyvape.eu\\\/fr\\\/#website\",\"url\":\"https:\\\/\\\/www.fizzyvape.eu\\\/fr\\\/\",\"name\":\"fizzyvape.eu\",\"description\":\"Refreshing Vapes. Unforgettable Taste.\",\"publisher\":{\"@id\":\"https:\\\/\\\/www.fizzyvape.eu\\\/fr\\\/#organization\"},\"potentialAction\":[{\"@type\":\"SearchAction\",\"target\":{\"@type\":\"EntryPoint\",\"urlTemplate\":\"https:\\\/\\\/www.fizzyvape.eu\\\/fr\\\/?s={search_term_string}\"},\"query-input\":{\"@type\":\"PropertyValueSpecification\",\"valueRequired\":true,\"valueName\":\"search_term_string\"}}],\"inLanguage\":\"fr-FR\"},{\"@type\":\"Organization\",\"@id\":\"https:\\\/\\\/www.fizzyvape.eu\\\/fr\\\/#organization\",\"name\":\"fizzyvape.eu\",\"url\":\"https:\\\/\\\/www.fizzyvape.eu\\\/fr\\\/\",\"logo\":{\"@type\":\"ImageObject\",\"inLanguage\":\"fr-FR\",\"@id\":\"https:\\\/\\\/www.fizzyvape.eu\\\/fr\\\/#\\\/schema\\\/logo\\\/image\\\/\",\"url\":\"https:\\\/\\\/fizzyvape.eu\\\/wp-content\\\/uploads\\\/2019\\\/06\\\/print-1.svg\",\"contentUrl\":\"https:\\\/\\\/fizzyvape.eu\\\/wp-content\\\/uploads\\\/2019\\\/06\\\/print-1.svg\",\"width\":124,\"height\":37,\"caption\":\"fizzyvape.eu\"},\"image\":{\"@id\":\"https:\\\/\\\/www.fizzyvape.eu\\\/fr\\\/#\\\/schema\\\/logo\\\/image\\\/\"}}]}<\/script>\n<meta property=\"og:availability\" content=\"out of stock\" \/>\n<meta property=\"product:availability\" content=\"out of stock\" \/>\n<meta property=\"product:condition\" content=\"new\" \/>\n<!-- \/ Yoast SEO Premium plugin. -->","yoast_head_json":{"title":"Fizzy Max III 60k 60000 Puffs - 6 saveurs en 1 Vape jetable intelligent","description":"D\u00e9couvrez le Fizzy Max III 60k 60000 Puffs avec 6 saveurs en 1 appareil, \u00e9cran LED intelligent, mesh coil, et recharge Type-C. 100% authentique. Livraison rapide dans l'UE.","robots":{"index":"index","follow":"follow","max-snippet":"max-snippet:-1","max-image-preview":"max-image-preview:large","max-video-preview":"max-video-preview:-1"},"canonical":"https:\/\/fizzyvape.eu\/fr\/produit\/fizzy-max-iii-6in1-60000-puffs\/","og_locale":"fr_FR","og_type":"article","og_title":"Fizzy Max III 6in1 60000 Puffs","og_description":"D\u00e9couvrez le Fizzy Max III 60k 60000 Puffs avec 6 saveurs en 1 appareil, \u00e9cran LED intelligent, mesh coil, et recharge Type-C. 100% authentique. Livraison rapide dans l'UE.","og_url":"https:\/\/fizzyvape.eu\/fr\/produit\/fizzy-max-iii-6in1-60000-puffs\/","og_site_name":"fizzyvape.eu","article_modified_time":"2025-12-04T07:23:11+00:00","og_image":[{"width":800,"height":800,"url":"https:\/\/fizzyvape.eu\/wp-content\/uploads\/2025\/06\/Fizzy-Max-III-6in1-60K-60000-Puffs-7-1.webp","type":"image\/webp"}],"twitter_card":"summary_large_image","twitter_misc":{"Disponibilit\u00e9":"Rupture de stock"},"schema":{"@context":"https:\/\/schema.org","@graph":[{"@type":"WebPage","@id":"https:\/\/fizzyvape.eu\/fr\/produit\/fizzy-max-iii-6in1-60000-puffs\/","url":"https:\/\/fizzyvape.eu\/fr\/produit\/fizzy-max-iii-6in1-60000-puffs\/","name":"Fizzy Max III 60k 60000 Puffs - 6 saveurs en 1 Vape jetable intelligent","isPartOf":{"@id":"https:\/\/www.fizzyvape.eu\/fr\/#website"},"primaryImageOfPage":{"@id":"https:\/\/fizzyvape.eu\/fr\/produit\/fizzy-max-iii-6in1-60000-puffs\/#primaryimage"},"image":{"@id":"https:\/\/fizzyvape.eu\/fr\/produit\/fizzy-max-iii-6in1-60000-puffs\/#primaryimage"},"thumbnailUrl":"https:\/\/fizzyvape.eu\/wp-content\/uploads\/2025\/06\/Fizzy-Max-III-6in1-60K-60000-Puffs-7-1.webp","datePublished":"2025-11-24T07:39:49+00:00","dateModified":"2025-12-04T07:23:11+00:00","description":"D\u00e9couvrez le Fizzy Max III 60k 60000 Puffs avec 6 saveurs en 1 appareil, \u00e9cran LED intelligent, mesh coil, et recharge Type-C. 100% authentique. Livraison rapide dans l'UE.","breadcrumb":{"@id":"https:\/\/fizzyvape.eu\/fr\/produit\/fizzy-max-iii-6in1-60000-puffs\/#breadcrumb"},"inLanguage":"fr-FR","potentialAction":[{"@type":"ReadAction","target":["https:\/\/fizzyvape.eu\/fr\/produit\/fizzy-max-iii-6in1-60000-puffs\/"]}]},{"@type":"ImageObject","inLanguage":"fr-FR","@id":"https:\/\/fizzyvape.eu\/fr\/produit\/fizzy-max-iii-6in1-60000-puffs\/#primaryimage","url":"https:\/\/fizzyvape.eu\/wp-content\/uploads\/2025\/06\/Fizzy-Max-III-6in1-60K-60000-Puffs-7-1.webp","contentUrl":"https:\/\/fizzyvape.eu\/wp-content\/uploads\/2025\/06\/Fizzy-Max-III-6in1-60K-60000-Puffs-7-1.webp","width":800,"height":800,"caption":"Fizzy Max III 6in1 60K 60000 Puffs-7-1"},{"@type":"BreadcrumbList","@id":"https:\/\/fizzyvape.eu\/fr\/produit\/fizzy-max-iii-6in1-60000-puffs\/#breadcrumb","itemListElement":[{"@type":"ListItem","position":1,"name":"Home","item":"https:\/\/fizzyvape.eu\/fr\/"},{"@type":"ListItem","position":2,"name":"Boutique","item":"https:\/\/www.fizzyvape.eu\/fr\/boutique\/"},{"@type":"ListItem","position":3,"name":"Fizzy Max III 6in1 60000 Puffs"}]},{"@type":"WebSite","@id":"https:\/\/www.fizzyvape.eu\/fr\/#website","url":"https:\/\/www.fizzyvape.eu\/fr\/","name":"fizzyvape.eu","description":"Refreshing Vapes. Unforgettable Taste.","publisher":{"@id":"https:\/\/www.fizzyvape.eu\/fr\/#organization"},"potentialAction":[{"@type":"SearchAction","target":{"@type":"EntryPoint","urlTemplate":"https:\/\/www.fizzyvape.eu\/fr\/?s={search_term_string}"},"query-input":{"@type":"PropertyValueSpecification","valueRequired":true,"valueName":"search_term_string"}}],"inLanguage":"fr-FR"},{"@type":"Organization","@id":"https:\/\/www.fizzyvape.eu\/fr\/#organization","name":"fizzyvape.eu","url":"https:\/\/www.fizzyvape.eu\/fr\/","logo":{"@type":"ImageObject","inLanguage":"fr-FR","@id":"https:\/\/www.fizzyvape.eu\/fr\/#\/schema\/logo\/image\/","url":"https:\/\/fizzyvape.eu\/wp-content\/uploads\/2019\/06\/print-1.svg","contentUrl":"https:\/\/fizzyvape.eu\/wp-content\/uploads\/2019\/06\/print-1.svg","width":124,"height":37,"caption":"fizzyvape.eu"},"image":{"@id":"https:\/\/www.fizzyvape.eu\/fr\/#\/schema\/logo\/image\/"}}]},"og_availability":"out of stock","product_availability":"out of stock","product_condition":"new"},"tiered_pricing_type":"fixed","tiered_pricing_fixed_rules":[],"tiered_pricing_product_settings":{"layout":"default","base_unit_name":{"singular":null,"plural":null},"default_variation":null},"tiered_pricing_minimum_quantity":null,"tiered_pricing_roles_data":[],"tiered_pricing_percentage_rules":[],"tiered_pricing_maximum_quantity":null,"tiered_pricing_quantity_step":null,"_links":{"self":[{"href":"https:\/\/fizzyvape.eu\/fr\/wp-json\/wp\/v2\/product\/36870","targetHints":{"allow":["GET"]}}],"collection":[{"href":"https:\/\/fizzyvape.eu\/fr\/wp-json\/wp\/v2\/product"}],"about":[{"href":"https:\/\/fizzyvape.eu\/fr\/wp-json\/wp\/v2\/types\/product"}],"replies":[{"embeddable":true,"href":"https:\/\/fizzyvape.eu\/fr\/wp-json\/wp\/v2\/comments?post=36870"}],"version-history":[{"count":1,"href":"https:\/\/fizzyvape.eu\/fr\/wp-json\/wp\/v2\/product\/36870\/revisions"}],"predecessor-version":[{"id":37736,"href":"https:\/\/fizzyvape.eu\/fr\/wp-json\/wp\/v2\/product\/36870\/revisions\/37736"}],"wp:featuredmedia":[{"embeddable":true,"href":"https:\/\/fizzyvape.eu\/fr\/wp-json\/wp\/v2\/media\/32578"}],"wp:attachment":[{"href":"https:\/\/fizzyvape.eu\/fr\/wp-json\/wp\/v2\/media?parent=36870"}],"wp:term":[{"taxonomy":"product_brand","embeddable":true,"href":"https:\/\/fizzyvape.eu\/fr\/wp-json\/wp\/v2\/product_brand?post=36870"},{"taxonomy":"product_cat","embeddable":true,"href":"https:\/\/fizzyvape.eu\/fr\/wp-json\/wp\/v2\/product_cat?post=36870"},{"taxonomy":"product_tag","embeddable":true,"href":"https:\/\/fizzyvape.eu\/fr\/wp-json\/wp\/v2\/product_tag?post=36870"}],"curies":[{"name":"wp","href":"https:\/\/api.w.org\/{rel}","templated":true}]}}