{"id":38951,"date":"2026-01-19T11:53:21","date_gmt":"2026-01-19T03:53:21","guid":{"rendered":"https:\/\/fizzyvape.eu\/product\/fizzy-150k-150000-puffs-rechargeable-disposable-vape-wholesale\/"},"modified":"2026-01-19T11:53:21","modified_gmt":"2026-01-19T03:53:21","slug":"fizzy-150k-150000-puffs-rechargeable-disposable-vape-wholesale","status":"publish","type":"product","link":"https:\/\/fizzyvape.eu\/fr\/produit\/fizzy-150k-150000-puffs-rechargeable-disposable-vape-wholesale\/","title":{"rendered":"Fizzy 150K 150000 Puffs Rechargeable Disposable Vape Wholesale"},"content":{"rendered":"<h1><b>Fizzy 150K Puffs 15-en-1 Multi-Flavor Disposable Vape | Direct Wholesale &amp; Bulk Supply<\/b><\/h1>\n<h3><b>Le changement de jeu pour les d\u00e9taillants de produits de vapotage : 150 000 bouff\u00e9es | 15 ar\u00f4mes | 1 UGS<\/b><\/h3>\n<p>Cherchez-vous \u00e0 dominer le march\u00e9 des produits jetables de grande capacit\u00e9 ? Le <b>Fizzy 150K Puffs<\/b> est la premi\u00e8re station intelligente 15-en-1 multi-saveurs au monde con\u00e7ue pour \u00e9liminer le gonflement des stocks. Au lieu de stocker 15 saveurs diff\u00e9rentes, une seule unit\u00e9 Fizzy 150K offre la vari\u00e9t\u00e9 que vos clients recherchent.  <\/p>\n<h2><b>\ud83d\udcc8 Pourquoi stocker le Fizzy 150K ? Avantages de la vente en gros <\/b><\/h2>\n<h3><b>1. Retour sur investissement extr\u00eame et domination du march\u00e9<\/b><\/h3>\n<p>Avec un <b>nombre de bouff\u00e9es de 150 000<\/b> et un \u00e9norme <b>r\u00e9servoir d&#8217;e-liquide de 80 ml<\/b>, cet appareil offre la valeur per\u00e7ue la plus \u00e9lev\u00e9e du secteur. Il positionne votre boutique en tant que leader dans le domaine du mat\u00e9riel de qualit\u00e9 sup\u00e9rieure et durable. <\/p>\n<h3><b>2. Gestion r\u00e9volutionnaire des UGS (technologie 15 en 1)<\/b><\/h3>\n<p>R\u00e9duisez la complexit\u00e9 de votre entrep\u00f4t. Notre <b>syst\u00e8me ind\u00e9pendant<\/b> brevet\u00e9 <b>\u00e0 4 gousses<\/b> permet aux utilisateurs de passer d&#8217;un ar\u00f4me \u00e0 l&#8217;autre et de cr\u00e9er 11 combinaisons hybrides. <b>1 SKU = 15 options client.<\/b> <\/p>\n<h3><b>3. Performances du Quad-Mesh : Aucune plainte concernant la qualit\u00e9<\/b><\/h3>\n<p>Les grossistes d\u00e9testent les retours. Fizzy 150K utilise <b>4 bobines ind\u00e9pendantes de 1,0\u03a9 Mesh Coils<\/b>. Comme chaque dosette a son propre coil, la saveur reste fra\u00eeche jusqu&#8217;\u00e0 la derni\u00e8re bouff\u00e9e, ce qui garantit une grande satisfaction du client et des ventes r\u00e9p\u00e9t\u00e9es.  <\/p>\n<h3><b>4. Pr\u00e9sentoirs intelligents pour le commerce de d\u00e9tail<\/b><\/h3>\n<p>L&#8217;<b>\u00e9cran Smart LED<\/b> en couleur permet de contr\u00f4ler l&#8217;autonomie de la batterie et les niveaux individuels d&#8217;e-liquide pour les 4 dosettes. Ce look high-tech permet d&#8217;attirer l&#8217;attention des consommateurs et de fixer les prix au plus haut niveau. <\/p>\n<p><img decoding=\"async\" class=\"wp-image-38407 size-full\" src=\"https:\/\/fizzyvape.eu\/wp-content\/uploads\/2025\/12\/Fizzy-150K-Puffs-Disposable-Vape-5-scaled.jpg\" alt=\"Fizzy 150K Puffs Vape jetable - 5\" width=\"1663\" height=\"2560\" srcset=\"https:\/\/fizzyvape.eu\/wp-content\/uploads\/2025\/12\/Fizzy-150K-Puffs-Disposable-Vape-5-scaled.jpg 1663w, https:\/\/fizzyvape.eu\/wp-content\/uploads\/2025\/12\/Fizzy-150K-Puffs-Disposable-Vape-5-195x300.jpg 195w, https:\/\/fizzyvape.eu\/wp-content\/uploads\/2025\/12\/Fizzy-150K-Puffs-Disposable-Vape-5-520x800.jpg 520w, https:\/\/fizzyvape.eu\/wp-content\/uploads\/2025\/12\/Fizzy-150K-Puffs-Disposable-Vape-5-768x1182.jpg 768w, https:\/\/fizzyvape.eu\/wp-content\/uploads\/2025\/12\/Fizzy-150K-Puffs-Disposable-Vape-5-998x1536.jpg 998w, https:\/\/fizzyvape.eu\/wp-content\/uploads\/2025\/12\/Fizzy-150K-Puffs-Disposable-Vape-5-1330x2048.jpg 1330w, https:\/\/fizzyvape.eu\/wp-content\/uploads\/2025\/12\/Fizzy-150K-Puffs-Disposable-Vape-5-430x662.jpg 430w, https:\/\/fizzyvape.eu\/wp-content\/uploads\/2025\/12\/Fizzy-150K-Puffs-Disposable-Vape-5-700x1078.jpg 700w, https:\/\/fizzyvape.eu\/wp-content\/uploads\/2025\/12\/Fizzy-150K-Puffs-Disposable-Vape-5-150x231.jpg 150w\" sizes=\"(max-width: 1663px) 100vw, 1663px\" \/><\/p>\n<h2><b>\ud83d\udce6 Sp\u00e9cifications du commerce de gros en vrac<\/b><\/h2>\n<table>\n<thead>\n<tr>\n<td><strong>Caract\u00e9ristiques<\/strong><\/td>\n<td><strong>Donn\u00e9es techniques B2B<\/strong><\/td>\n<\/tr>\n<\/thead>\n<tbody>\n<tr>\n<td><b>Nombre de bouff\u00e9es<\/b><\/td>\n<td>Jusqu&#8217;\u00e0 150 000 bouff\u00e9es<\/td>\n<\/tr>\n<tr>\n<td><b>Capacit\u00e9 en e-liquide<\/b><\/td>\n<td><b>80mL au total (20mL x 4 Pods ind\u00e9pendants)<\/b><\/td>\n<\/tr>\n<tr>\n<td><b>Batterie<\/b><\/td>\n<td>1000mAh Cobalt pur (Type-C rechargeable)<\/td>\n<\/tr>\n<tr>\n<td><b>Modes d&#8217;ar\u00f4mes<\/b><\/td>\n<td><b>15 combinaisons intelligentes (A\/B\/C\/D + hybrides)<\/b><\/td>\n<\/tr>\n<tr>\n<td><b>Syst\u00e8me d&#8217;enroulement<\/b><\/td>\n<td>Quad-Mesh 1.0\u03a9 (diffusion homog\u00e8ne)<\/td>\n<\/tr>\n<tr>\n<td><b>Emballage<\/b><\/td>\n<td>Bo\u00eetes d&#8217;exposition pr\u00eates pour la vente au d\u00e9tail<\/td>\n<\/tr>\n<\/tbody>\n<\/table>\n<h2><b>\ud83c\udfa8Fizzy<\/b>15-in-1 150K Puffs Rechargeable <strong>Disposable Vape Flavors List :<\/strong><\/h2>\n<ol>\n<li><a href=\"https:\/\/fizzyvape.eu\/produit\/fizzy-150k-puffs-watermelon-ice-red-bull-disposable-vape-set\/\">glace past\u00e8que &amp; red bull &amp; fraise framboise &amp; glace triple melon<\/a><\/li>\n<li><a href=\"https:\/\/fizzyvape.eu\/produit\/fizzy-150k-puffs-strawberry-ice-kiwi-passion-fruit-set\/\">fraise glac\u00e9e &amp; kiwi fruit de la passion goyave &amp; p\u00eache mangue past\u00e8que &amp; raisin \u00e9clat\u00e9<\/a><\/li>\n<li><a href=\"https:\/\/fizzyvape.eu\/produit\/fizzy-150k-puffs-red-bull-berry-ice-set\/\">red bull &amp; fraise kiwi grenade &amp; myrtille glace &amp; ananas noix de coco<\/a><\/li>\n<li><a href=\"https:\/\/fizzyvape.eu\/produit\/fizzy-150k-puffs-strawberry-kiwi-mixed-berry-set\/\">fraise kiwi &amp; baies m\u00e9lang\u00e9es &amp; past\u00e8que bubblegum &amp; p\u00eache juteuse<\/a><\/li>\n<li><a href=\"https:\/\/fizzyvape.eu\/produit\/fizzy-150k-puffs-blueberry-raspberry-candy-set\/\">myrtille framboise &amp; fraise glace &amp; limonade blue razz &amp; ourson gommeux past\u00e8que<\/a><\/li>\n<li><a href=\"https:\/\/fizzyvape.eu\/produit\/fizzy-150k-puffs-tropical-fruit-punch-set\/\">punch aux fruits tropicaux &amp; past\u00e8que framboise &amp; myrtille noix de coco &amp; fraise skittles<\/a><\/li>\n<li><a href=\"https:\/\/fizzyvape.eu\/produit\/fizzy-150k-puffs-love-66-strawberry-kiwi-set\/\">amour 66 &amp; fraise kiwi &amp; past\u00e8que myrtille &amp; framboise limonade<\/a><\/li>\n<li><a href=\"https:\/\/fizzyvape.eu\/produit\/fizzy-150k-puffs-fizzy-cola-berry-set\/\">baies m\u00e9lang\u00e9es &amp; ananas p\u00eache fruit de la passion &amp; cola p\u00e9tillant &amp; fraise framboise<\/a><\/li>\n<li><a href=\"https:\/\/fizzyvape.eu\/produit\/fizzy-150k-puffs-blue-razz-raspberry-set\/\">blue razz rapsberry &amp; watermelon cherry ice &amp; strawberry grape &amp;passion fruit orange peach<\/a><\/li>\n<li><a href=\"https:\/\/fizzyvape.eu\/produit\/fizzy-150k-puffs-fizzy-cherry-citrus-set\/\">cerise p\u00e9tillante &amp; fraise fruit du dragon &amp; citron vert &amp; past\u00e8que myrtille<\/a><\/li>\n<li><a href=\"https:\/\/fizzyvape.eu\/produit\/fizzy-150k-puffs-vanilla-coke-berry-set\/\">fraise vanille coca &amp; myrtille framboise &amp; past\u00e8que glace &amp; cerise baie<\/a><\/li>\n<li><a href=\"https:\/\/fizzyvape.eu\/produit\/fizzy-150k-puffs-mojito-ice-set\/\">myrtille glac\u00e9e &amp; fraise past\u00e8que &amp; mojito &amp; kiwi fruit de la passion goyave<\/a><\/li>\n<\/ol>\n<h2><b>\ud83d\ude9b Distribution mondiale et logistique<\/b><\/h2>\n<p>En tant que source officielle, nous assurons une logistique sans faille pour les distributeurs mondiaux de produits de vapotage :<\/p>\n<ul>\n<li><b>Authenticit\u00e9 v\u00e9rifi\u00e9e :<\/b> Chaque unit\u00e9 comprend un code de s\u00e9curit\u00e9 unique \u00e0 gratter.<\/li>\n<li><b>Ex\u00e9cution rapide :<\/b> Les commandes en gros sont trait\u00e9es et exp\u00e9di\u00e9es avec un fret mondial tra\u00e7able.<\/li>\n<li><b>Tarification \u00e9chelonn\u00e9e :<\/b> MOQ (Minimum Order Quantity) comp\u00e9titive pour les startups et remises massives pour les distributeurs r\u00e9gionaux.<\/li>\n<\/ul>\n<h2><b>\u2753 FAQ sur la vente en gros<\/b><\/h2>\n<p><b>Q : Puis-je personnaliser les combinaisons d&#8217;ar\u00f4mes pour les commandes en gros ?<\/b><\/p>\n<p>R : Pour les commandes en gros OEM\/ODM \u00e0 grande \u00e9chelle, nous offrons la possibilit\u00e9 de personnaliser les profils d&#8217;ar\u00f4mes et la marque. Contactez notre \u00e9quipe de vente pour plus de d\u00e9tails. <\/p>\n<p><b>Q : Comment faites-vous pour \u00e9viter les fuites lors des exp\u00e9ditions internationales ?<\/b><\/p>\n<p>R : Le Fizzy 150K est dot\u00e9 d&#8217;un joint ind\u00e9pendant multicouche et d&#8217;un bo\u00eetier interne emball\u00e9 sous vide pour garantir l&#8217;absence de fuites pendant le transport a\u00e9rien ou maritime.<\/p>\n<p><b>Q : Quelle est la garantie sur les lots en gros ?<\/b><\/p>\n<p>R : Nous offrons une garantie compl\u00e8te sur toutes les unit\u00e9s mortes \u00e0 l&#8217;arriv\u00e9e (DOA) et une assistance technique \u00e0 vos partenaires d\u00e9taillants.<\/p>\n<h3><b>\ud83d\udce9 Demandez un prix de gros d\u00e8s aujourd&#8217;hui<\/b><\/h3>\n<p>Rejoignez le r\u00e9seau mondial de Fizzy. R\u00e9duisez vos co\u00fbts d&#8217;inventaire et augmentez vos marges b\u00e9n\u00e9ficiaires gr\u00e2ce \u00e0 la vape jetable la plus avanc\u00e9e au monde. <\/p>\n<p><b><a href=\"https:\/\/fizzyvape.eu\/fr\/contactez-nous\/\">[Contacter l&#8217;\u00e9quipe de vente<\/a>]<\/b><\/p>\n","protected":false},"excerpt":{"rendered":"[html_block id=\"38473\"]\n","protected":false},"featured_media":38486,"comment_status":"open","ping_status":"closed","template":"","meta":{"iawp_total_views":3},"product_brand":[],"product_cat":[995],"product_tag":[],"class_list":{"0":"post-38951","1":"product","2":"type-product","3":"status-publish","4":"has-post-thumbnail","6":"product_cat-vape-jetable-rechargeable-fizzy-150k-150-000-bouffees-15-en-1","8":"first","9":"instock","10":"shipping-taxable","11":"product-type-simple"},"yoast_head":"<!-- This site is optimized with the Yoast SEO Premium plugin v24.8 (Yoast SEO v27.4) - https:\/\/yoast.com\/product\/yoast-seo-premium-wordpress\/ -->\n<title>Fizzy 150K Puffs Wholesale | 15-in-1 Multi-Flavor Disposable Vape Bulk<\/title>\n<meta name=\"description\" content=\"Maximisez votre retour sur investissement avec le Fizzy 150K Puffs Disposable. La premi\u00e8re vape multi-saveurs 15-en-1 au monde avec une capacit\u00e9 de 80mL et la technologie Quad-Mesh. Meilleur prix de gros pour les distributeurs internationaux.\" \/>\n<meta name=\"robots\" content=\"index, follow, max-snippet:-1, max-image-preview:large, max-video-preview:-1\" \/>\n<link rel=\"canonical\" href=\"https:\/\/fizzyvape.eu\/fr\/produit\/fizzy-150k-150000-puffs-rechargeable-disposable-vape-wholesale\/\" \/>\n<meta property=\"og:locale\" content=\"fr_FR\" \/>\n<meta property=\"og:type\" content=\"article\" \/>\n<meta property=\"og:title\" content=\"Fizzy 150K 150000 Puffs Rechargeable Disposable Vape Wholesale\" \/>\n<meta property=\"og:description\" content=\"Maximisez votre retour sur investissement avec le Fizzy 150K Puffs Disposable. La premi\u00e8re vape multi-saveurs 15-en-1 au monde avec une capacit\u00e9 de 80mL et la technologie Quad-Mesh. Meilleur prix de gros pour les distributeurs internationaux.\" \/>\n<meta property=\"og:url\" content=\"https:\/\/fizzyvape.eu\/fr\/produit\/fizzy-150k-150000-puffs-rechargeable-disposable-vape-wholesale\/\" \/>\n<meta property=\"og:site_name\" content=\"fizzyvape.eu\" \/>\n<meta property=\"og:image\" content=\"https:\/\/fizzyvape.eu\/wp-content\/uploads\/2026\/01\/Fizzy-150K-Puffs-15-in-1-Smart-Multi-Flavor-Rechargeable-Disposable-Vape-23.jpg\" \/>\n\t<meta property=\"og:image:width\" content=\"800\" \/>\n\t<meta property=\"og:image:height\" content=\"800\" \/>\n\t<meta property=\"og:image:type\" content=\"image\/jpeg\" \/>\n<meta name=\"twitter:card\" content=\"summary_large_image\" \/>\n<meta name=\"twitter:label1\" content=\"Prix\" \/>\n\t<meta name=\"twitter:data1\" content=\"\" \/>\n\t<meta name=\"twitter:label2\" content=\"Disponibilit\u00e9\" \/>\n\t<meta name=\"twitter:data2\" content=\"En stock\" \/>\n<script type=\"application\/ld+json\" class=\"yoast-schema-graph\">{\"@context\":\"https:\\\/\\\/schema.org\",\"@graph\":[{\"@type\":\"WebPage\",\"@id\":\"https:\\\/\\\/fizzyvape.eu\\\/fr\\\/produit\\\/fizzy-150k-150000-puffs-rechargeable-disposable-vape-wholesale\\\/\",\"url\":\"https:\\\/\\\/fizzyvape.eu\\\/fr\\\/produit\\\/fizzy-150k-150000-puffs-rechargeable-disposable-vape-wholesale\\\/\",\"name\":\"Fizzy 150K Puffs Wholesale | 15-in-1 Multi-Flavor Disposable Vape Bulk\",\"isPartOf\":{\"@id\":\"https:\\\/\\\/www.fizzyvape.eu\\\/fr\\\/#website\"},\"primaryImageOfPage\":{\"@id\":\"https:\\\/\\\/fizzyvape.eu\\\/fr\\\/produit\\\/fizzy-150k-150000-puffs-rechargeable-disposable-vape-wholesale\\\/#primaryimage\"},\"image\":{\"@id\":\"https:\\\/\\\/fizzyvape.eu\\\/fr\\\/produit\\\/fizzy-150k-150000-puffs-rechargeable-disposable-vape-wholesale\\\/#primaryimage\"},\"thumbnailUrl\":\"https:\\\/\\\/fizzyvape.eu\\\/wp-content\\\/uploads\\\/2026\\\/01\\\/Fizzy-150K-Puffs-15-in-1-Smart-Multi-Flavor-Rechargeable-Disposable-Vape-23.jpg\",\"datePublished\":\"2026-01-19T03:53:21+00:00\",\"description\":\"Maximisez votre retour sur investissement avec le Fizzy 150K Puffs Disposable. La premi\u00e8re vape multi-saveurs 15-en-1 au monde avec une capacit\u00e9 de 80mL et la technologie Quad-Mesh. Meilleur prix de gros pour les distributeurs internationaux.\",\"breadcrumb\":{\"@id\":\"https:\\\/\\\/fizzyvape.eu\\\/fr\\\/produit\\\/fizzy-150k-150000-puffs-rechargeable-disposable-vape-wholesale\\\/#breadcrumb\"},\"inLanguage\":\"fr-FR\",\"potentialAction\":[{\"@type\":\"ReadAction\",\"target\":[\"https:\\\/\\\/fizzyvape.eu\\\/fr\\\/produit\\\/fizzy-150k-150000-puffs-rechargeable-disposable-vape-wholesale\\\/\"]}]},{\"@type\":\"ImageObject\",\"inLanguage\":\"fr-FR\",\"@id\":\"https:\\\/\\\/fizzyvape.eu\\\/fr\\\/produit\\\/fizzy-150k-150000-puffs-rechargeable-disposable-vape-wholesale\\\/#primaryimage\",\"url\":\"https:\\\/\\\/fizzyvape.eu\\\/wp-content\\\/uploads\\\/2026\\\/01\\\/Fizzy-150K-Puffs-15-in-1-Smart-Multi-Flavor-Rechargeable-Disposable-Vape-23.jpg\",\"contentUrl\":\"https:\\\/\\\/fizzyvape.eu\\\/wp-content\\\/uploads\\\/2026\\\/01\\\/Fizzy-150K-Puffs-15-in-1-Smart-Multi-Flavor-Rechargeable-Disposable-Vape-23.jpg\",\"width\":800,\"height\":800,\"caption\":\"Fizzy 150K Puffs - 15-en-1 Smart Multi-Flavor Rechargeable Disposable Vape-23\"},{\"@type\":\"BreadcrumbList\",\"@id\":\"https:\\\/\\\/fizzyvape.eu\\\/fr\\\/produit\\\/fizzy-150k-150000-puffs-rechargeable-disposable-vape-wholesale\\\/#breadcrumb\",\"itemListElement\":[{\"@type\":\"ListItem\",\"position\":1,\"name\":\"Home\",\"item\":\"https:\\\/\\\/fizzyvape.eu\\\/fr\\\/\"},{\"@type\":\"ListItem\",\"position\":2,\"name\":\"Boutique\",\"item\":\"https:\\\/\\\/www.fizzyvape.eu\\\/fr\\\/boutique\\\/\"},{\"@type\":\"ListItem\",\"position\":3,\"name\":\"Fizzy 150K 150000 Puffs Rechargeable Disposable Vape Wholesale\"}]},{\"@type\":\"WebSite\",\"@id\":\"https:\\\/\\\/www.fizzyvape.eu\\\/fr\\\/#website\",\"url\":\"https:\\\/\\\/www.fizzyvape.eu\\\/fr\\\/\",\"name\":\"fizzyvape.eu\",\"description\":\"Refreshing Vapes. Unforgettable Taste.\",\"publisher\":{\"@id\":\"https:\\\/\\\/www.fizzyvape.eu\\\/fr\\\/#organization\"},\"potentialAction\":[{\"@type\":\"SearchAction\",\"target\":{\"@type\":\"EntryPoint\",\"urlTemplate\":\"https:\\\/\\\/www.fizzyvape.eu\\\/fr\\\/?s={search_term_string}\"},\"query-input\":{\"@type\":\"PropertyValueSpecification\",\"valueRequired\":true,\"valueName\":\"search_term_string\"}}],\"inLanguage\":\"fr-FR\"},{\"@type\":\"Organization\",\"@id\":\"https:\\\/\\\/www.fizzyvape.eu\\\/fr\\\/#organization\",\"name\":\"fizzyvape.eu\",\"url\":\"https:\\\/\\\/www.fizzyvape.eu\\\/fr\\\/\",\"logo\":{\"@type\":\"ImageObject\",\"inLanguage\":\"fr-FR\",\"@id\":\"https:\\\/\\\/www.fizzyvape.eu\\\/fr\\\/#\\\/schema\\\/logo\\\/image\\\/\",\"url\":\"https:\\\/\\\/fizzyvape.eu\\\/wp-content\\\/uploads\\\/2019\\\/06\\\/print-1.svg\",\"contentUrl\":\"https:\\\/\\\/fizzyvape.eu\\\/wp-content\\\/uploads\\\/2019\\\/06\\\/print-1.svg\",\"width\":124,\"height\":37,\"caption\":\"fizzyvape.eu\"},\"image\":{\"@id\":\"https:\\\/\\\/www.fizzyvape.eu\\\/fr\\\/#\\\/schema\\\/logo\\\/image\\\/\"}}]}<\/script>\n<meta property=\"product:price:currency\" content=\"EUR\" \/>\n<meta property=\"og:availability\" content=\"instock\" \/>\n<meta property=\"product:availability\" content=\"instock\" \/>\n<meta property=\"product:condition\" content=\"new\" \/>\n<!-- \/ Yoast SEO Premium plugin. -->","yoast_head_json":{"title":"Fizzy 150K Puffs Wholesale | 15-in-1 Multi-Flavor Disposable Vape Bulk","description":"Maximisez votre retour sur investissement avec le Fizzy 150K Puffs Disposable. La premi\u00e8re vape multi-saveurs 15-en-1 au monde avec une capacit\u00e9 de 80mL et la technologie Quad-Mesh. Meilleur prix de gros pour les distributeurs internationaux.","robots":{"index":"index","follow":"follow","max-snippet":"max-snippet:-1","max-image-preview":"max-image-preview:large","max-video-preview":"max-video-preview:-1"},"canonical":"https:\/\/fizzyvape.eu\/fr\/produit\/fizzy-150k-150000-puffs-rechargeable-disposable-vape-wholesale\/","og_locale":"fr_FR","og_type":"article","og_title":"Fizzy 150K 150000 Puffs Rechargeable Disposable Vape Wholesale","og_description":"Maximisez votre retour sur investissement avec le Fizzy 150K Puffs Disposable. La premi\u00e8re vape multi-saveurs 15-en-1 au monde avec une capacit\u00e9 de 80mL et la technologie Quad-Mesh. Meilleur prix de gros pour les distributeurs internationaux.","og_url":"https:\/\/fizzyvape.eu\/fr\/produit\/fizzy-150k-150000-puffs-rechargeable-disposable-vape-wholesale\/","og_site_name":"fizzyvape.eu","og_image":[{"width":800,"height":800,"url":"https:\/\/fizzyvape.eu\/wp-content\/uploads\/2026\/01\/Fizzy-150K-Puffs-15-in-1-Smart-Multi-Flavor-Rechargeable-Disposable-Vape-23.jpg","type":"image\/jpeg"}],"twitter_card":"summary_large_image","twitter_misc":{"Prix":"","Disponibilit\u00e9":"En stock"},"schema":{"@context":"https:\/\/schema.org","@graph":[{"@type":"WebPage","@id":"https:\/\/fizzyvape.eu\/fr\/produit\/fizzy-150k-150000-puffs-rechargeable-disposable-vape-wholesale\/","url":"https:\/\/fizzyvape.eu\/fr\/produit\/fizzy-150k-150000-puffs-rechargeable-disposable-vape-wholesale\/","name":"Fizzy 150K Puffs Wholesale | 15-in-1 Multi-Flavor Disposable Vape Bulk","isPartOf":{"@id":"https:\/\/www.fizzyvape.eu\/fr\/#website"},"primaryImageOfPage":{"@id":"https:\/\/fizzyvape.eu\/fr\/produit\/fizzy-150k-150000-puffs-rechargeable-disposable-vape-wholesale\/#primaryimage"},"image":{"@id":"https:\/\/fizzyvape.eu\/fr\/produit\/fizzy-150k-150000-puffs-rechargeable-disposable-vape-wholesale\/#primaryimage"},"thumbnailUrl":"https:\/\/fizzyvape.eu\/wp-content\/uploads\/2026\/01\/Fizzy-150K-Puffs-15-in-1-Smart-Multi-Flavor-Rechargeable-Disposable-Vape-23.jpg","datePublished":"2026-01-19T03:53:21+00:00","description":"Maximisez votre retour sur investissement avec le Fizzy 150K Puffs Disposable. La premi\u00e8re vape multi-saveurs 15-en-1 au monde avec une capacit\u00e9 de 80mL et la technologie Quad-Mesh. Meilleur prix de gros pour les distributeurs internationaux.","breadcrumb":{"@id":"https:\/\/fizzyvape.eu\/fr\/produit\/fizzy-150k-150000-puffs-rechargeable-disposable-vape-wholesale\/#breadcrumb"},"inLanguage":"fr-FR","potentialAction":[{"@type":"ReadAction","target":["https:\/\/fizzyvape.eu\/fr\/produit\/fizzy-150k-150000-puffs-rechargeable-disposable-vape-wholesale\/"]}]},{"@type":"ImageObject","inLanguage":"fr-FR","@id":"https:\/\/fizzyvape.eu\/fr\/produit\/fizzy-150k-150000-puffs-rechargeable-disposable-vape-wholesale\/#primaryimage","url":"https:\/\/fizzyvape.eu\/wp-content\/uploads\/2026\/01\/Fizzy-150K-Puffs-15-in-1-Smart-Multi-Flavor-Rechargeable-Disposable-Vape-23.jpg","contentUrl":"https:\/\/fizzyvape.eu\/wp-content\/uploads\/2026\/01\/Fizzy-150K-Puffs-15-in-1-Smart-Multi-Flavor-Rechargeable-Disposable-Vape-23.jpg","width":800,"height":800,"caption":"Fizzy 150K Puffs - 15-en-1 Smart Multi-Flavor Rechargeable Disposable Vape-23"},{"@type":"BreadcrumbList","@id":"https:\/\/fizzyvape.eu\/fr\/produit\/fizzy-150k-150000-puffs-rechargeable-disposable-vape-wholesale\/#breadcrumb","itemListElement":[{"@type":"ListItem","position":1,"name":"Home","item":"https:\/\/fizzyvape.eu\/fr\/"},{"@type":"ListItem","position":2,"name":"Boutique","item":"https:\/\/www.fizzyvape.eu\/fr\/boutique\/"},{"@type":"ListItem","position":3,"name":"Fizzy 150K 150000 Puffs Rechargeable Disposable Vape Wholesale"}]},{"@type":"WebSite","@id":"https:\/\/www.fizzyvape.eu\/fr\/#website","url":"https:\/\/www.fizzyvape.eu\/fr\/","name":"fizzyvape.eu","description":"Refreshing Vapes. Unforgettable Taste.","publisher":{"@id":"https:\/\/www.fizzyvape.eu\/fr\/#organization"},"potentialAction":[{"@type":"SearchAction","target":{"@type":"EntryPoint","urlTemplate":"https:\/\/www.fizzyvape.eu\/fr\/?s={search_term_string}"},"query-input":{"@type":"PropertyValueSpecification","valueRequired":true,"valueName":"search_term_string"}}],"inLanguage":"fr-FR"},{"@type":"Organization","@id":"https:\/\/www.fizzyvape.eu\/fr\/#organization","name":"fizzyvape.eu","url":"https:\/\/www.fizzyvape.eu\/fr\/","logo":{"@type":"ImageObject","inLanguage":"fr-FR","@id":"https:\/\/www.fizzyvape.eu\/fr\/#\/schema\/logo\/image\/","url":"https:\/\/fizzyvape.eu\/wp-content\/uploads\/2019\/06\/print-1.svg","contentUrl":"https:\/\/fizzyvape.eu\/wp-content\/uploads\/2019\/06\/print-1.svg","width":124,"height":37,"caption":"fizzyvape.eu"},"image":{"@id":"https:\/\/www.fizzyvape.eu\/fr\/#\/schema\/logo\/image\/"}}]},"product_price_currency":"EUR","og_availability":"instock","product_availability":"instock","product_condition":"new"},"tiered_pricing_type":"fixed","tiered_pricing_fixed_rules":[],"tiered_pricing_product_settings":{"layout":"default","base_unit_name":{"singular":null,"plural":null},"default_variation":null},"tiered_pricing_minimum_quantity":null,"tiered_pricing_roles_data":[],"tiered_pricing_percentage_rules":[],"tiered_pricing_maximum_quantity":null,"tiered_pricing_quantity_step":null,"_links":{"self":[{"href":"https:\/\/fizzyvape.eu\/fr\/wp-json\/wp\/v2\/product\/38951","targetHints":{"allow":["GET"]}}],"collection":[{"href":"https:\/\/fizzyvape.eu\/fr\/wp-json\/wp\/v2\/product"}],"about":[{"href":"https:\/\/fizzyvape.eu\/fr\/wp-json\/wp\/v2\/types\/product"}],"replies":[{"embeddable":true,"href":"https:\/\/fizzyvape.eu\/fr\/wp-json\/wp\/v2\/comments?post=38951"}],"version-history":[{"count":0,"href":"https:\/\/fizzyvape.eu\/fr\/wp-json\/wp\/v2\/product\/38951\/revisions"}],"wp:featuredmedia":[{"embeddable":true,"href":"https:\/\/fizzyvape.eu\/fr\/wp-json\/wp\/v2\/media\/38486"}],"wp:attachment":[{"href":"https:\/\/fizzyvape.eu\/fr\/wp-json\/wp\/v2\/media?parent=38951"}],"wp:term":[{"taxonomy":"product_brand","embeddable":true,"href":"https:\/\/fizzyvape.eu\/fr\/wp-json\/wp\/v2\/product_brand?post=38951"},{"taxonomy":"product_cat","embeddable":true,"href":"https:\/\/fizzyvape.eu\/fr\/wp-json\/wp\/v2\/product_cat?post=38951"},{"taxonomy":"product_tag","embeddable":true,"href":"https:\/\/fizzyvape.eu\/fr\/wp-json\/wp\/v2\/product_tag?post=38951"}],"curies":[{"name":"wp","href":"https:\/\/api.w.org\/{rel}","templated":true}]}}