{"id":38982,"date":"2026-01-19T17:43:54","date_gmt":"2026-01-19T09:43:54","guid":{"rendered":"https:\/\/fizzyvape.eu\/product\/150k-puffs-fraise-glacee-et-kiwi-fruit-de-la-passion-goyave-et-peche-mangue-pasteque-et-raisin-en-rafale\/"},"modified":"2026-01-19T17:43:54","modified_gmt":"2026-01-19T09:43:54","slug":"150k-puffs-fraise-glacee-et-kiwi-fruit-de-la-passion-goyave-et-peche-mangue-pasteque-et-raisin-en-rafale","status":"publish","type":"product","link":"https:\/\/fizzyvape.eu\/fr\/produit\/150k-puffs-fraise-glacee-et-kiwi-fruit-de-la-passion-goyave-et-peche-mangue-pasteque-et-raisin-en-rafale\/","title":{"rendered":"150K Puffs &#8211; Fraise glac\u00e9e et kiwi Fruit de la passion Goyave et p\u00eache Mangue Past\u00e8que et raisin en rafale"},"content":{"rendered":"<p><img decoding=\"async\" class=\"aligncenter wp-image-38932 size-large\" src=\"https:\/\/fizzyvape.eu\/wp-content\/uploads\/2026\/01\/Fizzy-15-in-1-150K-Puffs-Rechargeable-Disposable-Vape-Flavors-2-2-800x800.jpg\" alt=\"\" width=\"800\" height=\"800\" srcset=\"https:\/\/fizzyvape.eu\/wp-content\/uploads\/2026\/01\/Fizzy-15-in-1-150K-Puffs-Rechargeable-Disposable-Vape-Flavors-2-2-800x800.jpg 800w, https:\/\/fizzyvape.eu\/wp-content\/uploads\/2026\/01\/Fizzy-15-in-1-150K-Puffs-Rechargeable-Disposable-Vape-Flavors-2-2-300x300.jpg 300w, https:\/\/fizzyvape.eu\/wp-content\/uploads\/2026\/01\/Fizzy-15-in-1-150K-Puffs-Rechargeable-Disposable-Vape-Flavors-2-2-150x150.jpg 150w, https:\/\/fizzyvape.eu\/wp-content\/uploads\/2026\/01\/Fizzy-15-in-1-150K-Puffs-Rechargeable-Disposable-Vape-Flavors-2-2-768x768.jpg 768w, https:\/\/fizzyvape.eu\/wp-content\/uploads\/2026\/01\/Fizzy-15-in-1-150K-Puffs-Rechargeable-Disposable-Vape-Flavors-2-2-100x100.jpg 100w, https:\/\/fizzyvape.eu\/wp-content\/uploads\/2026\/01\/Fizzy-15-in-1-150K-Puffs-Rechargeable-Disposable-Vape-Flavors-2-2-200x200.jpg 200w, https:\/\/fizzyvape.eu\/wp-content\/uploads\/2026\/01\/Fizzy-15-in-1-150K-Puffs-Rechargeable-Disposable-Vape-Flavors-2-2-400x400.jpg 400w, https:\/\/fizzyvape.eu\/wp-content\/uploads\/2026\/01\/Fizzy-15-in-1-150K-Puffs-Rechargeable-Disposable-Vape-Flavors-2-2-500x500.jpg 500w, https:\/\/fizzyvape.eu\/wp-content\/uploads\/2026\/01\/Fizzy-15-in-1-150K-Puffs-Rechargeable-Disposable-Vape-Flavors-2-2-430x430.jpg 430w, https:\/\/fizzyvape.eu\/wp-content\/uploads\/2026\/01\/Fizzy-15-in-1-150K-Puffs-Rechargeable-Disposable-Vape-Flavors-2-2-700x700.jpg 700w, https:\/\/fizzyvape.eu\/wp-content\/uploads\/2026\/01\/Fizzy-15-in-1-150K-Puffs-Rechargeable-Disposable-Vape-Flavors-2-2.jpg 1000w\" sizes=\"(max-width: 800px) 100vw, 800px\" \/><\/p>\n<h2>Fizzy 150K Puffs &#8211; Fraise Ice &amp; Kiwi Fruit de la passion Goyave &amp; P\u00eache Mangue Past\u00e8que &amp; Raisin Burst<\/h2>\n<p><b>\ud83c\udf53 150 000 bouff\u00e9es. 15 saveurs. Le centre de vapotage professionnel par excellence.  <\/b><\/p>\n<p><span class=\"\">Les <\/span><b>Fizzy 150K Puffs jetable<\/b><span class=\"\"> a officiellement red\u00e9fini ce que peut faire un appareil de grande capacit\u00e9.<\/span><span class=\"\"> Avec un \u00e9norme r\u00e9servoir d&#8217;e-liquide de <\/span><b>r\u00e9servoir d&#8217;e-liquide de 80 ml<\/b><span class=\"\"> et d&#8217;un syst\u00e8me de commutation intelligent <\/span><b>syst\u00e8me de commutation intelligent 15 en 1<\/b><span class=\"\">,<\/span><span class=\"\"> cet appareil est la solution parfaite pour les vapoteurs qui veulent un maximum de valeur sans sacrifier la vari\u00e9t\u00e9.<\/span><span class=\"\"> Cette \u00e9dition sp\u00e9cifique est une centrale tropicale,<\/span><span class=\"\"> m\u00e9langeant des classiques glac\u00e9s avec des nectars de fruits profonds,<\/span><span class=\"\"> nectars de fruits profonds et \u00e9clatants.<\/span><\/p>\n<h2 class=\"\"><b>\ud83c\udf08 La palette d&#8217;ar\u00f4mes en 4 parties<\/b><\/h2>\n<p><span class=\"\">A l&#8217;int\u00e9rieur de ce <\/span><b>150K Puffs jetable vape<\/b><span class=\"\">,<\/span><span class=\"\"> vous disposez de quatre dosettes ind\u00e9pendantes de 20 ml.<\/span><span class=\"\"> Appr\u00e9ciez-les comme des chefs-d&#8217;\u0153uvre autonomes,<\/span><span class=\"\"> ou utilisez l&#8217;interrupteur intelligent pour <\/span><b>pour les m\u00e9langer en 15 combinaisons hybrides uniques.<\/b><span class=\"\">:<\/span><\/p>\n<ul>\n<li><b>\u2744\ufe0f Glace \u00e0 la fraise :<\/b><span class=\"\"> Sucr\u00e9,<\/span><span class=\"\"> fraises fra\u00eeches et sucr\u00e9es du jardin, finies par une<\/span><span class=\"\"> arctique croustillante.<\/span><\/li>\n<li><b>Kiwi, fruit de la passion, goyave :<\/b><span class=\"\"> Un trio tropical acidul\u00e9 et aromatique qui donne un coup de poing exotique.<\/span><\/li>\n<li><b>\ud83c\udf51 P\u00eache Mangue Past\u00e8que :<\/b><span class=\"\"> Un m\u00e9lange succulent et velout\u00e9 de mangues dor\u00e9es, de mangues et de melon d&#8217;eau,<\/span><span class=\"\"> velout\u00e9 de mangues dor\u00e9es, de p\u00eaches douces<\/span><span class=\"\"> de p\u00eaches douces<\/span><span class=\"\"> et de past\u00e8que juteuse.<\/span><\/li>\n<li><b>\ud83c\udf47 Grape Burst :<\/b><span class=\"\"> Un go\u00fbt profond et riche de raisin violet qui &#8220;\u00e9clate&#8221; avec une douceur sucr\u00e9e et un soup\u00e7on d&#8217;acidit\u00e9 m\u00fbrie au vinaigre,<\/span><span class=\"\"> riche et profond de raisin violet qui &#8220;\u00e9clate&#8221; avec une douceur sucr\u00e9e et un soup\u00e7on d&#8217;acidit\u00e9 m\u00fbrie \u00e0 la vigne.<\/span><\/li>\n<\/ul>\n<p><img decoding=\"async\" class=\"wp-image-38407 size-full\" src=\"https:\/\/fizzyvape.eu\/wp-content\/uploads\/2025\/12\/Fizzy-150K-Puffs-Disposable-Vape-5-scaled.jpg\" alt=\"Fizzy 150K Puffs Vape jetable - 5\" width=\"1663\" height=\"2560\" srcset=\"https:\/\/fizzyvape.eu\/wp-content\/uploads\/2025\/12\/Fizzy-150K-Puffs-Disposable-Vape-5-scaled.jpg 1663w, https:\/\/fizzyvape.eu\/wp-content\/uploads\/2025\/12\/Fizzy-150K-Puffs-Disposable-Vape-5-195x300.jpg 195w, https:\/\/fizzyvape.eu\/wp-content\/uploads\/2025\/12\/Fizzy-150K-Puffs-Disposable-Vape-5-520x800.jpg 520w, https:\/\/fizzyvape.eu\/wp-content\/uploads\/2025\/12\/Fizzy-150K-Puffs-Disposable-Vape-5-768x1182.jpg 768w, https:\/\/fizzyvape.eu\/wp-content\/uploads\/2025\/12\/Fizzy-150K-Puffs-Disposable-Vape-5-998x1536.jpg 998w, https:\/\/fizzyvape.eu\/wp-content\/uploads\/2025\/12\/Fizzy-150K-Puffs-Disposable-Vape-5-1330x2048.jpg 1330w, https:\/\/fizzyvape.eu\/wp-content\/uploads\/2025\/12\/Fizzy-150K-Puffs-Disposable-Vape-5-430x662.jpg 430w, https:\/\/fizzyvape.eu\/wp-content\/uploads\/2025\/12\/Fizzy-150K-Puffs-Disposable-Vape-5-700x1078.jpg 700w, https:\/\/fizzyvape.eu\/wp-content\/uploads\/2025\/12\/Fizzy-150K-Puffs-Disposable-Vape-5-150x231.jpg 150w\" sizes=\"(max-width: 1663px) 100vw, 1663px\" \/><\/p>\n<h2><b>\ud83d\udce6 Sp\u00e9cifications<\/b><\/h2>\n<table>\n<thead>\n<tr>\n<td><strong>Caract\u00e9ristiques<\/strong><\/td>\n<td><strong>Donn\u00e9es techniques B2B<\/strong><\/td>\n<\/tr>\n<\/thead>\n<tbody>\n<tr>\n<td><b>Nombre de bouff\u00e9es<\/b><\/td>\n<td>Jusqu&#8217;\u00e0 150 000 bouff\u00e9es<\/td>\n<\/tr>\n<tr>\n<td><b>Capacit\u00e9 en e-liquide<\/b><\/td>\n<td><b>80mL au total (20mL x 4 Pods ind\u00e9pendants)<\/b><\/td>\n<\/tr>\n<tr>\n<td><b>Batterie<\/b><\/td>\n<td>1000mAh Cobalt pur (Type-C rechargeable)<\/td>\n<\/tr>\n<tr>\n<td><b>Modes d&#8217;ar\u00f4mes<\/b><\/td>\n<td><b>15 combinaisons intelligentes (A\/B\/C\/D + hybrides)<\/b><\/td>\n<\/tr>\n<tr>\n<td><b>Syst\u00e8me d&#8217;enroulement<\/b><\/td>\n<td>Quad-Mesh 1.0\u03a9 (diffusion homog\u00e8ne)<\/td>\n<\/tr>\n<tr>\n<td><b>Emballage<\/b><\/td>\n<td>Bo\u00eetes d&#8217;exposition pr\u00eates pour la vente au d\u00e9tail<\/td>\n<\/tr>\n<\/tbody>\n<\/table>\n<h2><b>\ud83c\udfa8Fizzy<\/b>15-in-1 150K Puffs Rechargeable <strong>Disposable Vape Flavors List :<\/strong><\/h2>\n<ol>\n<li><a href=\"https:\/\/fizzyvape.eu\/fr\/produit\/150k-puffs-glace-pasteque-red-bull-fraise-framboise-glace-triple-melon\/\">glace past\u00e8que &amp; red bull &amp; fraise framboise &amp; glace triple melon<\/a><\/li>\n<li><a href=\"https:\/\/fizzyvape.eu\/fr\/produit\/150k-puffs-fraise-glacee-et-kiwi-fruit-de-la-passion-goyave-et-peche-mangue-pasteque-et-raisin-en-rafale\/\">fraise glac\u00e9e &amp; kiwi fruit de la passion goyave &amp; p\u00eache mangue past\u00e8que &amp; raisin \u00e9clat\u00e9<\/a><\/li>\n<li><a href=\"https:\/\/fizzyvape.eu\/produit\/fizzy-150k-puffs-red-bull-berry-ice-set\/\">red bull &amp; fraise kiwi grenade &amp; myrtille glace &amp; ananas noix de coco<\/a><\/li>\n<li><a href=\"https:\/\/fizzyvape.eu\/produit\/fizzy-150k-puffs-strawberry-kiwi-mixed-berry-set\/\">fraise kiwi &amp; baies m\u00e9lang\u00e9es &amp; past\u00e8que bubblegum &amp; p\u00eache juteuse<\/a><\/li>\n<li><a href=\"https:\/\/fizzyvape.eu\/produit\/fizzy-150k-puffs-blueberry-raspberry-candy-set\/\">myrtille framboise &amp; fraise glace &amp; limonade blue razz &amp; ourson gommeux past\u00e8que<\/a><\/li>\n<li><a href=\"https:\/\/fizzyvape.eu\/produit\/fizzy-150k-puffs-tropical-fruit-punch-set\/\">punch aux fruits tropicaux &amp; past\u00e8que framboise &amp; myrtille noix de coco &amp; fraise skittles<\/a><\/li>\n<li><a href=\"https:\/\/fizzyvape.eu\/produit\/fizzy-150k-puffs-love-66-strawberry-kiwi-set\/\">amour 66 &amp; fraise kiwi &amp; past\u00e8que myrtille &amp; framboise limonade<\/a><\/li>\n<li><a href=\"https:\/\/fizzyvape.eu\/produit\/fizzy-150k-puffs-fizzy-cola-berry-set\/\">baies m\u00e9lang\u00e9es &amp; ananas p\u00eache fruit de la passion &amp; cola p\u00e9tillant &amp; fraise framboise<\/a><\/li>\n<li><a href=\"https:\/\/fizzyvape.eu\/produit\/fizzy-150k-puffs-blue-razz-raspberry-set\/\">blue razz rapsberry &amp; watermelon cherry ice &amp; strawberry grape &amp;passion fruit orange peach<\/a><\/li>\n<li><a href=\"https:\/\/fizzyvape.eu\/produit\/fizzy-150k-puffs-fizzy-cherry-citrus-set\/\">cerise p\u00e9tillante &amp; fraise fruit du dragon &amp; citron vert &amp; past\u00e8que myrtille<\/a><\/li>\n<li><a href=\"https:\/\/fizzyvape.eu\/produit\/fizzy-150k-puffs-vanilla-coke-berry-set\/\">fraise vanille coca &amp; myrtille framboise &amp; past\u00e8que glace &amp; cerise baie<\/a><\/li>\n<li><a href=\"https:\/\/fizzyvape.eu\/produit\/fizzy-150k-puffs-mojito-ice-set\/\">myrtille glac\u00e9e &amp; fraise past\u00e8que &amp; mojito &amp; kiwi fruit de la passion goyave<\/a><\/li>\n<\/ol>\n<h2><b>\u2753 FAQ rapide<\/b><\/h2>\n<p><b>Q : La vape jetable Fizzy 150K Puffs est-elle facile \u00e0 utiliser ?<\/b><\/p>\n<p>R : Oui ! Il est dot\u00e9 d&#8217;un interrupteur &#8220;Smart Selector&#8221;. Il vous suffit de cliquer ou de basculer pour alterner entre les dosettes A, B, C ou D. L&#8217;\u00e9cran se met instantan\u00e9ment \u00e0 jour pour vous indiquer le parfum actif.  <\/p>\n<p><b>Q : Comment savoir si un ar\u00f4me est termin\u00e9 ?<\/b><\/p>\n<p>R : L&#8217;\u00e9cran Smart LED comporte quatre barres individuelles d&#8217;e-liquide. Lorsque la barre de &#8220;Grape Burst&#8221; atteint z\u00e9ro, cette dosette sp\u00e9cifique de 20 ml est vide. <\/p>\n<p><b>Q : Ce dispositif est-il authentique ?<\/b><\/p>\n<p>R : Absolument. Chaque unit\u00e9 comporte une \u00e9tiquette de s\u00e9curit\u00e9 unique \u00e0 gratter. Vous pouvez v\u00e9rifier votre 150K Puffs jetable sur le site officiel de Fizzy.  <\/p>\n","protected":false},"excerpt":{"rendered":"[html_block id=\"38779\"]\n","protected":false},"featured_media":38934,"comment_status":"open","ping_status":"closed","template":"","meta":{"iawp_total_views":0},"product_brand":[],"product_cat":[995],"product_tag":[],"class_list":{"0":"post-38982","1":"product","2":"type-product","3":"status-publish","4":"has-post-thumbnail","6":"product_cat-vape-jetable-rechargeable-fizzy-150k-150-000-bouffees-15-en-1","8":"first","9":"instock","10":"sale","11":"shipping-taxable","12":"purchasable","13":"product-type-variable"},"yoast_head":"<!-- This site is optimized with the Yoast SEO Premium plugin v24.8 (Yoast SEO v27.4) - https:\/\/yoast.com\/product\/yoast-seo-premium-wordpress\/ -->\n<title>Fizzy 150K Puffs Strawberry Ice Multi-Flavor Vape jetable<\/title>\n<meta name=\"description\" content=\"Savourez Strawberry Ice, Kiwi Passion Fruit Guava, Peach Mango Watermelon, et Grape Burst dans une vape rechargeable jetable Fizzy 150K Puffs.\" \/>\n<meta name=\"robots\" content=\"index, follow, max-snippet:-1, max-image-preview:large, max-video-preview:-1\" \/>\n<link rel=\"canonical\" href=\"https:\/\/fizzyvape.eu\/fr\/produit\/150k-puffs-fraise-glacee-et-kiwi-fruit-de-la-passion-goyave-et-peche-mangue-pasteque-et-raisin-en-rafale\/\" \/>\n<meta property=\"og:locale\" content=\"fr_FR\" \/>\n<meta property=\"og:type\" content=\"article\" \/>\n<meta property=\"og:title\" content=\"150K Puffs - Fraise glac\u00e9e et kiwi Fruit de la passion Goyave et p\u00eache Mangue Past\u00e8que et raisin en rafale\" \/>\n<meta property=\"og:description\" content=\"Savourez Strawberry Ice, Kiwi Passion Fruit Guava, Peach Mango Watermelon, et Grape Burst dans une vape rechargeable jetable Fizzy 150K Puffs.\" \/>\n<meta property=\"og:url\" content=\"https:\/\/fizzyvape.eu\/fr\/produit\/150k-puffs-fraise-glacee-et-kiwi-fruit-de-la-passion-goyave-et-peche-mangue-pasteque-et-raisin-en-rafale\/\" \/>\n<meta property=\"og:site_name\" content=\"fizzyvape.eu\" \/>\n<meta property=\"og:image\" content=\"https:\/\/fizzyvape.eu\/wp-content\/uploads\/2026\/01\/Fizzy-15-in-1-150K-Puffs-Rechargeable-Disposable-Vape-Flavors-2-2.jpg\" \/>\n\t<meta property=\"og:image:width\" content=\"1000\" \/>\n\t<meta property=\"og:image:height\" content=\"1000\" \/>\n\t<meta property=\"og:image:type\" content=\"image\/jpeg\" \/>\n<meta name=\"twitter:card\" content=\"summary_large_image\" \/>\n<meta name=\"twitter:label1\" content=\"Disponibilit\u00e9\" \/>\n\t<meta name=\"twitter:data1\" content=\"En stock\" \/>\n<script type=\"application\/ld+json\" class=\"yoast-schema-graph\">{\"@context\":\"https:\\\/\\\/schema.org\",\"@graph\":[{\"@type\":\"WebPage\",\"@id\":\"https:\\\/\\\/fizzyvape.eu\\\/fr\\\/produit\\\/150k-puffs-fraise-glacee-et-kiwi-fruit-de-la-passion-goyave-et-peche-mangue-pasteque-et-raisin-en-rafale\\\/\",\"url\":\"https:\\\/\\\/fizzyvape.eu\\\/fr\\\/produit\\\/150k-puffs-fraise-glacee-et-kiwi-fruit-de-la-passion-goyave-et-peche-mangue-pasteque-et-raisin-en-rafale\\\/\",\"name\":\"Fizzy 150K Puffs Strawberry Ice Multi-Flavor Vape jetable\",\"isPartOf\":{\"@id\":\"https:\\\/\\\/www.fizzyvape.eu\\\/fr\\\/#website\"},\"primaryImageOfPage\":{\"@id\":\"https:\\\/\\\/fizzyvape.eu\\\/fr\\\/produit\\\/150k-puffs-fraise-glacee-et-kiwi-fruit-de-la-passion-goyave-et-peche-mangue-pasteque-et-raisin-en-rafale\\\/#primaryimage\"},\"image\":{\"@id\":\"https:\\\/\\\/fizzyvape.eu\\\/fr\\\/produit\\\/150k-puffs-fraise-glacee-et-kiwi-fruit-de-la-passion-goyave-et-peche-mangue-pasteque-et-raisin-en-rafale\\\/#primaryimage\"},\"thumbnailUrl\":\"https:\\\/\\\/fizzyvape.eu\\\/wp-content\\\/uploads\\\/2026\\\/01\\\/Fizzy-15-in-1-150K-Puffs-Rechargeable-Disposable-Vape-Flavors-2-2.jpg\",\"datePublished\":\"2026-01-19T09:43:54+00:00\",\"description\":\"Savourez Strawberry Ice, Kiwi Passion Fruit Guava, Peach Mango Watermelon, et Grape Burst dans une vape rechargeable jetable Fizzy 150K Puffs.\",\"breadcrumb\":{\"@id\":\"https:\\\/\\\/fizzyvape.eu\\\/fr\\\/produit\\\/150k-puffs-fraise-glacee-et-kiwi-fruit-de-la-passion-goyave-et-peche-mangue-pasteque-et-raisin-en-rafale\\\/#breadcrumb\"},\"inLanguage\":\"fr-FR\",\"potentialAction\":[{\"@type\":\"ReadAction\",\"target\":[\"https:\\\/\\\/fizzyvape.eu\\\/fr\\\/produit\\\/150k-puffs-fraise-glacee-et-kiwi-fruit-de-la-passion-goyave-et-peche-mangue-pasteque-et-raisin-en-rafale\\\/\"]}]},{\"@type\":\"ImageObject\",\"inLanguage\":\"fr-FR\",\"@id\":\"https:\\\/\\\/fizzyvape.eu\\\/fr\\\/produit\\\/150k-puffs-fraise-glacee-et-kiwi-fruit-de-la-passion-goyave-et-peche-mangue-pasteque-et-raisin-en-rafale\\\/#primaryimage\",\"url\":\"https:\\\/\\\/fizzyvape.eu\\\/wp-content\\\/uploads\\\/2026\\\/01\\\/Fizzy-15-in-1-150K-Puffs-Rechargeable-Disposable-Vape-Flavors-2-2.jpg\",\"contentUrl\":\"https:\\\/\\\/fizzyvape.eu\\\/wp-content\\\/uploads\\\/2026\\\/01\\\/Fizzy-15-in-1-150K-Puffs-Rechargeable-Disposable-Vape-Flavors-2-2.jpg\",\"width\":1000,\"height\":1000,\"caption\":\"Fizzy 15-en-1 150K Puffs Rechargeable Disposable Vape Flavors 2\"},{\"@type\":\"BreadcrumbList\",\"@id\":\"https:\\\/\\\/fizzyvape.eu\\\/fr\\\/produit\\\/150k-puffs-fraise-glacee-et-kiwi-fruit-de-la-passion-goyave-et-peche-mangue-pasteque-et-raisin-en-rafale\\\/#breadcrumb\",\"itemListElement\":[{\"@type\":\"ListItem\",\"position\":1,\"name\":\"Home\",\"item\":\"https:\\\/\\\/fizzyvape.eu\\\/fr\\\/\"},{\"@type\":\"ListItem\",\"position\":2,\"name\":\"Boutique\",\"item\":\"https:\\\/\\\/www.fizzyvape.eu\\\/fr\\\/boutique\\\/\"},{\"@type\":\"ListItem\",\"position\":3,\"name\":\"150K Puffs &#8211; Fraise glac\u00e9e et kiwi Fruit de la passion Goyave et p\u00eache Mangue Past\u00e8que et raisin en rafale\"}]},{\"@type\":\"WebSite\",\"@id\":\"https:\\\/\\\/www.fizzyvape.eu\\\/fr\\\/#website\",\"url\":\"https:\\\/\\\/www.fizzyvape.eu\\\/fr\\\/\",\"name\":\"fizzyvape.eu\",\"description\":\"Refreshing Vapes. Unforgettable Taste.\",\"publisher\":{\"@id\":\"https:\\\/\\\/www.fizzyvape.eu\\\/fr\\\/#organization\"},\"potentialAction\":[{\"@type\":\"SearchAction\",\"target\":{\"@type\":\"EntryPoint\",\"urlTemplate\":\"https:\\\/\\\/www.fizzyvape.eu\\\/fr\\\/?s={search_term_string}\"},\"query-input\":{\"@type\":\"PropertyValueSpecification\",\"valueRequired\":true,\"valueName\":\"search_term_string\"}}],\"inLanguage\":\"fr-FR\"},{\"@type\":\"Organization\",\"@id\":\"https:\\\/\\\/www.fizzyvape.eu\\\/fr\\\/#organization\",\"name\":\"fizzyvape.eu\",\"url\":\"https:\\\/\\\/www.fizzyvape.eu\\\/fr\\\/\",\"logo\":{\"@type\":\"ImageObject\",\"inLanguage\":\"fr-FR\",\"@id\":\"https:\\\/\\\/www.fizzyvape.eu\\\/fr\\\/#\\\/schema\\\/logo\\\/image\\\/\",\"url\":\"https:\\\/\\\/fizzyvape.eu\\\/wp-content\\\/uploads\\\/2019\\\/06\\\/print-1.svg\",\"contentUrl\":\"https:\\\/\\\/fizzyvape.eu\\\/wp-content\\\/uploads\\\/2019\\\/06\\\/print-1.svg\",\"width\":124,\"height\":37,\"caption\":\"fizzyvape.eu\"},\"image\":{\"@id\":\"https:\\\/\\\/www.fizzyvape.eu\\\/fr\\\/#\\\/schema\\\/logo\\\/image\\\/\"}}]}<\/script>\n<meta property=\"og:availability\" content=\"instock\" \/>\n<meta property=\"product:availability\" content=\"instock\" \/>\n<meta property=\"product:condition\" content=\"new\" \/>\n<!-- \/ Yoast SEO Premium plugin. -->","yoast_head_json":{"title":"Fizzy 150K Puffs Strawberry Ice Multi-Flavor Vape jetable","description":"Savourez Strawberry Ice, Kiwi Passion Fruit Guava, Peach Mango Watermelon, et Grape Burst dans une vape rechargeable jetable Fizzy 150K Puffs.","robots":{"index":"index","follow":"follow","max-snippet":"max-snippet:-1","max-image-preview":"max-image-preview:large","max-video-preview":"max-video-preview:-1"},"canonical":"https:\/\/fizzyvape.eu\/fr\/produit\/150k-puffs-fraise-glacee-et-kiwi-fruit-de-la-passion-goyave-et-peche-mangue-pasteque-et-raisin-en-rafale\/","og_locale":"fr_FR","og_type":"article","og_title":"150K Puffs - Fraise glac\u00e9e et kiwi Fruit de la passion Goyave et p\u00eache Mangue Past\u00e8que et raisin en rafale","og_description":"Savourez Strawberry Ice, Kiwi Passion Fruit Guava, Peach Mango Watermelon, et Grape Burst dans une vape rechargeable jetable Fizzy 150K Puffs.","og_url":"https:\/\/fizzyvape.eu\/fr\/produit\/150k-puffs-fraise-glacee-et-kiwi-fruit-de-la-passion-goyave-et-peche-mangue-pasteque-et-raisin-en-rafale\/","og_site_name":"fizzyvape.eu","og_image":[{"width":1000,"height":1000,"url":"https:\/\/fizzyvape.eu\/wp-content\/uploads\/2026\/01\/Fizzy-15-in-1-150K-Puffs-Rechargeable-Disposable-Vape-Flavors-2-2.jpg","type":"image\/jpeg"}],"twitter_card":"summary_large_image","twitter_misc":{"Disponibilit\u00e9":"En stock"},"schema":{"@context":"https:\/\/schema.org","@graph":[{"@type":"WebPage","@id":"https:\/\/fizzyvape.eu\/fr\/produit\/150k-puffs-fraise-glacee-et-kiwi-fruit-de-la-passion-goyave-et-peche-mangue-pasteque-et-raisin-en-rafale\/","url":"https:\/\/fizzyvape.eu\/fr\/produit\/150k-puffs-fraise-glacee-et-kiwi-fruit-de-la-passion-goyave-et-peche-mangue-pasteque-et-raisin-en-rafale\/","name":"Fizzy 150K Puffs Strawberry Ice Multi-Flavor Vape jetable","isPartOf":{"@id":"https:\/\/www.fizzyvape.eu\/fr\/#website"},"primaryImageOfPage":{"@id":"https:\/\/fizzyvape.eu\/fr\/produit\/150k-puffs-fraise-glacee-et-kiwi-fruit-de-la-passion-goyave-et-peche-mangue-pasteque-et-raisin-en-rafale\/#primaryimage"},"image":{"@id":"https:\/\/fizzyvape.eu\/fr\/produit\/150k-puffs-fraise-glacee-et-kiwi-fruit-de-la-passion-goyave-et-peche-mangue-pasteque-et-raisin-en-rafale\/#primaryimage"},"thumbnailUrl":"https:\/\/fizzyvape.eu\/wp-content\/uploads\/2026\/01\/Fizzy-15-in-1-150K-Puffs-Rechargeable-Disposable-Vape-Flavors-2-2.jpg","datePublished":"2026-01-19T09:43:54+00:00","description":"Savourez Strawberry Ice, Kiwi Passion Fruit Guava, Peach Mango Watermelon, et Grape Burst dans une vape rechargeable jetable Fizzy 150K Puffs.","breadcrumb":{"@id":"https:\/\/fizzyvape.eu\/fr\/produit\/150k-puffs-fraise-glacee-et-kiwi-fruit-de-la-passion-goyave-et-peche-mangue-pasteque-et-raisin-en-rafale\/#breadcrumb"},"inLanguage":"fr-FR","potentialAction":[{"@type":"ReadAction","target":["https:\/\/fizzyvape.eu\/fr\/produit\/150k-puffs-fraise-glacee-et-kiwi-fruit-de-la-passion-goyave-et-peche-mangue-pasteque-et-raisin-en-rafale\/"]}]},{"@type":"ImageObject","inLanguage":"fr-FR","@id":"https:\/\/fizzyvape.eu\/fr\/produit\/150k-puffs-fraise-glacee-et-kiwi-fruit-de-la-passion-goyave-et-peche-mangue-pasteque-et-raisin-en-rafale\/#primaryimage","url":"https:\/\/fizzyvape.eu\/wp-content\/uploads\/2026\/01\/Fizzy-15-in-1-150K-Puffs-Rechargeable-Disposable-Vape-Flavors-2-2.jpg","contentUrl":"https:\/\/fizzyvape.eu\/wp-content\/uploads\/2026\/01\/Fizzy-15-in-1-150K-Puffs-Rechargeable-Disposable-Vape-Flavors-2-2.jpg","width":1000,"height":1000,"caption":"Fizzy 15-en-1 150K Puffs Rechargeable Disposable Vape Flavors 2"},{"@type":"BreadcrumbList","@id":"https:\/\/fizzyvape.eu\/fr\/produit\/150k-puffs-fraise-glacee-et-kiwi-fruit-de-la-passion-goyave-et-peche-mangue-pasteque-et-raisin-en-rafale\/#breadcrumb","itemListElement":[{"@type":"ListItem","position":1,"name":"Home","item":"https:\/\/fizzyvape.eu\/fr\/"},{"@type":"ListItem","position":2,"name":"Boutique","item":"https:\/\/www.fizzyvape.eu\/fr\/boutique\/"},{"@type":"ListItem","position":3,"name":"150K Puffs &#8211; Fraise glac\u00e9e et kiwi Fruit de la passion Goyave et p\u00eache Mangue Past\u00e8que et raisin en rafale"}]},{"@type":"WebSite","@id":"https:\/\/www.fizzyvape.eu\/fr\/#website","url":"https:\/\/www.fizzyvape.eu\/fr\/","name":"fizzyvape.eu","description":"Refreshing Vapes. Unforgettable Taste.","publisher":{"@id":"https:\/\/www.fizzyvape.eu\/fr\/#organization"},"potentialAction":[{"@type":"SearchAction","target":{"@type":"EntryPoint","urlTemplate":"https:\/\/www.fizzyvape.eu\/fr\/?s={search_term_string}"},"query-input":{"@type":"PropertyValueSpecification","valueRequired":true,"valueName":"search_term_string"}}],"inLanguage":"fr-FR"},{"@type":"Organization","@id":"https:\/\/www.fizzyvape.eu\/fr\/#organization","name":"fizzyvape.eu","url":"https:\/\/www.fizzyvape.eu\/fr\/","logo":{"@type":"ImageObject","inLanguage":"fr-FR","@id":"https:\/\/www.fizzyvape.eu\/fr\/#\/schema\/logo\/image\/","url":"https:\/\/fizzyvape.eu\/wp-content\/uploads\/2019\/06\/print-1.svg","contentUrl":"https:\/\/fizzyvape.eu\/wp-content\/uploads\/2019\/06\/print-1.svg","width":124,"height":37,"caption":"fizzyvape.eu"},"image":{"@id":"https:\/\/www.fizzyvape.eu\/fr\/#\/schema\/logo\/image\/"}}]},"og_availability":"instock","product_availability":"instock","product_condition":"new"},"tiered_pricing_type":"fixed","tiered_pricing_fixed_rules":[],"tiered_pricing_product_settings":{"layout":"default","base_unit_name":{"singular":null,"plural":null},"default_variation":null},"tiered_pricing_minimum_quantity":null,"tiered_pricing_roles_data":[],"tiered_pricing_percentage_rules":[],"tiered_pricing_maximum_quantity":null,"tiered_pricing_quantity_step":null,"_links":{"self":[{"href":"https:\/\/fizzyvape.eu\/fr\/wp-json\/wp\/v2\/product\/38982","targetHints":{"allow":["GET"]}}],"collection":[{"href":"https:\/\/fizzyvape.eu\/fr\/wp-json\/wp\/v2\/product"}],"about":[{"href":"https:\/\/fizzyvape.eu\/fr\/wp-json\/wp\/v2\/types\/product"}],"replies":[{"embeddable":true,"href":"https:\/\/fizzyvape.eu\/fr\/wp-json\/wp\/v2\/comments?post=38982"}],"version-history":[{"count":0,"href":"https:\/\/fizzyvape.eu\/fr\/wp-json\/wp\/v2\/product\/38982\/revisions"}],"wp:featuredmedia":[{"embeddable":true,"href":"https:\/\/fizzyvape.eu\/fr\/wp-json\/wp\/v2\/media\/38934"}],"wp:attachment":[{"href":"https:\/\/fizzyvape.eu\/fr\/wp-json\/wp\/v2\/media?parent=38982"}],"wp:term":[{"taxonomy":"product_brand","embeddable":true,"href":"https:\/\/fizzyvape.eu\/fr\/wp-json\/wp\/v2\/product_brand?post=38982"},{"taxonomy":"product_cat","embeddable":true,"href":"https:\/\/fizzyvape.eu\/fr\/wp-json\/wp\/v2\/product_cat?post=38982"},{"taxonomy":"product_tag","embeddable":true,"href":"https:\/\/fizzyvape.eu\/fr\/wp-json\/wp\/v2\/product_tag?post=38982"}],"curies":[{"name":"wp","href":"https:\/\/api.w.org\/{rel}","templated":true}]}}