{"id":39000,"date":"2026-01-19T17:52:51","date_gmt":"2026-01-19T09:52:51","guid":{"rendered":"https:\/\/fizzyvape.eu\/product\/150k-puffs-red-bull-fraise-kiwi-grenade-myrtille-glace-ananas-noix-de-coco\/"},"modified":"2026-01-19T17:52:51","modified_gmt":"2026-01-19T09:52:51","slug":"150k-puffs-red-bull-fraise-kiwi-grenade-myrtille-glace-ananas-noix-de-coco","status":"publish","type":"product","link":"https:\/\/fizzyvape.eu\/fr\/produit\/150k-puffs-red-bull-fraise-kiwi-grenade-myrtille-glace-ananas-noix-de-coco\/","title":{"rendered":"150K Puffs &#8211; Red Bull &amp; Fraise Kiwi Grenade &amp; Myrtille Glace &amp; Ananas Noix de Coco"},"content":{"rendered":"<p><img decoding=\"async\" class=\"wp-image-38824 size-large\" src=\"https:\/\/fizzyvape.eu\/wp-content\/uploads\/2026\/01\/Fizzy-15-in-1-150K-Puffs-Rechargeable-Disposable-Vape-Flavors-3-1-800x800.jpg\" alt=\"Fizzy 15-en-1 150K Puffs Rechargeable Disposable Vape Flavors 3\" width=\"800\" height=\"800\" srcset=\"https:\/\/fizzyvape.eu\/wp-content\/uploads\/2026\/01\/Fizzy-15-in-1-150K-Puffs-Rechargeable-Disposable-Vape-Flavors-3-1-800x800.jpg 800w, https:\/\/fizzyvape.eu\/wp-content\/uploads\/2026\/01\/Fizzy-15-in-1-150K-Puffs-Rechargeable-Disposable-Vape-Flavors-3-1-300x300.jpg 300w, https:\/\/fizzyvape.eu\/wp-content\/uploads\/2026\/01\/Fizzy-15-in-1-150K-Puffs-Rechargeable-Disposable-Vape-Flavors-3-1-150x150.jpg 150w, https:\/\/fizzyvape.eu\/wp-content\/uploads\/2026\/01\/Fizzy-15-in-1-150K-Puffs-Rechargeable-Disposable-Vape-Flavors-3-1-768x768.jpg 768w, https:\/\/fizzyvape.eu\/wp-content\/uploads\/2026\/01\/Fizzy-15-in-1-150K-Puffs-Rechargeable-Disposable-Vape-Flavors-3-1-100x100.jpg 100w, https:\/\/fizzyvape.eu\/wp-content\/uploads\/2026\/01\/Fizzy-15-in-1-150K-Puffs-Rechargeable-Disposable-Vape-Flavors-3-1-200x200.jpg 200w, https:\/\/fizzyvape.eu\/wp-content\/uploads\/2026\/01\/Fizzy-15-in-1-150K-Puffs-Rechargeable-Disposable-Vape-Flavors-3-1-400x400.jpg 400w, https:\/\/fizzyvape.eu\/wp-content\/uploads\/2026\/01\/Fizzy-15-in-1-150K-Puffs-Rechargeable-Disposable-Vape-Flavors-3-1-500x500.jpg 500w, https:\/\/fizzyvape.eu\/wp-content\/uploads\/2026\/01\/Fizzy-15-in-1-150K-Puffs-Rechargeable-Disposable-Vape-Flavors-3-1-430x430.jpg 430w, https:\/\/fizzyvape.eu\/wp-content\/uploads\/2026\/01\/Fizzy-15-in-1-150K-Puffs-Rechargeable-Disposable-Vape-Flavors-3-1-700x700.jpg 700w, https:\/\/fizzyvape.eu\/wp-content\/uploads\/2026\/01\/Fizzy-15-in-1-150K-Puffs-Rechargeable-Disposable-Vape-Flavors-3-1.jpg 1000w\" sizes=\"(max-width: 800px) 100vw, 800px\" \/><\/p>\n<h2>Fizzy 150000 Puffs Vape jetable &#8211; Red Bull &amp; Fraise Kiwi Grenade &amp; Myrtille Glace &amp; Ananas Noix de Coco<\/h2>\n<p><b>150 000 bouff\u00e9es. 15 saveurs. Un dispositif l\u00e9gendaire.  <\/b><\/p>\n<p>La <b>Fizzy 150000 Puffs<\/b> est la premi\u00e8re <b>vapoteuse intelligente 15-en-1 multi-saveurs<\/b> au monde, con\u00e7ue pour vous donner un contr\u00f4le total sur votre exp\u00e9rience de vapotage. Avec une <b>capacit\u00e9<\/b> massive <b>de 80 ml d&#8217;e-liquide<\/b> et un <b>syst\u00e8me<\/b> r\u00e9volutionnaire <b>\u00e0 4 pods<\/b>, cet appareil dure plus longtemps que tout ce qui existe sur le march\u00e9 tout en offrant une vari\u00e9t\u00e9 d&#8217;ar\u00f4mes que vous pouvez changer instantan\u00e9ment. <\/p>\n<h2><b>  La liste ma\u00eetresse des ar\u00f4mes en 4 sachets<\/b><\/h2>\n<p>Cette unit\u00e9 sp\u00e9cifique Fizzy 150K propose quatre saveurs embl\u00e9matiques. Vapez-les individuellement ou utilisez le smart toggle pour <b>les m\u00e9langer et obtenir 15 go\u00fbts hybrides diff\u00e9rents :<\/b> <\/p>\n<ul>\n<li><b>\u26a1 Red Bull :<\/b> Cette boisson \u00e9nergisante incomparable et tranchante pour donner un coup de fouet \u00e0 votre journ\u00e9e.<\/li>\n<li><b>\ud83c\udf53 Fraise Kiwi Grenade :<\/b> Une explosion sucr\u00e9e et acidul\u00e9e de superfruits exotiques.<\/li>\n<li><b>\u2744\ufe0f Blueberry Ice :<\/b> myrtilles de montagne cueillies \u00e0 la main avec un fini menthol\u00e9 croquant et rafra\u00eechissant.<\/li>\n<li><b>\ud83e\udd65 Ananas Coco :<\/b> Une \u00e9vasion tropicale cr\u00e9meuse et ensoleill\u00e9e dans chaque bouff\u00e9e.<\/li>\n<\/ul>\n<p><img decoding=\"async\" class=\"wp-image-38407 size-full\" src=\"https:\/\/fizzyvape.eu\/wp-content\/uploads\/2025\/12\/Fizzy-150K-Puffs-Disposable-Vape-5-scaled.jpg\" alt=\"Fizzy 150K Puffs Vape jetable - 5\" width=\"1663\" height=\"2560\" srcset=\"https:\/\/fizzyvape.eu\/wp-content\/uploads\/2025\/12\/Fizzy-150K-Puffs-Disposable-Vape-5-scaled.jpg 1663w, https:\/\/fizzyvape.eu\/wp-content\/uploads\/2025\/12\/Fizzy-150K-Puffs-Disposable-Vape-5-195x300.jpg 195w, https:\/\/fizzyvape.eu\/wp-content\/uploads\/2025\/12\/Fizzy-150K-Puffs-Disposable-Vape-5-520x800.jpg 520w, https:\/\/fizzyvape.eu\/wp-content\/uploads\/2025\/12\/Fizzy-150K-Puffs-Disposable-Vape-5-768x1182.jpg 768w, https:\/\/fizzyvape.eu\/wp-content\/uploads\/2025\/12\/Fizzy-150K-Puffs-Disposable-Vape-5-998x1536.jpg 998w, https:\/\/fizzyvape.eu\/wp-content\/uploads\/2025\/12\/Fizzy-150K-Puffs-Disposable-Vape-5-1330x2048.jpg 1330w, https:\/\/fizzyvape.eu\/wp-content\/uploads\/2025\/12\/Fizzy-150K-Puffs-Disposable-Vape-5-430x662.jpg 430w, https:\/\/fizzyvape.eu\/wp-content\/uploads\/2025\/12\/Fizzy-150K-Puffs-Disposable-Vape-5-700x1078.jpg 700w, https:\/\/fizzyvape.eu\/wp-content\/uploads\/2025\/12\/Fizzy-150K-Puffs-Disposable-Vape-5-150x231.jpg 150w\" sizes=\"(max-width: 1663px) 100vw, 1663px\" \/><\/p>\n<h2><b>\ud83d\udce6 Sp\u00e9cifications<\/b><\/h2>\n<table>\n<thead>\n<tr>\n<td><strong>Caract\u00e9ristiques<\/strong><\/td>\n<td><strong>Donn\u00e9es techniques B2B<\/strong><\/td>\n<\/tr>\n<\/thead>\n<tbody>\n<tr>\n<td><b>Nombre de bouff\u00e9es<\/b><\/td>\n<td>Jusqu&#8217;\u00e0 150 000 bouff\u00e9es<\/td>\n<\/tr>\n<tr>\n<td><b>Capacit\u00e9 en e-liquide<\/b><\/td>\n<td><b>80mL au total (20mL x 4 Pods ind\u00e9pendants)<\/b><\/td>\n<\/tr>\n<tr>\n<td><b>Batterie<\/b><\/td>\n<td>1000mAh Cobalt pur (Type-C rechargeable)<\/td>\n<\/tr>\n<tr>\n<td><b>Modes d&#8217;ar\u00f4mes<\/b><\/td>\n<td><b>15 combinaisons intelligentes (A\/B\/C\/D + hybrides)<\/b><\/td>\n<\/tr>\n<tr>\n<td><b>Syst\u00e8me d&#8217;enroulement<\/b><\/td>\n<td>Quad-Mesh 1.0\u03a9 (diffusion homog\u00e8ne)<\/td>\n<\/tr>\n<tr>\n<td><b>Emballage<\/b><\/td>\n<td>Bo\u00eetes d&#8217;exposition pr\u00eates pour la vente au d\u00e9tail<\/td>\n<\/tr>\n<\/tbody>\n<\/table>\n<h2><b>\ud83c\udfa8Fizzy<\/b>15-in-1 150K Puffs Rechargeable <strong>Disposable Vape Flavors List :<\/strong><\/h2>\n<ol>\n<li><a href=\"https:\/\/fizzyvape.eu\/fr\/produit\/150k-puffs-glace-pasteque-red-bull-fraise-framboise-glace-triple-melon\/\">glace past\u00e8que &amp; red bull &amp; fraise framboise &amp; glace triple melon<\/a><\/li>\n<li><a href=\"https:\/\/fizzyvape.eu\/fr\/produit\/150k-puffs-fraise-glacee-et-kiwi-fruit-de-la-passion-goyave-et-peche-mangue-pasteque-et-raisin-en-rafale\/\">fraise glac\u00e9e &amp; kiwi fruit de la passion goyave &amp; p\u00eache mangue past\u00e8que &amp; raisin \u00e9clat\u00e9<\/a><\/li>\n<li><a href=\"https:\/\/fizzyvape.eu\/fr\/produit\/150k-puffs-red-bull-fraise-kiwi-grenade-myrtille-glace-ananas-noix-de-coco\/\">red bull &amp; fraise kiwi grenade &amp; myrtille glace &amp; ananas noix de coco<\/a><\/li>\n<li><a href=\"https:\/\/fizzyvape.eu\/produit\/fizzy-150k-puffs-strawberry-kiwi-mixed-berry-set\/\">fraise kiwi &amp; baies m\u00e9lang\u00e9es &amp; past\u00e8que bubblegum &amp; p\u00eache juteuse<\/a><\/li>\n<li><a href=\"https:\/\/fizzyvape.eu\/produit\/fizzy-150k-puffs-blueberry-raspberry-candy-set\/\">myrtille framboise &amp; fraise glace &amp; limonade blue razz &amp; ourson gommeux past\u00e8que<\/a><\/li>\n<li><a href=\"https:\/\/fizzyvape.eu\/produit\/fizzy-150k-puffs-tropical-fruit-punch-set\/\">punch aux fruits tropicaux &amp; past\u00e8que framboise &amp; myrtille noix de coco &amp; fraise skittles<\/a><\/li>\n<li><a href=\"https:\/\/fizzyvape.eu\/produit\/fizzy-150k-puffs-love-66-strawberry-kiwi-set\/\">amour 66 &amp; fraise kiwi &amp; past\u00e8que myrtille &amp; framboise limonade<\/a><\/li>\n<li><a href=\"https:\/\/fizzyvape.eu\/produit\/fizzy-150k-puffs-fizzy-cola-berry-set\/\">baies m\u00e9lang\u00e9es &amp; ananas p\u00eache fruit de la passion &amp; cola p\u00e9tillant &amp; fraise framboise<\/a><\/li>\n<li><a href=\"https:\/\/fizzyvape.eu\/produit\/fizzy-150k-puffs-blue-razz-raspberry-set\/\">blue razz rapsberry &amp; watermelon cherry ice &amp; strawberry grape &amp;passion fruit orange peach<\/a><\/li>\n<li><a href=\"https:\/\/fizzyvape.eu\/produit\/fizzy-150k-puffs-fizzy-cherry-citrus-set\/\">cerise p\u00e9tillante &amp; fraise fruit du dragon &amp; citron vert &amp; past\u00e8que myrtille<\/a><\/li>\n<li><a href=\"https:\/\/fizzyvape.eu\/produit\/fizzy-150k-puffs-vanilla-coke-berry-set\/\">fraise vanille coca &amp; myrtille framboise &amp; past\u00e8que glace &amp; cerise baie<\/a><\/li>\n<li><a href=\"https:\/\/fizzyvape.eu\/produit\/fizzy-150k-puffs-mojito-ice-set\/\">myrtille glac\u00e9e &amp; fraise past\u00e8que &amp; mojito &amp; kiwi fruit de la passion goyave<\/a><\/li>\n<\/ol>\n<h3 data-start=\"2198\" data-end=\"2222\">Pourquoi choisir le Fizzy 150K ?<\/h3>\n<p> <b> 150 000 bouff\u00e9es :<\/b> La vape qui dure le plus longtemps sur le march\u00e9.<\/p>\n<p>  \ud83d\udd04 <b> Saveurs 15 en 1 :<\/b> 4 dosettes ind\u00e9pendantes ; changez ou m\u00e9langez les saveurs instantan\u00e9ment.<\/p>\n<p> <b> \ud83d\udcf1 \u00c9cran intelligent :<\/b> Surveillance en temps r\u00e9el de la batterie et de l&#8217;e-liquide.<\/p>\n<p> <b> Quad-Mesh Tech :<\/b> 4 bobines pour une absence de perte de saveur et des nuages massifs.<\/p>\n<h2><b>Sp\u00e9cifications des produits<\/b><\/h2>\n<table>\n<thead>\n<tr>\n<td><strong>Caract\u00e9ristiques<\/strong><\/td>\n<td><strong>D\u00e9tails<\/strong><\/td>\n<\/tr>\n<\/thead>\n<tbody>\n<tr>\n<td><b>Nombre total de bouff\u00e9es<\/b><\/td>\n<td><b>Jusqu&#8217;\u00e0 150 000 bouff\u00e9es<\/b><\/td>\n<\/tr>\n<tr>\n<td><b>Capacit\u00e9 en e-liquide<\/b><\/td>\n<td><b>80mL (20mL par Pod x 4)<\/b><\/td>\n<\/tr>\n<tr>\n<td><b>Syst\u00e8me d&#8217;ar\u00f4mes<\/b><\/td>\n<td><b>Bascule multi-saveurs 15 en 1<\/b><\/td>\n<\/tr>\n<tr>\n<td><b>Batterie<\/b><\/td>\n<td>1000mAh Rechargeable (Cobalt pur)<\/td>\n<\/tr>\n<tr>\n<td><b>Chargement<\/b><\/td>\n<td>Port Type-C rapide<\/td>\n<\/tr>\n<tr>\n<td><b>Technologie de la bobine<\/b><\/td>\n<td><b>Quad-Mesh (1.0\u03a9 x4)<\/b><\/td>\n<\/tr>\n<tr>\n<td><b>\u00c9cran<\/b><\/td>\n<td>\u00c9cran LED intelligent en couleurs<\/td>\n<\/tr>\n<\/tbody>\n<\/table>\n<h2><b>FAQ-Fizzy<\/b>150000 bouff\u00e9es Vape jetable<\/h2>\n<p>Q : Comment puis-je modifier le go\u00fbt ?<\/p>\n<p>R : Utilisez le s\u00e9lecteur intelligent de l&#8217;appareil pour basculer entre les dosettes A, B, C ou D. Vous pouvez \u00e9galement s\u00e9lectionner les modes &#8220;Combo&#8221; pour m\u00e9langer les ar\u00f4mes !<\/p>\n<p>Q : La saveur devient-elle br\u00fbl\u00e9e vers la fin ?<\/p>\n<p>R : Non ! Gr\u00e2ce au syst\u00e8me Quad-Mesh, chaque pod dispose de son propre coil. La saveur reste pure et d\u00e9licieuse pendant toute la dur\u00e9e de vie de 150 000 bouff\u00e9es.  <\/p>\n<p>Q : Quelle est la dur\u00e9e de vie de la batterie ?<\/p>\n<p>R : La batterie de 1 000 mAh est con\u00e7ue pour une utilisation tout au long de la journ\u00e9e. Lorsque vous \u00eates \u00e0 court d&#8217;\u00e9nergie, il vous suffit de brancher un c\u00e2ble Type-C pour une charge rapide (environ 45 \u00e0 60 minutes pour une charge compl\u00e8te). <\/p>\n","protected":false},"excerpt":{"rendered":"[html_block id=\"38779\"]\n","protected":false},"featured_media":38826,"comment_status":"open","ping_status":"closed","template":"","meta":{"iawp_total_views":1},"product_brand":[],"product_cat":[995],"product_tag":[],"class_list":{"0":"post-39000","1":"product","2":"type-product","3":"status-publish","4":"has-post-thumbnail","6":"product_cat-vape-jetable-rechargeable-fizzy-150k-150-000-bouffees-15-en-1","8":"first","9":"instock","10":"sale","11":"shipping-taxable","12":"purchasable","13":"product-type-variable"},"yoast_head":"<!-- This site is optimized with the Yoast SEO Premium plugin v24.8 (Yoast SEO v27.4) - https:\/\/yoast.com\/product\/yoast-seo-premium-wordpress\/ -->\n<title>Red Bull &amp; Blueberry Ice | Fizzy 150K Puffs Vape - 15-in-1 Flavors<\/title>\n<meta name=\"description\" content=\"Appr\u00e9ciez la vape jetable Fizzy 150K Puffs avec Red Bull, Strawberry Kiwi Pomegranate, Blueberry Ice, et Pineapple Coconut. 150 000 bouff\u00e9es, riche en saveurs.\" \/>\n<meta name=\"robots\" content=\"index, follow, max-snippet:-1, max-image-preview:large, max-video-preview:-1\" \/>\n<link rel=\"canonical\" href=\"https:\/\/fizzyvape.eu\/fr\/produit\/150k-puffs-red-bull-fraise-kiwi-grenade-myrtille-glace-ananas-noix-de-coco\/\" \/>\n<meta property=\"og:locale\" content=\"fr_FR\" \/>\n<meta property=\"og:type\" content=\"article\" \/>\n<meta property=\"og:title\" content=\"150K Puffs - Red Bull &amp; Fraise Kiwi Grenade &amp; Myrtille Glace &amp; Ananas Noix de Coco\" \/>\n<meta property=\"og:description\" content=\"Appr\u00e9ciez la vape jetable Fizzy 150K Puffs avec Red Bull, Strawberry Kiwi Pomegranate, Blueberry Ice, et Pineapple Coconut. 150 000 bouff\u00e9es, riche en saveurs.\" \/>\n<meta property=\"og:url\" content=\"https:\/\/fizzyvape.eu\/fr\/produit\/150k-puffs-red-bull-fraise-kiwi-grenade-myrtille-glace-ananas-noix-de-coco\/\" \/>\n<meta property=\"og:site_name\" content=\"fizzyvape.eu\" \/>\n<meta property=\"og:image\" content=\"https:\/\/fizzyvape.eu\/wp-content\/uploads\/2026\/01\/Fizzy-15-in-1-150K-Puffs-Rechargeable-Disposable-Vape-Flavors-3-1.jpg\" \/>\n\t<meta property=\"og:image:width\" content=\"1000\" \/>\n\t<meta property=\"og:image:height\" content=\"1000\" \/>\n\t<meta property=\"og:image:type\" content=\"image\/jpeg\" \/>\n<meta name=\"twitter:card\" content=\"summary_large_image\" \/>\n<meta name=\"twitter:label1\" content=\"Disponibilit\u00e9\" \/>\n\t<meta name=\"twitter:data1\" content=\"En stock\" \/>\n<script type=\"application\/ld+json\" class=\"yoast-schema-graph\">{\"@context\":\"https:\\\/\\\/schema.org\",\"@graph\":[{\"@type\":\"WebPage\",\"@id\":\"https:\\\/\\\/fizzyvape.eu\\\/fr\\\/produit\\\/150k-puffs-red-bull-fraise-kiwi-grenade-myrtille-glace-ananas-noix-de-coco\\\/\",\"url\":\"https:\\\/\\\/fizzyvape.eu\\\/fr\\\/produit\\\/150k-puffs-red-bull-fraise-kiwi-grenade-myrtille-glace-ananas-noix-de-coco\\\/\",\"name\":\"Red Bull & Blueberry Ice | Fizzy 150K Puffs Vape - 15-in-1 Flavors\",\"isPartOf\":{\"@id\":\"https:\\\/\\\/www.fizzyvape.eu\\\/fr\\\/#website\"},\"primaryImageOfPage\":{\"@id\":\"https:\\\/\\\/fizzyvape.eu\\\/fr\\\/produit\\\/150k-puffs-red-bull-fraise-kiwi-grenade-myrtille-glace-ananas-noix-de-coco\\\/#primaryimage\"},\"image\":{\"@id\":\"https:\\\/\\\/fizzyvape.eu\\\/fr\\\/produit\\\/150k-puffs-red-bull-fraise-kiwi-grenade-myrtille-glace-ananas-noix-de-coco\\\/#primaryimage\"},\"thumbnailUrl\":\"https:\\\/\\\/fizzyvape.eu\\\/wp-content\\\/uploads\\\/2026\\\/01\\\/Fizzy-15-in-1-150K-Puffs-Rechargeable-Disposable-Vape-Flavors-3-1.jpg\",\"datePublished\":\"2026-01-19T09:52:51+00:00\",\"description\":\"Appr\u00e9ciez la vape jetable Fizzy 150K Puffs avec Red Bull, Strawberry Kiwi Pomegranate, Blueberry Ice, et Pineapple Coconut. 150 000 bouff\u00e9es, riche en saveurs.\",\"breadcrumb\":{\"@id\":\"https:\\\/\\\/fizzyvape.eu\\\/fr\\\/produit\\\/150k-puffs-red-bull-fraise-kiwi-grenade-myrtille-glace-ananas-noix-de-coco\\\/#breadcrumb\"},\"inLanguage\":\"fr-FR\",\"potentialAction\":[{\"@type\":\"ReadAction\",\"target\":[\"https:\\\/\\\/fizzyvape.eu\\\/fr\\\/produit\\\/150k-puffs-red-bull-fraise-kiwi-grenade-myrtille-glace-ananas-noix-de-coco\\\/\"]}]},{\"@type\":\"ImageObject\",\"inLanguage\":\"fr-FR\",\"@id\":\"https:\\\/\\\/fizzyvape.eu\\\/fr\\\/produit\\\/150k-puffs-red-bull-fraise-kiwi-grenade-myrtille-glace-ananas-noix-de-coco\\\/#primaryimage\",\"url\":\"https:\\\/\\\/fizzyvape.eu\\\/wp-content\\\/uploads\\\/2026\\\/01\\\/Fizzy-15-in-1-150K-Puffs-Rechargeable-Disposable-Vape-Flavors-3-1.jpg\",\"contentUrl\":\"https:\\\/\\\/fizzyvape.eu\\\/wp-content\\\/uploads\\\/2026\\\/01\\\/Fizzy-15-in-1-150K-Puffs-Rechargeable-Disposable-Vape-Flavors-3-1.jpg\",\"width\":1000,\"height\":1000,\"caption\":\"Fizzy 15-en-1 150K Puffs Rechargeable Disposable Vape Flavors 3\"},{\"@type\":\"BreadcrumbList\",\"@id\":\"https:\\\/\\\/fizzyvape.eu\\\/fr\\\/produit\\\/150k-puffs-red-bull-fraise-kiwi-grenade-myrtille-glace-ananas-noix-de-coco\\\/#breadcrumb\",\"itemListElement\":[{\"@type\":\"ListItem\",\"position\":1,\"name\":\"Home\",\"item\":\"https:\\\/\\\/fizzyvape.eu\\\/fr\\\/\"},{\"@type\":\"ListItem\",\"position\":2,\"name\":\"Boutique\",\"item\":\"https:\\\/\\\/www.fizzyvape.eu\\\/fr\\\/boutique\\\/\"},{\"@type\":\"ListItem\",\"position\":3,\"name\":\"150K Puffs &#8211; Red Bull &amp; Fraise Kiwi Grenade &amp; Myrtille Glace &amp; Ananas Noix de Coco\"}]},{\"@type\":\"WebSite\",\"@id\":\"https:\\\/\\\/www.fizzyvape.eu\\\/fr\\\/#website\",\"url\":\"https:\\\/\\\/www.fizzyvape.eu\\\/fr\\\/\",\"name\":\"fizzyvape.eu\",\"description\":\"Refreshing Vapes. Unforgettable Taste.\",\"publisher\":{\"@id\":\"https:\\\/\\\/www.fizzyvape.eu\\\/fr\\\/#organization\"},\"potentialAction\":[{\"@type\":\"SearchAction\",\"target\":{\"@type\":\"EntryPoint\",\"urlTemplate\":\"https:\\\/\\\/www.fizzyvape.eu\\\/fr\\\/?s={search_term_string}\"},\"query-input\":{\"@type\":\"PropertyValueSpecification\",\"valueRequired\":true,\"valueName\":\"search_term_string\"}}],\"inLanguage\":\"fr-FR\"},{\"@type\":\"Organization\",\"@id\":\"https:\\\/\\\/www.fizzyvape.eu\\\/fr\\\/#organization\",\"name\":\"fizzyvape.eu\",\"url\":\"https:\\\/\\\/www.fizzyvape.eu\\\/fr\\\/\",\"logo\":{\"@type\":\"ImageObject\",\"inLanguage\":\"fr-FR\",\"@id\":\"https:\\\/\\\/www.fizzyvape.eu\\\/fr\\\/#\\\/schema\\\/logo\\\/image\\\/\",\"url\":\"https:\\\/\\\/fizzyvape.eu\\\/wp-content\\\/uploads\\\/2019\\\/06\\\/print-1.svg\",\"contentUrl\":\"https:\\\/\\\/fizzyvape.eu\\\/wp-content\\\/uploads\\\/2019\\\/06\\\/print-1.svg\",\"width\":124,\"height\":37,\"caption\":\"fizzyvape.eu\"},\"image\":{\"@id\":\"https:\\\/\\\/www.fizzyvape.eu\\\/fr\\\/#\\\/schema\\\/logo\\\/image\\\/\"}}]}<\/script>\n<meta property=\"og:availability\" content=\"instock\" \/>\n<meta property=\"product:availability\" content=\"instock\" \/>\n<meta property=\"product:condition\" content=\"new\" \/>\n<!-- \/ Yoast SEO Premium plugin. -->","yoast_head_json":{"title":"Red Bull & Blueberry Ice | Fizzy 150K Puffs Vape - 15-in-1 Flavors","description":"Appr\u00e9ciez la vape jetable Fizzy 150K Puffs avec Red Bull, Strawberry Kiwi Pomegranate, Blueberry Ice, et Pineapple Coconut. 150 000 bouff\u00e9es, riche en saveurs.","robots":{"index":"index","follow":"follow","max-snippet":"max-snippet:-1","max-image-preview":"max-image-preview:large","max-video-preview":"max-video-preview:-1"},"canonical":"https:\/\/fizzyvape.eu\/fr\/produit\/150k-puffs-red-bull-fraise-kiwi-grenade-myrtille-glace-ananas-noix-de-coco\/","og_locale":"fr_FR","og_type":"article","og_title":"150K Puffs - Red Bull &amp; Fraise Kiwi Grenade &amp; Myrtille Glace &amp; Ananas Noix de Coco","og_description":"Appr\u00e9ciez la vape jetable Fizzy 150K Puffs avec Red Bull, Strawberry Kiwi Pomegranate, Blueberry Ice, et Pineapple Coconut. 150 000 bouff\u00e9es, riche en saveurs.","og_url":"https:\/\/fizzyvape.eu\/fr\/produit\/150k-puffs-red-bull-fraise-kiwi-grenade-myrtille-glace-ananas-noix-de-coco\/","og_site_name":"fizzyvape.eu","og_image":[{"width":1000,"height":1000,"url":"https:\/\/fizzyvape.eu\/wp-content\/uploads\/2026\/01\/Fizzy-15-in-1-150K-Puffs-Rechargeable-Disposable-Vape-Flavors-3-1.jpg","type":"image\/jpeg"}],"twitter_card":"summary_large_image","twitter_misc":{"Disponibilit\u00e9":"En stock"},"schema":{"@context":"https:\/\/schema.org","@graph":[{"@type":"WebPage","@id":"https:\/\/fizzyvape.eu\/fr\/produit\/150k-puffs-red-bull-fraise-kiwi-grenade-myrtille-glace-ananas-noix-de-coco\/","url":"https:\/\/fizzyvape.eu\/fr\/produit\/150k-puffs-red-bull-fraise-kiwi-grenade-myrtille-glace-ananas-noix-de-coco\/","name":"Red Bull & Blueberry Ice | Fizzy 150K Puffs Vape - 15-in-1 Flavors","isPartOf":{"@id":"https:\/\/www.fizzyvape.eu\/fr\/#website"},"primaryImageOfPage":{"@id":"https:\/\/fizzyvape.eu\/fr\/produit\/150k-puffs-red-bull-fraise-kiwi-grenade-myrtille-glace-ananas-noix-de-coco\/#primaryimage"},"image":{"@id":"https:\/\/fizzyvape.eu\/fr\/produit\/150k-puffs-red-bull-fraise-kiwi-grenade-myrtille-glace-ananas-noix-de-coco\/#primaryimage"},"thumbnailUrl":"https:\/\/fizzyvape.eu\/wp-content\/uploads\/2026\/01\/Fizzy-15-in-1-150K-Puffs-Rechargeable-Disposable-Vape-Flavors-3-1.jpg","datePublished":"2026-01-19T09:52:51+00:00","description":"Appr\u00e9ciez la vape jetable Fizzy 150K Puffs avec Red Bull, Strawberry Kiwi Pomegranate, Blueberry Ice, et Pineapple Coconut. 150 000 bouff\u00e9es, riche en saveurs.","breadcrumb":{"@id":"https:\/\/fizzyvape.eu\/fr\/produit\/150k-puffs-red-bull-fraise-kiwi-grenade-myrtille-glace-ananas-noix-de-coco\/#breadcrumb"},"inLanguage":"fr-FR","potentialAction":[{"@type":"ReadAction","target":["https:\/\/fizzyvape.eu\/fr\/produit\/150k-puffs-red-bull-fraise-kiwi-grenade-myrtille-glace-ananas-noix-de-coco\/"]}]},{"@type":"ImageObject","inLanguage":"fr-FR","@id":"https:\/\/fizzyvape.eu\/fr\/produit\/150k-puffs-red-bull-fraise-kiwi-grenade-myrtille-glace-ananas-noix-de-coco\/#primaryimage","url":"https:\/\/fizzyvape.eu\/wp-content\/uploads\/2026\/01\/Fizzy-15-in-1-150K-Puffs-Rechargeable-Disposable-Vape-Flavors-3-1.jpg","contentUrl":"https:\/\/fizzyvape.eu\/wp-content\/uploads\/2026\/01\/Fizzy-15-in-1-150K-Puffs-Rechargeable-Disposable-Vape-Flavors-3-1.jpg","width":1000,"height":1000,"caption":"Fizzy 15-en-1 150K Puffs Rechargeable Disposable Vape Flavors 3"},{"@type":"BreadcrumbList","@id":"https:\/\/fizzyvape.eu\/fr\/produit\/150k-puffs-red-bull-fraise-kiwi-grenade-myrtille-glace-ananas-noix-de-coco\/#breadcrumb","itemListElement":[{"@type":"ListItem","position":1,"name":"Home","item":"https:\/\/fizzyvape.eu\/fr\/"},{"@type":"ListItem","position":2,"name":"Boutique","item":"https:\/\/www.fizzyvape.eu\/fr\/boutique\/"},{"@type":"ListItem","position":3,"name":"150K Puffs &#8211; Red Bull &amp; Fraise Kiwi Grenade &amp; Myrtille Glace &amp; Ananas Noix de Coco"}]},{"@type":"WebSite","@id":"https:\/\/www.fizzyvape.eu\/fr\/#website","url":"https:\/\/www.fizzyvape.eu\/fr\/","name":"fizzyvape.eu","description":"Refreshing Vapes. Unforgettable Taste.","publisher":{"@id":"https:\/\/www.fizzyvape.eu\/fr\/#organization"},"potentialAction":[{"@type":"SearchAction","target":{"@type":"EntryPoint","urlTemplate":"https:\/\/www.fizzyvape.eu\/fr\/?s={search_term_string}"},"query-input":{"@type":"PropertyValueSpecification","valueRequired":true,"valueName":"search_term_string"}}],"inLanguage":"fr-FR"},{"@type":"Organization","@id":"https:\/\/www.fizzyvape.eu\/fr\/#organization","name":"fizzyvape.eu","url":"https:\/\/www.fizzyvape.eu\/fr\/","logo":{"@type":"ImageObject","inLanguage":"fr-FR","@id":"https:\/\/www.fizzyvape.eu\/fr\/#\/schema\/logo\/image\/","url":"https:\/\/fizzyvape.eu\/wp-content\/uploads\/2019\/06\/print-1.svg","contentUrl":"https:\/\/fizzyvape.eu\/wp-content\/uploads\/2019\/06\/print-1.svg","width":124,"height":37,"caption":"fizzyvape.eu"},"image":{"@id":"https:\/\/www.fizzyvape.eu\/fr\/#\/schema\/logo\/image\/"}}]},"og_availability":"instock","product_availability":"instock","product_condition":"new"},"tiered_pricing_type":"fixed","tiered_pricing_fixed_rules":[],"tiered_pricing_product_settings":{"layout":"default","base_unit_name":{"singular":null,"plural":null},"default_variation":null},"tiered_pricing_minimum_quantity":null,"tiered_pricing_roles_data":[],"tiered_pricing_percentage_rules":[],"tiered_pricing_maximum_quantity":null,"tiered_pricing_quantity_step":null,"_links":{"self":[{"href":"https:\/\/fizzyvape.eu\/fr\/wp-json\/wp\/v2\/product\/39000","targetHints":{"allow":["GET"]}}],"collection":[{"href":"https:\/\/fizzyvape.eu\/fr\/wp-json\/wp\/v2\/product"}],"about":[{"href":"https:\/\/fizzyvape.eu\/fr\/wp-json\/wp\/v2\/types\/product"}],"replies":[{"embeddable":true,"href":"https:\/\/fizzyvape.eu\/fr\/wp-json\/wp\/v2\/comments?post=39000"}],"version-history":[{"count":0,"href":"https:\/\/fizzyvape.eu\/fr\/wp-json\/wp\/v2\/product\/39000\/revisions"}],"wp:featuredmedia":[{"embeddable":true,"href":"https:\/\/fizzyvape.eu\/fr\/wp-json\/wp\/v2\/media\/38826"}],"wp:attachment":[{"href":"https:\/\/fizzyvape.eu\/fr\/wp-json\/wp\/v2\/media?parent=39000"}],"wp:term":[{"taxonomy":"product_brand","embeddable":true,"href":"https:\/\/fizzyvape.eu\/fr\/wp-json\/wp\/v2\/product_brand?post=39000"},{"taxonomy":"product_cat","embeddable":true,"href":"https:\/\/fizzyvape.eu\/fr\/wp-json\/wp\/v2\/product_cat?post=39000"},{"taxonomy":"product_tag","embeddable":true,"href":"https:\/\/fizzyvape.eu\/fr\/wp-json\/wp\/v2\/product_tag?post=39000"}],"curies":[{"name":"wp","href":"https:\/\/api.w.org\/{rel}","templated":true}]}}