{"id":39067,"date":"2026-01-19T17:55:35","date_gmt":"2026-01-19T09:55:35","guid":{"rendered":"https:\/\/fizzyvape.eu\/product\/150k-puffs-myrtille-framboise-fraise-glacee-limonade-bleue-razz-ours-gomme-pasteque\/"},"modified":"2026-01-19T17:55:35","modified_gmt":"2026-01-19T09:55:35","slug":"150k-puffs-myrtille-framboise-fraise-glacee-limonade-bleue-razz-ours-gomme-pasteque","status":"publish","type":"product","link":"https:\/\/fizzyvape.eu\/fr\/produit\/150k-puffs-myrtille-framboise-fraise-glacee-limonade-bleue-razz-ours-gomme-pasteque\/","title":{"rendered":"150K Puffs &#8211; Myrtille Framboise &amp; Fraise Glac\u00e9e &amp; Limonade Bleue Razz &amp; Ours Gomme Past\u00e8que"},"content":{"rendered":"<p><img decoding=\"async\" class=\"wp-image-38842 size-large\" src=\"https:\/\/fizzyvape.eu\/wp-content\/uploads\/2026\/01\/Fizzy-15-in-1-150K-Puffs-Rechargeable-Disposable-Vape-Flavors-5-1-800x800.jpg\" alt=\"Fizzy 15-en-1 150K Puffs Rechargeable Disposable Vape Flavors 5\" width=\"800\" height=\"800\" srcset=\"https:\/\/fizzyvape.eu\/wp-content\/uploads\/2026\/01\/Fizzy-15-in-1-150K-Puffs-Rechargeable-Disposable-Vape-Flavors-5-1-800x800.jpg 800w, https:\/\/fizzyvape.eu\/wp-content\/uploads\/2026\/01\/Fizzy-15-in-1-150K-Puffs-Rechargeable-Disposable-Vape-Flavors-5-1-300x300.jpg 300w, https:\/\/fizzyvape.eu\/wp-content\/uploads\/2026\/01\/Fizzy-15-in-1-150K-Puffs-Rechargeable-Disposable-Vape-Flavors-5-1-150x150.jpg 150w, https:\/\/fizzyvape.eu\/wp-content\/uploads\/2026\/01\/Fizzy-15-in-1-150K-Puffs-Rechargeable-Disposable-Vape-Flavors-5-1-768x768.jpg 768w, https:\/\/fizzyvape.eu\/wp-content\/uploads\/2026\/01\/Fizzy-15-in-1-150K-Puffs-Rechargeable-Disposable-Vape-Flavors-5-1-100x100.jpg 100w, https:\/\/fizzyvape.eu\/wp-content\/uploads\/2026\/01\/Fizzy-15-in-1-150K-Puffs-Rechargeable-Disposable-Vape-Flavors-5-1-200x200.jpg 200w, https:\/\/fizzyvape.eu\/wp-content\/uploads\/2026\/01\/Fizzy-15-in-1-150K-Puffs-Rechargeable-Disposable-Vape-Flavors-5-1-400x400.jpg 400w, https:\/\/fizzyvape.eu\/wp-content\/uploads\/2026\/01\/Fizzy-15-in-1-150K-Puffs-Rechargeable-Disposable-Vape-Flavors-5-1-500x500.jpg 500w, https:\/\/fizzyvape.eu\/wp-content\/uploads\/2026\/01\/Fizzy-15-in-1-150K-Puffs-Rechargeable-Disposable-Vape-Flavors-5-1-430x430.jpg 430w, https:\/\/fizzyvape.eu\/wp-content\/uploads\/2026\/01\/Fizzy-15-in-1-150K-Puffs-Rechargeable-Disposable-Vape-Flavors-5-1-700x700.jpg 700w, https:\/\/fizzyvape.eu\/wp-content\/uploads\/2026\/01\/Fizzy-15-in-1-150K-Puffs-Rechargeable-Disposable-Vape-Flavors-5-1.jpg 1000w\" sizes=\"(max-width: 800px) 100vw, 800px\" \/><\/p>\n<h2>Fizzy 150K Puffs Rechargeable Disposable &#8211; Myrtille Framboise &amp; Fraise Glac\u00e9e &amp; Blue Razz Lemonade &amp; Past\u00e8que Ourson Gummy<\/h2>\n<p><b>\ud83e\uded0 150 000 bouff\u00e9es. 15 saveurs. L&#8217;ultime frisson de baies.  <\/b><\/p>\n<p>Entrez dans la nouvelle g\u00e9n\u00e9ration de vapotage avec le <b>Fizzy 150K Puffs<\/b>. Ce dispositif puissant associe un <b>nombre de bouff\u00e9es de 150 000<\/b>, le plus \u00e9lev\u00e9 de l&#8217;industrie, \u00e0 un <b>syst\u00e8me de commutation intelligent 15 en 1, une<\/b> premi\u00e8re mondiale. Cette \u00e9dition est un r\u00eave pour les amateurs de baies, avec une s\u00e9lection magistrale de framboises acidul\u00e9es, de fraises glac\u00e9es et de notes nostalgiques de bonbons.  <\/p>\n<h2><b>La s\u00e9lection d&#8217;ar\u00f4mes en 4 parties<\/b><\/h2>\n<p>Cette unit\u00e9 Fizzy 150K comporte quatre dosettes de base distinctes. Appr\u00e9ciez-les en solo ou utilisez la bascule pour <b>les m\u00e9langer et obtenir 15 combinaisons hybrides diff\u00e9rentes :<\/b> <\/p>\n<ul>\n<li><b>\ud83e\uded0 Myrtille Framboise :<\/b> Un parfait duo sucr\u00e9-sal\u00e9 de baies des bois.<\/li>\n<li><b>\u2744\ufe0f Strawberry Ice : des<\/b> fraises m\u00fbries au soleil, finies par un coup de froid arctique.<\/li>\n<li><b>\ud83c\udf4b Blue Razz Lemonade :<\/b> Limonade piquante et p\u00e9tillante infus\u00e9e de framboise bleue acidul\u00e9e.<\/li>\n<li><b>\ud83c\udf6c Watermelon Gummy Bear :<\/b> Une saveur de bonbon \u00e0 la past\u00e8que juteuse avec une finale sucr\u00e9e et moelleuse.<\/li>\n<\/ul>\n<p><img decoding=\"async\" class=\"wp-image-38407 size-full\" src=\"https:\/\/fizzyvape.eu\/wp-content\/uploads\/2025\/12\/Fizzy-150K-Puffs-Disposable-Vape-5-scaled.jpg\" alt=\"Fizzy 150K Puffs Vape jetable - 5\" width=\"1663\" height=\"2560\" srcset=\"https:\/\/fizzyvape.eu\/wp-content\/uploads\/2025\/12\/Fizzy-150K-Puffs-Disposable-Vape-5-scaled.jpg 1663w, https:\/\/fizzyvape.eu\/wp-content\/uploads\/2025\/12\/Fizzy-150K-Puffs-Disposable-Vape-5-195x300.jpg 195w, https:\/\/fizzyvape.eu\/wp-content\/uploads\/2025\/12\/Fizzy-150K-Puffs-Disposable-Vape-5-520x800.jpg 520w, https:\/\/fizzyvape.eu\/wp-content\/uploads\/2025\/12\/Fizzy-150K-Puffs-Disposable-Vape-5-768x1182.jpg 768w, https:\/\/fizzyvape.eu\/wp-content\/uploads\/2025\/12\/Fizzy-150K-Puffs-Disposable-Vape-5-998x1536.jpg 998w, https:\/\/fizzyvape.eu\/wp-content\/uploads\/2025\/12\/Fizzy-150K-Puffs-Disposable-Vape-5-1330x2048.jpg 1330w, https:\/\/fizzyvape.eu\/wp-content\/uploads\/2025\/12\/Fizzy-150K-Puffs-Disposable-Vape-5-430x662.jpg 430w, https:\/\/fizzyvape.eu\/wp-content\/uploads\/2025\/12\/Fizzy-150K-Puffs-Disposable-Vape-5-700x1078.jpg 700w, https:\/\/fizzyvape.eu\/wp-content\/uploads\/2025\/12\/Fizzy-150K-Puffs-Disposable-Vape-5-150x231.jpg 150w\" sizes=\"(max-width: 1663px) 100vw, 1663px\" \/><\/p>\n<h2><b>\ud83d\udce6 Sp\u00e9cifications<\/b><\/h2>\n<table>\n<thead>\n<tr>\n<td><strong>Caract\u00e9ristiques<\/strong><\/td>\n<td><strong>Donn\u00e9es techniques B2B<\/strong><\/td>\n<\/tr>\n<\/thead>\n<tbody>\n<tr>\n<td><b>Nombre de bouff\u00e9es<\/b><\/td>\n<td>Jusqu&#8217;\u00e0 150 000 bouff\u00e9es<\/td>\n<\/tr>\n<tr>\n<td><b>Capacit\u00e9 en e-liquide<\/b><\/td>\n<td><b>80mL au total (20mL x 4 Pods ind\u00e9pendants)<\/b><\/td>\n<\/tr>\n<tr>\n<td><b>Batterie<\/b><\/td>\n<td>1000mAh Cobalt pur (Type-C rechargeable)<\/td>\n<\/tr>\n<tr>\n<td><b>Modes d&#8217;ar\u00f4mes<\/b><\/td>\n<td><b>15 combinaisons intelligentes (A\/B\/C\/D + hybrides)<\/b><\/td>\n<\/tr>\n<tr>\n<td><b>Syst\u00e8me d&#8217;enroulement<\/b><\/td>\n<td>Quad-Mesh 1.0\u03a9 (diffusion homog\u00e8ne)<\/td>\n<\/tr>\n<tr>\n<td><b>Emballage<\/b><\/td>\n<td>Bo\u00eetes d&#8217;exposition pr\u00eates pour la vente au d\u00e9tail<\/td>\n<\/tr>\n<\/tbody>\n<\/table>\n<h2><b>\ud83c\udfa8Fizzy<\/b>15-in-1 150K Puffs Rechargeable <strong>Disposable Vape Flavors List :<\/strong><\/h2>\n<ol>\n<li><a href=\"https:\/\/fizzyvape.eu\/fr\/produit\/150k-puffs-glace-pasteque-red-bull-fraise-framboise-glace-triple-melon\/\">glace past\u00e8que &amp; red bull &amp; fraise framboise &amp; glace triple melon<\/a><\/li>\n<li><a href=\"https:\/\/fizzyvape.eu\/fr\/produit\/150k-puffs-fraise-glacee-et-kiwi-fruit-de-la-passion-goyave-et-peche-mangue-pasteque-et-raisin-en-rafale\/\">fraise glac\u00e9e &amp; kiwi fruit de la passion goyave &amp; p\u00eache mangue past\u00e8que &amp; raisin \u00e9clat\u00e9<\/a><\/li>\n<li><a href=\"https:\/\/fizzyvape.eu\/fr\/produit\/150k-puffs-red-bull-fraise-kiwi-grenade-myrtille-glace-ananas-noix-de-coco\/\">red bull &amp; fraise kiwi grenade &amp; myrtille glace &amp; ananas noix de coco<\/a><\/li>\n<li><a href=\"https:\/\/fizzyvape.eu\/fr\/produit\/150k-puffs-fraise-kiwi-baies-melangees-pasteque-bubblegum-peche-juteuse\/\">fraise kiwi &amp; baies m\u00e9lang\u00e9es &amp; past\u00e8que bubblegum &amp; p\u00eache juteuse<\/a><\/li>\n<li><a href=\"https:\/\/fizzyvape.eu\/fr\/produit\/150k-puffs-myrtille-framboise-fraise-glacee-limonade-bleue-razz-ours-gomme-pasteque\/\">myrtille framboise &amp; fraise glace &amp; limonade blue razz &amp; ourson gommeux past\u00e8que<\/a><\/li>\n<li><a href=\"https:\/\/fizzyvape.eu\/produit\/fizzy-150k-puffs-tropical-fruit-punch-set\/\">punch aux fruits tropicaux &amp; past\u00e8que framboise &amp; myrtille noix de coco &amp; fraise skittles<\/a><\/li>\n<li><a href=\"https:\/\/fizzyvape.eu\/produit\/fizzy-150k-puffs-love-66-strawberry-kiwi-set\/\">amour 66 &amp; fraise kiwi &amp; past\u00e8que myrtille &amp; framboise limonade<\/a><\/li>\n<li><a href=\"https:\/\/fizzyvape.eu\/produit\/fizzy-150k-puffs-fizzy-cola-berry-set\/\">baies m\u00e9lang\u00e9es &amp; ananas p\u00eache fruit de la passion &amp; cola p\u00e9tillant &amp; fraise framboise<\/a><\/li>\n<li><a href=\"https:\/\/fizzyvape.eu\/produit\/fizzy-150k-puffs-blue-razz-raspberry-set\/\">blue razz rapsberry &amp; watermelon cherry ice &amp; strawberry grape &amp;passion fruit orange peach<\/a><\/li>\n<li><a href=\"https:\/\/fizzyvape.eu\/produit\/fizzy-150k-puffs-fizzy-cherry-citrus-set\/\">cerise p\u00e9tillante &amp; fraise fruit du dragon &amp; citron vert &amp; past\u00e8que myrtille<\/a><\/li>\n<li><a href=\"https:\/\/fizzyvape.eu\/produit\/fizzy-150k-puffs-vanilla-coke-berry-set\/\">fraise vanille coca &amp; myrtille framboise &amp; past\u00e8que glace &amp; cerise baie<\/a><\/li>\n<li><a href=\"https:\/\/fizzyvape.eu\/produit\/fizzy-150k-puffs-mojito-ice-set\/\">myrtille glac\u00e9e &amp; fraise past\u00e8que &amp; mojito &amp; kiwi fruit de la passion goyave<\/a><\/li>\n<\/ol>\n<h2><b>Pourquoi Fizzy 150K change la donne<\/b><\/h2>\n<ul>\n<li><b>150 000 bouff\u00e9es :<\/b> La vape la plus durable qui soit. Un seul appareil remplace une montagne de produits jetables standard. <\/li>\n<li>\ud83d\udd04 <b>15-en-1 Flavors :<\/b> 4 dosettes ind\u00e9pendantes dans un seul appareil. Changez de saveur ou cr\u00e9ez des m\u00e9langes de baies personnalis\u00e9s instantan\u00e9ment. <\/li>\n<li><b>\ud83d\udcf1 \u00c9cran intelligent :<\/b> L&#8217;\u00e9cran LED haute d\u00e9finition surveille le <b>% de votre batterie<\/b> et les <b>niveaux de jus<\/b> pour les 4 dosettes.<\/li>\n<li><b>\ud83d\udca8 Quad-Mesh Tech :<\/b> 4 bobines d\u00e9di\u00e9es garantissent que votre limonade reste piquante et que votre gomme reste sucr\u00e9e. Z\u00e9ro m\u00e9lange de saveurs. <\/li>\n<li><b>\ud83d\udd0b Chargement rapide :<\/b> Batterie en cobalt pur de 1000mAh avec charge rapide Type-C pour des performances tout au long de la journ\u00e9e.<\/li>\n<\/ul>\n<h2><b>\u2753 FAQ rapide &#8211; <\/b>Fizzy 150K Puffs Rechargeable Disposable<\/h2>\n<p><b>Q : Comment puis-je changer d&#8217;ar\u00f4me ?<\/b><\/p>\n<p>R : Il suffit d&#8217;utiliser le commutateur situ\u00e9 sur l&#8217;appareil ! Vous pouvez s\u00e9lectionner le pod A, B, C ou D individuellement, ou choisir le mode &#8220;Combo&#8221; pour m\u00e9langer vos profils de baies pr\u00e9f\u00e9r\u00e9s. <\/p>\n<p><b>Q : La dur\u00e9e de vie de l&#8217;appareil est-elle r\u00e9ellement de 150 000 bouff\u00e9es ?<\/b><\/p>\n<p>R : Oui ! Avec <b>80mL d&#8217;e-liquide<\/b> et une batterie rechargeable, il est con\u00e7u pour fournir une dur\u00e9e de vie massive qui d\u00e9passe de loin les vapes jetables standard. <\/p>\n<p><b>Q : Est-il facile \u00e0 transporter ?<\/b><\/p>\n<p>R : Malgr\u00e9 sa grande capacit\u00e9, le Fizzy 150K pr\u00e9sente un design ergonomique qui tient confortablement dans votre main, ce qui en fait le parfait compagnon de voyage &#8220;tout-en-un&#8221;.<\/p>\n","protected":false},"excerpt":{"rendered":"[html_block id=\"38779\"]\n","protected":false},"featured_media":38844,"comment_status":"open","ping_status":"closed","template":"","meta":{"iawp_total_views":0},"product_brand":[],"product_cat":[995],"product_tag":[],"class_list":{"0":"post-39067","1":"product","2":"type-product","3":"status-publish","4":"has-post-thumbnail","6":"product_cat-vape-jetable-rechargeable-fizzy-150k-150-000-bouffees-15-en-1","8":"first","9":"instock","10":"sale","11":"shipping-taxable","12":"purchasable","13":"product-type-variable"},"yoast_head":"<!-- This site is optimized with the Yoast SEO Premium plugin v24.8 (Yoast SEO v27.4) - https:\/\/yoast.com\/product\/yoast-seo-premium-wordpress\/ -->\n<title>Blue Razz Lemonade | Fizzy 150K Puffs Vape - 15-in-1 Flavors<\/title>\n<meta name=\"description\" content=\"Fizzy 150K Puffs jetable avec Blueberry Raspberry, Strawberry Ice, Blue Razz Lemonade, et Watermelon Gummy Bear. Longue dur\u00e9e et saveur.\" \/>\n<meta name=\"robots\" content=\"index, follow, max-snippet:-1, max-image-preview:large, max-video-preview:-1\" \/>\n<link rel=\"canonical\" href=\"https:\/\/fizzyvape.eu\/fr\/produit\/150k-puffs-myrtille-framboise-fraise-glacee-limonade-bleue-razz-ours-gomme-pasteque\/\" \/>\n<meta property=\"og:locale\" content=\"fr_FR\" \/>\n<meta property=\"og:type\" content=\"article\" \/>\n<meta property=\"og:title\" content=\"150K Puffs - Myrtille Framboise &amp; Fraise Glac\u00e9e &amp; Limonade Bleue Razz &amp; Ours Gomme Past\u00e8que\" \/>\n<meta property=\"og:description\" content=\"Fizzy 150K Puffs jetable avec Blueberry Raspberry, Strawberry Ice, Blue Razz Lemonade, et Watermelon Gummy Bear. Longue dur\u00e9e et saveur.\" \/>\n<meta property=\"og:url\" content=\"https:\/\/fizzyvape.eu\/fr\/produit\/150k-puffs-myrtille-framboise-fraise-glacee-limonade-bleue-razz-ours-gomme-pasteque\/\" \/>\n<meta property=\"og:site_name\" content=\"fizzyvape.eu\" \/>\n<meta property=\"og:image\" content=\"https:\/\/fizzyvape.eu\/wp-content\/uploads\/2026\/01\/Fizzy-15-in-1-150K-Puffs-Rechargeable-Disposable-Vape-Flavors-5-1.jpg\" \/>\n\t<meta property=\"og:image:width\" content=\"1000\" \/>\n\t<meta property=\"og:image:height\" content=\"1000\" \/>\n\t<meta property=\"og:image:type\" content=\"image\/jpeg\" \/>\n<meta name=\"twitter:card\" content=\"summary_large_image\" \/>\n<meta name=\"twitter:label1\" content=\"Disponibilit\u00e9\" \/>\n\t<meta name=\"twitter:data1\" content=\"En stock\" \/>\n<script type=\"application\/ld+json\" class=\"yoast-schema-graph\">{\"@context\":\"https:\\\/\\\/schema.org\",\"@graph\":[{\"@type\":\"WebPage\",\"@id\":\"https:\\\/\\\/fizzyvape.eu\\\/fr\\\/produit\\\/150k-puffs-myrtille-framboise-fraise-glacee-limonade-bleue-razz-ours-gomme-pasteque\\\/\",\"url\":\"https:\\\/\\\/fizzyvape.eu\\\/fr\\\/produit\\\/150k-puffs-myrtille-framboise-fraise-glacee-limonade-bleue-razz-ours-gomme-pasteque\\\/\",\"name\":\"Blue Razz Lemonade | Fizzy 150K Puffs Vape - 15-in-1 Flavors\",\"isPartOf\":{\"@id\":\"https:\\\/\\\/www.fizzyvape.eu\\\/fr\\\/#website\"},\"primaryImageOfPage\":{\"@id\":\"https:\\\/\\\/fizzyvape.eu\\\/fr\\\/produit\\\/150k-puffs-myrtille-framboise-fraise-glacee-limonade-bleue-razz-ours-gomme-pasteque\\\/#primaryimage\"},\"image\":{\"@id\":\"https:\\\/\\\/fizzyvape.eu\\\/fr\\\/produit\\\/150k-puffs-myrtille-framboise-fraise-glacee-limonade-bleue-razz-ours-gomme-pasteque\\\/#primaryimage\"},\"thumbnailUrl\":\"https:\\\/\\\/fizzyvape.eu\\\/wp-content\\\/uploads\\\/2026\\\/01\\\/Fizzy-15-in-1-150K-Puffs-Rechargeable-Disposable-Vape-Flavors-5-1.jpg\",\"datePublished\":\"2026-01-19T09:55:35+00:00\",\"description\":\"Fizzy 150K Puffs jetable avec Blueberry Raspberry, Strawberry Ice, Blue Razz Lemonade, et Watermelon Gummy Bear. Longue dur\u00e9e et saveur.\",\"breadcrumb\":{\"@id\":\"https:\\\/\\\/fizzyvape.eu\\\/fr\\\/produit\\\/150k-puffs-myrtille-framboise-fraise-glacee-limonade-bleue-razz-ours-gomme-pasteque\\\/#breadcrumb\"},\"inLanguage\":\"fr-FR\",\"potentialAction\":[{\"@type\":\"ReadAction\",\"target\":[\"https:\\\/\\\/fizzyvape.eu\\\/fr\\\/produit\\\/150k-puffs-myrtille-framboise-fraise-glacee-limonade-bleue-razz-ours-gomme-pasteque\\\/\"]}]},{\"@type\":\"ImageObject\",\"inLanguage\":\"fr-FR\",\"@id\":\"https:\\\/\\\/fizzyvape.eu\\\/fr\\\/produit\\\/150k-puffs-myrtille-framboise-fraise-glacee-limonade-bleue-razz-ours-gomme-pasteque\\\/#primaryimage\",\"url\":\"https:\\\/\\\/fizzyvape.eu\\\/wp-content\\\/uploads\\\/2026\\\/01\\\/Fizzy-15-in-1-150K-Puffs-Rechargeable-Disposable-Vape-Flavors-5-1.jpg\",\"contentUrl\":\"https:\\\/\\\/fizzyvape.eu\\\/wp-content\\\/uploads\\\/2026\\\/01\\\/Fizzy-15-in-1-150K-Puffs-Rechargeable-Disposable-Vape-Flavors-5-1.jpg\",\"width\":1000,\"height\":1000,\"caption\":\"Fizzy 15-en-1 150K Puffs Rechargeable Disposable Vape Flavors 5\"},{\"@type\":\"BreadcrumbList\",\"@id\":\"https:\\\/\\\/fizzyvape.eu\\\/fr\\\/produit\\\/150k-puffs-myrtille-framboise-fraise-glacee-limonade-bleue-razz-ours-gomme-pasteque\\\/#breadcrumb\",\"itemListElement\":[{\"@type\":\"ListItem\",\"position\":1,\"name\":\"Home\",\"item\":\"https:\\\/\\\/fizzyvape.eu\\\/fr\\\/\"},{\"@type\":\"ListItem\",\"position\":2,\"name\":\"Boutique\",\"item\":\"https:\\\/\\\/www.fizzyvape.eu\\\/fr\\\/boutique\\\/\"},{\"@type\":\"ListItem\",\"position\":3,\"name\":\"150K Puffs &#8211; Myrtille Framboise &amp; Fraise Glac\u00e9e &amp; Limonade Bleue Razz &amp; Ours Gomme Past\u00e8que\"}]},{\"@type\":\"WebSite\",\"@id\":\"https:\\\/\\\/www.fizzyvape.eu\\\/fr\\\/#website\",\"url\":\"https:\\\/\\\/www.fizzyvape.eu\\\/fr\\\/\",\"name\":\"fizzyvape.eu\",\"description\":\"Refreshing Vapes. Unforgettable Taste.\",\"publisher\":{\"@id\":\"https:\\\/\\\/www.fizzyvape.eu\\\/fr\\\/#organization\"},\"potentialAction\":[{\"@type\":\"SearchAction\",\"target\":{\"@type\":\"EntryPoint\",\"urlTemplate\":\"https:\\\/\\\/www.fizzyvape.eu\\\/fr\\\/?s={search_term_string}\"},\"query-input\":{\"@type\":\"PropertyValueSpecification\",\"valueRequired\":true,\"valueName\":\"search_term_string\"}}],\"inLanguage\":\"fr-FR\"},{\"@type\":\"Organization\",\"@id\":\"https:\\\/\\\/www.fizzyvape.eu\\\/fr\\\/#organization\",\"name\":\"fizzyvape.eu\",\"url\":\"https:\\\/\\\/www.fizzyvape.eu\\\/fr\\\/\",\"logo\":{\"@type\":\"ImageObject\",\"inLanguage\":\"fr-FR\",\"@id\":\"https:\\\/\\\/www.fizzyvape.eu\\\/fr\\\/#\\\/schema\\\/logo\\\/image\\\/\",\"url\":\"https:\\\/\\\/fizzyvape.eu\\\/wp-content\\\/uploads\\\/2019\\\/06\\\/print-1.svg\",\"contentUrl\":\"https:\\\/\\\/fizzyvape.eu\\\/wp-content\\\/uploads\\\/2019\\\/06\\\/print-1.svg\",\"width\":124,\"height\":37,\"caption\":\"fizzyvape.eu\"},\"image\":{\"@id\":\"https:\\\/\\\/www.fizzyvape.eu\\\/fr\\\/#\\\/schema\\\/logo\\\/image\\\/\"}}]}<\/script>\n<meta property=\"og:availability\" content=\"instock\" \/>\n<meta property=\"product:availability\" content=\"instock\" \/>\n<meta property=\"product:condition\" content=\"new\" \/>\n<!-- \/ Yoast SEO Premium plugin. -->","yoast_head_json":{"title":"Blue Razz Lemonade | Fizzy 150K Puffs Vape - 15-in-1 Flavors","description":"Fizzy 150K Puffs jetable avec Blueberry Raspberry, Strawberry Ice, Blue Razz Lemonade, et Watermelon Gummy Bear. Longue dur\u00e9e et saveur.","robots":{"index":"index","follow":"follow","max-snippet":"max-snippet:-1","max-image-preview":"max-image-preview:large","max-video-preview":"max-video-preview:-1"},"canonical":"https:\/\/fizzyvape.eu\/fr\/produit\/150k-puffs-myrtille-framboise-fraise-glacee-limonade-bleue-razz-ours-gomme-pasteque\/","og_locale":"fr_FR","og_type":"article","og_title":"150K Puffs - Myrtille Framboise &amp; Fraise Glac\u00e9e &amp; Limonade Bleue Razz &amp; Ours Gomme Past\u00e8que","og_description":"Fizzy 150K Puffs jetable avec Blueberry Raspberry, Strawberry Ice, Blue Razz Lemonade, et Watermelon Gummy Bear. Longue dur\u00e9e et saveur.","og_url":"https:\/\/fizzyvape.eu\/fr\/produit\/150k-puffs-myrtille-framboise-fraise-glacee-limonade-bleue-razz-ours-gomme-pasteque\/","og_site_name":"fizzyvape.eu","og_image":[{"width":1000,"height":1000,"url":"https:\/\/fizzyvape.eu\/wp-content\/uploads\/2026\/01\/Fizzy-15-in-1-150K-Puffs-Rechargeable-Disposable-Vape-Flavors-5-1.jpg","type":"image\/jpeg"}],"twitter_card":"summary_large_image","twitter_misc":{"Disponibilit\u00e9":"En stock"},"schema":{"@context":"https:\/\/schema.org","@graph":[{"@type":"WebPage","@id":"https:\/\/fizzyvape.eu\/fr\/produit\/150k-puffs-myrtille-framboise-fraise-glacee-limonade-bleue-razz-ours-gomme-pasteque\/","url":"https:\/\/fizzyvape.eu\/fr\/produit\/150k-puffs-myrtille-framboise-fraise-glacee-limonade-bleue-razz-ours-gomme-pasteque\/","name":"Blue Razz Lemonade | Fizzy 150K Puffs Vape - 15-in-1 Flavors","isPartOf":{"@id":"https:\/\/www.fizzyvape.eu\/fr\/#website"},"primaryImageOfPage":{"@id":"https:\/\/fizzyvape.eu\/fr\/produit\/150k-puffs-myrtille-framboise-fraise-glacee-limonade-bleue-razz-ours-gomme-pasteque\/#primaryimage"},"image":{"@id":"https:\/\/fizzyvape.eu\/fr\/produit\/150k-puffs-myrtille-framboise-fraise-glacee-limonade-bleue-razz-ours-gomme-pasteque\/#primaryimage"},"thumbnailUrl":"https:\/\/fizzyvape.eu\/wp-content\/uploads\/2026\/01\/Fizzy-15-in-1-150K-Puffs-Rechargeable-Disposable-Vape-Flavors-5-1.jpg","datePublished":"2026-01-19T09:55:35+00:00","description":"Fizzy 150K Puffs jetable avec Blueberry Raspberry, Strawberry Ice, Blue Razz Lemonade, et Watermelon Gummy Bear. Longue dur\u00e9e et saveur.","breadcrumb":{"@id":"https:\/\/fizzyvape.eu\/fr\/produit\/150k-puffs-myrtille-framboise-fraise-glacee-limonade-bleue-razz-ours-gomme-pasteque\/#breadcrumb"},"inLanguage":"fr-FR","potentialAction":[{"@type":"ReadAction","target":["https:\/\/fizzyvape.eu\/fr\/produit\/150k-puffs-myrtille-framboise-fraise-glacee-limonade-bleue-razz-ours-gomme-pasteque\/"]}]},{"@type":"ImageObject","inLanguage":"fr-FR","@id":"https:\/\/fizzyvape.eu\/fr\/produit\/150k-puffs-myrtille-framboise-fraise-glacee-limonade-bleue-razz-ours-gomme-pasteque\/#primaryimage","url":"https:\/\/fizzyvape.eu\/wp-content\/uploads\/2026\/01\/Fizzy-15-in-1-150K-Puffs-Rechargeable-Disposable-Vape-Flavors-5-1.jpg","contentUrl":"https:\/\/fizzyvape.eu\/wp-content\/uploads\/2026\/01\/Fizzy-15-in-1-150K-Puffs-Rechargeable-Disposable-Vape-Flavors-5-1.jpg","width":1000,"height":1000,"caption":"Fizzy 15-en-1 150K Puffs Rechargeable Disposable Vape Flavors 5"},{"@type":"BreadcrumbList","@id":"https:\/\/fizzyvape.eu\/fr\/produit\/150k-puffs-myrtille-framboise-fraise-glacee-limonade-bleue-razz-ours-gomme-pasteque\/#breadcrumb","itemListElement":[{"@type":"ListItem","position":1,"name":"Home","item":"https:\/\/fizzyvape.eu\/fr\/"},{"@type":"ListItem","position":2,"name":"Boutique","item":"https:\/\/www.fizzyvape.eu\/fr\/boutique\/"},{"@type":"ListItem","position":3,"name":"150K Puffs &#8211; Myrtille Framboise &amp; Fraise Glac\u00e9e &amp; Limonade Bleue Razz &amp; Ours Gomme Past\u00e8que"}]},{"@type":"WebSite","@id":"https:\/\/www.fizzyvape.eu\/fr\/#website","url":"https:\/\/www.fizzyvape.eu\/fr\/","name":"fizzyvape.eu","description":"Refreshing Vapes. Unforgettable Taste.","publisher":{"@id":"https:\/\/www.fizzyvape.eu\/fr\/#organization"},"potentialAction":[{"@type":"SearchAction","target":{"@type":"EntryPoint","urlTemplate":"https:\/\/www.fizzyvape.eu\/fr\/?s={search_term_string}"},"query-input":{"@type":"PropertyValueSpecification","valueRequired":true,"valueName":"search_term_string"}}],"inLanguage":"fr-FR"},{"@type":"Organization","@id":"https:\/\/www.fizzyvape.eu\/fr\/#organization","name":"fizzyvape.eu","url":"https:\/\/www.fizzyvape.eu\/fr\/","logo":{"@type":"ImageObject","inLanguage":"fr-FR","@id":"https:\/\/www.fizzyvape.eu\/fr\/#\/schema\/logo\/image\/","url":"https:\/\/fizzyvape.eu\/wp-content\/uploads\/2019\/06\/print-1.svg","contentUrl":"https:\/\/fizzyvape.eu\/wp-content\/uploads\/2019\/06\/print-1.svg","width":124,"height":37,"caption":"fizzyvape.eu"},"image":{"@id":"https:\/\/www.fizzyvape.eu\/fr\/#\/schema\/logo\/image\/"}}]},"og_availability":"instock","product_availability":"instock","product_condition":"new"},"tiered_pricing_type":"fixed","tiered_pricing_fixed_rules":[],"tiered_pricing_product_settings":{"layout":"default","base_unit_name":{"singular":null,"plural":null},"default_variation":null},"tiered_pricing_minimum_quantity":null,"tiered_pricing_roles_data":[],"tiered_pricing_percentage_rules":[],"tiered_pricing_maximum_quantity":null,"tiered_pricing_quantity_step":null,"_links":{"self":[{"href":"https:\/\/fizzyvape.eu\/fr\/wp-json\/wp\/v2\/product\/39067","targetHints":{"allow":["GET"]}}],"collection":[{"href":"https:\/\/fizzyvape.eu\/fr\/wp-json\/wp\/v2\/product"}],"about":[{"href":"https:\/\/fizzyvape.eu\/fr\/wp-json\/wp\/v2\/types\/product"}],"replies":[{"embeddable":true,"href":"https:\/\/fizzyvape.eu\/fr\/wp-json\/wp\/v2\/comments?post=39067"}],"version-history":[{"count":0,"href":"https:\/\/fizzyvape.eu\/fr\/wp-json\/wp\/v2\/product\/39067\/revisions"}],"wp:featuredmedia":[{"embeddable":true,"href":"https:\/\/fizzyvape.eu\/fr\/wp-json\/wp\/v2\/media\/38844"}],"wp:attachment":[{"href":"https:\/\/fizzyvape.eu\/fr\/wp-json\/wp\/v2\/media?parent=39067"}],"wp:term":[{"taxonomy":"product_brand","embeddable":true,"href":"https:\/\/fizzyvape.eu\/fr\/wp-json\/wp\/v2\/product_brand?post=39067"},{"taxonomy":"product_cat","embeddable":true,"href":"https:\/\/fizzyvape.eu\/fr\/wp-json\/wp\/v2\/product_cat?post=39067"},{"taxonomy":"product_tag","embeddable":true,"href":"https:\/\/fizzyvape.eu\/fr\/wp-json\/wp\/v2\/product_tag?post=39067"}],"curies":[{"name":"wp","href":"https:\/\/api.w.org\/{rel}","templated":true}]}}