{"id":39103,"date":"2026-01-19T18:20:33","date_gmt":"2026-01-19T10:20:33","guid":{"rendered":"https:\/\/fizzyvape.eu\/product\/150k-puffs-love-66-strawberry-kiwi-watermelon-blueberry-raspberry-lemonade\/"},"modified":"2026-01-19T18:20:33","modified_gmt":"2026-01-19T10:20:33","slug":"150k-puffs-love-66-strawberry-kiwi-watermelon-blueberry-raspberry-lemonade","status":"publish","type":"product","link":"https:\/\/fizzyvape.eu\/fr\/produit\/150k-puffs-love-66-strawberry-kiwi-watermelon-blueberry-raspberry-lemonade\/","title":{"rendered":"150K Puffs &#8211; Love 66 &amp; Strawberry Kiwi &amp; Watermelon Blueberry &amp; Raspberry Lemonade"},"content":{"rendered":"<p><img decoding=\"async\" class=\"wp-image-38860 size-large\" src=\"https:\/\/fizzyvape.eu\/wp-content\/uploads\/2026\/01\/Fizzy-15-in-1-150K-Puffs-Rechargeable-Disposable-Vape-Flavors-7-1-800x800.jpg\" alt=\"Fizzy 15-en-1 150K Puffs Rechargeable Disposable Vape Flavors 7\" width=\"800\" height=\"800\" srcset=\"https:\/\/fizzyvape.eu\/wp-content\/uploads\/2026\/01\/Fizzy-15-in-1-150K-Puffs-Rechargeable-Disposable-Vape-Flavors-7-1-800x800.jpg 800w, https:\/\/fizzyvape.eu\/wp-content\/uploads\/2026\/01\/Fizzy-15-in-1-150K-Puffs-Rechargeable-Disposable-Vape-Flavors-7-1-300x300.jpg 300w, https:\/\/fizzyvape.eu\/wp-content\/uploads\/2026\/01\/Fizzy-15-in-1-150K-Puffs-Rechargeable-Disposable-Vape-Flavors-7-1-150x150.jpg 150w, https:\/\/fizzyvape.eu\/wp-content\/uploads\/2026\/01\/Fizzy-15-in-1-150K-Puffs-Rechargeable-Disposable-Vape-Flavors-7-1-768x768.jpg 768w, https:\/\/fizzyvape.eu\/wp-content\/uploads\/2026\/01\/Fizzy-15-in-1-150K-Puffs-Rechargeable-Disposable-Vape-Flavors-7-1-100x100.jpg 100w, https:\/\/fizzyvape.eu\/wp-content\/uploads\/2026\/01\/Fizzy-15-in-1-150K-Puffs-Rechargeable-Disposable-Vape-Flavors-7-1-200x200.jpg 200w, https:\/\/fizzyvape.eu\/wp-content\/uploads\/2026\/01\/Fizzy-15-in-1-150K-Puffs-Rechargeable-Disposable-Vape-Flavors-7-1-400x400.jpg 400w, https:\/\/fizzyvape.eu\/wp-content\/uploads\/2026\/01\/Fizzy-15-in-1-150K-Puffs-Rechargeable-Disposable-Vape-Flavors-7-1-500x500.jpg 500w, https:\/\/fizzyvape.eu\/wp-content\/uploads\/2026\/01\/Fizzy-15-in-1-150K-Puffs-Rechargeable-Disposable-Vape-Flavors-7-1-430x430.jpg 430w, https:\/\/fizzyvape.eu\/wp-content\/uploads\/2026\/01\/Fizzy-15-in-1-150K-Puffs-Rechargeable-Disposable-Vape-Flavors-7-1-700x700.jpg 700w, https:\/\/fizzyvape.eu\/wp-content\/uploads\/2026\/01\/Fizzy-15-in-1-150K-Puffs-Rechargeable-Disposable-Vape-Flavors-7-1.jpg 1000w\" sizes=\"(max-width: 800px) 100vw, 800px\" \/><\/p>\n<h2>Fizzy 150K Puffs &#8211; Love 66 &amp; Strawberry Kiwi &amp; Watermelon Blueberry &amp; Raspberry Lemonade<\/h2>\n<p><b>\ud83c\udf2c\ufe0f 150 000 bouff\u00e9es. 15 saveurs. L&#8217;exp\u00e9rience ultime de la shisha moderne.  <\/b><\/p>\n<p>Am\u00e9liorez votre jeu de vapotage avec la <b>vape jetable Fizzy 150K Puffs<\/b>, le roi incontest\u00e9 de la capacit\u00e9 et de la vari\u00e9t\u00e9. Cette \u00e9dition associe la l\u00e9gendaire shisha &#8220;Love 66&#8221; \u00e0 une gamme rafra\u00eechissante de baies et de limonade. Dot\u00e9 d&#8217;un \u00e9norme <b>r\u00e9servoir de 80 ml<\/b> et d&#8217;un <b>syst\u00e8me de commutation intelligent 15 en 1<\/b>, cet appareil vous garantit que vous n&#8217;aurez plus jamais \u00e0 vous contenter d&#8217;une seule saveur.  <\/p>\n<h2><b>\ud83c\udf08 Le m\u00e9lange ma\u00eetre \u00e0 4 dosettes<\/b><\/h2>\n<p>Cette <b>vape jetable 150K Puffs<\/b> comprend quatre dosettes distinctes de 20 ml. Passez de l&#8217;une \u00e0 l&#8217;autre ou <b>m\u00e9langez-les pour obtenir 15 combinaisons hybrides uniques :<\/b> <\/p>\n<ul>\n<li><b><span class=\"citation-3\">\u2764\ufe0f Love 66 :<\/span><\/b><span class=\"citation-3 citation-end-3\"> Le m\u00e9lange de shisha mondialement connu de melon sucr\u00e9, de fruit de la passion tropical et d&#8217;un soup\u00e7on de menthe fra\u00eeche.<\/span><\/li>\n<li><b>\ud83c\udf53 Fraise Kiwi :<\/b> Un \u00e9quilibre classique et rafra\u00eechissant entre les fraises des champs sucr\u00e9es et le kiwi acidul\u00e9.<\/li>\n<li><b>\ud83e\uded0 Past\u00e8que et myrtilles :<\/b> Une explosion juteuse de past\u00e8que d&#8217;\u00e9t\u00e9 associ\u00e9e \u00e0 des myrtilles m\u00fbres et sucr\u00e9es.<\/li>\n<li><b>\ud83c\udf4b Limonade \u00e0 la framboise :<\/b> Une base de limonade piquante et p\u00e9tillante infus\u00e9e de framboises acidul\u00e9es cueillies \u00e0 la main.<\/li>\n<\/ul>\n<p><img decoding=\"async\" class=\"wp-image-38407 size-full\" src=\"https:\/\/fizzyvape.eu\/wp-content\/uploads\/2025\/12\/Fizzy-150K-Puffs-Disposable-Vape-5-scaled.jpg\" alt=\"Fizzy 150K Puffs Vape jetable - 5\" width=\"1663\" height=\"2560\" srcset=\"https:\/\/fizzyvape.eu\/wp-content\/uploads\/2025\/12\/Fizzy-150K-Puffs-Disposable-Vape-5-scaled.jpg 1663w, https:\/\/fizzyvape.eu\/wp-content\/uploads\/2025\/12\/Fizzy-150K-Puffs-Disposable-Vape-5-195x300.jpg 195w, https:\/\/fizzyvape.eu\/wp-content\/uploads\/2025\/12\/Fizzy-150K-Puffs-Disposable-Vape-5-520x800.jpg 520w, https:\/\/fizzyvape.eu\/wp-content\/uploads\/2025\/12\/Fizzy-150K-Puffs-Disposable-Vape-5-768x1182.jpg 768w, https:\/\/fizzyvape.eu\/wp-content\/uploads\/2025\/12\/Fizzy-150K-Puffs-Disposable-Vape-5-998x1536.jpg 998w, https:\/\/fizzyvape.eu\/wp-content\/uploads\/2025\/12\/Fizzy-150K-Puffs-Disposable-Vape-5-1330x2048.jpg 1330w, https:\/\/fizzyvape.eu\/wp-content\/uploads\/2025\/12\/Fizzy-150K-Puffs-Disposable-Vape-5-430x662.jpg 430w, https:\/\/fizzyvape.eu\/wp-content\/uploads\/2025\/12\/Fizzy-150K-Puffs-Disposable-Vape-5-700x1078.jpg 700w, https:\/\/fizzyvape.eu\/wp-content\/uploads\/2025\/12\/Fizzy-150K-Puffs-Disposable-Vape-5-150x231.jpg 150w\" sizes=\"(max-width: 1663px) 100vw, 1663px\" \/><\/p>\n<h2><b>\ud83d\udce6 Sp\u00e9cifications<\/b><\/h2>\n<table>\n<thead>\n<tr>\n<td><strong>Caract\u00e9ristiques<\/strong><\/td>\n<td><strong>Donn\u00e9es techniques B2B<\/strong><\/td>\n<\/tr>\n<\/thead>\n<tbody>\n<tr>\n<td><b>Nombre de bouff\u00e9es<\/b><\/td>\n<td>Jusqu&#8217;\u00e0 150 000 bouff\u00e9es<\/td>\n<\/tr>\n<tr>\n<td><b>Capacit\u00e9 en e-liquide<\/b><\/td>\n<td><b>80mL au total (20mL x 4 Pods ind\u00e9pendants)<\/b><\/td>\n<\/tr>\n<tr>\n<td><b>Batterie<\/b><\/td>\n<td>1000mAh Cobalt pur (Type-C rechargeable)<\/td>\n<\/tr>\n<tr>\n<td><b>Modes d&#8217;ar\u00f4mes<\/b><\/td>\n<td><b>15 combinaisons intelligentes (A\/B\/C\/D + hybrides)<\/b><\/td>\n<\/tr>\n<tr>\n<td><b>Syst\u00e8me d&#8217;enroulement<\/b><\/td>\n<td>Quad-Mesh 1.0\u03a9 (diffusion homog\u00e8ne)<\/td>\n<\/tr>\n<tr>\n<td><b>Emballage<\/b><\/td>\n<td>Bo\u00eetes d&#8217;exposition pr\u00eates pour la vente au d\u00e9tail<\/td>\n<\/tr>\n<\/tbody>\n<\/table>\n<h2><b>\ud83c\udfa8Fizzy<\/b>15-in-1 150K Puffs Rechargeable <strong>Disposable Vape Flavors List :<\/strong><\/h2>\n<ol>\n<li><a href=\"https:\/\/fizzyvape.eu\/fr\/produit\/150k-puffs-glace-pasteque-red-bull-fraise-framboise-glace-triple-melon\/\">glace past\u00e8que &amp; red bull &amp; fraise framboise &amp; glace triple melon<\/a><\/li>\n<li><a href=\"https:\/\/fizzyvape.eu\/fr\/produit\/150k-puffs-fraise-glacee-et-kiwi-fruit-de-la-passion-goyave-et-peche-mangue-pasteque-et-raisin-en-rafale\/\">fraise glac\u00e9e &amp; kiwi fruit de la passion goyave &amp; p\u00eache mangue past\u00e8que &amp; raisin \u00e9clat\u00e9<\/a><\/li>\n<li><a href=\"https:\/\/fizzyvape.eu\/fr\/produit\/150k-puffs-red-bull-fraise-kiwi-grenade-myrtille-glace-ananas-noix-de-coco\/\">red bull &amp; fraise kiwi grenade &amp; myrtille glace &amp; ananas noix de coco<\/a><\/li>\n<li><a href=\"https:\/\/fizzyvape.eu\/fr\/produit\/150k-puffs-fraise-kiwi-baies-melangees-pasteque-bubblegum-peche-juteuse\/\">fraise kiwi &amp; baies m\u00e9lang\u00e9es &amp; past\u00e8que bubblegum &amp; p\u00eache juteuse<\/a><\/li>\n<li><a href=\"https:\/\/fizzyvape.eu\/fr\/produit\/150k-puffs-myrtille-framboise-fraise-glacee-limonade-bleue-razz-ours-gomme-pasteque\/\">myrtille framboise &amp; fraise glace &amp; limonade blue razz &amp; ourson gommeux past\u00e8que<\/a><\/li>\n<li><a href=\"https:\/\/fizzyvape.eu\/fr\/produit\/150k-puffs-tropical-fruit-punch-watermelon-raspberry-blueberry-coconut-strawberry-skittles\/\">punch aux fruits tropicaux &amp; past\u00e8que framboise &amp; myrtille noix de coco &amp; fraise skittles<\/a><\/li>\n<li><a href=\"https:\/\/fizzyvape.eu\/fr\/produit\/150k-puffs-love-66-strawberry-kiwi-watermelon-blueberry-raspberry-lemonade\/\">amour 66 &amp; fraise kiwi &amp; past\u00e8que myrtille &amp; framboise limonade<\/a><\/li>\n<li><a href=\"https:\/\/fizzyvape.eu\/produit\/fizzy-150k-puffs-fizzy-cola-berry-set\/\">baies m\u00e9lang\u00e9es &amp; ananas p\u00eache fruit de la passion &amp; cola p\u00e9tillant &amp; fraise framboise<\/a><\/li>\n<li><a href=\"https:\/\/fizzyvape.eu\/produit\/fizzy-150k-puffs-blue-razz-raspberry-set\/\">blue razz rapsberry &amp; watermelon cherry ice &amp; strawberry grape &amp;passion fruit orange peach<\/a><\/li>\n<li><a href=\"https:\/\/fizzyvape.eu\/produit\/fizzy-150k-puffs-fizzy-cherry-citrus-set\/\">cerise p\u00e9tillante &amp; fraise fruit du dragon &amp; citron vert &amp; past\u00e8que myrtille<\/a><\/li>\n<li><a href=\"https:\/\/fizzyvape.eu\/produit\/fizzy-150k-puffs-vanilla-coke-berry-set\/\">fraise vanille coca &amp; myrtille framboise &amp; past\u00e8que glace &amp; cerise baie<\/a><\/li>\n<li><a href=\"https:\/\/fizzyvape.eu\/produit\/fizzy-150k-puffs-mojito-ice-set\/\">myrtille glac\u00e9e &amp; fraise past\u00e8que &amp; mojito &amp; kiwi fruit de la passion goyave<\/a><\/li>\n<\/ol>\n<h2><b>\ud83d\udc8e Pourquoi Fizzy 150K est le choix ultime<\/b><\/h2>\n<ul>\n<li><b>\u26a1 150 000 bouff\u00e9es :<\/b> Poss\u00e9dez la <b>vape jetable 150K Puffs<\/b> la plus durable du march\u00e9. Elle offre une valeur incroyable et dure plus longtemps que 20 produits jetables standard combin\u00e9s. <\/li>\n<li><b>\ud83d\udd04 15-in-1 Flavor Tech :<\/b> Pourquoi transporter quatre vapes ? Passez d&#8217;une dosette \u00e0 l&#8217;autre ou m\u00e9langez-les pour cr\u00e9er instantan\u00e9ment vos propres m\u00e9langes &#8220;Love 66 Lemonade&#8221; ou &#8220;Strawberry Blueberry&#8221;. <\/li>\n<li><b>\ud83d\udcf1 Hub LED intelligent :<\/b> Gardez le contr\u00f4le gr\u00e2ce \u00e0 un \u00e9cran haute d\u00e9finition affichant votre <b>% de batterie<\/b> et les <b>niveaux de jus<\/b> pour chacune des 4 dosettes individuelles.<\/li>\n<li><b>\ud83d\udca8 Performance Quad-Mesh :<\/b> Dot\u00e9 de <b>4 coils mesh 1,0\u03a9 ind\u00e9pendants<\/b>. Chaque saveur reste pure, nette et s\u00e9par\u00e9e, assurant une contamination z\u00e9ro de la saveur. <\/li>\n<li><b>\ud83d\udd0b Une puissance massive :<\/b> Une batterie en cobalt pur de 1000mAh associ\u00e9e \u00e0 la charge rapide Type-C vous permet de rester aliment\u00e9 toute la semaine.<\/li>\n<\/ul>\n<h2><b>\u2753 FAQ rapide<\/b><\/h2>\n<p><b>Q : Qu&#8217;est-ce que la saveur &#8220;Love 66&#8221; ?<\/b><\/p>\n<p><span class=\"citation-2 citation-end-2\">R : Love 66 est une saveur populaire inspir\u00e9e de la shisha, connue pour son m\u00e9lange de melon miel, de fruit de la passion et de notes florales avec un final rafra\u00eechissant.<\/span> C&#8217;est l&#8217;un des profils les plus recherch\u00e9s dans cette \u00e9dition de <b>150 000 bouff\u00e9es jetables<\/b>.<\/p>\n<p><b>Q : Puis-je m\u00e9langer les 4 parfums en m\u00eame temps ?<\/b><\/p>\n<p>R : Oui ! La bascule intelligente vous permet d&#8217;activer plusieurs dosettes simultan\u00e9ment pour cr\u00e9er des &#8220;super m\u00e9langes&#8221; complexes et multicouches. <\/p>\n<p><b>Q : Est-il authentique ?<\/b><\/p>\n<p>R : Absolument. Chaque appareil Fizzy vendu ici comprend un code de s\u00e9curit\u00e9 unique \u00e0 gratter pour une v\u00e9rification officielle sur le site Web de Fizzy. <\/p>\n","protected":false},"excerpt":{"rendered":"[html_block id=\"38779\"]\n","protected":false},"featured_media":38862,"comment_status":"open","ping_status":"closed","template":"","meta":{"iawp_total_views":0},"product_brand":[],"product_cat":[995],"product_tag":[],"class_list":{"0":"post-39103","1":"product","2":"type-product","3":"status-publish","4":"has-post-thumbnail","6":"product_cat-vape-jetable-rechargeable-fizzy-150k-150-000-bouffees-15-en-1","8":"first","9":"instock","10":"sale","11":"shipping-taxable","12":"purchasable","13":"product-type-variable"},"yoast_head":"<!-- This site is optimized with the Yoast SEO Premium plugin v24.8 (Yoast SEO v27.4) - https:\/\/yoast.com\/product\/yoast-seo-premium-wordpress\/ -->\n<title>Love 66 &amp; Raspberry Lemonade | Fizzy 150K Vape<\/title>\n<meta name=\"description\" content=\"Fizzy 150K Puffs vape jetable avec Love 66, Strawberry Kiwi, Watermelon Blueberry, et Raspberry Lemonade. Appareil rechargeable avec un flux d&#039;air r\u00e9gulier.\" \/>\n<meta name=\"robots\" content=\"index, follow, max-snippet:-1, max-image-preview:large, max-video-preview:-1\" \/>\n<link rel=\"canonical\" href=\"https:\/\/fizzyvape.eu\/fr\/produit\/150k-puffs-love-66-strawberry-kiwi-watermelon-blueberry-raspberry-lemonade\/\" \/>\n<meta property=\"og:locale\" content=\"fr_FR\" \/>\n<meta property=\"og:type\" content=\"article\" \/>\n<meta property=\"og:title\" content=\"150K Puffs - Love 66 &amp; Strawberry Kiwi &amp; Watermelon Blueberry &amp; Raspberry Lemonade\" \/>\n<meta property=\"og:description\" content=\"Fizzy 150K Puffs vape jetable avec Love 66, Strawberry Kiwi, Watermelon Blueberry, et Raspberry Lemonade. Appareil rechargeable avec un flux d&#039;air r\u00e9gulier.\" \/>\n<meta property=\"og:url\" content=\"https:\/\/fizzyvape.eu\/fr\/produit\/150k-puffs-love-66-strawberry-kiwi-watermelon-blueberry-raspberry-lemonade\/\" \/>\n<meta property=\"og:site_name\" content=\"fizzyvape.eu\" \/>\n<meta property=\"og:image\" content=\"https:\/\/fizzyvape.eu\/wp-content\/uploads\/2026\/01\/Fizzy-15-in-1-150K-Puffs-Rechargeable-Disposable-Vape-Flavors-7-1.jpg\" \/>\n\t<meta property=\"og:image:width\" content=\"1000\" \/>\n\t<meta property=\"og:image:height\" content=\"1000\" \/>\n\t<meta property=\"og:image:type\" content=\"image\/jpeg\" \/>\n<meta name=\"twitter:card\" content=\"summary_large_image\" \/>\n<meta name=\"twitter:label1\" content=\"Disponibilit\u00e9\" \/>\n\t<meta name=\"twitter:data1\" content=\"En stock\" \/>\n<script type=\"application\/ld+json\" class=\"yoast-schema-graph\">{\"@context\":\"https:\\\/\\\/schema.org\",\"@graph\":[{\"@type\":\"WebPage\",\"@id\":\"https:\\\/\\\/fizzyvape.eu\\\/fr\\\/produit\\\/150k-puffs-love-66-strawberry-kiwi-watermelon-blueberry-raspberry-lemonade\\\/\",\"url\":\"https:\\\/\\\/fizzyvape.eu\\\/fr\\\/produit\\\/150k-puffs-love-66-strawberry-kiwi-watermelon-blueberry-raspberry-lemonade\\\/\",\"name\":\"Love 66 & Raspberry Lemonade | Fizzy 150K Vape\",\"isPartOf\":{\"@id\":\"https:\\\/\\\/www.fizzyvape.eu\\\/fr\\\/#website\"},\"primaryImageOfPage\":{\"@id\":\"https:\\\/\\\/fizzyvape.eu\\\/fr\\\/produit\\\/150k-puffs-love-66-strawberry-kiwi-watermelon-blueberry-raspberry-lemonade\\\/#primaryimage\"},\"image\":{\"@id\":\"https:\\\/\\\/fizzyvape.eu\\\/fr\\\/produit\\\/150k-puffs-love-66-strawberry-kiwi-watermelon-blueberry-raspberry-lemonade\\\/#primaryimage\"},\"thumbnailUrl\":\"https:\\\/\\\/fizzyvape.eu\\\/wp-content\\\/uploads\\\/2026\\\/01\\\/Fizzy-15-in-1-150K-Puffs-Rechargeable-Disposable-Vape-Flavors-7-1.jpg\",\"datePublished\":\"2026-01-19T10:20:33+00:00\",\"description\":\"Fizzy 150K Puffs vape jetable avec Love 66, Strawberry Kiwi, Watermelon Blueberry, et Raspberry Lemonade. Appareil rechargeable avec un flux d'air r\u00e9gulier.\",\"breadcrumb\":{\"@id\":\"https:\\\/\\\/fizzyvape.eu\\\/fr\\\/produit\\\/150k-puffs-love-66-strawberry-kiwi-watermelon-blueberry-raspberry-lemonade\\\/#breadcrumb\"},\"inLanguage\":\"fr-FR\",\"potentialAction\":[{\"@type\":\"ReadAction\",\"target\":[\"https:\\\/\\\/fizzyvape.eu\\\/fr\\\/produit\\\/150k-puffs-love-66-strawberry-kiwi-watermelon-blueberry-raspberry-lemonade\\\/\"]}]},{\"@type\":\"ImageObject\",\"inLanguage\":\"fr-FR\",\"@id\":\"https:\\\/\\\/fizzyvape.eu\\\/fr\\\/produit\\\/150k-puffs-love-66-strawberry-kiwi-watermelon-blueberry-raspberry-lemonade\\\/#primaryimage\",\"url\":\"https:\\\/\\\/fizzyvape.eu\\\/wp-content\\\/uploads\\\/2026\\\/01\\\/Fizzy-15-in-1-150K-Puffs-Rechargeable-Disposable-Vape-Flavors-7-1.jpg\",\"contentUrl\":\"https:\\\/\\\/fizzyvape.eu\\\/wp-content\\\/uploads\\\/2026\\\/01\\\/Fizzy-15-in-1-150K-Puffs-Rechargeable-Disposable-Vape-Flavors-7-1.jpg\",\"width\":1000,\"height\":1000,\"caption\":\"Fizzy 15-en-1 150K Puffs Rechargeable Disposable Vape Flavors 7\"},{\"@type\":\"BreadcrumbList\",\"@id\":\"https:\\\/\\\/fizzyvape.eu\\\/fr\\\/produit\\\/150k-puffs-love-66-strawberry-kiwi-watermelon-blueberry-raspberry-lemonade\\\/#breadcrumb\",\"itemListElement\":[{\"@type\":\"ListItem\",\"position\":1,\"name\":\"Home\",\"item\":\"https:\\\/\\\/fizzyvape.eu\\\/fr\\\/\"},{\"@type\":\"ListItem\",\"position\":2,\"name\":\"Boutique\",\"item\":\"https:\\\/\\\/www.fizzyvape.eu\\\/fr\\\/boutique\\\/\"},{\"@type\":\"ListItem\",\"position\":3,\"name\":\"150K Puffs &#8211; Love 66 &amp; Strawberry Kiwi &amp; Watermelon Blueberry &amp; Raspberry Lemonade\"}]},{\"@type\":\"WebSite\",\"@id\":\"https:\\\/\\\/www.fizzyvape.eu\\\/fr\\\/#website\",\"url\":\"https:\\\/\\\/www.fizzyvape.eu\\\/fr\\\/\",\"name\":\"fizzyvape.eu\",\"description\":\"Refreshing Vapes. Unforgettable Taste.\",\"publisher\":{\"@id\":\"https:\\\/\\\/www.fizzyvape.eu\\\/fr\\\/#organization\"},\"potentialAction\":[{\"@type\":\"SearchAction\",\"target\":{\"@type\":\"EntryPoint\",\"urlTemplate\":\"https:\\\/\\\/www.fizzyvape.eu\\\/fr\\\/?s={search_term_string}\"},\"query-input\":{\"@type\":\"PropertyValueSpecification\",\"valueRequired\":true,\"valueName\":\"search_term_string\"}}],\"inLanguage\":\"fr-FR\"},{\"@type\":\"Organization\",\"@id\":\"https:\\\/\\\/www.fizzyvape.eu\\\/fr\\\/#organization\",\"name\":\"fizzyvape.eu\",\"url\":\"https:\\\/\\\/www.fizzyvape.eu\\\/fr\\\/\",\"logo\":{\"@type\":\"ImageObject\",\"inLanguage\":\"fr-FR\",\"@id\":\"https:\\\/\\\/www.fizzyvape.eu\\\/fr\\\/#\\\/schema\\\/logo\\\/image\\\/\",\"url\":\"https:\\\/\\\/fizzyvape.eu\\\/wp-content\\\/uploads\\\/2019\\\/06\\\/print-1.svg\",\"contentUrl\":\"https:\\\/\\\/fizzyvape.eu\\\/wp-content\\\/uploads\\\/2019\\\/06\\\/print-1.svg\",\"width\":124,\"height\":37,\"caption\":\"fizzyvape.eu\"},\"image\":{\"@id\":\"https:\\\/\\\/www.fizzyvape.eu\\\/fr\\\/#\\\/schema\\\/logo\\\/image\\\/\"}}]}<\/script>\n<meta property=\"og:availability\" content=\"instock\" \/>\n<meta property=\"product:availability\" content=\"instock\" \/>\n<meta property=\"product:condition\" content=\"new\" \/>\n<!-- \/ Yoast SEO Premium plugin. -->","yoast_head_json":{"title":"Love 66 & Raspberry Lemonade | Fizzy 150K Vape","description":"Fizzy 150K Puffs vape jetable avec Love 66, Strawberry Kiwi, Watermelon Blueberry, et Raspberry Lemonade. Appareil rechargeable avec un flux d'air r\u00e9gulier.","robots":{"index":"index","follow":"follow","max-snippet":"max-snippet:-1","max-image-preview":"max-image-preview:large","max-video-preview":"max-video-preview:-1"},"canonical":"https:\/\/fizzyvape.eu\/fr\/produit\/150k-puffs-love-66-strawberry-kiwi-watermelon-blueberry-raspberry-lemonade\/","og_locale":"fr_FR","og_type":"article","og_title":"150K Puffs - Love 66 &amp; Strawberry Kiwi &amp; Watermelon Blueberry &amp; Raspberry Lemonade","og_description":"Fizzy 150K Puffs vape jetable avec Love 66, Strawberry Kiwi, Watermelon Blueberry, et Raspberry Lemonade. Appareil rechargeable avec un flux d'air r\u00e9gulier.","og_url":"https:\/\/fizzyvape.eu\/fr\/produit\/150k-puffs-love-66-strawberry-kiwi-watermelon-blueberry-raspberry-lemonade\/","og_site_name":"fizzyvape.eu","og_image":[{"width":1000,"height":1000,"url":"https:\/\/fizzyvape.eu\/wp-content\/uploads\/2026\/01\/Fizzy-15-in-1-150K-Puffs-Rechargeable-Disposable-Vape-Flavors-7-1.jpg","type":"image\/jpeg"}],"twitter_card":"summary_large_image","twitter_misc":{"Disponibilit\u00e9":"En stock"},"schema":{"@context":"https:\/\/schema.org","@graph":[{"@type":"WebPage","@id":"https:\/\/fizzyvape.eu\/fr\/produit\/150k-puffs-love-66-strawberry-kiwi-watermelon-blueberry-raspberry-lemonade\/","url":"https:\/\/fizzyvape.eu\/fr\/produit\/150k-puffs-love-66-strawberry-kiwi-watermelon-blueberry-raspberry-lemonade\/","name":"Love 66 & Raspberry Lemonade | Fizzy 150K Vape","isPartOf":{"@id":"https:\/\/www.fizzyvape.eu\/fr\/#website"},"primaryImageOfPage":{"@id":"https:\/\/fizzyvape.eu\/fr\/produit\/150k-puffs-love-66-strawberry-kiwi-watermelon-blueberry-raspberry-lemonade\/#primaryimage"},"image":{"@id":"https:\/\/fizzyvape.eu\/fr\/produit\/150k-puffs-love-66-strawberry-kiwi-watermelon-blueberry-raspberry-lemonade\/#primaryimage"},"thumbnailUrl":"https:\/\/fizzyvape.eu\/wp-content\/uploads\/2026\/01\/Fizzy-15-in-1-150K-Puffs-Rechargeable-Disposable-Vape-Flavors-7-1.jpg","datePublished":"2026-01-19T10:20:33+00:00","description":"Fizzy 150K Puffs vape jetable avec Love 66, Strawberry Kiwi, Watermelon Blueberry, et Raspberry Lemonade. Appareil rechargeable avec un flux d'air r\u00e9gulier.","breadcrumb":{"@id":"https:\/\/fizzyvape.eu\/fr\/produit\/150k-puffs-love-66-strawberry-kiwi-watermelon-blueberry-raspberry-lemonade\/#breadcrumb"},"inLanguage":"fr-FR","potentialAction":[{"@type":"ReadAction","target":["https:\/\/fizzyvape.eu\/fr\/produit\/150k-puffs-love-66-strawberry-kiwi-watermelon-blueberry-raspberry-lemonade\/"]}]},{"@type":"ImageObject","inLanguage":"fr-FR","@id":"https:\/\/fizzyvape.eu\/fr\/produit\/150k-puffs-love-66-strawberry-kiwi-watermelon-blueberry-raspberry-lemonade\/#primaryimage","url":"https:\/\/fizzyvape.eu\/wp-content\/uploads\/2026\/01\/Fizzy-15-in-1-150K-Puffs-Rechargeable-Disposable-Vape-Flavors-7-1.jpg","contentUrl":"https:\/\/fizzyvape.eu\/wp-content\/uploads\/2026\/01\/Fizzy-15-in-1-150K-Puffs-Rechargeable-Disposable-Vape-Flavors-7-1.jpg","width":1000,"height":1000,"caption":"Fizzy 15-en-1 150K Puffs Rechargeable Disposable Vape Flavors 7"},{"@type":"BreadcrumbList","@id":"https:\/\/fizzyvape.eu\/fr\/produit\/150k-puffs-love-66-strawberry-kiwi-watermelon-blueberry-raspberry-lemonade\/#breadcrumb","itemListElement":[{"@type":"ListItem","position":1,"name":"Home","item":"https:\/\/fizzyvape.eu\/fr\/"},{"@type":"ListItem","position":2,"name":"Boutique","item":"https:\/\/www.fizzyvape.eu\/fr\/boutique\/"},{"@type":"ListItem","position":3,"name":"150K Puffs &#8211; Love 66 &amp; Strawberry Kiwi &amp; Watermelon Blueberry &amp; Raspberry Lemonade"}]},{"@type":"WebSite","@id":"https:\/\/www.fizzyvape.eu\/fr\/#website","url":"https:\/\/www.fizzyvape.eu\/fr\/","name":"fizzyvape.eu","description":"Refreshing Vapes. Unforgettable Taste.","publisher":{"@id":"https:\/\/www.fizzyvape.eu\/fr\/#organization"},"potentialAction":[{"@type":"SearchAction","target":{"@type":"EntryPoint","urlTemplate":"https:\/\/www.fizzyvape.eu\/fr\/?s={search_term_string}"},"query-input":{"@type":"PropertyValueSpecification","valueRequired":true,"valueName":"search_term_string"}}],"inLanguage":"fr-FR"},{"@type":"Organization","@id":"https:\/\/www.fizzyvape.eu\/fr\/#organization","name":"fizzyvape.eu","url":"https:\/\/www.fizzyvape.eu\/fr\/","logo":{"@type":"ImageObject","inLanguage":"fr-FR","@id":"https:\/\/www.fizzyvape.eu\/fr\/#\/schema\/logo\/image\/","url":"https:\/\/fizzyvape.eu\/wp-content\/uploads\/2019\/06\/print-1.svg","contentUrl":"https:\/\/fizzyvape.eu\/wp-content\/uploads\/2019\/06\/print-1.svg","width":124,"height":37,"caption":"fizzyvape.eu"},"image":{"@id":"https:\/\/www.fizzyvape.eu\/fr\/#\/schema\/logo\/image\/"}}]},"og_availability":"instock","product_availability":"instock","product_condition":"new"},"tiered_pricing_type":"fixed","tiered_pricing_fixed_rules":[],"tiered_pricing_product_settings":{"layout":"default","base_unit_name":{"singular":null,"plural":null},"default_variation":null},"tiered_pricing_minimum_quantity":null,"tiered_pricing_roles_data":[],"tiered_pricing_percentage_rules":[],"tiered_pricing_maximum_quantity":null,"tiered_pricing_quantity_step":null,"_links":{"self":[{"href":"https:\/\/fizzyvape.eu\/fr\/wp-json\/wp\/v2\/product\/39103","targetHints":{"allow":["GET"]}}],"collection":[{"href":"https:\/\/fizzyvape.eu\/fr\/wp-json\/wp\/v2\/product"}],"about":[{"href":"https:\/\/fizzyvape.eu\/fr\/wp-json\/wp\/v2\/types\/product"}],"replies":[{"embeddable":true,"href":"https:\/\/fizzyvape.eu\/fr\/wp-json\/wp\/v2\/comments?post=39103"}],"version-history":[{"count":0,"href":"https:\/\/fizzyvape.eu\/fr\/wp-json\/wp\/v2\/product\/39103\/revisions"}],"wp:featuredmedia":[{"embeddable":true,"href":"https:\/\/fizzyvape.eu\/fr\/wp-json\/wp\/v2\/media\/38862"}],"wp:attachment":[{"href":"https:\/\/fizzyvape.eu\/fr\/wp-json\/wp\/v2\/media?parent=39103"}],"wp:term":[{"taxonomy":"product_brand","embeddable":true,"href":"https:\/\/fizzyvape.eu\/fr\/wp-json\/wp\/v2\/product_brand?post=39103"},{"taxonomy":"product_cat","embeddable":true,"href":"https:\/\/fizzyvape.eu\/fr\/wp-json\/wp\/v2\/product_cat?post=39103"},{"taxonomy":"product_tag","embeddable":true,"href":"https:\/\/fizzyvape.eu\/fr\/wp-json\/wp\/v2\/product_tag?post=39103"}],"curies":[{"name":"wp","href":"https:\/\/api.w.org\/{rel}","templated":true}]}}