{"id":39121,"date":"2026-01-19T18:20:37","date_gmt":"2026-01-19T10:20:37","guid":{"rendered":"https:\/\/fizzyvape.eu\/product\/150k-puffs-blue-razz-rapsberry-watermelon-cherry-ice-strawberry-grape-passion-fruit-orange-peach\/"},"modified":"2026-01-19T18:20:37","modified_gmt":"2026-01-19T10:20:37","slug":"150k-puffs-blue-razz-rapsberry-watermelon-cherry-ice-strawberry-grape-passion-fruit-orange-peach","status":"publish","type":"product","link":"https:\/\/fizzyvape.eu\/fr\/produit\/150k-puffs-blue-razz-rapsberry-watermelon-cherry-ice-strawberry-grape-passion-fruit-orange-peach\/","title":{"rendered":"150K Puffs &#8211; Blue Razz Rapsberry &amp; Watermelon Cherry Ice &amp; Strawberry Grape &amp;Passion Fruit Orange Peach"},"content":{"rendered":"<p><img decoding=\"async\" class=\"wp-image-38869 size-large\" src=\"https:\/\/fizzyvape.eu\/wp-content\/uploads\/2026\/01\/Fizzy-15-in-1-150K-Puffs-Rechargeable-Disposable-Vape-Flavors-8-1-800x800.jpg\" alt=\"Fizzy 15-en-1 150K Puffs Rechargeable Disposable Vape Flavors 8\" width=\"800\" height=\"800\" srcset=\"https:\/\/fizzyvape.eu\/wp-content\/uploads\/2026\/01\/Fizzy-15-in-1-150K-Puffs-Rechargeable-Disposable-Vape-Flavors-8-1-800x800.jpg 800w, https:\/\/fizzyvape.eu\/wp-content\/uploads\/2026\/01\/Fizzy-15-in-1-150K-Puffs-Rechargeable-Disposable-Vape-Flavors-8-1-300x300.jpg 300w, https:\/\/fizzyvape.eu\/wp-content\/uploads\/2026\/01\/Fizzy-15-in-1-150K-Puffs-Rechargeable-Disposable-Vape-Flavors-8-1-150x150.jpg 150w, https:\/\/fizzyvape.eu\/wp-content\/uploads\/2026\/01\/Fizzy-15-in-1-150K-Puffs-Rechargeable-Disposable-Vape-Flavors-8-1-768x768.jpg 768w, https:\/\/fizzyvape.eu\/wp-content\/uploads\/2026\/01\/Fizzy-15-in-1-150K-Puffs-Rechargeable-Disposable-Vape-Flavors-8-1-100x100.jpg 100w, https:\/\/fizzyvape.eu\/wp-content\/uploads\/2026\/01\/Fizzy-15-in-1-150K-Puffs-Rechargeable-Disposable-Vape-Flavors-8-1-200x200.jpg 200w, https:\/\/fizzyvape.eu\/wp-content\/uploads\/2026\/01\/Fizzy-15-in-1-150K-Puffs-Rechargeable-Disposable-Vape-Flavors-8-1-400x400.jpg 400w, https:\/\/fizzyvape.eu\/wp-content\/uploads\/2026\/01\/Fizzy-15-in-1-150K-Puffs-Rechargeable-Disposable-Vape-Flavors-8-1-500x500.jpg 500w, https:\/\/fizzyvape.eu\/wp-content\/uploads\/2026\/01\/Fizzy-15-in-1-150K-Puffs-Rechargeable-Disposable-Vape-Flavors-8-1-430x430.jpg 430w, https:\/\/fizzyvape.eu\/wp-content\/uploads\/2026\/01\/Fizzy-15-in-1-150K-Puffs-Rechargeable-Disposable-Vape-Flavors-8-1-700x700.jpg 700w, https:\/\/fizzyvape.eu\/wp-content\/uploads\/2026\/01\/Fizzy-15-in-1-150K-Puffs-Rechargeable-Disposable-Vape-Flavors-8-1.jpg 1000w\" sizes=\"(max-width: 800px) 100vw, 800px\" \/><\/p>\n<h2>Fizzy 150K Puffs &#8211; Blue Razz Rapsberry &amp; Watermelon Cherry Ice &amp; Strawberry Grape &amp;Passion Fruit Orange Peach<\/h2>\n<p>La <b>vape jetable Fizzy 150K Puffs<\/b> est la solution ultime pour les vapoteurs qui veulent tout avoir. Dot\u00e9 d&#8217;un \u00e9norme <b>r\u00e9servoir d&#8217;e-liquide de 80 ml<\/b> et du premier <b>syst\u00e8me de commutation intelligent 15 en 1 au<\/b> monde, cet appareil est con\u00e7u pour durer et surpasser tout le reste de votre collection. Cette \u00e9dition sp\u00e9cifique offre une s\u00e9lection de baies acidul\u00e9es, de melons givr\u00e9s et de fruits exotiques gorg\u00e9s de soleil pour une exp\u00e9rience vraiment raffin\u00e9e.  <\/p>\n<h2><b>\ud83c\udf08 La palette d&#8217;ar\u00f4mes en 4 parties<\/b><\/h2>\n<p>\u00c0 l&#8217;int\u00e9rieur de cette <b>vape jetable 150K Puffs<\/b>, vous trouverez quatre dosettes ind\u00e9pendantes de 20 ml. Appr\u00e9ciez-les comme des saveurs autonomes, ou utilisez le smart toggle pour <b>les m\u00e9langer dans 15 combinaisons hybrides uniques :<\/b> <\/p>\n<ul>\n<li><b>\ud83e\uded0 Blue Razz Raspberry :<\/b> Une explosion vibrante et acidul\u00e9e de framboises bleues m\u00e9lang\u00e9es \u00e0 des framboises de verger sucr\u00e9es.<\/li>\n<li><b>\ud83c\udf52 Watermelon Cherry Ice :<\/b> La past\u00e8que juteuse de l&#8217;\u00e9t\u00e9 rencontre les cerises fonc\u00e9es sucr\u00e9es avec une finale arctique glac\u00e9e.<\/li>\n<li><b>\ud83c\udf47 Fraise raisin :<\/b> Un m\u00e9lange riche et confitur\u00e9 de fraises m\u00fbries au soleil et de raisins violets profonds et sucr\u00e9s.<\/li>\n<li><b>\ud83c\udf4a Fruit de la passion Orange P\u00eache :<\/b> Un trio d&#8217;agrumes tropical qui offre un \u00e9quilibre parfait entre l&#8217;acidit\u00e9 et la douceur velout\u00e9e de la p\u00eache.<\/li>\n<\/ul>\n<p><img decoding=\"async\" class=\"wp-image-38407 size-full\" src=\"https:\/\/fizzyvape.eu\/wp-content\/uploads\/2025\/12\/Fizzy-150K-Puffs-Disposable-Vape-5-scaled.jpg\" alt=\"Fizzy 150K Puffs Vape jetable - 5\" width=\"1663\" height=\"2560\" srcset=\"https:\/\/fizzyvape.eu\/wp-content\/uploads\/2025\/12\/Fizzy-150K-Puffs-Disposable-Vape-5-scaled.jpg 1663w, https:\/\/fizzyvape.eu\/wp-content\/uploads\/2025\/12\/Fizzy-150K-Puffs-Disposable-Vape-5-195x300.jpg 195w, https:\/\/fizzyvape.eu\/wp-content\/uploads\/2025\/12\/Fizzy-150K-Puffs-Disposable-Vape-5-520x800.jpg 520w, https:\/\/fizzyvape.eu\/wp-content\/uploads\/2025\/12\/Fizzy-150K-Puffs-Disposable-Vape-5-768x1182.jpg 768w, https:\/\/fizzyvape.eu\/wp-content\/uploads\/2025\/12\/Fizzy-150K-Puffs-Disposable-Vape-5-998x1536.jpg 998w, https:\/\/fizzyvape.eu\/wp-content\/uploads\/2025\/12\/Fizzy-150K-Puffs-Disposable-Vape-5-1330x2048.jpg 1330w, https:\/\/fizzyvape.eu\/wp-content\/uploads\/2025\/12\/Fizzy-150K-Puffs-Disposable-Vape-5-430x662.jpg 430w, https:\/\/fizzyvape.eu\/wp-content\/uploads\/2025\/12\/Fizzy-150K-Puffs-Disposable-Vape-5-700x1078.jpg 700w, https:\/\/fizzyvape.eu\/wp-content\/uploads\/2025\/12\/Fizzy-150K-Puffs-Disposable-Vape-5-150x231.jpg 150w\" sizes=\"(max-width: 1663px) 100vw, 1663px\" \/><\/p>\n<h2><b>\ud83d\udce6 Sp\u00e9cifications<\/b><\/h2>\n<table>\n<thead>\n<tr>\n<td><strong>Caract\u00e9ristiques<\/strong><\/td>\n<td><strong>Donn\u00e9es techniques B2B<\/strong><\/td>\n<\/tr>\n<\/thead>\n<tbody>\n<tr>\n<td><b>Nombre de bouff\u00e9es<\/b><\/td>\n<td>Jusqu&#8217;\u00e0 150 000 bouff\u00e9es<\/td>\n<\/tr>\n<tr>\n<td><b>Capacit\u00e9 en e-liquide<\/b><\/td>\n<td><b>80mL au total (20mL x 4 Pods ind\u00e9pendants)<\/b><\/td>\n<\/tr>\n<tr>\n<td><b>Batterie<\/b><\/td>\n<td>1000mAh Cobalt pur (Type-C rechargeable)<\/td>\n<\/tr>\n<tr>\n<td><b>Modes d&#8217;ar\u00f4mes<\/b><\/td>\n<td><b>15 combinaisons intelligentes (A\/B\/C\/D + hybrides)<\/b><\/td>\n<\/tr>\n<tr>\n<td><b>Syst\u00e8me d&#8217;enroulement<\/b><\/td>\n<td>Quad-Mesh 1.0\u03a9 (diffusion homog\u00e8ne)<\/td>\n<\/tr>\n<tr>\n<td><b>Emballage<\/b><\/td>\n<td>Bo\u00eetes d&#8217;exposition pr\u00eates pour la vente au d\u00e9tail<\/td>\n<\/tr>\n<\/tbody>\n<\/table>\n<h2><b>\ud83c\udfa8Fizzy<\/b>15-in-1 150K Puffs Rechargeable <strong>Disposable Vape Flavors List :<\/strong><\/h2>\n<ol>\n<li><a href=\"https:\/\/fizzyvape.eu\/fr\/produit\/150k-puffs-glace-pasteque-red-bull-fraise-framboise-glace-triple-melon\/\">glace past\u00e8que &amp; red bull &amp; fraise framboise &amp; glace triple melon<\/a><\/li>\n<li><a href=\"https:\/\/fizzyvape.eu\/fr\/produit\/150k-puffs-fraise-glacee-et-kiwi-fruit-de-la-passion-goyave-et-peche-mangue-pasteque-et-raisin-en-rafale\/\">fraise glac\u00e9e &amp; kiwi fruit de la passion goyave &amp; p\u00eache mangue past\u00e8que &amp; raisin \u00e9clat\u00e9<\/a><\/li>\n<li><a href=\"https:\/\/fizzyvape.eu\/fr\/produit\/150k-puffs-red-bull-fraise-kiwi-grenade-myrtille-glace-ananas-noix-de-coco\/\">red bull &amp; fraise kiwi grenade &amp; myrtille glace &amp; ananas noix de coco<\/a><\/li>\n<li><a href=\"https:\/\/fizzyvape.eu\/fr\/produit\/150k-puffs-fraise-kiwi-baies-melangees-pasteque-bubblegum-peche-juteuse\/\">fraise kiwi &amp; baies m\u00e9lang\u00e9es &amp; past\u00e8que bubblegum &amp; p\u00eache juteuse<\/a><\/li>\n<li><a href=\"https:\/\/fizzyvape.eu\/fr\/produit\/150k-puffs-myrtille-framboise-fraise-glacee-limonade-bleue-razz-ours-gomme-pasteque\/\">myrtille framboise &amp; fraise glace &amp; limonade blue razz &amp; ourson gommeux past\u00e8que<\/a><\/li>\n<li><a href=\"https:\/\/fizzyvape.eu\/fr\/produit\/150k-puffs-tropical-fruit-punch-watermelon-raspberry-blueberry-coconut-strawberry-skittles\/\">punch aux fruits tropicaux &amp; past\u00e8que framboise &amp; myrtille noix de coco &amp; fraise skittles<\/a><\/li>\n<li><a href=\"https:\/\/fizzyvape.eu\/fr\/produit\/150k-puffs-love-66-strawberry-kiwi-watermelon-blueberry-raspberry-lemonade\/\">amour 66 &amp; fraise kiwi &amp; past\u00e8que myrtille &amp; framboise limonade<\/a><\/li>\n<li><a href=\"https:\/\/fizzyvape.eu\/produit\/fizzy-150k-puffs-fizzy-cola-berry-set\/\">baies m\u00e9lang\u00e9es &amp; ananas p\u00eache fruit de la passion &amp; cola p\u00e9tillant &amp; fraise framboise<\/a><\/li>\n<li><a href=\"https:\/\/fizzyvape.eu\/fr\/produit\/150k-puffs-blue-razz-rapsberry-watermelon-cherry-ice-strawberry-grape-passion-fruit-orange-peach\/\">blue razz rapsberry &amp; watermelon cherry ice &amp; strawberry grape &amp;passion fruit orange peach<\/a><\/li>\n<li><a href=\"https:\/\/fizzyvape.eu\/produit\/fizzy-150k-puffs-fizzy-cherry-citrus-set\/\">cerise p\u00e9tillante &amp; fraise fruit du dragon &amp; citron vert &amp; past\u00e8que myrtille<\/a><\/li>\n<li><a href=\"https:\/\/fizzyvape.eu\/produit\/fizzy-150k-puffs-vanilla-coke-berry-set\/\">fraise vanille coca &amp; myrtille framboise &amp; past\u00e8que glace &amp; cerise baie<\/a><\/li>\n<li><a href=\"https:\/\/fizzyvape.eu\/produit\/fizzy-150k-puffs-mojito-ice-set\/\">myrtille glac\u00e9e &amp; fraise past\u00e8que &amp; mojito &amp; kiwi fruit de la passion goyave<\/a><\/li>\n<\/ol>\n<h2><b>\u2753 FAQ rapide<\/b><\/h2>\n<p><b>Q : Comment puis-je acc\u00e9der aux 15 saveurs du Fizzy 150K ?<\/b><\/p>\n<p>R : Vous pouvez vaper les 4 saveurs (A, B, C, D) individuellement. En s\u00e9lectionnant les modes &#8220;Combo&#8221; sur l&#8217;appareil, vous pouvez m\u00e9langer A+B, B+C, A+C, etc., cr\u00e9ant ainsi 11 profils de saveurs hybrides suppl\u00e9mentaires pour un total de 15 ! <\/p>\n<p><b>Q : La vape jetable 150K Puffs est-elle authentique ?<\/b><\/p>\n<p>R : Oui. Chaque Fizzy 150K comprend un code de s\u00e9curit\u00e9 unique \u00e0 gratter. Vous pouvez v\u00e9rifier votre appareil sur le site officiel de Fizzy pour garantir son authenticit\u00e9.  <\/p>\n<p><b>Q : Quelle est la meilleure fa\u00e7on de le charger ?<\/b><\/p>\n<p>R : Utilisez un c\u00e2ble Type-C standard et un adaptateur 5V\/1A. \u00c9vitez les chargeurs rapides de t\u00e9l\u00e9phone \u00e0 forte puissance pour prolonger la dur\u00e9e de vie de la batterie 1000mAh. <\/p>\n","protected":false},"excerpt":{"rendered":"[html_block id=\"38779\"]\n","protected":false},"featured_media":38871,"comment_status":"open","ping_status":"closed","template":"","meta":{"iawp_total_views":0},"product_brand":[],"product_cat":[995],"product_tag":[],"class_list":{"0":"post-39121","1":"product","2":"type-product","3":"status-publish","4":"has-post-thumbnail","6":"product_cat-vape-jetable-rechargeable-fizzy-150k-150-000-bouffees-15-en-1","8":"first","9":"instock","10":"sale","11":"shipping-taxable","12":"purchasable","13":"product-type-variable"},"yoast_head":"<!-- This site is optimized with the Yoast SEO Premium plugin v24.8 (Yoast SEO v27.4) - https:\/\/yoast.com\/product\/yoast-seo-premium-wordpress\/ -->\n<title>Fizzy Cola &amp; Mixed Berry | Fizzy 150K Puffs - 15-in-1 Flavors<\/title>\n<meta name=\"description\" content=\"Essayez la vape jetable Fizzy 150K Puffs avec Mixed Berry, Pineapple Peach Passion Fruit, Fizzy Cola, et Strawberry Raspberry. 150 000 bouff\u00e9es, des couches de saveurs audacieuses.\" \/>\n<meta name=\"robots\" content=\"index, follow, max-snippet:-1, max-image-preview:large, max-video-preview:-1\" \/>\n<link rel=\"canonical\" href=\"https:\/\/fizzyvape.eu\/fr\/produit\/150k-puffs-blue-razz-rapsberry-watermelon-cherry-ice-strawberry-grape-passion-fruit-orange-peach\/\" \/>\n<meta property=\"og:locale\" content=\"fr_FR\" \/>\n<meta property=\"og:type\" content=\"article\" \/>\n<meta property=\"og:title\" content=\"150K Puffs - Blue Razz Rapsberry &amp; Watermelon Cherry Ice &amp; Strawberry Grape &amp;Passion Fruit Orange Peach\" \/>\n<meta property=\"og:description\" content=\"Essayez la vape jetable Fizzy 150K Puffs avec Mixed Berry, Pineapple Peach Passion Fruit, Fizzy Cola, et Strawberry Raspberry. 150 000 bouff\u00e9es, des couches de saveurs audacieuses.\" \/>\n<meta property=\"og:url\" content=\"https:\/\/fizzyvape.eu\/fr\/produit\/150k-puffs-blue-razz-rapsberry-watermelon-cherry-ice-strawberry-grape-passion-fruit-orange-peach\/\" \/>\n<meta property=\"og:site_name\" content=\"fizzyvape.eu\" \/>\n<meta property=\"og:image\" content=\"https:\/\/fizzyvape.eu\/wp-content\/uploads\/2026\/01\/Fizzy-15-in-1-150K-Puffs-Rechargeable-Disposable-Vape-Flavors-8-1.jpg\" \/>\n\t<meta property=\"og:image:width\" content=\"1000\" \/>\n\t<meta property=\"og:image:height\" content=\"1000\" \/>\n\t<meta property=\"og:image:type\" content=\"image\/jpeg\" \/>\n<meta name=\"twitter:card\" content=\"summary_large_image\" \/>\n<meta name=\"twitter:label1\" content=\"Disponibilit\u00e9\" \/>\n\t<meta name=\"twitter:data1\" content=\"En stock\" \/>\n<script type=\"application\/ld+json\" class=\"yoast-schema-graph\">{\"@context\":\"https:\\\/\\\/schema.org\",\"@graph\":[{\"@type\":\"WebPage\",\"@id\":\"https:\\\/\\\/fizzyvape.eu\\\/fr\\\/produit\\\/150k-puffs-blue-razz-rapsberry-watermelon-cherry-ice-strawberry-grape-passion-fruit-orange-peach\\\/\",\"url\":\"https:\\\/\\\/fizzyvape.eu\\\/fr\\\/produit\\\/150k-puffs-blue-razz-rapsberry-watermelon-cherry-ice-strawberry-grape-passion-fruit-orange-peach\\\/\",\"name\":\"Fizzy Cola & Mixed Berry | Fizzy 150K Puffs - 15-in-1 Flavors\",\"isPartOf\":{\"@id\":\"https:\\\/\\\/www.fizzyvape.eu\\\/fr\\\/#website\"},\"primaryImageOfPage\":{\"@id\":\"https:\\\/\\\/fizzyvape.eu\\\/fr\\\/produit\\\/150k-puffs-blue-razz-rapsberry-watermelon-cherry-ice-strawberry-grape-passion-fruit-orange-peach\\\/#primaryimage\"},\"image\":{\"@id\":\"https:\\\/\\\/fizzyvape.eu\\\/fr\\\/produit\\\/150k-puffs-blue-razz-rapsberry-watermelon-cherry-ice-strawberry-grape-passion-fruit-orange-peach\\\/#primaryimage\"},\"thumbnailUrl\":\"https:\\\/\\\/fizzyvape.eu\\\/wp-content\\\/uploads\\\/2026\\\/01\\\/Fizzy-15-in-1-150K-Puffs-Rechargeable-Disposable-Vape-Flavors-8-1.jpg\",\"datePublished\":\"2026-01-19T10:20:37+00:00\",\"description\":\"Essayez la vape jetable Fizzy 150K Puffs avec Mixed Berry, Pineapple Peach Passion Fruit, Fizzy Cola, et Strawberry Raspberry. 150 000 bouff\u00e9es, des couches de saveurs audacieuses.\",\"breadcrumb\":{\"@id\":\"https:\\\/\\\/fizzyvape.eu\\\/fr\\\/produit\\\/150k-puffs-blue-razz-rapsberry-watermelon-cherry-ice-strawberry-grape-passion-fruit-orange-peach\\\/#breadcrumb\"},\"inLanguage\":\"fr-FR\",\"potentialAction\":[{\"@type\":\"ReadAction\",\"target\":[\"https:\\\/\\\/fizzyvape.eu\\\/fr\\\/produit\\\/150k-puffs-blue-razz-rapsberry-watermelon-cherry-ice-strawberry-grape-passion-fruit-orange-peach\\\/\"]}]},{\"@type\":\"ImageObject\",\"inLanguage\":\"fr-FR\",\"@id\":\"https:\\\/\\\/fizzyvape.eu\\\/fr\\\/produit\\\/150k-puffs-blue-razz-rapsberry-watermelon-cherry-ice-strawberry-grape-passion-fruit-orange-peach\\\/#primaryimage\",\"url\":\"https:\\\/\\\/fizzyvape.eu\\\/wp-content\\\/uploads\\\/2026\\\/01\\\/Fizzy-15-in-1-150K-Puffs-Rechargeable-Disposable-Vape-Flavors-8-1.jpg\",\"contentUrl\":\"https:\\\/\\\/fizzyvape.eu\\\/wp-content\\\/uploads\\\/2026\\\/01\\\/Fizzy-15-in-1-150K-Puffs-Rechargeable-Disposable-Vape-Flavors-8-1.jpg\",\"width\":1000,\"height\":1000,\"caption\":\"Fizzy 15-en-1 150K Puffs Rechargeable Disposable Vape Flavors 8\"},{\"@type\":\"BreadcrumbList\",\"@id\":\"https:\\\/\\\/fizzyvape.eu\\\/fr\\\/produit\\\/150k-puffs-blue-razz-rapsberry-watermelon-cherry-ice-strawberry-grape-passion-fruit-orange-peach\\\/#breadcrumb\",\"itemListElement\":[{\"@type\":\"ListItem\",\"position\":1,\"name\":\"Home\",\"item\":\"https:\\\/\\\/fizzyvape.eu\\\/fr\\\/\"},{\"@type\":\"ListItem\",\"position\":2,\"name\":\"Boutique\",\"item\":\"https:\\\/\\\/www.fizzyvape.eu\\\/fr\\\/boutique\\\/\"},{\"@type\":\"ListItem\",\"position\":3,\"name\":\"150K Puffs &#8211; Blue Razz Rapsberry &amp; Watermelon Cherry Ice &amp; Strawberry Grape &amp;Passion Fruit Orange Peach\"}]},{\"@type\":\"WebSite\",\"@id\":\"https:\\\/\\\/www.fizzyvape.eu\\\/fr\\\/#website\",\"url\":\"https:\\\/\\\/www.fizzyvape.eu\\\/fr\\\/\",\"name\":\"fizzyvape.eu\",\"description\":\"Refreshing Vapes. Unforgettable Taste.\",\"publisher\":{\"@id\":\"https:\\\/\\\/www.fizzyvape.eu\\\/fr\\\/#organization\"},\"potentialAction\":[{\"@type\":\"SearchAction\",\"target\":{\"@type\":\"EntryPoint\",\"urlTemplate\":\"https:\\\/\\\/www.fizzyvape.eu\\\/fr\\\/?s={search_term_string}\"},\"query-input\":{\"@type\":\"PropertyValueSpecification\",\"valueRequired\":true,\"valueName\":\"search_term_string\"}}],\"inLanguage\":\"fr-FR\"},{\"@type\":\"Organization\",\"@id\":\"https:\\\/\\\/www.fizzyvape.eu\\\/fr\\\/#organization\",\"name\":\"fizzyvape.eu\",\"url\":\"https:\\\/\\\/www.fizzyvape.eu\\\/fr\\\/\",\"logo\":{\"@type\":\"ImageObject\",\"inLanguage\":\"fr-FR\",\"@id\":\"https:\\\/\\\/www.fizzyvape.eu\\\/fr\\\/#\\\/schema\\\/logo\\\/image\\\/\",\"url\":\"https:\\\/\\\/fizzyvape.eu\\\/wp-content\\\/uploads\\\/2019\\\/06\\\/print-1.svg\",\"contentUrl\":\"https:\\\/\\\/fizzyvape.eu\\\/wp-content\\\/uploads\\\/2019\\\/06\\\/print-1.svg\",\"width\":124,\"height\":37,\"caption\":\"fizzyvape.eu\"},\"image\":{\"@id\":\"https:\\\/\\\/www.fizzyvape.eu\\\/fr\\\/#\\\/schema\\\/logo\\\/image\\\/\"}}]}<\/script>\n<meta property=\"og:availability\" content=\"instock\" \/>\n<meta property=\"product:availability\" content=\"instock\" \/>\n<meta property=\"product:condition\" content=\"new\" \/>\n<!-- \/ Yoast SEO Premium plugin. -->","yoast_head_json":{"title":"Fizzy Cola & Mixed Berry | Fizzy 150K Puffs - 15-in-1 Flavors","description":"Essayez la vape jetable Fizzy 150K Puffs avec Mixed Berry, Pineapple Peach Passion Fruit, Fizzy Cola, et Strawberry Raspberry. 150 000 bouff\u00e9es, des couches de saveurs audacieuses.","robots":{"index":"index","follow":"follow","max-snippet":"max-snippet:-1","max-image-preview":"max-image-preview:large","max-video-preview":"max-video-preview:-1"},"canonical":"https:\/\/fizzyvape.eu\/fr\/produit\/150k-puffs-blue-razz-rapsberry-watermelon-cherry-ice-strawberry-grape-passion-fruit-orange-peach\/","og_locale":"fr_FR","og_type":"article","og_title":"150K Puffs - Blue Razz Rapsberry &amp; Watermelon Cherry Ice &amp; Strawberry Grape &amp;Passion Fruit Orange Peach","og_description":"Essayez la vape jetable Fizzy 150K Puffs avec Mixed Berry, Pineapple Peach Passion Fruit, Fizzy Cola, et Strawberry Raspberry. 150 000 bouff\u00e9es, des couches de saveurs audacieuses.","og_url":"https:\/\/fizzyvape.eu\/fr\/produit\/150k-puffs-blue-razz-rapsberry-watermelon-cherry-ice-strawberry-grape-passion-fruit-orange-peach\/","og_site_name":"fizzyvape.eu","og_image":[{"width":1000,"height":1000,"url":"https:\/\/fizzyvape.eu\/wp-content\/uploads\/2026\/01\/Fizzy-15-in-1-150K-Puffs-Rechargeable-Disposable-Vape-Flavors-8-1.jpg","type":"image\/jpeg"}],"twitter_card":"summary_large_image","twitter_misc":{"Disponibilit\u00e9":"En stock"},"schema":{"@context":"https:\/\/schema.org","@graph":[{"@type":"WebPage","@id":"https:\/\/fizzyvape.eu\/fr\/produit\/150k-puffs-blue-razz-rapsberry-watermelon-cherry-ice-strawberry-grape-passion-fruit-orange-peach\/","url":"https:\/\/fizzyvape.eu\/fr\/produit\/150k-puffs-blue-razz-rapsberry-watermelon-cherry-ice-strawberry-grape-passion-fruit-orange-peach\/","name":"Fizzy Cola & Mixed Berry | Fizzy 150K Puffs - 15-in-1 Flavors","isPartOf":{"@id":"https:\/\/www.fizzyvape.eu\/fr\/#website"},"primaryImageOfPage":{"@id":"https:\/\/fizzyvape.eu\/fr\/produit\/150k-puffs-blue-razz-rapsberry-watermelon-cherry-ice-strawberry-grape-passion-fruit-orange-peach\/#primaryimage"},"image":{"@id":"https:\/\/fizzyvape.eu\/fr\/produit\/150k-puffs-blue-razz-rapsberry-watermelon-cherry-ice-strawberry-grape-passion-fruit-orange-peach\/#primaryimage"},"thumbnailUrl":"https:\/\/fizzyvape.eu\/wp-content\/uploads\/2026\/01\/Fizzy-15-in-1-150K-Puffs-Rechargeable-Disposable-Vape-Flavors-8-1.jpg","datePublished":"2026-01-19T10:20:37+00:00","description":"Essayez la vape jetable Fizzy 150K Puffs avec Mixed Berry, Pineapple Peach Passion Fruit, Fizzy Cola, et Strawberry Raspberry. 150 000 bouff\u00e9es, des couches de saveurs audacieuses.","breadcrumb":{"@id":"https:\/\/fizzyvape.eu\/fr\/produit\/150k-puffs-blue-razz-rapsberry-watermelon-cherry-ice-strawberry-grape-passion-fruit-orange-peach\/#breadcrumb"},"inLanguage":"fr-FR","potentialAction":[{"@type":"ReadAction","target":["https:\/\/fizzyvape.eu\/fr\/produit\/150k-puffs-blue-razz-rapsberry-watermelon-cherry-ice-strawberry-grape-passion-fruit-orange-peach\/"]}]},{"@type":"ImageObject","inLanguage":"fr-FR","@id":"https:\/\/fizzyvape.eu\/fr\/produit\/150k-puffs-blue-razz-rapsberry-watermelon-cherry-ice-strawberry-grape-passion-fruit-orange-peach\/#primaryimage","url":"https:\/\/fizzyvape.eu\/wp-content\/uploads\/2026\/01\/Fizzy-15-in-1-150K-Puffs-Rechargeable-Disposable-Vape-Flavors-8-1.jpg","contentUrl":"https:\/\/fizzyvape.eu\/wp-content\/uploads\/2026\/01\/Fizzy-15-in-1-150K-Puffs-Rechargeable-Disposable-Vape-Flavors-8-1.jpg","width":1000,"height":1000,"caption":"Fizzy 15-en-1 150K Puffs Rechargeable Disposable Vape Flavors 8"},{"@type":"BreadcrumbList","@id":"https:\/\/fizzyvape.eu\/fr\/produit\/150k-puffs-blue-razz-rapsberry-watermelon-cherry-ice-strawberry-grape-passion-fruit-orange-peach\/#breadcrumb","itemListElement":[{"@type":"ListItem","position":1,"name":"Home","item":"https:\/\/fizzyvape.eu\/fr\/"},{"@type":"ListItem","position":2,"name":"Boutique","item":"https:\/\/www.fizzyvape.eu\/fr\/boutique\/"},{"@type":"ListItem","position":3,"name":"150K Puffs &#8211; Blue Razz Rapsberry &amp; Watermelon Cherry Ice &amp; Strawberry Grape &amp;Passion Fruit Orange Peach"}]},{"@type":"WebSite","@id":"https:\/\/www.fizzyvape.eu\/fr\/#website","url":"https:\/\/www.fizzyvape.eu\/fr\/","name":"fizzyvape.eu","description":"Refreshing Vapes. Unforgettable Taste.","publisher":{"@id":"https:\/\/www.fizzyvape.eu\/fr\/#organization"},"potentialAction":[{"@type":"SearchAction","target":{"@type":"EntryPoint","urlTemplate":"https:\/\/www.fizzyvape.eu\/fr\/?s={search_term_string}"},"query-input":{"@type":"PropertyValueSpecification","valueRequired":true,"valueName":"search_term_string"}}],"inLanguage":"fr-FR"},{"@type":"Organization","@id":"https:\/\/www.fizzyvape.eu\/fr\/#organization","name":"fizzyvape.eu","url":"https:\/\/www.fizzyvape.eu\/fr\/","logo":{"@type":"ImageObject","inLanguage":"fr-FR","@id":"https:\/\/www.fizzyvape.eu\/fr\/#\/schema\/logo\/image\/","url":"https:\/\/fizzyvape.eu\/wp-content\/uploads\/2019\/06\/print-1.svg","contentUrl":"https:\/\/fizzyvape.eu\/wp-content\/uploads\/2019\/06\/print-1.svg","width":124,"height":37,"caption":"fizzyvape.eu"},"image":{"@id":"https:\/\/www.fizzyvape.eu\/fr\/#\/schema\/logo\/image\/"}}]},"og_availability":"instock","product_availability":"instock","product_condition":"new"},"tiered_pricing_type":"fixed","tiered_pricing_fixed_rules":[],"tiered_pricing_product_settings":{"layout":"default","base_unit_name":{"singular":null,"plural":null},"default_variation":null},"tiered_pricing_minimum_quantity":null,"tiered_pricing_roles_data":[],"tiered_pricing_percentage_rules":[],"tiered_pricing_maximum_quantity":null,"tiered_pricing_quantity_step":null,"_links":{"self":[{"href":"https:\/\/fizzyvape.eu\/fr\/wp-json\/wp\/v2\/product\/39121","targetHints":{"allow":["GET"]}}],"collection":[{"href":"https:\/\/fizzyvape.eu\/fr\/wp-json\/wp\/v2\/product"}],"about":[{"href":"https:\/\/fizzyvape.eu\/fr\/wp-json\/wp\/v2\/types\/product"}],"replies":[{"embeddable":true,"href":"https:\/\/fizzyvape.eu\/fr\/wp-json\/wp\/v2\/comments?post=39121"}],"version-history":[{"count":0,"href":"https:\/\/fizzyvape.eu\/fr\/wp-json\/wp\/v2\/product\/39121\/revisions"}],"wp:featuredmedia":[{"embeddable":true,"href":"https:\/\/fizzyvape.eu\/fr\/wp-json\/wp\/v2\/media\/38871"}],"wp:attachment":[{"href":"https:\/\/fizzyvape.eu\/fr\/wp-json\/wp\/v2\/media?parent=39121"}],"wp:term":[{"taxonomy":"product_brand","embeddable":true,"href":"https:\/\/fizzyvape.eu\/fr\/wp-json\/wp\/v2\/product_brand?post=39121"},{"taxonomy":"product_cat","embeddable":true,"href":"https:\/\/fizzyvape.eu\/fr\/wp-json\/wp\/v2\/product_cat?post=39121"},{"taxonomy":"product_tag","embeddable":true,"href":"https:\/\/fizzyvape.eu\/fr\/wp-json\/wp\/v2\/product_tag?post=39121"}],"curies":[{"name":"wp","href":"https:\/\/api.w.org\/{rel}","templated":true}]}}