{"id":39187,"date":"2026-01-19T18:20:41","date_gmt":"2026-01-19T10:20:41","guid":{"rendered":"https:\/\/fizzyvape.eu\/product\/150k-puffs-cerise-petillante-fraise-fruit-du-dragon-citron-vert-pasteque-myrtille\/"},"modified":"2026-01-19T18:20:41","modified_gmt":"2026-01-19T10:20:41","slug":"150k-puffs-cerise-petillante-fraise-fruit-du-dragon-citron-vert-pasteque-myrtille","status":"publish","type":"product","link":"https:\/\/fizzyvape.eu\/fr\/produit\/150k-puffs-cerise-petillante-fraise-fruit-du-dragon-citron-vert-pasteque-myrtille\/","title":{"rendered":"150K Puffs &#8211; Cerise p\u00e9tillante &amp; Fraise fruit du dragon &amp; Citron vert &amp; Past\u00e8que myrtille"},"content":{"rendered":"<p><img decoding=\"async\" class=\"wp-image-38887 size-large\" src=\"https:\/\/fizzyvape.eu\/wp-content\/uploads\/2026\/01\/Fizzy-15-in-1-150K-Puffs-Rechargeable-Disposable-Vape-Flavors-10-1-800x800.jpg\" alt=\"Fizzy 15-en-1 150K Puffs Rechargeable Disposable Vape Flavors 10\" width=\"800\" height=\"800\" srcset=\"https:\/\/fizzyvape.eu\/wp-content\/uploads\/2026\/01\/Fizzy-15-in-1-150K-Puffs-Rechargeable-Disposable-Vape-Flavors-10-1-800x800.jpg 800w, https:\/\/fizzyvape.eu\/wp-content\/uploads\/2026\/01\/Fizzy-15-in-1-150K-Puffs-Rechargeable-Disposable-Vape-Flavors-10-1-300x300.jpg 300w, https:\/\/fizzyvape.eu\/wp-content\/uploads\/2026\/01\/Fizzy-15-in-1-150K-Puffs-Rechargeable-Disposable-Vape-Flavors-10-1-150x150.jpg 150w, https:\/\/fizzyvape.eu\/wp-content\/uploads\/2026\/01\/Fizzy-15-in-1-150K-Puffs-Rechargeable-Disposable-Vape-Flavors-10-1-768x768.jpg 768w, https:\/\/fizzyvape.eu\/wp-content\/uploads\/2026\/01\/Fizzy-15-in-1-150K-Puffs-Rechargeable-Disposable-Vape-Flavors-10-1-100x100.jpg 100w, https:\/\/fizzyvape.eu\/wp-content\/uploads\/2026\/01\/Fizzy-15-in-1-150K-Puffs-Rechargeable-Disposable-Vape-Flavors-10-1-200x200.jpg 200w, https:\/\/fizzyvape.eu\/wp-content\/uploads\/2026\/01\/Fizzy-15-in-1-150K-Puffs-Rechargeable-Disposable-Vape-Flavors-10-1-400x400.jpg 400w, https:\/\/fizzyvape.eu\/wp-content\/uploads\/2026\/01\/Fizzy-15-in-1-150K-Puffs-Rechargeable-Disposable-Vape-Flavors-10-1-500x500.jpg 500w, https:\/\/fizzyvape.eu\/wp-content\/uploads\/2026\/01\/Fizzy-15-in-1-150K-Puffs-Rechargeable-Disposable-Vape-Flavors-10-1-430x430.jpg 430w, https:\/\/fizzyvape.eu\/wp-content\/uploads\/2026\/01\/Fizzy-15-in-1-150K-Puffs-Rechargeable-Disposable-Vape-Flavors-10-1-700x700.jpg 700w, https:\/\/fizzyvape.eu\/wp-content\/uploads\/2026\/01\/Fizzy-15-in-1-150K-Puffs-Rechargeable-Disposable-Vape-Flavors-10-1.jpg 1000w\" sizes=\"(max-width: 800px) 100vw, 800px\" \/><\/p>\n<h2>Fizzy 150K Puffs &#8211; Fizzy Cherry &amp; Strawberry Dragon Fruit &amp; Lemon Lime &amp; Watermelon Blueberry<\/h2>\n<p><span class=\"\">Entrez dans l&#8217;avenir du vapotage avec le  <\/span><b>Fizzy 150K Puffs jetable vape<\/b><span class=\"\">,<\/span><span class=\"\">  le roi incontest\u00e9 de la capacit\u00e9 et de la vari\u00e9t\u00e9.<\/span><span class=\"\">  Dot\u00e9 d&#8217;un \u00e9norme  <\/span><b>R\u00e9servoir d&#8217;e-liquide de 80mL<\/b><span class=\"\">  et un brevet  <\/span><b>Syst\u00e8me de commutation intelligent 15 en 1<\/b><span class=\"\">,<\/span><span class=\"\">  Cet appareil puissant d\u00e9livre des semaines de vapeur de qualit\u00e9 sup\u00e9rieure.<\/span><span class=\"\">  Cette \u00e9dition sp\u00e9cifique est un chef-d&#8217;\u0153uvre d&#8217;\u00e9quilibre,<\/span><span class=\"\">  m\u00e9langeant le pop audacieux de  <\/span><b>Cerise p\u00e9tillante<\/b><span class=\"\">  avec l&#8217;onctuosit\u00e9 exotique de  <\/span><b>Fruit du dragon \u00e0 la fraise<\/b><span class=\"\">  et le zeste tranchant de  <\/span><b>Citron vert<\/b><span class=\"\">.<\/span><\/p>\n<h2><b>\ud83c\udf08 La palette d&#8217;ar\u00f4mes en 4 parties<\/b><\/h2>\n<p><span class=\"\">A l&#8217;int\u00e9rieur de ce <\/span><b>150K Puffs jetable vape<\/b><span class=\"\">,<\/span><span class=\"\"> vous disposez de quatre dosettes ind\u00e9pendantes de 20 ml.<\/span><span class=\"\"> Appr\u00e9ciez-les comme des saveurs autonomes,<\/span><span class=\"\"> ou utilisez l&#8217;interrupteur intelligent pour <\/span><b>pour les m\u00e9langer en 15 combinaisons hybrides uniques.<\/b><span class=\"\">:<\/span><\/p>\n<ul>\n<li><b>\ud83c\udf52 Fizzy Cherry :<\/b><span class=\"\"> Une saveur de soda \u00e0 la cerise brillante et effervescente avec un go\u00fbt p\u00e9tillant,<\/span><span class=\"\"> effervescent de cerise avec une finale p\u00e9tillante et sucr\u00e9e,<\/span><span class=\"\"> p\u00e9tillante et sucr\u00e9e.<\/span><\/li>\n<li><b>\ud83d\udc09 Fruit du dragon \u00e0 la fraise :<\/b><span class=\"\"> Un m\u00e9lange exotique,<\/span><span class=\"\"> m\u00e9lange exotique et velout\u00e9 de fraises m\u00fbries au soleil et de fruit du dragon rose et cr\u00e9meux.<\/span><\/li>\n<li><b>\ud83c\udf4b Citron Lime :<\/b><span class=\"\"> Une explosion d&#8217;agrumes,<\/span><span class=\"\"> d&#8217;agrumes de citrons piquants et de citrons verts acidul\u00e9s pour un effet net et rafra\u00eechissant,<\/span><span class=\"\"> et rafra\u00eechissante.<\/span><\/li>\n<li><b>\ud83c\udf49 Past\u00e8que et myrtille :<\/b><span class=\"\"> Un duo juteux,<\/span><span class=\"\"> juteux, pr\u00eat pour l&#8217;\u00e9t\u00e9, de past\u00e8que croquante et de myrtilles sucr\u00e9es,<\/span><span class=\"\"> et de myrtilles de montagne m\u00fbres et sucr\u00e9es.<\/span><\/li>\n<\/ul>\n<p><img decoding=\"async\" class=\"wp-image-38407 size-full\" src=\"https:\/\/fizzyvape.eu\/wp-content\/uploads\/2025\/12\/Fizzy-150K-Puffs-Disposable-Vape-5-scaled.jpg\" alt=\"Fizzy 150K Puffs Vape jetable - 5\" width=\"1663\" height=\"2560\" srcset=\"https:\/\/fizzyvape.eu\/wp-content\/uploads\/2025\/12\/Fizzy-150K-Puffs-Disposable-Vape-5-scaled.jpg 1663w, https:\/\/fizzyvape.eu\/wp-content\/uploads\/2025\/12\/Fizzy-150K-Puffs-Disposable-Vape-5-195x300.jpg 195w, https:\/\/fizzyvape.eu\/wp-content\/uploads\/2025\/12\/Fizzy-150K-Puffs-Disposable-Vape-5-520x800.jpg 520w, https:\/\/fizzyvape.eu\/wp-content\/uploads\/2025\/12\/Fizzy-150K-Puffs-Disposable-Vape-5-768x1182.jpg 768w, https:\/\/fizzyvape.eu\/wp-content\/uploads\/2025\/12\/Fizzy-150K-Puffs-Disposable-Vape-5-998x1536.jpg 998w, https:\/\/fizzyvape.eu\/wp-content\/uploads\/2025\/12\/Fizzy-150K-Puffs-Disposable-Vape-5-1330x2048.jpg 1330w, https:\/\/fizzyvape.eu\/wp-content\/uploads\/2025\/12\/Fizzy-150K-Puffs-Disposable-Vape-5-430x662.jpg 430w, https:\/\/fizzyvape.eu\/wp-content\/uploads\/2025\/12\/Fizzy-150K-Puffs-Disposable-Vape-5-700x1078.jpg 700w, https:\/\/fizzyvape.eu\/wp-content\/uploads\/2025\/12\/Fizzy-150K-Puffs-Disposable-Vape-5-150x231.jpg 150w\" sizes=\"(max-width: 1663px) 100vw, 1663px\" \/><\/p>\n<h2><b>\ud83d\udce6 Sp\u00e9cifications<\/b><\/h2>\n<table>\n<thead>\n<tr>\n<td><strong>Caract\u00e9ristiques<\/strong><\/td>\n<td><strong>Donn\u00e9es techniques B2B<\/strong><\/td>\n<\/tr>\n<\/thead>\n<tbody>\n<tr>\n<td><b>Nombre de bouff\u00e9es<\/b><\/td>\n<td>Jusqu&#8217;\u00e0 150 000 bouff\u00e9es<\/td>\n<\/tr>\n<tr>\n<td><b>Capacit\u00e9 en e-liquide<\/b><\/td>\n<td><b>80mL au total (20mL x 4 Pods ind\u00e9pendants)<\/b><\/td>\n<\/tr>\n<tr>\n<td><b>Batterie<\/b><\/td>\n<td>1000mAh Cobalt pur (Type-C rechargeable)<\/td>\n<\/tr>\n<tr>\n<td><b>Modes d&#8217;ar\u00f4mes<\/b><\/td>\n<td><b>15 combinaisons intelligentes (A\/B\/C\/D + hybrides)<\/b><\/td>\n<\/tr>\n<tr>\n<td><b>Syst\u00e8me d&#8217;enroulement<\/b><\/td>\n<td>Quad-Mesh 1.0\u03a9 (diffusion homog\u00e8ne)<\/td>\n<\/tr>\n<tr>\n<td><b>Emballage<\/b><\/td>\n<td>Bo\u00eetes d&#8217;exposition pr\u00eates pour la vente au d\u00e9tail<\/td>\n<\/tr>\n<\/tbody>\n<\/table>\n<h2><b>\ud83c\udfa8Fizzy<\/b>15-in-1 150K Puffs Rechargeable <strong>Disposable Vape Flavors List :<\/strong><\/h2>\n<ol>\n<li><a href=\"https:\/\/fizzyvape.eu\/fr\/produit\/150k-puffs-glace-pasteque-red-bull-fraise-framboise-glace-triple-melon\/\">glace past\u00e8que &amp; red bull &amp; fraise framboise &amp; glace triple melon<\/a><\/li>\n<li><a href=\"https:\/\/fizzyvape.eu\/fr\/produit\/150k-puffs-fraise-glacee-et-kiwi-fruit-de-la-passion-goyave-et-peche-mangue-pasteque-et-raisin-en-rafale\/\">fraise glac\u00e9e &amp; kiwi fruit de la passion goyave &amp; p\u00eache mangue past\u00e8que &amp; raisin \u00e9clat\u00e9<\/a><\/li>\n<li><a href=\"https:\/\/fizzyvape.eu\/fr\/produit\/150k-puffs-red-bull-fraise-kiwi-grenade-myrtille-glace-ananas-noix-de-coco\/\">red bull &amp; fraise kiwi grenade &amp; myrtille glace &amp; ananas noix de coco<\/a><\/li>\n<li><a href=\"https:\/\/fizzyvape.eu\/fr\/produit\/150k-puffs-fraise-kiwi-baies-melangees-pasteque-bubblegum-peche-juteuse\/\">fraise kiwi &amp; baies m\u00e9lang\u00e9es &amp; past\u00e8que bubblegum &amp; p\u00eache juteuse<\/a><\/li>\n<li><a href=\"https:\/\/fizzyvape.eu\/fr\/produit\/150k-puffs-myrtille-framboise-fraise-glacee-limonade-bleue-razz-ours-gomme-pasteque\/\">myrtille framboise &amp; fraise glace &amp; limonade blue razz &amp; ourson gommeux past\u00e8que<\/a><\/li>\n<li><a href=\"https:\/\/fizzyvape.eu\/fr\/produit\/150k-puffs-tropical-fruit-punch-watermelon-raspberry-blueberry-coconut-strawberry-skittles\/\">punch aux fruits tropicaux &amp; past\u00e8que framboise &amp; myrtille noix de coco &amp; fraise skittles<\/a><\/li>\n<li><a href=\"https:\/\/fizzyvape.eu\/fr\/produit\/150k-puffs-love-66-strawberry-kiwi-watermelon-blueberry-raspberry-lemonade\/\">amour 66 &amp; fraise kiwi &amp; past\u00e8que myrtille &amp; framboise limonade<\/a><\/li>\n<li><a href=\"https:\/\/fizzyvape.eu\/fr\/produit\/150k-puffs-baies-melangees-ananas-peche-fruit-de-la-passion-fizzy-cola-fraise-framboise\/\">baies m\u00e9lang\u00e9es &amp; ananas p\u00eache fruit de la passion &amp; cola p\u00e9tillant &amp; fraise framboise<\/a><\/li>\n<li><a href=\"https:\/\/fizzyvape.eu\/fr\/produit\/150k-puffs-blue-razz-rapsberry-watermelon-cherry-ice-strawberry-grape-passion-fruit-orange-peach\/\">blue razz rapsberry &amp; watermelon cherry ice &amp; strawberry grape &amp;passion fruit orange peach<\/a><\/li>\n<li><a href=\"https:\/\/fizzyvape.eu\/fr\/produit\/150k-puffs-cerise-petillante-fraise-fruit-du-dragon-citron-vert-pasteque-myrtille\/\">cerise p\u00e9tillante &amp; fraise fruit du dragon &amp; citron vert &amp; past\u00e8que myrtille<\/a><\/li>\n<li><a href=\"https:\/\/fizzyvape.eu\/produit\/fizzy-150k-puffs-vanilla-coke-berry-set\/\">fraise vanille coca &amp; myrtille framboise &amp; past\u00e8que glace &amp; cerise baie<\/a><\/li>\n<li><a href=\"https:\/\/fizzyvape.eu\/produit\/fizzy-150k-puffs-mojito-ice-set\/\">myrtille glac\u00e9e &amp; fraise past\u00e8que &amp; mojito &amp; kiwi fruit de la passion goyave<\/a><\/li>\n<\/ol>\n<h2><b>\u2753 FAQ rapide<\/b><\/h2>\n<p><b>Q : Comment puis-je changer de parfum dans le Fizzy 150K ?<\/b><\/p>\n<p>R : Utilisez le s\u00e9lecteur intelligent de l&#8217;appareil pour alterner entre les dosettes A, B, C et D. Vous pouvez \u00e9galement s\u00e9lectionner les modes &#8220;Combo&#8221; pour m\u00e9langer les saveurs des dosettes afin d&#8217;obtenir une palette de 15 saveurs totalement unique.<\/p>\n<p><b>Q : La vape jetable 150K Puffs est-elle authentique ?<\/b><\/p>\n<p>R : Oui. Chaque Fizzy 150K comprend un code de s\u00e9curit\u00e9 unique \u00e0 gratter. Entrez le code sur le site officiel de Fizzy pour confirmer que votre appareil est 100 % authentique.  <\/p>\n<p><b>Q : Comment savoir si le niveau d&#8217;e-liquide est bas ?<\/b><\/p>\n<p>R : L&#8217;\u00e9cran Smart LED affiche quatre jauges individuelles d&#8217;e-liquide. Lorsqu&#8217;une jauge est vide, la dosette de 20 ml correspondante est termin\u00e9e. <\/p>\n","protected":false},"excerpt":{"rendered":"[html_block id=\"38779\"]\n","protected":false},"featured_media":38889,"comment_status":"open","ping_status":"closed","template":"","meta":{"iawp_total_views":0},"product_brand":[],"product_cat":[995],"product_tag":[],"class_list":{"0":"post-39187","1":"product","2":"type-product","3":"status-publish","4":"has-post-thumbnail","6":"product_cat-vape-jetable-rechargeable-fizzy-150k-150-000-bouffees-15-en-1","8":"first","9":"instock","10":"sale","11":"shipping-taxable","12":"purchasable","13":"product-type-variable"},"yoast_head":"<!-- This site is optimized with the Yoast SEO Premium plugin v24.8 (Yoast SEO v27.4) - https:\/\/yoast.com\/product\/yoast-seo-premium-wordpress\/ -->\n<title>Fizzy Cherry &amp; Lemon Lime | Fizzy 150K Vape - 15-in-1 Flavors<\/title>\n<meta name=\"description\" content=\"D\u00e9couvrez la vape jetable Fizzy 150K Puffs avec Fizzy Cherry, Strawberry Dragon Fruit, Lemon Lime, et Watermelon Blueberry. Des bouff\u00e9es douces, un nombre massif de bouff\u00e9es.\" \/>\n<meta name=\"robots\" content=\"index, follow, max-snippet:-1, max-image-preview:large, max-video-preview:-1\" \/>\n<link rel=\"canonical\" href=\"https:\/\/fizzyvape.eu\/fr\/produit\/150k-puffs-cerise-petillante-fraise-fruit-du-dragon-citron-vert-pasteque-myrtille\/\" \/>\n<meta property=\"og:locale\" content=\"fr_FR\" \/>\n<meta property=\"og:type\" content=\"article\" \/>\n<meta property=\"og:title\" content=\"150K Puffs - Cerise p\u00e9tillante &amp; Fraise fruit du dragon &amp; Citron vert &amp; Past\u00e8que myrtille\" \/>\n<meta property=\"og:description\" content=\"D\u00e9couvrez la vape jetable Fizzy 150K Puffs avec Fizzy Cherry, Strawberry Dragon Fruit, Lemon Lime, et Watermelon Blueberry. Des bouff\u00e9es douces, un nombre massif de bouff\u00e9es.\" \/>\n<meta property=\"og:url\" content=\"https:\/\/fizzyvape.eu\/fr\/produit\/150k-puffs-cerise-petillante-fraise-fruit-du-dragon-citron-vert-pasteque-myrtille\/\" \/>\n<meta property=\"og:site_name\" content=\"fizzyvape.eu\" \/>\n<meta property=\"og:image\" content=\"https:\/\/fizzyvape.eu\/wp-content\/uploads\/2026\/01\/Fizzy-15-in-1-150K-Puffs-Rechargeable-Disposable-Vape-Flavors-10-1.jpg\" \/>\n\t<meta property=\"og:image:width\" content=\"1000\" \/>\n\t<meta property=\"og:image:height\" content=\"1000\" \/>\n\t<meta property=\"og:image:type\" content=\"image\/jpeg\" \/>\n<meta name=\"twitter:card\" content=\"summary_large_image\" \/>\n<meta name=\"twitter:label1\" content=\"Disponibilit\u00e9\" \/>\n\t<meta name=\"twitter:data1\" content=\"En stock\" \/>\n<script type=\"application\/ld+json\" class=\"yoast-schema-graph\">{\"@context\":\"https:\\\/\\\/schema.org\",\"@graph\":[{\"@type\":\"WebPage\",\"@id\":\"https:\\\/\\\/fizzyvape.eu\\\/fr\\\/produit\\\/150k-puffs-cerise-petillante-fraise-fruit-du-dragon-citron-vert-pasteque-myrtille\\\/\",\"url\":\"https:\\\/\\\/fizzyvape.eu\\\/fr\\\/produit\\\/150k-puffs-cerise-petillante-fraise-fruit-du-dragon-citron-vert-pasteque-myrtille\\\/\",\"name\":\"Fizzy Cherry & Lemon Lime | Fizzy 150K Vape - 15-in-1 Flavors\",\"isPartOf\":{\"@id\":\"https:\\\/\\\/www.fizzyvape.eu\\\/fr\\\/#website\"},\"primaryImageOfPage\":{\"@id\":\"https:\\\/\\\/fizzyvape.eu\\\/fr\\\/produit\\\/150k-puffs-cerise-petillante-fraise-fruit-du-dragon-citron-vert-pasteque-myrtille\\\/#primaryimage\"},\"image\":{\"@id\":\"https:\\\/\\\/fizzyvape.eu\\\/fr\\\/produit\\\/150k-puffs-cerise-petillante-fraise-fruit-du-dragon-citron-vert-pasteque-myrtille\\\/#primaryimage\"},\"thumbnailUrl\":\"https:\\\/\\\/fizzyvape.eu\\\/wp-content\\\/uploads\\\/2026\\\/01\\\/Fizzy-15-in-1-150K-Puffs-Rechargeable-Disposable-Vape-Flavors-10-1.jpg\",\"datePublished\":\"2026-01-19T10:20:41+00:00\",\"description\":\"D\u00e9couvrez la vape jetable Fizzy 150K Puffs avec Fizzy Cherry, Strawberry Dragon Fruit, Lemon Lime, et Watermelon Blueberry. Des bouff\u00e9es douces, un nombre massif de bouff\u00e9es.\",\"breadcrumb\":{\"@id\":\"https:\\\/\\\/fizzyvape.eu\\\/fr\\\/produit\\\/150k-puffs-cerise-petillante-fraise-fruit-du-dragon-citron-vert-pasteque-myrtille\\\/#breadcrumb\"},\"inLanguage\":\"fr-FR\",\"potentialAction\":[{\"@type\":\"ReadAction\",\"target\":[\"https:\\\/\\\/fizzyvape.eu\\\/fr\\\/produit\\\/150k-puffs-cerise-petillante-fraise-fruit-du-dragon-citron-vert-pasteque-myrtille\\\/\"]}]},{\"@type\":\"ImageObject\",\"inLanguage\":\"fr-FR\",\"@id\":\"https:\\\/\\\/fizzyvape.eu\\\/fr\\\/produit\\\/150k-puffs-cerise-petillante-fraise-fruit-du-dragon-citron-vert-pasteque-myrtille\\\/#primaryimage\",\"url\":\"https:\\\/\\\/fizzyvape.eu\\\/wp-content\\\/uploads\\\/2026\\\/01\\\/Fizzy-15-in-1-150K-Puffs-Rechargeable-Disposable-Vape-Flavors-10-1.jpg\",\"contentUrl\":\"https:\\\/\\\/fizzyvape.eu\\\/wp-content\\\/uploads\\\/2026\\\/01\\\/Fizzy-15-in-1-150K-Puffs-Rechargeable-Disposable-Vape-Flavors-10-1.jpg\",\"width\":1000,\"height\":1000,\"caption\":\"Fizzy 15-en-1 150K Puffs Rechargeable Disposable Vape Flavors 10\"},{\"@type\":\"BreadcrumbList\",\"@id\":\"https:\\\/\\\/fizzyvape.eu\\\/fr\\\/produit\\\/150k-puffs-cerise-petillante-fraise-fruit-du-dragon-citron-vert-pasteque-myrtille\\\/#breadcrumb\",\"itemListElement\":[{\"@type\":\"ListItem\",\"position\":1,\"name\":\"Home\",\"item\":\"https:\\\/\\\/fizzyvape.eu\\\/fr\\\/\"},{\"@type\":\"ListItem\",\"position\":2,\"name\":\"Boutique\",\"item\":\"https:\\\/\\\/www.fizzyvape.eu\\\/fr\\\/boutique\\\/\"},{\"@type\":\"ListItem\",\"position\":3,\"name\":\"150K Puffs &#8211; Cerise p\u00e9tillante &amp; Fraise fruit du dragon &amp; Citron vert &amp; Past\u00e8que myrtille\"}]},{\"@type\":\"WebSite\",\"@id\":\"https:\\\/\\\/www.fizzyvape.eu\\\/fr\\\/#website\",\"url\":\"https:\\\/\\\/www.fizzyvape.eu\\\/fr\\\/\",\"name\":\"fizzyvape.eu\",\"description\":\"Refreshing Vapes. Unforgettable Taste.\",\"publisher\":{\"@id\":\"https:\\\/\\\/www.fizzyvape.eu\\\/fr\\\/#organization\"},\"potentialAction\":[{\"@type\":\"SearchAction\",\"target\":{\"@type\":\"EntryPoint\",\"urlTemplate\":\"https:\\\/\\\/www.fizzyvape.eu\\\/fr\\\/?s={search_term_string}\"},\"query-input\":{\"@type\":\"PropertyValueSpecification\",\"valueRequired\":true,\"valueName\":\"search_term_string\"}}],\"inLanguage\":\"fr-FR\"},{\"@type\":\"Organization\",\"@id\":\"https:\\\/\\\/www.fizzyvape.eu\\\/fr\\\/#organization\",\"name\":\"fizzyvape.eu\",\"url\":\"https:\\\/\\\/www.fizzyvape.eu\\\/fr\\\/\",\"logo\":{\"@type\":\"ImageObject\",\"inLanguage\":\"fr-FR\",\"@id\":\"https:\\\/\\\/www.fizzyvape.eu\\\/fr\\\/#\\\/schema\\\/logo\\\/image\\\/\",\"url\":\"https:\\\/\\\/fizzyvape.eu\\\/wp-content\\\/uploads\\\/2019\\\/06\\\/print-1.svg\",\"contentUrl\":\"https:\\\/\\\/fizzyvape.eu\\\/wp-content\\\/uploads\\\/2019\\\/06\\\/print-1.svg\",\"width\":124,\"height\":37,\"caption\":\"fizzyvape.eu\"},\"image\":{\"@id\":\"https:\\\/\\\/www.fizzyvape.eu\\\/fr\\\/#\\\/schema\\\/logo\\\/image\\\/\"}}]}<\/script>\n<meta property=\"og:availability\" content=\"instock\" \/>\n<meta property=\"product:availability\" content=\"instock\" \/>\n<meta property=\"product:condition\" content=\"new\" \/>\n<!-- \/ Yoast SEO Premium plugin. -->","yoast_head_json":{"title":"Fizzy Cherry & Lemon Lime | Fizzy 150K Vape - 15-in-1 Flavors","description":"D\u00e9couvrez la vape jetable Fizzy 150K Puffs avec Fizzy Cherry, Strawberry Dragon Fruit, Lemon Lime, et Watermelon Blueberry. Des bouff\u00e9es douces, un nombre massif de bouff\u00e9es.","robots":{"index":"index","follow":"follow","max-snippet":"max-snippet:-1","max-image-preview":"max-image-preview:large","max-video-preview":"max-video-preview:-1"},"canonical":"https:\/\/fizzyvape.eu\/fr\/produit\/150k-puffs-cerise-petillante-fraise-fruit-du-dragon-citron-vert-pasteque-myrtille\/","og_locale":"fr_FR","og_type":"article","og_title":"150K Puffs - Cerise p\u00e9tillante &amp; Fraise fruit du dragon &amp; Citron vert &amp; Past\u00e8que myrtille","og_description":"D\u00e9couvrez la vape jetable Fizzy 150K Puffs avec Fizzy Cherry, Strawberry Dragon Fruit, Lemon Lime, et Watermelon Blueberry. Des bouff\u00e9es douces, un nombre massif de bouff\u00e9es.","og_url":"https:\/\/fizzyvape.eu\/fr\/produit\/150k-puffs-cerise-petillante-fraise-fruit-du-dragon-citron-vert-pasteque-myrtille\/","og_site_name":"fizzyvape.eu","og_image":[{"width":1000,"height":1000,"url":"https:\/\/fizzyvape.eu\/wp-content\/uploads\/2026\/01\/Fizzy-15-in-1-150K-Puffs-Rechargeable-Disposable-Vape-Flavors-10-1.jpg","type":"image\/jpeg"}],"twitter_card":"summary_large_image","twitter_misc":{"Disponibilit\u00e9":"En stock"},"schema":{"@context":"https:\/\/schema.org","@graph":[{"@type":"WebPage","@id":"https:\/\/fizzyvape.eu\/fr\/produit\/150k-puffs-cerise-petillante-fraise-fruit-du-dragon-citron-vert-pasteque-myrtille\/","url":"https:\/\/fizzyvape.eu\/fr\/produit\/150k-puffs-cerise-petillante-fraise-fruit-du-dragon-citron-vert-pasteque-myrtille\/","name":"Fizzy Cherry & Lemon Lime | Fizzy 150K Vape - 15-in-1 Flavors","isPartOf":{"@id":"https:\/\/www.fizzyvape.eu\/fr\/#website"},"primaryImageOfPage":{"@id":"https:\/\/fizzyvape.eu\/fr\/produit\/150k-puffs-cerise-petillante-fraise-fruit-du-dragon-citron-vert-pasteque-myrtille\/#primaryimage"},"image":{"@id":"https:\/\/fizzyvape.eu\/fr\/produit\/150k-puffs-cerise-petillante-fraise-fruit-du-dragon-citron-vert-pasteque-myrtille\/#primaryimage"},"thumbnailUrl":"https:\/\/fizzyvape.eu\/wp-content\/uploads\/2026\/01\/Fizzy-15-in-1-150K-Puffs-Rechargeable-Disposable-Vape-Flavors-10-1.jpg","datePublished":"2026-01-19T10:20:41+00:00","description":"D\u00e9couvrez la vape jetable Fizzy 150K Puffs avec Fizzy Cherry, Strawberry Dragon Fruit, Lemon Lime, et Watermelon Blueberry. Des bouff\u00e9es douces, un nombre massif de bouff\u00e9es.","breadcrumb":{"@id":"https:\/\/fizzyvape.eu\/fr\/produit\/150k-puffs-cerise-petillante-fraise-fruit-du-dragon-citron-vert-pasteque-myrtille\/#breadcrumb"},"inLanguage":"fr-FR","potentialAction":[{"@type":"ReadAction","target":["https:\/\/fizzyvape.eu\/fr\/produit\/150k-puffs-cerise-petillante-fraise-fruit-du-dragon-citron-vert-pasteque-myrtille\/"]}]},{"@type":"ImageObject","inLanguage":"fr-FR","@id":"https:\/\/fizzyvape.eu\/fr\/produit\/150k-puffs-cerise-petillante-fraise-fruit-du-dragon-citron-vert-pasteque-myrtille\/#primaryimage","url":"https:\/\/fizzyvape.eu\/wp-content\/uploads\/2026\/01\/Fizzy-15-in-1-150K-Puffs-Rechargeable-Disposable-Vape-Flavors-10-1.jpg","contentUrl":"https:\/\/fizzyvape.eu\/wp-content\/uploads\/2026\/01\/Fizzy-15-in-1-150K-Puffs-Rechargeable-Disposable-Vape-Flavors-10-1.jpg","width":1000,"height":1000,"caption":"Fizzy 15-en-1 150K Puffs Rechargeable Disposable Vape Flavors 10"},{"@type":"BreadcrumbList","@id":"https:\/\/fizzyvape.eu\/fr\/produit\/150k-puffs-cerise-petillante-fraise-fruit-du-dragon-citron-vert-pasteque-myrtille\/#breadcrumb","itemListElement":[{"@type":"ListItem","position":1,"name":"Home","item":"https:\/\/fizzyvape.eu\/fr\/"},{"@type":"ListItem","position":2,"name":"Boutique","item":"https:\/\/www.fizzyvape.eu\/fr\/boutique\/"},{"@type":"ListItem","position":3,"name":"150K Puffs &#8211; Cerise p\u00e9tillante &amp; Fraise fruit du dragon &amp; Citron vert &amp; Past\u00e8que myrtille"}]},{"@type":"WebSite","@id":"https:\/\/www.fizzyvape.eu\/fr\/#website","url":"https:\/\/www.fizzyvape.eu\/fr\/","name":"fizzyvape.eu","description":"Refreshing Vapes. Unforgettable Taste.","publisher":{"@id":"https:\/\/www.fizzyvape.eu\/fr\/#organization"},"potentialAction":[{"@type":"SearchAction","target":{"@type":"EntryPoint","urlTemplate":"https:\/\/www.fizzyvape.eu\/fr\/?s={search_term_string}"},"query-input":{"@type":"PropertyValueSpecification","valueRequired":true,"valueName":"search_term_string"}}],"inLanguage":"fr-FR"},{"@type":"Organization","@id":"https:\/\/www.fizzyvape.eu\/fr\/#organization","name":"fizzyvape.eu","url":"https:\/\/www.fizzyvape.eu\/fr\/","logo":{"@type":"ImageObject","inLanguage":"fr-FR","@id":"https:\/\/www.fizzyvape.eu\/fr\/#\/schema\/logo\/image\/","url":"https:\/\/fizzyvape.eu\/wp-content\/uploads\/2019\/06\/print-1.svg","contentUrl":"https:\/\/fizzyvape.eu\/wp-content\/uploads\/2019\/06\/print-1.svg","width":124,"height":37,"caption":"fizzyvape.eu"},"image":{"@id":"https:\/\/www.fizzyvape.eu\/fr\/#\/schema\/logo\/image\/"}}]},"og_availability":"instock","product_availability":"instock","product_condition":"new"},"tiered_pricing_type":"fixed","tiered_pricing_fixed_rules":[],"tiered_pricing_product_settings":{"layout":"default","base_unit_name":{"singular":null,"plural":null},"default_variation":null},"tiered_pricing_minimum_quantity":null,"tiered_pricing_roles_data":[],"tiered_pricing_percentage_rules":[],"tiered_pricing_maximum_quantity":null,"tiered_pricing_quantity_step":null,"_links":{"self":[{"href":"https:\/\/fizzyvape.eu\/fr\/wp-json\/wp\/v2\/product\/39187","targetHints":{"allow":["GET"]}}],"collection":[{"href":"https:\/\/fizzyvape.eu\/fr\/wp-json\/wp\/v2\/product"}],"about":[{"href":"https:\/\/fizzyvape.eu\/fr\/wp-json\/wp\/v2\/types\/product"}],"replies":[{"embeddable":true,"href":"https:\/\/fizzyvape.eu\/fr\/wp-json\/wp\/v2\/comments?post=39187"}],"version-history":[{"count":0,"href":"https:\/\/fizzyvape.eu\/fr\/wp-json\/wp\/v2\/product\/39187\/revisions"}],"wp:featuredmedia":[{"embeddable":true,"href":"https:\/\/fizzyvape.eu\/fr\/wp-json\/wp\/v2\/media\/38889"}],"wp:attachment":[{"href":"https:\/\/fizzyvape.eu\/fr\/wp-json\/wp\/v2\/media?parent=39187"}],"wp:term":[{"taxonomy":"product_brand","embeddable":true,"href":"https:\/\/fizzyvape.eu\/fr\/wp-json\/wp\/v2\/product_brand?post=39187"},{"taxonomy":"product_cat","embeddable":true,"href":"https:\/\/fizzyvape.eu\/fr\/wp-json\/wp\/v2\/product_cat?post=39187"},{"taxonomy":"product_tag","embeddable":true,"href":"https:\/\/fizzyvape.eu\/fr\/wp-json\/wp\/v2\/product_tag?post=39187"}],"curies":[{"name":"wp","href":"https:\/\/api.w.org\/{rel}","templated":true}]}}