{"id":23542,"date":"2025-03-25T14:53:27","date_gmt":"2025-03-25T06:53:27","guid":{"rendered":"https:\/\/fizzyvape.eu\/termini-e-condizioni\/"},"modified":"2025-04-14T15:16:29","modified_gmt":"2025-04-14T07:16:29","slug":"termini-e-condizioni","status":"publish","type":"page","link":"https:\/\/fizzyvape.eu\/it\/termini-e-condizioni\/","title":{"rendered":"Termini e condizioni"},"content":{"rendered":"\n<p><strong>Data di entrata in vigore: Domenica 15 dicembre 2024<\/strong><\/p>\n\n<p>Benvenuto su <a href=\"https:\/\/fizzyvape.eu\/it\/\">fizzyvape.eu<\/a>. Accedendo o utilizzando questo sito, accetti di essere vincolato dai presenti Termini e Condizioni, che includono la nostra Informativa sulla Privacy e l&#8217;Informativa sui Cookie, e da qualsiasi altro termine a cui si fa riferimento (collettivamente, i &#8220;Termini e Condizioni&#8221;). Ti invitiamo a leggerli attentamente. Se l&#8217;utente non accetta i presenti Termini e Condizioni, \u00e8 pregato di interrompere immediatamente l&#8217;utilizzo del sito.   <\/p>\n\n<hr class=\"wp-block-separator has-alpha-channel-opacity\"\/>\n\n<h3 class=\"wp-block-heading\" id=\"h-1-general-terms\"><strong>1. Condizioni generali<\/strong><\/h3>\n\n<ul class=\"wp-block-list\">\n<li>Utilizzando questo sito, l&#8217;utente dichiara di avere almeno la maggiore et\u00e0 nella propria giurisdizione. \u00c8 responsabilit\u00e0 dell&#8217;utente assicurarsi di rispettare le leggi locali relative all&#8217;et\u00e0 minima per accedere, acquistare o utilizzare il sito. <\/li>\n\n\n\n<li>I presenti Termini e condizioni si applicano a tutti gli utenti, compresi i navigatori, i venditori, i clienti e i collaboratori di contenuti.<\/li>\n\n\n\n<li>Ci riserviamo il diritto di modificare i presenti Termini e Condizioni in qualsiasi momento e senza preavviso. L&#8217;uso continuato del sito da parte dell&#8217;utente costituisce accettazione di tali modifiche. <\/li>\n<\/ul>\n\n<hr class=\"wp-block-separator has-alpha-channel-opacity\"\/>\n\n<h3 class=\"wp-block-heading\" id=\"h-2-use-of-the-site\"><strong>2. Utilizzo del Sito<\/strong><\/h3>\n\n<p>Sei autorizzato a sfogliare, stampare e scaricare i materiali solo per uso personale e non commerciale, a condizione che non vengano rimossi gli avvisi di copyright e di altro tipo. Non puoi: <\/p>\n\n<ul class=\"wp-block-list\">\n<li>Copiare, distribuire o mostrare materiali per scopi commerciali.<\/li>\n\n\n\n<li>Alterare, trasmettere o creare opere derivate dai contenuti del sito.<\/li>\n\n\n\n<li>Utilizzare il sito o il suo contenuto per scopi illegali.<\/li>\n<\/ul>\n\n<hr class=\"wp-block-separator has-alpha-channel-opacity\"\/>\n\n<h3 class=\"wp-block-heading\" id=\"h-3-prohibited-activities\"><strong>3. Attivit\u00e0 vietate<\/strong><\/h3>\n\n<p>Non puoi utilizzare il sito per:<\/p>\n\n<ul class=\"wp-block-list\">\n<li>Impegnarsi in attivit\u00e0 illegali.<\/li>\n\n\n\n<li>Violare qualsiasi legge o regolamento.<\/li>\n\n\n\n<li>Trasmettere codici maligni, virus o qualsiasi contenuto dannoso.<\/li>\n\n\n\n<li>Raccogliere o utilizzare in modo improprio le informazioni personali.<\/li>\n\n\n\n<li>Molestare, abusare o discriminare gli altri.<\/li>\n<\/ul>\n\n<hr class=\"wp-block-separator has-alpha-channel-opacity\"\/>\n\n<h3 class=\"wp-block-heading\" id=\"h-4-links-to-third-party-sites\"><strong>4. Link a siti di terze parti<\/strong><\/h3>\n\n<p>Questo sito pu\u00f2 contenere link a siti di terze parti per comodit\u00e0 dell&#8217;utente. Non siamo responsabili per: <\/p>\n\n<ul class=\"wp-block-list\">\n<li>Contenuti, prodotti o servizi di tali siti.<\/li>\n\n\n\n<li>Qualsiasi modifica o aggiornamento dei siti collegati.<\/li>\n\n\n\n<li>Problemi derivanti dall&#8217;utilizzo di strumenti di terze parti a cui si accede tramite il sito.<\/li>\n<\/ul>\n\n<p>L&#8217;utilizzo di tali link \u00e8 a tuo rischio e pericolo e a tali siti potrebbero essere applicate condizioni diverse.<\/p>\n\n<hr class=\"wp-block-separator has-alpha-channel-opacity\"\/>\n\n<h3 class=\"wp-block-heading\" id=\"h-5-accuracy-of-information\"><strong>5. Accuratezza delle informazioni<\/strong><\/h3>\n\n<ul class=\"wp-block-list\">\n<li>Le informazioni contenute in questo sito sono fornite solo per scopi generali e potrebbero non essere accurate, complete o aggiornate.<\/li>\n\n\n\n<li>Le informazioni storiche sono fornite solo come riferimento e potrebbero non riflettere la situazione attuale.<\/li>\n\n\n\n<li>Ci riserviamo il diritto di aggiornare i contenuti del sito senza obbligo di notifica agli utenti.<\/li>\n<\/ul>\n\n<hr class=\"wp-block-separator has-alpha-channel-opacity\"\/>\n\n<h3 class=\"wp-block-heading\" id=\"h-6-shopping-and-ordering\"><strong>6. Acquisti e ordini<\/strong><\/h3>\n\n<ul class=\"wp-block-list\">\n<li>Ci riserviamo il diritto di rifiutare il servizio o di cancellare gli ordini per qualsiasi motivo.<\/li>\n\n\n\n<li>I prezzi e la disponibilit\u00e0 dei prodotti sono soggetti a modifiche senza preavviso.<\/li>\n\n\n\n<li>I prodotti visualizzati possono differire per colore o aspetto in base alle impostazioni del monitor.<\/li>\n\n\n\n<li>I pacchi smarriti o rubati contrassegnati come consegnati sono responsabilit\u00e0 del cliente che deve risolvere il problema con il corriere.<\/li>\n<\/ul>\n\n<p>\u00c8 necessario fornire informazioni di fatturazione accurate e veritiere. Eventuali inesattezze possono comportare la cancellazione dell&#8217;ordine o ritardi. <\/p>\n\n<hr class=\"wp-block-separator has-alpha-channel-opacity\"\/>\n\n<h3 class=\"wp-block-heading\" id=\"h-7-intellectual-property\"><strong>7. Propriet\u00e0 intellettuale<\/strong><\/h3>\n\n<p>Tutti i contenuti di questo sito, inclusi testi, immagini e marchi, sono di nostra propriet\u00e0 o dei nostri licenziatari. L&#8217;uso non autorizzato di qualsiasi materiale \u00e8 severamente vietato. <\/p>\n\n<hr class=\"wp-block-separator has-alpha-channel-opacity\"\/>\n\n<h3 class=\"wp-block-heading\" id=\"h-8-comments-and-feedback\"><strong>8. Commenti e feedback<\/strong><\/h3>\n\n<p>Inviando commenti, feedback o idee:<\/p>\n\n<ul class=\"wp-block-list\">\n<li>L&#8217;utente ci concede una licenza non esclusiva e irrevocabile per il loro utilizzo.<\/li>\n\n\n\n<li>Non siamo obbligati a mantenere la riservatezza o a fornire un compenso.<\/li>\n\n\n\n<li>Devi assicurarti che i tuoi contributi non violino i diritti di terzi.<\/li>\n<\/ul>\n\n<hr class=\"wp-block-separator has-alpha-channel-opacity\"\/>\n\n<h3 class=\"wp-block-heading\" id=\"h-9-account-security\"><strong>9. Sicurezza dell&#8217;account<\/strong><\/h3>\n\n<p>Se crei un account su questo sito:<\/p>\n\n<ul class=\"wp-block-list\">\n<li>L&#8217;utente \u00e8 responsabile della riservatezza delle proprie credenziali di accesso.<\/li>\n\n\n\n<li>Comunicaci immediatamente l&#8217;uso non autorizzato del tuo account.<\/li>\n\n\n\n<li>Non siamo responsabili per le perdite subite a causa di accessi non autorizzati all&#8217;account.<\/li>\n<\/ul>\n\n<hr class=\"wp-block-separator has-alpha-channel-opacity\"\/>\n\n<h3 class=\"wp-block-heading\" id=\"h-10-counterfeiting\"><strong>10. Contraffazione<\/strong><\/h3>\n\n<p>Ci impegniamo a combattere i prodotti contraffatti. Decliniamo ogni responsabilit\u00e0 per gli acquisti effettuati da venditori non autorizzati e consigliamo vivamente di segnalarci i prodotti contraffatti.<\/p>\n\n<hr class=\"wp-block-separator has-alpha-channel-opacity\"\/>\n\n<h3 class=\"wp-block-heading\" id=\"h-11-use-of-google-analytics\"><strong>11. Utilizzo di Google Analytics<\/strong><\/h3>\n\n<p>Questo sito utilizza Google Analytics per analizzare l&#8217;utilizzo. Utilizzando questo sito, acconsenti alla raccolta e all&#8217;elaborazione dei dati come indicato nella nostra Informativa sui cookie.<\/p>\n\n<hr class=\"wp-block-separator has-alpha-channel-opacity\"\/>\n\n<h3 class=\"wp-block-heading\" id=\"h-12-disclaimers-and-limitation-of-liability\"><strong>12. Esclusioni di responsabilit\u00e0 e limitazioni di responsabilit\u00e0<\/strong><\/h3>\n\n<ul class=\"wp-block-list\">\n<li>Il sito viene fornito &#8220;cos\u00ec com&#8217;\u00e8&#8221; e &#8220;come disponibile&#8221; senza garanzie di alcun tipo.<\/li>\n\n\n\n<li>Decliniamo tutte le garanzie, incluse, ma non solo, quelle di commerciabilit\u00e0, idoneit\u00e0 per uno scopo particolare e non violazione.<\/li>\n\n\n\n<li>Non siamo responsabili per eventuali danni derivanti dall&#8217;utilizzo del sito da parte dell&#8217;utente, inclusi, a titolo esemplificativo ma non esaustivo, perdita di dati, interruzione del servizio o accesso non autorizzato.<\/li>\n<\/ul>\n\n<hr class=\"wp-block-separator has-alpha-channel-opacity\"\/>\n\n<h3 class=\"wp-block-heading\" id=\"h-13-governing-law\"><strong>13. Legge applicabile<\/strong><\/h3>\n\n<p>I presenti Termini e Condizioni sono disciplinati dalle leggi di [Inserire Giurisdizione], senza tener conto dei conflitti di legge.<\/p>\n\n<hr class=\"wp-block-separator has-alpha-channel-opacity\"\/>\n\n<h3 class=\"wp-block-heading\" id=\"h-14-contact-information\"><strong>14. Informazioni di contatto<\/strong><\/h3>\n\n<p>In caso di domande sulla presente <span style=\"margin: 0px; padding: 0px;\">politica sui cookie<\/span>, ti invitiamo a contattarci alla pagina Contattaci o a contattarci via e-mail all&#8217;indirizzo <a><strong><a>[shop@fizzyvape.com]<\/a><\/strong>.<\/a><\/p>\n\n<p><\/p>\n","protected":false},"excerpt":{"rendered":"<p>Data di entrata in vigore: Domenica 15 dicembre 2024 Benvenuto su fizzyvape.eu. Accedendo o utilizzando questo sito, accetti di essere<\/p>\n","protected":false},"author":3,"featured_media":0,"parent":0,"menu_order":0,"comment_status":"closed","ping_status":"closed","template":"","meta":{"iawp_total_views":0,"footnotes":""},"class_list":["post-23542","page","type-page","status-publish","hentry"],"yoast_head":"<!-- This site is optimized with the Yoast SEO Premium plugin v24.8 (Yoast SEO v24.8) - https:\/\/yoast.com\/wordpress\/plugins\/seo\/ -->\n<title>Termini e condizioni - fizzyvape.eu<\/title>\n<meta name=\"robots\" content=\"index, follow, max-snippet:-1, max-image-preview:large, max-video-preview:-1\" \/>\n<link rel=\"canonical\" href=\"https:\/\/fizzyvape.eu\/it\/termini-e-condizioni\/\" \/>\n<meta property=\"og:locale\" content=\"it_IT\" \/>\n<meta property=\"og:type\" content=\"article\" \/>\n<meta property=\"og:title\" content=\"Termini e condizioni\" \/>\n<meta property=\"og:description\" content=\"Data di entrata in vigore: Domenica 15 dicembre 2024 Benvenuto su fizzyvape.eu. Accedendo o utilizzando questo sito, accetti di essere\" \/>\n<meta property=\"og:url\" content=\"https:\/\/fizzyvape.eu\/it\/termini-e-condizioni\/\" \/>\n<meta property=\"og:site_name\" content=\"fizzyvape.eu\" \/>\n<meta property=\"article:modified_time\" content=\"2025-04-14T07:16:29+00:00\" \/>\n<meta name=\"twitter:card\" content=\"summary_large_image\" \/>\n<meta name=\"twitter:label1\" content=\"Tempo di lettura stimato\" \/>\n\t<meta name=\"twitter:data1\" content=\"4 minuto\" \/>\n<script type=\"application\/ld+json\" class=\"yoast-schema-graph\">{\"@context\":\"https:\/\/schema.org\",\"@graph\":[{\"@type\":\"WebPage\",\"@id\":\"https:\/\/fizzyvape.eu\/it\/termini-e-condizioni\/\",\"url\":\"https:\/\/fizzyvape.eu\/it\/termini-e-condizioni\/\",\"name\":\"Termini e condizioni - fizzyvape.eu\",\"isPartOf\":{\"@id\":\"https:\/\/www.fizzyvape.eu\/it\/#website\"},\"datePublished\":\"2025-03-25T06:53:27+00:00\",\"dateModified\":\"2025-04-14T07:16:29+00:00\",\"breadcrumb\":{\"@id\":\"https:\/\/fizzyvape.eu\/it\/termini-e-condizioni\/#breadcrumb\"},\"inLanguage\":\"it-IT\",\"potentialAction\":[{\"@type\":\"ReadAction\",\"target\":[\"https:\/\/fizzyvape.eu\/it\/termini-e-condizioni\/\"]}]},{\"@type\":\"BreadcrumbList\",\"@id\":\"https:\/\/fizzyvape.eu\/it\/termini-e-condizioni\/#breadcrumb\",\"itemListElement\":[{\"@type\":\"ListItem\",\"position\":1,\"name\":\"Home\",\"item\":\"https:\/\/fizzyvape.eu\/it\/\"},{\"@type\":\"ListItem\",\"position\":2,\"name\":\"Termini e condizioni\"}]},{\"@type\":\"WebSite\",\"@id\":\"https:\/\/www.fizzyvape.eu\/it\/#website\",\"url\":\"https:\/\/www.fizzyvape.eu\/it\/\",\"name\":\"fizzyvape.eu\",\"description\":\"Refreshing Vapes. Unforgettable Taste.\",\"publisher\":{\"@id\":\"https:\/\/www.fizzyvape.eu\/it\/#organization\"},\"potentialAction\":[{\"@type\":\"SearchAction\",\"target\":{\"@type\":\"EntryPoint\",\"urlTemplate\":\"https:\/\/www.fizzyvape.eu\/it\/?s={search_term_string}\"},\"query-input\":{\"@type\":\"PropertyValueSpecification\",\"valueRequired\":true,\"valueName\":\"search_term_string\"}}],\"inLanguage\":\"it-IT\"},{\"@type\":\"Organization\",\"@id\":\"https:\/\/www.fizzyvape.eu\/it\/#organization\",\"name\":\"fizzyvape.eu\",\"url\":\"https:\/\/www.fizzyvape.eu\/it\/\",\"logo\":{\"@type\":\"ImageObject\",\"inLanguage\":\"it-IT\",\"@id\":\"https:\/\/www.fizzyvape.eu\/it\/#\/schema\/logo\/image\/\",\"url\":\"https:\/\/fizzyvape.eu\/wp-content\/uploads\/2019\/06\/print-1.svg\",\"contentUrl\":\"https:\/\/fizzyvape.eu\/wp-content\/uploads\/2019\/06\/print-1.svg\",\"width\":124,\"height\":37,\"caption\":\"fizzyvape.eu\"},\"image\":{\"@id\":\"https:\/\/www.fizzyvape.eu\/it\/#\/schema\/logo\/image\/\"}}]}<\/script>\n<!-- \/ Yoast SEO Premium plugin. -->","yoast_head_json":{"title":"Termini e condizioni - fizzyvape.eu","robots":{"index":"index","follow":"follow","max-snippet":"max-snippet:-1","max-image-preview":"max-image-preview:large","max-video-preview":"max-video-preview:-1"},"canonical":"https:\/\/fizzyvape.eu\/it\/termini-e-condizioni\/","og_locale":"it_IT","og_type":"article","og_title":"Termini e condizioni","og_description":"Data di entrata in vigore: Domenica 15 dicembre 2024 Benvenuto su fizzyvape.eu. Accedendo o utilizzando questo sito, accetti di essere","og_url":"https:\/\/fizzyvape.eu\/it\/termini-e-condizioni\/","og_site_name":"fizzyvape.eu","article_modified_time":"2025-04-14T07:16:29+00:00","twitter_card":"summary_large_image","twitter_misc":{"Tempo di lettura stimato":"4 minuto"},"schema":{"@context":"https:\/\/schema.org","@graph":[{"@type":"WebPage","@id":"https:\/\/fizzyvape.eu\/it\/termini-e-condizioni\/","url":"https:\/\/fizzyvape.eu\/it\/termini-e-condizioni\/","name":"Termini e condizioni - fizzyvape.eu","isPartOf":{"@id":"https:\/\/www.fizzyvape.eu\/it\/#website"},"datePublished":"2025-03-25T06:53:27+00:00","dateModified":"2025-04-14T07:16:29+00:00","breadcrumb":{"@id":"https:\/\/fizzyvape.eu\/it\/termini-e-condizioni\/#breadcrumb"},"inLanguage":"it-IT","potentialAction":[{"@type":"ReadAction","target":["https:\/\/fizzyvape.eu\/it\/termini-e-condizioni\/"]}]},{"@type":"BreadcrumbList","@id":"https:\/\/fizzyvape.eu\/it\/termini-e-condizioni\/#breadcrumb","itemListElement":[{"@type":"ListItem","position":1,"name":"Home","item":"https:\/\/fizzyvape.eu\/it\/"},{"@type":"ListItem","position":2,"name":"Termini e condizioni"}]},{"@type":"WebSite","@id":"https:\/\/www.fizzyvape.eu\/it\/#website","url":"https:\/\/www.fizzyvape.eu\/it\/","name":"fizzyvape.eu","description":"Refreshing Vapes. Unforgettable Taste.","publisher":{"@id":"https:\/\/www.fizzyvape.eu\/it\/#organization"},"potentialAction":[{"@type":"SearchAction","target":{"@type":"EntryPoint","urlTemplate":"https:\/\/www.fizzyvape.eu\/it\/?s={search_term_string}"},"query-input":{"@type":"PropertyValueSpecification","valueRequired":true,"valueName":"search_term_string"}}],"inLanguage":"it-IT"},{"@type":"Organization","@id":"https:\/\/www.fizzyvape.eu\/it\/#organization","name":"fizzyvape.eu","url":"https:\/\/www.fizzyvape.eu\/it\/","logo":{"@type":"ImageObject","inLanguage":"it-IT","@id":"https:\/\/www.fizzyvape.eu\/it\/#\/schema\/logo\/image\/","url":"https:\/\/fizzyvape.eu\/wp-content\/uploads\/2019\/06\/print-1.svg","contentUrl":"https:\/\/fizzyvape.eu\/wp-content\/uploads\/2019\/06\/print-1.svg","width":124,"height":37,"caption":"fizzyvape.eu"},"image":{"@id":"https:\/\/www.fizzyvape.eu\/it\/#\/schema\/logo\/image\/"}}]}},"_links":{"self":[{"href":"https:\/\/fizzyvape.eu\/it\/wp-json\/wp\/v2\/pages\/23542","targetHints":{"allow":["GET"]}}],"collection":[{"href":"https:\/\/fizzyvape.eu\/it\/wp-json\/wp\/v2\/pages"}],"about":[{"href":"https:\/\/fizzyvape.eu\/it\/wp-json\/wp\/v2\/types\/page"}],"author":[{"embeddable":true,"href":"https:\/\/fizzyvape.eu\/it\/wp-json\/wp\/v2\/users\/3"}],"replies":[{"embeddable":true,"href":"https:\/\/fizzyvape.eu\/it\/wp-json\/wp\/v2\/comments?post=23542"}],"version-history":[{"count":0,"href":"https:\/\/fizzyvape.eu\/it\/wp-json\/wp\/v2\/pages\/23542\/revisions"}],"wp:attachment":[{"href":"https:\/\/fizzyvape.eu\/it\/wp-json\/wp\/v2\/media?parent=23542"}],"curies":[{"name":"wp","href":"https:\/\/api.w.org\/{rel}","templated":true}]}}