{"id":23590,"date":"2025-03-25T14:25:53","date_gmt":"2025-03-25T06:25:53","guid":{"rendered":"https:\/\/fizzyvape.eu\/politica-di-rimborso-e-restituzione\/"},"modified":"2025-04-14T15:16:55","modified_gmt":"2025-04-14T07:16:55","slug":"politica-di-rimborso-e-restituzione","status":"publish","type":"page","link":"https:\/\/fizzyvape.eu\/it\/politica-di-rimborso-e-restituzione\/","title":{"rendered":"Politica di rimborso e restituzione"},"content":{"rendered":"\n<p><strong>Data di entrata in vigore:<\/strong> Domenica 15 dicembre 2024<\/p>\n\n<p>Noi di<a href=\"https:\/\/fizzyvape.eu\/it\/\"> fizzyvape.eu<\/a> ci impegniamo a fornire prodotti di qualit\u00e0 e un eccellente servizio clienti. Se non sei soddisfatto del tuo acquisto, siamo qui per aiutarti. Ti invitiamo a leggere attentamente la nostra Politica sui resi.<\/p>\n\n<hr class=\"wp-block-separator has-alpha-channel-opacity\" \/>\n\n<h2 class=\"wp-block-heading\" id=\"h-overview\"><strong>Panoramica<\/strong><\/h2>\n\n<p>La nostra politica di rimborso e restituzione dura 30 giorni. Se sono trascorsi 30 giorni dall&#8217;acquisto, non possiamo offrire un rimborso o un cambio completo.<\/p>\n\n<h3 class=\"wp-block-heading\" id=\"h-eligibility-for-returns\"><strong>Idoneit\u00e0 alla restituzione<\/strong><\/h3>\n\n<ul class=\"wp-block-list\">\n<li>L&#8217;articolo deve essere <strong>inutilizzato<\/strong> e nelle <strong>stesse condizioni<\/strong> in cui \u00e8 stato ricevuto.<\/li>\n\n\n\n<li>L&#8217;articolo deve essere restituito nella sua <strong>confezione originale<\/strong>.<\/li>\n\n\n\n<li><strong>Le cialde con la stagnola interna aperta<\/strong> non possono essere restituite.<\/li>\n\n\n\n<li>Per tutti i resi \u00e8 richiesta la <strong>ricevuta o la prova d&#8217;acquisto<\/strong>.<\/li>\n<\/ul>\n\n<h3 class=\"wp-block-heading\" id=\"h-important-note\"><strong>Nota importante<\/strong><\/h3>\n\n<p><strong>\u00c8 necessario contattarci<\/strong> prima di restituire o cambiare il prodotto. Non rispedire il tuo acquisto al produttore o a qualsiasi indirizzo indicato sul nostro sito web senza autorizzazione.<\/p>\n\n<hr class=\"wp-block-separator has-alpha-channel-opacity\" \/>\n\n<h2 class=\"wp-block-heading\" id=\"h-refunds\"><strong>Rimborsi<\/strong><\/h2>\n\n<h3 class=\"wp-block-heading\" id=\"h-process\"><strong>Processo<\/strong><\/h3>\n\n<ol class=\"wp-block-list\">\n<li>Una volta ricevuto e ispezionato l&#8217;articolo restituito, ti comunicheremo via e-mail l&#8217;approvazione o il rifiuto del rimborso.<\/li>\n\n\n\n<li>Se approvato, il rimborso verr\u00e0 elaborato e un credito verr\u00e0 applicato al tuo metodo di pagamento originale entro un determinato periodo di tempo.<\/li>\n<\/ol>\n\n<h3 class=\"wp-block-heading\" id=\"h-late-or-missing-refunds\"><strong>Rimborsi in ritardo o mancanti<\/strong><\/h3>\n\n<p>Se non hai ricevuto il rimborso dopo l&#8217;approvazione:<\/p>\n\n<ol class=\"wp-block-list\">\n<li><strong>Controlla<\/strong> di nuovo <strong>il tuo conto corrente<\/strong>.<\/li>\n\n\n\n<li>Contatta la <strong>compagnia<\/strong> della tua <strong>carta di credito<\/strong>; i tempi di elaborazione possono variare.<\/li>\n\n\n\n<li>Rivolgiti alla tua <strong>banca<\/strong>, perch\u00e9 i ritardi nell&#8217;elaborazione sono comuni.<\/li>\n<\/ol>\n\n<p>Se hai seguito questi passaggi e non hai ancora ricevuto il rimborso, contattaci all&#8217;indirizzo <strong>[Inserire indirizzo e-mail]<\/strong>.<\/p>\n\n<hr class=\"wp-block-separator has-alpha-channel-opacity\" \/>\n\n<h2 class=\"wp-block-heading\" id=\"h-sale-items\"><strong>Articoli in vendita<\/strong><\/h2>\n\n<p>Solo gli <strong>articoli a prezzo normale<\/strong> possono essere rimborsati. Gli articoli in saldo non sono rimborsabili.<\/p>\n\n<hr class=\"wp-block-separator has-alpha-channel-opacity\" \/>\n\n<h2 class=\"wp-block-heading\" id=\"h-exchanges\"><strong>Scambi<\/strong><\/h2>\n\n<p>Sostituiamo gli articoli solo se sono <strong>difettosi o danneggiati<\/strong>.<\/p>\n\n<ul class=\"wp-block-list\">\n<li>Per cambiare un articolo, contattaci via e-mail o tramite la pagina dei contatti.<\/li>\n\n\n\n<li>I cambi saranno effettuati solo per lo <strong>stesso articolo<\/strong>.<\/li>\n<\/ul>\n\n<hr class=\"wp-block-separator has-alpha-channel-opacity\" \/>\n\n<h2 class=\"wp-block-heading\" id=\"h-gifts\"><strong>Regali<\/strong><\/h2>\n\n<p>Se il tuo ordine include un <strong>regalo<\/strong> o una <strong>carta regalo<\/strong>, ci riserviamo il diritto di ritirare il regalo o di detrarre il suo costo se l&#8217;ordine viene annullato o rimborsato.<\/p>\n\n<hr class=\"wp-block-separator has-alpha-channel-opacity\" \/>\n\n<h2 class=\"wp-block-heading\" id=\"h-shipping-returns\"><strong>Spedizione Resi<\/strong><\/h2>\n\n<ul class=\"wp-block-list\">\n<li>Contattaci per ottenere l&#8217;<strong>indirizzo di restituzione<\/strong> prima di spedire il prodotto.<\/li>\n\n\n\n<li>Le <strong>spese di spedizione<\/strong> per la restituzione dell&#8217;articolo sono a carico del cliente. Le spese di spedizione <strong>non sono rimborsabili<\/strong>. Se ricevi un rimborso, il costo della spedizione di ritorno sar\u00e0 detratto dal tuo rimborso.<\/li>\n<\/ul>\n\n<h3 class=\"wp-block-heading\" id=\"h-shipping-timeframes\"><strong>Tempi di spedizione<\/strong><\/h3>\n\n<p>Il tempo necessario affinch\u00e9 gli articoli scambiati ti raggiungano pu\u00f2 variare a seconda della tua localit\u00e0.<\/p>\n\n<hr class=\"wp-block-separator has-alpha-channel-opacity\" \/>\n\n<h2 class=\"wp-block-heading\" id=\"h-need-help\"><strong>Hai bisogno di aiuto?<\/strong><\/h2>\n\n<p>In caso di domande su rimborsi, restituzioni o cambi, contattaci tramite la pagina Contatti <a href=\"https:\/\/fizzyvape.eu\/it\/contattaci\/\"><strong>Pagina dei contatti<\/strong><\/a> o inviaci un&#8217;e-mail a <strong><a>[shop@fizzyvape.com]<\/a><\/strong>.<\/p>\n\n<p><\/p>\n","protected":false},"excerpt":{"rendered":"<p>Data di entrata in vigore: Domenica 15 dicembre 2024 Noi di fizzyvape.eu ci impegniamo a fornire prodotti di qualit\u00e0 e<\/p>\n","protected":false},"author":1,"featured_media":0,"parent":0,"menu_order":0,"comment_status":"closed","ping_status":"closed","template":"","meta":{"iawp_total_views":1,"footnotes":""},"class_list":["post-23590","page","type-page","status-publish","hentry"],"yoast_head":"<!-- This site is optimized with the Yoast SEO Premium plugin v24.8 (Yoast SEO v24.8) - https:\/\/yoast.com\/wordpress\/plugins\/seo\/ -->\n<title>Politica di rimborso e restituzione - fizzyvape.eu<\/title>\n<meta name=\"robots\" content=\"index, follow, max-snippet:-1, max-image-preview:large, max-video-preview:-1\" \/>\n<link rel=\"canonical\" href=\"https:\/\/fizzyvape.eu\/it\/politica-di-rimborso-e-restituzione\/\" \/>\n<meta property=\"og:locale\" content=\"it_IT\" \/>\n<meta property=\"og:type\" content=\"article\" \/>\n<meta property=\"og:title\" content=\"Politica di rimborso e restituzione\" \/>\n<meta property=\"og:description\" content=\"Data di entrata in vigore: Domenica 15 dicembre 2024 Noi di fizzyvape.eu ci impegniamo a fornire prodotti di qualit\u00e0 e\" \/>\n<meta property=\"og:url\" content=\"https:\/\/fizzyvape.eu\/it\/politica-di-rimborso-e-restituzione\/\" \/>\n<meta property=\"og:site_name\" content=\"fizzyvape.eu\" \/>\n<meta property=\"article:modified_time\" content=\"2025-04-14T07:16:55+00:00\" \/>\n<meta name=\"twitter:card\" content=\"summary_large_image\" \/>\n<meta name=\"twitter:label1\" content=\"Tempo di lettura stimato\" \/>\n\t<meta name=\"twitter:data1\" content=\"2 minuto\" \/>\n<script type=\"application\/ld+json\" class=\"yoast-schema-graph\">{\"@context\":\"https:\/\/schema.org\",\"@graph\":[{\"@type\":\"WebPage\",\"@id\":\"https:\/\/fizzyvape.eu\/it\/politica-di-rimborso-e-restituzione\/\",\"url\":\"https:\/\/fizzyvape.eu\/it\/politica-di-rimborso-e-restituzione\/\",\"name\":\"Politica di rimborso e restituzione - fizzyvape.eu\",\"isPartOf\":{\"@id\":\"https:\/\/www.fizzyvape.eu\/it\/#website\"},\"datePublished\":\"2025-03-25T06:25:53+00:00\",\"dateModified\":\"2025-04-14T07:16:55+00:00\",\"breadcrumb\":{\"@id\":\"https:\/\/fizzyvape.eu\/it\/politica-di-rimborso-e-restituzione\/#breadcrumb\"},\"inLanguage\":\"it-IT\",\"potentialAction\":[{\"@type\":\"ReadAction\",\"target\":[\"https:\/\/fizzyvape.eu\/it\/politica-di-rimborso-e-restituzione\/\"]}]},{\"@type\":\"BreadcrumbList\",\"@id\":\"https:\/\/fizzyvape.eu\/it\/politica-di-rimborso-e-restituzione\/#breadcrumb\",\"itemListElement\":[{\"@type\":\"ListItem\",\"position\":1,\"name\":\"Home\",\"item\":\"https:\/\/fizzyvape.eu\/it\/\"},{\"@type\":\"ListItem\",\"position\":2,\"name\":\"Politica di rimborso e restituzione\"}]},{\"@type\":\"WebSite\",\"@id\":\"https:\/\/www.fizzyvape.eu\/it\/#website\",\"url\":\"https:\/\/www.fizzyvape.eu\/it\/\",\"name\":\"fizzyvape.eu\",\"description\":\"Refreshing Vapes. Unforgettable Taste.\",\"publisher\":{\"@id\":\"https:\/\/www.fizzyvape.eu\/it\/#organization\"},\"potentialAction\":[{\"@type\":\"SearchAction\",\"target\":{\"@type\":\"EntryPoint\",\"urlTemplate\":\"https:\/\/www.fizzyvape.eu\/it\/?s={search_term_string}\"},\"query-input\":{\"@type\":\"PropertyValueSpecification\",\"valueRequired\":true,\"valueName\":\"search_term_string\"}}],\"inLanguage\":\"it-IT\"},{\"@type\":\"Organization\",\"@id\":\"https:\/\/www.fizzyvape.eu\/it\/#organization\",\"name\":\"fizzyvape.eu\",\"url\":\"https:\/\/www.fizzyvape.eu\/it\/\",\"logo\":{\"@type\":\"ImageObject\",\"inLanguage\":\"it-IT\",\"@id\":\"https:\/\/www.fizzyvape.eu\/it\/#\/schema\/logo\/image\/\",\"url\":\"https:\/\/fizzyvape.eu\/wp-content\/uploads\/2019\/06\/print-1.svg\",\"contentUrl\":\"https:\/\/fizzyvape.eu\/wp-content\/uploads\/2019\/06\/print-1.svg\",\"width\":124,\"height\":37,\"caption\":\"fizzyvape.eu\"},\"image\":{\"@id\":\"https:\/\/www.fizzyvape.eu\/it\/#\/schema\/logo\/image\/\"}}]}<\/script>\n<!-- \/ Yoast SEO Premium plugin. -->","yoast_head_json":{"title":"Politica di rimborso e restituzione - fizzyvape.eu","robots":{"index":"index","follow":"follow","max-snippet":"max-snippet:-1","max-image-preview":"max-image-preview:large","max-video-preview":"max-video-preview:-1"},"canonical":"https:\/\/fizzyvape.eu\/it\/politica-di-rimborso-e-restituzione\/","og_locale":"it_IT","og_type":"article","og_title":"Politica di rimborso e restituzione","og_description":"Data di entrata in vigore: Domenica 15 dicembre 2024 Noi di fizzyvape.eu ci impegniamo a fornire prodotti di qualit\u00e0 e","og_url":"https:\/\/fizzyvape.eu\/it\/politica-di-rimborso-e-restituzione\/","og_site_name":"fizzyvape.eu","article_modified_time":"2025-04-14T07:16:55+00:00","twitter_card":"summary_large_image","twitter_misc":{"Tempo di lettura stimato":"2 minuto"},"schema":{"@context":"https:\/\/schema.org","@graph":[{"@type":"WebPage","@id":"https:\/\/fizzyvape.eu\/it\/politica-di-rimborso-e-restituzione\/","url":"https:\/\/fizzyvape.eu\/it\/politica-di-rimborso-e-restituzione\/","name":"Politica di rimborso e restituzione - fizzyvape.eu","isPartOf":{"@id":"https:\/\/www.fizzyvape.eu\/it\/#website"},"datePublished":"2025-03-25T06:25:53+00:00","dateModified":"2025-04-14T07:16:55+00:00","breadcrumb":{"@id":"https:\/\/fizzyvape.eu\/it\/politica-di-rimborso-e-restituzione\/#breadcrumb"},"inLanguage":"it-IT","potentialAction":[{"@type":"ReadAction","target":["https:\/\/fizzyvape.eu\/it\/politica-di-rimborso-e-restituzione\/"]}]},{"@type":"BreadcrumbList","@id":"https:\/\/fizzyvape.eu\/it\/politica-di-rimborso-e-restituzione\/#breadcrumb","itemListElement":[{"@type":"ListItem","position":1,"name":"Home","item":"https:\/\/fizzyvape.eu\/it\/"},{"@type":"ListItem","position":2,"name":"Politica di rimborso e restituzione"}]},{"@type":"WebSite","@id":"https:\/\/www.fizzyvape.eu\/it\/#website","url":"https:\/\/www.fizzyvape.eu\/it\/","name":"fizzyvape.eu","description":"Refreshing Vapes. Unforgettable Taste.","publisher":{"@id":"https:\/\/www.fizzyvape.eu\/it\/#organization"},"potentialAction":[{"@type":"SearchAction","target":{"@type":"EntryPoint","urlTemplate":"https:\/\/www.fizzyvape.eu\/it\/?s={search_term_string}"},"query-input":{"@type":"PropertyValueSpecification","valueRequired":true,"valueName":"search_term_string"}}],"inLanguage":"it-IT"},{"@type":"Organization","@id":"https:\/\/www.fizzyvape.eu\/it\/#organization","name":"fizzyvape.eu","url":"https:\/\/www.fizzyvape.eu\/it\/","logo":{"@type":"ImageObject","inLanguage":"it-IT","@id":"https:\/\/www.fizzyvape.eu\/it\/#\/schema\/logo\/image\/","url":"https:\/\/fizzyvape.eu\/wp-content\/uploads\/2019\/06\/print-1.svg","contentUrl":"https:\/\/fizzyvape.eu\/wp-content\/uploads\/2019\/06\/print-1.svg","width":124,"height":37,"caption":"fizzyvape.eu"},"image":{"@id":"https:\/\/www.fizzyvape.eu\/it\/#\/schema\/logo\/image\/"}}]}},"_links":{"self":[{"href":"https:\/\/fizzyvape.eu\/it\/wp-json\/wp\/v2\/pages\/23590","targetHints":{"allow":["GET"]}}],"collection":[{"href":"https:\/\/fizzyvape.eu\/it\/wp-json\/wp\/v2\/pages"}],"about":[{"href":"https:\/\/fizzyvape.eu\/it\/wp-json\/wp\/v2\/types\/page"}],"author":[{"embeddable":true,"href":"https:\/\/fizzyvape.eu\/it\/wp-json\/wp\/v2\/users\/1"}],"replies":[{"embeddable":true,"href":"https:\/\/fizzyvape.eu\/it\/wp-json\/wp\/v2\/comments?post=23590"}],"version-history":[{"count":0,"href":"https:\/\/fizzyvape.eu\/it\/wp-json\/wp\/v2\/pages\/23590\/revisions"}],"wp:attachment":[{"href":"https:\/\/fizzyvape.eu\/it\/wp-json\/wp\/v2\/media?parent=23590"}],"curies":[{"name":"wp","href":"https:\/\/api.w.org\/{rel}","templated":true}]}}