{"id":24598,"date":"2025-04-10T11:48:55","date_gmt":"2025-04-10T03:48:55","guid":{"rendered":"https:\/\/fizzyvape.eu\/product\/fizzy-boom-13000-bigne-50-pezzi\/"},"modified":"2025-10-31T18:02:08","modified_gmt":"2025-10-31T10:02:08","slug":"fizzy-boom-13000-bigne-50-pezzi","status":"publish","type":"product","link":"https:\/\/fizzyvape.eu\/it\/prodotto\/fizzy-boom-13000-bigne-50-pezzi\/","title":{"rendered":"Fizzy Boom &#8211; 13000 Bign\u00e8 &#8211; 50 pezzi"},"content":{"rendered":"<div>\n<h2><strong>Fizzy Boom 13000 Puffs &#8211; 50pz gusto misterioso in scatola cieca<\/strong><\/h2>\n<p>Prova l&#8217;emozione di <strong>50 vapori monouso Fizzy Boom<\/strong> in questa scatola misteriosa in edizione limitata, ognuno dei quali offre <strong>13.000 boccate ultra-lisce<\/strong> di perfezione aromatica creata in laboratorio! Riceverai <strong>Pesca succosa<\/strong>, <strong>Mirtillo ghiacciato<\/strong> o <strong>Ciliegia tropicale<\/strong>? Ogni unboxing \u00e8 un&#8217;avventura di sapori!  <\/p>\n<h3><strong>Caratteristiche principali<\/strong><\/h3>\n<p>\ud83c\udfaa <strong>50 x 13.000 boccate<\/strong> &#8211; Oltre <strong>650.000 boccate totali<\/strong> (dura mesi!)<br \/>\n\ud83c\udf08 <strong>12 gusti premium<\/strong> &#8211; randomizzati tra i bestseller di Fizzy Boom<br \/>\n\u26a1 <strong>Ricaricabile USB-C<\/strong> &#8211; Nessun spreco di e-liquid (capacit\u00e0 di 21 ml per dispositivo)<br \/>\n\ud83c\udf00 <strong>Bobine a doppia maglia<\/strong> &#8211; sapore pi\u00f9 ricco e nuvole pi\u00f9 dense<br \/>\n\ud83c\udfa1 <strong>Design ispirato al Carnevale<\/strong> &#8211; Colori vivaci, struttura a prova di perdite <\/p>\n<h3><strong>Perch\u00e9 scegliere il Blind Box?<\/strong><\/h3>\n<p>\ud83c\udf81 <strong>Fattore sorpresa<\/strong>: Non annoiarti mai: ogni dispositivo \u00e8 una nuova esperienza di gusto!<br \/>\n\ud83d\udcb0 <strong>Sconto Bulk<\/strong>: Risparmia <strong>il 79% in pi\u00f9<\/strong> rispetto all&#8217;acquisto di singoli pezzi<br \/>\n\ud83d\udce6 <strong>Rivenditore pronto<\/strong>: Prodotto ad alta richiesta con unboxing entusiasmante <\/p>\n<h3><strong>Opzioni di nicotina:<\/strong><\/h3>\n<p>&#8211; 2% (20mg\/mL) &#8211; Un&#8217;esperienza morbida per i vapers occasionali<br \/>\n&#8211; 5% (50mg\/mL) &#8211; Colpo in gola soddisfacente per i vecchi fumatori<\/p>\n<\/div>\n<div>\n<h3>Specifiche<\/h3>\n<table>\n<tbody>\n<tr>\n<td>Puff<\/td>\n<td><strong>13000+ Puff<\/strong><\/td>\n<\/tr>\n<tr>\n<td>Capacit\u00e0 del liquido elettronico<\/td>\n<td><strong>21ml<\/strong><\/td>\n<\/tr>\n<tr>\n<td>Capacit\u00e0 della batteria<\/td>\n<td><strong>650mAh<\/strong><\/td>\n<\/tr>\n<tr>\n<td>Bobina a rete<\/td>\n<td><strong>1.4\u03a9<\/strong><\/td>\n<\/tr>\n<tr>\n<td>Dimensioni<\/td>\n<td><strong>52,8*76,5*25mm<\/strong><\/td>\n<\/tr>\n<tr>\n<td>Usa e getta o no<\/td>\n<td><strong>Monouso<\/strong><\/td>\n<\/tr>\n<tr>\n<td>Metodo di ricarica<\/td>\n<td><strong>Cavo<\/strong><\/td>\n<\/tr>\n<tr>\n<td>Metodo di attivazione<\/td>\n<td><strong>Sensore<\/strong><\/td>\n<\/tr>\n<tr>\n<td>Livello di nicotina<\/td>\n<td><strong>2% (20mg\/mL) e 5% (50mg\/mL)<\/strong><\/td>\n<\/tr>\n<tr>\n<td>Aromi<\/td>\n<td><strong>12<\/strong><\/td>\n<\/tr>\n<tr>\n<td>Confezione<\/td>\n<td><strong>1 confezione<\/strong><\/td>\n<\/tr>\n<tr>\n<td>Tempo di ricarica<\/td>\n<td><strong>2 ore<\/strong><\/td>\n<\/tr>\n<tr>\n<td>Conservazione<\/td>\n<td><strong>Evita gli ambienti ad alta temperatura e conservali in un luogo fresco e asciutto.<\/strong><\/td>\n<\/tr>\n<tr>\n<td>Persone a cui \u00e8 vietato l&#8217;uso<\/td>\n<td><strong>Minori, donne in gravidanza e persone allergiche agli ingredienti del prodotto.<\/strong><\/td>\n<\/tr>\n<tr>\n<td>Attenzione<\/td>\n<td><strong>Non ingerire questa sostanza. In caso di ingestione, sciacqua la bocca accuratamente e immediatamente. Se ti senti male, rivolgiti a un medico.  <\/strong><\/td>\n<\/tr>\n<\/tbody>\n<\/table>\n<h3>Elenco dei gusti di <strong>Fizzy Boom <\/strong>13000 Puffs:<\/h3>\n<ol>\n<li><a href=\"https:\/\/fizzyvape.eu\/it\/prodotto\/pesca-frizzante-boom-13000-bigne\/\">Pesca<\/a><\/li>\n<li><a href=\"https:\/\/fizzyvape.eu\/it\/prodotto\/ghiaccio-frizzante-al-mirtillo-13000-bigne\/\">Ghiaccio al mirtillo<\/a><\/li>\n<li><a href=\"https:\/\/fizzyvape.eu\/it\/prodotto\/ghiaccio-alluva-fizzy-boom-13000-bigne\/\">Ghiaccio d&#8217;uva<\/a><\/li>\n<li><a href=\"https:\/\/fizzyvape.eu\/it\/prodotto\/fizzy-boom-alla-fragola-13000-bigne\/\">Fragola<\/a><\/li>\n<li><a href=\"https:\/\/fizzyvape.eu\/it\/prodotto\/ghiaccio-allanguria-fizzy-boom-13000-bigne\/\">Ghiaccio all&#8217;anguria<\/a><\/li>\n<li><a href=\"https:\/\/fizzyvape.eu\/it\/prodotto\/fizzy-boom-mirtillo-anguria-bubblegum-13000-bigne\/\">Mirtillo Anguria Bubblegum<\/a><\/li>\n<li><a href=\"https:\/\/fizzyvape.eu\/it\/prodotto\/fizzy-boom-mela-acida-13000-bigne\/\">Mela acida<\/a><\/li>\n<li><a href=\"https:\/\/fizzyvape.eu\/it\/prodotto\/ciliegia-frizzante-13000-bigne\/\">Ciliegia anguria<\/a><\/li>\n<li><a href=\"https:\/\/fizzyvape.eu\/it\/prodotto\/melone-frizzante-al-mirtillo-13000-bigne\/\">Mirtillo Melone<\/a><\/li>\n<li><a href=\"https:\/\/fizzyvape.eu\/it\/prodotto\/fizzy-boom-kiwi-berry-ice-13000-bigne\/\">Ghiaccio al kiwi e frutti di bosco<\/a><\/li>\n<li><a href=\"https:\/\/fizzyvape.eu\/it\/prodotto\/fizzy-boom-mirtillo-lampone-limone-13000-bigne\/\">Mirtillo Lampone Limone<\/a><\/li>\n<li><a href=\"https:\/\/fizzyvape.eu\/it\/prodotto\/fizzy-boom-fragola-anguria-melograno-13000-bigne\/\">Fragola Anguria Melograno<\/a><\/li>\n<\/ol>\n<h3>FAQ su Fizzy Boom 13000 Puffs Vape<\/h3>\n<ol>\n<li><strong>Quanti gusti diversi ricever\u00f2 nella scatola cieca?<\/strong><br \/>\nOgni Mystery Box di Fizzy Boom 13000 Puffs contiene un assortimento casuale di tutti i 12 gusti premium della nostra linea pi\u00f9 venduta. Anche se non possiamo garantire combinazioni di sapori specifiche in ogni scatola, ti assicuriamo che riceverai un&#8217;eccitante variet\u00e0 di miscele fruttate e ghiacciate. <\/li>\n<li><strong>Quanto dura il bundle da 50 dispositivi per una persona?<\/strong><br \/>\nPer i vapers medi (circa 500 boccate al giorno), questo pacchetto garantisce circa 4-5 mesi di uso continuo. I forti consumatori (oltre 1000 boccate al giorno) possono aspettarsi circa 2-3 mesi di divertimento con oltre 650.000 boccate. <\/li>\n<li><strong>Posso scegliere l&#8217;intensit\u00e0 di nicotina per l&#8217;intera confezione?<\/strong><br \/>\nS\u00ec! Al momento dell&#8217;ordine, puoi selezionare una delle due opzioni: <\/li>\n<\/ol>\n<ul>\n<li>2% (20mg\/mL) di nicotina, per un&#8217;esperienza pi\u00f9 morbida<\/li>\n<li>5% (50mg\/mL) di nicotina per un colpo in gola pi\u00f9 forte<br \/>\nTutti i 50 dispositivi della tua confezione avranno la stessa gradazione selezionata.<\/li>\n<\/ul>\n<ol>\n<li><strong>I dispositivi sono davvero ricaricabili? Per quante volte? <\/strong><br \/>\nAssolutamente! Ogni dispositivo ricaricabile USB-C pu\u00f2 essere ricaricato pi\u00f9 volte per sfruttare appieno la capacit\u00e0 di 21 ml di e-liquid. La maggior parte degli utenti ricarica 2-3 volte per godere di tutti i 13.000 puff per dispositivo.  <\/li>\n<\/ol>\n<\/div>\n","protected":false},"excerpt":{"rendered":"<p>Scopri l&#8217;inaspettato con la <strong>Blind Box Fizzy Boom 13000 Puffs<\/strong>! Ricevi 50 vapori ricaricabili USB-C nei gusti pi\u00f9 venduti e randomizzati, per un <strong>totale di<\/strong> oltre <strong>650.000 boccate<\/strong>! Le doppie bobine a rete offrono nuvole morbide e dense e un sapore ricco in ogni svapata. Ideale per gli amanti della svapo e per i rivenditori. <\/p>\n<p>\ud83d\udd25 <strong>Offerta limitata: Ottieni 50 pezzi ad un prezzo speciale e scontato!<\/strong> \ud83d\udd25<\/p>\n","protected":false},"featured_media":22530,"comment_status":"open","ping_status":"closed","template":"","meta":{"iawp_total_views":0},"product_brand":[],"product_cat":[312],"product_tag":[314],"class_list":{"0":"post-24598","1":"product","2":"type-product","3":"status-publish","4":"has-post-thumbnail","6":"product_cat-boom-it","7":"product_tag-13000-bigne","9":"first","10":"outofstock","11":"sale","12":"shipping-taxable","13":"purchasable","14":"product-type-variable"},"yoast_head":"<!-- This site is optimized with the Yoast SEO Premium plugin v24.8 (Yoast SEO v24.8) - https:\/\/yoast.com\/wordpress\/plugins\/seo\/ -->\n<title>Fizzy Boom - 13000 Bign\u00e8 - 50 pezzi - fizzyvape.eu<\/title>\n<meta name=\"description\" content=\"50 vapori misteriosi Fizzy Boom 13K Puff - 650K+ puff, 12 aromi, ricaricabile USB-C e dual mesh coils. Sconto limitato! Acquista ora.\" \/>\n<meta name=\"robots\" content=\"index, follow, max-snippet:-1, max-image-preview:large, max-video-preview:-1\" \/>\n<link rel=\"canonical\" href=\"https:\/\/fizzyvape.eu\/it\/prodotto\/fizzy-boom-13000-bigne-50-pezzi\/\" \/>\n<meta property=\"og:locale\" content=\"it_IT\" \/>\n<meta property=\"og:type\" content=\"article\" \/>\n<meta property=\"og:title\" content=\"Fizzy Boom - 13000 Bign\u00e8 - 50 pezzi\" \/>\n<meta property=\"og:description\" content=\"50 vapori misteriosi Fizzy Boom 13K Puff - 650K+ puff, 12 aromi, ricaricabile USB-C e dual mesh coils. Sconto limitato! Acquista ora.\" \/>\n<meta property=\"og:url\" content=\"https:\/\/fizzyvape.eu\/it\/prodotto\/fizzy-boom-13000-bigne-50-pezzi\/\" \/>\n<meta property=\"og:site_name\" content=\"fizzyvape.eu\" \/>\n<meta property=\"article:modified_time\" content=\"2025-10-31T10:02:08+00:00\" \/>\n<meta property=\"og:image\" content=\"https:\/\/www.fizzyvape.eu\/wp-content\/uploads\/2025\/04\/FizzyVape-Boom-13000puff-Main030.jpg\" \/>\n\t<meta property=\"og:image:width\" content=\"1500\" \/>\n\t<meta property=\"og:image:height\" content=\"1500\" \/>\n\t<meta property=\"og:image:type\" content=\"image\/jpeg\" \/>\n<meta name=\"twitter:card\" content=\"summary_large_image\" \/>\n<meta name=\"twitter:label1\" content=\"Disponibilit\u00e0\" \/>\n\t<meta name=\"twitter:data1\" content=\"Esaurito\" \/>\n<script type=\"application\/ld+json\" class=\"yoast-schema-graph\">{\"@context\":\"https:\/\/schema.org\",\"@graph\":[{\"@type\":\"WebPage\",\"@id\":\"https:\/\/fizzyvape.eu\/it\/prodotto\/fizzy-boom-13000-bigne-50-pezzi\/\",\"url\":\"https:\/\/fizzyvape.eu\/it\/prodotto\/fizzy-boom-13000-bigne-50-pezzi\/\",\"name\":\"Fizzy Boom - 13000 Bign\u00e8 - 50 pezzi - fizzyvape.eu\",\"isPartOf\":{\"@id\":\"https:\/\/www.fizzyvape.eu\/it\/#website\"},\"primaryImageOfPage\":{\"@id\":\"https:\/\/fizzyvape.eu\/it\/prodotto\/fizzy-boom-13000-bigne-50-pezzi\/#primaryimage\"},\"image\":{\"@id\":\"https:\/\/fizzyvape.eu\/it\/prodotto\/fizzy-boom-13000-bigne-50-pezzi\/#primaryimage\"},\"thumbnailUrl\":\"https:\/\/fizzyvape.eu\/wp-content\/uploads\/2025\/04\/FizzyVape-Boom-13000puff-Main030.jpg\",\"datePublished\":\"2025-04-10T03:48:55+00:00\",\"dateModified\":\"2025-10-31T10:02:08+00:00\",\"description\":\"50 vapori misteriosi Fizzy Boom 13K Puff - 650K+ puff, 12 aromi, ricaricabile USB-C e dual mesh coils. Sconto limitato! Acquista ora.\",\"breadcrumb\":{\"@id\":\"https:\/\/fizzyvape.eu\/it\/prodotto\/fizzy-boom-13000-bigne-50-pezzi\/#breadcrumb\"},\"inLanguage\":\"it-IT\",\"potentialAction\":[{\"@type\":\"ReadAction\",\"target\":[\"https:\/\/fizzyvape.eu\/it\/prodotto\/fizzy-boom-13000-bigne-50-pezzi\/\"]}]},{\"@type\":\"ImageObject\",\"inLanguage\":\"it-IT\",\"@id\":\"https:\/\/fizzyvape.eu\/it\/prodotto\/fizzy-boom-13000-bigne-50-pezzi\/#primaryimage\",\"url\":\"https:\/\/fizzyvape.eu\/wp-content\/uploads\/2025\/04\/FizzyVape-Boom-13000puff-Main030.jpg\",\"contentUrl\":\"https:\/\/fizzyvape.eu\/wp-content\/uploads\/2025\/04\/FizzyVape-Boom-13000puff-Main030.jpg\",\"width\":1500,\"height\":1500,\"caption\":\"FizzyVape-Boom-13000puff\"},{\"@type\":\"BreadcrumbList\",\"@id\":\"https:\/\/fizzyvape.eu\/it\/prodotto\/fizzy-boom-13000-bigne-50-pezzi\/#breadcrumb\",\"itemListElement\":[{\"@type\":\"ListItem\",\"position\":1,\"name\":\"Home\",\"item\":\"https:\/\/fizzyvape.eu\/it\/\"},{\"@type\":\"ListItem\",\"position\":2,\"name\":\"Negozio\",\"item\":\"https:\/\/www.fizzyvape.eu\/it\/negozio\/\"},{\"@type\":\"ListItem\",\"position\":3,\"name\":\"Fizzy Boom &#8211; 13000 Bign\u00e8 &#8211; 50 pezzi\"}]},{\"@type\":\"WebSite\",\"@id\":\"https:\/\/www.fizzyvape.eu\/it\/#website\",\"url\":\"https:\/\/www.fizzyvape.eu\/it\/\",\"name\":\"fizzyvape.eu\",\"description\":\"Refreshing Vapes. Unforgettable Taste.\",\"publisher\":{\"@id\":\"https:\/\/www.fizzyvape.eu\/it\/#organization\"},\"potentialAction\":[{\"@type\":\"SearchAction\",\"target\":{\"@type\":\"EntryPoint\",\"urlTemplate\":\"https:\/\/www.fizzyvape.eu\/it\/?s={search_term_string}\"},\"query-input\":{\"@type\":\"PropertyValueSpecification\",\"valueRequired\":true,\"valueName\":\"search_term_string\"}}],\"inLanguage\":\"it-IT\"},{\"@type\":\"Organization\",\"@id\":\"https:\/\/www.fizzyvape.eu\/it\/#organization\",\"name\":\"fizzyvape.eu\",\"url\":\"https:\/\/www.fizzyvape.eu\/it\/\",\"logo\":{\"@type\":\"ImageObject\",\"inLanguage\":\"it-IT\",\"@id\":\"https:\/\/www.fizzyvape.eu\/it\/#\/schema\/logo\/image\/\",\"url\":\"https:\/\/fizzyvape.eu\/wp-content\/uploads\/2019\/06\/print-1.svg\",\"contentUrl\":\"https:\/\/fizzyvape.eu\/wp-content\/uploads\/2019\/06\/print-1.svg\",\"width\":124,\"height\":37,\"caption\":\"fizzyvape.eu\"},\"image\":{\"@id\":\"https:\/\/www.fizzyvape.eu\/it\/#\/schema\/logo\/image\/\"}}]}<\/script>\n<meta property=\"og:availability\" content=\"out of stock\" \/>\n<meta property=\"product:availability\" content=\"out of stock\" \/>\n<meta property=\"product:condition\" content=\"new\" \/>\n<!-- \/ Yoast SEO Premium plugin. -->","yoast_head_json":{"title":"Fizzy Boom - 13000 Bign\u00e8 - 50 pezzi - fizzyvape.eu","description":"50 vapori misteriosi Fizzy Boom 13K Puff - 650K+ puff, 12 aromi, ricaricabile USB-C e dual mesh coils. Sconto limitato! Acquista ora.","robots":{"index":"index","follow":"follow","max-snippet":"max-snippet:-1","max-image-preview":"max-image-preview:large","max-video-preview":"max-video-preview:-1"},"canonical":"https:\/\/fizzyvape.eu\/it\/prodotto\/fizzy-boom-13000-bigne-50-pezzi\/","og_locale":"it_IT","og_type":"article","og_title":"Fizzy Boom - 13000 Bign\u00e8 - 50 pezzi","og_description":"50 vapori misteriosi Fizzy Boom 13K Puff - 650K+ puff, 12 aromi, ricaricabile USB-C e dual mesh coils. Sconto limitato! Acquista ora.","og_url":"https:\/\/fizzyvape.eu\/it\/prodotto\/fizzy-boom-13000-bigne-50-pezzi\/","og_site_name":"fizzyvape.eu","article_modified_time":"2025-10-31T10:02:08+00:00","og_image":[{"width":1500,"height":1500,"url":"https:\/\/www.fizzyvape.eu\/wp-content\/uploads\/2025\/04\/FizzyVape-Boom-13000puff-Main030.jpg","type":"image\/jpeg"}],"twitter_card":"summary_large_image","twitter_misc":{"Disponibilit\u00e0":"Esaurito"},"schema":{"@context":"https:\/\/schema.org","@graph":[{"@type":"WebPage","@id":"https:\/\/fizzyvape.eu\/it\/prodotto\/fizzy-boom-13000-bigne-50-pezzi\/","url":"https:\/\/fizzyvape.eu\/it\/prodotto\/fizzy-boom-13000-bigne-50-pezzi\/","name":"Fizzy Boom - 13000 Bign\u00e8 - 50 pezzi - fizzyvape.eu","isPartOf":{"@id":"https:\/\/www.fizzyvape.eu\/it\/#website"},"primaryImageOfPage":{"@id":"https:\/\/fizzyvape.eu\/it\/prodotto\/fizzy-boom-13000-bigne-50-pezzi\/#primaryimage"},"image":{"@id":"https:\/\/fizzyvape.eu\/it\/prodotto\/fizzy-boom-13000-bigne-50-pezzi\/#primaryimage"},"thumbnailUrl":"https:\/\/fizzyvape.eu\/wp-content\/uploads\/2025\/04\/FizzyVape-Boom-13000puff-Main030.jpg","datePublished":"2025-04-10T03:48:55+00:00","dateModified":"2025-10-31T10:02:08+00:00","description":"50 vapori misteriosi Fizzy Boom 13K Puff - 650K+ puff, 12 aromi, ricaricabile USB-C e dual mesh coils. Sconto limitato! Acquista ora.","breadcrumb":{"@id":"https:\/\/fizzyvape.eu\/it\/prodotto\/fizzy-boom-13000-bigne-50-pezzi\/#breadcrumb"},"inLanguage":"it-IT","potentialAction":[{"@type":"ReadAction","target":["https:\/\/fizzyvape.eu\/it\/prodotto\/fizzy-boom-13000-bigne-50-pezzi\/"]}]},{"@type":"ImageObject","inLanguage":"it-IT","@id":"https:\/\/fizzyvape.eu\/it\/prodotto\/fizzy-boom-13000-bigne-50-pezzi\/#primaryimage","url":"https:\/\/fizzyvape.eu\/wp-content\/uploads\/2025\/04\/FizzyVape-Boom-13000puff-Main030.jpg","contentUrl":"https:\/\/fizzyvape.eu\/wp-content\/uploads\/2025\/04\/FizzyVape-Boom-13000puff-Main030.jpg","width":1500,"height":1500,"caption":"FizzyVape-Boom-13000puff"},{"@type":"BreadcrumbList","@id":"https:\/\/fizzyvape.eu\/it\/prodotto\/fizzy-boom-13000-bigne-50-pezzi\/#breadcrumb","itemListElement":[{"@type":"ListItem","position":1,"name":"Home","item":"https:\/\/fizzyvape.eu\/it\/"},{"@type":"ListItem","position":2,"name":"Negozio","item":"https:\/\/www.fizzyvape.eu\/it\/negozio\/"},{"@type":"ListItem","position":3,"name":"Fizzy Boom &#8211; 13000 Bign\u00e8 &#8211; 50 pezzi"}]},{"@type":"WebSite","@id":"https:\/\/www.fizzyvape.eu\/it\/#website","url":"https:\/\/www.fizzyvape.eu\/it\/","name":"fizzyvape.eu","description":"Refreshing Vapes. Unforgettable Taste.","publisher":{"@id":"https:\/\/www.fizzyvape.eu\/it\/#organization"},"potentialAction":[{"@type":"SearchAction","target":{"@type":"EntryPoint","urlTemplate":"https:\/\/www.fizzyvape.eu\/it\/?s={search_term_string}"},"query-input":{"@type":"PropertyValueSpecification","valueRequired":true,"valueName":"search_term_string"}}],"inLanguage":"it-IT"},{"@type":"Organization","@id":"https:\/\/www.fizzyvape.eu\/it\/#organization","name":"fizzyvape.eu","url":"https:\/\/www.fizzyvape.eu\/it\/","logo":{"@type":"ImageObject","inLanguage":"it-IT","@id":"https:\/\/www.fizzyvape.eu\/it\/#\/schema\/logo\/image\/","url":"https:\/\/fizzyvape.eu\/wp-content\/uploads\/2019\/06\/print-1.svg","contentUrl":"https:\/\/fizzyvape.eu\/wp-content\/uploads\/2019\/06\/print-1.svg","width":124,"height":37,"caption":"fizzyvape.eu"},"image":{"@id":"https:\/\/www.fizzyvape.eu\/it\/#\/schema\/logo\/image\/"}}]},"og_availability":"out of stock","product_availability":"out of stock","product_condition":"new"},"tiered_pricing_type":"fixed","tiered_pricing_fixed_rules":[],"tiered_pricing_product_settings":{"layout":"default","base_unit_name":{"singular":null,"plural":null},"default_variation":null},"tiered_pricing_minimum_quantity":null,"tiered_pricing_roles_data":[],"tiered_pricing_percentage_rules":[],"tiered_pricing_maximum_quantity":null,"tiered_pricing_quantity_step":null,"_links":{"self":[{"href":"https:\/\/fizzyvape.eu\/it\/wp-json\/wp\/v2\/product\/24598","targetHints":{"allow":["GET"]}}],"collection":[{"href":"https:\/\/fizzyvape.eu\/it\/wp-json\/wp\/v2\/product"}],"about":[{"href":"https:\/\/fizzyvape.eu\/it\/wp-json\/wp\/v2\/types\/product"}],"replies":[{"embeddable":true,"href":"https:\/\/fizzyvape.eu\/it\/wp-json\/wp\/v2\/comments?post=24598"}],"version-history":[{"count":0,"href":"https:\/\/fizzyvape.eu\/it\/wp-json\/wp\/v2\/product\/24598\/revisions"}],"wp:featuredmedia":[{"embeddable":true,"href":"https:\/\/fizzyvape.eu\/it\/wp-json\/wp\/v2\/media\/22530"}],"wp:attachment":[{"href":"https:\/\/fizzyvape.eu\/it\/wp-json\/wp\/v2\/media?parent=24598"}],"wp:term":[{"taxonomy":"product_brand","embeddable":true,"href":"https:\/\/fizzyvape.eu\/it\/wp-json\/wp\/v2\/product_brand?post=24598"},{"taxonomy":"product_cat","embeddable":true,"href":"https:\/\/fizzyvape.eu\/it\/wp-json\/wp\/v2\/product_cat?post=24598"},{"taxonomy":"product_tag","embeddable":true,"href":"https:\/\/fizzyvape.eu\/it\/wp-json\/wp\/v2\/product_tag?post=24598"}],"curies":[{"name":"wp","href":"https:\/\/api.w.org\/{rel}","templated":true}]}}