{"id":24616,"date":"2025-04-10T14:15:15","date_gmt":"2025-04-10T06:15:15","guid":{"rendered":"https:\/\/fizzyvape.eu\/product\/lusso-frizzante-15000-bigne-30-pezzi\/"},"modified":"2025-10-31T18:01:36","modified_gmt":"2025-10-31T10:01:36","slug":"lusso-frizzante-15000-bigne-30-pezzi","status":"publish","type":"product","link":"https:\/\/fizzyvape.eu\/it\/prodotto\/lusso-frizzante-15000-bigne-30-pezzi\/","title":{"rendered":"Lusso frizzante &#8211; 15000 bign\u00e8 &#8211; 50 pezzi"},"content":{"rendered":"<div>\n<h2><strong>Fizzy Luxury 15000 Puffs &#8211; 50pz. Blind Box al gusto misterioso<\/strong><\/h2>\n<p>Ringiovanisci i tuoi sensi con <strong>Fizzy Luxury Lemon Lime 15000 Puffs<\/strong> &#8211; dove la vibrante scorza di limone (7\/10) incontra la freschezza del lime (5\/10), il tutto racchiuso nel nostro corpo in metallo premium con controllo del flusso d&#8217;aria di precisione. Questa elite usa e getta offre <strong>15.000 boccate ultra-lisce<\/strong> di un sapore di agrumi perfettamente bilanciato, con il nostro rivoluzionario <strong>sistema di bobine al quarzo Dual-Mesh<\/strong> per un gusto cristallino e un vapore vellutato. <\/p>\n<h3>Perch\u00e9 scegliere la scatola cieca di lusso Fizzy (50 pezzi)?<\/h3>\n<p>\ud83d\udd39 <strong>50 Dispositivi Premium<\/strong> &#8211; Ogni scatola cieca contiene 50 vapes Fizzy Luxury con aromi randomizzati dai nostri bestseller.<br \/>\n\ud83d\udd39 <strong>Oltre 450.000 boccate totali<\/strong> &#8211; 22 ml per dispositivo, costruito per un divertimento di lunga durata.<br \/>\n\ud83d\udd39 <strong>Costruzione di lusso<\/strong> &#8211; Corpo in metallo di grado aerospaziale lavorato a CNC con quadrante del flusso d&#8217;aria regolabile<br \/>\n\ud83d\udd39 <strong>SilkFlow Dual Quartz Mesh<\/strong> &#8211; Offre un vapore pi\u00f9 fluido del 50% e un gusto pi\u00f9 pulito<br \/>\n\ud83d\udd39 <strong>Ricaricabile USB-C<\/strong> &#8211; Utilizza fino all&#8217;ultima goccia di e-liquid senza sprechi<br \/>\n\ud83d\udd39 <strong>Avventura del gusto<\/strong> &#8211; Include profili audaci come Limonata al lampone, Ciliegia frizzante, Kiwi, Frutto della passione, Guava e altri ancora. <\/p>\n<h3><strong>Opzioni di nicotina:<\/strong><\/h3>\n<p>&#8211; <strong>2% (20mg\/mL)<\/strong> &#8211; Ideale per un&#8217;esperienza di vaping morbida e saporita<br \/>\n&#8211; <strong>5% (50mg\/mL)<\/strong> &#8211; Progettata per un colpo in gola pi\u00f9 forte e soddisfacente <\/p>\n<\/div>\n<div>\n<h3>Specifiche<\/h3>\n<table style=\"height: 449px;\" width=\"1340\">\n<tbody>\n<tr>\n<td>Puff<\/td>\n<td><strong>Pi\u00f9 di 15000 Puff<\/strong><\/td>\n<\/tr>\n<tr>\n<td>Capacit\u00e0 del liquido elettronico<\/td>\n<td><strong>22ml<\/strong><\/td>\n<\/tr>\n<tr>\n<td>Capacit\u00e0 della batteria<\/td>\n<td><strong>650mAh<\/strong><\/td>\n<\/tr>\n<tr>\n<td>Bobina a rete<\/td>\n<td><strong>1.4\u03a9<\/strong><\/td>\n<\/tr>\n<tr>\n<td>Dimensioni<\/td>\n<td><strong>53*30*85,3 mm<\/strong><\/td>\n<\/tr>\n<tr>\n<td>Usa e getta o no<\/td>\n<td><strong>Monouso<\/strong><\/td>\n<\/tr>\n<tr>\n<td>Metodo di ricarica<\/td>\n<td><strong>Cavo<\/strong><\/td>\n<\/tr>\n<tr>\n<td>Metodo di attivazione<\/td>\n<td><strong>Sensore<\/strong><\/td>\n<\/tr>\n<tr>\n<td>Materiale<\/td>\n<td><strong>In metallo<\/strong><\/td>\n<\/tr>\n<tr>\n<td>Livello di nicotina<\/td>\n<td><strong>2% (20mg\/mL) e 5% (50mg\/mL)<\/strong><\/td>\n<\/tr>\n<tr>\n<td>Aromi<\/td>\n<td><strong>15<\/strong><\/td>\n<\/tr>\n<tr>\n<td>Confezione<\/td>\n<td><strong>1 confezione<\/strong><\/td>\n<\/tr>\n<tr>\n<td>Tempo di ricarica<\/td>\n<td><strong>2 ore<\/strong><\/td>\n<\/tr>\n<tr>\n<td>Conservazione<\/td>\n<td><strong>Evita gli ambienti ad alta temperatura e conservali in un luogo fresco e asciutto.<\/strong><\/td>\n<\/tr>\n<tr>\n<td>Persone a cui \u00e8 vietato l&#8217;uso<\/td>\n<td><strong>Minori, donne in gravidanza e persone allergiche agli ingredienti del prodotto.<\/strong><\/td>\n<\/tr>\n<tr>\n<td>Attenzione<\/td>\n<td><strong>Non ingerire questa sostanza. In caso di ingestione, sciacqua la bocca accuratamente e immediatamente. Se ti senti male, rivolgiti a un medico.  <\/strong><\/td>\n<\/tr>\n<\/tbody>\n<\/table>\n<h3>Elenco dei gusti di <strong>Fizzy Luxury <\/strong>15000 Puffs:<\/h3>\n<ol>\n<li><a href=\"https:\/\/fizzyvape.eu\/it\/prodotto\/fizzy-luxury-mirtillo-e-lampone-15000-bigne\/\">Mirtillo Lampone<\/a><\/li>\n<li><a href=\"https:\/\/fizzyvape.eu\/it\/prodotto\/pesca-frizzante-di-lusso-15000-bigne\/\">Pesca<\/a><\/li>\n<li><a href=\"https:\/\/fizzyvape.eu\/it\/prodotto\/uva-frizzante-di-lusso-15000-bigne\/\">Uva<\/a><\/li>\n<li><a href=\"https:\/\/fizzyvape.eu\/it\/prodotto\/lusso-frizzante-al-mirtillo-15000-bigne\/\">Mirtillo<\/a><\/li>\n<li><a href=\"https:\/\/fizzyvape.eu\/it\/prodotto\/fragola-frizzante-di-lusso-15000-bigne\/\">Fragola<\/a><\/li>\n<li><a href=\"https:\/\/fizzyvape.eu\/it\/prodotto\/fizzy-luxury-ciliegia-frizzante-15000-bigne\/\">Ciliegia frizzante<\/a><\/li>\n<li><a href=\"https:\/\/fizzyvape.eu\/it\/prodotto\/limonata-frizzante-di-lusso-al-lampone-15000-bigne\/\">Limonata al lampone<\/a><\/li>\n<li><a href=\"https:\/\/fizzyvape.eu\/it\/prodotto\/fizzy-luxury-mela-acida-15000-bigne\/\">Mela acida<\/a><\/li>\n<li><a href=\"https:\/\/fizzyvape.eu\/it\/prodotto\/fizzy-luxury-fragola-kiwi-melograno-15000-bustine\/\">Fragola Kiwi Melograno<\/a><\/li>\n<li><a href=\"https:\/\/fizzyvape.eu\/it\/prodotto\/fizzy-luxury-lemon-lime-15000-bigne\/\">Limone e lime<\/a><\/li>\n<li><a href=\"https:\/\/fizzyvape.eu\/it\/prodotto\/fizzy-luxury-fragola-banana-15000-bigne\/\">Fragola e banana<\/a><\/li>\n<li><a href=\"https:\/\/fizzyvape.eu\/it\/prodotto\/fizzy-luxury-arancia-mango-anguria-15000-bigne\/\">Arancia Mango Anguria<\/a><\/li>\n<li><a href=\"https:\/\/fizzyvape.eu\/it\/prodotto\/red-bull-di-lusso-frizzante-15000-boccate\/\">Red Bull<\/a><\/li>\n<li><a href=\"https:\/\/fizzyvape.eu\/it\/prodotto\/limonata-rosa-frizzante-di-lusso-15000-bigne\/\">Limonata rosa<\/a><\/li>\n<li><a href=\"https:\/\/fizzyvape.eu\/it\/prodotto\/fizzy-luxury-kiwi-frutto-della-passione-guava-15000-bigne\/\">Kiwi Frutto della Passione Guava<\/a><\/li>\n<\/ol>\n<h3>FAQ su Fizzy Luxury 15000 Puffs Vape<\/h3>\n<p><strong>1. Quali gusti ricever\u00f2 nella Mystery Flavor Blind Box da 50 pezzi?<\/strong><br \/>\nOgni confezione contiene un mix casuale di 50 svapate Fizzy Luxury selezionate tra 15 gusti premium, come Raspberry Lemonade, Fizzy Cherry, Kiwi Passion Fruit Guava e altri ancora. Ogni unboxing \u00e8 un&#8217;avventura dal sapore unico! <\/p>\n<p><strong>2. Tutti i 50 dispositivi hanno la stessa intensit\u00e0 di nicotina?<\/strong><br \/>\nS\u00ec. Al momento dell&#8217;ordine, puoi scegliere il <strong>2% (20mg\/mL)<\/strong> per una svapata pi\u00f9 morbida o il <strong>5% (50mg\/mL)<\/strong> per un colpo in gola pi\u00f9 forte. Tutte le 50 svapate contenute nella confezione corrisponderanno alla gradazione selezionata.  <\/p>\n<p><strong>3. Quanto durano 50 dispositivi Fizzy Luxury?<\/strong><br \/>\nOgni dispositivo eroga <strong>15.000+ boccate<\/strong>, per un totale di <strong>450.000+ boccate per scatola<\/strong>. Per gli utenti moderati (~500 boccate al giorno), si tratta di <strong>2,5-3 mesi<\/strong> di uso continuo! <\/p>\n<p><strong>4. I dispositivi sono ricaricabili?<\/strong><br \/>\nAssolutamente! Ogni vaporizzatore \u00e8 dotato di una <strong>porta di ricarica USB-C<\/strong> e pu\u00f2 essere ricaricato pi\u00f9 volte per godere appieno di tutti i <strong>22 ml<\/strong> di e-liquid contenuti. <\/p>\n<p><strong>5. Posso rivendere le vaporizzazioni contenute in questa blind box?<\/strong><br \/>\nS\u00ec, ogni dispositivo \u00e8 confezionato singolarmente e pronto per la vendita al dettaglio, il che rende questa blind box ideale per i <strong>rivenditori, i proprietari di negozi<\/strong> o gli <strong>acquirenti di prodotti sfusi<\/strong> che desiderano offrire vaporizzazioni monouso di alta qualit\u00e0 e ad alto margine.<\/p>\n<\/div>\n","protected":false},"excerpt":{"rendered":"<p>La <strong>Fizzy Luxury 15000 Puffs<\/strong> &#8211; <strong>50pcs<\/strong> Mystery Flavor Blind Box offre 50 vapes con corpo in metallo di prima qualit\u00e0, ognuno dei quali eroga 15.000 puffs di vapore morbido e saporito. Con aromi randomizzati, bobine al quarzo a doppia maglia, capacit\u00e0 di 22 ml, ricaricabilit\u00e0 USB-C e design di lusso, questo bundle \u00e8 ideale per i rivenditori e gli appassionati di svapo. <\/p>\n<p>\ud83d\udd25 <strong>Offerta limitata: Ottieni 50 pezzi ad un prezzo speciale e scontato!<\/strong> \ud83d\udd25<\/p>\n","protected":false},"featured_media":22575,"comment_status":"open","ping_status":"closed","template":"","meta":{"iawp_total_views":0},"product_brand":[],"product_cat":[672,324],"product_tag":[325],"class_list":{"0":"post-24616","1":"product","2":"type-product","3":"status-publish","4":"has-post-thumbnail","6":"product_cat-bulk-deals-2-it","7":"product_cat-luxury-it","8":"product_tag-15000-soffi","10":"first","11":"outofstock","12":"sale","13":"shipping-taxable","14":"purchasable","15":"product-type-variable"},"yoast_head":"<!-- This site is optimized with the Yoast SEO Premium plugin v24.8 (Yoast SEO v24.8) - https:\/\/yoast.com\/wordpress\/plugins\/seo\/ -->\n<title>Lusso frizzante - 15000 bign\u00e8 - 50 pezzi - fizzyvape.eu<\/title>\n<meta name=\"description\" content=\"Esplora Fizzy Luxury 15000 Puffs Blind Box (50pz) - vapes monouso di qualit\u00e0 superiore con sapori audaci, vapore omogeneo e ricarica USB-C. Perfetta per i rivenditori!\" \/>\n<meta name=\"robots\" content=\"index, follow, max-snippet:-1, max-image-preview:large, max-video-preview:-1\" \/>\n<link rel=\"canonical\" href=\"https:\/\/fizzyvape.eu\/it\/prodotto\/lusso-frizzante-15000-bigne-30-pezzi\/\" \/>\n<meta property=\"og:locale\" content=\"it_IT\" \/>\n<meta property=\"og:type\" content=\"article\" \/>\n<meta property=\"og:title\" content=\"Lusso frizzante - 15000 bign\u00e8 - 50 pezzi\" \/>\n<meta property=\"og:description\" content=\"Esplora Fizzy Luxury 15000 Puffs Blind Box (50pz) - vapes monouso di qualit\u00e0 superiore con sapori audaci, vapore omogeneo e ricarica USB-C. Perfetta per i rivenditori!\" \/>\n<meta property=\"og:url\" content=\"https:\/\/fizzyvape.eu\/it\/prodotto\/lusso-frizzante-15000-bigne-30-pezzi\/\" \/>\n<meta property=\"og:site_name\" content=\"fizzyvape.eu\" \/>\n<meta property=\"article:modified_time\" content=\"2025-10-31T10:01:36+00:00\" \/>\n<meta property=\"og:image\" content=\"https:\/\/fizzyvape.eu\/wp-content\/uploads\/2025\/04\/FizzyVape-Luxury-15Kpuff-Main019.jpg\" \/>\n\t<meta property=\"og:image:width\" content=\"1500\" \/>\n\t<meta property=\"og:image:height\" content=\"1500\" \/>\n\t<meta property=\"og:image:type\" content=\"image\/jpeg\" \/>\n<meta name=\"twitter:card\" content=\"summary_large_image\" \/>\n<meta name=\"twitter:label1\" content=\"Disponibilit\u00e0\" \/>\n\t<meta name=\"twitter:data1\" content=\"Esaurito\" \/>\n<script type=\"application\/ld+json\" class=\"yoast-schema-graph\">{\"@context\":\"https:\/\/schema.org\",\"@graph\":[{\"@type\":\"WebPage\",\"@id\":\"https:\/\/fizzyvape.eu\/it\/prodotto\/lusso-frizzante-15000-bigne-30-pezzi\/\",\"url\":\"https:\/\/fizzyvape.eu\/it\/prodotto\/lusso-frizzante-15000-bigne-30-pezzi\/\",\"name\":\"Lusso frizzante - 15000 bign\u00e8 - 50 pezzi - fizzyvape.eu\",\"isPartOf\":{\"@id\":\"https:\/\/www.fizzyvape.eu\/it\/#website\"},\"primaryImageOfPage\":{\"@id\":\"https:\/\/fizzyvape.eu\/it\/prodotto\/lusso-frizzante-15000-bigne-30-pezzi\/#primaryimage\"},\"image\":{\"@id\":\"https:\/\/fizzyvape.eu\/it\/prodotto\/lusso-frizzante-15000-bigne-30-pezzi\/#primaryimage\"},\"thumbnailUrl\":\"https:\/\/fizzyvape.eu\/wp-content\/uploads\/2025\/04\/FizzyVape-Luxury-15Kpuff-Main019.jpg\",\"datePublished\":\"2025-04-10T06:15:15+00:00\",\"dateModified\":\"2025-10-31T10:01:36+00:00\",\"description\":\"Esplora Fizzy Luxury 15000 Puffs Blind Box (50pz) - vapes monouso di qualit\u00e0 superiore con sapori audaci, vapore omogeneo e ricarica USB-C. Perfetta per i rivenditori!\",\"breadcrumb\":{\"@id\":\"https:\/\/fizzyvape.eu\/it\/prodotto\/lusso-frizzante-15000-bigne-30-pezzi\/#breadcrumb\"},\"inLanguage\":\"it-IT\",\"potentialAction\":[{\"@type\":\"ReadAction\",\"target\":[\"https:\/\/fizzyvape.eu\/it\/prodotto\/lusso-frizzante-15000-bigne-30-pezzi\/\"]}]},{\"@type\":\"ImageObject\",\"inLanguage\":\"it-IT\",\"@id\":\"https:\/\/fizzyvape.eu\/it\/prodotto\/lusso-frizzante-15000-bigne-30-pezzi\/#primaryimage\",\"url\":\"https:\/\/fizzyvape.eu\/wp-content\/uploads\/2025\/04\/FizzyVape-Luxury-15Kpuff-Main019.jpg\",\"contentUrl\":\"https:\/\/fizzyvape.eu\/wp-content\/uploads\/2025\/04\/FizzyVape-Luxury-15Kpuff-Main019.jpg\",\"width\":1500,\"height\":1500,\"caption\":\"FizzyVape-Luxury-15Kpuff\"},{\"@type\":\"BreadcrumbList\",\"@id\":\"https:\/\/fizzyvape.eu\/it\/prodotto\/lusso-frizzante-15000-bigne-30-pezzi\/#breadcrumb\",\"itemListElement\":[{\"@type\":\"ListItem\",\"position\":1,\"name\":\"Home\",\"item\":\"https:\/\/fizzyvape.eu\/it\/\"},{\"@type\":\"ListItem\",\"position\":2,\"name\":\"Negozio\",\"item\":\"https:\/\/www.fizzyvape.eu\/it\/negozio\/\"},{\"@type\":\"ListItem\",\"position\":3,\"name\":\"Lusso frizzante &#8211; 15000 bign\u00e8 &#8211; 50 pezzi\"}]},{\"@type\":\"WebSite\",\"@id\":\"https:\/\/www.fizzyvape.eu\/it\/#website\",\"url\":\"https:\/\/www.fizzyvape.eu\/it\/\",\"name\":\"fizzyvape.eu\",\"description\":\"Refreshing Vapes. Unforgettable Taste.\",\"publisher\":{\"@id\":\"https:\/\/www.fizzyvape.eu\/it\/#organization\"},\"potentialAction\":[{\"@type\":\"SearchAction\",\"target\":{\"@type\":\"EntryPoint\",\"urlTemplate\":\"https:\/\/www.fizzyvape.eu\/it\/?s={search_term_string}\"},\"query-input\":{\"@type\":\"PropertyValueSpecification\",\"valueRequired\":true,\"valueName\":\"search_term_string\"}}],\"inLanguage\":\"it-IT\"},{\"@type\":\"Organization\",\"@id\":\"https:\/\/www.fizzyvape.eu\/it\/#organization\",\"name\":\"fizzyvape.eu\",\"url\":\"https:\/\/www.fizzyvape.eu\/it\/\",\"logo\":{\"@type\":\"ImageObject\",\"inLanguage\":\"it-IT\",\"@id\":\"https:\/\/www.fizzyvape.eu\/it\/#\/schema\/logo\/image\/\",\"url\":\"https:\/\/fizzyvape.eu\/wp-content\/uploads\/2019\/06\/print-1.svg\",\"contentUrl\":\"https:\/\/fizzyvape.eu\/wp-content\/uploads\/2019\/06\/print-1.svg\",\"width\":124,\"height\":37,\"caption\":\"fizzyvape.eu\"},\"image\":{\"@id\":\"https:\/\/www.fizzyvape.eu\/it\/#\/schema\/logo\/image\/\"}}]}<\/script>\n<meta property=\"og:availability\" content=\"out of stock\" \/>\n<meta property=\"product:availability\" content=\"out of stock\" \/>\n<meta property=\"product:condition\" content=\"new\" \/>\n<!-- \/ Yoast SEO Premium plugin. -->","yoast_head_json":{"title":"Lusso frizzante - 15000 bign\u00e8 - 50 pezzi - fizzyvape.eu","description":"Esplora Fizzy Luxury 15000 Puffs Blind Box (50pz) - vapes monouso di qualit\u00e0 superiore con sapori audaci, vapore omogeneo e ricarica USB-C. Perfetta per i rivenditori!","robots":{"index":"index","follow":"follow","max-snippet":"max-snippet:-1","max-image-preview":"max-image-preview:large","max-video-preview":"max-video-preview:-1"},"canonical":"https:\/\/fizzyvape.eu\/it\/prodotto\/lusso-frizzante-15000-bigne-30-pezzi\/","og_locale":"it_IT","og_type":"article","og_title":"Lusso frizzante - 15000 bign\u00e8 - 50 pezzi","og_description":"Esplora Fizzy Luxury 15000 Puffs Blind Box (50pz) - vapes monouso di qualit\u00e0 superiore con sapori audaci, vapore omogeneo e ricarica USB-C. Perfetta per i rivenditori!","og_url":"https:\/\/fizzyvape.eu\/it\/prodotto\/lusso-frizzante-15000-bigne-30-pezzi\/","og_site_name":"fizzyvape.eu","article_modified_time":"2025-10-31T10:01:36+00:00","og_image":[{"width":1500,"height":1500,"url":"https:\/\/fizzyvape.eu\/wp-content\/uploads\/2025\/04\/FizzyVape-Luxury-15Kpuff-Main019.jpg","type":"image\/jpeg"}],"twitter_card":"summary_large_image","twitter_misc":{"Disponibilit\u00e0":"Esaurito"},"schema":{"@context":"https:\/\/schema.org","@graph":[{"@type":"WebPage","@id":"https:\/\/fizzyvape.eu\/it\/prodotto\/lusso-frizzante-15000-bigne-30-pezzi\/","url":"https:\/\/fizzyvape.eu\/it\/prodotto\/lusso-frizzante-15000-bigne-30-pezzi\/","name":"Lusso frizzante - 15000 bign\u00e8 - 50 pezzi - fizzyvape.eu","isPartOf":{"@id":"https:\/\/www.fizzyvape.eu\/it\/#website"},"primaryImageOfPage":{"@id":"https:\/\/fizzyvape.eu\/it\/prodotto\/lusso-frizzante-15000-bigne-30-pezzi\/#primaryimage"},"image":{"@id":"https:\/\/fizzyvape.eu\/it\/prodotto\/lusso-frizzante-15000-bigne-30-pezzi\/#primaryimage"},"thumbnailUrl":"https:\/\/fizzyvape.eu\/wp-content\/uploads\/2025\/04\/FizzyVape-Luxury-15Kpuff-Main019.jpg","datePublished":"2025-04-10T06:15:15+00:00","dateModified":"2025-10-31T10:01:36+00:00","description":"Esplora Fizzy Luxury 15000 Puffs Blind Box (50pz) - vapes monouso di qualit\u00e0 superiore con sapori audaci, vapore omogeneo e ricarica USB-C. Perfetta per i rivenditori!","breadcrumb":{"@id":"https:\/\/fizzyvape.eu\/it\/prodotto\/lusso-frizzante-15000-bigne-30-pezzi\/#breadcrumb"},"inLanguage":"it-IT","potentialAction":[{"@type":"ReadAction","target":["https:\/\/fizzyvape.eu\/it\/prodotto\/lusso-frizzante-15000-bigne-30-pezzi\/"]}]},{"@type":"ImageObject","inLanguage":"it-IT","@id":"https:\/\/fizzyvape.eu\/it\/prodotto\/lusso-frizzante-15000-bigne-30-pezzi\/#primaryimage","url":"https:\/\/fizzyvape.eu\/wp-content\/uploads\/2025\/04\/FizzyVape-Luxury-15Kpuff-Main019.jpg","contentUrl":"https:\/\/fizzyvape.eu\/wp-content\/uploads\/2025\/04\/FizzyVape-Luxury-15Kpuff-Main019.jpg","width":1500,"height":1500,"caption":"FizzyVape-Luxury-15Kpuff"},{"@type":"BreadcrumbList","@id":"https:\/\/fizzyvape.eu\/it\/prodotto\/lusso-frizzante-15000-bigne-30-pezzi\/#breadcrumb","itemListElement":[{"@type":"ListItem","position":1,"name":"Home","item":"https:\/\/fizzyvape.eu\/it\/"},{"@type":"ListItem","position":2,"name":"Negozio","item":"https:\/\/www.fizzyvape.eu\/it\/negozio\/"},{"@type":"ListItem","position":3,"name":"Lusso frizzante &#8211; 15000 bign\u00e8 &#8211; 50 pezzi"}]},{"@type":"WebSite","@id":"https:\/\/www.fizzyvape.eu\/it\/#website","url":"https:\/\/www.fizzyvape.eu\/it\/","name":"fizzyvape.eu","description":"Refreshing Vapes. Unforgettable Taste.","publisher":{"@id":"https:\/\/www.fizzyvape.eu\/it\/#organization"},"potentialAction":[{"@type":"SearchAction","target":{"@type":"EntryPoint","urlTemplate":"https:\/\/www.fizzyvape.eu\/it\/?s={search_term_string}"},"query-input":{"@type":"PropertyValueSpecification","valueRequired":true,"valueName":"search_term_string"}}],"inLanguage":"it-IT"},{"@type":"Organization","@id":"https:\/\/www.fizzyvape.eu\/it\/#organization","name":"fizzyvape.eu","url":"https:\/\/www.fizzyvape.eu\/it\/","logo":{"@type":"ImageObject","inLanguage":"it-IT","@id":"https:\/\/www.fizzyvape.eu\/it\/#\/schema\/logo\/image\/","url":"https:\/\/fizzyvape.eu\/wp-content\/uploads\/2019\/06\/print-1.svg","contentUrl":"https:\/\/fizzyvape.eu\/wp-content\/uploads\/2019\/06\/print-1.svg","width":124,"height":37,"caption":"fizzyvape.eu"},"image":{"@id":"https:\/\/www.fizzyvape.eu\/it\/#\/schema\/logo\/image\/"}}]},"og_availability":"out of stock","product_availability":"out of stock","product_condition":"new"},"tiered_pricing_type":"fixed","tiered_pricing_fixed_rules":[],"tiered_pricing_product_settings":{"layout":"default","base_unit_name":{"singular":null,"plural":null},"default_variation":null},"tiered_pricing_minimum_quantity":null,"tiered_pricing_roles_data":[],"tiered_pricing_percentage_rules":[],"tiered_pricing_maximum_quantity":null,"tiered_pricing_quantity_step":null,"_links":{"self":[{"href":"https:\/\/fizzyvape.eu\/it\/wp-json\/wp\/v2\/product\/24616","targetHints":{"allow":["GET"]}}],"collection":[{"href":"https:\/\/fizzyvape.eu\/it\/wp-json\/wp\/v2\/product"}],"about":[{"href":"https:\/\/fizzyvape.eu\/it\/wp-json\/wp\/v2\/types\/product"}],"replies":[{"embeddable":true,"href":"https:\/\/fizzyvape.eu\/it\/wp-json\/wp\/v2\/comments?post=24616"}],"version-history":[{"count":0,"href":"https:\/\/fizzyvape.eu\/it\/wp-json\/wp\/v2\/product\/24616\/revisions"}],"wp:featuredmedia":[{"embeddable":true,"href":"https:\/\/fizzyvape.eu\/it\/wp-json\/wp\/v2\/media\/22575"}],"wp:attachment":[{"href":"https:\/\/fizzyvape.eu\/it\/wp-json\/wp\/v2\/media?parent=24616"}],"wp:term":[{"taxonomy":"product_brand","embeddable":true,"href":"https:\/\/fizzyvape.eu\/it\/wp-json\/wp\/v2\/product_brand?post=24616"},{"taxonomy":"product_cat","embeddable":true,"href":"https:\/\/fizzyvape.eu\/it\/wp-json\/wp\/v2\/product_cat?post=24616"},{"taxonomy":"product_tag","embeddable":true,"href":"https:\/\/fizzyvape.eu\/it\/wp-json\/wp\/v2\/product_tag?post=24616"}],"curies":[{"name":"wp","href":"https:\/\/api.w.org\/{rel}","templated":true}]}}