{"id":25059,"date":"2025-04-02T11:54:58","date_gmt":"2025-04-02T03:54:58","guid":{"rendered":"https:\/\/fizzyvape.eu\/product\/fizzy-nova-plus-40000-bigne-30-pezzi\/"},"modified":"2025-10-31T18:03:07","modified_gmt":"2025-10-31T10:03:07","slug":"fizzy-nova-plus-40000-bigne-30-pezzi","status":"publish","type":"product","link":"https:\/\/fizzyvape.eu\/it\/prodotto\/fizzy-nova-plus-40000-bigne-30-pezzi\/","title":{"rendered":"Fizzy Nova Plus 40000 Bign\u00e8 &#8211; 30 pezzi"},"content":{"rendered":"<div>\n<h1><strong>Fizzy Nova Plus 40000 Puffs usa e getta &#8211; Il vaping premium ridefinito<\/strong><\/h1>\n<p>La <strong>Fizzy Nova Plus 40000 Puffs Disposable Vape<\/strong> stabilisce un nuovo standard per la tecnologia del vaping di alta qualit\u00e0. Progettato per i vapers pi\u00f9 esigenti che si rifiutano di scendere a compromessi, questo rivoluzionario dispositivo offre una combinazione senza precedenti di <strong>lunga durata, sapore ricco e funzioni all&#8217;avanguardia<\/strong> in un design elegante e portatile. <\/p>\n<h3>Caratteristiche principali:<\/h3>\n<p>\ud83d\udd39 <strong>Conteggio dei bocconi ultra-elevato<\/strong> &#8211; Fornisce <strong>40.000 boccate<\/strong>, assicurando un&#8217;esperienza di vaping duratura e soddisfacente.<br \/>\n\ud83d\udd39 <strong>Enorme capacit\u00e0 di e-liquid<\/strong> &#8211; <strong>40 ml di e-liquid pre-riempito<\/strong> garantiscono <strong>settimane di divertimento ininterrotto<\/strong>.<br \/>\n\ud83d\udd39 <strong>Tecnologia avanzata Dual Mesh Coil<\/strong> &#8211; Produce <strong>sapori pi\u00f9 ricchi e vapore pi\u00f9 denso<\/strong> per una sessione di vaping migliore.<br \/>\n\ud83d\udd39 <strong>Modalit\u00e0 di vaping regolabili<\/strong> &#8211; Scegli la <strong>modalit\u00e0 Eco per una maggiore longevit\u00e0<\/strong> o la modalit\u00e0 <strong>Turbo per intensificare il sapore e la produzione di vapore<\/strong>.<br \/>\n\ud83d\udd39 <strong>Display LED intelligente<\/strong> &#8211; Indica lo <strong>stato della batteria e i livelli di e-liquid<\/strong> per un facile monitoraggio.<br \/>\n\ud83d\udd39 <strong>Ricarica veloce USB-C<\/strong> &#8211; Dotato di una <strong>batteria da 850 mAh<\/strong>, si <strong>ricarica<\/strong> completamente <strong>in sole 2 ore<\/strong> per un uso continuo.<\/p>\n<h3>Perch\u00e9 scegliere Fizzy Nova Plus?<\/h3>\n<p>\ud83d\udd25 <strong>Durata leader nel settore<\/strong> &#8211; La capacit\u00e0 di 40.000 puff supera i normali prodotti monouso del 300-400%, offrendo un valore eccezionale.<br \/>\n\ud83d\udc8e <strong>Ingegneria Premium<\/strong> &#8211; Materiali di qualit\u00e0 aerospaziale con un&#8217;elegante finitura metallica che combina la durata con uno stile sofisticato.<br \/>\n\ud83d\udc51 <strong>Maestria del gusto<\/strong> &#8211; Ogni miscela \u00e8 meticolosamente realizzata da maestri mixologi per offrire profili di gusto autentici e perfettamente bilanciati.<br \/>\n\u26a1 <strong>Prestazioni personalizzate<\/strong> &#8211; L&#8217;innovativo sistema a doppia modalit\u00e0 ti permette di personalizzare ogni sessione in base al tuo umore e alle tue preferenze. <\/p>\n<\/div>\n<div>\n<h3><strong>Opzioni di nicotina:<\/strong><\/h3>\n<p>&#8211; <strong>2% (20mg\/mL)<\/strong> &#8211; Ideale per un&#8217;esperienza di vaping morbida e saporita<br \/>\n&#8211; <strong>5% (50mg\/mL)<\/strong> &#8211; Progettata per un colpo in gola pi\u00f9 forte e soddisfacente <\/p>\n<h3>Specifiche<\/h3>\n<table style=\"height: 449px;\" width=\"1340\">\n<tbody>\n<tr>\n<td>Puff<\/td>\n<td><strong>40000+ Puff<\/strong><\/td>\n<\/tr>\n<tr>\n<td>Capacit\u00e0 del liquido elettronico<\/td>\n<td><strong>40ml<\/strong><\/td>\n<\/tr>\n<tr>\n<td>Capacit\u00e0 della batteria<\/td>\n<td><strong>850mAh<\/strong><\/td>\n<\/tr>\n<tr>\n<td>Dimensioni<\/td>\n<td><strong>52,5*24,5*104,3 mm<\/strong><\/td>\n<\/tr>\n<tr>\n<td>Usa e getta o no<\/td>\n<td><strong>Monouso<\/strong><\/td>\n<\/tr>\n<tr>\n<td>Metodo di ricarica<\/td>\n<td><strong>Cavo<\/strong><\/td>\n<\/tr>\n<tr>\n<td>Metodo di attivazione<\/td>\n<td><strong>Sensore<\/strong><\/td>\n<\/tr>\n<tr>\n<td>Materiale<\/td>\n<td><strong>PCTG<\/strong><\/td>\n<\/tr>\n<tr>\n<td>Livello di nicotina<\/td>\n<td><strong>2% (20mg\/mL) e 5% (50mg\/mL)<\/strong><\/td>\n<\/tr>\n<tr>\n<td>Aromi<\/td>\n<td><strong>12<\/strong><\/td>\n<\/tr>\n<tr>\n<td>Confezione<\/td>\n<td><strong>1 confezione<\/strong><\/td>\n<\/tr>\n<tr>\n<td>Tempo di ricarica<\/td>\n<td><strong>2 ore<\/strong><\/td>\n<\/tr>\n<tr>\n<td>Conservazione<\/td>\n<td><strong>Evita gli ambienti ad alta temperatura e conservali in un luogo fresco e asciutto.<\/strong><\/td>\n<\/tr>\n<tr>\n<td>Persone a cui \u00e8 vietato l&#8217;uso<\/td>\n<td><strong>Minori, donne in gravidanza e persone allergiche agli ingredienti del prodotto.<\/strong><\/td>\n<\/tr>\n<tr>\n<td>Attenzione<\/td>\n<td><strong>Non ingerire questa sostanza. In caso di ingestione, sciacqua la bocca accuratamente e immediatamente. Se ti senti male, rivolgiti a un medico.  <\/strong><\/td>\n<\/tr>\n<\/tbody>\n<\/table>\n<h3>Elenco dei gusti di <strong>Fizzy Nova Plus <\/strong>40000 Puffs:<\/h3>\n<ol>\n<li><a href=\"https:\/\/fizzyvape.eu\/product\/nova-plus-strawberry-kiwi-40000-puffs-10pcs\/\">Kiwi alla fragola<\/a><\/li>\n<li><a href=\"https:\/\/fizzyvape.eu\/product\/nova-plus-blueberry-ice-40000-puffs-10pcs\/\">Ghiaccio al mirtillo<\/a><\/li>\n<li><a href=\"https:\/\/fizzyvape.eu\/product\/nova-plus-watermelon-ice-40000-puffs-10pcs\/\">Ghiaccio all&#8217;anguria<\/a><\/li>\n<li><a href=\"https:\/\/fizzyvape.eu\/product\/nova-plus-peach-mango-watermelon-40000-puffs-10pcs\/\">Pesca, mango e anguria<\/a><\/li>\n<li><a href=\"https:\/\/fizzyvape.eu\/product\/nova-plus-kiwi-passion-fruit-guava-40000-puffs-10pcs\/\">Kiwi Frutto della Passione Guava<\/a><\/li>\n<li><a href=\"https:\/\/fizzyvape.eu\/product\/nova-plus-raspberry-lemon-40000-puffs-10pcs\/\">Lampone e limone<\/a><\/li>\n<li><a href=\"https:\/\/fizzyvape.eu\/product\/nova-plus-triple-berry-40000-puffs-10pcs\/\">Bacca tripla<\/a><\/li>\n<li><a href=\"https:\/\/fizzyvape.eu\/product\/nova-plus-peach-ice-40000-puffs-10pcs\/\">Ghiaccio alla pesca<\/a><\/li>\n<li><a href=\"https:\/\/fizzyvape.eu\/product\/nova-plus-grape-lime-40000-puffs-10pcs\/\">Uva e lime<\/a><\/li>\n<li><a href=\"https:\/\/fizzyvape.eu\/product\/nova-plus-blue-razz-lemonade-40000-puffs-10pcs\/\">Limonata Blue Razz<\/a><\/li>\n<li><a href=\"https:\/\/fizzyvape.eu\/product\/nova-plus-strawberry-ice-40000-puffs-10pcs\/\">Ghiaccio alla fragola<\/a><\/li>\n<li><a href=\"https:\/\/fizzyvape.eu\/product\/nova-plus-blueberry-coconut-40000-puffs-10pcs\/\">Mirtillo e cocco<\/a><\/li>\n<\/ol>\n<h3>FAQ su Fizzy Nova Plus 40000 Puffs usa e getta<\/h3>\n<h4>1. <strong>Quanto dura un dispositivo Fizzy Nova Plus?<\/strong><\/h4>\n<p>Ogni dispositivo eroga ben <strong>40.000 boccate<\/strong>, superando di gran lunga i normali dispositivi usa e getta. Con un uso regolare, pu\u00f2 durare <strong>diverse settimane<\/strong>, il che lo rende uno dei vapers usa e getta pi\u00f9 longevi in circolazione. <\/p>\n<h4>2. <strong>Cosa rende la Fizzy Nova Plus diversa dalle altre vaporizzazioni usa e getta?<\/strong><\/h4>\n<p>La <strong>Fizzy Nova Plus<\/strong> si distingue per la sua <strong>tecnologia a doppia bobina<\/strong>, le <strong>modalit\u00e0 Eco e Turbo regolabili<\/strong>, l&#8217;<strong>enorme capacit\u00e0 di 40 ml di e-liquido<\/strong> e il <strong>display LED intelligente<\/strong>, offrendo un&#8217;<strong>esperienza di vaping personalizzabile e di alto livello<\/strong>.  <\/p>\n<h4>3. <strong>Qual \u00e8 la differenza tra la modalit\u00e0 Eco e la modalit\u00e0 Turbo?<\/strong><\/h4>\n<ul>\n<li><strong>Modalit\u00e0 Eco<\/strong>: Prolunga la durata della batteria e l&#8217;utilizzo dell&#8217;e-liquid, perfetta per le sessioni pi\u00f9 lunghe.<\/li>\n<li><strong>Modalit\u00e0 Turbo<\/strong>: Aumenta l&#8217;<strong>intensit\u00e0 del sapore e la produzione di vapore<\/strong>, ideale per chi preferisce <strong>un tiro pi\u00f9 potente<\/strong>.<\/li>\n<\/ul>\n<h4>4. <strong>Quali sono i livelli di nicotina disponibili?<\/strong><\/h4>\n<p>La <strong>Fizzy Nova Plus 40000 Puffs Disposable Vape<\/strong> \u00e8 disponibile in due opzioni di nicotina: <\/p>\n<ul data-is-last-node=\"\" data-is-only-node=\"\">\n<li><strong>2% (20mg\/mL)<\/strong> &#8211; Offre un&#8217;esperienza di vaping <strong>fluida ed equilibrata<\/strong>.<\/li>\n<li><strong>5% (50mg\/mL)<\/strong> &#8211; Offre un <strong>colpo in gola pi\u00f9 forte<\/strong> e una soddisfazione pi\u00f9 intensa della nicotina.<\/li>\n<\/ul>\n<\/div>\n","protected":false},"excerpt":{"rendered":"<p><strong>Fizzy Nova Plus 40.000 puff usa e getta<\/strong> &#8211; <strong>Confezione da 30 pezzi<\/strong> (offerta limitata)! Goditi il vaping di qualit\u00e0 superiore grazie alla longevit\u00e0 leader del settore<strong>(40.000 puff per dispositivo<\/strong>), alla capacit\u00e0 di <strong>40 ml di e-liquid<\/strong> e alle bobine a doppia maglia per un sapore ricco. Dispone di ricarica rapida <strong>USB-C<\/strong>, display LED intelligente e <strong>modalit\u00e0 Eco\/Turbo<\/strong> regolabile. Perfetta per i rivenditori o per i vapers pi\u00f9 assidui &#8211; risparmio all&#8217;ingrosso per un periodo limitato!   <\/p>\n<p><strong style=\"color: red;\">Ti preghiamo di indicare il gusto e la quantit\u00e0 quando effettui un ordine!<\/strong><\/p>\n","protected":false},"featured_media":30089,"comment_status":"open","ping_status":"closed","template":"","meta":{"iawp_total_views":1},"product_brand":[],"product_cat":[672],"product_tag":[341],"class_list":{"0":"post-25059","1":"product","2":"type-product","3":"status-publish","4":"has-post-thumbnail","6":"product_cat-bulk-deals-2-it","7":"product_tag-40000-soffi","9":"first","10":"outofstock","11":"sale","12":"shipping-taxable","13":"purchasable","14":"product-type-variable"},"yoast_head":"<!-- This site is optimized with the Yoast SEO Premium plugin v24.8 (Yoast SEO v24.8) - https:\/\/yoast.com\/wordpress\/plugins\/seo\/ -->\n<title>Fizzy Nova Plus 40000 Bign\u00e8 - 30 pezzi - fizzyvape.eu<\/title>\n<meta name=\"description\" content=\"Pacchetto di 30 pezzi Fizzy Nova Plus 40K puff all&#039;ingrosso! Aromi premium, ricarica USB-C, sconti all&#039;ingrosso. Offerta limitata, ordina ora!\" \/>\n<meta name=\"robots\" content=\"index, follow, max-snippet:-1, max-image-preview:large, max-video-preview:-1\" \/>\n<link rel=\"canonical\" href=\"https:\/\/fizzyvape.eu\/it\/prodotto\/fizzy-nova-plus-40000-bigne-30-pezzi\/\" \/>\n<meta property=\"og:locale\" content=\"it_IT\" \/>\n<meta property=\"og:type\" content=\"article\" \/>\n<meta property=\"og:title\" content=\"Fizzy Nova Plus 40000 Bign\u00e8 - 30 pezzi\" \/>\n<meta property=\"og:description\" content=\"Pacchetto di 30 pezzi Fizzy Nova Plus 40K puff all&#039;ingrosso! Aromi premium, ricarica USB-C, sconti all&#039;ingrosso. Offerta limitata, ordina ora!\" \/>\n<meta property=\"og:url\" content=\"https:\/\/fizzyvape.eu\/it\/prodotto\/fizzy-nova-plus-40000-bigne-30-pezzi\/\" \/>\n<meta property=\"og:site_name\" content=\"fizzyvape.eu\" \/>\n<meta property=\"article:modified_time\" content=\"2025-10-31T10:03:07+00:00\" \/>\n<meta property=\"og:image\" content=\"https:\/\/fizzyvape.eu\/wp-content\/uploads\/2025\/04\/Fizzy-Nova-Plus-40000Puffs-30pcs-4.webp\" \/>\n\t<meta property=\"og:image:width\" content=\"800\" \/>\n\t<meta property=\"og:image:height\" content=\"800\" \/>\n\t<meta property=\"og:image:type\" content=\"image\/webp\" \/>\n<meta name=\"twitter:card\" content=\"summary_large_image\" \/>\n<meta name=\"twitter:label1\" content=\"Disponibilit\u00e0\" \/>\n\t<meta name=\"twitter:data1\" content=\"Esaurito\" \/>\n<script type=\"application\/ld+json\" class=\"yoast-schema-graph\">{\"@context\":\"https:\/\/schema.org\",\"@graph\":[{\"@type\":\"WebPage\",\"@id\":\"https:\/\/fizzyvape.eu\/it\/prodotto\/fizzy-nova-plus-40000-bigne-30-pezzi\/\",\"url\":\"https:\/\/fizzyvape.eu\/it\/prodotto\/fizzy-nova-plus-40000-bigne-30-pezzi\/\",\"name\":\"Fizzy Nova Plus 40000 Bign\u00e8 - 30 pezzi - fizzyvape.eu\",\"isPartOf\":{\"@id\":\"https:\/\/www.fizzyvape.eu\/it\/#website\"},\"primaryImageOfPage\":{\"@id\":\"https:\/\/fizzyvape.eu\/it\/prodotto\/fizzy-nova-plus-40000-bigne-30-pezzi\/#primaryimage\"},\"image\":{\"@id\":\"https:\/\/fizzyvape.eu\/it\/prodotto\/fizzy-nova-plus-40000-bigne-30-pezzi\/#primaryimage\"},\"thumbnailUrl\":\"https:\/\/fizzyvape.eu\/wp-content\/uploads\/2025\/04\/Fizzy-Nova-Plus-40000-Puffs-30pcs.webp\",\"datePublished\":\"2025-04-02T03:54:58+00:00\",\"dateModified\":\"2025-10-31T10:03:07+00:00\",\"description\":\"Pacchetto di 30 pezzi Fizzy Nova Plus 40K puff all'ingrosso! Aromi premium, ricarica USB-C, sconti all'ingrosso. Offerta limitata, ordina ora!\",\"breadcrumb\":{\"@id\":\"https:\/\/fizzyvape.eu\/it\/prodotto\/fizzy-nova-plus-40000-bigne-30-pezzi\/#breadcrumb\"},\"inLanguage\":\"it-IT\",\"potentialAction\":[{\"@type\":\"ReadAction\",\"target\":[\"https:\/\/fizzyvape.eu\/it\/prodotto\/fizzy-nova-plus-40000-bigne-30-pezzi\/\"]}]},{\"@type\":\"ImageObject\",\"inLanguage\":\"it-IT\",\"@id\":\"https:\/\/fizzyvape.eu\/it\/prodotto\/fizzy-nova-plus-40000-bigne-30-pezzi\/#primaryimage\",\"url\":\"https:\/\/fizzyvape.eu\/wp-content\/uploads\/2025\/04\/Fizzy-Nova-Plus-40000-Puffs-30pcs.webp\",\"contentUrl\":\"https:\/\/fizzyvape.eu\/wp-content\/uploads\/2025\/04\/Fizzy-Nova-Plus-40000-Puffs-30pcs.webp\",\"width\":800,\"height\":800,\"caption\":\"Fizzy Nova Plus 40000 Puffs 30pcs\"},{\"@type\":\"BreadcrumbList\",\"@id\":\"https:\/\/fizzyvape.eu\/it\/prodotto\/fizzy-nova-plus-40000-bigne-30-pezzi\/#breadcrumb\",\"itemListElement\":[{\"@type\":\"ListItem\",\"position\":1,\"name\":\"Home\",\"item\":\"https:\/\/fizzyvape.eu\/it\/\"},{\"@type\":\"ListItem\",\"position\":2,\"name\":\"Negozio\",\"item\":\"https:\/\/www.fizzyvape.eu\/it\/negozio\/\"},{\"@type\":\"ListItem\",\"position\":3,\"name\":\"Fizzy Nova Plus 40000 Bign\u00e8 &#8211; 30 pezzi\"}]},{\"@type\":\"WebSite\",\"@id\":\"https:\/\/www.fizzyvape.eu\/it\/#website\",\"url\":\"https:\/\/www.fizzyvape.eu\/it\/\",\"name\":\"fizzyvape.eu\",\"description\":\"Refreshing Vapes. Unforgettable Taste.\",\"publisher\":{\"@id\":\"https:\/\/www.fizzyvape.eu\/it\/#organization\"},\"potentialAction\":[{\"@type\":\"SearchAction\",\"target\":{\"@type\":\"EntryPoint\",\"urlTemplate\":\"https:\/\/www.fizzyvape.eu\/it\/?s={search_term_string}\"},\"query-input\":{\"@type\":\"PropertyValueSpecification\",\"valueRequired\":true,\"valueName\":\"search_term_string\"}}],\"inLanguage\":\"it-IT\"},{\"@type\":\"Organization\",\"@id\":\"https:\/\/www.fizzyvape.eu\/it\/#organization\",\"name\":\"fizzyvape.eu\",\"url\":\"https:\/\/www.fizzyvape.eu\/it\/\",\"logo\":{\"@type\":\"ImageObject\",\"inLanguage\":\"it-IT\",\"@id\":\"https:\/\/www.fizzyvape.eu\/it\/#\/schema\/logo\/image\/\",\"url\":\"https:\/\/fizzyvape.eu\/wp-content\/uploads\/2019\/06\/print-1.svg\",\"contentUrl\":\"https:\/\/fizzyvape.eu\/wp-content\/uploads\/2019\/06\/print-1.svg\",\"width\":124,\"height\":37,\"caption\":\"fizzyvape.eu\"},\"image\":{\"@id\":\"https:\/\/www.fizzyvape.eu\/it\/#\/schema\/logo\/image\/\"}}]}<\/script>\n<meta property=\"og:availability\" content=\"out of stock\" \/>\n<meta property=\"product:availability\" content=\"out of stock\" \/>\n<meta property=\"product:condition\" content=\"new\" \/>\n<!-- \/ Yoast SEO Premium plugin. -->","yoast_head_json":{"title":"Fizzy Nova Plus 40000 Bign\u00e8 - 30 pezzi - fizzyvape.eu","description":"Pacchetto di 30 pezzi Fizzy Nova Plus 40K puff all'ingrosso! Aromi premium, ricarica USB-C, sconti all'ingrosso. Offerta limitata, ordina ora!","robots":{"index":"index","follow":"follow","max-snippet":"max-snippet:-1","max-image-preview":"max-image-preview:large","max-video-preview":"max-video-preview:-1"},"canonical":"https:\/\/fizzyvape.eu\/it\/prodotto\/fizzy-nova-plus-40000-bigne-30-pezzi\/","og_locale":"it_IT","og_type":"article","og_title":"Fizzy Nova Plus 40000 Bign\u00e8 - 30 pezzi","og_description":"Pacchetto di 30 pezzi Fizzy Nova Plus 40K puff all'ingrosso! Aromi premium, ricarica USB-C, sconti all'ingrosso. Offerta limitata, ordina ora!","og_url":"https:\/\/fizzyvape.eu\/it\/prodotto\/fizzy-nova-plus-40000-bigne-30-pezzi\/","og_site_name":"fizzyvape.eu","article_modified_time":"2025-10-31T10:03:07+00:00","og_image":[{"width":800,"height":800,"url":"https:\/\/fizzyvape.eu\/wp-content\/uploads\/2025\/04\/Fizzy-Nova-Plus-40000Puffs-30pcs-4.webp","type":"image\/webp"}],"twitter_card":"summary_large_image","twitter_misc":{"Disponibilit\u00e0":"Esaurito"},"schema":{"@context":"https:\/\/schema.org","@graph":[{"@type":"WebPage","@id":"https:\/\/fizzyvape.eu\/it\/prodotto\/fizzy-nova-plus-40000-bigne-30-pezzi\/","url":"https:\/\/fizzyvape.eu\/it\/prodotto\/fizzy-nova-plus-40000-bigne-30-pezzi\/","name":"Fizzy Nova Plus 40000 Bign\u00e8 - 30 pezzi - fizzyvape.eu","isPartOf":{"@id":"https:\/\/www.fizzyvape.eu\/it\/#website"},"primaryImageOfPage":{"@id":"https:\/\/fizzyvape.eu\/it\/prodotto\/fizzy-nova-plus-40000-bigne-30-pezzi\/#primaryimage"},"image":{"@id":"https:\/\/fizzyvape.eu\/it\/prodotto\/fizzy-nova-plus-40000-bigne-30-pezzi\/#primaryimage"},"thumbnailUrl":"https:\/\/fizzyvape.eu\/wp-content\/uploads\/2025\/04\/Fizzy-Nova-Plus-40000-Puffs-30pcs.webp","datePublished":"2025-04-02T03:54:58+00:00","dateModified":"2025-10-31T10:03:07+00:00","description":"Pacchetto di 30 pezzi Fizzy Nova Plus 40K puff all'ingrosso! Aromi premium, ricarica USB-C, sconti all'ingrosso. Offerta limitata, ordina ora!","breadcrumb":{"@id":"https:\/\/fizzyvape.eu\/it\/prodotto\/fizzy-nova-plus-40000-bigne-30-pezzi\/#breadcrumb"},"inLanguage":"it-IT","potentialAction":[{"@type":"ReadAction","target":["https:\/\/fizzyvape.eu\/it\/prodotto\/fizzy-nova-plus-40000-bigne-30-pezzi\/"]}]},{"@type":"ImageObject","inLanguage":"it-IT","@id":"https:\/\/fizzyvape.eu\/it\/prodotto\/fizzy-nova-plus-40000-bigne-30-pezzi\/#primaryimage","url":"https:\/\/fizzyvape.eu\/wp-content\/uploads\/2025\/04\/Fizzy-Nova-Plus-40000-Puffs-30pcs.webp","contentUrl":"https:\/\/fizzyvape.eu\/wp-content\/uploads\/2025\/04\/Fizzy-Nova-Plus-40000-Puffs-30pcs.webp","width":800,"height":800,"caption":"Fizzy Nova Plus 40000 Puffs 30pcs"},{"@type":"BreadcrumbList","@id":"https:\/\/fizzyvape.eu\/it\/prodotto\/fizzy-nova-plus-40000-bigne-30-pezzi\/#breadcrumb","itemListElement":[{"@type":"ListItem","position":1,"name":"Home","item":"https:\/\/fizzyvape.eu\/it\/"},{"@type":"ListItem","position":2,"name":"Negozio","item":"https:\/\/www.fizzyvape.eu\/it\/negozio\/"},{"@type":"ListItem","position":3,"name":"Fizzy Nova Plus 40000 Bign\u00e8 &#8211; 30 pezzi"}]},{"@type":"WebSite","@id":"https:\/\/www.fizzyvape.eu\/it\/#website","url":"https:\/\/www.fizzyvape.eu\/it\/","name":"fizzyvape.eu","description":"Refreshing Vapes. Unforgettable Taste.","publisher":{"@id":"https:\/\/www.fizzyvape.eu\/it\/#organization"},"potentialAction":[{"@type":"SearchAction","target":{"@type":"EntryPoint","urlTemplate":"https:\/\/www.fizzyvape.eu\/it\/?s={search_term_string}"},"query-input":{"@type":"PropertyValueSpecification","valueRequired":true,"valueName":"search_term_string"}}],"inLanguage":"it-IT"},{"@type":"Organization","@id":"https:\/\/www.fizzyvape.eu\/it\/#organization","name":"fizzyvape.eu","url":"https:\/\/www.fizzyvape.eu\/it\/","logo":{"@type":"ImageObject","inLanguage":"it-IT","@id":"https:\/\/www.fizzyvape.eu\/it\/#\/schema\/logo\/image\/","url":"https:\/\/fizzyvape.eu\/wp-content\/uploads\/2019\/06\/print-1.svg","contentUrl":"https:\/\/fizzyvape.eu\/wp-content\/uploads\/2019\/06\/print-1.svg","width":124,"height":37,"caption":"fizzyvape.eu"},"image":{"@id":"https:\/\/www.fizzyvape.eu\/it\/#\/schema\/logo\/image\/"}}]},"og_availability":"out of stock","product_availability":"out of stock","product_condition":"new"},"tiered_pricing_type":"fixed","tiered_pricing_fixed_rules":[],"tiered_pricing_product_settings":{"layout":"default","base_unit_name":{"singular":null,"plural":null},"default_variation":null},"tiered_pricing_minimum_quantity":null,"tiered_pricing_roles_data":[],"tiered_pricing_percentage_rules":[],"tiered_pricing_maximum_quantity":null,"tiered_pricing_quantity_step":null,"_links":{"self":[{"href":"https:\/\/fizzyvape.eu\/it\/wp-json\/wp\/v2\/product\/25059","targetHints":{"allow":["GET"]}}],"collection":[{"href":"https:\/\/fizzyvape.eu\/it\/wp-json\/wp\/v2\/product"}],"about":[{"href":"https:\/\/fizzyvape.eu\/it\/wp-json\/wp\/v2\/types\/product"}],"replies":[{"embeddable":true,"href":"https:\/\/fizzyvape.eu\/it\/wp-json\/wp\/v2\/comments?post=25059"}],"version-history":[{"count":0,"href":"https:\/\/fizzyvape.eu\/it\/wp-json\/wp\/v2\/product\/25059\/revisions"}],"wp:featuredmedia":[{"embeddable":true,"href":"https:\/\/fizzyvape.eu\/it\/wp-json\/wp\/v2\/media\/30089"}],"wp:attachment":[{"href":"https:\/\/fizzyvape.eu\/it\/wp-json\/wp\/v2\/media?parent=25059"}],"wp:term":[{"taxonomy":"product_brand","embeddable":true,"href":"https:\/\/fizzyvape.eu\/it\/wp-json\/wp\/v2\/product_brand?post=25059"},{"taxonomy":"product_cat","embeddable":true,"href":"https:\/\/fizzyvape.eu\/it\/wp-json\/wp\/v2\/product_cat?post=25059"},{"taxonomy":"product_tag","embeddable":true,"href":"https:\/\/fizzyvape.eu\/it\/wp-json\/wp\/v2\/product_tag?post=25059"}],"curies":[{"name":"wp","href":"https:\/\/api.w.org\/{rel}","templated":true}]}}