{"id":25355,"date":"2025-03-31T00:28:29","date_gmt":"2025-03-30T16:28:29","guid":{"rendered":"https:\/\/fizzyvape.eu\/product\/fizzy-nova-plus-uva-lime-40000-bigne-10-pezzi\/"},"modified":"2025-12-31T14:06:02","modified_gmt":"2025-12-31T06:06:02","slug":"fizzy-nova-plus-uva-lime-40000-bigne-10-pezzi","status":"publish","type":"product","link":"https:\/\/fizzyvape.eu\/it\/prodotto\/fizzy-nova-plus-uva-lime-40000-bigne-10-pezzi\/","title":{"rendered":"Fizzy Nova Plus Uva Lime &#8211; 40000 Bign\u00e8 &#8211; 10 pezzi"},"content":{"rendered":"<div>\n<h1><strong>Fizzy Nova Plus Grape Lime 40000 boccate &#8211; Vape usa e getta premium a fusione di agrumi<\/strong><\/h1>\n<p>Intraprendi un viaggio dal sapore audace con <strong>Fizzy Nova Plus Grape Lime 40.000 Puffs.<\/strong> Questa innovativa svapata offre la straordinaria quantit\u00e0 di <strong>40.000 boccate<\/strong> della nostra caratteristica fusione di uva dolce e lime piccante, creando un&#8217;esperienza agrodolce perfettamente bilanciata e sempre soddisfacente. Con il suo numero di boccate leader nel settore, <strong>Fizzy Nova Plus Grape Lime<\/strong> garantisce sessioni di svapo prolungate con un sapore vibrante e fruttato in ogni boccata. <\/p>\n<h3>Caratteristiche principali:<\/h3>\n<p>\ud83d\udd39 <strong>Leader nel settore 40.000 puff<\/strong> &#8211; Prova una soddisfazione di vaping prolungata che dura settimane in pi\u00f9 rispetto agli usa e getta standard.<br \/>\n\ud83d\udd39 <strong>Generoso serbatoio per liquidi elettronici da 40 ml<\/strong> &#8211; Goditi una svapata ininterrotta con la nostra enorme capacit\u00e0 pre-riempita.<br \/>\n\ud83d\udd39 <strong>Tecnologia avanzata della bobina a doppia maglia<\/strong> &#8211; Offre un aroma pi\u00f9 ricco e intenso ad ogni estrazione.<br \/>\n\ud83d\udd39 <strong>Sistema intelligente a doppia modalit\u00e0<\/strong>: personalizza la tua esperienza con le opzioni Eco (risparmio della batteria) o Turbo (aumento del sapore).<br \/>\n\ud83d\udd39 <strong>Display LED intelligente<\/strong> &#8211; Resta informato grazie al monitoraggio in tempo reale della batteria e del succo di frutta.<br \/>\n\ud83d\udd39 <strong>Ricarica rapida Type-C<\/strong> &#8211; Potenziati rapidamente con il nostro sistema di batterie ad alta efficienza da 850 mAh. <\/p>\n<h3>Perch\u00e9 scegliere Fizzy Nova Plus?<\/h3>\n<p>\ud83d\udd25 <strong>Resistenza ineguagliabile<\/strong> &#8211; 3 volte la durata dei normali vapers usa e getta<br \/>\n\ud83d\udc8e <strong>Artigianato di qualit\u00e0<\/strong>: costruzione in lega metallica di grado aerospaziale e design ergonomico.<br \/>\n\ud83d\udc51 <strong>Perfezione del gusto<\/strong> &#8211; Realizzato con maestria da specialisti del gusto di livello mondiale per un gusto autentico <\/p>\n<\/div>\n<div>\n<h3><strong>Opzioni di nicotina:<\/strong><\/h3>\n<p>&#8211; <strong>2% (20mg\/mL)<\/strong> &#8211; Ideale per un&#8217;esperienza di vaping morbida e saporita<br \/>\n&#8211; <strong>5% (50mg\/mL)<\/strong> &#8211; Progettata per un colpo in gola pi\u00f9 forte e soddisfacente <\/p>\n<h3>Specifiche<\/h3>\n<table style=\"height: 449px;\" width=\"1340\">\n<tbody>\n<tr>\n<td>Puff<\/td>\n<td><strong>40000+ Puff<\/strong><\/td>\n<\/tr>\n<tr>\n<td>Capacit\u00e0 del liquido elettronico<\/td>\n<td><strong>40ml<\/strong><\/td>\n<\/tr>\n<tr>\n<td>Capacit\u00e0 della batteria<\/td>\n<td><strong>850mAh<\/strong><\/td>\n<\/tr>\n<tr>\n<td>Dimensioni<\/td>\n<td><strong>52,5*24,5*104,3 mm<\/strong><\/td>\n<\/tr>\n<tr>\n<td>Usa e getta o no<\/td>\n<td><strong>Monouso<\/strong><\/td>\n<\/tr>\n<tr>\n<td>Metodo di ricarica<\/td>\n<td><strong>Cavo<\/strong><\/td>\n<\/tr>\n<tr>\n<td>Metodo di attivazione<\/td>\n<td><strong>Sensore<\/strong><\/td>\n<\/tr>\n<tr>\n<td>Materiale<\/td>\n<td><strong>PCTG<\/strong><\/td>\n<\/tr>\n<tr>\n<td>Livello di nicotina<\/td>\n<td><strong>2% (20mg\/mL) e 5% (50mg\/mL)<\/strong><\/td>\n<\/tr>\n<tr>\n<td>Aromi<\/td>\n<td><strong>12<\/strong><\/td>\n<\/tr>\n<tr>\n<td>Confezione<\/td>\n<td><strong>1 confezione<\/strong><\/td>\n<\/tr>\n<tr>\n<td>Tempo di ricarica<\/td>\n<td><strong>2 ore<\/strong><\/td>\n<\/tr>\n<tr>\n<td>Conservazione<\/td>\n<td><strong>Evita gli ambienti ad alta temperatura e conservali in un luogo fresco e asciutto.<\/strong><\/td>\n<\/tr>\n<tr>\n<td>Persone a cui \u00e8 vietato l&#8217;uso<\/td>\n<td><strong>Minori, donne in gravidanza e persone allergiche agli ingredienti del prodotto.<\/strong><\/td>\n<\/tr>\n<tr>\n<td>Attenzione<\/td>\n<td><strong>Non ingerire questa sostanza. In caso di ingestione, sciacqua la bocca accuratamente e immediatamente. Se ti senti male, rivolgiti a un medico.  <\/strong><\/td>\n<\/tr>\n<\/tbody>\n<\/table>\n<h3>Elenco dei gusti di <strong>Fizzy Nova Plus <\/strong>40000 Puffs:<\/h3>\n<ol>\n<li><a href=\"https:\/\/fizzyvape.eu\/it\/prodotto\/fizzy-nova-plus-fragola-kiwi-40000-bigne-10-pezzi\/\">Kiwi alla fragola<\/a><\/li>\n<li><a href=\"https:\/\/fizzyvape.eu\/it\/prodotto\/fizzy-nova-plus-mirtillo-ghiacciato-40000-bigne-10-pezzi\/\">Ghiaccio al mirtillo<\/a><\/li>\n<li><a href=\"https:\/\/fizzyvape.eu\/it\/prodotto\/fizzy-nova-plus-anguria-ghiacciata-40000-bigne-10-pezzi\/\">Ghiaccio all&#8217;anguria<\/a><\/li>\n<li><a href=\"https:\/\/fizzyvape.eu\/it\/prodotto\/fizzy-nova-plus-pesca-mango-anguria-40000-bigne-10-pezzi\/\">Pesca, mango e anguria<\/a><\/li>\n<li><a href=\"https:\/\/fizzyvape.eu\/it\/prodotto\/fizzy-nova-plus-kiwi-frutto-della-passione-guava-40000-bigne-10-pz\/\">Kiwi Frutto della Passione Guava<\/a><\/li>\n<li><a href=\"https:\/\/fizzyvape.eu\/it\/prodotto\/fizzy-nova-plus-lampone-limone-40000-bigne-10-pezzi\/\">Lampone e limone<\/a><\/li>\n<li><a href=\"https:\/\/fizzyvape.eu\/it\/prodotto\/fizzy-nova-plus-triple-berry-40000-bigne-10-pezzi\/\">Bacca tripla<\/a><\/li>\n<li><a href=\"https:\/\/fizzyvape.eu\/it\/prodotto\/fizzy-nova-plus-peach-ice-40000-bigne-10-pezzi\/\">Ghiaccio alla pesca<\/a><\/li>\n<li><a href=\"https:\/\/fizzyvape.eu\/it\/prodotto\/fizzy-nova-plus-uva-lime-40000-bigne-10-pezzi\/\">Uva e lime<\/a><\/li>\n<li><a href=\"https:\/\/fizzyvape.eu\/it\/prodotto\/fizzy-nova-plus-blue-razz-lemonade-40000-bigne-10-pezzi\/\">Limonata Blue Razz<\/a><\/li>\n<li><a href=\"https:\/\/fizzyvape.eu\/it\/prodotto\/fizzy-nova-plus-fragola-ghiaccio-40000-bigne-10-pezzi\/\">Ghiaccio alla fragola<\/a><\/li>\n<li><a href=\"https:\/\/fizzyvape.eu\/it\/prodotto\/fizzy-nova-plus-mirtillo-cocco-40000-bigne-10-pezzi\/\">Mirtillo e cocco<\/a><\/li>\n<\/ol>\n<h3>FAQ su Fizzy Nova Plus Grape Lime 40000 Puffs Vape<\/h3>\n<ol start=\"1\">\n<li><strong>Cosa rende l&#8217;aroma Grape Lime unico rispetto agli altri vapers alla frutta?<\/strong><br \/>\nIl nostro gusto Grape Lime combina la dolce uva Concord (60%) con l&#8217;aspro lime (40%) per un profilo dolce-arancio perfettamente bilanciato, rinfrescante e soddisfacente. Questo gusto \u00e8 stato sviluppato dai nostri maestri mixologi per offrire un autentico sapore di frutta senza retrogusti artificiali. <\/li>\n<li><strong>In che modo la tecnologia Dual Mesh Coil migliora la mia esperienza di vaping?<\/strong><br \/>\nLe avanzate bobine a doppia maglia riscaldano simultaneamente l&#8217;e-liquid in modo pi\u00f9 uniforme, producendo:<\/li>\n<\/ol>\n<ul>\n<li>30% di volume di vapore in pi\u00f9<\/li>\n<li>Estrazione del sapore pi\u00f9 ricca e ricca di sfumature<\/li>\n<li>Prestazioni costanti per tutti i 40.000 soffi<\/li>\n<\/ul>\n<ol start=\"3\">\n<li><strong>Qual \u00e8 la durata effettiva dei 40.000 soffi?<\/strong><br \/>\nPer gli utenti medi (circa 500 boccate al giorno), la durata \u00e8 di circa 2-3 mesi. I vapers pi\u00f9 assidui (800 e pi\u00f9 boccate al giorno) possono aspettarsi 6-8 settimane, mentre gli utenti occasionali possono goderne per oltre 4 mesi. <\/li>\n<li><strong>Come si passa dalla modalit\u00e0 Eco a quella Turbo?<\/strong><br \/>\nBasta premere rapidamente il pulsante di accensione per tre volte per passare da una all&#8217;altra:<\/li>\n<\/ol>\n<ul>\n<li>Modalit\u00e0 Eco: Prolunga la durata della batteria del 25% con colpi leggermente pi\u00f9 leggeri.<\/li>\n<li>Modalit\u00e0 Turbo: Aumenta l&#8217;intensit\u00e0 del sapore e la produzione di vapore del 40%.<\/li>\n<\/ul>\n<\/div>\n","protected":false},"excerpt":{"rendered":"<p><strong>Fizzy Nova Plus Grape Lime 40000 Puffs<\/strong> &#8211; Prova la perfetta fusione tra il dolce dell&#8217;uva e il piccante del lime in questa svapata monouso di alta qualit\u00e0.<\/p>\n","protected":false},"featured_media":29995,"comment_status":"open","ping_status":"closed","template":"","meta":{"iawp_total_views":1},"product_brand":[],"product_cat":[340],"product_tag":[341],"class_list":{"0":"post-25355","1":"product","2":"type-product","3":"status-publish","4":"has-post-thumbnail","6":"product_cat-nova-plus-sigaretta-elettronica-usa-e-getta-da-it","7":"product_tag-40000-soffi","9":"first","10":"outofstock","11":"sale","12":"shipping-taxable","13":"purchasable","14":"product-type-variable"},"yoast_head":"<!-- This site is optimized with the Yoast SEO Premium plugin v24.8 (Yoast SEO v24.8) - https:\/\/yoast.com\/wordpress\/plugins\/seo\/ -->\n<title>Fizzy Nova Plus Uva Lime - 40000 Bign\u00e8 - 10 pezzi - fizzyvape.eu<\/title>\n<meta name=\"description\" content=\"Fizzy Nova Plus Grape Lime 40000 Puffs Vape - fusione di uva dolce e lime zesty. 40mL di e-liquid, bobine a doppia maglia. Sconto per 10 pezzi in blocco!\" \/>\n<meta name=\"robots\" content=\"index, follow, max-snippet:-1, max-image-preview:large, max-video-preview:-1\" \/>\n<link rel=\"canonical\" href=\"https:\/\/fizzyvape.eu\/it\/prodotto\/fizzy-nova-plus-uva-lime-40000-bigne-10-pezzi\/\" \/>\n<meta property=\"og:locale\" content=\"it_IT\" \/>\n<meta property=\"og:type\" content=\"article\" \/>\n<meta property=\"og:title\" content=\"Fizzy Nova Plus Uva Lime - 40000 Bign\u00e8 - 10 pezzi\" \/>\n<meta property=\"og:description\" content=\"Fizzy Nova Plus Grape Lime 40000 Puffs Vape - fusione di uva dolce e lime zesty. 40mL di e-liquid, bobine a doppia maglia. Sconto per 10 pezzi in blocco!\" \/>\n<meta property=\"og:url\" content=\"https:\/\/fizzyvape.eu\/it\/prodotto\/fizzy-nova-plus-uva-lime-40000-bigne-10-pezzi\/\" \/>\n<meta property=\"og:site_name\" content=\"fizzyvape.eu\" \/>\n<meta property=\"article:modified_time\" content=\"2025-12-31T06:06:02+00:00\" \/>\n<meta property=\"og:image\" content=\"https:\/\/www.fizzyvape.eu\/wp-content\/uploads\/2025\/04\/Fizzy-Nova-Plus-Grape-Lime-40000Puffs-1.webp\" \/>\n\t<meta property=\"og:image:width\" content=\"800\" \/>\n\t<meta property=\"og:image:height\" content=\"800\" \/>\n\t<meta property=\"og:image:type\" content=\"image\/webp\" \/>\n<meta name=\"twitter:card\" content=\"summary_large_image\" \/>\n<meta name=\"twitter:label1\" content=\"Disponibilit\u00e0\" \/>\n\t<meta name=\"twitter:data1\" content=\"Esaurito\" \/>\n<script type=\"application\/ld+json\" class=\"yoast-schema-graph\">{\"@context\":\"https:\/\/schema.org\",\"@graph\":[{\"@type\":\"WebPage\",\"@id\":\"https:\/\/fizzyvape.eu\/it\/prodotto\/fizzy-nova-plus-uva-lime-40000-bigne-10-pezzi\/\",\"url\":\"https:\/\/fizzyvape.eu\/it\/prodotto\/fizzy-nova-plus-uva-lime-40000-bigne-10-pezzi\/\",\"name\":\"Fizzy Nova Plus Uva Lime - 40000 Bign\u00e8 - 10 pezzi - fizzyvape.eu\",\"isPartOf\":{\"@id\":\"https:\/\/www.fizzyvape.eu\/it\/#website\"},\"primaryImageOfPage\":{\"@id\":\"https:\/\/fizzyvape.eu\/it\/prodotto\/fizzy-nova-plus-uva-lime-40000-bigne-10-pezzi\/#primaryimage\"},\"image\":{\"@id\":\"https:\/\/fizzyvape.eu\/it\/prodotto\/fizzy-nova-plus-uva-lime-40000-bigne-10-pezzi\/#primaryimage\"},\"thumbnailUrl\":\"https:\/\/fizzyvape.eu\/wp-content\/uploads\/2025\/03\/Fizzy-Nova-Plus-40000-Puffs-Grape-Lime-10pcs.webp\",\"datePublished\":\"2025-03-30T16:28:29+00:00\",\"dateModified\":\"2025-12-31T06:06:02+00:00\",\"description\":\"Fizzy Nova Plus Grape Lime 40000 Puffs Vape - fusione di uva dolce e lime zesty. 40mL di e-liquid, bobine a doppia maglia. Sconto per 10 pezzi in blocco!\",\"breadcrumb\":{\"@id\":\"https:\/\/fizzyvape.eu\/it\/prodotto\/fizzy-nova-plus-uva-lime-40000-bigne-10-pezzi\/#breadcrumb\"},\"inLanguage\":\"it-IT\",\"potentialAction\":[{\"@type\":\"ReadAction\",\"target\":[\"https:\/\/fizzyvape.eu\/it\/prodotto\/fizzy-nova-plus-uva-lime-40000-bigne-10-pezzi\/\"]}]},{\"@type\":\"ImageObject\",\"inLanguage\":\"it-IT\",\"@id\":\"https:\/\/fizzyvape.eu\/it\/prodotto\/fizzy-nova-plus-uva-lime-40000-bigne-10-pezzi\/#primaryimage\",\"url\":\"https:\/\/fizzyvape.eu\/wp-content\/uploads\/2025\/03\/Fizzy-Nova-Plus-40000-Puffs-Grape-Lime-10pcs.webp\",\"contentUrl\":\"https:\/\/fizzyvape.eu\/wp-content\/uploads\/2025\/03\/Fizzy-Nova-Plus-40000-Puffs-Grape-Lime-10pcs.webp\",\"width\":800,\"height\":800,\"caption\":\"Fizzy Nova Plus 40000 Bign\u00e8 Uva Lime 10pz\"},{\"@type\":\"BreadcrumbList\",\"@id\":\"https:\/\/fizzyvape.eu\/it\/prodotto\/fizzy-nova-plus-uva-lime-40000-bigne-10-pezzi\/#breadcrumb\",\"itemListElement\":[{\"@type\":\"ListItem\",\"position\":1,\"name\":\"Home\",\"item\":\"https:\/\/fizzyvape.eu\/it\/\"},{\"@type\":\"ListItem\",\"position\":2,\"name\":\"Negozio\",\"item\":\"https:\/\/www.fizzyvape.eu\/it\/negozio\/\"},{\"@type\":\"ListItem\",\"position\":3,\"name\":\"Fizzy Nova Plus Uva Lime &#8211; 40000 Bign\u00e8 &#8211; 10 pezzi\"}]},{\"@type\":\"WebSite\",\"@id\":\"https:\/\/www.fizzyvape.eu\/it\/#website\",\"url\":\"https:\/\/www.fizzyvape.eu\/it\/\",\"name\":\"fizzyvape.eu\",\"description\":\"Refreshing Vapes. Unforgettable Taste.\",\"publisher\":{\"@id\":\"https:\/\/www.fizzyvape.eu\/it\/#organization\"},\"potentialAction\":[{\"@type\":\"SearchAction\",\"target\":{\"@type\":\"EntryPoint\",\"urlTemplate\":\"https:\/\/www.fizzyvape.eu\/it\/?s={search_term_string}\"},\"query-input\":{\"@type\":\"PropertyValueSpecification\",\"valueRequired\":true,\"valueName\":\"search_term_string\"}}],\"inLanguage\":\"it-IT\"},{\"@type\":\"Organization\",\"@id\":\"https:\/\/www.fizzyvape.eu\/it\/#organization\",\"name\":\"fizzyvape.eu\",\"url\":\"https:\/\/www.fizzyvape.eu\/it\/\",\"logo\":{\"@type\":\"ImageObject\",\"inLanguage\":\"it-IT\",\"@id\":\"https:\/\/www.fizzyvape.eu\/it\/#\/schema\/logo\/image\/\",\"url\":\"https:\/\/fizzyvape.eu\/wp-content\/uploads\/2019\/06\/print-1.svg\",\"contentUrl\":\"https:\/\/fizzyvape.eu\/wp-content\/uploads\/2019\/06\/print-1.svg\",\"width\":124,\"height\":37,\"caption\":\"fizzyvape.eu\"},\"image\":{\"@id\":\"https:\/\/www.fizzyvape.eu\/it\/#\/schema\/logo\/image\/\"}}]}<\/script>\n<meta property=\"og:availability\" content=\"out of stock\" \/>\n<meta property=\"product:availability\" content=\"out of stock\" \/>\n<meta property=\"product:condition\" content=\"new\" \/>\n<!-- \/ Yoast SEO Premium plugin. -->","yoast_head_json":{"title":"Fizzy Nova Plus Uva Lime - 40000 Bign\u00e8 - 10 pezzi - fizzyvape.eu","description":"Fizzy Nova Plus Grape Lime 40000 Puffs Vape - fusione di uva dolce e lime zesty. 40mL di e-liquid, bobine a doppia maglia. Sconto per 10 pezzi in blocco!","robots":{"index":"index","follow":"follow","max-snippet":"max-snippet:-1","max-image-preview":"max-image-preview:large","max-video-preview":"max-video-preview:-1"},"canonical":"https:\/\/fizzyvape.eu\/it\/prodotto\/fizzy-nova-plus-uva-lime-40000-bigne-10-pezzi\/","og_locale":"it_IT","og_type":"article","og_title":"Fizzy Nova Plus Uva Lime - 40000 Bign\u00e8 - 10 pezzi","og_description":"Fizzy Nova Plus Grape Lime 40000 Puffs Vape - fusione di uva dolce e lime zesty. 40mL di e-liquid, bobine a doppia maglia. Sconto per 10 pezzi in blocco!","og_url":"https:\/\/fizzyvape.eu\/it\/prodotto\/fizzy-nova-plus-uva-lime-40000-bigne-10-pezzi\/","og_site_name":"fizzyvape.eu","article_modified_time":"2025-12-31T06:06:02+00:00","og_image":[{"width":800,"height":800,"url":"https:\/\/www.fizzyvape.eu\/wp-content\/uploads\/2025\/04\/Fizzy-Nova-Plus-Grape-Lime-40000Puffs-1.webp","type":"image\/webp"}],"twitter_card":"summary_large_image","twitter_misc":{"Disponibilit\u00e0":"Esaurito"},"schema":{"@context":"https:\/\/schema.org","@graph":[{"@type":"WebPage","@id":"https:\/\/fizzyvape.eu\/it\/prodotto\/fizzy-nova-plus-uva-lime-40000-bigne-10-pezzi\/","url":"https:\/\/fizzyvape.eu\/it\/prodotto\/fizzy-nova-plus-uva-lime-40000-bigne-10-pezzi\/","name":"Fizzy Nova Plus Uva Lime - 40000 Bign\u00e8 - 10 pezzi - fizzyvape.eu","isPartOf":{"@id":"https:\/\/www.fizzyvape.eu\/it\/#website"},"primaryImageOfPage":{"@id":"https:\/\/fizzyvape.eu\/it\/prodotto\/fizzy-nova-plus-uva-lime-40000-bigne-10-pezzi\/#primaryimage"},"image":{"@id":"https:\/\/fizzyvape.eu\/it\/prodotto\/fizzy-nova-plus-uva-lime-40000-bigne-10-pezzi\/#primaryimage"},"thumbnailUrl":"https:\/\/fizzyvape.eu\/wp-content\/uploads\/2025\/03\/Fizzy-Nova-Plus-40000-Puffs-Grape-Lime-10pcs.webp","datePublished":"2025-03-30T16:28:29+00:00","dateModified":"2025-12-31T06:06:02+00:00","description":"Fizzy Nova Plus Grape Lime 40000 Puffs Vape - fusione di uva dolce e lime zesty. 40mL di e-liquid, bobine a doppia maglia. Sconto per 10 pezzi in blocco!","breadcrumb":{"@id":"https:\/\/fizzyvape.eu\/it\/prodotto\/fizzy-nova-plus-uva-lime-40000-bigne-10-pezzi\/#breadcrumb"},"inLanguage":"it-IT","potentialAction":[{"@type":"ReadAction","target":["https:\/\/fizzyvape.eu\/it\/prodotto\/fizzy-nova-plus-uva-lime-40000-bigne-10-pezzi\/"]}]},{"@type":"ImageObject","inLanguage":"it-IT","@id":"https:\/\/fizzyvape.eu\/it\/prodotto\/fizzy-nova-plus-uva-lime-40000-bigne-10-pezzi\/#primaryimage","url":"https:\/\/fizzyvape.eu\/wp-content\/uploads\/2025\/03\/Fizzy-Nova-Plus-40000-Puffs-Grape-Lime-10pcs.webp","contentUrl":"https:\/\/fizzyvape.eu\/wp-content\/uploads\/2025\/03\/Fizzy-Nova-Plus-40000-Puffs-Grape-Lime-10pcs.webp","width":800,"height":800,"caption":"Fizzy Nova Plus 40000 Bign\u00e8 Uva Lime 10pz"},{"@type":"BreadcrumbList","@id":"https:\/\/fizzyvape.eu\/it\/prodotto\/fizzy-nova-plus-uva-lime-40000-bigne-10-pezzi\/#breadcrumb","itemListElement":[{"@type":"ListItem","position":1,"name":"Home","item":"https:\/\/fizzyvape.eu\/it\/"},{"@type":"ListItem","position":2,"name":"Negozio","item":"https:\/\/www.fizzyvape.eu\/it\/negozio\/"},{"@type":"ListItem","position":3,"name":"Fizzy Nova Plus Uva Lime &#8211; 40000 Bign\u00e8 &#8211; 10 pezzi"}]},{"@type":"WebSite","@id":"https:\/\/www.fizzyvape.eu\/it\/#website","url":"https:\/\/www.fizzyvape.eu\/it\/","name":"fizzyvape.eu","description":"Refreshing Vapes. Unforgettable Taste.","publisher":{"@id":"https:\/\/www.fizzyvape.eu\/it\/#organization"},"potentialAction":[{"@type":"SearchAction","target":{"@type":"EntryPoint","urlTemplate":"https:\/\/www.fizzyvape.eu\/it\/?s={search_term_string}"},"query-input":{"@type":"PropertyValueSpecification","valueRequired":true,"valueName":"search_term_string"}}],"inLanguage":"it-IT"},{"@type":"Organization","@id":"https:\/\/www.fizzyvape.eu\/it\/#organization","name":"fizzyvape.eu","url":"https:\/\/www.fizzyvape.eu\/it\/","logo":{"@type":"ImageObject","inLanguage":"it-IT","@id":"https:\/\/www.fizzyvape.eu\/it\/#\/schema\/logo\/image\/","url":"https:\/\/fizzyvape.eu\/wp-content\/uploads\/2019\/06\/print-1.svg","contentUrl":"https:\/\/fizzyvape.eu\/wp-content\/uploads\/2019\/06\/print-1.svg","width":124,"height":37,"caption":"fizzyvape.eu"},"image":{"@id":"https:\/\/www.fizzyvape.eu\/it\/#\/schema\/logo\/image\/"}}]},"og_availability":"out of stock","product_availability":"out of stock","product_condition":"new"},"tiered_pricing_type":"fixed","tiered_pricing_fixed_rules":[],"tiered_pricing_product_settings":{"layout":"default","base_unit_name":{"singular":null,"plural":null},"default_variation":null},"tiered_pricing_minimum_quantity":null,"tiered_pricing_roles_data":[],"tiered_pricing_percentage_rules":[],"tiered_pricing_maximum_quantity":null,"tiered_pricing_quantity_step":null,"_links":{"self":[{"href":"https:\/\/fizzyvape.eu\/it\/wp-json\/wp\/v2\/product\/25355","targetHints":{"allow":["GET"]}}],"collection":[{"href":"https:\/\/fizzyvape.eu\/it\/wp-json\/wp\/v2\/product"}],"about":[{"href":"https:\/\/fizzyvape.eu\/it\/wp-json\/wp\/v2\/types\/product"}],"replies":[{"embeddable":true,"href":"https:\/\/fizzyvape.eu\/it\/wp-json\/wp\/v2\/comments?post=25355"}],"version-history":[{"count":0,"href":"https:\/\/fizzyvape.eu\/it\/wp-json\/wp\/v2\/product\/25355\/revisions"}],"wp:featuredmedia":[{"embeddable":true,"href":"https:\/\/fizzyvape.eu\/it\/wp-json\/wp\/v2\/media\/29995"}],"wp:attachment":[{"href":"https:\/\/fizzyvape.eu\/it\/wp-json\/wp\/v2\/media?parent=25355"}],"wp:term":[{"taxonomy":"product_brand","embeddable":true,"href":"https:\/\/fizzyvape.eu\/it\/wp-json\/wp\/v2\/product_brand?post=25355"},{"taxonomy":"product_cat","embeddable":true,"href":"https:\/\/fizzyvape.eu\/it\/wp-json\/wp\/v2\/product_cat?post=25355"},{"taxonomy":"product_tag","embeddable":true,"href":"https:\/\/fizzyvape.eu\/it\/wp-json\/wp\/v2\/product_tag?post=25355"}],"curies":[{"name":"wp","href":"https:\/\/api.w.org\/{rel}","templated":true}]}}