{"id":25624,"date":"2025-03-30T21:15:18","date_gmt":"2025-03-30T13:15:18","guid":{"rendered":"https:\/\/fizzyvape.eu\/product\/fizzy-nova-plus-kiwi-frutto-della-passione-guava-40000-bigne-10-pz\/"},"modified":"2026-01-12T09:48:36","modified_gmt":"2026-01-12T01:48:36","slug":"fizzy-nova-plus-kiwi-frutto-della-passione-guava-40000-bigne-10-pz","status":"publish","type":"product","link":"https:\/\/fizzyvape.eu\/it\/prodotto\/fizzy-nova-plus-kiwi-frutto-della-passione-guava-40000-bigne-10-pz\/","title":{"rendered":"Fizzy Nova Plus Kiwi Frutto della Passione Guava &#8211; 40000 Bign\u00e8 &#8211; 10 pz."},"content":{"rendered":"<div>\n<h1><strong>Fizzy Nova Plus Kiwi Frutto della Passione Guava 40000 Bocconi &#8211; Vape monouso esotico a fusione tropicale<\/strong><\/h1>\n<p>Lasciati trasportare da una vibrante avventura tropicale con <strong>Fizzy Nova Plus Kiwi Passion Fruit Guava 40000 Puffs, in cui il<\/strong>kiwi saporito (40%), il frutto della passione piccante (30%) e la guava cremosa (30%) si fondono in una sinfonia esotica perfettamente bilanciata. Questa svapata usa e getta di qualit\u00e0 superiore offre <strong>40.000 boccate ultra-lisce<\/strong> della nostra fusione di frutta pi\u00f9 esaltante, catturando l&#8217;essenza di un paradiso baciato dal sole in ogni nuvola. <\/p>\n<h3>Caratteristiche principali:<\/h3>\n<p>\ud83d\udd39 <strong>40.000 puff<\/strong> &#8211; Un numero di puff leader nel settore per un&#8217;esperienza di vaping prolungata e soddisfacente.<br \/>\n\ud83d\udd39 <strong>40mL di liquido elettronico pre-riempito<\/strong> &#8211; Una capacit\u00e0 enorme di e-juice per settimane di divertimento ininterrotto.<br \/>\n\ud83d\udd39 <strong>Sistema di bobine a doppia maglia<\/strong>: sapore pi\u00f9 ricco e vapore pi\u00f9 denso per una sessione di vaping di alto livello.<br \/>\n\ud83d\udd39 <strong>Modalit\u00e0 Eco e Turbo<\/strong> &#8211; Passa da un&#8217;estrazione fluida e costante a un tiro intenso e potente.<br \/>\n\ud83d\udd39 <strong>Display LED intelligente<\/strong>: tiene traccia della durata della batteria e dei livelli di e-liquid per un utilizzo senza problemi.<br \/>\n\ud83d\udd39 <strong>Ricarica rapida Type-C<\/strong> &#8211; Ricarica rapidamente la <strong>batteria da 850mAh<\/strong> con la moderna USB-C.  <\/p>\n<h3><strong>Profilo aromatico:<\/strong><\/h3>\n<p>\ud83e\udd5d <strong>Prima nota:<\/strong> kiwi brillante e acidulo (40%)<br \/>\n\ud83c\udf48 <strong>Palato medio:<\/strong> Frutto della passione tropicale e lussureggiante (30%)<br \/>\n\ud83c\udf50 <strong>Finale:<\/strong> Liscio, dolce di guava (30%)<br \/>\n\u2728 <strong>Esperienza:<\/strong> Una miscela esotica perfettamente stratificata con zero retrogusto artificiale <\/p>\n<h3>Perch\u00e9 scegliere Fizzy Nova Plus?<\/h3>\n<p>\ud83d\udd25 <strong>Longevit\u00e0 impareggiabile<\/strong> &#8211; Con <strong>40.000 boccate<\/strong>, supera la maggior parte dei vapers usa e getta presenti sul mercato.<br \/>\n\ud83d\udc8e <strong>Qualit\u00e0 costruttiva premium<\/strong> &#8211; <strong>Corpo<\/strong> elegante <strong>in PCTG<\/strong> con finitura metallica per una maggiore durata e stile.<br \/>\n\ud83d\udc51 <strong>Gusto magistralmente miscelato<\/strong> &#8211; Sapientemente realizzato da mixologi professionisti per un gusto ricco e autentico.<br \/>\n\u26a1 <strong>Vaping personalizzabile<\/strong> &#8211; Regola tra le modalit\u00e0 <strong>Eco<\/strong> (rilassata) e <strong>Turbo<\/strong> (intensa) per ottenere il tuo colpo perfetto.<\/p>\n<\/div>\n<div>\n<h3><strong>Opzioni di nicotina:<\/strong><\/h3>\n<p>&#8211; <strong>2% (20mg\/mL)<\/strong> &#8211; Ideale per un&#8217;esperienza di vaping morbida e saporita<br \/>\n&#8211; <strong>5% (50mg\/mL)<\/strong> &#8211; Progettata per un colpo in gola pi\u00f9 forte e soddisfacente <\/p>\n<h3>Specifiche<\/h3>\n<table style=\"height: 449px;\" width=\"1340\">\n<tbody>\n<tr>\n<td>Puff<\/td>\n<td><strong>40000+ Puff<\/strong><\/td>\n<\/tr>\n<tr>\n<td>Capacit\u00e0 del liquido elettronico<\/td>\n<td><strong>40ml<\/strong><\/td>\n<\/tr>\n<tr>\n<td>Capacit\u00e0 della batteria<\/td>\n<td><strong>850mAh<\/strong><\/td>\n<\/tr>\n<tr>\n<td>Dimensioni<\/td>\n<td><strong>52,5*24,5*104,3 mm<\/strong><\/td>\n<\/tr>\n<tr>\n<td>Usa e getta o no<\/td>\n<td><strong>Monouso<\/strong><\/td>\n<\/tr>\n<tr>\n<td>Metodo di ricarica<\/td>\n<td><strong>Cavo<\/strong><\/td>\n<\/tr>\n<tr>\n<td>Metodo di attivazione<\/td>\n<td><strong>Sensore<\/strong><\/td>\n<\/tr>\n<tr>\n<td>Materiale<\/td>\n<td><strong>PCTG<\/strong><\/td>\n<\/tr>\n<tr>\n<td>Livello di nicotina<\/td>\n<td><strong>2% (20mg\/mL) e 5% (50mg\/mL)<\/strong><\/td>\n<\/tr>\n<tr>\n<td>Aromi<\/td>\n<td><strong>12<\/strong><\/td>\n<\/tr>\n<tr>\n<td>Confezione<\/td>\n<td><strong>1 confezione<\/strong><\/td>\n<\/tr>\n<tr>\n<td>Tempo di ricarica<\/td>\n<td><strong>2 ore<\/strong><\/td>\n<\/tr>\n<tr>\n<td>Conservazione<\/td>\n<td><strong>Evita gli ambienti ad alta temperatura e conservali in un luogo fresco e asciutto.<\/strong><\/td>\n<\/tr>\n<tr>\n<td>Persone a cui \u00e8 vietato l&#8217;uso<\/td>\n<td><strong>Minori, donne in gravidanza e persone allergiche agli ingredienti del prodotto.<\/strong><\/td>\n<\/tr>\n<tr>\n<td>Attenzione<\/td>\n<td><strong>Non ingerire questa sostanza. In caso di ingestione, sciacqua la bocca accuratamente e immediatamente. Se ti senti male, rivolgiti a un medico.  <\/strong><\/td>\n<\/tr>\n<\/tbody>\n<\/table>\n<h3>Elenco dei gusti di <strong>Fizzy Nova Plus <\/strong>40000 Puffs:<\/h3>\n<ol>\n<li><a href=\"https:\/\/fizzyvape.eu\/it\/prodotto\/fizzy-nova-plus-fragola-kiwi-40000-bigne-10-pezzi\/\">Kiwi alla fragola<\/a><\/li>\n<li><a href=\"https:\/\/fizzyvape.eu\/it\/prodotto\/fizzy-nova-plus-mirtillo-ghiacciato-40000-bigne-10-pezzi\/\">Ghiaccio al mirtillo<\/a><\/li>\n<li><a href=\"https:\/\/fizzyvape.eu\/it\/prodotto\/fizzy-nova-plus-anguria-ghiacciata-40000-bigne-10-pezzi\/\">Ghiaccio all&#8217;anguria<\/a><\/li>\n<li><a href=\"https:\/\/fizzyvape.eu\/it\/prodotto\/fizzy-nova-plus-pesca-mango-anguria-40000-bigne-10-pezzi\/\">Pesca, mango e anguria<\/a><\/li>\n<li><a href=\"https:\/\/fizzyvape.eu\/it\/prodotto\/fizzy-nova-plus-kiwi-frutto-della-passione-guava-40000-bigne-10-pz\/\">Kiwi Frutto della Passione Guava<\/a><\/li>\n<li><a href=\"https:\/\/fizzyvape.eu\/it\/prodotto\/fizzy-nova-plus-lampone-limone-40000-bigne-10-pezzi\/\">Lampone e limone<\/a><\/li>\n<li><a href=\"https:\/\/fizzyvape.eu\/it\/prodotto\/fizzy-nova-plus-triple-berry-40000-bigne-10-pezzi\/\">Bacca tripla<\/a><\/li>\n<li><a href=\"https:\/\/fizzyvape.eu\/it\/prodotto\/fizzy-nova-plus-peach-ice-40000-bigne-10-pezzi\/\">Ghiaccio alla pesca<\/a><\/li>\n<li><a href=\"https:\/\/fizzyvape.eu\/it\/prodotto\/fizzy-nova-plus-uva-lime-40000-bigne-10-pezzi\/\">Uva e lime<\/a><\/li>\n<li><a href=\"https:\/\/fizzyvape.eu\/it\/prodotto\/fizzy-nova-plus-blue-razz-lemonade-40000-bigne-10-pezzi\/\">Limonata Blue Razz<\/a><\/li>\n<li><a href=\"https:\/\/fizzyvape.eu\/it\/prodotto\/fizzy-nova-plus-fragola-ghiaccio-40000-bigne-10-pezzi\/\">Ghiaccio alla fragola<\/a><\/li>\n<li><a href=\"https:\/\/fizzyvape.eu\/it\/prodotto\/fizzy-nova-plus-mirtillo-cocco-40000-bigne-10-pezzi\/\">Mirtillo e cocco<\/a><\/li>\n<\/ol>\n<h3>FAQ su Fizzy Nova Plus Kiwi Passion Fruit Guava 40000 Puffs Vape<\/h3>\n<p><strong>1. Quanto dura la svapata Fizzy Nova Plus 40.000 Puffs?<\/strong><\/p>\n<p>La durata dipende dall&#8217;uso che se ne fa, ma con <strong>40.000 boccate<\/strong>, in genere dura <strong>da settimane a mesi<\/strong> per i vapers medi. I forti consumatori possono finirla prima, mentre i consumatori moderati possono goderne per un periodo pi\u00f9 lungo. <\/p>\n<p><strong>2. Come faccio a sapere quando la batteria o l&#8217;e-liquid sono esauriti?<\/strong><\/p>\n<p>Il <strong>display LED intelligente<\/strong> mostra in tempo reale i livelli della batteria e del succo elettronico:<\/p>\n<ul>\n<li><strong>Indicatore della batteria:<\/strong> Visualizza la carica residua.<\/li>\n<li><strong>Indicatore del liquido elettronico:<\/strong> Ti avverte quando il succo sta per esaurirsi.<\/li>\n<\/ul>\n<p><strong>3. Qual \u00e8 la differenza tra la modalit\u00e0 Eco e la modalit\u00e0 Turbo?<\/strong><\/p>\n<ul>\n<li><strong>Modalit\u00e0 Eco:<\/strong> Prelievi uniformi e costanti con <strong>una maggiore durata della batteria<\/strong>.<\/li>\n<li><strong>Modalit\u00e0 Turbo:<\/strong> <strong>Aroma e produzione di vapore<\/strong> pi\u00f9 <strong>intensi<\/strong> per un colpo pi\u00f9 forte.<\/li>\n<\/ul>\n<p><strong>4. Come si ricarica Fizzy Nova Plus?<\/strong><\/p>\n<p>Usa il <strong>cavo USB Type-C<\/strong> incluso per una ricarica rapida. La <strong>batteria da 850 mAh<\/strong> richiede in genere <strong>circa 60-90 minuti<\/strong> per ricaricarsi completamente. <\/p>\n<\/div>\n","protected":false},"excerpt":{"rendered":"<p><strong>Fizzy Nova Plus Kiwi Passion Fruit Guava 40000 Puff<\/strong> &#8211; Prova un&#8217;esotica fusione tropicale con kiwi piccante, frutto della passione piccante e guava cremosa in questa svapata usa e getta di lunga durata. Goditi <strong>40.000 boccate ultra lisce<\/strong>, le doppie bobine a rete, il display LED intelligente e la ricarica rapida Type-C per un vaping di qualit\u00e0 superiore. <\/p>\n","protected":false},"featured_media":30004,"comment_status":"open","ping_status":"closed","template":"","meta":{"iawp_total_views":0},"product_brand":[],"product_cat":[340],"product_tag":[341],"class_list":{"0":"post-25624","1":"product","2":"type-product","3":"status-publish","4":"has-post-thumbnail","6":"product_cat-nova-plus-sigaretta-elettronica-usa-e-getta-da-it","7":"product_tag-40000-soffi","9":"first","10":"outofstock","11":"sale","12":"shipping-taxable","13":"purchasable","14":"product-type-variable"},"yoast_head":"<!-- This site is optimized with the Yoast SEO Premium plugin v24.8 (Yoast SEO v24.8) - https:\/\/yoast.com\/wordpress\/plugins\/seo\/ -->\n<title>Fizzy Nova Plus Kiwi Frutto della Passione Guava - 40000 Bign\u00e8 - 10 pz. - fizzyvape.eu<\/title>\n<meta name=\"description\" content=\"Ottieni 10 pezzi di Fizzy Nova Kiwi Passion Guava-40000 puff usa e getta dal sapore esotico tropicale con hit fluidi, nuvole audaci e prestazioni di lunga durata.\" \/>\n<meta name=\"robots\" content=\"index, follow, max-snippet:-1, max-image-preview:large, max-video-preview:-1\" \/>\n<link rel=\"canonical\" href=\"https:\/\/fizzyvape.eu\/it\/prodotto\/fizzy-nova-plus-kiwi-frutto-della-passione-guava-40000-bigne-10-pz\/\" \/>\n<meta property=\"og:locale\" content=\"it_IT\" \/>\n<meta property=\"og:type\" content=\"article\" \/>\n<meta property=\"og:title\" content=\"Fizzy Nova Plus Kiwi Frutto della Passione Guava - 40000 Bign\u00e8 - 10 pz.\" \/>\n<meta property=\"og:description\" content=\"Ottieni 10 pezzi di Fizzy Nova Kiwi Passion Guava-40000 puff usa e getta dal sapore esotico tropicale con hit fluidi, nuvole audaci e prestazioni di lunga durata.\" \/>\n<meta property=\"og:url\" content=\"https:\/\/fizzyvape.eu\/it\/prodotto\/fizzy-nova-plus-kiwi-frutto-della-passione-guava-40000-bigne-10-pz\/\" \/>\n<meta property=\"og:site_name\" content=\"fizzyvape.eu\" \/>\n<meta property=\"article:modified_time\" content=\"2026-01-12T01:48:36+00:00\" \/>\n<meta property=\"og:image\" content=\"https:\/\/www.fizzyvape.eu\/wp-content\/uploads\/2025\/04\/Fizzy-Nova-Plus-Peach-Mango-Watermelon-40000Puffs-Kiwi-Passion-Fruit-Guava.webp\" \/>\n\t<meta property=\"og:image:width\" content=\"800\" \/>\n\t<meta property=\"og:image:height\" content=\"800\" \/>\n\t<meta property=\"og:image:type\" content=\"image\/webp\" \/>\n<meta name=\"twitter:card\" content=\"summary_large_image\" \/>\n<meta name=\"twitter:label1\" content=\"Disponibilit\u00e0\" \/>\n\t<meta name=\"twitter:data1\" content=\"Esaurito\" \/>\n<script type=\"application\/ld+json\" class=\"yoast-schema-graph\">{\"@context\":\"https:\/\/schema.org\",\"@graph\":[{\"@type\":\"WebPage\",\"@id\":\"https:\/\/fizzyvape.eu\/it\/prodotto\/fizzy-nova-plus-kiwi-frutto-della-passione-guava-40000-bigne-10-pz\/\",\"url\":\"https:\/\/fizzyvape.eu\/it\/prodotto\/fizzy-nova-plus-kiwi-frutto-della-passione-guava-40000-bigne-10-pz\/\",\"name\":\"Fizzy Nova Plus Kiwi Frutto della Passione Guava - 40000 Bign\u00e8 - 10 pz. - fizzyvape.eu\",\"isPartOf\":{\"@id\":\"https:\/\/www.fizzyvape.eu\/it\/#website\"},\"primaryImageOfPage\":{\"@id\":\"https:\/\/fizzyvape.eu\/it\/prodotto\/fizzy-nova-plus-kiwi-frutto-della-passione-guava-40000-bigne-10-pz\/#primaryimage\"},\"image\":{\"@id\":\"https:\/\/fizzyvape.eu\/it\/prodotto\/fizzy-nova-plus-kiwi-frutto-della-passione-guava-40000-bigne-10-pz\/#primaryimage\"},\"thumbnailUrl\":\"https:\/\/fizzyvape.eu\/wp-content\/uploads\/2025\/03\/Fizzy-Nova-Plus-40000-Puffs-Kiwi-Passion-Fruit-Guava-10pcs.webp\",\"datePublished\":\"2025-03-30T13:15:18+00:00\",\"dateModified\":\"2026-01-12T01:48:36+00:00\",\"description\":\"Ottieni 10 pezzi di Fizzy Nova Kiwi Passion Guava-40000 puff usa e getta dal sapore esotico tropicale con hit fluidi, nuvole audaci e prestazioni di lunga durata.\",\"breadcrumb\":{\"@id\":\"https:\/\/fizzyvape.eu\/it\/prodotto\/fizzy-nova-plus-kiwi-frutto-della-passione-guava-40000-bigne-10-pz\/#breadcrumb\"},\"inLanguage\":\"it-IT\",\"potentialAction\":[{\"@type\":\"ReadAction\",\"target\":[\"https:\/\/fizzyvape.eu\/it\/prodotto\/fizzy-nova-plus-kiwi-frutto-della-passione-guava-40000-bigne-10-pz\/\"]}]},{\"@type\":\"ImageObject\",\"inLanguage\":\"it-IT\",\"@id\":\"https:\/\/fizzyvape.eu\/it\/prodotto\/fizzy-nova-plus-kiwi-frutto-della-passione-guava-40000-bigne-10-pz\/#primaryimage\",\"url\":\"https:\/\/fizzyvape.eu\/wp-content\/uploads\/2025\/03\/Fizzy-Nova-Plus-40000-Puffs-Kiwi-Passion-Fruit-Guava-10pcs.webp\",\"contentUrl\":\"https:\/\/fizzyvape.eu\/wp-content\/uploads\/2025\/03\/Fizzy-Nova-Plus-40000-Puffs-Kiwi-Passion-Fruit-Guava-10pcs.webp\",\"width\":800,\"height\":800,\"caption\":\"Fizzy Nova Plus 40000 Bign\u00e8 Kiwi Frutto della Passione Guava 10 pezzi\"},{\"@type\":\"BreadcrumbList\",\"@id\":\"https:\/\/fizzyvape.eu\/it\/prodotto\/fizzy-nova-plus-kiwi-frutto-della-passione-guava-40000-bigne-10-pz\/#breadcrumb\",\"itemListElement\":[{\"@type\":\"ListItem\",\"position\":1,\"name\":\"Home\",\"item\":\"https:\/\/fizzyvape.eu\/it\/\"},{\"@type\":\"ListItem\",\"position\":2,\"name\":\"Negozio\",\"item\":\"https:\/\/www.fizzyvape.eu\/it\/negozio\/\"},{\"@type\":\"ListItem\",\"position\":3,\"name\":\"Fizzy Nova Plus Kiwi Frutto della Passione Guava &#8211; 40000 Bign\u00e8 &#8211; 10 pz.\"}]},{\"@type\":\"WebSite\",\"@id\":\"https:\/\/www.fizzyvape.eu\/it\/#website\",\"url\":\"https:\/\/www.fizzyvape.eu\/it\/\",\"name\":\"fizzyvape.eu\",\"description\":\"Refreshing Vapes. Unforgettable Taste.\",\"publisher\":{\"@id\":\"https:\/\/www.fizzyvape.eu\/it\/#organization\"},\"potentialAction\":[{\"@type\":\"SearchAction\",\"target\":{\"@type\":\"EntryPoint\",\"urlTemplate\":\"https:\/\/www.fizzyvape.eu\/it\/?s={search_term_string}\"},\"query-input\":{\"@type\":\"PropertyValueSpecification\",\"valueRequired\":true,\"valueName\":\"search_term_string\"}}],\"inLanguage\":\"it-IT\"},{\"@type\":\"Organization\",\"@id\":\"https:\/\/www.fizzyvape.eu\/it\/#organization\",\"name\":\"fizzyvape.eu\",\"url\":\"https:\/\/www.fizzyvape.eu\/it\/\",\"logo\":{\"@type\":\"ImageObject\",\"inLanguage\":\"it-IT\",\"@id\":\"https:\/\/www.fizzyvape.eu\/it\/#\/schema\/logo\/image\/\",\"url\":\"https:\/\/fizzyvape.eu\/wp-content\/uploads\/2019\/06\/print-1.svg\",\"contentUrl\":\"https:\/\/fizzyvape.eu\/wp-content\/uploads\/2019\/06\/print-1.svg\",\"width\":124,\"height\":37,\"caption\":\"fizzyvape.eu\"},\"image\":{\"@id\":\"https:\/\/www.fizzyvape.eu\/it\/#\/schema\/logo\/image\/\"}}]}<\/script>\n<meta property=\"og:availability\" content=\"out of stock\" \/>\n<meta property=\"product:availability\" content=\"out of stock\" \/>\n<meta property=\"product:condition\" content=\"new\" \/>\n<!-- \/ Yoast SEO Premium plugin. -->","yoast_head_json":{"title":"Fizzy Nova Plus Kiwi Frutto della Passione Guava - 40000 Bign\u00e8 - 10 pz. - fizzyvape.eu","description":"Ottieni 10 pezzi di Fizzy Nova Kiwi Passion Guava-40000 puff usa e getta dal sapore esotico tropicale con hit fluidi, nuvole audaci e prestazioni di lunga durata.","robots":{"index":"index","follow":"follow","max-snippet":"max-snippet:-1","max-image-preview":"max-image-preview:large","max-video-preview":"max-video-preview:-1"},"canonical":"https:\/\/fizzyvape.eu\/it\/prodotto\/fizzy-nova-plus-kiwi-frutto-della-passione-guava-40000-bigne-10-pz\/","og_locale":"it_IT","og_type":"article","og_title":"Fizzy Nova Plus Kiwi Frutto della Passione Guava - 40000 Bign\u00e8 - 10 pz.","og_description":"Ottieni 10 pezzi di Fizzy Nova Kiwi Passion Guava-40000 puff usa e getta dal sapore esotico tropicale con hit fluidi, nuvole audaci e prestazioni di lunga durata.","og_url":"https:\/\/fizzyvape.eu\/it\/prodotto\/fizzy-nova-plus-kiwi-frutto-della-passione-guava-40000-bigne-10-pz\/","og_site_name":"fizzyvape.eu","article_modified_time":"2026-01-12T01:48:36+00:00","og_image":[{"width":800,"height":800,"url":"https:\/\/www.fizzyvape.eu\/wp-content\/uploads\/2025\/04\/Fizzy-Nova-Plus-Peach-Mango-Watermelon-40000Puffs-Kiwi-Passion-Fruit-Guava.webp","type":"image\/webp"}],"twitter_card":"summary_large_image","twitter_misc":{"Disponibilit\u00e0":"Esaurito"},"schema":{"@context":"https:\/\/schema.org","@graph":[{"@type":"WebPage","@id":"https:\/\/fizzyvape.eu\/it\/prodotto\/fizzy-nova-plus-kiwi-frutto-della-passione-guava-40000-bigne-10-pz\/","url":"https:\/\/fizzyvape.eu\/it\/prodotto\/fizzy-nova-plus-kiwi-frutto-della-passione-guava-40000-bigne-10-pz\/","name":"Fizzy Nova Plus Kiwi Frutto della Passione Guava - 40000 Bign\u00e8 - 10 pz. - fizzyvape.eu","isPartOf":{"@id":"https:\/\/www.fizzyvape.eu\/it\/#website"},"primaryImageOfPage":{"@id":"https:\/\/fizzyvape.eu\/it\/prodotto\/fizzy-nova-plus-kiwi-frutto-della-passione-guava-40000-bigne-10-pz\/#primaryimage"},"image":{"@id":"https:\/\/fizzyvape.eu\/it\/prodotto\/fizzy-nova-plus-kiwi-frutto-della-passione-guava-40000-bigne-10-pz\/#primaryimage"},"thumbnailUrl":"https:\/\/fizzyvape.eu\/wp-content\/uploads\/2025\/03\/Fizzy-Nova-Plus-40000-Puffs-Kiwi-Passion-Fruit-Guava-10pcs.webp","datePublished":"2025-03-30T13:15:18+00:00","dateModified":"2026-01-12T01:48:36+00:00","description":"Ottieni 10 pezzi di Fizzy Nova Kiwi Passion Guava-40000 puff usa e getta dal sapore esotico tropicale con hit fluidi, nuvole audaci e prestazioni di lunga durata.","breadcrumb":{"@id":"https:\/\/fizzyvape.eu\/it\/prodotto\/fizzy-nova-plus-kiwi-frutto-della-passione-guava-40000-bigne-10-pz\/#breadcrumb"},"inLanguage":"it-IT","potentialAction":[{"@type":"ReadAction","target":["https:\/\/fizzyvape.eu\/it\/prodotto\/fizzy-nova-plus-kiwi-frutto-della-passione-guava-40000-bigne-10-pz\/"]}]},{"@type":"ImageObject","inLanguage":"it-IT","@id":"https:\/\/fizzyvape.eu\/it\/prodotto\/fizzy-nova-plus-kiwi-frutto-della-passione-guava-40000-bigne-10-pz\/#primaryimage","url":"https:\/\/fizzyvape.eu\/wp-content\/uploads\/2025\/03\/Fizzy-Nova-Plus-40000-Puffs-Kiwi-Passion-Fruit-Guava-10pcs.webp","contentUrl":"https:\/\/fizzyvape.eu\/wp-content\/uploads\/2025\/03\/Fizzy-Nova-Plus-40000-Puffs-Kiwi-Passion-Fruit-Guava-10pcs.webp","width":800,"height":800,"caption":"Fizzy Nova Plus 40000 Bign\u00e8 Kiwi Frutto della Passione Guava 10 pezzi"},{"@type":"BreadcrumbList","@id":"https:\/\/fizzyvape.eu\/it\/prodotto\/fizzy-nova-plus-kiwi-frutto-della-passione-guava-40000-bigne-10-pz\/#breadcrumb","itemListElement":[{"@type":"ListItem","position":1,"name":"Home","item":"https:\/\/fizzyvape.eu\/it\/"},{"@type":"ListItem","position":2,"name":"Negozio","item":"https:\/\/www.fizzyvape.eu\/it\/negozio\/"},{"@type":"ListItem","position":3,"name":"Fizzy Nova Plus Kiwi Frutto della Passione Guava &#8211; 40000 Bign\u00e8 &#8211; 10 pz."}]},{"@type":"WebSite","@id":"https:\/\/www.fizzyvape.eu\/it\/#website","url":"https:\/\/www.fizzyvape.eu\/it\/","name":"fizzyvape.eu","description":"Refreshing Vapes. Unforgettable Taste.","publisher":{"@id":"https:\/\/www.fizzyvape.eu\/it\/#organization"},"potentialAction":[{"@type":"SearchAction","target":{"@type":"EntryPoint","urlTemplate":"https:\/\/www.fizzyvape.eu\/it\/?s={search_term_string}"},"query-input":{"@type":"PropertyValueSpecification","valueRequired":true,"valueName":"search_term_string"}}],"inLanguage":"it-IT"},{"@type":"Organization","@id":"https:\/\/www.fizzyvape.eu\/it\/#organization","name":"fizzyvape.eu","url":"https:\/\/www.fizzyvape.eu\/it\/","logo":{"@type":"ImageObject","inLanguage":"it-IT","@id":"https:\/\/www.fizzyvape.eu\/it\/#\/schema\/logo\/image\/","url":"https:\/\/fizzyvape.eu\/wp-content\/uploads\/2019\/06\/print-1.svg","contentUrl":"https:\/\/fizzyvape.eu\/wp-content\/uploads\/2019\/06\/print-1.svg","width":124,"height":37,"caption":"fizzyvape.eu"},"image":{"@id":"https:\/\/www.fizzyvape.eu\/it\/#\/schema\/logo\/image\/"}}]},"og_availability":"out of stock","product_availability":"out of stock","product_condition":"new"},"tiered_pricing_type":"fixed","tiered_pricing_fixed_rules":[],"tiered_pricing_product_settings":{"layout":"default","base_unit_name":{"singular":null,"plural":null},"default_variation":null},"tiered_pricing_minimum_quantity":null,"tiered_pricing_roles_data":[],"tiered_pricing_percentage_rules":[],"tiered_pricing_maximum_quantity":null,"tiered_pricing_quantity_step":null,"_links":{"self":[{"href":"https:\/\/fizzyvape.eu\/it\/wp-json\/wp\/v2\/product\/25624","targetHints":{"allow":["GET"]}}],"collection":[{"href":"https:\/\/fizzyvape.eu\/it\/wp-json\/wp\/v2\/product"}],"about":[{"href":"https:\/\/fizzyvape.eu\/it\/wp-json\/wp\/v2\/types\/product"}],"replies":[{"embeddable":true,"href":"https:\/\/fizzyvape.eu\/it\/wp-json\/wp\/v2\/comments?post=25624"}],"version-history":[{"count":0,"href":"https:\/\/fizzyvape.eu\/it\/wp-json\/wp\/v2\/product\/25624\/revisions"}],"wp:featuredmedia":[{"embeddable":true,"href":"https:\/\/fizzyvape.eu\/it\/wp-json\/wp\/v2\/media\/30004"}],"wp:attachment":[{"href":"https:\/\/fizzyvape.eu\/it\/wp-json\/wp\/v2\/media?parent=25624"}],"wp:term":[{"taxonomy":"product_brand","embeddable":true,"href":"https:\/\/fizzyvape.eu\/it\/wp-json\/wp\/v2\/product_brand?post=25624"},{"taxonomy":"product_cat","embeddable":true,"href":"https:\/\/fizzyvape.eu\/it\/wp-json\/wp\/v2\/product_cat?post=25624"},{"taxonomy":"product_tag","embeddable":true,"href":"https:\/\/fizzyvape.eu\/it\/wp-json\/wp\/v2\/product_tag?post=25624"}],"curies":[{"name":"wp","href":"https:\/\/api.w.org\/{rel}","templated":true}]}}