{"id":25679,"date":"2025-03-28T16:23:03","date_gmt":"2025-03-28T08:23:03","guid":{"rendered":"https:\/\/fizzyvape.eu\/product\/uva-frizzante-di-lusso-15000-bigne\/"},"modified":"2025-03-28T16:23:03","modified_gmt":"2025-03-28T08:23:03","slug":"uva-frizzante-di-lusso-15000-bigne","status":"publish","type":"product","link":"https:\/\/fizzyvape.eu\/it\/prodotto\/uva-frizzante-di-lusso-15000-bigne\/","title":{"rendered":"Uva frizzante di lusso &#8211; 15000 Bign\u00e8"},"content":{"rendered":"<div>\n<h2><strong>Fizzy Luxury Grape 15000 Puffs &#8211; Vape usa e getta Premium Metal Edition<\/strong><\/h2>\n<p>Concediti l&#8217;ultima evasione all&#8217;uva con <strong>Fizzy Luxury Grape 15000 Puffs<\/strong> &#8211; dove la dolcezza dell&#8217;uva viola (7,5\/10) incontra un&#8217;asprezza croccante (2,5\/10), il tutto racchiuso nel nostro corpo in metallo premium con controllo del flusso d&#8217;aria di precisione. Questo usa e getta d&#8217;\u00e9lite offre <strong>15.000 boccate ultra-lisce<\/strong> di sapore squisito, con la rivoluzionaria <strong>tecnologia Quartz Coil<\/strong> per una morbidezza e una purezza del sapore senza pari. <\/p>\n<h3><strong>Perch\u00e9 scegliere Fizzy Luxury Grape 15000 Puffs?<\/strong><\/h3>\n<p>\ud83c\udf47 <strong>Sapore d&#8217;uva magistrale<\/strong> &#8211; 75% di succosa dolcezza dell&#8217;uva bilanciata da un 25% di croccantezza per un&#8217;autentica freschezza da vigneto.<br \/>\n\ud83c\udf9b\ufe0f <strong>Controllo intelligente del flusso d&#8217;aria<\/strong> &#8211; Regola da MTL stretto a RDL morbido con il nostro quadrante di precisione in metallo.<br \/>\n\ud83d\udd36 <strong>Corpo in metallo di lusso<\/strong> &#8211; alluminio di grado aeronautico lavorato a CNC con finitura satinata<br \/>\n\u26a1 <strong>Estensione di 15.000 bolle<\/strong> &#8211; 25% in pi\u00f9 rispetto agli usa e getta premium standard<br \/>\n\ud83e\uddca <strong>Hit liscio come la seta<\/strong> &#8211; La bobina al quarzo offre un vapore pi\u00f9 fluido del 45% rispetto alle maglie tradizionali. <\/p>\n<h3><strong>Opzioni di nicotina:<\/strong><\/h3>\n<p>&#8211; <strong>2% (20mg\/mL)<\/strong> &#8211; Per un vaping morbido e saporito<br \/>\n&#8211; <strong>5% (50mg\/mL)<\/strong> &#8211; Per un colpo in gola soddisfacente <\/p>\n<\/div>\n<div>\n<h3>Specifiche<\/h3>\n<table style=\"height: 449px;\" width=\"1340\">\n<tbody>\n<tr>\n<td>Puff<\/td>\n<td><strong>Pi\u00f9 di 15000 Puff<\/strong><\/td>\n<\/tr>\n<tr>\n<td>Capacit\u00e0 del liquido elettronico<\/td>\n<td><strong>22ml<\/strong><\/td>\n<\/tr>\n<tr>\n<td>Capacit\u00e0 della batteria<\/td>\n<td><strong>650mAh<\/strong><\/td>\n<\/tr>\n<tr>\n<td>Bobina a rete<\/td>\n<td><strong>1.4\u03a9<\/strong><\/td>\n<\/tr>\n<tr>\n<td>Dimensioni<\/td>\n<td><strong>53*30*85,3 mm<\/strong><\/td>\n<\/tr>\n<tr>\n<td>Usa e getta o no<\/td>\n<td><strong>Monouso<\/strong><\/td>\n<\/tr>\n<tr>\n<td>Metodo di ricarica<\/td>\n<td><strong>Cavo<\/strong><\/td>\n<\/tr>\n<tr>\n<td>Metodo di attivazione<\/td>\n<td><strong>Sensore<\/strong><\/td>\n<\/tr>\n<tr>\n<td>Materiale<\/td>\n<td><strong>In metallo<\/strong><\/td>\n<\/tr>\n<tr>\n<td>Livello di nicotina<\/td>\n<td><strong>2% (20mg\/mL) e 5% (50mg\/mL)<\/strong><\/td>\n<\/tr>\n<tr>\n<td>Sapori<\/td>\n<td><strong>15<\/strong><\/td>\n<\/tr>\n<tr>\n<td>Confezione<\/td>\n<td><strong>1 confezione<\/strong><\/td>\n<\/tr>\n<tr>\n<td>Tempo di ricarica<\/td>\n<td><strong>2 ore<\/strong><\/td>\n<\/tr>\n<tr>\n<td>Conservazione<\/td>\n<td><strong>Evita gli ambienti ad alta temperatura e conservali in un luogo fresco e asciutto.<\/strong><\/td>\n<\/tr>\n<tr>\n<td>Persone a cui \u00e8 vietato l&#8217;uso<\/td>\n<td><strong>Minori, donne in gravidanza e persone allergiche agli ingredienti del prodotto.<\/strong><\/td>\n<\/tr>\n<tr>\n<td>Attenzione<\/td>\n<td><strong>Non ingerire questa sostanza. In caso di ingestione, sciacqua la bocca accuratamente e immediatamente. Se ti senti male, rivolgiti a un medico.  <\/strong><\/td>\n<\/tr>\n<\/tbody>\n<\/table>\n<h3>Elenco dei gusti di <strong>Fizzy Luxury <\/strong>15000 Puffs:<\/h3>\n<ol>\n<li><a href=\"https:\/\/fizzyvape.eu\/product\/fizzy-luxury-blueberry-raspberry-15000-puffs\/\">Mirtillo Lampone<\/a><\/li>\n<li><a href=\"https:\/\/fizzyvape.eu\/product\/fizzy-luxury-peach-15000-puffs\/\">Pesca<\/a><\/li>\n<li><a href=\"https:\/\/fizzyvape.eu\/it\/prodotto\/uva-frizzante-di-lusso-15000-bigne\/\">Uva<\/a><\/li>\n<li><a href=\"https:\/\/fizzyvape.eu\/it\/prodotto\/lusso-frizzante-al-mirtillo-15000-bigne\/\">Mirtillo<\/a><\/li>\n<li><a href=\"https:\/\/fizzyvape.eu\/product\/fizzy-luxury-strawberry-15000-puffs\/\">Fragola<\/a><\/li>\n<li><a href=\"https:\/\/fizzyvape.eu\/product\/fizzy-luxury-fizzy-cherry-15000-puffs\/\">Ciliegia frizzante<\/a><\/li>\n<li><a href=\"https:\/\/fizzyvape.eu\/product\/fizzy-luxury-raspberry-lemonade-15000-puffs\/\">Limonata al lampone<\/a><\/li>\n<li><a href=\"https:\/\/fizzyvape.eu\/product\/fizzy-luxury-sour-apple-15000-puffs\/\">Mela acida<\/a><\/li>\n<li><a href=\"https:\/\/fizzyvape.eu\/product\/fizzy-luxury-strawberry-kiwi-pomegranate-15000-puffs\/\">Fragola Kiwi Melograno<\/a><\/li>\n<li><a href=\"https:\/\/fizzyvape.eu\/it\/prodotto\/fizzy-luxury-lemon-lime-15000-bigne\/\">Limone e lime<\/a><\/li>\n<li><a href=\"https:\/\/fizzyvape.eu\/product\/fizzy-luxury-strawberry-banana-15000-puffs\/\">Fragola e banana<\/a><\/li>\n<li><a href=\"https:\/\/fizzyvape.eu\/product\/fizzy-luxury-orange-mango-watermelon-15000-puffs\/\">Arancia Mango Anguria<\/a><\/li>\n<li><a href=\"https:\/\/fizzyvape.eu\/it\/prodotto\/red-bull-di-lusso-frizzante-15000-boccate\/\">Red Bull<\/a><\/li>\n<li><a href=\"https:\/\/fizzyvape.eu\/it\/prodotto\/limonata-rosa-frizzante-di-lusso-15000-bigne\/\">Limonata rosa<\/a><\/li>\n<li><a href=\"https:\/\/fizzyvape.eu\/it\/prodotto\/fizzy-luxury-kiwi-frutto-della-passione-guava-15000-bigne\/\">Kiwi Frutto della Passione Guava<\/a><\/li>\n<\/ol>\n<h3>Domande frequenti su Fizzy Luxury Grape 15000 Puffs Vape<\/h3>\n<ul>\n<li class=\"\" data-start=\"57\" data-end=\"276\">\n<p class=\"\" data-start=\"60\" data-end=\"276\"><strong data-start=\"60\" data-end=\"127\">Che sapore ha la Fizzy Luxury Grape 15000 Puffs Vape?<\/strong><br data-start=\"127\" data-end=\"130\">Offre un audace e succoso sapore d&#8217;uva con una dolcezza ricca e vellutata, esaltata da una finitura liscia e ghiacciata per un&#8217;esperienza di svapo rinfrescante.<\/p>\n<\/li>\n<li class=\"\" data-start=\"278\" data-end=\"470\">\n<p class=\"\" data-start=\"281\" data-end=\"470\"><strong data-start=\"281\" data-end=\"332\">Quanto dura la Fizzy Luxury Grape Vape?<\/strong><br data-start=\"332\" data-end=\"335\">Con una capacit\u00e0 di <strong data-start=\"355\" data-end=\"372\">15.000+ boccate<\/strong>, questa svapata \u00e8 progettata per durare circa <strong data-start=\"427\" data-end=\"440\">4-5 settimane<\/strong>, a seconda delle abitudini di utilizzo.<\/p>\n<\/li>\n<li class=\"\" data-start=\"472\" data-end=\"663\">\n<p class=\"\" data-start=\"475\" data-end=\"663\"><strong data-start=\"475\" data-end=\"535\">Il Fizzy Luxury Grape 15000 Puffs Vape \u00e8 ricaricabile?<\/strong><br data-start=\"535\" data-end=\"538\">S\u00ec, \u00e8 dotato di <strong data-start=\"558\" data-end=\"581\">ricarica rapida USB-C<\/strong>, che ti permette di sfruttare appieno la <strong data-start=\"616\" data-end=\"642\">capacit\u00e0 di 22 ml di e-liquid<\/strong> senza sprechi.<\/p>\n<\/li>\n<li class=\"\" data-start=\"665\" data-end=\"835\">\n<p class=\"\" data-start=\"668\" data-end=\"835\"><strong data-start=\"668\" data-end=\"710\">Quali sono le gradazioni di nicotina disponibili?<\/strong><br data-start=\"710\" data-end=\"713\">Questa svapata \u00e8 disponibile al <strong data-start=\"735\" data-end=\"751\">2% (20mg\/mL)<\/strong>, per un hit morbido, e al <strong data-start=\"773\" data-end=\"789\">5% (50mg\/mL)<\/strong>, per un colpo in gola pi\u00f9 forte e soddisfacente.<\/p>\n<\/li>\n<li class=\"\" data-start=\"837\" data-end=\"1096\">\n<p class=\"\" data-start=\"840\" data-end=\"1096\"><strong data-start=\"840\" data-end=\"902\">Perch\u00e9 scegliere Fizzy Luxury Grape rispetto agli altri vapers usa e getta?<\/strong><br data-start=\"902\" data-end=\"905\">Si distingue per le <strong data-start=\"927\" data-end=\"946\">doppie bobine a rete<\/strong> per un sapore intenso, la <strong data-start=\"967\" data-end=\"992\">tecnologia a prova di perdite<\/strong> e un <strong data-start=\"1000\" data-end=\"1027\">design elegante ed ergonomico<\/strong>, che offre un&#8217;esperienza di vaping di alto livello con prestazioni di lunga durata.<\/p>\n<\/li>\n<\/ul>\n<\/div>\n","protected":false},"excerpt":{"rendered":"<p>Prova il massimo dell&#8217;indulgenza all&#8217;uva con <strong data-start=\"71\" data-end=\"105\" data-is-only-node=\"\">Fizzy Luxury Grape 15000 Puffs<\/strong>, una svapata monouso di qualit\u00e0 che unisce la <strong data-start=\"143\" data-end=\"192\">dolcezza dell&#8217;uva a una croccantezza finale<\/strong>. Racchiusa in un <strong data-start=\"208\" data-end=\"237\">corpo in metallo di qualit\u00e0 aeronautica<\/strong>, \u00e8 dotata della <strong data-start=\"251\" data-end=\"277\">tecnologia Quartz Coil<\/strong> per un vapore pi\u00f9 fluido del 45% e di un <strong data-start=\"305\" data-end=\"330\">controllo intelligente del flusso d&#8217;aria<\/strong> per un&#8217;estrazione personalizzabile. Goditi <strong data-start=\"362\" data-end=\"392\">15.000+ boccate ultra-lisce<\/strong> con la ricarica rapida USB-C e la doppia opzione di nicotina (2% e 5%).  <\/p>\n","protected":false},"featured_media":21237,"comment_status":"open","ping_status":"closed","template":"","meta":{"iawp_total_views":0},"product_brand":[],"product_cat":[324],"product_tag":[325],"class_list":{"0":"post-25679","1":"product","2":"type-product","3":"status-publish","4":"has-post-thumbnail","6":"product_cat-luxury-it","7":"product_tag-15000-soffi","9":"first","10":"outofstock","11":"shipping-taxable","12":"purchasable","13":"product-type-variable"},"yoast_head":"<!-- This site is optimized with the Yoast SEO Premium plugin v24.8 (Yoast SEO v24.8) - https:\/\/yoast.com\/wordpress\/plugins\/seo\/ -->\n<title>Uva frizzante di lusso - 15000 Bign\u00e8 - fizzyvape.eu<\/title>\n<meta name=\"robots\" content=\"index, follow, max-snippet:-1, max-image-preview:large, max-video-preview:-1\" \/>\n<link rel=\"canonical\" href=\"https:\/\/fizzyvape.eu\/it\/prodotto\/uva-frizzante-di-lusso-15000-bigne\/\" \/>\n<meta property=\"og:locale\" content=\"it_IT\" \/>\n<meta property=\"og:type\" content=\"article\" \/>\n<meta property=\"og:title\" content=\"Uva frizzante di lusso - 15000 Bign\u00e8\" \/>\n<meta property=\"og:description\" content=\"Prova il massimo dell&#039;indulgenza all&#039;uva con Fizzy Luxury Grape 15000 Puffs, una svapata monouso di qualit\u00e0 che unisce la dolcezza dell&#039;uva a una croccantezza finale. Racchiusa in un corpo in metallo di qualit\u00e0 aeronautica, \u00e8 dotata della tecnologia Quartz Coil per un vapore pi\u00f9 fluido del 45% e di un controllo intelligente del flusso d&#039;aria per un&#039;estrazione personalizzabile. Goditi 15.000+ boccate ultra-lisce con la ricarica rapida USB-C e la doppia opzione di nicotina (2% e 5%).\" \/>\n<meta property=\"og:url\" content=\"https:\/\/fizzyvape.eu\/it\/prodotto\/uva-frizzante-di-lusso-15000-bigne\/\" \/>\n<meta property=\"og:site_name\" content=\"fizzyvape.eu\" \/>\n<meta property=\"og:image\" content=\"https:\/\/www.fizzyvape.eu\/wp-content\/uploads\/2025\/03\/Fizzy-Luxury-Grape-15000puff.jpg\" \/>\n\t<meta property=\"og:image:width\" content=\"1500\" \/>\n\t<meta property=\"og:image:height\" content=\"1500\" \/>\n\t<meta property=\"og:image:type\" content=\"image\/jpeg\" \/>\n<meta name=\"twitter:card\" content=\"summary_large_image\" \/>\n<meta name=\"twitter:label1\" content=\"Disponibilit\u00e0\" \/>\n\t<meta name=\"twitter:data1\" content=\"Esaurito\" \/>\n<script type=\"application\/ld+json\" class=\"yoast-schema-graph\">{\"@context\":\"https:\/\/schema.org\",\"@graph\":[{\"@type\":\"WebPage\",\"@id\":\"https:\/\/fizzyvape.eu\/it\/prodotto\/uva-frizzante-di-lusso-15000-bigne\/\",\"url\":\"https:\/\/fizzyvape.eu\/it\/prodotto\/uva-frizzante-di-lusso-15000-bigne\/\",\"name\":\"Uva frizzante di lusso - 15000 Bign\u00e8 - fizzyvape.eu\",\"isPartOf\":{\"@id\":\"https:\/\/www.fizzyvape.eu\/it\/#website\"},\"primaryImageOfPage\":{\"@id\":\"https:\/\/fizzyvape.eu\/it\/prodotto\/uva-frizzante-di-lusso-15000-bigne\/#primaryimage\"},\"image\":{\"@id\":\"https:\/\/fizzyvape.eu\/it\/prodotto\/uva-frizzante-di-lusso-15000-bigne\/#primaryimage\"},\"thumbnailUrl\":\"https:\/\/fizzyvape.eu\/wp-content\/uploads\/2025\/03\/Fizzy-Luxury-Grape-15000puff.jpg\",\"datePublished\":\"2025-03-28T08:23:03+00:00\",\"breadcrumb\":{\"@id\":\"https:\/\/fizzyvape.eu\/it\/prodotto\/uva-frizzante-di-lusso-15000-bigne\/#breadcrumb\"},\"inLanguage\":\"it-IT\",\"potentialAction\":[{\"@type\":\"ReadAction\",\"target\":[\"https:\/\/fizzyvape.eu\/it\/prodotto\/uva-frizzante-di-lusso-15000-bigne\/\"]}]},{\"@type\":\"ImageObject\",\"inLanguage\":\"it-IT\",\"@id\":\"https:\/\/fizzyvape.eu\/it\/prodotto\/uva-frizzante-di-lusso-15000-bigne\/#primaryimage\",\"url\":\"https:\/\/fizzyvape.eu\/wp-content\/uploads\/2025\/03\/Fizzy-Luxury-Grape-15000puff.jpg\",\"contentUrl\":\"https:\/\/fizzyvape.eu\/wp-content\/uploads\/2025\/03\/Fizzy-Luxury-Grape-15000puff.jpg\",\"width\":1500,\"height\":1500,\"caption\":\"Fizzy-Luxury-Grape-15000puff\"},{\"@type\":\"BreadcrumbList\",\"@id\":\"https:\/\/fizzyvape.eu\/it\/prodotto\/uva-frizzante-di-lusso-15000-bigne\/#breadcrumb\",\"itemListElement\":[{\"@type\":\"ListItem\",\"position\":1,\"name\":\"Home\",\"item\":\"https:\/\/fizzyvape.eu\/it\/\"},{\"@type\":\"ListItem\",\"position\":2,\"name\":\"Negozio\",\"item\":\"https:\/\/www.fizzyvape.eu\/it\/negozio\/\"},{\"@type\":\"ListItem\",\"position\":3,\"name\":\"Uva frizzante di lusso &#8211; 15000 Bign\u00e8\"}]},{\"@type\":\"WebSite\",\"@id\":\"https:\/\/www.fizzyvape.eu\/it\/#website\",\"url\":\"https:\/\/www.fizzyvape.eu\/it\/\",\"name\":\"fizzyvape.eu\",\"description\":\"Refreshing Vapes. Unforgettable Taste.\",\"publisher\":{\"@id\":\"https:\/\/www.fizzyvape.eu\/it\/#organization\"},\"potentialAction\":[{\"@type\":\"SearchAction\",\"target\":{\"@type\":\"EntryPoint\",\"urlTemplate\":\"https:\/\/www.fizzyvape.eu\/it\/?s={search_term_string}\"},\"query-input\":{\"@type\":\"PropertyValueSpecification\",\"valueRequired\":true,\"valueName\":\"search_term_string\"}}],\"inLanguage\":\"it-IT\"},{\"@type\":\"Organization\",\"@id\":\"https:\/\/www.fizzyvape.eu\/it\/#organization\",\"name\":\"fizzyvape.eu\",\"url\":\"https:\/\/www.fizzyvape.eu\/it\/\",\"logo\":{\"@type\":\"ImageObject\",\"inLanguage\":\"it-IT\",\"@id\":\"https:\/\/www.fizzyvape.eu\/it\/#\/schema\/logo\/image\/\",\"url\":\"https:\/\/fizzyvape.eu\/wp-content\/uploads\/2019\/06\/print-1.svg\",\"contentUrl\":\"https:\/\/fizzyvape.eu\/wp-content\/uploads\/2019\/06\/print-1.svg\",\"width\":124,\"height\":37,\"caption\":\"fizzyvape.eu\"},\"image\":{\"@id\":\"https:\/\/www.fizzyvape.eu\/it\/#\/schema\/logo\/image\/\"}}]}<\/script>\n<meta property=\"og:availability\" content=\"out of stock\" \/>\n<meta property=\"product:availability\" content=\"out of stock\" \/>\n<meta property=\"product:condition\" content=\"new\" \/>\n<!-- \/ Yoast SEO Premium plugin. -->","yoast_head_json":{"title":"Uva frizzante di lusso - 15000 Bign\u00e8 - fizzyvape.eu","robots":{"index":"index","follow":"follow","max-snippet":"max-snippet:-1","max-image-preview":"max-image-preview:large","max-video-preview":"max-video-preview:-1"},"canonical":"https:\/\/fizzyvape.eu\/it\/prodotto\/uva-frizzante-di-lusso-15000-bigne\/","og_locale":"it_IT","og_type":"article","og_title":"Uva frizzante di lusso - 15000 Bign\u00e8","og_description":"Prova il massimo dell'indulgenza all'uva con Fizzy Luxury Grape 15000 Puffs, una svapata monouso di qualit\u00e0 che unisce la dolcezza dell'uva a una croccantezza finale. Racchiusa in un corpo in metallo di qualit\u00e0 aeronautica, \u00e8 dotata della tecnologia Quartz Coil per un vapore pi\u00f9 fluido del 45% e di un controllo intelligente del flusso d'aria per un'estrazione personalizzabile. Goditi 15.000+ boccate ultra-lisce con la ricarica rapida USB-C e la doppia opzione di nicotina (2% e 5%).","og_url":"https:\/\/fizzyvape.eu\/it\/prodotto\/uva-frizzante-di-lusso-15000-bigne\/","og_site_name":"fizzyvape.eu","og_image":[{"width":1500,"height":1500,"url":"https:\/\/www.fizzyvape.eu\/wp-content\/uploads\/2025\/03\/Fizzy-Luxury-Grape-15000puff.jpg","type":"image\/jpeg"}],"twitter_card":"summary_large_image","twitter_misc":{"Disponibilit\u00e0":"Esaurito"},"schema":{"@context":"https:\/\/schema.org","@graph":[{"@type":"WebPage","@id":"https:\/\/fizzyvape.eu\/it\/prodotto\/uva-frizzante-di-lusso-15000-bigne\/","url":"https:\/\/fizzyvape.eu\/it\/prodotto\/uva-frizzante-di-lusso-15000-bigne\/","name":"Uva frizzante di lusso - 15000 Bign\u00e8 - fizzyvape.eu","isPartOf":{"@id":"https:\/\/www.fizzyvape.eu\/it\/#website"},"primaryImageOfPage":{"@id":"https:\/\/fizzyvape.eu\/it\/prodotto\/uva-frizzante-di-lusso-15000-bigne\/#primaryimage"},"image":{"@id":"https:\/\/fizzyvape.eu\/it\/prodotto\/uva-frizzante-di-lusso-15000-bigne\/#primaryimage"},"thumbnailUrl":"https:\/\/fizzyvape.eu\/wp-content\/uploads\/2025\/03\/Fizzy-Luxury-Grape-15000puff.jpg","datePublished":"2025-03-28T08:23:03+00:00","breadcrumb":{"@id":"https:\/\/fizzyvape.eu\/it\/prodotto\/uva-frizzante-di-lusso-15000-bigne\/#breadcrumb"},"inLanguage":"it-IT","potentialAction":[{"@type":"ReadAction","target":["https:\/\/fizzyvape.eu\/it\/prodotto\/uva-frizzante-di-lusso-15000-bigne\/"]}]},{"@type":"ImageObject","inLanguage":"it-IT","@id":"https:\/\/fizzyvape.eu\/it\/prodotto\/uva-frizzante-di-lusso-15000-bigne\/#primaryimage","url":"https:\/\/fizzyvape.eu\/wp-content\/uploads\/2025\/03\/Fizzy-Luxury-Grape-15000puff.jpg","contentUrl":"https:\/\/fizzyvape.eu\/wp-content\/uploads\/2025\/03\/Fizzy-Luxury-Grape-15000puff.jpg","width":1500,"height":1500,"caption":"Fizzy-Luxury-Grape-15000puff"},{"@type":"BreadcrumbList","@id":"https:\/\/fizzyvape.eu\/it\/prodotto\/uva-frizzante-di-lusso-15000-bigne\/#breadcrumb","itemListElement":[{"@type":"ListItem","position":1,"name":"Home","item":"https:\/\/fizzyvape.eu\/it\/"},{"@type":"ListItem","position":2,"name":"Negozio","item":"https:\/\/www.fizzyvape.eu\/it\/negozio\/"},{"@type":"ListItem","position":3,"name":"Uva frizzante di lusso &#8211; 15000 Bign\u00e8"}]},{"@type":"WebSite","@id":"https:\/\/www.fizzyvape.eu\/it\/#website","url":"https:\/\/www.fizzyvape.eu\/it\/","name":"fizzyvape.eu","description":"Refreshing Vapes. Unforgettable Taste.","publisher":{"@id":"https:\/\/www.fizzyvape.eu\/it\/#organization"},"potentialAction":[{"@type":"SearchAction","target":{"@type":"EntryPoint","urlTemplate":"https:\/\/www.fizzyvape.eu\/it\/?s={search_term_string}"},"query-input":{"@type":"PropertyValueSpecification","valueRequired":true,"valueName":"search_term_string"}}],"inLanguage":"it-IT"},{"@type":"Organization","@id":"https:\/\/www.fizzyvape.eu\/it\/#organization","name":"fizzyvape.eu","url":"https:\/\/www.fizzyvape.eu\/it\/","logo":{"@type":"ImageObject","inLanguage":"it-IT","@id":"https:\/\/www.fizzyvape.eu\/it\/#\/schema\/logo\/image\/","url":"https:\/\/fizzyvape.eu\/wp-content\/uploads\/2019\/06\/print-1.svg","contentUrl":"https:\/\/fizzyvape.eu\/wp-content\/uploads\/2019\/06\/print-1.svg","width":124,"height":37,"caption":"fizzyvape.eu"},"image":{"@id":"https:\/\/www.fizzyvape.eu\/it\/#\/schema\/logo\/image\/"}}]},"og_availability":"out of stock","product_availability":"out of stock","product_condition":"new"},"tiered_pricing_type":"fixed","tiered_pricing_fixed_rules":[],"tiered_pricing_product_settings":{"layout":"default","base_unit_name":{"singular":null,"plural":null},"default_variation":null},"tiered_pricing_minimum_quantity":null,"tiered_pricing_roles_data":[],"tiered_pricing_percentage_rules":[],"tiered_pricing_maximum_quantity":null,"tiered_pricing_quantity_step":null,"_links":{"self":[{"href":"https:\/\/fizzyvape.eu\/it\/wp-json\/wp\/v2\/product\/25679","targetHints":{"allow":["GET"]}}],"collection":[{"href":"https:\/\/fizzyvape.eu\/it\/wp-json\/wp\/v2\/product"}],"about":[{"href":"https:\/\/fizzyvape.eu\/it\/wp-json\/wp\/v2\/types\/product"}],"replies":[{"embeddable":true,"href":"https:\/\/fizzyvape.eu\/it\/wp-json\/wp\/v2\/comments?post=25679"}],"version-history":[{"count":0,"href":"https:\/\/fizzyvape.eu\/it\/wp-json\/wp\/v2\/product\/25679\/revisions"}],"wp:featuredmedia":[{"embeddable":true,"href":"https:\/\/fizzyvape.eu\/it\/wp-json\/wp\/v2\/media\/21237"}],"wp:attachment":[{"href":"https:\/\/fizzyvape.eu\/it\/wp-json\/wp\/v2\/media?parent=25679"}],"wp:term":[{"taxonomy":"product_brand","embeddable":true,"href":"https:\/\/fizzyvape.eu\/it\/wp-json\/wp\/v2\/product_brand?post=25679"},{"taxonomy":"product_cat","embeddable":true,"href":"https:\/\/fizzyvape.eu\/it\/wp-json\/wp\/v2\/product_cat?post=25679"},{"taxonomy":"product_tag","embeddable":true,"href":"https:\/\/fizzyvape.eu\/it\/wp-json\/wp\/v2\/product_tag?post=25679"}],"curies":[{"name":"wp","href":"https:\/\/api.w.org\/{rel}","templated":true}]}}