{"id":26155,"date":"2025-03-28T16:02:19","date_gmt":"2025-03-28T08:02:19","guid":{"rendered":"https:\/\/fizzyvape.eu\/product\/pesca-frizzante-di-lusso-15000-bigne\/"},"modified":"2025-03-28T16:02:19","modified_gmt":"2025-03-28T08:02:19","slug":"pesca-frizzante-di-lusso-15000-bigne","status":"publish","type":"product","link":"https:\/\/fizzyvape.eu\/it\/prodotto\/pesca-frizzante-di-lusso-15000-bigne\/","title":{"rendered":"Pesca frizzante di lusso &#8211; 15000 Bign\u00e8"},"content":{"rendered":"<div>\n<h2><strong>Fizzy Luxury Peach 15000 Puffs &#8211; Vape usa e getta Premium Metal Edition<\/strong><\/h2>\n<p>Prova la perfezione della pesca con <strong>Fizzy Luxury Peach 15000 Puffs<\/strong>&#8211; dove la succulenta dolcezza della pesca (8\/10) incontra un sussurro di asprezza (2\/10), il tutto racchiuso nel nostro corpo in metallo premium con controllo del flusso d&#8217;aria di precisione. Questo usa e getta d&#8217;\u00e9lite offre <strong>15.000 boccate ultra-lisce<\/strong> di sapore squisito, con la rivoluzionaria <strong>tecnologia Quartz Coil<\/strong> per una scorrevolezza e una chiarezza del sapore senza pari. <\/p>\n<h3><strong>Perch\u00e9 scegliere Fizzy Luxury Peach 15000 Puffs?<\/strong><\/h3>\n<p>\ud83c\udf51 <strong>Sapiente lavorazione del sapore<\/strong> &#8211; 80% di nettare di pesca matura bilanciato con il 20% di amarezza della buccia di pesca per un&#8217;autentica freschezza del frutteto.<br \/>\n\ud83c\udf9b\ufe0f <strong>Sistema di flusso d&#8217;aria intelligente<\/strong> &#8211; Regola da MTL stretto a DTL ristretto con il nostro quadrante di precisione in metallo.<br \/>\n\ud83d\udd36 <strong>Corpo in alluminio di lusso<\/strong> &#8211; alluminio di grado aeronautico lavorato a CNC con finitura satinata<br \/>\n\u26a1 <strong>15.000 boccate<\/strong> &#8211; il 25% in pi\u00f9 rispetto agli usa e getta premium standard.<br \/>\n\ud83e\uddca <strong>Tecnologia Velvet Vapor<\/strong> &#8211; La bobina al quarzo offre un hit pi\u00f9 fluido del 45% rispetto alla rete convenzionale <\/p>\n<h3><strong>Opzioni di nicotina:<\/strong><\/h3>\n<p>&#8211; 2% (20mg\/mL) &#8211; Un&#8217;esperienza morbida per i vapers occasionali<br \/>\n&#8211; 5% (50mg\/mL) &#8211; Colpo in gola soddisfacente per i vecchi fumatori<\/p>\n<\/div>\n<div>\n<h3>Specifiche<\/h3>\n<table style=\"height: 449px;\" width=\"1340\">\n<tbody>\n<tr>\n<td>Puff<\/td>\n<td><strong>Pi\u00f9 di 15000 Puff<\/strong><\/td>\n<\/tr>\n<tr>\n<td>Capacit\u00e0 del liquido elettronico<\/td>\n<td><strong>22ml<\/strong><\/td>\n<\/tr>\n<tr>\n<td>Capacit\u00e0 della batteria<\/td>\n<td><strong>650mAh<\/strong><\/td>\n<\/tr>\n<tr>\n<td>Bobina a rete<\/td>\n<td><strong>1.4\u03a9<\/strong><\/td>\n<\/tr>\n<tr>\n<td>Dimensioni<\/td>\n<td><strong>53*30*85,3 mm<\/strong><\/td>\n<\/tr>\n<tr>\n<td>Usa e getta o no<\/td>\n<td><strong>Monouso<\/strong><\/td>\n<\/tr>\n<tr>\n<td>Metodo di ricarica<\/td>\n<td><strong>Cavo<\/strong><\/td>\n<\/tr>\n<tr>\n<td>Metodo di attivazione<\/td>\n<td><strong>Sensore<\/strong><\/td>\n<\/tr>\n<tr>\n<td>Materiale<\/td>\n<td><strong>In metallo<\/strong><\/td>\n<\/tr>\n<tr>\n<td>Livello di nicotina<\/td>\n<td><strong>2% (20mg\/mL) e 5% (50mg\/mL)<\/strong><\/td>\n<\/tr>\n<tr>\n<td>Sapori<\/td>\n<td><strong>15<\/strong><\/td>\n<\/tr>\n<tr>\n<td>Confezione<\/td>\n<td><strong>1 confezione<\/strong><\/td>\n<\/tr>\n<tr>\n<td>Tempo di ricarica<\/td>\n<td><strong>2 ore<\/strong><\/td>\n<\/tr>\n<tr>\n<td>Conservazione<\/td>\n<td><strong>Evita gli ambienti ad alta temperatura e conservali in un luogo fresco e asciutto.<\/strong><\/td>\n<\/tr>\n<tr>\n<td>Persone a cui \u00e8 vietato l&#8217;uso<\/td>\n<td><strong>Minori, donne in gravidanza e persone allergiche agli ingredienti del prodotto.<\/strong><\/td>\n<\/tr>\n<tr>\n<td>Attenzione<\/td>\n<td><strong>Non ingerire questa sostanza. In caso di ingestione, sciacqua la bocca accuratamente e immediatamente. Se ti senti male, rivolgiti a un medico.  <\/strong><\/td>\n<\/tr>\n<\/tbody>\n<\/table>\n<h3>Elenco dei gusti di <strong>Fizzy Luxury <\/strong>15000 Puffs:<\/h3>\n<ol>\n<li><a href=\"https:\/\/fizzyvape.eu\/product\/fizzy-luxury-blueberry-raspberry-15000-puffs\/\">Mirtillo Lampone<\/a><\/li>\n<li><a href=\"https:\/\/fizzyvape.eu\/it\/prodotto\/pesca-frizzante-di-lusso-15000-bigne\/\">Pesca<\/a><\/li>\n<li><a href=\"https:\/\/fizzyvape.eu\/it\/prodotto\/uva-frizzante-di-lusso-15000-bigne\/\">Uva<\/a><\/li>\n<li><a href=\"https:\/\/fizzyvape.eu\/it\/prodotto\/lusso-frizzante-al-mirtillo-15000-bigne\/\">Mirtillo<\/a><\/li>\n<li><a href=\"https:\/\/fizzyvape.eu\/it\/prodotto\/fragola-frizzante-di-lusso-15000-bigne\/\">Fragola<\/a><\/li>\n<li><a href=\"https:\/\/fizzyvape.eu\/it\/prodotto\/fizzy-luxury-ciliegia-frizzante-15000-bigne\/\">Ciliegia frizzante<\/a><\/li>\n<li><a href=\"https:\/\/fizzyvape.eu\/it\/prodotto\/limonata-frizzante-di-lusso-al-lampone-15000-bigne\/\">Limonata al lampone<\/a><\/li>\n<li><a href=\"https:\/\/fizzyvape.eu\/it\/prodotto\/fizzy-luxury-mela-acida-15000-bigne\/\">Mela acida<\/a><\/li>\n<li><a href=\"https:\/\/fizzyvape.eu\/it\/prodotto\/fizzy-luxury-fragola-kiwi-melograno-15000-bustine\/\">Fragola Kiwi Melograno<\/a><\/li>\n<li><a href=\"https:\/\/fizzyvape.eu\/it\/prodotto\/fizzy-luxury-lemon-lime-15000-bigne\/\">Limone e lime<\/a><\/li>\n<li><a href=\"https:\/\/fizzyvape.eu\/it\/prodotto\/fizzy-luxury-fragola-banana-15000-bigne\/\">Fragola e banana<\/a><\/li>\n<li><a href=\"https:\/\/fizzyvape.eu\/it\/prodotto\/fizzy-luxury-arancia-mango-anguria-15000-bigne\/\">Arancia Mango Anguria<\/a><\/li>\n<li><a href=\"https:\/\/fizzyvape.eu\/it\/prodotto\/red-bull-di-lusso-frizzante-15000-boccate\/\">Red Bull<\/a><\/li>\n<li><a href=\"https:\/\/fizzyvape.eu\/it\/prodotto\/limonata-rosa-frizzante-di-lusso-15000-bigne\/\">Limonata rosa<\/a><\/li>\n<li><a href=\"https:\/\/fizzyvape.eu\/it\/prodotto\/fizzy-luxury-kiwi-frutto-della-passione-guava-15000-bigne\/\">Kiwi Frutto della Passione Guava<\/a><\/li>\n<\/ol>\n<h3>Domande frequenti su Fizzy Luxury Peach 15000 Puffs Vape<\/h3>\n<ol start=\"1\">\n<li><strong>Che sapore ha il gusto Fizzy Luxury Peach?<\/strong><br \/>\nQuesto dispositivo \u00e8 stato progettato per erogare oltre 15.000 boccate, offrendo un&#8217;esperienza di vaping eccezionalmente duratura.<\/li>\n<li><strong>Quante boccate posso ottenere dal dispositivo Fizzy Luxury Peach 15000 Puffs?<\/strong><br \/>\nLa nostra miscela gourmet combina il 60% di mirtillo dolce (intensit\u00e0 7\/10) con il 40% di lampone aspro (6\/10) per un equilibrio perfetto. La bobina al quarzo migliora la purezza del sapore: il 92% degli utenti ha dichiarato di non avere retrogusti artificiali nei test di laboratorio. <\/li>\n<li><strong>Come scegliere tra il 2% e il 5% di nicotina?<\/strong><br \/>\n&#8211; <strong>2% (20mg\/mL):<\/strong> Ideale per il vaping occasionale\/sociale o per gli utenti che si concentrano sui sapori<br \/>\n&#8211; <strong>5% (50mg\/mL):<\/strong> Consigliata per gli ex fumatori che hanno bisogno di una soddisfazione pi\u00f9 forte<br \/>\nEntrambe le gradazioni utilizzano sali di nicotina di prima qualit\u00e0 per un assorbimento omogeneo con un&#8217;irritazione minima della gola.<\/li>\n<li><strong>La consistenza del sapore durer\u00e0 per tutte le 15.000 boccate?<\/strong><br \/>\nS\u00ec! La nostra tecnologia con bobina al quarzo mantiene un&#8217;accuratezza del sapore del 95% per tutta la durata della vita. Il corpo in metallo aiuta a regolare la temperatura per evitare la degradazione del sapore, anche durante sessioni prolungate.  <\/li>\n<\/ol>\n<\/div>\n","protected":false},"excerpt":{"rendered":"<p><strong>Fizzy Luxury Peach 15000 Puffs<\/strong>: Prova la perfezione della pesca con la succulenta dolcezza delle pesche mature e un pizzico di aspro, il tutto reso pi\u00f9 fluido dalla nostra coil al quarzo. Il flusso d&#8217;aria \u00e8 regolabile e il design \u00e8 in metallo. Disponibile con nicotina al 2% e al 5%.  <\/p>\n","protected":false},"featured_media":21269,"comment_status":"open","ping_status":"closed","template":"","meta":{"iawp_total_views":0},"product_brand":[],"product_cat":[324],"product_tag":[325],"class_list":{"0":"post-26155","1":"product","2":"type-product","3":"status-publish","4":"has-post-thumbnail","6":"product_cat-luxury-it","7":"product_tag-15000-soffi","9":"first","10":"outofstock","11":"shipping-taxable","12":"purchasable","13":"product-type-variable"},"yoast_head":"<!-- This site is optimized with the Yoast SEO Premium plugin v24.8 (Yoast SEO v24.8) - https:\/\/yoast.com\/wordpress\/plugins\/seo\/ -->\n<title>Pesca frizzante di lusso - 15000 Bign\u00e8 - fizzyvape.eu<\/title>\n<meta name=\"robots\" content=\"index, follow, max-snippet:-1, max-image-preview:large, max-video-preview:-1\" \/>\n<link rel=\"canonical\" href=\"https:\/\/fizzyvape.eu\/it\/prodotto\/pesca-frizzante-di-lusso-15000-bigne\/\" \/>\n<meta property=\"og:locale\" content=\"it_IT\" \/>\n<meta property=\"og:type\" content=\"article\" \/>\n<meta property=\"og:title\" content=\"Pesca frizzante di lusso - 15000 Bign\u00e8\" \/>\n<meta property=\"og:description\" content=\"Fizzy Luxury Peach 15000 Puffs: Prova la perfezione della pesca con la succulenta dolcezza delle pesche mature e un pizzico di aspro, il tutto reso pi\u00f9 fluido dalla nostra coil al quarzo. Il flusso d&#039;aria \u00e8 regolabile e il design \u00e8 in metallo. Disponibile con nicotina al 2% e al 5%.\" \/>\n<meta property=\"og:url\" content=\"https:\/\/fizzyvape.eu\/it\/prodotto\/pesca-frizzante-di-lusso-15000-bigne\/\" \/>\n<meta property=\"og:site_name\" content=\"fizzyvape.eu\" \/>\n<meta property=\"og:image\" content=\"https:\/\/fizzyvape.eu\/wp-content\/uploads\/2025\/03\/Fizzy-Luxury-Peach-15000puff.jpg\" \/>\n\t<meta property=\"og:image:width\" content=\"1500\" \/>\n\t<meta property=\"og:image:height\" content=\"1500\" \/>\n\t<meta property=\"og:image:type\" content=\"image\/jpeg\" \/>\n<meta name=\"twitter:card\" content=\"summary_large_image\" \/>\n<meta name=\"twitter:label1\" content=\"Disponibilit\u00e0\" \/>\n\t<meta name=\"twitter:data1\" content=\"Esaurito\" \/>\n<script type=\"application\/ld+json\" class=\"yoast-schema-graph\">{\"@context\":\"https:\/\/schema.org\",\"@graph\":[{\"@type\":\"WebPage\",\"@id\":\"https:\/\/fizzyvape.eu\/it\/prodotto\/pesca-frizzante-di-lusso-15000-bigne\/\",\"url\":\"https:\/\/fizzyvape.eu\/it\/prodotto\/pesca-frizzante-di-lusso-15000-bigne\/\",\"name\":\"Pesca frizzante di lusso - 15000 Bign\u00e8 - fizzyvape.eu\",\"isPartOf\":{\"@id\":\"https:\/\/www.fizzyvape.eu\/it\/#website\"},\"primaryImageOfPage\":{\"@id\":\"https:\/\/fizzyvape.eu\/it\/prodotto\/pesca-frizzante-di-lusso-15000-bigne\/#primaryimage\"},\"image\":{\"@id\":\"https:\/\/fizzyvape.eu\/it\/prodotto\/pesca-frizzante-di-lusso-15000-bigne\/#primaryimage\"},\"thumbnailUrl\":\"https:\/\/fizzyvape.eu\/wp-content\/uploads\/2025\/03\/Fizzy-Luxury-Peach-15000puff.jpg\",\"datePublished\":\"2025-03-28T08:02:19+00:00\",\"breadcrumb\":{\"@id\":\"https:\/\/fizzyvape.eu\/it\/prodotto\/pesca-frizzante-di-lusso-15000-bigne\/#breadcrumb\"},\"inLanguage\":\"it-IT\",\"potentialAction\":[{\"@type\":\"ReadAction\",\"target\":[\"https:\/\/fizzyvape.eu\/it\/prodotto\/pesca-frizzante-di-lusso-15000-bigne\/\"]}]},{\"@type\":\"ImageObject\",\"inLanguage\":\"it-IT\",\"@id\":\"https:\/\/fizzyvape.eu\/it\/prodotto\/pesca-frizzante-di-lusso-15000-bigne\/#primaryimage\",\"url\":\"https:\/\/fizzyvape.eu\/wp-content\/uploads\/2025\/03\/Fizzy-Luxury-Peach-15000puff.jpg\",\"contentUrl\":\"https:\/\/fizzyvape.eu\/wp-content\/uploads\/2025\/03\/Fizzy-Luxury-Peach-15000puff.jpg\",\"width\":1500,\"height\":1500,\"caption\":\"Fizzy-Luxury-Peach-15000puff\"},{\"@type\":\"BreadcrumbList\",\"@id\":\"https:\/\/fizzyvape.eu\/it\/prodotto\/pesca-frizzante-di-lusso-15000-bigne\/#breadcrumb\",\"itemListElement\":[{\"@type\":\"ListItem\",\"position\":1,\"name\":\"Home\",\"item\":\"https:\/\/fizzyvape.eu\/it\/\"},{\"@type\":\"ListItem\",\"position\":2,\"name\":\"Negozio\",\"item\":\"https:\/\/www.fizzyvape.eu\/it\/negozio\/\"},{\"@type\":\"ListItem\",\"position\":3,\"name\":\"Pesca frizzante di lusso &#8211; 15000 Bign\u00e8\"}]},{\"@type\":\"WebSite\",\"@id\":\"https:\/\/www.fizzyvape.eu\/it\/#website\",\"url\":\"https:\/\/www.fizzyvape.eu\/it\/\",\"name\":\"fizzyvape.eu\",\"description\":\"Refreshing Vapes. Unforgettable Taste.\",\"publisher\":{\"@id\":\"https:\/\/www.fizzyvape.eu\/it\/#organization\"},\"potentialAction\":[{\"@type\":\"SearchAction\",\"target\":{\"@type\":\"EntryPoint\",\"urlTemplate\":\"https:\/\/www.fizzyvape.eu\/it\/?s={search_term_string}\"},\"query-input\":{\"@type\":\"PropertyValueSpecification\",\"valueRequired\":true,\"valueName\":\"search_term_string\"}}],\"inLanguage\":\"it-IT\"},{\"@type\":\"Organization\",\"@id\":\"https:\/\/www.fizzyvape.eu\/it\/#organization\",\"name\":\"fizzyvape.eu\",\"url\":\"https:\/\/www.fizzyvape.eu\/it\/\",\"logo\":{\"@type\":\"ImageObject\",\"inLanguage\":\"it-IT\",\"@id\":\"https:\/\/www.fizzyvape.eu\/it\/#\/schema\/logo\/image\/\",\"url\":\"https:\/\/fizzyvape.eu\/wp-content\/uploads\/2019\/06\/print-1.svg\",\"contentUrl\":\"https:\/\/fizzyvape.eu\/wp-content\/uploads\/2019\/06\/print-1.svg\",\"width\":124,\"height\":37,\"caption\":\"fizzyvape.eu\"},\"image\":{\"@id\":\"https:\/\/www.fizzyvape.eu\/it\/#\/schema\/logo\/image\/\"}}]}<\/script>\n<meta property=\"og:availability\" content=\"out of stock\" \/>\n<meta property=\"product:availability\" content=\"out of stock\" \/>\n<meta property=\"product:condition\" content=\"new\" \/>\n<!-- \/ Yoast SEO Premium plugin. -->","yoast_head_json":{"title":"Pesca frizzante di lusso - 15000 Bign\u00e8 - fizzyvape.eu","robots":{"index":"index","follow":"follow","max-snippet":"max-snippet:-1","max-image-preview":"max-image-preview:large","max-video-preview":"max-video-preview:-1"},"canonical":"https:\/\/fizzyvape.eu\/it\/prodotto\/pesca-frizzante-di-lusso-15000-bigne\/","og_locale":"it_IT","og_type":"article","og_title":"Pesca frizzante di lusso - 15000 Bign\u00e8","og_description":"Fizzy Luxury Peach 15000 Puffs: Prova la perfezione della pesca con la succulenta dolcezza delle pesche mature e un pizzico di aspro, il tutto reso pi\u00f9 fluido dalla nostra coil al quarzo. Il flusso d'aria \u00e8 regolabile e il design \u00e8 in metallo. Disponibile con nicotina al 2% e al 5%.","og_url":"https:\/\/fizzyvape.eu\/it\/prodotto\/pesca-frizzante-di-lusso-15000-bigne\/","og_site_name":"fizzyvape.eu","og_image":[{"width":1500,"height":1500,"url":"https:\/\/fizzyvape.eu\/wp-content\/uploads\/2025\/03\/Fizzy-Luxury-Peach-15000puff.jpg","type":"image\/jpeg"}],"twitter_card":"summary_large_image","twitter_misc":{"Disponibilit\u00e0":"Esaurito"},"schema":{"@context":"https:\/\/schema.org","@graph":[{"@type":"WebPage","@id":"https:\/\/fizzyvape.eu\/it\/prodotto\/pesca-frizzante-di-lusso-15000-bigne\/","url":"https:\/\/fizzyvape.eu\/it\/prodotto\/pesca-frizzante-di-lusso-15000-bigne\/","name":"Pesca frizzante di lusso - 15000 Bign\u00e8 - fizzyvape.eu","isPartOf":{"@id":"https:\/\/www.fizzyvape.eu\/it\/#website"},"primaryImageOfPage":{"@id":"https:\/\/fizzyvape.eu\/it\/prodotto\/pesca-frizzante-di-lusso-15000-bigne\/#primaryimage"},"image":{"@id":"https:\/\/fizzyvape.eu\/it\/prodotto\/pesca-frizzante-di-lusso-15000-bigne\/#primaryimage"},"thumbnailUrl":"https:\/\/fizzyvape.eu\/wp-content\/uploads\/2025\/03\/Fizzy-Luxury-Peach-15000puff.jpg","datePublished":"2025-03-28T08:02:19+00:00","breadcrumb":{"@id":"https:\/\/fizzyvape.eu\/it\/prodotto\/pesca-frizzante-di-lusso-15000-bigne\/#breadcrumb"},"inLanguage":"it-IT","potentialAction":[{"@type":"ReadAction","target":["https:\/\/fizzyvape.eu\/it\/prodotto\/pesca-frizzante-di-lusso-15000-bigne\/"]}]},{"@type":"ImageObject","inLanguage":"it-IT","@id":"https:\/\/fizzyvape.eu\/it\/prodotto\/pesca-frizzante-di-lusso-15000-bigne\/#primaryimage","url":"https:\/\/fizzyvape.eu\/wp-content\/uploads\/2025\/03\/Fizzy-Luxury-Peach-15000puff.jpg","contentUrl":"https:\/\/fizzyvape.eu\/wp-content\/uploads\/2025\/03\/Fizzy-Luxury-Peach-15000puff.jpg","width":1500,"height":1500,"caption":"Fizzy-Luxury-Peach-15000puff"},{"@type":"BreadcrumbList","@id":"https:\/\/fizzyvape.eu\/it\/prodotto\/pesca-frizzante-di-lusso-15000-bigne\/#breadcrumb","itemListElement":[{"@type":"ListItem","position":1,"name":"Home","item":"https:\/\/fizzyvape.eu\/it\/"},{"@type":"ListItem","position":2,"name":"Negozio","item":"https:\/\/www.fizzyvape.eu\/it\/negozio\/"},{"@type":"ListItem","position":3,"name":"Pesca frizzante di lusso &#8211; 15000 Bign\u00e8"}]},{"@type":"WebSite","@id":"https:\/\/www.fizzyvape.eu\/it\/#website","url":"https:\/\/www.fizzyvape.eu\/it\/","name":"fizzyvape.eu","description":"Refreshing Vapes. Unforgettable Taste.","publisher":{"@id":"https:\/\/www.fizzyvape.eu\/it\/#organization"},"potentialAction":[{"@type":"SearchAction","target":{"@type":"EntryPoint","urlTemplate":"https:\/\/www.fizzyvape.eu\/it\/?s={search_term_string}"},"query-input":{"@type":"PropertyValueSpecification","valueRequired":true,"valueName":"search_term_string"}}],"inLanguage":"it-IT"},{"@type":"Organization","@id":"https:\/\/www.fizzyvape.eu\/it\/#organization","name":"fizzyvape.eu","url":"https:\/\/www.fizzyvape.eu\/it\/","logo":{"@type":"ImageObject","inLanguage":"it-IT","@id":"https:\/\/www.fizzyvape.eu\/it\/#\/schema\/logo\/image\/","url":"https:\/\/fizzyvape.eu\/wp-content\/uploads\/2019\/06\/print-1.svg","contentUrl":"https:\/\/fizzyvape.eu\/wp-content\/uploads\/2019\/06\/print-1.svg","width":124,"height":37,"caption":"fizzyvape.eu"},"image":{"@id":"https:\/\/www.fizzyvape.eu\/it\/#\/schema\/logo\/image\/"}}]},"og_availability":"out of stock","product_availability":"out of stock","product_condition":"new"},"tiered_pricing_type":"fixed","tiered_pricing_fixed_rules":[],"tiered_pricing_product_settings":{"layout":"default","base_unit_name":{"singular":null,"plural":null},"default_variation":null},"tiered_pricing_minimum_quantity":null,"tiered_pricing_roles_data":[],"tiered_pricing_percentage_rules":[],"tiered_pricing_maximum_quantity":null,"tiered_pricing_quantity_step":null,"_links":{"self":[{"href":"https:\/\/fizzyvape.eu\/it\/wp-json\/wp\/v2\/product\/26155","targetHints":{"allow":["GET"]}}],"collection":[{"href":"https:\/\/fizzyvape.eu\/it\/wp-json\/wp\/v2\/product"}],"about":[{"href":"https:\/\/fizzyvape.eu\/it\/wp-json\/wp\/v2\/types\/product"}],"replies":[{"embeddable":true,"href":"https:\/\/fizzyvape.eu\/it\/wp-json\/wp\/v2\/comments?post=26155"}],"version-history":[{"count":0,"href":"https:\/\/fizzyvape.eu\/it\/wp-json\/wp\/v2\/product\/26155\/revisions"}],"wp:featuredmedia":[{"embeddable":true,"href":"https:\/\/fizzyvape.eu\/it\/wp-json\/wp\/v2\/media\/21269"}],"wp:attachment":[{"href":"https:\/\/fizzyvape.eu\/it\/wp-json\/wp\/v2\/media?parent=26155"}],"wp:term":[{"taxonomy":"product_brand","embeddable":true,"href":"https:\/\/fizzyvape.eu\/it\/wp-json\/wp\/v2\/product_brand?post=26155"},{"taxonomy":"product_cat","embeddable":true,"href":"https:\/\/fizzyvape.eu\/it\/wp-json\/wp\/v2\/product_cat?post=26155"},{"taxonomy":"product_tag","embeddable":true,"href":"https:\/\/fizzyvape.eu\/it\/wp-json\/wp\/v2\/product_tag?post=26155"}],"curies":[{"name":"wp","href":"https:\/\/api.w.org\/{rel}","templated":true}]}}