{"id":26290,"date":"2025-03-27T09:28:33","date_gmt":"2025-03-27T01:28:33","guid":{"rendered":"https:\/\/fizzyvape.eu\/product\/pandora-frizzante-allanguria-12000-soffi\/"},"modified":"2025-03-27T09:28:33","modified_gmt":"2025-03-27T01:28:33","slug":"pandora-frizzante-allanguria-12000-soffi","status":"publish","type":"product","link":"https:\/\/fizzyvape.eu\/it\/prodotto\/pandora-frizzante-allanguria-12000-soffi\/","title":{"rendered":"Pandora frizzante all&#8217;anguria &#8211; 12000 soffi"},"content":{"rendered":"<div>\n<h2><strong>Fizzy Pandora Watermelon 12000 Puffs &#8211; Una rinfrescata succosa in ogni boccone!<\/strong><\/h2>\n<p>Prova l&#8217;<strong>ultima esplosione di anguria<\/strong> con <strong>Fizzy Pandora Watermelon 12000 Puffs<\/strong>! Questa svapata usa e getta di qualit\u00e0 superiore offre <strong>12.000 boccate ultra-lisce<\/strong> al gusto di <strong>anguria dolce e succosa<\/strong>, con un <strong>tocco rinfrescante e frizzante, perfetto<\/strong>per svapare tutto il giorno. Progettato per un <strong>divertimento duraturo<\/strong>, questo elegante dispositivo \u00e8 <strong>pre-riempito, pre-ricaricato e pronto all&#8217;uso<\/strong> appena uscito dalla scatola.  <\/p>\n<h2><strong>Caratteristiche principali<\/strong><\/h2>\n<p>\u2714 <strong>12.000 boccate<\/strong> &#8211; Piacere di vaping prolungato<br \/>\n\u2714 <strong>Anguria succosa + Twist di soda frizzante<\/strong> &#8211; Dolce, saporita e ultra rinfrescante<br \/>\n\u2714 <strong>Elegante e portatile<\/strong> &#8211; Design compatto e tascabile<br \/>\n<strong>Pre-riempito e pre-caricato<\/strong> &#8211; Non \u00e8 necessario ricaricare o ricaricarsi<br \/>\n\u2714 <strong>Tecnologia Mesh Coil<\/strong> &#8211; sapore ricco e nuvole dense <\/p>\n<h3><strong>Perch\u00e9 scegliere Fizzy Pandora?<\/strong><\/h3>\n<p>\ud83c\udf49 <strong>Gusto Premium<\/strong> &#8211; Testato in laboratorio per garantire l&#8217;autentico gusto dell&#8217;anguria<br \/>\n\ud83d\udd0b <strong>Vaping per tutto il giorno<\/strong> &#8211; Enorme capacit\u00e0 di 20 ml di e-liquido<br \/>\n\u26a1 <strong>Soddisfazione immediata<\/strong> &#8211; Non \u00e8 richiesta alcuna configurazione<br \/>\n\u2708\ufe0f <strong>Facile da trasportare<\/strong> &#8211; A prova di perdite e conforme alla normativa TSA (dove consentito) <\/p>\n<h3>Contenuto della confezione<\/h3>\n<p>1 \u00d7 Dispositivo Fizzy Pandora Watermelon 12000 Puffs<\/p>\n<\/div>\n<div>\n<h3>Specifiche<\/h3>\n<table>\n<tbody>\n<tr>\n<td>Puff<\/td>\n<td><strong>12000+ Puff<\/strong><\/td>\n<\/tr>\n<tr>\n<td>Capacit\u00e0 del liquido elettronico<\/td>\n<td><strong>20ml<\/strong><\/td>\n<\/tr>\n<tr>\n<td>Capacit\u00e0 della batteria<\/td>\n<td><strong>650mAh<\/strong><\/td>\n<\/tr>\n<tr>\n<td>Bobina a rete<\/td>\n<td><strong>1.4\u03a9<\/strong><\/td>\n<\/tr>\n<tr>\n<td>Dimensioni<\/td>\n<td><strong>48*20,6*88 mm<\/strong><\/td>\n<\/tr>\n<tr>\n<td>Usa e getta o no<\/td>\n<td><strong>Monouso<\/strong><\/td>\n<\/tr>\n<tr>\n<td>Metodo di ricarica<\/td>\n<td><strong>Cavo<\/strong><\/td>\n<\/tr>\n<tr>\n<td>Metodo di attivazione<\/td>\n<td><strong>Sensore<\/strong><\/td>\n<\/tr>\n<tr>\n<td>Livello di nicotina<\/td>\n<td><strong>5% (50mg\/ml)<\/strong><\/td>\n<\/tr>\n<tr>\n<td>Sapori<\/td>\n<td><strong>12<\/strong><\/td>\n<\/tr>\n<tr>\n<td>Confezione<\/td>\n<td><strong>1 confezione<\/strong><\/td>\n<\/tr>\n<tr>\n<td>Tempo di ricarica<\/td>\n<td><strong>2 ore<\/strong><\/td>\n<\/tr>\n<tr>\n<td>Conservazione<\/td>\n<td><strong>Evita gli ambienti ad alta temperatura e conservali in un luogo fresco e asciutto.<\/strong><\/td>\n<\/tr>\n<tr>\n<td>Persone a cui \u00e8 vietato l&#8217;uso<\/td>\n<td><strong>Minori, donne in gravidanza e persone allergiche agli ingredienti del prodotto.<\/strong><\/td>\n<\/tr>\n<tr>\n<td>Attenzione<\/td>\n<td><strong>Non ingerire questa sostanza. In caso di ingestione, sciacqua la bocca accuratamente e immediatamente. Se ti senti male, rivolgiti a un medico.  <\/strong><\/td>\n<\/tr>\n<\/tbody>\n<\/table>\n<h3>Elenco dei gusti di <strong>Pandora <\/strong>12000 Puffs <strong>frizzanti <\/strong>:<\/h3>\n<ol>\n<li><a href=\"https:\/\/fizzyvape.eu\/it\/prodotto\/pandora-frizzante-allanguria-12000-soffi\/\">Anguria<\/a><\/li>\n<li><a href=\"https:\/\/fizzyvape.eu\/it\/prodotto\/pandora-frizzante-al-mango-12000-bigne\/\">Mango<\/a><\/li>\n<li><a href=\"https:\/\/fizzyvape.eu\/product\/fizzy-pandora-grape-12000-puffs\/\">Uva<\/a><\/li>\n<li><a href=\"https:\/\/fizzyvape.eu\/product\/fizzy-pandora-pomegranate-12000-puffs\/\">Melograno<\/a><\/li>\n<li><a href=\"https:\/\/fizzyvape.eu\/product\/fizzy-pandora-peach-12000-puffs\/\">Pesca<\/a><\/li>\n<li><a href=\"https:\/\/fizzyvape.eu\/product\/fizzy-pandora-blueberry-raspberry-12000-puffs\/\">Mirtillo Lampone<\/a><\/li>\n<li><a href=\"https:\/\/fizzyvape.eu\/product\/fizzy-pandora-orange-mango-watermelon-12000-puffs\/\">Arancia Mango Anguria<\/a><\/li>\n<li><a href=\"https:\/\/fizzyvape.eu\/product\/fizzy-pandora-ice-mint-12000-puffs\/\">Menta ghiacciata<\/a><\/li>\n<li><a href=\"https:\/\/fizzyvape.eu\/product\/fizzy-pandora-strawberry-kiwi-pomegranate-12000-puffs\/\">Fragola Kiwi Melograno<\/a><\/li>\n<li><a href=\"https:\/\/fizzyvape.eu\/product\/fizzy-pandora-blueberry-12000-puffs\/\">Mirtillo<\/a><\/li>\n<li><a href=\"https:\/\/fizzyvape.eu\/it\/prodotto\/pandora-frizzante-alla-fragola-12000-bigne\/\">Fragola<\/a><\/li>\n<li><a href=\"https:\/\/fizzyvape.eu\/product\/fizzy-pandora-watermelon-blueberry-12000-puffs\/\">Anguria Mirtillo<\/a><\/li>\n<\/ol>\n<h3><strong>Domande frequenti su <\/strong><strong>Pandora frizzante all&#8217;anguria 12000 boccate <\/strong><strong>Vape<\/strong><\/h3>\n<ol start=\"1\">\n<li><strong>Quante boccate posso aspettarmi da Fizzy Pandora Watermelon 12000 Puffs?<\/strong>La Fizzy Pandora Watermelon \u00e8 progettata per fornire oltre 12.000 boccate, offrendo un piacere di svapo prolungato. Tuttavia, il numero effettivo di boccate pu\u00f2 variare a seconda delle abitudini individuali di svapo. <\/li>\n<li><strong>Che sapore ha il gusto Pandora Fizzy Watermelon?<\/strong>Il sapore \u00e8 quello di una succosa e dolce anguria con un tocco rinfrescante di soda frizzante, che crea un&#8217;esperienza di svapo piccante e ultra-rinfrescante.<\/li>\n<li><strong>Il Pandora Fizzy Watermelon 12000 Puffs richiede una ricarica?<\/strong>No, la Fizzy Pandora Watermelon 12000 Puffs \u00e8 un dispositivo usa e getta. Viene fornito pre-riempito con 20 ml di e-liquid ed \u00e8 precaricato, quindi non \u00e8 necessario ricaricarlo o ricaricarlo. <\/li>\n<li><strong>Qual \u00e8 l&#8217;intensit\u00e0 di nicotina della Fizzy Pandora Watermelon 12000 Puffs?<\/strong>Questo dispositivo contiene il 5% (50mg\/ml) di sale di nicotina.<\/li>\n<li><strong>Quali sono le caratteristiche principali di Fizzy Pandora Watermelon 12000 Puffs?<\/strong>Le caratteristiche principali includono oltre 12.000 boccate, un gusto rinfrescante di anguria e soda frizzante, un design elegante e portatile, la possibilit\u00e0 di essere pre-riempita e precaricata e l&#8217;utilizzo della tecnologia mesh coil per un sapore ricco e nuvole dense.<\/li>\n<\/ol>\n<\/div>\n","protected":false},"excerpt":{"rendered":"<p><strong>Fizzy Pandora Watermelon 12000 Puffs<\/strong> offre un esplosivo sapore di anguria con un rinfrescante tocco frizzante in ogni boccata. Goditi 12.000 tiri ultra-lisci con questa svapata monouso di qualit\u00e0 superiore, dotata di un&#8217;avanzata tecnologia di coil a rete per un sapore ricco e costante. Pre-riempita con 20 ml di e-liquid al sale di nicotina al 5%, \u00e8 pronta per essere utilizzata immediatamente, senza bisogno di ricariche. Perfetta per svapare tutto il giorno grazie alla sua enorme capacit\u00e0 di e-liquid e al suo design compatto e adatto ai viaggi.   <\/p>\n","protected":false},"featured_media":20605,"comment_status":"open","ping_status":"closed","template":"","meta":{"iawp_total_views":0},"product_brand":[],"product_cat":[300],"product_tag":[301,385],"class_list":{"0":"post-26290","1":"product","2":"type-product","3":"status-publish","4":"has-post-thumbnail","6":"product_cat-pandora-it","7":"product_tag-12000-bigne","8":"product_tag-anguria","10":"first","11":"outofstock","12":"shipping-taxable","13":"purchasable","14":"product-type-variable"},"yoast_head":"<!-- This site is optimized with the Yoast SEO Premium plugin v24.8 (Yoast SEO v24.8) - https:\/\/yoast.com\/wordpress\/plugins\/seo\/ -->\n<title>Pandora frizzante all&#039;anguria - 12000 soffi - fizzyvape.eu<\/title>\n<meta name=\"robots\" content=\"index, follow, max-snippet:-1, max-image-preview:large, max-video-preview:-1\" \/>\n<link rel=\"canonical\" href=\"https:\/\/fizzyvape.eu\/it\/prodotto\/pandora-frizzante-allanguria-12000-soffi\/\" \/>\n<meta property=\"og:locale\" content=\"it_IT\" \/>\n<meta property=\"og:type\" content=\"article\" \/>\n<meta property=\"og:title\" content=\"Pandora frizzante all&#039;anguria - 12000 soffi\" \/>\n<meta property=\"og:description\" content=\"Fizzy Pandora Watermelon 12000 Puffs offre un esplosivo sapore di anguria con un rinfrescante tocco frizzante in ogni boccata. Goditi 12.000 tiri ultra-lisci con questa svapata monouso di qualit\u00e0 superiore, dotata di un&#039;avanzata tecnologia di coil a rete per un sapore ricco e costante. Pre-riempita con 20 ml di e-liquid al sale di nicotina al 5%, \u00e8 pronta per essere utilizzata immediatamente, senza bisogno di ricariche. Perfetta per svapare tutto il giorno grazie alla sua enorme capacit\u00e0 di e-liquid e al suo design compatto e adatto ai viaggi.\" \/>\n<meta property=\"og:url\" content=\"https:\/\/fizzyvape.eu\/it\/prodotto\/pandora-frizzante-allanguria-12000-soffi\/\" \/>\n<meta property=\"og:site_name\" content=\"fizzyvape.eu\" \/>\n<meta property=\"og:image\" content=\"https:\/\/fizzyvape.eu\/wp-content\/uploads\/2025\/03\/Fizzy-Pandora-WATERMELON-12000PUFF-1-1.jpg\" \/>\n\t<meta property=\"og:image:width\" content=\"1057\" \/>\n\t<meta property=\"og:image:height\" content=\"1037\" \/>\n\t<meta property=\"og:image:type\" content=\"image\/jpeg\" \/>\n<meta name=\"twitter:card\" content=\"summary_large_image\" \/>\n<meta name=\"twitter:label1\" content=\"Disponibilit\u00e0\" \/>\n\t<meta name=\"twitter:data1\" content=\"Esaurito\" \/>\n<script type=\"application\/ld+json\" class=\"yoast-schema-graph\">{\"@context\":\"https:\/\/schema.org\",\"@graph\":[{\"@type\":\"WebPage\",\"@id\":\"https:\/\/fizzyvape.eu\/it\/prodotto\/pandora-frizzante-allanguria-12000-soffi\/\",\"url\":\"https:\/\/fizzyvape.eu\/it\/prodotto\/pandora-frizzante-allanguria-12000-soffi\/\",\"name\":\"Pandora frizzante all'anguria - 12000 soffi - fizzyvape.eu\",\"isPartOf\":{\"@id\":\"https:\/\/www.fizzyvape.eu\/it\/#website\"},\"primaryImageOfPage\":{\"@id\":\"https:\/\/fizzyvape.eu\/it\/prodotto\/pandora-frizzante-allanguria-12000-soffi\/#primaryimage\"},\"image\":{\"@id\":\"https:\/\/fizzyvape.eu\/it\/prodotto\/pandora-frizzante-allanguria-12000-soffi\/#primaryimage\"},\"thumbnailUrl\":\"https:\/\/fizzyvape.eu\/wp-content\/uploads\/2025\/03\/Fizzy-Pandora-WATERMELON-12000PUFF-1-1.jpg\",\"datePublished\":\"2025-03-27T01:28:33+00:00\",\"breadcrumb\":{\"@id\":\"https:\/\/fizzyvape.eu\/it\/prodotto\/pandora-frizzante-allanguria-12000-soffi\/#breadcrumb\"},\"inLanguage\":\"it-IT\",\"potentialAction\":[{\"@type\":\"ReadAction\",\"target\":[\"https:\/\/fizzyvape.eu\/it\/prodotto\/pandora-frizzante-allanguria-12000-soffi\/\"]}]},{\"@type\":\"ImageObject\",\"inLanguage\":\"it-IT\",\"@id\":\"https:\/\/fizzyvape.eu\/it\/prodotto\/pandora-frizzante-allanguria-12000-soffi\/#primaryimage\",\"url\":\"https:\/\/fizzyvape.eu\/wp-content\/uploads\/2025\/03\/Fizzy-Pandora-WATERMELON-12000PUFF-1-1.jpg\",\"contentUrl\":\"https:\/\/fizzyvape.eu\/wp-content\/uploads\/2025\/03\/Fizzy-Pandora-WATERMELON-12000PUFF-1-1.jpg\",\"width\":1057,\"height\":1037,\"caption\":\"Fizzy-Pandora-WATERMELON-12000PUFF\"},{\"@type\":\"BreadcrumbList\",\"@id\":\"https:\/\/fizzyvape.eu\/it\/prodotto\/pandora-frizzante-allanguria-12000-soffi\/#breadcrumb\",\"itemListElement\":[{\"@type\":\"ListItem\",\"position\":1,\"name\":\"Home\",\"item\":\"https:\/\/fizzyvape.eu\/it\/\"},{\"@type\":\"ListItem\",\"position\":2,\"name\":\"Negozio\",\"item\":\"https:\/\/www.fizzyvape.eu\/it\/negozio\/\"},{\"@type\":\"ListItem\",\"position\":3,\"name\":\"Pandora frizzante all&#8217;anguria &#8211; 12000 soffi\"}]},{\"@type\":\"WebSite\",\"@id\":\"https:\/\/www.fizzyvape.eu\/it\/#website\",\"url\":\"https:\/\/www.fizzyvape.eu\/it\/\",\"name\":\"fizzyvape.eu\",\"description\":\"Refreshing Vapes. Unforgettable Taste.\",\"publisher\":{\"@id\":\"https:\/\/www.fizzyvape.eu\/it\/#organization\"},\"potentialAction\":[{\"@type\":\"SearchAction\",\"target\":{\"@type\":\"EntryPoint\",\"urlTemplate\":\"https:\/\/www.fizzyvape.eu\/it\/?s={search_term_string}\"},\"query-input\":{\"@type\":\"PropertyValueSpecification\",\"valueRequired\":true,\"valueName\":\"search_term_string\"}}],\"inLanguage\":\"it-IT\"},{\"@type\":\"Organization\",\"@id\":\"https:\/\/www.fizzyvape.eu\/it\/#organization\",\"name\":\"fizzyvape.eu\",\"url\":\"https:\/\/www.fizzyvape.eu\/it\/\",\"logo\":{\"@type\":\"ImageObject\",\"inLanguage\":\"it-IT\",\"@id\":\"https:\/\/www.fizzyvape.eu\/it\/#\/schema\/logo\/image\/\",\"url\":\"https:\/\/fizzyvape.eu\/wp-content\/uploads\/2019\/06\/print-1.svg\",\"contentUrl\":\"https:\/\/fizzyvape.eu\/wp-content\/uploads\/2019\/06\/print-1.svg\",\"width\":124,\"height\":37,\"caption\":\"fizzyvape.eu\"},\"image\":{\"@id\":\"https:\/\/www.fizzyvape.eu\/it\/#\/schema\/logo\/image\/\"}}]}<\/script>\n<meta property=\"og:availability\" content=\"out of stock\" \/>\n<meta property=\"product:availability\" content=\"out of stock\" \/>\n<meta property=\"product:condition\" content=\"new\" \/>\n<!-- \/ Yoast SEO Premium plugin. -->","yoast_head_json":{"title":"Pandora frizzante all'anguria - 12000 soffi - fizzyvape.eu","robots":{"index":"index","follow":"follow","max-snippet":"max-snippet:-1","max-image-preview":"max-image-preview:large","max-video-preview":"max-video-preview:-1"},"canonical":"https:\/\/fizzyvape.eu\/it\/prodotto\/pandora-frizzante-allanguria-12000-soffi\/","og_locale":"it_IT","og_type":"article","og_title":"Pandora frizzante all'anguria - 12000 soffi","og_description":"Fizzy Pandora Watermelon 12000 Puffs offre un esplosivo sapore di anguria con un rinfrescante tocco frizzante in ogni boccata. Goditi 12.000 tiri ultra-lisci con questa svapata monouso di qualit\u00e0 superiore, dotata di un'avanzata tecnologia di coil a rete per un sapore ricco e costante. Pre-riempita con 20 ml di e-liquid al sale di nicotina al 5%, \u00e8 pronta per essere utilizzata immediatamente, senza bisogno di ricariche. Perfetta per svapare tutto il giorno grazie alla sua enorme capacit\u00e0 di e-liquid e al suo design compatto e adatto ai viaggi.","og_url":"https:\/\/fizzyvape.eu\/it\/prodotto\/pandora-frizzante-allanguria-12000-soffi\/","og_site_name":"fizzyvape.eu","og_image":[{"width":1057,"height":1037,"url":"https:\/\/fizzyvape.eu\/wp-content\/uploads\/2025\/03\/Fizzy-Pandora-WATERMELON-12000PUFF-1-1.jpg","type":"image\/jpeg"}],"twitter_card":"summary_large_image","twitter_misc":{"Disponibilit\u00e0":"Esaurito"},"schema":{"@context":"https:\/\/schema.org","@graph":[{"@type":"WebPage","@id":"https:\/\/fizzyvape.eu\/it\/prodotto\/pandora-frizzante-allanguria-12000-soffi\/","url":"https:\/\/fizzyvape.eu\/it\/prodotto\/pandora-frizzante-allanguria-12000-soffi\/","name":"Pandora frizzante all'anguria - 12000 soffi - fizzyvape.eu","isPartOf":{"@id":"https:\/\/www.fizzyvape.eu\/it\/#website"},"primaryImageOfPage":{"@id":"https:\/\/fizzyvape.eu\/it\/prodotto\/pandora-frizzante-allanguria-12000-soffi\/#primaryimage"},"image":{"@id":"https:\/\/fizzyvape.eu\/it\/prodotto\/pandora-frizzante-allanguria-12000-soffi\/#primaryimage"},"thumbnailUrl":"https:\/\/fizzyvape.eu\/wp-content\/uploads\/2025\/03\/Fizzy-Pandora-WATERMELON-12000PUFF-1-1.jpg","datePublished":"2025-03-27T01:28:33+00:00","breadcrumb":{"@id":"https:\/\/fizzyvape.eu\/it\/prodotto\/pandora-frizzante-allanguria-12000-soffi\/#breadcrumb"},"inLanguage":"it-IT","potentialAction":[{"@type":"ReadAction","target":["https:\/\/fizzyvape.eu\/it\/prodotto\/pandora-frizzante-allanguria-12000-soffi\/"]}]},{"@type":"ImageObject","inLanguage":"it-IT","@id":"https:\/\/fizzyvape.eu\/it\/prodotto\/pandora-frizzante-allanguria-12000-soffi\/#primaryimage","url":"https:\/\/fizzyvape.eu\/wp-content\/uploads\/2025\/03\/Fizzy-Pandora-WATERMELON-12000PUFF-1-1.jpg","contentUrl":"https:\/\/fizzyvape.eu\/wp-content\/uploads\/2025\/03\/Fizzy-Pandora-WATERMELON-12000PUFF-1-1.jpg","width":1057,"height":1037,"caption":"Fizzy-Pandora-WATERMELON-12000PUFF"},{"@type":"BreadcrumbList","@id":"https:\/\/fizzyvape.eu\/it\/prodotto\/pandora-frizzante-allanguria-12000-soffi\/#breadcrumb","itemListElement":[{"@type":"ListItem","position":1,"name":"Home","item":"https:\/\/fizzyvape.eu\/it\/"},{"@type":"ListItem","position":2,"name":"Negozio","item":"https:\/\/www.fizzyvape.eu\/it\/negozio\/"},{"@type":"ListItem","position":3,"name":"Pandora frizzante all&#8217;anguria &#8211; 12000 soffi"}]},{"@type":"WebSite","@id":"https:\/\/www.fizzyvape.eu\/it\/#website","url":"https:\/\/www.fizzyvape.eu\/it\/","name":"fizzyvape.eu","description":"Refreshing Vapes. Unforgettable Taste.","publisher":{"@id":"https:\/\/www.fizzyvape.eu\/it\/#organization"},"potentialAction":[{"@type":"SearchAction","target":{"@type":"EntryPoint","urlTemplate":"https:\/\/www.fizzyvape.eu\/it\/?s={search_term_string}"},"query-input":{"@type":"PropertyValueSpecification","valueRequired":true,"valueName":"search_term_string"}}],"inLanguage":"it-IT"},{"@type":"Organization","@id":"https:\/\/www.fizzyvape.eu\/it\/#organization","name":"fizzyvape.eu","url":"https:\/\/www.fizzyvape.eu\/it\/","logo":{"@type":"ImageObject","inLanguage":"it-IT","@id":"https:\/\/www.fizzyvape.eu\/it\/#\/schema\/logo\/image\/","url":"https:\/\/fizzyvape.eu\/wp-content\/uploads\/2019\/06\/print-1.svg","contentUrl":"https:\/\/fizzyvape.eu\/wp-content\/uploads\/2019\/06\/print-1.svg","width":124,"height":37,"caption":"fizzyvape.eu"},"image":{"@id":"https:\/\/www.fizzyvape.eu\/it\/#\/schema\/logo\/image\/"}}]},"og_availability":"out of stock","product_availability":"out of stock","product_condition":"new"},"tiered_pricing_type":"fixed","tiered_pricing_fixed_rules":[],"tiered_pricing_product_settings":{"layout":"default","base_unit_name":{"singular":null,"plural":null},"default_variation":null},"tiered_pricing_minimum_quantity":null,"tiered_pricing_roles_data":[],"tiered_pricing_percentage_rules":[],"tiered_pricing_maximum_quantity":null,"tiered_pricing_quantity_step":null,"_links":{"self":[{"href":"https:\/\/fizzyvape.eu\/it\/wp-json\/wp\/v2\/product\/26290","targetHints":{"allow":["GET"]}}],"collection":[{"href":"https:\/\/fizzyvape.eu\/it\/wp-json\/wp\/v2\/product"}],"about":[{"href":"https:\/\/fizzyvape.eu\/it\/wp-json\/wp\/v2\/types\/product"}],"replies":[{"embeddable":true,"href":"https:\/\/fizzyvape.eu\/it\/wp-json\/wp\/v2\/comments?post=26290"}],"version-history":[{"count":0,"href":"https:\/\/fizzyvape.eu\/it\/wp-json\/wp\/v2\/product\/26290\/revisions"}],"wp:featuredmedia":[{"embeddable":true,"href":"https:\/\/fizzyvape.eu\/it\/wp-json\/wp\/v2\/media\/20605"}],"wp:attachment":[{"href":"https:\/\/fizzyvape.eu\/it\/wp-json\/wp\/v2\/media?parent=26290"}],"wp:term":[{"taxonomy":"product_brand","embeddable":true,"href":"https:\/\/fizzyvape.eu\/it\/wp-json\/wp\/v2\/product_brand?post=26290"},{"taxonomy":"product_cat","embeddable":true,"href":"https:\/\/fizzyvape.eu\/it\/wp-json\/wp\/v2\/product_cat?post=26290"},{"taxonomy":"product_tag","embeddable":true,"href":"https:\/\/fizzyvape.eu\/it\/wp-json\/wp\/v2\/product_tag?post=26290"}],"curies":[{"name":"wp","href":"https:\/\/api.w.org\/{rel}","templated":true}]}}