{"id":26353,"date":"2025-03-27T10:41:50","date_gmt":"2025-03-27T02:41:50","guid":{"rendered":"https:\/\/fizzyvape.eu\/product\/pandora-frizzante-al-melograno-12000-bigne\/"},"modified":"2025-03-27T10:41:50","modified_gmt":"2025-03-27T02:41:50","slug":"pandora-frizzante-al-melograno-12000-bigne","status":"publish","type":"product","link":"https:\/\/fizzyvape.eu\/it\/prodotto\/pandora-frizzante-al-melograno-12000-bigne\/","title":{"rendered":"Pandora frizzante al melograno &#8211; 12000 bign\u00e8"},"content":{"rendered":"<div>\n<h2><strong>Fizzy Pandora Pomegranate 12000 Puffs &#8211; Vape monouso premium al gusto di frutta esotica<\/strong><\/h2>\n<p>Assapora il <strong>gusto ricco e acidulo del melograno maturo<\/strong> con la <strong>Fizzy Pandora Pomegranate 12000 Puffs<\/strong> usa e getta. Progettato per una <strong>soddisfazione duratura<\/strong>, questo dispositivo di qualit\u00e0 superiore offre <strong>12.000 boccate ultra-lisce<\/strong> di <strong>e-liquid al sale di nicotina al 5%<\/strong> in un <strong>pacchetto elegante e portatile<\/strong>. La <strong>bobina a rete avanzata<\/strong> garantisce la <strong>massima purezza del sapore<\/strong> a ogni svapata.  <\/p>\n<h2><strong>Caratteristiche principali<\/strong><\/h2>\n<p><strong>12.000 boccate estese<\/strong> &#8211; Capacit\u00e0 leader nel settore per un vaping senza interruzioni.<br \/>\n<strong>Sapore di melograno esotico<\/strong> &#8211; Perfetto equilibrio tra dolce e aspro con un finale frizzante.<br \/>\n<strong>Capacit\u00e0 di 20 ml di liquido pre-riempito<\/strong> &#8211; Grande quantit\u00e0 di e-liquid (5% di nicotina)<br \/>\n<strong>Batteria ricaricabile da 650 mAh<\/strong> &#8211; Porta di ricarica USB-C per un uso completo<br \/>\n<strong>Tecnologia della bobina a rete da 1,4\u03a9<\/strong> &#8211; Ottimizzata per un sapore ricco e una produzione di vapore densa.<br \/>\n\u2714 <strong>A prova di perdite e portatile<\/strong> &#8211; Dimensioni compatte (48\u00d720,6\u00d788 mm) per un utilizzo in movimento <\/p>\n<h3><strong>Perch\u00e9 scegliere Fizzy Pandora?<\/strong><\/h3>\n<p>&#8211; <strong>Longevit\u00e0 impareggiabile<\/strong> &#8211; Dura pi\u00f9 a lungo dei normali prodotti monouso<br \/>\n&#8211; <strong>Erogazione di aroma premium<\/strong> &#8211; Tecnologia avanzata della bobina<br \/>\n&#8211; <strong>Design conveniente<\/strong> &#8211; Non richiede manutenzione<br \/>\n&#8211; <strong>Un colpo di nicotina soddisfacente<\/strong> &#8211; nicotina liscia e salina da 50 mg <\/p>\n<h3>Contenuto della confezione<\/h3>\n<p>1 \u00d7 Dispositivo Fizzy Pandora Melograno 12000 Bign\u00e8<\/p>\n<\/div>\n<div>\n<h3>Specifiche<\/h3>\n<table>\n<tbody>\n<tr>\n<td>Puff<\/td>\n<td><strong>12000+ Puff<\/strong><\/td>\n<\/tr>\n<tr>\n<td>Capacit\u00e0 del liquido elettronico<\/td>\n<td><strong>20ml<\/strong><\/td>\n<\/tr>\n<tr>\n<td>Capacit\u00e0 della batteria<\/td>\n<td><strong>650mAh<\/strong><\/td>\n<\/tr>\n<tr>\n<td>Bobina a rete<\/td>\n<td><strong>1.4\u03a9<\/strong><\/td>\n<\/tr>\n<tr>\n<td>Dimensioni<\/td>\n<td><strong>48*20,6*88 mm<\/strong><\/td>\n<\/tr>\n<tr>\n<td>Usa e getta o no<\/td>\n<td><strong>Monouso<\/strong><\/td>\n<\/tr>\n<tr>\n<td>Metodo di ricarica<\/td>\n<td><strong>Cavo<\/strong><\/td>\n<\/tr>\n<tr>\n<td>Metodo di attivazione<\/td>\n<td><strong>Sensore<\/strong><\/td>\n<\/tr>\n<tr>\n<td>Livello di nicotina<\/td>\n<td><strong>5% (50mg\/ml)<\/strong><\/td>\n<\/tr>\n<tr>\n<td>Sapori<\/td>\n<td><strong>12<\/strong><\/td>\n<\/tr>\n<tr>\n<td>Confezione<\/td>\n<td><strong>1 confezione<\/strong><\/td>\n<\/tr>\n<tr>\n<td>Tempo di ricarica<\/td>\n<td><strong>2 ore<\/strong><\/td>\n<\/tr>\n<tr>\n<td>Conservazione<\/td>\n<td><strong>Evita gli ambienti ad alta temperatura e conservali in un luogo fresco e asciutto.<\/strong><\/td>\n<\/tr>\n<tr>\n<td>Persone a cui \u00e8 vietato l&#8217;uso<\/td>\n<td><strong>Minori, donne in gravidanza e persone allergiche agli ingredienti del prodotto.<\/strong><\/td>\n<\/tr>\n<tr>\n<td>Attenzione<\/td>\n<td><strong>Non ingerire questa sostanza. In caso di ingestione, sciacqua la bocca accuratamente e immediatamente. Se ti senti male, rivolgiti a un medico.  <\/strong><\/td>\n<\/tr>\n<\/tbody>\n<\/table>\n<h3>Elenco dei gusti di <strong>Pandora <\/strong>12000 Puffs <strong>frizzanti <\/strong>:<\/h3>\n<ol>\n<li><a href=\"https:\/\/fizzyvape.eu\/it\/prodotto\/pandora-frizzante-allanguria-12000-soffi\/\">Anguria<\/a><\/li>\n<li><a href=\"https:\/\/fizzyvape.eu\/it\/prodotto\/pandora-frizzante-al-mango-12000-bigne\/\">Mango<\/a><\/li>\n<li><a href=\"https:\/\/fizzyvape.eu\/it\/prodotto\/pandora-frizzante-alluva-12000-bigne\/\">Uva<\/a><\/li>\n<li><a href=\"https:\/\/fizzyvape.eu\/it\/prodotto\/pandora-frizzante-al-melograno-12000-bigne\/\">Melograno<\/a><\/li>\n<li><a href=\"https:\/\/fizzyvape.eu\/product\/fizzy-pandora-peach-12000-puffs\/\">Pesca<\/a><\/li>\n<li><a href=\"https:\/\/fizzyvape.eu\/product\/fizzy-pandora-blueberry-raspberry-12000-puffs\/\">Mirtillo Lampone<\/a><\/li>\n<li><a href=\"https:\/\/fizzyvape.eu\/product\/fizzy-pandora-orange-mango-watermelon-12000-puffs\/\">Arancia Mango Anguria<\/a><\/li>\n<li><a href=\"https:\/\/fizzyvape.eu\/product\/fizzy-pandora-ice-mint-12000-puffs\/\">Menta ghiacciata<\/a><\/li>\n<li><a href=\"https:\/\/fizzyvape.eu\/product\/fizzy-pandora-strawberry-kiwi-pomegranate-12000-puffs\/\">Fragola Kiwi Melograno<\/a><\/li>\n<li><a href=\"https:\/\/fizzyvape.eu\/product\/fizzy-pandora-blueberry-12000-puffs\/\">Mirtillo<\/a><\/li>\n<li><a href=\"https:\/\/fizzyvape.eu\/it\/prodotto\/pandora-frizzante-alla-fragola-12000-bigne\/\">Fragola<\/a><\/li>\n<li><a href=\"https:\/\/fizzyvape.eu\/product\/fizzy-pandora-watermelon-blueberry-12000-puffs\/\">Anguria Mirtillo<\/a><\/li>\n<\/ol>\n<h3><strong>Domande frequenti su <\/strong><strong>Fizzy Pandora Melograno 12000 Bocconi <\/strong><strong>Vape<\/strong><\/h3>\n<p><strong>1. Quanto dura un dispositivo?<\/strong><br \/>\nCon circa 12.000 boccate, la maggior parte degli utenti ritiene che un dispositivo duri 2-3 settimane con abitudini di vaping moderate.<\/p>\n<p><strong>2. Il sapore del melograno \u00e8 molto dolce?<\/strong><br \/>\nOffre un equilibrio perfetto: principalmente melograno aspro con una dolcezza sottile e un finale frizzante per una complessit\u00e0 rinfrescante.<\/p>\n<p><strong>4. Cosa lo rende diverso dagli altri prodotti usa e getta?<\/strong><br \/>\nLa nostra combinazione di <strong>capacit\u00e0 extra-large (20mL)<\/strong>, <strong>bobina a rete di qualit\u00e0 superiore<\/strong> e <strong>aromi di frutta frizzante unici nel loro genere<\/strong> lo rendono unico.<\/p>\n<p><strong>5. \u00c8 adatto ai principianti?<\/strong><br \/>\nAssolutamente! Il design ad estrazione non richiede pulsanti o impostazioni: basta inalare per godersi il piacere. <\/p>\n<\/div>\n","protected":false},"excerpt":{"rendered":"<p><strong>Fizzy Pandora Pomegranate 12000 Puffs usa e getta<\/strong> &#8211; Prova la <strong>profondit\u00e0 lussuriosa del melograno<\/strong> con un&#8217;effervescenza frizzante &#8211; un gusto <strong>audace e fruttato<\/strong> che \u00e8 allo stesso tempo <strong>rinfrescante e soddisfacente<\/strong>.<\/p>\n","protected":false},"featured_media":20653,"comment_status":"open","ping_status":"closed","template":"","meta":{"iawp_total_views":0},"product_brand":[],"product_cat":[300],"product_tag":[301,397],"class_list":{"0":"post-26353","1":"product","2":"type-product","3":"status-publish","4":"has-post-thumbnail","6":"product_cat-pandora-it","7":"product_tag-12000-bigne","8":"product_tag-melograno","10":"first","11":"outofstock","12":"shipping-taxable","13":"purchasable","14":"product-type-variable"},"yoast_head":"<!-- This site is optimized with the Yoast SEO Premium plugin v24.8 (Yoast SEO v24.8) - https:\/\/yoast.com\/wordpress\/plugins\/seo\/ -->\n<title>Pandora frizzante al melograno - 12000 bign\u00e8 - fizzyvape.eu<\/title>\n<meta name=\"robots\" content=\"index, follow, max-snippet:-1, max-image-preview:large, max-video-preview:-1\" \/>\n<link rel=\"canonical\" href=\"https:\/\/fizzyvape.eu\/it\/prodotto\/pandora-frizzante-al-melograno-12000-bigne\/\" \/>\n<meta property=\"og:locale\" content=\"it_IT\" \/>\n<meta property=\"og:type\" content=\"article\" \/>\n<meta property=\"og:title\" content=\"Pandora frizzante al melograno - 12000 bign\u00e8\" \/>\n<meta property=\"og:description\" content=\"Fizzy Pandora Pomegranate 12000 Puffs usa e getta - Prova la profondit\u00e0 lussuriosa del melograno con un&#039;effervescenza frizzante - un gusto audace e fruttato che \u00e8 allo stesso tempo rinfrescante e soddisfacente.\" \/>\n<meta property=\"og:url\" content=\"https:\/\/fizzyvape.eu\/it\/prodotto\/pandora-frizzante-al-melograno-12000-bigne\/\" \/>\n<meta property=\"og:site_name\" content=\"fizzyvape.eu\" \/>\n<meta property=\"og:image\" content=\"https:\/\/www.fizzyvape.eu\/wp-content\/uploads\/2025\/03\/FizzyVape-Pandora-Pomegranate-12000Puff.jpg\" \/>\n\t<meta property=\"og:image:width\" content=\"1057\" \/>\n\t<meta property=\"og:image:height\" content=\"1037\" \/>\n\t<meta property=\"og:image:type\" content=\"image\/jpeg\" \/>\n<meta name=\"twitter:card\" content=\"summary_large_image\" \/>\n<meta name=\"twitter:label1\" content=\"Disponibilit\u00e0\" \/>\n\t<meta name=\"twitter:data1\" content=\"Esaurito\" \/>\n<script type=\"application\/ld+json\" class=\"yoast-schema-graph\">{\"@context\":\"https:\/\/schema.org\",\"@graph\":[{\"@type\":\"WebPage\",\"@id\":\"https:\/\/fizzyvape.eu\/it\/prodotto\/pandora-frizzante-al-melograno-12000-bigne\/\",\"url\":\"https:\/\/fizzyvape.eu\/it\/prodotto\/pandora-frizzante-al-melograno-12000-bigne\/\",\"name\":\"Pandora frizzante al melograno - 12000 bign\u00e8 - fizzyvape.eu\",\"isPartOf\":{\"@id\":\"https:\/\/www.fizzyvape.eu\/it\/#website\"},\"primaryImageOfPage\":{\"@id\":\"https:\/\/fizzyvape.eu\/it\/prodotto\/pandora-frizzante-al-melograno-12000-bigne\/#primaryimage\"},\"image\":{\"@id\":\"https:\/\/fizzyvape.eu\/it\/prodotto\/pandora-frizzante-al-melograno-12000-bigne\/#primaryimage\"},\"thumbnailUrl\":\"https:\/\/fizzyvape.eu\/wp-content\/uploads\/2025\/03\/FizzyVape-Pandora-Pomegranate-12000Puff.jpg\",\"datePublished\":\"2025-03-27T02:41:50+00:00\",\"breadcrumb\":{\"@id\":\"https:\/\/fizzyvape.eu\/it\/prodotto\/pandora-frizzante-al-melograno-12000-bigne\/#breadcrumb\"},\"inLanguage\":\"it-IT\",\"potentialAction\":[{\"@type\":\"ReadAction\",\"target\":[\"https:\/\/fizzyvape.eu\/it\/prodotto\/pandora-frizzante-al-melograno-12000-bigne\/\"]}]},{\"@type\":\"ImageObject\",\"inLanguage\":\"it-IT\",\"@id\":\"https:\/\/fizzyvape.eu\/it\/prodotto\/pandora-frizzante-al-melograno-12000-bigne\/#primaryimage\",\"url\":\"https:\/\/fizzyvape.eu\/wp-content\/uploads\/2025\/03\/FizzyVape-Pandora-Pomegranate-12000Puff.jpg\",\"contentUrl\":\"https:\/\/fizzyvape.eu\/wp-content\/uploads\/2025\/03\/FizzyVape-Pandora-Pomegranate-12000Puff.jpg\",\"width\":1057,\"height\":1037,\"caption\":\"FizzyVape-Pandora-Pomegranate-12000Puff\"},{\"@type\":\"BreadcrumbList\",\"@id\":\"https:\/\/fizzyvape.eu\/it\/prodotto\/pandora-frizzante-al-melograno-12000-bigne\/#breadcrumb\",\"itemListElement\":[{\"@type\":\"ListItem\",\"position\":1,\"name\":\"Home\",\"item\":\"https:\/\/fizzyvape.eu\/it\/\"},{\"@type\":\"ListItem\",\"position\":2,\"name\":\"Negozio\",\"item\":\"https:\/\/www.fizzyvape.eu\/it\/negozio\/\"},{\"@type\":\"ListItem\",\"position\":3,\"name\":\"Pandora frizzante al melograno &#8211; 12000 bign\u00e8\"}]},{\"@type\":\"WebSite\",\"@id\":\"https:\/\/www.fizzyvape.eu\/it\/#website\",\"url\":\"https:\/\/www.fizzyvape.eu\/it\/\",\"name\":\"fizzyvape.eu\",\"description\":\"Refreshing Vapes. Unforgettable Taste.\",\"publisher\":{\"@id\":\"https:\/\/www.fizzyvape.eu\/it\/#organization\"},\"potentialAction\":[{\"@type\":\"SearchAction\",\"target\":{\"@type\":\"EntryPoint\",\"urlTemplate\":\"https:\/\/www.fizzyvape.eu\/it\/?s={search_term_string}\"},\"query-input\":{\"@type\":\"PropertyValueSpecification\",\"valueRequired\":true,\"valueName\":\"search_term_string\"}}],\"inLanguage\":\"it-IT\"},{\"@type\":\"Organization\",\"@id\":\"https:\/\/www.fizzyvape.eu\/it\/#organization\",\"name\":\"fizzyvape.eu\",\"url\":\"https:\/\/www.fizzyvape.eu\/it\/\",\"logo\":{\"@type\":\"ImageObject\",\"inLanguage\":\"it-IT\",\"@id\":\"https:\/\/www.fizzyvape.eu\/it\/#\/schema\/logo\/image\/\",\"url\":\"https:\/\/fizzyvape.eu\/wp-content\/uploads\/2019\/06\/print-1.svg\",\"contentUrl\":\"https:\/\/fizzyvape.eu\/wp-content\/uploads\/2019\/06\/print-1.svg\",\"width\":124,\"height\":37,\"caption\":\"fizzyvape.eu\"},\"image\":{\"@id\":\"https:\/\/www.fizzyvape.eu\/it\/#\/schema\/logo\/image\/\"}}]}<\/script>\n<meta property=\"og:availability\" content=\"out of stock\" \/>\n<meta property=\"product:availability\" content=\"out of stock\" \/>\n<meta property=\"product:condition\" content=\"new\" \/>\n<!-- \/ Yoast SEO Premium plugin. -->","yoast_head_json":{"title":"Pandora frizzante al melograno - 12000 bign\u00e8 - fizzyvape.eu","robots":{"index":"index","follow":"follow","max-snippet":"max-snippet:-1","max-image-preview":"max-image-preview:large","max-video-preview":"max-video-preview:-1"},"canonical":"https:\/\/fizzyvape.eu\/it\/prodotto\/pandora-frizzante-al-melograno-12000-bigne\/","og_locale":"it_IT","og_type":"article","og_title":"Pandora frizzante al melograno - 12000 bign\u00e8","og_description":"Fizzy Pandora Pomegranate 12000 Puffs usa e getta - Prova la profondit\u00e0 lussuriosa del melograno con un'effervescenza frizzante - un gusto audace e fruttato che \u00e8 allo stesso tempo rinfrescante e soddisfacente.","og_url":"https:\/\/fizzyvape.eu\/it\/prodotto\/pandora-frizzante-al-melograno-12000-bigne\/","og_site_name":"fizzyvape.eu","og_image":[{"width":1057,"height":1037,"url":"https:\/\/www.fizzyvape.eu\/wp-content\/uploads\/2025\/03\/FizzyVape-Pandora-Pomegranate-12000Puff.jpg","type":"image\/jpeg"}],"twitter_card":"summary_large_image","twitter_misc":{"Disponibilit\u00e0":"Esaurito"},"schema":{"@context":"https:\/\/schema.org","@graph":[{"@type":"WebPage","@id":"https:\/\/fizzyvape.eu\/it\/prodotto\/pandora-frizzante-al-melograno-12000-bigne\/","url":"https:\/\/fizzyvape.eu\/it\/prodotto\/pandora-frizzante-al-melograno-12000-bigne\/","name":"Pandora frizzante al melograno - 12000 bign\u00e8 - fizzyvape.eu","isPartOf":{"@id":"https:\/\/www.fizzyvape.eu\/it\/#website"},"primaryImageOfPage":{"@id":"https:\/\/fizzyvape.eu\/it\/prodotto\/pandora-frizzante-al-melograno-12000-bigne\/#primaryimage"},"image":{"@id":"https:\/\/fizzyvape.eu\/it\/prodotto\/pandora-frizzante-al-melograno-12000-bigne\/#primaryimage"},"thumbnailUrl":"https:\/\/fizzyvape.eu\/wp-content\/uploads\/2025\/03\/FizzyVape-Pandora-Pomegranate-12000Puff.jpg","datePublished":"2025-03-27T02:41:50+00:00","breadcrumb":{"@id":"https:\/\/fizzyvape.eu\/it\/prodotto\/pandora-frizzante-al-melograno-12000-bigne\/#breadcrumb"},"inLanguage":"it-IT","potentialAction":[{"@type":"ReadAction","target":["https:\/\/fizzyvape.eu\/it\/prodotto\/pandora-frizzante-al-melograno-12000-bigne\/"]}]},{"@type":"ImageObject","inLanguage":"it-IT","@id":"https:\/\/fizzyvape.eu\/it\/prodotto\/pandora-frizzante-al-melograno-12000-bigne\/#primaryimage","url":"https:\/\/fizzyvape.eu\/wp-content\/uploads\/2025\/03\/FizzyVape-Pandora-Pomegranate-12000Puff.jpg","contentUrl":"https:\/\/fizzyvape.eu\/wp-content\/uploads\/2025\/03\/FizzyVape-Pandora-Pomegranate-12000Puff.jpg","width":1057,"height":1037,"caption":"FizzyVape-Pandora-Pomegranate-12000Puff"},{"@type":"BreadcrumbList","@id":"https:\/\/fizzyvape.eu\/it\/prodotto\/pandora-frizzante-al-melograno-12000-bigne\/#breadcrumb","itemListElement":[{"@type":"ListItem","position":1,"name":"Home","item":"https:\/\/fizzyvape.eu\/it\/"},{"@type":"ListItem","position":2,"name":"Negozio","item":"https:\/\/www.fizzyvape.eu\/it\/negozio\/"},{"@type":"ListItem","position":3,"name":"Pandora frizzante al melograno &#8211; 12000 bign\u00e8"}]},{"@type":"WebSite","@id":"https:\/\/www.fizzyvape.eu\/it\/#website","url":"https:\/\/www.fizzyvape.eu\/it\/","name":"fizzyvape.eu","description":"Refreshing Vapes. Unforgettable Taste.","publisher":{"@id":"https:\/\/www.fizzyvape.eu\/it\/#organization"},"potentialAction":[{"@type":"SearchAction","target":{"@type":"EntryPoint","urlTemplate":"https:\/\/www.fizzyvape.eu\/it\/?s={search_term_string}"},"query-input":{"@type":"PropertyValueSpecification","valueRequired":true,"valueName":"search_term_string"}}],"inLanguage":"it-IT"},{"@type":"Organization","@id":"https:\/\/www.fizzyvape.eu\/it\/#organization","name":"fizzyvape.eu","url":"https:\/\/www.fizzyvape.eu\/it\/","logo":{"@type":"ImageObject","inLanguage":"it-IT","@id":"https:\/\/www.fizzyvape.eu\/it\/#\/schema\/logo\/image\/","url":"https:\/\/fizzyvape.eu\/wp-content\/uploads\/2019\/06\/print-1.svg","contentUrl":"https:\/\/fizzyvape.eu\/wp-content\/uploads\/2019\/06\/print-1.svg","width":124,"height":37,"caption":"fizzyvape.eu"},"image":{"@id":"https:\/\/www.fizzyvape.eu\/it\/#\/schema\/logo\/image\/"}}]},"og_availability":"out of stock","product_availability":"out of stock","product_condition":"new"},"tiered_pricing_type":"fixed","tiered_pricing_fixed_rules":[],"tiered_pricing_product_settings":{"layout":"default","base_unit_name":{"singular":null,"plural":null},"default_variation":null},"tiered_pricing_minimum_quantity":null,"tiered_pricing_roles_data":[],"tiered_pricing_percentage_rules":[],"tiered_pricing_maximum_quantity":null,"tiered_pricing_quantity_step":null,"_links":{"self":[{"href":"https:\/\/fizzyvape.eu\/it\/wp-json\/wp\/v2\/product\/26353","targetHints":{"allow":["GET"]}}],"collection":[{"href":"https:\/\/fizzyvape.eu\/it\/wp-json\/wp\/v2\/product"}],"about":[{"href":"https:\/\/fizzyvape.eu\/it\/wp-json\/wp\/v2\/types\/product"}],"replies":[{"embeddable":true,"href":"https:\/\/fizzyvape.eu\/it\/wp-json\/wp\/v2\/comments?post=26353"}],"version-history":[{"count":0,"href":"https:\/\/fizzyvape.eu\/it\/wp-json\/wp\/v2\/product\/26353\/revisions"}],"wp:featuredmedia":[{"embeddable":true,"href":"https:\/\/fizzyvape.eu\/it\/wp-json\/wp\/v2\/media\/20653"}],"wp:attachment":[{"href":"https:\/\/fizzyvape.eu\/it\/wp-json\/wp\/v2\/media?parent=26353"}],"wp:term":[{"taxonomy":"product_brand","embeddable":true,"href":"https:\/\/fizzyvape.eu\/it\/wp-json\/wp\/v2\/product_brand?post=26353"},{"taxonomy":"product_cat","embeddable":true,"href":"https:\/\/fizzyvape.eu\/it\/wp-json\/wp\/v2\/product_cat?post=26353"},{"taxonomy":"product_tag","embeddable":true,"href":"https:\/\/fizzyvape.eu\/it\/wp-json\/wp\/v2\/product_tag?post=26353"}],"curies":[{"name":"wp","href":"https:\/\/api.w.org\/{rel}","templated":true}]}}