{"id":26476,"date":"2025-03-27T13:41:35","date_gmt":"2025-03-27T05:41:35","guid":{"rendered":"https:\/\/fizzyvape.eu\/product\/pandora-frizzante-fragola-kiwi-melograno-12000-bigne\/"},"modified":"2025-03-27T13:41:35","modified_gmt":"2025-03-27T05:41:35","slug":"pandora-frizzante-fragola-kiwi-melograno-12000-bigne","status":"publish","type":"product","link":"https:\/\/fizzyvape.eu\/it\/prodotto\/pandora-frizzante-fragola-kiwi-melograno-12000-bigne\/","title":{"rendered":"Pandora frizzante Fragola Kiwi Melograno &#8211; 12000 Bign\u00e8"},"content":{"rendered":"<div>\n<h2><strong>Fizzy Pandora Fragola Kiwi Melograno 12000 Bocconi &#8211; Vape monouso Premium a tripla bacca<\/strong><\/h2>\n<p>Concediti un vivace miscuglio di frutti di bosco con <strong>Fizzy Pandora Strawberry Kiwi Pomegranate 12000 Puffs<\/strong>, che unisce fragole dolci, kiwi piccanti e melograno ricco con un finale frizzante. Questo prodotto usa e getta di qualit\u00e0 superiore offre 12.000 boccate ultra-lisce di e-liquid al sale di nicotina al 5% in un design elegante e ricaricabile tramite USB-C. <\/p>\n<h3><strong>Caratteristiche principali<\/strong><\/h3>\n<p><strong>12.000 boccate ultra-lunghe<\/strong> &#8211; 2-3 settimane di uso continuo<br \/>\n<strong>Capacit\u00e0 del liquido elettronico di 20 ml<\/strong> &#8211; Sale di nicotina premium al 5%.<br \/>\n<strong>Batteria ricaricabile da 650 mAh<\/strong> &#8211; ricarica rapida USB-C<br \/>\n<strong>Bobina a rete da 1,4\u03a9<\/strong> &#8211; Ottimizza la nitidezza dell&#8217;aroma e la produzione di vapore.<br \/>\n<strong>Design a prova di perdite<\/strong> &#8211; Struttura sigillata (48\u00d720,6\u00d788 mm)<br \/>\n<strong>Attivazione a estrazione<\/strong> &#8211; Nessun pulsante, vaping istantaneo <\/p>\n<h3><strong>Perch\u00e9 scegliere Fizzy Pandora Fragola Kiwi Melograno?<\/strong><\/h3>\n<p>\ud83c\udf1f <strong>Triple Berry Mastery<\/strong> &#8211; Profilo dolce\/tartico perfettamente bilanciato<br \/>\n\u26a1 <strong>Prestazioni di resistenza<\/strong> &#8211; Dura 2 volte di pi\u00f9 rispetto agli usa e getta standard<br \/>\n\ud83d\udc8e <strong>Costruzione Premium<\/strong> &#8211; Finitura smerigliata sfumata con bocchino ergonomico<br \/>\n\ud83c\udf3f <strong>Smooth Satisfaction<\/strong> &#8211; sale di nicotina al 5% per un&#8217;asprezza pari a zero<br \/>\n\ud83d\uded2 <strong>Senza problemi<\/strong> &#8211; Pronto per essere svapato subito dopo la confezione <\/p>\n<h3>Contenuto della confezione<\/h3>\n<p>1 \u00d7 Dispositivo Fizzy Pandora Fragola Kiwi Melograno 12000 Bign\u00e8<\/p>\n<\/div>\n<div>\n<h3>Specifiche<\/h3>\n<table>\n<tbody>\n<tr>\n<td>Puff<\/td>\n<td><strong>12000+ Puff<\/strong><\/td>\n<\/tr>\n<tr>\n<td>Capacit\u00e0 del liquido elettronico<\/td>\n<td><strong>20ml<\/strong><\/td>\n<\/tr>\n<tr>\n<td>Capacit\u00e0 della batteria<\/td>\n<td><strong>650mAh<\/strong><\/td>\n<\/tr>\n<tr>\n<td>Bobina a rete<\/td>\n<td><strong>1.4\u03a9<\/strong><\/td>\n<\/tr>\n<tr>\n<td>Dimensioni<\/td>\n<td><strong>48*20,6*88 mm<\/strong><\/td>\n<\/tr>\n<tr>\n<td>Usa e getta o no<\/td>\n<td><strong>Monouso<\/strong><\/td>\n<\/tr>\n<tr>\n<td>Metodo di ricarica<\/td>\n<td><strong>Cavo<\/strong><\/td>\n<\/tr>\n<tr>\n<td>Metodo di attivazione<\/td>\n<td><strong>Sensore<\/strong><\/td>\n<\/tr>\n<tr>\n<td>Livello di nicotina<\/td>\n<td><strong>5% (50mg\/ml)<\/strong><\/td>\n<\/tr>\n<tr>\n<td>Sapori<\/td>\n<td><strong>12<\/strong><\/td>\n<\/tr>\n<tr>\n<td>Confezione<\/td>\n<td><strong>1 confezione<\/strong><\/td>\n<\/tr>\n<tr>\n<td>Tempo di ricarica<\/td>\n<td><strong>2 ore<\/strong><\/td>\n<\/tr>\n<tr>\n<td>Conservazione<\/td>\n<td><strong>Evita gli ambienti ad alta temperatura e conservali in un luogo fresco e asciutto.<\/strong><\/td>\n<\/tr>\n<tr>\n<td>Persone a cui \u00e8 vietato l&#8217;uso<\/td>\n<td><strong>Minori, donne in gravidanza e persone allergiche agli ingredienti del prodotto.<\/strong><\/td>\n<\/tr>\n<tr>\n<td>Attenzione<\/td>\n<td><strong>Non ingerire questa sostanza. In caso di ingestione, sciacqua la bocca accuratamente e immediatamente. Se ti senti male, rivolgiti a un medico.  <\/strong><\/td>\n<\/tr>\n<\/tbody>\n<\/table>\n<h3>Elenco dei gusti di <strong>Pandora <\/strong>12000 Puffs <strong>frizzanti <\/strong>:<\/h3>\n<ol>\n<li><a href=\"https:\/\/fizzyvape.eu\/it\/prodotto\/pandora-frizzante-allanguria-12000-soffi\/\">Anguria<\/a><\/li>\n<li><a href=\"https:\/\/fizzyvape.eu\/it\/prodotto\/pandora-frizzante-al-mango-12000-bigne\/\">Mango<\/a><\/li>\n<li><a href=\"https:\/\/fizzyvape.eu\/it\/prodotto\/pandora-frizzante-alluva-12000-bigne\/\">Uva<\/a><\/li>\n<li><a href=\"https:\/\/fizzyvape.eu\/it\/prodotto\/pandora-frizzante-al-melograno-12000-bigne\/\">Melograno<\/a><\/li>\n<li><a href=\"https:\/\/fizzyvape.eu\/it\/prodotto\/pandora-frizzante-alla-pesca-12000-bigne\/\">Pesca<\/a><\/li>\n<li><a href=\"https:\/\/fizzyvape.eu\/it\/prodotto\/pandora-frizzante-mirtillo-e-lampone-12000-bigne\/\">Mirtillo Lampone<\/a><\/li>\n<li><a href=\"https:\/\/fizzyvape.eu\/it\/prodotto\/pandora-frizzante-arancia-mango-anguria-12000-bigne\/\">Arancia Mango Anguria<\/a><\/li>\n<li><a href=\"https:\/\/fizzyvape.eu\/it\/prodotto\/menta-ghiacciata-fizzy-pandora-12000-bigne\/\">Menta ghiacciata<\/a><\/li>\n<li><a href=\"https:\/\/fizzyvape.eu\/it\/prodotto\/pandora-frizzante-fragola-kiwi-melograno-12000-bigne\/\">Fragola Kiwi Melograno<\/a><\/li>\n<li><a href=\"https:\/\/fizzyvape.eu\/product\/fizzy-pandora-blueberry-12000-puffs\/\">Mirtillo<\/a><\/li>\n<li><a href=\"https:\/\/fizzyvape.eu\/it\/prodotto\/pandora-frizzante-alla-fragola-12000-bigne\/\">Fragola<\/a><\/li>\n<li><a href=\"https:\/\/fizzyvape.eu\/product\/fizzy-pandora-watermelon-blueberry-12000-puffs\/\">Anguria Mirtillo<\/a><\/li>\n<\/ol>\n<h3><strong>Domande frequenti su <\/strong><strong>Fizzy Pandora Fragola Kiwi Melograno 12000 Bocconi <\/strong><strong>Vape<\/strong><\/h3>\n<ul>\n<li class=\"\" data-start=\"116\" data-end=\"348\">\n<p class=\"\" data-start=\"119\" data-end=\"348\"><strong data-start=\"119\" data-end=\"206\">Quanto dura il Fizzy Pandora Fragola Kiwi Melograno 12000 Puff?<\/strong><br data-start=\"206\" data-end=\"209\">La Fizzy Pandora fornisce fino a 12.000 boccate, rendendola ideale per sessioni di svapo prolungate, che possono durare fino a 2-3 settimane per i vapers moderati.<\/p>\n<\/li>\n<li class=\"\" data-start=\"350\" data-end=\"585\">\n<p class=\"\" data-start=\"353\" data-end=\"585\"><strong data-start=\"353\" data-end=\"428\">Quali sono gli aromi contenuti nel vaping Fizzy Pandora Fragola Kiwi Melograno?<\/strong><br data-start=\"428\" data-end=\"431\">Questa bevanda combina il gusto dolce della fragola, il sapore acidulo del kiwi e la ricchezza succosa del melograno per un&#8217;esperienza di svapo deliziosamente rinfrescante.<\/p>\n<\/li>\n<li class=\"\" data-start=\"587\" data-end=\"796\">\n<p class=\"\" data-start=\"590\" data-end=\"796\"><strong data-start=\"590\" data-end=\"661\">La Fizzy Pandora Strawberry Kiwi Pomegranate \u00e8 ricaricabile?<\/strong><br data-start=\"661\" data-end=\"664\">S\u00ec! Il dispositivo \u00e8 dotato di una batteria ricaricabile da 650 mAh, che ti permetter\u00e0 di gustare fino all&#8217;ultima goccia di e-liquid senza sprechi. <\/p>\n<\/li>\n<li class=\"\" data-start=\"798\" data-end=\"1024\">\n<p class=\"\" data-start=\"801\" data-end=\"1024\"><strong data-start=\"801\" data-end=\"882\">Il Fizzy Pandora Strawberry Kiwi Pomegranate 12000 Puffs \u00e8 a prova di perdite?<\/strong><br data-start=\"882\" data-end=\"885\">Assolutamente! Il dispositivo \u00e8 stato progettato per essere a prova di perdite, assicurando che la tua svapata rimanga pulita e sicura e fornendo un&#8217;esperienza senza interruzioni. <\/p>\n<\/li>\n<li class=\"\" data-start=\"1026\" data-end=\"1253\">\n<p class=\"\" data-start=\"1029\" data-end=\"1253\"><strong data-start=\"1029\" data-end=\"1112\">Che intensit\u00e0 di nicotina ha la Fizzy Pandora Strawberry Kiwi Pomegranate?<\/strong><br data-start=\"1112\" data-end=\"1115\">La Fizzy Pandora contiene il 5% (50mg) di sale di nicotina, offrendo un colpo in gola morbido per chi preferisce un&#8217;esperienza di nicotina soddisfacente.<\/p>\n<\/li>\n<\/ul>\n<\/div>\n","protected":false},"excerpt":{"rendered":"<p><strong>Fizzy Pandora Fragola Kiwi Melograno 12000 Bign\u00e8<\/strong>: Goditi una vibrante fusione di tre frutti di bosco! Prova la dolce fragola, il kiwi piccante e il ricco melograno con un rinfrescante finale frizzante in questa svapata ricaricabile usa e getta di lunga durata. <\/p>\n","protected":false},"featured_media":20669,"comment_status":"open","ping_status":"closed","template":"","meta":{"iawp_total_views":0},"product_brand":[],"product_cat":[300],"product_tag":[301],"class_list":{"0":"post-26476","1":"product","2":"type-product","3":"status-publish","4":"has-post-thumbnail","6":"product_cat-pandora-it","7":"product_tag-12000-bigne","9":"first","10":"outofstock","11":"shipping-taxable","12":"purchasable","13":"product-type-variable"},"yoast_head":"<!-- This site is optimized with the Yoast SEO Premium plugin v24.8 (Yoast SEO v27.4) - https:\/\/yoast.com\/product\/yoast-seo-premium-wordpress\/ -->\n<title>Pandora frizzante Fragola Kiwi Melograno - 12000 Bign\u00e8 - fizzyvape.eu<\/title>\n<meta name=\"robots\" content=\"index, follow, max-snippet:-1, max-image-preview:large, max-video-preview:-1\" \/>\n<link rel=\"canonical\" href=\"https:\/\/fizzyvape.eu\/it\/prodotto\/pandora-frizzante-fragola-kiwi-melograno-12000-bigne\/\" \/>\n<meta property=\"og:locale\" content=\"it_IT\" \/>\n<meta property=\"og:type\" content=\"article\" \/>\n<meta property=\"og:title\" content=\"Pandora frizzante Fragola Kiwi Melograno - 12000 Bign\u00e8\" \/>\n<meta property=\"og:description\" content=\"Fizzy Pandora Fragola Kiwi Melograno 12000 Bign\u00e8: Goditi una vibrante fusione di tre frutti di bosco! Prova la dolce fragola, il kiwi piccante e il ricco melograno con un rinfrescante finale frizzante in questa svapata ricaricabile usa e getta di lunga durata.\" \/>\n<meta property=\"og:url\" content=\"https:\/\/fizzyvape.eu\/it\/prodotto\/pandora-frizzante-fragola-kiwi-melograno-12000-bigne\/\" \/>\n<meta property=\"og:site_name\" content=\"fizzyvape.eu\" \/>\n<meta property=\"og:image\" content=\"https:\/\/www.fizzyvape.eu\/wp-content\/uploads\/2025\/03\/FizzyVape-Pandora-Strawberry-Kiwi-Pomegranate-12000Puff.jpg\" \/>\n\t<meta property=\"og:image:width\" content=\"1057\" \/>\n\t<meta property=\"og:image:height\" content=\"1037\" \/>\n\t<meta property=\"og:image:type\" content=\"image\/jpeg\" \/>\n<meta name=\"twitter:card\" content=\"summary_large_image\" \/>\n<meta name=\"twitter:label1\" content=\"Disponibilit\u00e0\" \/>\n\t<meta name=\"twitter:data1\" content=\"Esaurito\" \/>\n<script type=\"application\/ld+json\" class=\"yoast-schema-graph\">{\"@context\":\"https:\\\/\\\/schema.org\",\"@graph\":[{\"@type\":\"WebPage\",\"@id\":\"https:\\\/\\\/fizzyvape.eu\\\/it\\\/prodotto\\\/pandora-frizzante-fragola-kiwi-melograno-12000-bigne\\\/\",\"url\":\"https:\\\/\\\/fizzyvape.eu\\\/it\\\/prodotto\\\/pandora-frizzante-fragola-kiwi-melograno-12000-bigne\\\/\",\"name\":\"Pandora frizzante Fragola Kiwi Melograno - 12000 Bign\u00e8 - fizzyvape.eu\",\"isPartOf\":{\"@id\":\"https:\\\/\\\/www.fizzyvape.eu\\\/it\\\/#website\"},\"primaryImageOfPage\":{\"@id\":\"https:\\\/\\\/fizzyvape.eu\\\/it\\\/prodotto\\\/pandora-frizzante-fragola-kiwi-melograno-12000-bigne\\\/#primaryimage\"},\"image\":{\"@id\":\"https:\\\/\\\/fizzyvape.eu\\\/it\\\/prodotto\\\/pandora-frizzante-fragola-kiwi-melograno-12000-bigne\\\/#primaryimage\"},\"thumbnailUrl\":\"https:\\\/\\\/fizzyvape.eu\\\/wp-content\\\/uploads\\\/2025\\\/03\\\/FizzyVape-Pandora-Strawberry-Kiwi-Pomegranate-12000Puff.jpg\",\"datePublished\":\"2025-03-27T05:41:35+00:00\",\"breadcrumb\":{\"@id\":\"https:\\\/\\\/fizzyvape.eu\\\/it\\\/prodotto\\\/pandora-frizzante-fragola-kiwi-melograno-12000-bigne\\\/#breadcrumb\"},\"inLanguage\":\"it-IT\",\"potentialAction\":[{\"@type\":\"ReadAction\",\"target\":[\"https:\\\/\\\/fizzyvape.eu\\\/it\\\/prodotto\\\/pandora-frizzante-fragola-kiwi-melograno-12000-bigne\\\/\"]}]},{\"@type\":\"ImageObject\",\"inLanguage\":\"it-IT\",\"@id\":\"https:\\\/\\\/fizzyvape.eu\\\/it\\\/prodotto\\\/pandora-frizzante-fragola-kiwi-melograno-12000-bigne\\\/#primaryimage\",\"url\":\"https:\\\/\\\/fizzyvape.eu\\\/wp-content\\\/uploads\\\/2025\\\/03\\\/FizzyVape-Pandora-Strawberry-Kiwi-Pomegranate-12000Puff.jpg\",\"contentUrl\":\"https:\\\/\\\/fizzyvape.eu\\\/wp-content\\\/uploads\\\/2025\\\/03\\\/FizzyVape-Pandora-Strawberry-Kiwi-Pomegranate-12000Puff.jpg\",\"width\":1057,\"height\":1037,\"caption\":\"FizzyVape-Pandora-Strawberry-Kiwi-Pomegranate-12000Puff\"},{\"@type\":\"BreadcrumbList\",\"@id\":\"https:\\\/\\\/fizzyvape.eu\\\/it\\\/prodotto\\\/pandora-frizzante-fragola-kiwi-melograno-12000-bigne\\\/#breadcrumb\",\"itemListElement\":[{\"@type\":\"ListItem\",\"position\":1,\"name\":\"Home\",\"item\":\"https:\\\/\\\/fizzyvape.eu\\\/it\\\/\"},{\"@type\":\"ListItem\",\"position\":2,\"name\":\"Negozio\",\"item\":\"https:\\\/\\\/www.fizzyvape.eu\\\/it\\\/negozio\\\/\"},{\"@type\":\"ListItem\",\"position\":3,\"name\":\"Pandora frizzante Fragola Kiwi Melograno &#8211; 12000 Bign\u00e8\"}]},{\"@type\":\"WebSite\",\"@id\":\"https:\\\/\\\/www.fizzyvape.eu\\\/it\\\/#website\",\"url\":\"https:\\\/\\\/www.fizzyvape.eu\\\/it\\\/\",\"name\":\"fizzyvape.eu\",\"description\":\"Refreshing Vapes. Unforgettable Taste.\",\"publisher\":{\"@id\":\"https:\\\/\\\/www.fizzyvape.eu\\\/it\\\/#organization\"},\"potentialAction\":[{\"@type\":\"SearchAction\",\"target\":{\"@type\":\"EntryPoint\",\"urlTemplate\":\"https:\\\/\\\/www.fizzyvape.eu\\\/it\\\/?s={search_term_string}\"},\"query-input\":{\"@type\":\"PropertyValueSpecification\",\"valueRequired\":true,\"valueName\":\"search_term_string\"}}],\"inLanguage\":\"it-IT\"},{\"@type\":\"Organization\",\"@id\":\"https:\\\/\\\/www.fizzyvape.eu\\\/it\\\/#organization\",\"name\":\"fizzyvape.eu\",\"url\":\"https:\\\/\\\/www.fizzyvape.eu\\\/it\\\/\",\"logo\":{\"@type\":\"ImageObject\",\"inLanguage\":\"it-IT\",\"@id\":\"https:\\\/\\\/www.fizzyvape.eu\\\/it\\\/#\\\/schema\\\/logo\\\/image\\\/\",\"url\":\"https:\\\/\\\/fizzyvape.eu\\\/wp-content\\\/uploads\\\/2019\\\/06\\\/print-1.svg\",\"contentUrl\":\"https:\\\/\\\/fizzyvape.eu\\\/wp-content\\\/uploads\\\/2019\\\/06\\\/print-1.svg\",\"width\":124,\"height\":37,\"caption\":\"fizzyvape.eu\"},\"image\":{\"@id\":\"https:\\\/\\\/www.fizzyvape.eu\\\/it\\\/#\\\/schema\\\/logo\\\/image\\\/\"}}]}<\/script>\n<meta property=\"og:availability\" content=\"out of stock\" \/>\n<meta property=\"product:availability\" content=\"out of stock\" \/>\n<meta property=\"product:condition\" content=\"new\" \/>\n<!-- \/ Yoast SEO Premium plugin. -->","yoast_head_json":{"title":"Pandora frizzante Fragola Kiwi Melograno - 12000 Bign\u00e8 - fizzyvape.eu","robots":{"index":"index","follow":"follow","max-snippet":"max-snippet:-1","max-image-preview":"max-image-preview:large","max-video-preview":"max-video-preview:-1"},"canonical":"https:\/\/fizzyvape.eu\/it\/prodotto\/pandora-frizzante-fragola-kiwi-melograno-12000-bigne\/","og_locale":"it_IT","og_type":"article","og_title":"Pandora frizzante Fragola Kiwi Melograno - 12000 Bign\u00e8","og_description":"Fizzy Pandora Fragola Kiwi Melograno 12000 Bign\u00e8: Goditi una vibrante fusione di tre frutti di bosco! Prova la dolce fragola, il kiwi piccante e il ricco melograno con un rinfrescante finale frizzante in questa svapata ricaricabile usa e getta di lunga durata.","og_url":"https:\/\/fizzyvape.eu\/it\/prodotto\/pandora-frizzante-fragola-kiwi-melograno-12000-bigne\/","og_site_name":"fizzyvape.eu","og_image":[{"width":1057,"height":1037,"url":"https:\/\/www.fizzyvape.eu\/wp-content\/uploads\/2025\/03\/FizzyVape-Pandora-Strawberry-Kiwi-Pomegranate-12000Puff.jpg","type":"image\/jpeg"}],"twitter_card":"summary_large_image","twitter_misc":{"Disponibilit\u00e0":"Esaurito"},"schema":{"@context":"https:\/\/schema.org","@graph":[{"@type":"WebPage","@id":"https:\/\/fizzyvape.eu\/it\/prodotto\/pandora-frizzante-fragola-kiwi-melograno-12000-bigne\/","url":"https:\/\/fizzyvape.eu\/it\/prodotto\/pandora-frizzante-fragola-kiwi-melograno-12000-bigne\/","name":"Pandora frizzante Fragola Kiwi Melograno - 12000 Bign\u00e8 - fizzyvape.eu","isPartOf":{"@id":"https:\/\/www.fizzyvape.eu\/it\/#website"},"primaryImageOfPage":{"@id":"https:\/\/fizzyvape.eu\/it\/prodotto\/pandora-frizzante-fragola-kiwi-melograno-12000-bigne\/#primaryimage"},"image":{"@id":"https:\/\/fizzyvape.eu\/it\/prodotto\/pandora-frizzante-fragola-kiwi-melograno-12000-bigne\/#primaryimage"},"thumbnailUrl":"https:\/\/fizzyvape.eu\/wp-content\/uploads\/2025\/03\/FizzyVape-Pandora-Strawberry-Kiwi-Pomegranate-12000Puff.jpg","datePublished":"2025-03-27T05:41:35+00:00","breadcrumb":{"@id":"https:\/\/fizzyvape.eu\/it\/prodotto\/pandora-frizzante-fragola-kiwi-melograno-12000-bigne\/#breadcrumb"},"inLanguage":"it-IT","potentialAction":[{"@type":"ReadAction","target":["https:\/\/fizzyvape.eu\/it\/prodotto\/pandora-frizzante-fragola-kiwi-melograno-12000-bigne\/"]}]},{"@type":"ImageObject","inLanguage":"it-IT","@id":"https:\/\/fizzyvape.eu\/it\/prodotto\/pandora-frizzante-fragola-kiwi-melograno-12000-bigne\/#primaryimage","url":"https:\/\/fizzyvape.eu\/wp-content\/uploads\/2025\/03\/FizzyVape-Pandora-Strawberry-Kiwi-Pomegranate-12000Puff.jpg","contentUrl":"https:\/\/fizzyvape.eu\/wp-content\/uploads\/2025\/03\/FizzyVape-Pandora-Strawberry-Kiwi-Pomegranate-12000Puff.jpg","width":1057,"height":1037,"caption":"FizzyVape-Pandora-Strawberry-Kiwi-Pomegranate-12000Puff"},{"@type":"BreadcrumbList","@id":"https:\/\/fizzyvape.eu\/it\/prodotto\/pandora-frizzante-fragola-kiwi-melograno-12000-bigne\/#breadcrumb","itemListElement":[{"@type":"ListItem","position":1,"name":"Home","item":"https:\/\/fizzyvape.eu\/it\/"},{"@type":"ListItem","position":2,"name":"Negozio","item":"https:\/\/www.fizzyvape.eu\/it\/negozio\/"},{"@type":"ListItem","position":3,"name":"Pandora frizzante Fragola Kiwi Melograno &#8211; 12000 Bign\u00e8"}]},{"@type":"WebSite","@id":"https:\/\/www.fizzyvape.eu\/it\/#website","url":"https:\/\/www.fizzyvape.eu\/it\/","name":"fizzyvape.eu","description":"Refreshing Vapes. Unforgettable Taste.","publisher":{"@id":"https:\/\/www.fizzyvape.eu\/it\/#organization"},"potentialAction":[{"@type":"SearchAction","target":{"@type":"EntryPoint","urlTemplate":"https:\/\/www.fizzyvape.eu\/it\/?s={search_term_string}"},"query-input":{"@type":"PropertyValueSpecification","valueRequired":true,"valueName":"search_term_string"}}],"inLanguage":"it-IT"},{"@type":"Organization","@id":"https:\/\/www.fizzyvape.eu\/it\/#organization","name":"fizzyvape.eu","url":"https:\/\/www.fizzyvape.eu\/it\/","logo":{"@type":"ImageObject","inLanguage":"it-IT","@id":"https:\/\/www.fizzyvape.eu\/it\/#\/schema\/logo\/image\/","url":"https:\/\/fizzyvape.eu\/wp-content\/uploads\/2019\/06\/print-1.svg","contentUrl":"https:\/\/fizzyvape.eu\/wp-content\/uploads\/2019\/06\/print-1.svg","width":124,"height":37,"caption":"fizzyvape.eu"},"image":{"@id":"https:\/\/www.fizzyvape.eu\/it\/#\/schema\/logo\/image\/"}}]},"og_availability":"out of stock","product_availability":"out of stock","product_condition":"new"},"tiered_pricing_type":"fixed","tiered_pricing_fixed_rules":[],"tiered_pricing_product_settings":{"layout":"default","base_unit_name":{"singular":null,"plural":null},"default_variation":null},"tiered_pricing_minimum_quantity":null,"tiered_pricing_roles_data":[],"tiered_pricing_percentage_rules":[],"tiered_pricing_maximum_quantity":null,"tiered_pricing_quantity_step":null,"_links":{"self":[{"href":"https:\/\/fizzyvape.eu\/it\/wp-json\/wp\/v2\/product\/26476","targetHints":{"allow":["GET"]}}],"collection":[{"href":"https:\/\/fizzyvape.eu\/it\/wp-json\/wp\/v2\/product"}],"about":[{"href":"https:\/\/fizzyvape.eu\/it\/wp-json\/wp\/v2\/types\/product"}],"replies":[{"embeddable":true,"href":"https:\/\/fizzyvape.eu\/it\/wp-json\/wp\/v2\/comments?post=26476"}],"version-history":[{"count":0,"href":"https:\/\/fizzyvape.eu\/it\/wp-json\/wp\/v2\/product\/26476\/revisions"}],"wp:featuredmedia":[{"embeddable":true,"href":"https:\/\/fizzyvape.eu\/it\/wp-json\/wp\/v2\/media\/20669"}],"wp:attachment":[{"href":"https:\/\/fizzyvape.eu\/it\/wp-json\/wp\/v2\/media?parent=26476"}],"wp:term":[{"taxonomy":"product_brand","embeddable":true,"href":"https:\/\/fizzyvape.eu\/it\/wp-json\/wp\/v2\/product_brand?post=26476"},{"taxonomy":"product_cat","embeddable":true,"href":"https:\/\/fizzyvape.eu\/it\/wp-json\/wp\/v2\/product_cat?post=26476"},{"taxonomy":"product_tag","embeddable":true,"href":"https:\/\/fizzyvape.eu\/it\/wp-json\/wp\/v2\/product_tag?post=26476"}],"curies":[{"name":"wp","href":"https:\/\/api.w.org\/{rel}","templated":true}]}}