{"id":26622,"date":"2025-03-26T15:28:33","date_gmt":"2025-03-26T07:28:33","guid":{"rendered":"https:\/\/fizzyvape.eu\/product\/ghiaccio-duva-frizzante-10000-soffi\/"},"modified":"2025-03-26T07:28:33","modified_gmt":"2025-03-25T23:28:33","slug":"ghiaccio-duva-frizzante-10000-soffi","status":"publish","type":"product","link":"https:\/\/fizzyvape.eu\/it\/prodotto\/ghiaccio-duva-frizzante-10000-soffi\/","title":{"rendered":"Ghiaccio d&#8217;uva frizzante &#8211; 10000 soffi"},"content":{"rendered":"<div>\n<h3><strong>Fizzy Great Grape Ice 10000 Puffs &#8211; Euforia ghiacciata all&#8217;uva in ogni boccata!<\/strong><\/h3>\n<p>Prova il <strong>gusto audace e succoso dell&#8217;uva matura<\/strong> con un <strong>rinvigorente finale ghiacciato<\/strong> nella svapata monouso <strong>Fizzy Great Grape Ice 10000 Puffs<\/strong>. Questo dispositivo di qualit\u00e0 superiore offre un <strong>sapore dolce e acidulo di uva<\/strong> perfettamente bilanciato con una <strong>fresca esplosione di mentolo<\/strong>, creando un&#8217;esperienza di svapo rinfrescante e morbida. Con <strong>10.000 boccate ultra-lunghe<\/strong>, potrai godere di una soddisfazione ininterrotta senza il problema delle ricariche.  <\/p>\n<h2><strong>Caratteristiche principali<\/strong><\/h2>\n<p>\u2714 <strong>10.000 Bign\u00e8<\/strong> &#8211; Prestazioni di lunga durata per settimane di divertimento.<br \/>\n<strong>Sapore di ghiaccio all&#8217;uva<\/strong> &#8211; La dolcezza dell&#8217;uva incontra la freschezza del mentolo.<br \/>\n\u2714 <strong>Elegante e portatile<\/strong> &#8211; Design compatto e leggero per il vaping in movimento.<br \/>\n<strong>Pre-riempito e pre-caricato<\/strong> &#8211; Pronto all&#8217;uso appena uscito dalla scatola.<br \/>\n<strong>Tecnologia Mesh Coil<\/strong> &#8211; Gusto ricco e costante e nuvole dense dalla prima all&#8217;ultima boccata.<\/p>\n<h3><strong>Perch\u00e9 scegliere Fizzy Great?<\/strong><\/h3>\n<ul>\n<li><strong>Qualit\u00e0 Premium<\/strong> &#8211; e-liquid testato in laboratorio per un tiro omogeneo e costante.<\/li>\n<li><strong>Vaping per tutto il giorno<\/strong> &#8211; Capacit\u00e0 enorme di 18 ml e batteria di lunga durata.<\/li>\n<li><strong>Pronto per il viaggio<\/strong> &#8211; A prova di perdite e adatto alla TSA (dove consentito).<\/li>\n<\/ul>\n<h3>Contenuto della confezione<\/h3>\n<p>1 \u00d7 Dispositivo Fizzy Great Grape Ice 10000 Puffs<\/p>\n<\/div>\n<div>\n<h3>Specifiche<\/h3>\n<table>\n<tbody>\n<tr>\n<td>Puff<\/td>\n<td><strong>10000+ Puff<\/strong><\/td>\n<\/tr>\n<tr>\n<td>Capacit\u00e0 del liquido elettronico<\/td>\n<td><strong>18ml<\/strong><\/td>\n<\/tr>\n<tr>\n<td>Capacit\u00e0 della batteria<\/td>\n<td><strong>650mAh<\/strong><\/td>\n<\/tr>\n<tr>\n<td>Bobina a rete<\/td>\n<td><strong>1.4\u03a9<\/strong><\/td>\n<\/tr>\n<tr>\n<td>Dimensioni<\/td>\n<td><strong>53*30*85,3 mm<\/strong><\/td>\n<\/tr>\n<tr>\n<td>Usa e getta o no<\/td>\n<td><strong>Monouso<\/strong><\/td>\n<\/tr>\n<tr>\n<td>Metodo di ricarica<\/td>\n<td><strong>Cavo<\/strong><\/td>\n<\/tr>\n<tr>\n<td>Metodo di attivazione<\/td>\n<td><strong>Sensore<\/strong><\/td>\n<\/tr>\n<tr>\n<td>Livello di nicotina<\/td>\n<td><strong>5% (50mg\/ml)<\/strong><\/td>\n<\/tr>\n<tr>\n<td>Sapori<\/td>\n<td><strong>10<\/strong><\/td>\n<\/tr>\n<tr>\n<td>Confezione<\/td>\n<td><strong>1 confezione<\/strong><\/td>\n<\/tr>\n<tr>\n<td>Tempo di ricarica<\/td>\n<td><strong>2 ore<\/strong><\/td>\n<\/tr>\n<tr>\n<td>Conservazione<\/td>\n<td><strong>Evita gli ambienti ad alta temperatura e conservali in un luogo fresco e asciutto.<\/strong><\/td>\n<\/tr>\n<tr>\n<td>Persone a cui \u00e8 vietato l&#8217;uso<\/td>\n<td><strong>Minori, donne in gravidanza e persone allergiche agli ingredienti del prodotto.<\/strong><\/td>\n<\/tr>\n<tr>\n<td>Attenzione<\/td>\n<td><strong>Non ingerire questa sostanza. In caso di ingestione, sciacqua la bocca accuratamente e immediatamente. Se ti senti male, rivolgiti a un medico.  <\/strong><\/td>\n<\/tr>\n<\/tbody>\n<\/table>\n<h3>Lista dei gusti di <strong>Fizzy Great<\/strong> 10000 Puffs:<\/h3>\n<ol>\n<li><a href=\"https:\/\/fizzyvape.eu\/it\/prodotto\/grande-anguria-frizzante-10000-bigne\/\">Anguria<\/a><\/li>\n<li><a href=\"https:\/\/fizzyvape.eu\/it\/prodotto\/ghiaccio-frizzante-al-mirtillo-10000-bigne\/\">Ghiaccio al mirtillo<\/a><\/li>\n<li><a href=\"https:\/\/fizzyvape.eu\/it\/prodotto\/ghiaccio-duva-frizzante-10000-soffi\/\">Ghiaccio d&#8217;uva<\/a><\/li>\n<li><a href=\"https:\/\/fizzyvape.eu\/it\/prodotto\/frizzante-grande-litchi-al-limone-10000-bocconi\/\">Litchi al limone<\/a><\/li>\n<li><a href=\"https:\/\/fizzyvape.eu\/product\/fizzy-great-pineapple-peach-passion-fruit-10000-puffs\/\">Ananas Pesca Frutto della Passione<\/a><\/li>\n<li><a href=\"https:\/\/fizzyvape.eu\/product\/fizzy-great-raspberry-grape-10000-puffs\/\">Uva lampone<\/a><\/li>\n<li><a href=\"https:\/\/fizzyvape.eu\/product\/fizzy-great-peach-10000-puffs\/\">Pesca<\/a><\/li>\n<li><a href=\"https:\/\/fizzyvape.eu\/it\/prodotto\/frizzante-grande-pesca-mango-10000-bigne\/\">Mango e pesca<\/a><\/li>\n<li><a href=\"https:\/\/fizzyvape.eu\/it\/prodotto\/fizzy-great-mixed-berry-10000-bigne\/\">Bacche miste<\/a><\/li>\n<li><a href=\"https:\/\/fizzyvape.eu\/it\/prodotto\/fizzy-great-watermelon-strawberry-lemonade-10000-soffi\/\">Limonata all&#8217;anguria e alla fragola<\/a><\/li>\n<\/ol>\n<h3><strong>FAQ su Fizzy Great Grape Ice<\/strong><strong> <\/strong><strong>Vape<\/strong><\/h3>\n<ol start=\"1\">\n<li><strong>Quanti giorni dureranno le 10.000 boccate?<\/strong><br \/>\nPer la maggior parte dei vapers, la Fizzy Great Grape Ice dura 7-14 giorni con un uso regolare. I consumatori leggeri possono godersela per pi\u00f9 di 3 settimane, mentre i vapers pi\u00f9 accaniti potrebbero finirla pi\u00f9 velocemente a seconda della frequenza delle boccate. <\/li>\n<li><strong>Il sapore dell&#8217;uva \u00e8 pi\u00f9 dolce o ghiacciato?<\/strong><br \/>\n\u00c8 l&#8217;equilibrio perfetto! Potrai sperimentare un sapore dolce e succoso di uva, seguito da un rinfrescante finale di mentolo ghiacciato &#8211; non troppo dolce, non troppo freddo, solo perfettamente rinfrescante. <\/li>\n<li><strong>Questo dispositivo richiede una manutenzione?<\/strong><br \/>\nNiente affatto! La Fizzy Great Grape Ice \u00e8 completamente usa e getta e non necessita di ricarica o cambio bobina. Basta usarla direttamente dalla confezione fino a quando non \u00e8 finita.  <\/li>\n<li><strong>Qual \u00e8 l&#8217;intensit\u00e0 di nicotina disponibile?<\/strong><br \/>\nQuesto dispositivo contiene il 5% (50mg) di sale di nicotina, che fornisce un colpo in gola soddisfacente senza essere eccessivo.<\/li>\n<li><strong>La qualit\u00e0 del sapore rimarr\u00e0 costante?<\/strong><br \/>\nAssolutamente! Grazie all&#8217;avanzata tecnologia delle bobine a rete, potrai godere dello stesso ricco sapore di uva ghiacciata dalla prima all&#8217;ultima boccata, senza alcun gusto di bruciato o degradazione del sapore. <\/li>\n<\/ol>\n<\/div>\n","protected":false},"excerpt":{"rendered":"<p><strong>Fizzy Great Grape Ice 10000 Puffs<\/strong> &#8211; Un&#8217;esplosione gelida di <strong>uva succosa<\/strong> incontra il <strong>mentolo<\/strong> ghiacciato in questa svapata monouso di alta qualit\u00e0! Goditi <strong>10.000 boccate ultra-lisce<\/strong> di un <strong>sapore d&#8217;uva dolce-tangente<\/strong> perfettamente bilanciato con un brivido rinfrescante. <strong>Pre-riempita, pre-caricata e pronta per il viaggio: nessuna<\/strong>manutenzione, solo soddisfazione immediata. Alimentata dalla <strong>tecnologia delle bobine a rete<\/strong> per un sapore ricco e nuvole dense dalla prima all&#8217;ultima boccata.  <\/p>\n","protected":false},"featured_media":20213,"comment_status":"open","ping_status":"closed","template":"","meta":{"iawp_total_views":0},"product_brand":[],"product_cat":[285],"product_tag":[286,411],"class_list":{"0":"post-26622","1":"product","2":"type-product","3":"status-publish","4":"has-post-thumbnail","6":"product_cat-great-it","7":"product_tag-10000-soffi","8":"product_tag-ghiaccio-duva","10":"first","11":"outofstock","12":"shipping-taxable","13":"purchasable","14":"product-type-variable"},"yoast_head":"<!-- This site is optimized with the Yoast SEO Premium plugin v24.8 (Yoast SEO v24.8) - https:\/\/yoast.com\/wordpress\/plugins\/seo\/ -->\n<title>Ghiaccio d&#039;uva frizzante - 10000 soffi - fizzyvape.eu<\/title>\n<meta name=\"robots\" content=\"index, follow, max-snippet:-1, max-image-preview:large, max-video-preview:-1\" \/>\n<link rel=\"canonical\" href=\"https:\/\/fizzyvape.eu\/it\/prodotto\/ghiaccio-duva-frizzante-10000-soffi\/\" \/>\n<meta property=\"og:locale\" content=\"it_IT\" \/>\n<meta property=\"og:type\" content=\"article\" \/>\n<meta property=\"og:title\" content=\"Ghiaccio d&#039;uva frizzante - 10000 soffi\" \/>\n<meta property=\"og:description\" content=\"Fizzy Great Grape Ice 10000 Puffs - Un&#039;esplosione gelida di uva succosa incontra il mentolo ghiacciato in questa svapata monouso di alta qualit\u00e0! Goditi 10.000 boccate ultra-lisce di un sapore d&#039;uva dolce-tangente perfettamente bilanciato con un brivido rinfrescante. Pre-riempita, pre-caricata e pronta per il viaggio: nessunamanutenzione, solo soddisfazione immediata. Alimentata dalla tecnologia delle bobine a rete per un sapore ricco e nuvole dense dalla prima all&#039;ultima boccata.\" \/>\n<meta property=\"og:url\" content=\"https:\/\/fizzyvape.eu\/it\/prodotto\/ghiaccio-duva-frizzante-10000-soffi\/\" \/>\n<meta property=\"og:site_name\" content=\"fizzyvape.eu\" \/>\n<meta property=\"og:image\" content=\"https:\/\/fizzyvape.eu\/wp-content\/uploads\/2025\/03\/FizzyVape-Great-Grape-Ice-10000puff.jpg\" \/>\n\t<meta property=\"og:image:width\" content=\"1057\" \/>\n\t<meta property=\"og:image:height\" content=\"1037\" \/>\n\t<meta property=\"og:image:type\" content=\"image\/jpeg\" \/>\n<meta name=\"twitter:card\" content=\"summary_large_image\" \/>\n<meta name=\"twitter:label1\" content=\"Disponibilit\u00e0\" \/>\n\t<meta name=\"twitter:data1\" content=\"Esaurito\" \/>\n<script type=\"application\/ld+json\" class=\"yoast-schema-graph\">{\"@context\":\"https:\/\/schema.org\",\"@graph\":[{\"@type\":\"WebPage\",\"@id\":\"https:\/\/fizzyvape.eu\/it\/prodotto\/ghiaccio-duva-frizzante-10000-soffi\/\",\"url\":\"https:\/\/fizzyvape.eu\/it\/prodotto\/ghiaccio-duva-frizzante-10000-soffi\/\",\"name\":\"Ghiaccio d'uva frizzante - 10000 soffi - fizzyvape.eu\",\"isPartOf\":{\"@id\":\"https:\/\/www.fizzyvape.eu\/it\/#website\"},\"primaryImageOfPage\":{\"@id\":\"https:\/\/fizzyvape.eu\/it\/prodotto\/ghiaccio-duva-frizzante-10000-soffi\/#primaryimage\"},\"image\":{\"@id\":\"https:\/\/fizzyvape.eu\/it\/prodotto\/ghiaccio-duva-frizzante-10000-soffi\/#primaryimage\"},\"thumbnailUrl\":\"https:\/\/fizzyvape.eu\/wp-content\/uploads\/2025\/03\/FizzyVape-Great-Grape-Ice-10000puff.jpg\",\"datePublished\":\"2025-03-26T07:28:33+00:00\",\"breadcrumb\":{\"@id\":\"https:\/\/fizzyvape.eu\/it\/prodotto\/ghiaccio-duva-frizzante-10000-soffi\/#breadcrumb\"},\"inLanguage\":\"it-IT\",\"potentialAction\":[{\"@type\":\"ReadAction\",\"target\":[\"https:\/\/fizzyvape.eu\/it\/prodotto\/ghiaccio-duva-frizzante-10000-soffi\/\"]}]},{\"@type\":\"ImageObject\",\"inLanguage\":\"it-IT\",\"@id\":\"https:\/\/fizzyvape.eu\/it\/prodotto\/ghiaccio-duva-frizzante-10000-soffi\/#primaryimage\",\"url\":\"https:\/\/fizzyvape.eu\/wp-content\/uploads\/2025\/03\/FizzyVape-Great-Grape-Ice-10000puff.jpg\",\"contentUrl\":\"https:\/\/fizzyvape.eu\/wp-content\/uploads\/2025\/03\/FizzyVape-Great-Grape-Ice-10000puff.jpg\",\"width\":1057,\"height\":1037,\"caption\":\"FizzyVape-Great-Grape Ice-10000puff\"},{\"@type\":\"BreadcrumbList\",\"@id\":\"https:\/\/fizzyvape.eu\/it\/prodotto\/ghiaccio-duva-frizzante-10000-soffi\/#breadcrumb\",\"itemListElement\":[{\"@type\":\"ListItem\",\"position\":1,\"name\":\"Home\",\"item\":\"https:\/\/fizzyvape.eu\/it\/\"},{\"@type\":\"ListItem\",\"position\":2,\"name\":\"Negozio\",\"item\":\"https:\/\/www.fizzyvape.eu\/it\/negozio\/\"},{\"@type\":\"ListItem\",\"position\":3,\"name\":\"Ghiaccio d&#8217;uva frizzante &#8211; 10000 soffi\"}]},{\"@type\":\"WebSite\",\"@id\":\"https:\/\/www.fizzyvape.eu\/it\/#website\",\"url\":\"https:\/\/www.fizzyvape.eu\/it\/\",\"name\":\"fizzyvape.eu\",\"description\":\"Refreshing Vapes. Unforgettable Taste.\",\"publisher\":{\"@id\":\"https:\/\/www.fizzyvape.eu\/it\/#organization\"},\"potentialAction\":[{\"@type\":\"SearchAction\",\"target\":{\"@type\":\"EntryPoint\",\"urlTemplate\":\"https:\/\/www.fizzyvape.eu\/it\/?s={search_term_string}\"},\"query-input\":{\"@type\":\"PropertyValueSpecification\",\"valueRequired\":true,\"valueName\":\"search_term_string\"}}],\"inLanguage\":\"it-IT\"},{\"@type\":\"Organization\",\"@id\":\"https:\/\/www.fizzyvape.eu\/it\/#organization\",\"name\":\"fizzyvape.eu\",\"url\":\"https:\/\/www.fizzyvape.eu\/it\/\",\"logo\":{\"@type\":\"ImageObject\",\"inLanguage\":\"it-IT\",\"@id\":\"https:\/\/www.fizzyvape.eu\/it\/#\/schema\/logo\/image\/\",\"url\":\"https:\/\/fizzyvape.eu\/wp-content\/uploads\/2019\/06\/print-1.svg\",\"contentUrl\":\"https:\/\/fizzyvape.eu\/wp-content\/uploads\/2019\/06\/print-1.svg\",\"width\":124,\"height\":37,\"caption\":\"fizzyvape.eu\"},\"image\":{\"@id\":\"https:\/\/www.fizzyvape.eu\/it\/#\/schema\/logo\/image\/\"}}]}<\/script>\n<meta property=\"og:availability\" content=\"out of stock\" \/>\n<meta property=\"product:availability\" content=\"out of stock\" \/>\n<meta property=\"product:condition\" content=\"new\" \/>\n<!-- \/ Yoast SEO Premium plugin. -->","yoast_head_json":{"title":"Ghiaccio d'uva frizzante - 10000 soffi - fizzyvape.eu","robots":{"index":"index","follow":"follow","max-snippet":"max-snippet:-1","max-image-preview":"max-image-preview:large","max-video-preview":"max-video-preview:-1"},"canonical":"https:\/\/fizzyvape.eu\/it\/prodotto\/ghiaccio-duva-frizzante-10000-soffi\/","og_locale":"it_IT","og_type":"article","og_title":"Ghiaccio d'uva frizzante - 10000 soffi","og_description":"Fizzy Great Grape Ice 10000 Puffs - Un'esplosione gelida di uva succosa incontra il mentolo ghiacciato in questa svapata monouso di alta qualit\u00e0! Goditi 10.000 boccate ultra-lisce di un sapore d'uva dolce-tangente perfettamente bilanciato con un brivido rinfrescante. Pre-riempita, pre-caricata e pronta per il viaggio: nessunamanutenzione, solo soddisfazione immediata. Alimentata dalla tecnologia delle bobine a rete per un sapore ricco e nuvole dense dalla prima all'ultima boccata.","og_url":"https:\/\/fizzyvape.eu\/it\/prodotto\/ghiaccio-duva-frizzante-10000-soffi\/","og_site_name":"fizzyvape.eu","og_image":[{"width":1057,"height":1037,"url":"https:\/\/fizzyvape.eu\/wp-content\/uploads\/2025\/03\/FizzyVape-Great-Grape-Ice-10000puff.jpg","type":"image\/jpeg"}],"twitter_card":"summary_large_image","twitter_misc":{"Disponibilit\u00e0":"Esaurito"},"schema":{"@context":"https:\/\/schema.org","@graph":[{"@type":"WebPage","@id":"https:\/\/fizzyvape.eu\/it\/prodotto\/ghiaccio-duva-frizzante-10000-soffi\/","url":"https:\/\/fizzyvape.eu\/it\/prodotto\/ghiaccio-duva-frizzante-10000-soffi\/","name":"Ghiaccio d'uva frizzante - 10000 soffi - fizzyvape.eu","isPartOf":{"@id":"https:\/\/www.fizzyvape.eu\/it\/#website"},"primaryImageOfPage":{"@id":"https:\/\/fizzyvape.eu\/it\/prodotto\/ghiaccio-duva-frizzante-10000-soffi\/#primaryimage"},"image":{"@id":"https:\/\/fizzyvape.eu\/it\/prodotto\/ghiaccio-duva-frizzante-10000-soffi\/#primaryimage"},"thumbnailUrl":"https:\/\/fizzyvape.eu\/wp-content\/uploads\/2025\/03\/FizzyVape-Great-Grape-Ice-10000puff.jpg","datePublished":"2025-03-26T07:28:33+00:00","breadcrumb":{"@id":"https:\/\/fizzyvape.eu\/it\/prodotto\/ghiaccio-duva-frizzante-10000-soffi\/#breadcrumb"},"inLanguage":"it-IT","potentialAction":[{"@type":"ReadAction","target":["https:\/\/fizzyvape.eu\/it\/prodotto\/ghiaccio-duva-frizzante-10000-soffi\/"]}]},{"@type":"ImageObject","inLanguage":"it-IT","@id":"https:\/\/fizzyvape.eu\/it\/prodotto\/ghiaccio-duva-frizzante-10000-soffi\/#primaryimage","url":"https:\/\/fizzyvape.eu\/wp-content\/uploads\/2025\/03\/FizzyVape-Great-Grape-Ice-10000puff.jpg","contentUrl":"https:\/\/fizzyvape.eu\/wp-content\/uploads\/2025\/03\/FizzyVape-Great-Grape-Ice-10000puff.jpg","width":1057,"height":1037,"caption":"FizzyVape-Great-Grape Ice-10000puff"},{"@type":"BreadcrumbList","@id":"https:\/\/fizzyvape.eu\/it\/prodotto\/ghiaccio-duva-frizzante-10000-soffi\/#breadcrumb","itemListElement":[{"@type":"ListItem","position":1,"name":"Home","item":"https:\/\/fizzyvape.eu\/it\/"},{"@type":"ListItem","position":2,"name":"Negozio","item":"https:\/\/www.fizzyvape.eu\/it\/negozio\/"},{"@type":"ListItem","position":3,"name":"Ghiaccio d&#8217;uva frizzante &#8211; 10000 soffi"}]},{"@type":"WebSite","@id":"https:\/\/www.fizzyvape.eu\/it\/#website","url":"https:\/\/www.fizzyvape.eu\/it\/","name":"fizzyvape.eu","description":"Refreshing Vapes. Unforgettable Taste.","publisher":{"@id":"https:\/\/www.fizzyvape.eu\/it\/#organization"},"potentialAction":[{"@type":"SearchAction","target":{"@type":"EntryPoint","urlTemplate":"https:\/\/www.fizzyvape.eu\/it\/?s={search_term_string}"},"query-input":{"@type":"PropertyValueSpecification","valueRequired":true,"valueName":"search_term_string"}}],"inLanguage":"it-IT"},{"@type":"Organization","@id":"https:\/\/www.fizzyvape.eu\/it\/#organization","name":"fizzyvape.eu","url":"https:\/\/www.fizzyvape.eu\/it\/","logo":{"@type":"ImageObject","inLanguage":"it-IT","@id":"https:\/\/www.fizzyvape.eu\/it\/#\/schema\/logo\/image\/","url":"https:\/\/fizzyvape.eu\/wp-content\/uploads\/2019\/06\/print-1.svg","contentUrl":"https:\/\/fizzyvape.eu\/wp-content\/uploads\/2019\/06\/print-1.svg","width":124,"height":37,"caption":"fizzyvape.eu"},"image":{"@id":"https:\/\/www.fizzyvape.eu\/it\/#\/schema\/logo\/image\/"}}]},"og_availability":"out of stock","product_availability":"out of stock","product_condition":"new"},"tiered_pricing_type":"fixed","tiered_pricing_fixed_rules":[],"tiered_pricing_product_settings":{"layout":"default","base_unit_name":{"singular":null,"plural":null},"default_variation":null},"tiered_pricing_minimum_quantity":null,"tiered_pricing_roles_data":[],"tiered_pricing_percentage_rules":[],"tiered_pricing_maximum_quantity":null,"tiered_pricing_quantity_step":null,"_links":{"self":[{"href":"https:\/\/fizzyvape.eu\/it\/wp-json\/wp\/v2\/product\/26622","targetHints":{"allow":["GET"]}}],"collection":[{"href":"https:\/\/fizzyvape.eu\/it\/wp-json\/wp\/v2\/product"}],"about":[{"href":"https:\/\/fizzyvape.eu\/it\/wp-json\/wp\/v2\/types\/product"}],"replies":[{"embeddable":true,"href":"https:\/\/fizzyvape.eu\/it\/wp-json\/wp\/v2\/comments?post=26622"}],"version-history":[{"count":0,"href":"https:\/\/fizzyvape.eu\/it\/wp-json\/wp\/v2\/product\/26622\/revisions"}],"wp:featuredmedia":[{"embeddable":true,"href":"https:\/\/fizzyvape.eu\/it\/wp-json\/wp\/v2\/media\/20213"}],"wp:attachment":[{"href":"https:\/\/fizzyvape.eu\/it\/wp-json\/wp\/v2\/media?parent=26622"}],"wp:term":[{"taxonomy":"product_brand","embeddable":true,"href":"https:\/\/fizzyvape.eu\/it\/wp-json\/wp\/v2\/product_brand?post=26622"},{"taxonomy":"product_cat","embeddable":true,"href":"https:\/\/fizzyvape.eu\/it\/wp-json\/wp\/v2\/product_cat?post=26622"},{"taxonomy":"product_tag","embeddable":true,"href":"https:\/\/fizzyvape.eu\/it\/wp-json\/wp\/v2\/product_tag?post=26622"}],"curies":[{"name":"wp","href":"https:\/\/api.w.org\/{rel}","templated":true}]}}