{"id":26657,"date":"2025-03-26T15:46:18","date_gmt":"2025-03-26T07:46:18","guid":{"rendered":"https:\/\/fizzyvape.eu\/product\/grande-frizzante-ananas-pesca-frutto-della-passione-10000-bigne\/"},"modified":"2025-03-26T07:46:18","modified_gmt":"2025-03-25T23:46:18","slug":"grande-frizzante-ananas-pesca-frutto-della-passione-10000-bigne","status":"publish","type":"product","link":"https:\/\/fizzyvape.eu\/it\/prodotto\/grande-frizzante-ananas-pesca-frutto-della-passione-10000-bigne\/","title":{"rendered":"Grande Frizzante Ananas Pesca Frutto della Passione &#8211; 10000 bign\u00e8"},"content":{"rendered":"<div>\n<h3><strong>Fizzy Great Ananas Pesca Frutto della Passione 10000 Bign\u00e8 &#8211; Trio tropicale Beatitudine in ogni bign\u00e8!<\/strong><\/h3>\n<p>Parti per una <strong>fuga tropicale<\/strong> con <strong>Fizzy Great Pineapple Peach Passion Fruit 10000 Puffs<\/strong>! Questa svapata monouso di alta qualit\u00e0 combina la <strong>dolcezza succosa dell&#8217;ananas maturo<\/strong>, la <strong>morbidezza vellutata della pesca<\/strong> e il <strong>sapore esotico del frutto della passione<\/strong> per un&#8217;esperienza di svapo irresistibilmente rinfrescante. Goditi <strong>10.000 boccate lunghissime<\/strong> di questo trio tropicale perfettamente bilanciato, il tutto in un <strong>dispositivo elegante che non richiede manutenzione<\/strong> e che \u00e8 pronto per essere gustato subito dopo la confezione.  <\/p>\n<h2><strong>Caratteristiche principali<\/strong><\/h2>\n<p>\u2714 <strong>10.000 Puff<\/strong> &#8211; Un piacere di vaping prolungato per settimane<br \/>\n<strong>Gusto Trio Tropicale<\/strong> &#8211; Fusione di ananas, pesca e frutto della passione<br \/>\n\u2714 <strong>Elegante e portatile<\/strong> &#8211; Design compatto e tascabile<br \/>\n<strong>Pre-riempito e pre-caricato<\/strong> &#8211; Pronto per essere svapato immediatamente<br \/>\n\u2714 <strong>Tecnologia Mesh Coil<\/strong> &#8211; Massima purezza del sapore e produzione di vapore <\/p>\n<h3><strong>Perch\u00e9 scegliere Fizzy Great?<\/strong><\/h3>\n<p>\ud83c\udf34 <strong>Miscela tropicale premium<\/strong> &#8211; Sapore di frutta esotica sapientemente elaborato<br \/>\n\ud83d\udd0b <strong>Prestazioni per tutto il giorno<\/strong> &#8211; Capacit\u00e0 di 18 ml e batteria a lunga durata<br \/>\n\u2708\ufe0f <strong>A misura di viaggiatore<\/strong> &#8211; A prova di perdite e comodo da usare in viaggio<br \/>\n\ud83d\udd2c <strong>Qualit\u00e0 testata<\/strong> &#8211; e-liquid certificato in laboratorio per una soddisfazione senza intoppi <\/p>\n<h3>Contenuto della confezione<\/h3>\n<p>1 \u00d7 Dispositivo Fizzy Great Ananas Pesca Frutto della Passione 10000 Bign\u00e8<\/p>\n<\/div>\n<div>\n<h3>Specifiche<\/h3>\n<table>\n<tbody>\n<tr>\n<td>Puff<\/td>\n<td><strong>10000+ Puff<\/strong><\/td>\n<\/tr>\n<tr>\n<td>Capacit\u00e0 del liquido elettronico<\/td>\n<td><strong>18ml<\/strong><\/td>\n<\/tr>\n<tr>\n<td>Capacit\u00e0 della batteria<\/td>\n<td><strong>650mAh<\/strong><\/td>\n<\/tr>\n<tr>\n<td>Bobina a rete<\/td>\n<td><strong>1.4\u03a9<\/strong><\/td>\n<\/tr>\n<tr>\n<td>Dimensioni<\/td>\n<td><strong>53*30*85,3 mm<\/strong><\/td>\n<\/tr>\n<tr>\n<td>Usa e getta o no<\/td>\n<td><strong>Monouso<\/strong><\/td>\n<\/tr>\n<tr>\n<td>Metodo di ricarica<\/td>\n<td><strong>Cavo<\/strong><\/td>\n<\/tr>\n<tr>\n<td>Metodo di attivazione<\/td>\n<td><strong>Sensore<\/strong><\/td>\n<\/tr>\n<tr>\n<td>Livello di nicotina<\/td>\n<td><strong>5% (50mg\/ml)<\/strong><\/td>\n<\/tr>\n<tr>\n<td>Sapori<\/td>\n<td><strong>10<\/strong><\/td>\n<\/tr>\n<tr>\n<td>Confezione<\/td>\n<td><strong>1 confezione<\/strong><\/td>\n<\/tr>\n<tr>\n<td>Tempo di ricarica<\/td>\n<td><strong>2 ore<\/strong><\/td>\n<\/tr>\n<tr>\n<td>Conservazione<\/td>\n<td><strong>Evita gli ambienti ad alta temperatura e conservali in un luogo fresco e asciutto.<\/strong><\/td>\n<\/tr>\n<tr>\n<td>Persone a cui \u00e8 vietato l&#8217;uso<\/td>\n<td><strong>Minori, donne in gravidanza e persone allergiche agli ingredienti del prodotto.<\/strong><\/td>\n<\/tr>\n<tr>\n<td>Attenzione<\/td>\n<td><strong>Non ingerire questa sostanza. In caso di ingestione, sciacqua la bocca accuratamente e immediatamente. Se ti senti male, rivolgiti a un medico.  <\/strong><\/td>\n<\/tr>\n<\/tbody>\n<\/table>\n<h3>Lista dei gusti di <strong>Fizzy Great<\/strong> 10000 Puffs:<\/h3>\n<ol>\n<li><a href=\"https:\/\/fizzyvape.eu\/it\/prodotto\/grande-anguria-frizzante-10000-bigne\/\">Anguria<\/a><\/li>\n<li><a href=\"https:\/\/fizzyvape.eu\/it\/prodotto\/ghiaccio-frizzante-al-mirtillo-10000-bigne\/\">Ghiaccio al mirtillo<\/a><\/li>\n<li><a href=\"https:\/\/fizzyvape.eu\/it\/prodotto\/ghiaccio-duva-frizzante-10000-soffi\/\">Ghiaccio d&#8217;uva<\/a><\/li>\n<li><a href=\"https:\/\/fizzyvape.eu\/it\/prodotto\/frizzante-grande-litchi-al-limone-10000-bocconi\/\">Litchi al limone<\/a><\/li>\n<li><a href=\"https:\/\/fizzyvape.eu\/it\/prodotto\/grande-frizzante-ananas-pesca-frutto-della-passione-10000-bigne\/\">Ananas Pesca Frutto della Passione<\/a><\/li>\n<li><a href=\"https:\/\/fizzyvape.eu\/product\/fizzy-great-raspberry-grape-10000-puffs\/\">Uva lampone<\/a><\/li>\n<li><a href=\"https:\/\/fizzyvape.eu\/product\/fizzy-great-peach-10000-puffs\/\">Pesca<\/a><\/li>\n<li><a href=\"https:\/\/fizzyvape.eu\/it\/prodotto\/frizzante-grande-pesca-mango-10000-bigne\/\">Mango e pesca<\/a><\/li>\n<li><a href=\"https:\/\/fizzyvape.eu\/it\/prodotto\/fizzy-great-mixed-berry-10000-bigne\/\">Bacche miste<\/a><\/li>\n<li><a href=\"https:\/\/fizzyvape.eu\/it\/prodotto\/fizzy-great-watermelon-strawberry-lemonade-10000-soffi\/\">Limonata all&#8217;anguria e alla fragola<\/a><\/li>\n<\/ol>\n<h3><strong>FAQ Su Fizzy Great Ananas Pesca Frutto della Passione<\/strong><strong> <\/strong><strong>Vape<\/strong><\/h3>\n<ol start=\"1\">\n<li><strong>Quanto durano le 10.000 boccate con un uso regolare?<\/strong><br \/>\nPer la maggior parte dei vapers, questo dispositivo garantisce 10-14 giorni di uso continuo. Gli utenti moderati possono arrivare a circa 2 settimane, mentre gli utenti pi\u00f9 leggeri possono goderselo per pi\u00f9 di 3 settimane, il che equivale a circa 500-700 boccate al giorno. <\/li>\n<li><strong>Qual \u00e8 il sapore dell&#8217;ananas, della pesca e del frutto della passione?<\/strong><br \/>\n\u00c8 un&#8217;esperienza tropicale perfettamente stratificata! Assaggerai prima la dolcezza luminosa dell&#8217;ananas, poi le note morbide della pesca, per finire con l&#8217;esotico sapore del frutto della passione &#8211; il tutto bilanciato per il massimo del refrigerio. <\/li>\n<li><strong>Questa svapata \u00e8 davvero priva di manutenzione e facile da usare?<\/strong><br \/>\nAssolutamente! La Fizzy Great Pineapple Peach Passion Fruit \u00e8 pronta al 100% e non richiede alcun assemblaggio. Non c&#8217;\u00e8 bisogno di ricaricare, n\u00e9 di riempire, n\u00e9 di pulsanti: basta aprire la confezione e iniziare a svapare immediatamente.  <\/li>\n<li><strong>Che intensit\u00e0 di nicotina utilizza questo dispositivo?<\/strong><br \/>\nQuesto vape contiene il 5% (50mg) di e-liquid al sale di nicotina premium, che offre colpi di gola soddisfacenti senza asperit\u00e0.<\/li>\n<li><strong>La qualit\u00e0 del sapore rimane costante durante l&#8217;uso?<\/strong><br \/>\nGrazie all&#8217;avanzata tecnologia delle bobine a rete, potrai godere dello stesso ricco e vibrante sapore tropicale dalla prima all&#8217;ultima boccata, senza che l&#8217;aroma si affievolisca o che ci sia un retrogusto di bruciato.<\/li>\n<\/ol>\n<\/div>\n","protected":false},"excerpt":{"rendered":"<p><strong>Fizzy Great Pineapple Peach Passion Fruit 10000 Puffs<\/strong> &#8211; Un&#8217;<strong>esplosione di sapore tropicale<\/strong> che unisce <strong>ananas succosa, pesca vellutata e frutto della passione esotico<\/strong> in ogni boccata! Goditi <strong>10.000 boccate ultra-lisce<\/strong> di questo trio perfettamente bilanciato, erogate attraverso la <strong>tecnologia delle bobine a rete premium<\/strong> per un sapore ricco e vibrante. <\/p>\n","protected":false},"featured_media":20253,"comment_status":"open","ping_status":"closed","template":"","meta":{"iawp_total_views":0},"product_brand":[],"product_cat":[285],"product_tag":[286,422],"class_list":{"0":"post-26657","1":"product","2":"type-product","3":"status-publish","4":"has-post-thumbnail","6":"product_cat-great-it","7":"product_tag-10000-soffi","8":"product_tag-ananas-pesca-frutto-della-passione","10":"first","11":"outofstock","12":"shipping-taxable","13":"purchasable","14":"product-type-variable"},"yoast_head":"<!-- This site is optimized with the Yoast SEO Premium plugin v24.8 (Yoast SEO v24.8) - https:\/\/yoast.com\/wordpress\/plugins\/seo\/ -->\n<title>Grande Frizzante Ananas Pesca Frutto della Passione - 10000 bign\u00e8 - fizzyvape.eu<\/title>\n<meta name=\"robots\" content=\"index, follow, max-snippet:-1, max-image-preview:large, max-video-preview:-1\" \/>\n<link rel=\"canonical\" href=\"https:\/\/fizzyvape.eu\/it\/prodotto\/grande-frizzante-ananas-pesca-frutto-della-passione-10000-bigne\/\" \/>\n<meta property=\"og:locale\" content=\"it_IT\" \/>\n<meta property=\"og:type\" content=\"article\" \/>\n<meta property=\"og:title\" content=\"Grande Frizzante Ananas Pesca Frutto della Passione - 10000 bign\u00e8\" \/>\n<meta property=\"og:description\" content=\"Fizzy Great Pineapple Peach Passion Fruit 10000 Puffs - Un&#039;esplosione di sapore tropicale che unisce ananas succosa, pesca vellutata e frutto della passione esotico in ogni boccata! Goditi 10.000 boccate ultra-lisce di questo trio perfettamente bilanciato, erogate attraverso la tecnologia delle bobine a rete premium per un sapore ricco e vibrante.\" \/>\n<meta property=\"og:url\" content=\"https:\/\/fizzyvape.eu\/it\/prodotto\/grande-frizzante-ananas-pesca-frutto-della-passione-10000-bigne\/\" \/>\n<meta property=\"og:site_name\" content=\"fizzyvape.eu\" \/>\n<meta property=\"og:image\" content=\"https:\/\/www.fizzyvape.eu\/wp-content\/uploads\/2025\/03\/FizzyVape-Great-Pineapple-Peach-Passion-Fruit-10000puff.jpg\" \/>\n\t<meta property=\"og:image:width\" content=\"1057\" \/>\n\t<meta property=\"og:image:height\" content=\"1037\" \/>\n\t<meta property=\"og:image:type\" content=\"image\/jpeg\" \/>\n<meta name=\"twitter:card\" content=\"summary_large_image\" \/>\n<meta name=\"twitter:label1\" content=\"Disponibilit\u00e0\" \/>\n\t<meta name=\"twitter:data1\" content=\"Esaurito\" \/>\n<script type=\"application\/ld+json\" class=\"yoast-schema-graph\">{\"@context\":\"https:\/\/schema.org\",\"@graph\":[{\"@type\":\"WebPage\",\"@id\":\"https:\/\/fizzyvape.eu\/it\/prodotto\/grande-frizzante-ananas-pesca-frutto-della-passione-10000-bigne\/\",\"url\":\"https:\/\/fizzyvape.eu\/it\/prodotto\/grande-frizzante-ananas-pesca-frutto-della-passione-10000-bigne\/\",\"name\":\"Grande Frizzante Ananas Pesca Frutto della Passione - 10000 bign\u00e8 - fizzyvape.eu\",\"isPartOf\":{\"@id\":\"https:\/\/www.fizzyvape.eu\/it\/#website\"},\"primaryImageOfPage\":{\"@id\":\"https:\/\/fizzyvape.eu\/it\/prodotto\/grande-frizzante-ananas-pesca-frutto-della-passione-10000-bigne\/#primaryimage\"},\"image\":{\"@id\":\"https:\/\/fizzyvape.eu\/it\/prodotto\/grande-frizzante-ananas-pesca-frutto-della-passione-10000-bigne\/#primaryimage\"},\"thumbnailUrl\":\"https:\/\/fizzyvape.eu\/wp-content\/uploads\/2025\/03\/FizzyVape-Great-Pineapple-Peach-Passion-Fruit-10000puff.jpg\",\"datePublished\":\"2025-03-26T07:46:18+00:00\",\"breadcrumb\":{\"@id\":\"https:\/\/fizzyvape.eu\/it\/prodotto\/grande-frizzante-ananas-pesca-frutto-della-passione-10000-bigne\/#breadcrumb\"},\"inLanguage\":\"it-IT\",\"potentialAction\":[{\"@type\":\"ReadAction\",\"target\":[\"https:\/\/fizzyvape.eu\/it\/prodotto\/grande-frizzante-ananas-pesca-frutto-della-passione-10000-bigne\/\"]}]},{\"@type\":\"ImageObject\",\"inLanguage\":\"it-IT\",\"@id\":\"https:\/\/fizzyvape.eu\/it\/prodotto\/grande-frizzante-ananas-pesca-frutto-della-passione-10000-bigne\/#primaryimage\",\"url\":\"https:\/\/fizzyvape.eu\/wp-content\/uploads\/2025\/03\/FizzyVape-Great-Pineapple-Peach-Passion-Fruit-10000puff.jpg\",\"contentUrl\":\"https:\/\/fizzyvape.eu\/wp-content\/uploads\/2025\/03\/FizzyVape-Great-Pineapple-Peach-Passion-Fruit-10000puff.jpg\",\"width\":1057,\"height\":1037,\"caption\":\"FizzyVape-Great-Pineapple Peach Passion Fruit-10000puff\"},{\"@type\":\"BreadcrumbList\",\"@id\":\"https:\/\/fizzyvape.eu\/it\/prodotto\/grande-frizzante-ananas-pesca-frutto-della-passione-10000-bigne\/#breadcrumb\",\"itemListElement\":[{\"@type\":\"ListItem\",\"position\":1,\"name\":\"Home\",\"item\":\"https:\/\/fizzyvape.eu\/it\/\"},{\"@type\":\"ListItem\",\"position\":2,\"name\":\"Negozio\",\"item\":\"https:\/\/www.fizzyvape.eu\/it\/negozio\/\"},{\"@type\":\"ListItem\",\"position\":3,\"name\":\"Grande Frizzante Ananas Pesca Frutto della Passione &#8211; 10000 bign\u00e8\"}]},{\"@type\":\"WebSite\",\"@id\":\"https:\/\/www.fizzyvape.eu\/it\/#website\",\"url\":\"https:\/\/www.fizzyvape.eu\/it\/\",\"name\":\"fizzyvape.eu\",\"description\":\"Refreshing Vapes. Unforgettable Taste.\",\"publisher\":{\"@id\":\"https:\/\/www.fizzyvape.eu\/it\/#organization\"},\"potentialAction\":[{\"@type\":\"SearchAction\",\"target\":{\"@type\":\"EntryPoint\",\"urlTemplate\":\"https:\/\/www.fizzyvape.eu\/it\/?s={search_term_string}\"},\"query-input\":{\"@type\":\"PropertyValueSpecification\",\"valueRequired\":true,\"valueName\":\"search_term_string\"}}],\"inLanguage\":\"it-IT\"},{\"@type\":\"Organization\",\"@id\":\"https:\/\/www.fizzyvape.eu\/it\/#organization\",\"name\":\"fizzyvape.eu\",\"url\":\"https:\/\/www.fizzyvape.eu\/it\/\",\"logo\":{\"@type\":\"ImageObject\",\"inLanguage\":\"it-IT\",\"@id\":\"https:\/\/www.fizzyvape.eu\/it\/#\/schema\/logo\/image\/\",\"url\":\"https:\/\/fizzyvape.eu\/wp-content\/uploads\/2019\/06\/print-1.svg\",\"contentUrl\":\"https:\/\/fizzyvape.eu\/wp-content\/uploads\/2019\/06\/print-1.svg\",\"width\":124,\"height\":37,\"caption\":\"fizzyvape.eu\"},\"image\":{\"@id\":\"https:\/\/www.fizzyvape.eu\/it\/#\/schema\/logo\/image\/\"}}]}<\/script>\n<meta property=\"og:availability\" content=\"out of stock\" \/>\n<meta property=\"product:availability\" content=\"out of stock\" \/>\n<meta property=\"product:condition\" content=\"new\" \/>\n<!-- \/ Yoast SEO Premium plugin. -->","yoast_head_json":{"title":"Grande Frizzante Ananas Pesca Frutto della Passione - 10000 bign\u00e8 - fizzyvape.eu","robots":{"index":"index","follow":"follow","max-snippet":"max-snippet:-1","max-image-preview":"max-image-preview:large","max-video-preview":"max-video-preview:-1"},"canonical":"https:\/\/fizzyvape.eu\/it\/prodotto\/grande-frizzante-ananas-pesca-frutto-della-passione-10000-bigne\/","og_locale":"it_IT","og_type":"article","og_title":"Grande Frizzante Ananas Pesca Frutto della Passione - 10000 bign\u00e8","og_description":"Fizzy Great Pineapple Peach Passion Fruit 10000 Puffs - Un'esplosione di sapore tropicale che unisce ananas succosa, pesca vellutata e frutto della passione esotico in ogni boccata! Goditi 10.000 boccate ultra-lisce di questo trio perfettamente bilanciato, erogate attraverso la tecnologia delle bobine a rete premium per un sapore ricco e vibrante.","og_url":"https:\/\/fizzyvape.eu\/it\/prodotto\/grande-frizzante-ananas-pesca-frutto-della-passione-10000-bigne\/","og_site_name":"fizzyvape.eu","og_image":[{"width":1057,"height":1037,"url":"https:\/\/www.fizzyvape.eu\/wp-content\/uploads\/2025\/03\/FizzyVape-Great-Pineapple-Peach-Passion-Fruit-10000puff.jpg","type":"image\/jpeg"}],"twitter_card":"summary_large_image","twitter_misc":{"Disponibilit\u00e0":"Esaurito"},"schema":{"@context":"https:\/\/schema.org","@graph":[{"@type":"WebPage","@id":"https:\/\/fizzyvape.eu\/it\/prodotto\/grande-frizzante-ananas-pesca-frutto-della-passione-10000-bigne\/","url":"https:\/\/fizzyvape.eu\/it\/prodotto\/grande-frizzante-ananas-pesca-frutto-della-passione-10000-bigne\/","name":"Grande Frizzante Ananas Pesca Frutto della Passione - 10000 bign\u00e8 - fizzyvape.eu","isPartOf":{"@id":"https:\/\/www.fizzyvape.eu\/it\/#website"},"primaryImageOfPage":{"@id":"https:\/\/fizzyvape.eu\/it\/prodotto\/grande-frizzante-ananas-pesca-frutto-della-passione-10000-bigne\/#primaryimage"},"image":{"@id":"https:\/\/fizzyvape.eu\/it\/prodotto\/grande-frizzante-ananas-pesca-frutto-della-passione-10000-bigne\/#primaryimage"},"thumbnailUrl":"https:\/\/fizzyvape.eu\/wp-content\/uploads\/2025\/03\/FizzyVape-Great-Pineapple-Peach-Passion-Fruit-10000puff.jpg","datePublished":"2025-03-26T07:46:18+00:00","breadcrumb":{"@id":"https:\/\/fizzyvape.eu\/it\/prodotto\/grande-frizzante-ananas-pesca-frutto-della-passione-10000-bigne\/#breadcrumb"},"inLanguage":"it-IT","potentialAction":[{"@type":"ReadAction","target":["https:\/\/fizzyvape.eu\/it\/prodotto\/grande-frizzante-ananas-pesca-frutto-della-passione-10000-bigne\/"]}]},{"@type":"ImageObject","inLanguage":"it-IT","@id":"https:\/\/fizzyvape.eu\/it\/prodotto\/grande-frizzante-ananas-pesca-frutto-della-passione-10000-bigne\/#primaryimage","url":"https:\/\/fizzyvape.eu\/wp-content\/uploads\/2025\/03\/FizzyVape-Great-Pineapple-Peach-Passion-Fruit-10000puff.jpg","contentUrl":"https:\/\/fizzyvape.eu\/wp-content\/uploads\/2025\/03\/FizzyVape-Great-Pineapple-Peach-Passion-Fruit-10000puff.jpg","width":1057,"height":1037,"caption":"FizzyVape-Great-Pineapple Peach Passion Fruit-10000puff"},{"@type":"BreadcrumbList","@id":"https:\/\/fizzyvape.eu\/it\/prodotto\/grande-frizzante-ananas-pesca-frutto-della-passione-10000-bigne\/#breadcrumb","itemListElement":[{"@type":"ListItem","position":1,"name":"Home","item":"https:\/\/fizzyvape.eu\/it\/"},{"@type":"ListItem","position":2,"name":"Negozio","item":"https:\/\/www.fizzyvape.eu\/it\/negozio\/"},{"@type":"ListItem","position":3,"name":"Grande Frizzante Ananas Pesca Frutto della Passione &#8211; 10000 bign\u00e8"}]},{"@type":"WebSite","@id":"https:\/\/www.fizzyvape.eu\/it\/#website","url":"https:\/\/www.fizzyvape.eu\/it\/","name":"fizzyvape.eu","description":"Refreshing Vapes. Unforgettable Taste.","publisher":{"@id":"https:\/\/www.fizzyvape.eu\/it\/#organization"},"potentialAction":[{"@type":"SearchAction","target":{"@type":"EntryPoint","urlTemplate":"https:\/\/www.fizzyvape.eu\/it\/?s={search_term_string}"},"query-input":{"@type":"PropertyValueSpecification","valueRequired":true,"valueName":"search_term_string"}}],"inLanguage":"it-IT"},{"@type":"Organization","@id":"https:\/\/www.fizzyvape.eu\/it\/#organization","name":"fizzyvape.eu","url":"https:\/\/www.fizzyvape.eu\/it\/","logo":{"@type":"ImageObject","inLanguage":"it-IT","@id":"https:\/\/www.fizzyvape.eu\/it\/#\/schema\/logo\/image\/","url":"https:\/\/fizzyvape.eu\/wp-content\/uploads\/2019\/06\/print-1.svg","contentUrl":"https:\/\/fizzyvape.eu\/wp-content\/uploads\/2019\/06\/print-1.svg","width":124,"height":37,"caption":"fizzyvape.eu"},"image":{"@id":"https:\/\/www.fizzyvape.eu\/it\/#\/schema\/logo\/image\/"}}]},"og_availability":"out of stock","product_availability":"out of stock","product_condition":"new"},"tiered_pricing_type":"fixed","tiered_pricing_fixed_rules":[],"tiered_pricing_product_settings":{"layout":"default","base_unit_name":{"singular":null,"plural":null},"default_variation":null},"tiered_pricing_minimum_quantity":null,"tiered_pricing_roles_data":[],"tiered_pricing_percentage_rules":[],"tiered_pricing_maximum_quantity":null,"tiered_pricing_quantity_step":null,"_links":{"self":[{"href":"https:\/\/fizzyvape.eu\/it\/wp-json\/wp\/v2\/product\/26657","targetHints":{"allow":["GET"]}}],"collection":[{"href":"https:\/\/fizzyvape.eu\/it\/wp-json\/wp\/v2\/product"}],"about":[{"href":"https:\/\/fizzyvape.eu\/it\/wp-json\/wp\/v2\/types\/product"}],"replies":[{"embeddable":true,"href":"https:\/\/fizzyvape.eu\/it\/wp-json\/wp\/v2\/comments?post=26657"}],"version-history":[{"count":0,"href":"https:\/\/fizzyvape.eu\/it\/wp-json\/wp\/v2\/product\/26657\/revisions"}],"wp:featuredmedia":[{"embeddable":true,"href":"https:\/\/fizzyvape.eu\/it\/wp-json\/wp\/v2\/media\/20253"}],"wp:attachment":[{"href":"https:\/\/fizzyvape.eu\/it\/wp-json\/wp\/v2\/media?parent=26657"}],"wp:term":[{"taxonomy":"product_brand","embeddable":true,"href":"https:\/\/fizzyvape.eu\/it\/wp-json\/wp\/v2\/product_brand?post=26657"},{"taxonomy":"product_cat","embeddable":true,"href":"https:\/\/fizzyvape.eu\/it\/wp-json\/wp\/v2\/product_cat?post=26657"},{"taxonomy":"product_tag","embeddable":true,"href":"https:\/\/fizzyvape.eu\/it\/wp-json\/wp\/v2\/product_tag?post=26657"}],"curies":[{"name":"wp","href":"https:\/\/api.w.org\/{rel}","templated":true}]}}