{"id":27909,"date":"2025-04-21T11:10:46","date_gmt":"2025-04-21T03:10:46","guid":{"rendered":"https:\/\/fizzyvape.eu\/?post_type=product&#038;p=27909"},"modified":"2025-10-31T18:00:13","modified_gmt":"2025-10-31T10:00:13","slug":"fizzy-nova-plus-40000-bigne-60-pezzi","status":"publish","type":"product","link":"https:\/\/fizzyvape.eu\/it\/prodotto\/fizzy-nova-plus-40000-bigne-60-pezzi\/","title":{"rendered":"Fizzy Nova Plus 40000 Bign\u00e8 &#8211; 60 pezzi"},"content":{"rendered":"<div>\n<h1><strong>Fizzy Nova Plus 40000 puff usa e getta &#8211; L&#8217;apice dell&#8217;innovazione del vaping<\/strong><\/h1>\n<p>Prova la perfezione del vaping con la <strong>Fizzy Nova Plus 40.000 Puffs Disposable Vape<\/strong>, dove la tecnologia all&#8217;avanguardia incontra un sapore ineguagliabile. Progettato per i vapers che esigono longevit\u00e0 e prestazioni di alto livello, questo rivoluzionario dispositivo offre <strong>40.000 boccate ultra-lisce<\/strong> di vapore ricco e soddisfacente in un pacchetto elegante e portatile.<\/p>\n<h3>Caratteristiche principali:<\/h3>\n<p>\ud83d\udd39 <strong>Potenza di svapo estesa<\/strong> &#8211; Offre ben <strong>40.000 boccate<\/strong> per un divertimento di lunga durata.<br \/>\n\ud83d\udd39 <strong>Generosa capacit\u00e0 di e-liquid<\/strong> &#8211; <strong>40 ml di e-liquid pre-riempito<\/strong> garantiscono <strong>settimane di svapo continuo<\/strong>.<br \/>\n\ud83d\udd39 <strong>Bobine avanzate a doppia maglia<\/strong> &#8211; Prova <strong>sapori pi\u00f9 ricchi e un vapore pi\u00f9 denso<\/strong> grazie alla tecnologia delle bobine aggiornate.<br \/>\n\ud83d\udd39 <strong>Modalit\u00e0 di vaping personalizzabili<\/strong> &#8211; Passa dalla <strong>modalit\u00e0 Eco per un uso prolungato<\/strong> alla modalit\u00e0 <strong>Turbo per un sapore pi\u00f9 intenso<\/strong>.<br \/>\n\ud83d\udd39 <strong>Indicatore LED intelligente<\/strong> &#8211; Tieni sotto controllo la <strong>durata della batteria e i livelli di e-liquid<\/strong> in un colpo d&#8217;occhio.<br \/>\n\ud83d\udd39 <strong>Ricarica rapida USB-C<\/strong> &#8211; La <strong>batteria da 850 mAh<\/strong> si ricarica completamente in sole <strong>2 ore<\/strong> per un utilizzo ininterrotto.<\/p>\n<h3>Perch\u00e9 scegliere Fizzy Nova Plus?<\/h3>\n<p>\ud83d\udd25 <strong>Valore ineguagliabile<\/strong> &#8211; Dura settimane in pi\u00f9 rispetto alla concorrenza<br \/>\n\ud83d\udca8 <strong>Flavor Mastery<\/strong> &#8211; Progettato da specialisti del sapore di fama mondiale<br \/>\n\u26a1 <strong>Esperienza personalizzabile<\/strong> &#8211; Personalizza la tua svapata in base al tuo stato d&#8217;animo<br \/>\n\ud83d\udeeb <strong>Perfetto per i viaggi<\/strong> &#8211; Formato adatto alla TSA e design a prova di perdite<br \/>\n\ud83c\udfa8 <strong>Estetica di alto livello<\/strong> &#8211; Look elegante e moderno con una struttura durevole<\/p>\n<\/div>\n<div>\n<h3><strong>Opzioni di nicotina:<\/strong><\/h3>\n<p>&#8211; <strong>2% (20mg\/mL)<\/strong> &#8211; Ideale per un&#8217;esperienza di vaping morbida e saporita<br \/>\n&#8211; <strong>5% (50mg\/mL)<\/strong> &#8211; Progettata per un colpo in gola pi\u00f9 forte e soddisfacente<\/p>\n<h3>Specifiche<\/h3>\n<table style=\"height: 449px;\" width=\"1340\">\n<tbody>\n<tr>\n<td>Puff<\/td>\n<td><strong>40000+ Puff<\/strong><\/td>\n<\/tr>\n<tr>\n<td>Capacit\u00e0 del liquido elettronico<\/td>\n<td><strong>40ml<\/strong><\/td>\n<\/tr>\n<tr>\n<td>Capacit\u00e0 della batteria<\/td>\n<td><strong>850mAh<\/strong><\/td>\n<\/tr>\n<tr>\n<td>Dimensioni<\/td>\n<td><strong>52,5*24,5*104,3 mm<\/strong><\/td>\n<\/tr>\n<tr>\n<td>Usa e getta o no<\/td>\n<td><strong>Monouso<\/strong><\/td>\n<\/tr>\n<tr>\n<td>Metodo di ricarica<\/td>\n<td><strong>Cavo<\/strong><\/td>\n<\/tr>\n<tr>\n<td>Metodo di attivazione<\/td>\n<td><strong>Sensore<\/strong><\/td>\n<\/tr>\n<tr>\n<td>Materiale<\/td>\n<td><strong>PCTG<\/strong><\/td>\n<\/tr>\n<tr>\n<td>Livello di nicotina<\/td>\n<td><strong>2% (20mg\/mL) e 5% (50mg\/mL)<\/strong><\/td>\n<\/tr>\n<tr>\n<td>Aromi<\/td>\n<td><strong>12<\/strong><\/td>\n<\/tr>\n<tr>\n<td>Confezione<\/td>\n<td><strong>1 confezione<\/strong><\/td>\n<\/tr>\n<tr>\n<td>Tempo di ricarica<\/td>\n<td><strong>2 ore<\/strong><\/td>\n<\/tr>\n<tr>\n<td>Conservazione<\/td>\n<td><strong>Evita gli ambienti ad alta temperatura e conservali in un luogo fresco e asciutto.<\/strong><\/td>\n<\/tr>\n<tr>\n<td>Persone a cui \u00e8 vietato l&#8217;uso<\/td>\n<td><strong>Minori, donne in gravidanza e persone allergiche agli ingredienti del prodotto.<\/strong><\/td>\n<\/tr>\n<tr>\n<td>Attenzione<\/td>\n<td><strong>Non ingerire questa sostanza. In caso di ingestione, sciacqua la bocca accuratamente e immediatamente. Se ti senti male, rivolgiti a un medico. <\/strong><\/td>\n<\/tr>\n<\/tbody>\n<\/table>\n<h3>Elenco dei gusti di <strong>Fizzy Nova Plus <\/strong>40000 Puffs:<\/h3>\n<ol>\n<li><a href=\"https:\/\/fizzyvape.eu\/it\/prodotto\/fizzy-nova-plus-fragola-kiwi-40000-bigne-10-pezzi\/\">Kiwi alla fragola<\/a><\/li>\n<li><a href=\"https:\/\/fizzyvape.eu\/it\/prodotto\/fizzy-nova-plus-mirtillo-ghiacciato-40000-bigne-10-pezzi\/\">Ghiaccio al mirtillo<\/a><\/li>\n<li><a href=\"https:\/\/fizzyvape.eu\/it\/prodotto\/fizzy-nova-plus-anguria-ghiacciata-40000-bigne-10-pezzi\/\">Ghiaccio all&#8217;anguria<\/a><\/li>\n<li><a href=\"https:\/\/fizzyvape.eu\/it\/prodotto\/fizzy-nova-plus-pesca-mango-anguria-40000-bigne-10-pezzi\/\">Pesca, mango e anguria<\/a><\/li>\n<li><a href=\"https:\/\/fizzyvape.eu\/it\/prodotto\/fizzy-nova-plus-kiwi-frutto-della-passione-guava-40000-bigne-10-pz\/\">Kiwi Frutto della Passione Guava<\/a><\/li>\n<li><a href=\"https:\/\/fizzyvape.eu\/it\/prodotto\/fizzy-nova-plus-lampone-limone-40000-bigne-10-pezzi\/\">Lampone e limone<\/a><\/li>\n<li><a href=\"https:\/\/fizzyvape.eu\/it\/prodotto\/fizzy-nova-plus-triple-berry-40000-bigne-10-pezzi\/\">Bacca tripla<\/a><\/li>\n<li><a href=\"https:\/\/fizzyvape.eu\/it\/prodotto\/fizzy-nova-plus-peach-ice-40000-bigne-10-pezzi\/\">Ghiaccio alla pesca<\/a><\/li>\n<li><a href=\"https:\/\/fizzyvape.eu\/it\/prodotto\/fizzy-nova-plus-uva-lime-40000-bigne-10-pezzi\/\">Uva e lime<\/a><\/li>\n<li><a href=\"https:\/\/fizzyvape.eu\/it\/prodotto\/fizzy-nova-plus-blue-razz-lemonade-40000-bigne-10-pezzi\/\">Limonata Blue Razz<\/a><\/li>\n<li><a href=\"https:\/\/fizzyvape.eu\/it\/prodotto\/fizzy-nova-plus-fragola-ghiaccio-40000-bigne-10-pezzi\/\">Ghiaccio alla fragola<\/a><\/li>\n<li><a href=\"https:\/\/fizzyvape.eu\/it\/prodotto\/fizzy-nova-plus-mirtillo-cocco-40000-bigne-10-pezzi\/\">Mirtillo e cocco<\/a><\/li>\n<\/ol>\n<h3>FAQ su Fizzy Nova Plus 40000 Puffs Vape<\/h3>\n<ol>\n<li><strong>Come si colloca il conteggio dei 40.000 puff rispetto ad altri vapers usa e getta?<\/strong><br \/>\nLa nostra Fizzy Nova Plus eroga 3-5 volte pi\u00f9 boccate rispetto ai normali dispositivi usa e getta, e ogni dispositivo equivale a circa 4-5 penne da svapo. La capacit\u00e0 di 40 ml di e-liquid, leader nel settore, ti garantisce un uso prolungato senza frequenti sostituzioni.<\/li>\n<li><strong>Qual \u00e8 la differenza tra la modalit\u00e0 Eco e la modalit\u00e0 Turbo?<\/strong><br \/>\nLa modalit\u00e0 Eco ottimizza la durata della batteria per sessioni pi\u00f9 lunghe (perfetta per il vaping di tutto il giorno), mentre la modalit\u00e0 Turbo aumenta l&#8217;intensit\u00e0 del sapore e la produzione di vapore per un&#8217;esperienza pi\u00f9 potente. L&#8217;indicatore LED intelligente ti aiuta a monitorare la selezione della modalit\u00e0.<\/li>\n<li><strong>Quanto dura la batteria tra una carica e l&#8217;altra?<\/strong><br \/>\nLa batteria da 850 mAh dura in genere per l&#8217;intera capacit\u00e0 di 40 ml di e-liquid. Se necessario, la nostra ricarica rapida USB-C ricarica completamente il dispositivo in sole 2 ore, circa 3 volte pi\u00f9 velocemente delle alternative micro-USB.<\/li>\n<li><strong>Quale intensit\u00e0 di nicotina devo scegliere?<\/strong><br \/>\nPer un sapore pi\u00f9 morbido e una nicotina moderata: scegli il 2% (20mg\/mL). Per una soddisfazione pi\u00f9 forte e un colpo in gola pi\u00f9 pronunciato: scegli il 5% (50mg\/mL). Entrambe le opzioni offrono la stessa esperienza di sapore premium.<\/li>\n<\/ol>\n<\/div>\n","protected":false},"excerpt":{"rendered":"<p>Sperimenta prestazioni di vaping ineguagliabili con il <strong>Vape usa e getta Fizzy Nova Plus 40.000 Puffs, ora<\/strong>disponibile in una confezione da 60 pezzi con uno sconto esclusivo! Goditi <strong>12 gusti premium<\/strong>, tra cui Peach Mango Watermelon e Blue Razz Lemonade. Perfetto per i rivenditori, i grossisti e i vapers pi\u00f9 accaniti: fai subito scorta prima che questa offerta si esaurisca!<\/p>\n<p><strong style=\"color: red;\">Ti preghiamo di indicare il gusto e la quantit\u00e0 quando effettui un ordine!<\/strong><\/p>\n","protected":false},"featured_media":30098,"comment_status":"open","ping_status":"closed","template":"","meta":{"iawp_total_views":0},"product_brand":[],"product_cat":[672],"product_tag":[341],"class_list":{"0":"post-27909","1":"product","2":"type-product","3":"status-publish","4":"has-post-thumbnail","6":"product_cat-bulk-deals-2-it","7":"product_tag-40000-soffi","9":"first","10":"outofstock","11":"sale","12":"shipping-taxable","13":"purchasable","14":"product-type-variable"},"yoast_head":"<!-- This site is optimized with the Yoast SEO Premium plugin v24.8 (Yoast SEO v24.8) - https:\/\/yoast.com\/wordpress\/plugins\/seo\/ -->\n<title>Fizzy Nova Plus 40000 Bign\u00e8 - 60 pezzi - fizzyvape.eu<\/title>\n<meta name=\"description\" content=\"Ordina 60 pezzi di Fizzy Nova Plus 40000 Puffs usa e getta, bobine a doppia maglia, e-liquid da 40 ml e modalit\u00e0 Eco\/Turbo. Un affare di svapo all&#039;ingrosso di lunga durata!\" \/>\n<meta name=\"robots\" content=\"index, follow, max-snippet:-1, max-image-preview:large, max-video-preview:-1\" \/>\n<link rel=\"canonical\" href=\"https:\/\/fizzyvape.eu\/it\/prodotto\/fizzy-nova-plus-40000-bigne-60-pezzi\/\" \/>\n<meta property=\"og:locale\" content=\"it_IT\" \/>\n<meta property=\"og:type\" content=\"article\" \/>\n<meta property=\"og:title\" content=\"Fizzy Nova Plus 40000 Bign\u00e8 - 60 pezzi\" \/>\n<meta property=\"og:description\" content=\"Ordina 60 pezzi di Fizzy Nova Plus 40000 Puffs usa e getta, bobine a doppia maglia, e-liquid da 40 ml e modalit\u00e0 Eco\/Turbo. Un affare di svapo all&#039;ingrosso di lunga durata!\" \/>\n<meta property=\"og:url\" content=\"https:\/\/fizzyvape.eu\/it\/prodotto\/fizzy-nova-plus-40000-bigne-60-pezzi\/\" \/>\n<meta property=\"og:site_name\" content=\"fizzyvape.eu\" \/>\n<meta property=\"article:modified_time\" content=\"2025-10-31T10:00:13+00:00\" \/>\n<meta property=\"og:image\" content=\"https:\/\/www.fizzyvape.eu\/wp-content\/uploads\/2025\/04\/Fizzy-Nova-Plus-40000Puffs-60pcs-2.webp\" \/>\n\t<meta property=\"og:image:width\" content=\"800\" \/>\n\t<meta property=\"og:image:height\" content=\"800\" \/>\n\t<meta property=\"og:image:type\" content=\"image\/webp\" \/>\n<meta name=\"twitter:card\" content=\"summary_large_image\" \/>\n<meta name=\"twitter:label1\" content=\"Disponibilit\u00e0\" \/>\n\t<meta name=\"twitter:data1\" content=\"Esaurito\" \/>\n<script type=\"application\/ld+json\" class=\"yoast-schema-graph\">{\"@context\":\"https:\/\/schema.org\",\"@graph\":[{\"@type\":\"WebPage\",\"@id\":\"https:\/\/fizzyvape.eu\/it\/prodotto\/fizzy-nova-plus-40000-bigne-60-pezzi\/\",\"url\":\"https:\/\/fizzyvape.eu\/it\/prodotto\/fizzy-nova-plus-40000-bigne-60-pezzi\/\",\"name\":\"Fizzy Nova Plus 40000 Bign\u00e8 - 60 pezzi - fizzyvape.eu\",\"isPartOf\":{\"@id\":\"https:\/\/www.fizzyvape.eu\/it\/#website\"},\"primaryImageOfPage\":{\"@id\":\"https:\/\/fizzyvape.eu\/it\/prodotto\/fizzy-nova-plus-40000-bigne-60-pezzi\/#primaryimage\"},\"image\":{\"@id\":\"https:\/\/fizzyvape.eu\/it\/prodotto\/fizzy-nova-plus-40000-bigne-60-pezzi\/#primaryimage\"},\"thumbnailUrl\":\"https:\/\/fizzyvape.eu\/wp-content\/uploads\/2025\/04\/Fizzy-Nova-Plus-40000-Puffs-60pcs.webp\",\"datePublished\":\"2025-04-21T03:10:46+00:00\",\"dateModified\":\"2025-10-31T10:00:13+00:00\",\"description\":\"Ordina 60 pezzi di Fizzy Nova Plus 40000 Puffs usa e getta, bobine a doppia maglia, e-liquid da 40 ml e modalit\u00e0 Eco\/Turbo. Un affare di svapo all'ingrosso di lunga durata!\",\"breadcrumb\":{\"@id\":\"https:\/\/fizzyvape.eu\/it\/prodotto\/fizzy-nova-plus-40000-bigne-60-pezzi\/#breadcrumb\"},\"inLanguage\":\"it-IT\",\"potentialAction\":[{\"@type\":\"ReadAction\",\"target\":[\"https:\/\/fizzyvape.eu\/it\/prodotto\/fizzy-nova-plus-40000-bigne-60-pezzi\/\"]}]},{\"@type\":\"ImageObject\",\"inLanguage\":\"it-IT\",\"@id\":\"https:\/\/fizzyvape.eu\/it\/prodotto\/fizzy-nova-plus-40000-bigne-60-pezzi\/#primaryimage\",\"url\":\"https:\/\/fizzyvape.eu\/wp-content\/uploads\/2025\/04\/Fizzy-Nova-Plus-40000-Puffs-60pcs.webp\",\"contentUrl\":\"https:\/\/fizzyvape.eu\/wp-content\/uploads\/2025\/04\/Fizzy-Nova-Plus-40000-Puffs-60pcs.webp\",\"width\":800,\"height\":800,\"caption\":\"Fizzy Nova Plus 40000 Puffs 60pcs\"},{\"@type\":\"BreadcrumbList\",\"@id\":\"https:\/\/fizzyvape.eu\/it\/prodotto\/fizzy-nova-plus-40000-bigne-60-pezzi\/#breadcrumb\",\"itemListElement\":[{\"@type\":\"ListItem\",\"position\":1,\"name\":\"Home\",\"item\":\"https:\/\/fizzyvape.eu\/it\/\"},{\"@type\":\"ListItem\",\"position\":2,\"name\":\"Negozio\",\"item\":\"https:\/\/www.fizzyvape.eu\/it\/negozio\/\"},{\"@type\":\"ListItem\",\"position\":3,\"name\":\"Fizzy Nova Plus 40000 Bign\u00e8 &#8211; 60 pezzi\"}]},{\"@type\":\"WebSite\",\"@id\":\"https:\/\/www.fizzyvape.eu\/it\/#website\",\"url\":\"https:\/\/www.fizzyvape.eu\/it\/\",\"name\":\"fizzyvape.eu\",\"description\":\"Refreshing Vapes. Unforgettable Taste.\",\"publisher\":{\"@id\":\"https:\/\/www.fizzyvape.eu\/it\/#organization\"},\"potentialAction\":[{\"@type\":\"SearchAction\",\"target\":{\"@type\":\"EntryPoint\",\"urlTemplate\":\"https:\/\/www.fizzyvape.eu\/it\/?s={search_term_string}\"},\"query-input\":{\"@type\":\"PropertyValueSpecification\",\"valueRequired\":true,\"valueName\":\"search_term_string\"}}],\"inLanguage\":\"it-IT\"},{\"@type\":\"Organization\",\"@id\":\"https:\/\/www.fizzyvape.eu\/it\/#organization\",\"name\":\"fizzyvape.eu\",\"url\":\"https:\/\/www.fizzyvape.eu\/it\/\",\"logo\":{\"@type\":\"ImageObject\",\"inLanguage\":\"it-IT\",\"@id\":\"https:\/\/www.fizzyvape.eu\/it\/#\/schema\/logo\/image\/\",\"url\":\"https:\/\/fizzyvape.eu\/wp-content\/uploads\/2019\/06\/print-1.svg\",\"contentUrl\":\"https:\/\/fizzyvape.eu\/wp-content\/uploads\/2019\/06\/print-1.svg\",\"width\":124,\"height\":37,\"caption\":\"fizzyvape.eu\"},\"image\":{\"@id\":\"https:\/\/www.fizzyvape.eu\/it\/#\/schema\/logo\/image\/\"}}]}<\/script>\n<meta property=\"og:availability\" content=\"out of stock\" \/>\n<meta property=\"product:availability\" content=\"out of stock\" \/>\n<meta property=\"product:condition\" content=\"new\" \/>\n<!-- \/ Yoast SEO Premium plugin. -->","yoast_head_json":{"title":"Fizzy Nova Plus 40000 Bign\u00e8 - 60 pezzi - fizzyvape.eu","description":"Ordina 60 pezzi di Fizzy Nova Plus 40000 Puffs usa e getta, bobine a doppia maglia, e-liquid da 40 ml e modalit\u00e0 Eco\/Turbo. Un affare di svapo all'ingrosso di lunga durata!","robots":{"index":"index","follow":"follow","max-snippet":"max-snippet:-1","max-image-preview":"max-image-preview:large","max-video-preview":"max-video-preview:-1"},"canonical":"https:\/\/fizzyvape.eu\/it\/prodotto\/fizzy-nova-plus-40000-bigne-60-pezzi\/","og_locale":"it_IT","og_type":"article","og_title":"Fizzy Nova Plus 40000 Bign\u00e8 - 60 pezzi","og_description":"Ordina 60 pezzi di Fizzy Nova Plus 40000 Puffs usa e getta, bobine a doppia maglia, e-liquid da 40 ml e modalit\u00e0 Eco\/Turbo. Un affare di svapo all'ingrosso di lunga durata!","og_url":"https:\/\/fizzyvape.eu\/it\/prodotto\/fizzy-nova-plus-40000-bigne-60-pezzi\/","og_site_name":"fizzyvape.eu","article_modified_time":"2025-10-31T10:00:13+00:00","og_image":[{"width":800,"height":800,"url":"https:\/\/www.fizzyvape.eu\/wp-content\/uploads\/2025\/04\/Fizzy-Nova-Plus-40000Puffs-60pcs-2.webp","type":"image\/webp"}],"twitter_card":"summary_large_image","twitter_misc":{"Disponibilit\u00e0":"Esaurito"},"schema":{"@context":"https:\/\/schema.org","@graph":[{"@type":"WebPage","@id":"https:\/\/fizzyvape.eu\/it\/prodotto\/fizzy-nova-plus-40000-bigne-60-pezzi\/","url":"https:\/\/fizzyvape.eu\/it\/prodotto\/fizzy-nova-plus-40000-bigne-60-pezzi\/","name":"Fizzy Nova Plus 40000 Bign\u00e8 - 60 pezzi - fizzyvape.eu","isPartOf":{"@id":"https:\/\/www.fizzyvape.eu\/it\/#website"},"primaryImageOfPage":{"@id":"https:\/\/fizzyvape.eu\/it\/prodotto\/fizzy-nova-plus-40000-bigne-60-pezzi\/#primaryimage"},"image":{"@id":"https:\/\/fizzyvape.eu\/it\/prodotto\/fizzy-nova-plus-40000-bigne-60-pezzi\/#primaryimage"},"thumbnailUrl":"https:\/\/fizzyvape.eu\/wp-content\/uploads\/2025\/04\/Fizzy-Nova-Plus-40000-Puffs-60pcs.webp","datePublished":"2025-04-21T03:10:46+00:00","dateModified":"2025-10-31T10:00:13+00:00","description":"Ordina 60 pezzi di Fizzy Nova Plus 40000 Puffs usa e getta, bobine a doppia maglia, e-liquid da 40 ml e modalit\u00e0 Eco\/Turbo. Un affare di svapo all'ingrosso di lunga durata!","breadcrumb":{"@id":"https:\/\/fizzyvape.eu\/it\/prodotto\/fizzy-nova-plus-40000-bigne-60-pezzi\/#breadcrumb"},"inLanguage":"it-IT","potentialAction":[{"@type":"ReadAction","target":["https:\/\/fizzyvape.eu\/it\/prodotto\/fizzy-nova-plus-40000-bigne-60-pezzi\/"]}]},{"@type":"ImageObject","inLanguage":"it-IT","@id":"https:\/\/fizzyvape.eu\/it\/prodotto\/fizzy-nova-plus-40000-bigne-60-pezzi\/#primaryimage","url":"https:\/\/fizzyvape.eu\/wp-content\/uploads\/2025\/04\/Fizzy-Nova-Plus-40000-Puffs-60pcs.webp","contentUrl":"https:\/\/fizzyvape.eu\/wp-content\/uploads\/2025\/04\/Fizzy-Nova-Plus-40000-Puffs-60pcs.webp","width":800,"height":800,"caption":"Fizzy Nova Plus 40000 Puffs 60pcs"},{"@type":"BreadcrumbList","@id":"https:\/\/fizzyvape.eu\/it\/prodotto\/fizzy-nova-plus-40000-bigne-60-pezzi\/#breadcrumb","itemListElement":[{"@type":"ListItem","position":1,"name":"Home","item":"https:\/\/fizzyvape.eu\/it\/"},{"@type":"ListItem","position":2,"name":"Negozio","item":"https:\/\/www.fizzyvape.eu\/it\/negozio\/"},{"@type":"ListItem","position":3,"name":"Fizzy Nova Plus 40000 Bign\u00e8 &#8211; 60 pezzi"}]},{"@type":"WebSite","@id":"https:\/\/www.fizzyvape.eu\/it\/#website","url":"https:\/\/www.fizzyvape.eu\/it\/","name":"fizzyvape.eu","description":"Refreshing Vapes. Unforgettable Taste.","publisher":{"@id":"https:\/\/www.fizzyvape.eu\/it\/#organization"},"potentialAction":[{"@type":"SearchAction","target":{"@type":"EntryPoint","urlTemplate":"https:\/\/www.fizzyvape.eu\/it\/?s={search_term_string}"},"query-input":{"@type":"PropertyValueSpecification","valueRequired":true,"valueName":"search_term_string"}}],"inLanguage":"it-IT"},{"@type":"Organization","@id":"https:\/\/www.fizzyvape.eu\/it\/#organization","name":"fizzyvape.eu","url":"https:\/\/www.fizzyvape.eu\/it\/","logo":{"@type":"ImageObject","inLanguage":"it-IT","@id":"https:\/\/www.fizzyvape.eu\/it\/#\/schema\/logo\/image\/","url":"https:\/\/fizzyvape.eu\/wp-content\/uploads\/2019\/06\/print-1.svg","contentUrl":"https:\/\/fizzyvape.eu\/wp-content\/uploads\/2019\/06\/print-1.svg","width":124,"height":37,"caption":"fizzyvape.eu"},"image":{"@id":"https:\/\/www.fizzyvape.eu\/it\/#\/schema\/logo\/image\/"}}]},"og_availability":"out of stock","product_availability":"out of stock","product_condition":"new"},"tiered_pricing_type":"fixed","tiered_pricing_fixed_rules":[],"tiered_pricing_product_settings":{"layout":"default","base_unit_name":{"singular":null,"plural":null},"default_variation":null},"tiered_pricing_minimum_quantity":null,"tiered_pricing_roles_data":[],"tiered_pricing_percentage_rules":[],"tiered_pricing_maximum_quantity":null,"tiered_pricing_quantity_step":null,"_links":{"self":[{"href":"https:\/\/fizzyvape.eu\/it\/wp-json\/wp\/v2\/product\/27909","targetHints":{"allow":["GET"]}}],"collection":[{"href":"https:\/\/fizzyvape.eu\/it\/wp-json\/wp\/v2\/product"}],"about":[{"href":"https:\/\/fizzyvape.eu\/it\/wp-json\/wp\/v2\/types\/product"}],"replies":[{"embeddable":true,"href":"https:\/\/fizzyvape.eu\/it\/wp-json\/wp\/v2\/comments?post=27909"}],"version-history":[{"count":0,"href":"https:\/\/fizzyvape.eu\/it\/wp-json\/wp\/v2\/product\/27909\/revisions"}],"wp:featuredmedia":[{"embeddable":true,"href":"https:\/\/fizzyvape.eu\/it\/wp-json\/wp\/v2\/media\/30098"}],"wp:attachment":[{"href":"https:\/\/fizzyvape.eu\/it\/wp-json\/wp\/v2\/media?parent=27909"}],"wp:term":[{"taxonomy":"product_brand","embeddable":true,"href":"https:\/\/fizzyvape.eu\/it\/wp-json\/wp\/v2\/product_brand?post=27909"},{"taxonomy":"product_cat","embeddable":true,"href":"https:\/\/fizzyvape.eu\/it\/wp-json\/wp\/v2\/product_cat?post=27909"},{"taxonomy":"product_tag","embeddable":true,"href":"https:\/\/fizzyvape.eu\/it\/wp-json\/wp\/v2\/product_tag?post=27909"}],"curies":[{"name":"wp","href":"https:\/\/api.w.org\/{rel}","templated":true}]}}