{"id":33022,"date":"2025-06-11T10:33:56","date_gmt":"2025-06-11T02:33:56","guid":{"rendered":"https:\/\/fizzyvape.eu\/product\/fizzy-max-iii-6in1-60k-60000-boccate-vape-ricaricabile-usa-e-getta-blueberry-ice-fizzy-cherry-raspberry-lemon-10-pezzi\/"},"modified":"2025-06-11T10:33:56","modified_gmt":"2025-06-11T02:33:56","slug":"fizzy-max-iii-6in1-60k-60000-boccate-vape-ricaricabile-usa-e-getta-blueberry-ice-fizzy-cherry-raspberry-lemon-10-pezzi","status":"publish","type":"product","link":"https:\/\/fizzyvape.eu\/it\/prodotto\/fizzy-max-iii-6in1-60k-60000-boccate-vape-ricaricabile-usa-e-getta-blueberry-ice-fizzy-cherry-raspberry-lemon-10-pezzi\/","title":{"rendered":"Fizzy Max III 6in1 60K 60000 boccate Vape ricaricabile usa e getta &#8211; Blueberry Ice &amp; Fizzy Cherry &amp; Raspberry Lemon &#8211; 10 pezzi"},"content":{"rendered":"<h1><img decoding=\"async\" class=\"aligncenter\" src=\"https:\/\/fizzyvape.eu\/wp-content\/uploads\/2025\/06\/Fizzy-Max-III-6in1-60K-60000-Puffs-5-1.webp\" alt=\"Fizzy Max III 60000 boccate 6in1 ricaricabili usa e getta (5)\"><\/h1>\n<h1>Fizzy Max III 6in1 60K 60000 boccate Vape ricaricabile usa e getta &#8211; Blueberry Ice &amp; Fizzy Cherry &amp; Raspberry Lemon &#8211; 10 pezzi<\/h1>\n<h3><strong>60.000 bocconcini &#8211; 6 gusti &#8211; ricaricabili &#8211; usa e getta<\/strong><\/h3>\n<p><strong>Scopri la nuova generazione di svapatori usa e getta con un \u201cenorme capacit\u00e0 di svapo, una rotazione multi-sapore e una tecnologia avanzata in un unico dispositivo elegante.<\/strong><br \/>\nIl Fizzy Max III 6in1 combina tre cialde di e-liquid premium da 20 ml &#8211; Blueberry Ice, Fizzy Cherry e Raspberry Lemon &#8211; in un\u201d unica unit\u00e0. Grazie al bocchino rotante intelligente, puoi accedere immediatamente a sei profili di aromi senza dover cambiare cialda o ricaricare. <\/p>\n<h2>Modalit\u00e0 di sapore:<\/h2>\n<ul>\n<li><strong>A: Ghiaccio al mirtillo<\/strong> &#8211; Mirtillo ghiacciato e dolce con un finale croccante<\/li>\n<li><strong>B: Ciliegia frizzante<\/strong> &#8211; Soda alla ciliegia frizzante con un tocco frizzante<\/li>\n<li><strong>C: Lampone e limone<\/strong> &#8211; Fusione di lampone e limone brillante e saporita.<\/li>\n<li><strong>Mix AB<\/strong> &#8211; Fizz di mirtillo e ciliegia con un fresco punch<\/li>\n<li><strong>Miscela BC<\/strong> &#8211; <strong>Miscela<\/strong> frizzante di ciliegie e agrumi<\/li>\n<li><strong>Mix CA<\/strong> &#8211; Limonata ai frutti di bosco ghiacciata<\/li>\n<\/ul>\n<p>Ordine di cambio di sapore:<\/p>\n<p><strong>A \u2192 Miscela AB \u2192 B \u2192 Miscela BC \u2192 C \u2192 Miscela CA<\/strong><\/p>\n<p>Basta sollevare e ruotare il bocchino per passare agevolmente da una modalit\u00e0 all&#8217;altra. Guarda come funziona nel nostro <a href=\"https:\/\/www.youtube.com\/watch?v=CoxB_HvaU3k\">video dimostrativo<\/a>. <\/p>\n<h2>Punti di forza del prodotto<\/h2>\n<ul>\n<li><strong>Fino a 60.000 soffi per dispositivo<\/strong><\/li>\n<li><strong>6 esperienze di gusto (3 modalit\u00e0 singole + 3 modalit\u00e0 miste)<\/strong><\/li>\n<li><strong>Totale e-liquid: 60 ml (3 cialde da 20 ml)<\/strong><\/li>\n<li><strong>Gradi di nicotina: 2% \/ 5%<\/strong><\/li>\n<li><strong>Batteria: 850mAh Ricaricabile tramite USB Type-C<\/strong><\/li>\n<li><strong>Bobina a rete: Gusto ricco, vapore pi\u00f9 fluido<\/strong><\/li>\n<li><strong>Display a LED: Mostra lo stato della batteria e della modalit\u00e0<\/strong><\/li>\n<li><strong>Durata di conservazione: Fino a 2 anni<\/strong><\/li>\n<\/ul>\n<h3><strong>Fizzy Max III 6in1 60000 Puffs usa e getta Elenco dei gusti di svapo:<\/strong><\/h3>\n<ol>\n<li><a href=\"https:\/\/fizzyvape.eu\/it\/prodotto\/fizzy-max-iii-6in1-60k-60000-boccate-vape-ricaricabile-usa-e-getta-fragola-lampone-pesca-mango-anguria-mirtillo-10-pezzi\/\">Fragola Lampone e Mango Pesca e Mirtillo Anguria<\/a><\/li>\n<li><a href=\"https:\/\/fizzyvape.eu\/it\/prodotto\/fizzy-max-iii-6in1-60k-60000-boccate-vape-ricaricabile-usa-e-getta-frutti-di-bosco-misti-e-kiwi-frutto-della-passione-guava-e-fragola-anguria-10-pezzi\/\">Frutti misti e kiwi Frutto della passione Guava e fragola Anguria<\/a><\/li>\n<li><a href=\"https:\/\/fizzyvape.eu\/it\/prodotto\/fizzy-max-iii-6in1-60k-60000-boccate-vape-ricaricabile-usa-e-getta-mirtillo-lampone-triplo-melone-fragola-ghiaccio-10-pz\/\">Mirtillo, lampone, triplo melone e fragola<\/a><\/li>\n<li><a href=\"https:\/\/fizzyvape.eu\/it\/prodotto\/fizzy-max-iii-6in1-60k-60000-boccate-vape-ricaricabile-usa-e-getta-fragola-frutto-del-drago-red-bull-lampone-e-anguria-10-pz\/\">Frutto del drago alla fragola e Red Bull e anguria al lampone<\/a><\/li>\n<li><a href=\"https:\/\/fizzyvape.eu\/it\/prodotto\/fizzy-max-iii-6in1-60k-60000-boccate-vape-ricaricabile-usa-e-getta-fragola-kiwi-mirtillo-ghiaccio-anguria-ghiaccio-10-pz\/\">Ghiaccio alla fragola, al kiwi e al mirtillo e Ghiaccio all&#8217;anguria<\/a><\/li>\n<li><a href=\"https:\/\/fizzyvape.eu\/it\/prodotto\/fizzy-max-iii-6in1-60k-60000-boccate-vape-ricaricabile-usa-e-getta-blueberry-ice-fizzy-cherry-raspberry-lemon-10-pezzi\/\">Ghiaccio al mirtillo, ciliegia frizzante e lampone al limone<\/a><\/li>\n<li><a href=\"https:\/\/fizzyvape.eu\/it\/prodotto\/fizzy-max-iii-6in1-60k-60000-getti-ricaricabile-usa-e-getta-ghiaccio-allanguria-coca-cola-alla-vaniglia-e-frutti-di-bosco-10-pz\/\">Ghiaccio all&#8217;anguria e fragola, Coca Cola alla vaniglia e Misto<\/a><\/li>\n<li><a href=\"https:\/\/fizzyvape.eu\/it\/prodotto\/fizzy-max-iii-6in1-60k-60000-boccate-vape-ricaricabile-usa-e-getta-uva-fragola-e-mirtillo-cocco-e-pesca-limone-10-pz\/\">Uva fragola e mirtillo Cocco e pesca limone<\/a><\/li>\n<li><a href=\"https:\/\/fizzyvape.eu\/it\/prodotto\/fizzy-max-iii-6in1-60k-60000-boccate-vape-ricaricabile-usa-e-getta-blue-razz-ice-strawberry-kiwi-sour-pineappe-orange-10-pezzi\/\">Blue Razz Ice &amp; Strawberry Kiwi &amp; Sour Pineapple Orange<\/a><\/li>\n<li><a href=\"https:\/\/fizzyvape.eu\/it\/prodotto\/fizzy-max-iii-6in1-60k-60000-boccate-vape-ricaricabile-usa-e-getta-fragola-anguria-limone-lime-e-mirtillo-cocco-10-pz\/\">Anguria alla fragola, limone, lime e mirtillo al cocco<\/a><\/li>\n<\/ol>\n<h3><strong>Per tutti gli stili di vaping<\/strong><\/h3>\n<ul>\n<li><strong>MTL &#8211; Mouth-To-Lung (gusto singolo):<\/strong> Aspirazione fluida e sapore pulito, ideale per l&#8217;inalazione in stile sigaretta.<\/li>\n<li><strong>DL &#8211; Direct-Lung (modalit\u00e0 Dual Mix):<\/strong> Nuvole audaci e strati di sapori complessi, ideali per flussi d&#8217;aria elevati e inalazioni pi\u00f9 profonde.<\/li>\n<\/ul>\n<h2>Perch\u00e9 scegliere Fizzy Max III 6in1?<\/h2>\n<ul>\n<li>Un&#8217;enorme <strong>capacit\u00e0 di 60.000 soffi<\/strong><\/li>\n<li><strong>6 gusti in un unico dispositivo<\/strong> &#8211; variet\u00e0 imbattibile<\/li>\n<li>Ricaricabile con <strong>Type-C<\/strong> e display LED intuitivo<\/li>\n<li><strong>Boccaglio rotante intelligente<\/strong> per un cambio di sapore immediato<\/li>\n<li>Spedizione veloce dall&#8217;Europa &#8211; <strong>nessun problema con la dogana<\/strong><\/li>\n<\/ul>\n<h3>Cosa c&#8217;\u00e8 nella scatola<\/h3>\n<ul>\n<li>10 dispositivi monouso per confezione<\/li>\n<li>Ogni dispositivo include 3 cialde pre-riempite (per un totale di 60 ml)<\/li>\n<li>Sigillato singolarmente &#8211; a prova di perdite e di polvere<\/li>\n<li>Spedito direttamente dall&#8217;Europa &#8211; <strong>senza ritardi doganali<\/strong><\/li>\n<\/ul>\n<h3><strong>FAQ &#8211; Fizzy Max III 6in1 60K Vape usa e getta<\/strong><\/h3>\n<p><strong>  Quanti gusti ci sono in ogni dispositivo?<\/strong><br \/>\nOgni dispositivo include 3 cialde monogusto e 3 modalit\u00e0 di miscelazione, per un totale di 6 esperienze aromatiche a rotazione.<\/p>\n<p><strong>Posso ricaricarlo?<\/strong><br \/>\nS\u00ec. Ha una batteria integrata da 850 mAh e supporta la ricarica rapida tramite USB Type-C. <\/p>\n<p><strong>Come faccio a cambiare aroma?<\/strong><br \/>\nBasta sollevare e ruotare il bocchino. Il meccanismo intelligente consente di selezionare tutte e sei le modalit\u00e0: A \u2192 Mix AB \u2192 B \u2192 Mix BC \u2192 C \u2192 Mix CA. <\/p>\n<p><strong>\u00c8 adatto ai principianti?<\/strong><br \/>\nAssolutamente. Non c&#8217;\u00e8 bisogno di ricaricare, n\u00e9 di scambiare le cialde: basta ruotare e svapare. \u00c8 perfetta sia per i principianti che per gli utenti esperti.  <\/p>\n","protected":false},"excerpt":{"rendered":"<p>Fizzy Max III 6in1 \u00e8 una potente svapata ricaricabile usa e getta che offre <strong>6 modalit\u00e0 di aroma<\/strong>, <strong>60 ml di e-liquid<\/strong> e <strong>fino a 60.000 boccate<\/strong>. Dotata di <strong>bocchino rotante<\/strong>, <strong>display a LED<\/strong>, <strong>ricarica USB-C<\/strong>, <strong data-is-only-node=\"\">coil a rete<\/strong> e <strong>nicotina al 2% o al 5%<\/strong>, \u00e8 l&#8217;esperienza di svapo all-in-one per eccellenza. <\/p>\n","protected":false},"featured_media":32454,"comment_status":"open","ping_status":"closed","template":"","meta":{"iawp_total_views":3},"product_brand":[],"product_cat":[591],"product_tag":[605,602,604,603],"class_list":{"0":"post-33022","1":"product","2":"type-product","3":"status-publish","4":"has-post-thumbnail","6":"product_cat-max-iii-6in1-60k-60000-puffs-sigaretta-elettronica-usa-e-getta-it","7":"product_tag-6-gusti-in-1-dispositivo","8":"product_tag-60000-bigne","9":"product_tag-ricaricabile","10":"product_tag-vape-usa-e-getta","12":"first","13":"outofstock","14":"sale","15":"shipping-taxable","16":"purchasable","17":"product-type-variable"},"yoast_head":"<!-- This site is optimized with the Yoast SEO Premium plugin v24.8 (Yoast SEO v24.8) - https:\/\/yoast.com\/wordpress\/plugins\/seo\/ -->\n<title>Premium Vape Europe usa e getta - Fizzy Max 60000 puffs 6-in-1<\/title>\n<meta name=\"description\" content=\"Scopri la migliore vaporizzazione usa e getta d&#039;Europa: Fizzy Max 60000 puff, 6 aromi, ricaricabile, display a LED e ricarica Type-C. Acquista ora!\" \/>\n<meta name=\"robots\" content=\"index, follow, max-snippet:-1, max-image-preview:large, max-video-preview:-1\" \/>\n<link rel=\"canonical\" href=\"https:\/\/fizzyvape.eu\/it\/prodotto\/fizzy-max-iii-6in1-60k-60000-boccate-vape-ricaricabile-usa-e-getta-blueberry-ice-fizzy-cherry-raspberry-lemon-10-pezzi\/\" \/>\n<meta property=\"og:locale\" content=\"it_IT\" \/>\n<meta property=\"og:type\" content=\"article\" \/>\n<meta property=\"og:title\" content=\"Fizzy Max III 6in1 60K 60000 boccate Vape ricaricabile usa e getta - Blueberry Ice &amp; Fizzy Cherry &amp; Raspberry Lemon - 10 pezzi\" \/>\n<meta property=\"og:description\" content=\"Scopri la migliore vaporizzazione usa e getta d&#039;Europa: Fizzy Max 60000 puff, 6 aromi, ricaricabile, display a LED e ricarica Type-C. Acquista ora!\" \/>\n<meta property=\"og:url\" content=\"https:\/\/fizzyvape.eu\/it\/prodotto\/fizzy-max-iii-6in1-60k-60000-boccate-vape-ricaricabile-usa-e-getta-blueberry-ice-fizzy-cherry-raspberry-lemon-10-pezzi\/\" \/>\n<meta property=\"og:site_name\" content=\"fizzyvape.eu\" \/>\n<meta property=\"og:image\" content=\"https:\/\/fizzyvape.eu\/wp-content\/uploads\/2025\/06\/Fizzy-Max-60000-Puffs-06.webp\" \/>\n\t<meta property=\"og:image:width\" content=\"800\" \/>\n\t<meta property=\"og:image:height\" content=\"800\" \/>\n\t<meta property=\"og:image:type\" content=\"image\/webp\" \/>\n<meta name=\"twitter:card\" content=\"summary_large_image\" \/>\n<meta name=\"twitter:label1\" content=\"Disponibilit\u00e0\" \/>\n\t<meta name=\"twitter:data1\" content=\"Esaurito\" \/>\n<script type=\"application\/ld+json\" class=\"yoast-schema-graph\">{\"@context\":\"https:\/\/schema.org\",\"@graph\":[{\"@type\":\"WebPage\",\"@id\":\"https:\/\/fizzyvape.eu\/it\/prodotto\/fizzy-max-iii-6in1-60k-60000-boccate-vape-ricaricabile-usa-e-getta-blueberry-ice-fizzy-cherry-raspberry-lemon-10-pezzi\/\",\"url\":\"https:\/\/fizzyvape.eu\/it\/prodotto\/fizzy-max-iii-6in1-60k-60000-boccate-vape-ricaricabile-usa-e-getta-blueberry-ice-fizzy-cherry-raspberry-lemon-10-pezzi\/\",\"name\":\"Premium Vape Europe usa e getta - Fizzy Max 60000 puffs 6-in-1\",\"isPartOf\":{\"@id\":\"https:\/\/www.fizzyvape.eu\/it\/#website\"},\"primaryImageOfPage\":{\"@id\":\"https:\/\/fizzyvape.eu\/it\/prodotto\/fizzy-max-iii-6in1-60k-60000-boccate-vape-ricaricabile-usa-e-getta-blueberry-ice-fizzy-cherry-raspberry-lemon-10-pezzi\/#primaryimage\"},\"image\":{\"@id\":\"https:\/\/fizzyvape.eu\/it\/prodotto\/fizzy-max-iii-6in1-60k-60000-boccate-vape-ricaricabile-usa-e-getta-blueberry-ice-fizzy-cherry-raspberry-lemon-10-pezzi\/#primaryimage\"},\"thumbnailUrl\":\"https:\/\/fizzyvape.eu\/wp-content\/uploads\/2025\/06\/Fizzy-Max-60000-Puffs-06.webp\",\"datePublished\":\"2025-06-11T02:33:56+00:00\",\"description\":\"Scopri la migliore vaporizzazione usa e getta d'Europa: Fizzy Max 60000 puff, 6 aromi, ricaricabile, display a LED e ricarica Type-C. Acquista ora!\",\"breadcrumb\":{\"@id\":\"https:\/\/fizzyvape.eu\/it\/prodotto\/fizzy-max-iii-6in1-60k-60000-boccate-vape-ricaricabile-usa-e-getta-blueberry-ice-fizzy-cherry-raspberry-lemon-10-pezzi\/#breadcrumb\"},\"inLanguage\":\"it-IT\",\"potentialAction\":[{\"@type\":\"ReadAction\",\"target\":[\"https:\/\/fizzyvape.eu\/it\/prodotto\/fizzy-max-iii-6in1-60k-60000-boccate-vape-ricaricabile-usa-e-getta-blueberry-ice-fizzy-cherry-raspberry-lemon-10-pezzi\/\"]}]},{\"@type\":\"ImageObject\",\"inLanguage\":\"it-IT\",\"@id\":\"https:\/\/fizzyvape.eu\/it\/prodotto\/fizzy-max-iii-6in1-60k-60000-boccate-vape-ricaricabile-usa-e-getta-blueberry-ice-fizzy-cherry-raspberry-lemon-10-pezzi\/#primaryimage\",\"url\":\"https:\/\/fizzyvape.eu\/wp-content\/uploads\/2025\/06\/Fizzy-Max-60000-Puffs-06.webp\",\"contentUrl\":\"https:\/\/fizzyvape.eu\/wp-content\/uploads\/2025\/06\/Fizzy-Max-60000-Puffs-06.webp\",\"width\":800,\"height\":800},{\"@type\":\"BreadcrumbList\",\"@id\":\"https:\/\/fizzyvape.eu\/it\/prodotto\/fizzy-max-iii-6in1-60k-60000-boccate-vape-ricaricabile-usa-e-getta-blueberry-ice-fizzy-cherry-raspberry-lemon-10-pezzi\/#breadcrumb\",\"itemListElement\":[{\"@type\":\"ListItem\",\"position\":1,\"name\":\"Home\",\"item\":\"https:\/\/fizzyvape.eu\/it\/\"},{\"@type\":\"ListItem\",\"position\":2,\"name\":\"Negozio\",\"item\":\"https:\/\/www.fizzyvape.eu\/it\/negozio\/\"},{\"@type\":\"ListItem\",\"position\":3,\"name\":\"Fizzy Max III 6in1 60K 60000 boccate Vape ricaricabile usa e getta &#8211; Blueberry Ice &amp; Fizzy Cherry &amp; Raspberry Lemon &#8211; 10 pezzi\"}]},{\"@type\":\"WebSite\",\"@id\":\"https:\/\/www.fizzyvape.eu\/it\/#website\",\"url\":\"https:\/\/www.fizzyvape.eu\/it\/\",\"name\":\"fizzyvape.eu\",\"description\":\"Refreshing Vapes. Unforgettable Taste.\",\"publisher\":{\"@id\":\"https:\/\/www.fizzyvape.eu\/it\/#organization\"},\"potentialAction\":[{\"@type\":\"SearchAction\",\"target\":{\"@type\":\"EntryPoint\",\"urlTemplate\":\"https:\/\/www.fizzyvape.eu\/it\/?s={search_term_string}\"},\"query-input\":{\"@type\":\"PropertyValueSpecification\",\"valueRequired\":true,\"valueName\":\"search_term_string\"}}],\"inLanguage\":\"it-IT\"},{\"@type\":\"Organization\",\"@id\":\"https:\/\/www.fizzyvape.eu\/it\/#organization\",\"name\":\"fizzyvape.eu\",\"url\":\"https:\/\/www.fizzyvape.eu\/it\/\",\"logo\":{\"@type\":\"ImageObject\",\"inLanguage\":\"it-IT\",\"@id\":\"https:\/\/www.fizzyvape.eu\/it\/#\/schema\/logo\/image\/\",\"url\":\"https:\/\/fizzyvape.eu\/wp-content\/uploads\/2019\/06\/print-1.svg\",\"contentUrl\":\"https:\/\/fizzyvape.eu\/wp-content\/uploads\/2019\/06\/print-1.svg\",\"width\":124,\"height\":37,\"caption\":\"fizzyvape.eu\"},\"image\":{\"@id\":\"https:\/\/www.fizzyvape.eu\/it\/#\/schema\/logo\/image\/\"}}]}<\/script>\n<meta property=\"og:availability\" content=\"out of stock\" \/>\n<meta property=\"product:availability\" content=\"out of stock\" \/>\n<meta property=\"product:condition\" content=\"new\" \/>\n<!-- \/ Yoast SEO Premium plugin. -->","yoast_head_json":{"title":"Premium Vape Europe usa e getta - Fizzy Max 60000 puffs 6-in-1","description":"Scopri la migliore vaporizzazione usa e getta d'Europa: Fizzy Max 60000 puff, 6 aromi, ricaricabile, display a LED e ricarica Type-C. Acquista ora!","robots":{"index":"index","follow":"follow","max-snippet":"max-snippet:-1","max-image-preview":"max-image-preview:large","max-video-preview":"max-video-preview:-1"},"canonical":"https:\/\/fizzyvape.eu\/it\/prodotto\/fizzy-max-iii-6in1-60k-60000-boccate-vape-ricaricabile-usa-e-getta-blueberry-ice-fizzy-cherry-raspberry-lemon-10-pezzi\/","og_locale":"it_IT","og_type":"article","og_title":"Fizzy Max III 6in1 60K 60000 boccate Vape ricaricabile usa e getta - Blueberry Ice &amp; Fizzy Cherry &amp; Raspberry Lemon - 10 pezzi","og_description":"Scopri la migliore vaporizzazione usa e getta d'Europa: Fizzy Max 60000 puff, 6 aromi, ricaricabile, display a LED e ricarica Type-C. Acquista ora!","og_url":"https:\/\/fizzyvape.eu\/it\/prodotto\/fizzy-max-iii-6in1-60k-60000-boccate-vape-ricaricabile-usa-e-getta-blueberry-ice-fizzy-cherry-raspberry-lemon-10-pezzi\/","og_site_name":"fizzyvape.eu","og_image":[{"width":800,"height":800,"url":"https:\/\/fizzyvape.eu\/wp-content\/uploads\/2025\/06\/Fizzy-Max-60000-Puffs-06.webp","type":"image\/webp"}],"twitter_card":"summary_large_image","twitter_misc":{"Disponibilit\u00e0":"Esaurito"},"schema":{"@context":"https:\/\/schema.org","@graph":[{"@type":"WebPage","@id":"https:\/\/fizzyvape.eu\/it\/prodotto\/fizzy-max-iii-6in1-60k-60000-boccate-vape-ricaricabile-usa-e-getta-blueberry-ice-fizzy-cherry-raspberry-lemon-10-pezzi\/","url":"https:\/\/fizzyvape.eu\/it\/prodotto\/fizzy-max-iii-6in1-60k-60000-boccate-vape-ricaricabile-usa-e-getta-blueberry-ice-fizzy-cherry-raspberry-lemon-10-pezzi\/","name":"Premium Vape Europe usa e getta - Fizzy Max 60000 puffs 6-in-1","isPartOf":{"@id":"https:\/\/www.fizzyvape.eu\/it\/#website"},"primaryImageOfPage":{"@id":"https:\/\/fizzyvape.eu\/it\/prodotto\/fizzy-max-iii-6in1-60k-60000-boccate-vape-ricaricabile-usa-e-getta-blueberry-ice-fizzy-cherry-raspberry-lemon-10-pezzi\/#primaryimage"},"image":{"@id":"https:\/\/fizzyvape.eu\/it\/prodotto\/fizzy-max-iii-6in1-60k-60000-boccate-vape-ricaricabile-usa-e-getta-blueberry-ice-fizzy-cherry-raspberry-lemon-10-pezzi\/#primaryimage"},"thumbnailUrl":"https:\/\/fizzyvape.eu\/wp-content\/uploads\/2025\/06\/Fizzy-Max-60000-Puffs-06.webp","datePublished":"2025-06-11T02:33:56+00:00","description":"Scopri la migliore vaporizzazione usa e getta d'Europa: Fizzy Max 60000 puff, 6 aromi, ricaricabile, display a LED e ricarica Type-C. Acquista ora!","breadcrumb":{"@id":"https:\/\/fizzyvape.eu\/it\/prodotto\/fizzy-max-iii-6in1-60k-60000-boccate-vape-ricaricabile-usa-e-getta-blueberry-ice-fizzy-cherry-raspberry-lemon-10-pezzi\/#breadcrumb"},"inLanguage":"it-IT","potentialAction":[{"@type":"ReadAction","target":["https:\/\/fizzyvape.eu\/it\/prodotto\/fizzy-max-iii-6in1-60k-60000-boccate-vape-ricaricabile-usa-e-getta-blueberry-ice-fizzy-cherry-raspberry-lemon-10-pezzi\/"]}]},{"@type":"ImageObject","inLanguage":"it-IT","@id":"https:\/\/fizzyvape.eu\/it\/prodotto\/fizzy-max-iii-6in1-60k-60000-boccate-vape-ricaricabile-usa-e-getta-blueberry-ice-fizzy-cherry-raspberry-lemon-10-pezzi\/#primaryimage","url":"https:\/\/fizzyvape.eu\/wp-content\/uploads\/2025\/06\/Fizzy-Max-60000-Puffs-06.webp","contentUrl":"https:\/\/fizzyvape.eu\/wp-content\/uploads\/2025\/06\/Fizzy-Max-60000-Puffs-06.webp","width":800,"height":800},{"@type":"BreadcrumbList","@id":"https:\/\/fizzyvape.eu\/it\/prodotto\/fizzy-max-iii-6in1-60k-60000-boccate-vape-ricaricabile-usa-e-getta-blueberry-ice-fizzy-cherry-raspberry-lemon-10-pezzi\/#breadcrumb","itemListElement":[{"@type":"ListItem","position":1,"name":"Home","item":"https:\/\/fizzyvape.eu\/it\/"},{"@type":"ListItem","position":2,"name":"Negozio","item":"https:\/\/www.fizzyvape.eu\/it\/negozio\/"},{"@type":"ListItem","position":3,"name":"Fizzy Max III 6in1 60K 60000 boccate Vape ricaricabile usa e getta &#8211; Blueberry Ice &amp; Fizzy Cherry &amp; Raspberry Lemon &#8211; 10 pezzi"}]},{"@type":"WebSite","@id":"https:\/\/www.fizzyvape.eu\/it\/#website","url":"https:\/\/www.fizzyvape.eu\/it\/","name":"fizzyvape.eu","description":"Refreshing Vapes. Unforgettable Taste.","publisher":{"@id":"https:\/\/www.fizzyvape.eu\/it\/#organization"},"potentialAction":[{"@type":"SearchAction","target":{"@type":"EntryPoint","urlTemplate":"https:\/\/www.fizzyvape.eu\/it\/?s={search_term_string}"},"query-input":{"@type":"PropertyValueSpecification","valueRequired":true,"valueName":"search_term_string"}}],"inLanguage":"it-IT"},{"@type":"Organization","@id":"https:\/\/www.fizzyvape.eu\/it\/#organization","name":"fizzyvape.eu","url":"https:\/\/www.fizzyvape.eu\/it\/","logo":{"@type":"ImageObject","inLanguage":"it-IT","@id":"https:\/\/www.fizzyvape.eu\/it\/#\/schema\/logo\/image\/","url":"https:\/\/fizzyvape.eu\/wp-content\/uploads\/2019\/06\/print-1.svg","contentUrl":"https:\/\/fizzyvape.eu\/wp-content\/uploads\/2019\/06\/print-1.svg","width":124,"height":37,"caption":"fizzyvape.eu"},"image":{"@id":"https:\/\/www.fizzyvape.eu\/it\/#\/schema\/logo\/image\/"}}]},"og_availability":"out of stock","product_availability":"out of stock","product_condition":"new"},"tiered_pricing_type":"fixed","tiered_pricing_fixed_rules":[],"tiered_pricing_product_settings":{"layout":"default","base_unit_name":{"singular":null,"plural":null},"default_variation":null},"tiered_pricing_minimum_quantity":null,"tiered_pricing_roles_data":[],"tiered_pricing_percentage_rules":[],"tiered_pricing_maximum_quantity":null,"tiered_pricing_quantity_step":null,"_links":{"self":[{"href":"https:\/\/fizzyvape.eu\/it\/wp-json\/wp\/v2\/product\/33022","targetHints":{"allow":["GET"]}}],"collection":[{"href":"https:\/\/fizzyvape.eu\/it\/wp-json\/wp\/v2\/product"}],"about":[{"href":"https:\/\/fizzyvape.eu\/it\/wp-json\/wp\/v2\/types\/product"}],"replies":[{"embeddable":true,"href":"https:\/\/fizzyvape.eu\/it\/wp-json\/wp\/v2\/comments?post=33022"}],"version-history":[{"count":0,"href":"https:\/\/fizzyvape.eu\/it\/wp-json\/wp\/v2\/product\/33022\/revisions"}],"wp:featuredmedia":[{"embeddable":true,"href":"https:\/\/fizzyvape.eu\/it\/wp-json\/wp\/v2\/media\/32454"}],"wp:attachment":[{"href":"https:\/\/fizzyvape.eu\/it\/wp-json\/wp\/v2\/media?parent=33022"}],"wp:term":[{"taxonomy":"product_brand","embeddable":true,"href":"https:\/\/fizzyvape.eu\/it\/wp-json\/wp\/v2\/product_brand?post=33022"},{"taxonomy":"product_cat","embeddable":true,"href":"https:\/\/fizzyvape.eu\/it\/wp-json\/wp\/v2\/product_cat?post=33022"},{"taxonomy":"product_tag","embeddable":true,"href":"https:\/\/fizzyvape.eu\/it\/wp-json\/wp\/v2\/product_tag?post=33022"}],"curies":[{"name":"wp","href":"https:\/\/api.w.org\/{rel}","templated":true}]}}