{"id":33061,"date":"2025-06-11T14:32:35","date_gmt":"2025-06-11T06:32:35","guid":{"rendered":"https:\/\/fizzyvape.eu\/product\/fizzy-max-iii-6in1-60k-60000-puff-ricaricabili-usa-e-getta-collezione-di-gusti-a-sorpresa-confezione-da-6\/"},"modified":"2025-06-11T14:32:35","modified_gmt":"2025-06-11T06:32:35","slug":"fizzy-max-iii-6in1-60k-60000-puff-ricaricabili-usa-e-getta-collezione-di-gusti-a-sorpresa-confezione-da-6","status":"publish","type":"product","link":"https:\/\/fizzyvape.eu\/it\/prodotto\/fizzy-max-iii-6in1-60k-60000-puff-ricaricabili-usa-e-getta-collezione-di-gusti-a-sorpresa-confezione-da-6\/","title":{"rendered":"Fizzy Max III 6in1 60K 60000 puff ricaricabili usa e getta &#8211; Collezione di gusti a sorpresa (confezione da 6)"},"content":{"rendered":"<h2>Fizzy Max III 6in1 60K 60000 Puffs usa e getta &#8211; Collezione di gusti a sorpresa (confezione da 6)<\/h2>\n<p>Intraprendi un nuovo e audace viaggio nel vaping con il <strong data-start=\"83\" data-end=\"170\">Vape usa e getta ricaricabile Fizzy Max III 60000 Puffs &#8211; Surprise Flavor Collection<\/strong>. Questo lussuoso set <strong>da 6 pezzi<\/strong> comprende <strong>sei<\/strong> <strong>vapes usa e getta ricaricabili<\/strong> <strong>ad alta capacit\u00e0<\/strong>, ognuno dei quali offre un&#8217;impressionante selezione di <strong>3 gusti solitari<\/strong> e <strong>3 miscele uniche<\/strong>. Grazie all&#8217;innovativo bocchino rotante, passare da un aroma all&#8217;altro \u00e8 semplicissimo, senza dover cambiare cialde o dispositivi. Progettata per garantire la longevit\u00e0 e l&#8217;uniformit\u00e0 del sapore, ogni unit\u00e0 offre fino a <strong>60.000 boccate<\/strong>. Preparati a un gusto ricco, a una funzionalit\u00e0 avanzata e a una variet\u00e0 ricca di sapori, il tutto racchiuso in un&#8217;entusiasmante confezione misteriosa.    <\/p>\n<h3>Cosa c&#8217;\u00e8 dentro: 6 combinazioni di sapori scelti a mano per una variet\u00e0 senza fine<\/h3>\n<p>Abbiamo curato un mix entusiasmante delle nostre combinazioni di sapori pi\u00f9 vendute, per garantire che ogni dispositivo porti una nuova sorpresa. La confezione da 6 include: <\/p>\n<p><strong><span style=\"color: #000000;\">1<\/span>. Fragola, anguria, limone, lime e mirtillo e cocco <\/strong><br \/>\n<strong>2. Ghiaccio al mirtillo, ciliegia frizzante e lampone al limone<\/strong><br \/>\n<strong>3. Ghiaccio all&#8217;anguria e fragola, Coca Cola alla vaniglia e frutti di bosco.<\/strong><br \/>\n<strong>4. Frutto del drago alla fragola e Red Bull e anguria al lampone<\/strong><br \/>\n<strong>5. Fragola Lampone e Mango Pesca e Mirtillo Anguria<\/strong><br \/>\n<strong>6. Frutti di bosco misti e kiwi Frutto della passione Guava e fragola Anguria<\/strong><\/p>\n<p>Con ogni dispositivo, ruota il boccaglio per eseguire il ciclo:<\/p>\n<p><strong>A \u2192 Miscela AB \u2192 B \u2192 Miscela BC \u2192 C \u2192 Miscela CA<\/strong><\/p>\n<p>Con una semplice rotazione del bocchino, potrai scegliere tra tutti e sei i gusti possibili. Goditi la massima comodit\u00e0 del sistema 6-in-1. Sei curioso? Guarda il nostro <a href=\"https:\/\/www.youtube.com\/watch?v=CoxB_HvaU3k\">video<\/a> dimostrativo.   <\/p>\n<h3><strong>Punti di forza del prodotto<\/strong><\/h3>\n<ul>\n<li><strong>Fino a 60.000 boccate per dispositivo:<\/strong> Ogni svapatore \u00e8 dotato di un sistema di e-liquid da 60 ml ad alta capacit\u00e0, che offre settimane di svapo costante.<\/li>\n<li><strong>Sistema di aromi 6-in-1:<\/strong> Goditi un&#8217;incredibile quantit\u00e0 di 3 sapori singoli distinti e 3 modalit\u00e0 miste uniche in ogni dispositivo, per una variet\u00e0 assoluta.<\/li>\n<li><strong>Batteria ricaricabile da 850mAh:<\/strong> Potenziati fino all&#8217;ultima goccia con la comodit\u00e0 della ricarica rapida USB-C.<\/li>\n<li><strong>Schermo LED intelligente:<\/strong> Controlla facilmente lo stato della batteria in tempo reale e la modalit\u00e0 di vaping corrente con un solo sguardo.<\/li>\n<li><strong>Tecnologia avanzata della bobina a rete:<\/strong> Prova un vapore sempre omogeneo, un gusto ricco e prestazioni eccellenti a ogni boccata.<\/li>\n<li><strong>Doppia modalit\u00e0 di inalazione:<\/strong> Scegli il tuo stile di vaping preferito:\n<ul>\n<li><strong>Modalit\u00e0 a singolo aroma (MTL):<\/strong> offre un&#8217;estrazione liscia e classica da bocca a polmone.<\/li>\n<li><strong>Modalit\u00e0 Dual-Flavor Mix (DL):<\/strong> Fornisce un flusso d&#8217;aria potenziato per ottenere audaci tiri diretti ai polmoni con un vapore pi\u00f9 pieno e miscele di aromi entusiasmanti.<\/li>\n<\/ul>\n<\/li>\n<li><strong>Gradi di nicotina:<\/strong> Disponibile al 2% (20mg\/mL) per un&#8217;esperienza pi\u00f9 morbida o al 5% (50mg\/mL) per un colpo in gola pi\u00f9 forte e soddisfacente.<\/li>\n<li><strong>Compatto e adatto ai viaggi:<\/strong> il suo design a prova di perdite e le sue dimensioni tascabili lo rendono perfetto per gli spostamenti, ed \u00e8 sicuro per gli aerei per viaggiare senza preoccupazioni.<\/li>\n<\/ul>\n<h3><strong>Fizzy Max III 6in1 60000 Puffs usa e getta Elenco dei gusti di svapo:<\/strong><\/h3>\n<ol>\n<li><a href=\"https:\/\/fizzyvape.eu\/it\/prodotto\/fizzy-max-iii-6in1-60k-60000-boccate-vape-ricaricabile-usa-e-getta-fragola-lampone-pesca-mango-anguria-mirtillo-10-pezzi\/\">Fragola Lampone e Mango Pesca e Mirtillo Anguria<\/a><\/li>\n<li><a href=\"https:\/\/fizzyvape.eu\/it\/prodotto\/fizzy-max-iii-6in1-60k-60000-boccate-vape-ricaricabile-usa-e-getta-frutti-di-bosco-misti-e-kiwi-frutto-della-passione-guava-e-fragola-anguria-10-pezzi\/\">Frutti misti e kiwi Frutto della passione Guava e fragola Anguria<\/a><\/li>\n<li><a href=\"https:\/\/fizzyvape.eu\/it\/prodotto\/fizzy-max-iii-6in1-60k-60000-boccate-vape-ricaricabile-usa-e-getta-mirtillo-lampone-triplo-melone-fragola-ghiaccio-10-pz\/\">Mirtillo, lampone, triplo melone e fragola<\/a><\/li>\n<li><a href=\"https:\/\/fizzyvape.eu\/it\/prodotto\/fizzy-max-iii-6in1-60k-60000-boccate-vape-ricaricabile-usa-e-getta-fragola-frutto-del-drago-red-bull-lampone-e-anguria-10-pz\/\">Frutto del drago alla fragola e Red Bull e anguria al lampone<\/a><\/li>\n<li><a href=\"https:\/\/fizzyvape.eu\/it\/prodotto\/fizzy-max-iii-6in1-60k-60000-boccate-vape-ricaricabile-usa-e-getta-fragola-kiwi-mirtillo-ghiaccio-anguria-ghiaccio-10-pz\/\">Ghiaccio alla fragola, al kiwi e al mirtillo e Ghiaccio all&#8217;anguria<\/a><\/li>\n<li><a href=\"https:\/\/fizzyvape.eu\/it\/prodotto\/fizzy-max-iii-6in1-60k-60000-boccate-vape-ricaricabile-usa-e-getta-blueberry-ice-fizzy-cherry-raspberry-lemon-10-pezzi\/\">Ghiaccio al mirtillo, ciliegia frizzante e lampone al limone<\/a><\/li>\n<li><a href=\"https:\/\/fizzyvape.eu\/it\/prodotto\/fizzy-max-iii-6in1-60k-60000-getti-ricaricabile-usa-e-getta-ghiaccio-allanguria-coca-cola-alla-vaniglia-e-frutti-di-bosco-10-pz\/\">Ghiaccio all&#8217;anguria e fragola, Coca Cola alla vaniglia e Misto<\/a><\/li>\n<li><a href=\"https:\/\/fizzyvape.eu\/it\/prodotto\/fizzy-max-iii-6in1-60k-60000-boccate-vape-ricaricabile-usa-e-getta-uva-fragola-e-mirtillo-cocco-e-pesca-limone-10-pz\/\">Uva fragola e mirtillo Cocco e pesca limone<\/a><\/li>\n<li><a href=\"https:\/\/fizzyvape.eu\/it\/prodotto\/fizzy-max-iii-6in1-60k-60000-boccate-vape-ricaricabile-usa-e-getta-blue-razz-ice-strawberry-kiwi-sour-pineappe-orange-10-pezzi\/\">Blue Razz Ice &amp; Strawberry Kiwi &amp; Sour Pineapple Orange<\/a><\/li>\n<li><a href=\"https:\/\/fizzyvape.eu\/it\/prodotto\/fizzy-max-iii-6in1-60k-60000-boccate-vape-ricaricabile-usa-e-getta-fragola-anguria-limone-lime-e-mirtillo-cocco-10-pz\/\">Anguria alla fragola, limone, lime e mirtillo al cocco<\/a><\/li>\n<\/ol>\n<p>&nbsp;<\/p>\n<h3>Perch\u00e9 amerai il Fizzy Max III 6-in-1<\/h3>\n<ul>\n<li><strong>Variet\u00e0 senza pari:<\/strong> Sei dispositivi, ognuno con sei opzioni di gusto, significa infinite possibilit\u00e0 in un unico pacchetto.<\/li>\n<li><strong>Cambio di aroma senza sforzo:<\/strong> il bocchino rotante rende il cambio di aroma incredibilmente semplice e intuitivo.<\/li>\n<li><strong>Un divertimento prolungato:<\/strong> Con un massimo di 60.000 boccate per dispositivo, potrai svapare pi\u00f9 a lungo senza bisogno di sostituzioni.<\/li>\n<li><strong>Qualit\u00e0 costante:<\/strong> La tecnologia avanzata garantisce un sapore ricco e nuvole dense dall&#8217;inizio alla fine.<\/li>\n<li><strong>Spedizione veloce e affidabile:<\/strong> Fatti consegnare rapidamente la tua avventura di gusto dall&#8217;Europa, evitando ritardi doganali.<\/li>\n<li><strong>Premium e conveniente:<\/strong> Un design elegante e resistente con ricarica rapida e un chiaro display a LED per un&#8217;esperienza davvero senza problemi.<\/li>\n<\/ul>\n<h3><strong>  FAQ &#8211; Fizzy Max III 6in1 60K Vape usa e getta<\/strong><\/h3>\n<p><strong>1. Quante boccate offre ogni dispositivo Fizzy Max III?<\/strong><\/p>\n<p>Ogni dispositivo offre un&#8217;incredibile quantit\u00e0 di <strong>60.000 boccate<\/strong>, grazie al sistema di e-liquid da 60 ml ad alta capacit\u00e0 e alla potente batteria ricaricabile.<\/p>\n<p><strong>2. La Fizzy Max III \u00e8 ricaricabile?<\/strong><\/p>\n<p>S\u00ec, assolutamente! \u00c8 dotata di una robusta batteria ricaricabile da 850 mAh con ricarica rapida Type-C. Puoi facilmente ricaricarla pi\u00f9 volte per goderti ogni singola boccata.  <\/p>\n<p><strong>3. Come faccio a cambiare gusto al dispositivo 6-in-1?<\/strong><\/p>\n<p>\u00c8 facilissimo! Basta <strong>sollevare e ruotare il bocchino<\/strong>. Il sistema di rotazione intelligente consente di scegliere in modo intuitivo i 3 gusti individuali e le 3 modalit\u00e0 miste, per un totale di 6 esperienze di gusto.  <\/p>\n<p><strong>4. Quanti gusti ci sono davvero in un dispositivo?<\/strong><\/p>\n<p>Ogni dispositivo viene fornito con 3 cialde di aromi indipendenti pre-riempite. In combinazione con le 3 modalit\u00e0 di miscelazione attivate ruotando il bocchino, si ottengono <strong>6 esperienze aromatiche distinte<\/strong> con un&#8217;unica svapata! <\/p>\n<p><strong>5. Quali sono i livelli di nicotina disponibili?<\/strong><\/p>\n<p>Le vaporizzazioni Fizzy Max III sono disponibili in due comode opzioni di intensit\u00e0 di nicotina: <strong>2% (20mg\/mL)<\/strong>, ideale per una svapata morbida e saporita, e <strong>5% (50mg\/mL)<\/strong>, progettata per un colpo in gola pi\u00f9 forte e soddisfacente.<\/p>\n","protected":false},"excerpt":{"rendered":"<p>Prova la massima variet\u00e0 con la <strong>Fizzy Max III 6in1 Surprise Flavor<\/strong> Collection: <strong>6 vapori ricaricabili usa e getta<\/strong>, ognuno dei quali offre fino a <strong>60.000 boccate<\/strong> e <strong>6 modalit\u00e0 di aroma uniche<\/strong>. Goditi la tecnologia del bocchino rotante, il <strong>display a LED<\/strong>, la <strong>ricarica USB-C<\/strong>, le <strong>prestazioni della coil a rete<\/strong> e le <strong>opzioni di nicotina al 2% o al 5%<\/strong> in un esclusivo pacchetto misterioso. <\/p>\n","protected":false},"featured_media":32787,"comment_status":"open","ping_status":"closed","template":"","meta":{"iawp_total_views":30},"product_brand":[],"product_cat":[948,957,254],"product_tag":[],"class_list":{"0":"post-33061","1":"product","2":"type-product","3":"status-publish","4":"has-post-thumbnail","6":"product_cat-eu-warehouse-it","7":"product_cat-hot-selling-vape-it","8":"product_cat-multi-flavor-pack-it","10":"first","11":"outofstock","12":"sale","13":"shipping-taxable","14":"purchasable","15":"product-type-variable"},"yoast_head":"<!-- This site is optimized with the Yoast SEO Premium plugin v24.8 (Yoast SEO v24.8) - https:\/\/yoast.com\/wordpress\/plugins\/seo\/ -->\n<title>60000 Puffs 6-in-1 Vape usa e getta - Mystery Box (6 pezzi)<\/title>\n<meta name=\"description\" content=\"Fizzy Max 6-in-1 60000 puffs vape usa e getta - ogni dispositivo ricaricabile \u00e8 dotato di 6 aromi rotanti per una variet\u00e0 senza pari.\" \/>\n<meta name=\"robots\" content=\"index, follow, max-snippet:-1, max-image-preview:large, max-video-preview:-1\" \/>\n<link rel=\"canonical\" href=\"https:\/\/fizzyvape.eu\/it\/prodotto\/fizzy-max-iii-6in1-60k-60000-puff-ricaricabili-usa-e-getta-collezione-di-gusti-a-sorpresa-confezione-da-6\/\" \/>\n<meta property=\"og:locale\" content=\"it_IT\" \/>\n<meta property=\"og:type\" content=\"article\" \/>\n<meta property=\"og:title\" content=\"Fizzy Max III 6in1 60K 60000 puff ricaricabili usa e getta - Collezione di gusti a sorpresa (confezione da 6)\" \/>\n<meta property=\"og:description\" content=\"Fizzy Max 6-in-1 60000 puffs vape usa e getta - ogni dispositivo ricaricabile \u00e8 dotato di 6 aromi rotanti per una variet\u00e0 senza pari.\" \/>\n<meta property=\"og:url\" content=\"https:\/\/fizzyvape.eu\/it\/prodotto\/fizzy-max-iii-6in1-60k-60000-puff-ricaricabili-usa-e-getta-collezione-di-gusti-a-sorpresa-confezione-da-6\/\" \/>\n<meta property=\"og:site_name\" content=\"fizzyvape.eu\" \/>\n<meta property=\"og:image\" content=\"https:\/\/fizzyvape.eu\/wp-content\/uploads\/2025\/06\/Fizzy-Max-III-6in1-60K-60000-Puffs-Disposable-Vape-01.webp\" \/>\n\t<meta property=\"og:image:width\" content=\"800\" \/>\n\t<meta property=\"og:image:height\" content=\"800\" \/>\n\t<meta property=\"og:image:type\" content=\"image\/webp\" \/>\n<meta name=\"twitter:card\" content=\"summary_large_image\" \/>\n<meta name=\"twitter:label1\" content=\"Disponibilit\u00e0\" \/>\n\t<meta name=\"twitter:data1\" content=\"Esaurito\" \/>\n<script type=\"application\/ld+json\" class=\"yoast-schema-graph\">{\"@context\":\"https:\/\/schema.org\",\"@graph\":[{\"@type\":\"WebPage\",\"@id\":\"https:\/\/fizzyvape.eu\/it\/prodotto\/fizzy-max-iii-6in1-60k-60000-puff-ricaricabili-usa-e-getta-collezione-di-gusti-a-sorpresa-confezione-da-6\/\",\"url\":\"https:\/\/fizzyvape.eu\/it\/prodotto\/fizzy-max-iii-6in1-60k-60000-puff-ricaricabili-usa-e-getta-collezione-di-gusti-a-sorpresa-confezione-da-6\/\",\"name\":\"60000 Puffs 6-in-1 Vape usa e getta - Mystery Box (6 pezzi)\",\"isPartOf\":{\"@id\":\"https:\/\/www.fizzyvape.eu\/it\/#website\"},\"primaryImageOfPage\":{\"@id\":\"https:\/\/fizzyvape.eu\/it\/prodotto\/fizzy-max-iii-6in1-60k-60000-puff-ricaricabili-usa-e-getta-collezione-di-gusti-a-sorpresa-confezione-da-6\/#primaryimage\"},\"image\":{\"@id\":\"https:\/\/fizzyvape.eu\/it\/prodotto\/fizzy-max-iii-6in1-60k-60000-puff-ricaricabili-usa-e-getta-collezione-di-gusti-a-sorpresa-confezione-da-6\/#primaryimage\"},\"thumbnailUrl\":\"https:\/\/fizzyvape.eu\/wp-content\/uploads\/2025\/06\/Fizzy-Max-III-6in1-60K-60000-Puffs-Disposable-Vape-01.webp\",\"datePublished\":\"2025-06-11T06:32:35+00:00\",\"description\":\"Fizzy Max 6-in-1 60000 puffs vape usa e getta - ogni dispositivo ricaricabile \u00e8 dotato di 6 aromi rotanti per una variet\u00e0 senza pari.\",\"breadcrumb\":{\"@id\":\"https:\/\/fizzyvape.eu\/it\/prodotto\/fizzy-max-iii-6in1-60k-60000-puff-ricaricabili-usa-e-getta-collezione-di-gusti-a-sorpresa-confezione-da-6\/#breadcrumb\"},\"inLanguage\":\"it-IT\",\"potentialAction\":[{\"@type\":\"ReadAction\",\"target\":[\"https:\/\/fizzyvape.eu\/it\/prodotto\/fizzy-max-iii-6in1-60k-60000-puff-ricaricabili-usa-e-getta-collezione-di-gusti-a-sorpresa-confezione-da-6\/\"]}]},{\"@type\":\"ImageObject\",\"inLanguage\":\"it-IT\",\"@id\":\"https:\/\/fizzyvape.eu\/it\/prodotto\/fizzy-max-iii-6in1-60k-60000-puff-ricaricabili-usa-e-getta-collezione-di-gusti-a-sorpresa-confezione-da-6\/#primaryimage\",\"url\":\"https:\/\/fizzyvape.eu\/wp-content\/uploads\/2025\/06\/Fizzy-Max-III-6in1-60K-60000-Puffs-Disposable-Vape-01.webp\",\"contentUrl\":\"https:\/\/fizzyvape.eu\/wp-content\/uploads\/2025\/06\/Fizzy-Max-III-6in1-60K-60000-Puffs-Disposable-Vape-01.webp\",\"width\":800,\"height\":800,\"caption\":\"Fizzy Max III 6in1 60K 60000 Puffs usa e getta 01\"},{\"@type\":\"BreadcrumbList\",\"@id\":\"https:\/\/fizzyvape.eu\/it\/prodotto\/fizzy-max-iii-6in1-60k-60000-puff-ricaricabili-usa-e-getta-collezione-di-gusti-a-sorpresa-confezione-da-6\/#breadcrumb\",\"itemListElement\":[{\"@type\":\"ListItem\",\"position\":1,\"name\":\"Home\",\"item\":\"https:\/\/fizzyvape.eu\/it\/\"},{\"@type\":\"ListItem\",\"position\":2,\"name\":\"Negozio\",\"item\":\"https:\/\/www.fizzyvape.eu\/it\/negozio\/\"},{\"@type\":\"ListItem\",\"position\":3,\"name\":\"Fizzy Max III 6in1 60K 60000 puff ricaricabili usa e getta &#8211; Collezione di gusti a sorpresa (confezione da 6)\"}]},{\"@type\":\"WebSite\",\"@id\":\"https:\/\/www.fizzyvape.eu\/it\/#website\",\"url\":\"https:\/\/www.fizzyvape.eu\/it\/\",\"name\":\"fizzyvape.eu\",\"description\":\"Refreshing Vapes. Unforgettable Taste.\",\"publisher\":{\"@id\":\"https:\/\/www.fizzyvape.eu\/it\/#organization\"},\"potentialAction\":[{\"@type\":\"SearchAction\",\"target\":{\"@type\":\"EntryPoint\",\"urlTemplate\":\"https:\/\/www.fizzyvape.eu\/it\/?s={search_term_string}\"},\"query-input\":{\"@type\":\"PropertyValueSpecification\",\"valueRequired\":true,\"valueName\":\"search_term_string\"}}],\"inLanguage\":\"it-IT\"},{\"@type\":\"Organization\",\"@id\":\"https:\/\/www.fizzyvape.eu\/it\/#organization\",\"name\":\"fizzyvape.eu\",\"url\":\"https:\/\/www.fizzyvape.eu\/it\/\",\"logo\":{\"@type\":\"ImageObject\",\"inLanguage\":\"it-IT\",\"@id\":\"https:\/\/www.fizzyvape.eu\/it\/#\/schema\/logo\/image\/\",\"url\":\"https:\/\/fizzyvape.eu\/wp-content\/uploads\/2019\/06\/print-1.svg\",\"contentUrl\":\"https:\/\/fizzyvape.eu\/wp-content\/uploads\/2019\/06\/print-1.svg\",\"width\":124,\"height\":37,\"caption\":\"fizzyvape.eu\"},\"image\":{\"@id\":\"https:\/\/www.fizzyvape.eu\/it\/#\/schema\/logo\/image\/\"}}]}<\/script>\n<meta property=\"og:availability\" content=\"out of stock\" \/>\n<meta property=\"product:availability\" content=\"out of stock\" \/>\n<meta property=\"product:condition\" content=\"new\" \/>\n<!-- \/ Yoast SEO Premium plugin. -->","yoast_head_json":{"title":"60000 Puffs 6-in-1 Vape usa e getta - Mystery Box (6 pezzi)","description":"Fizzy Max 6-in-1 60000 puffs vape usa e getta - ogni dispositivo ricaricabile \u00e8 dotato di 6 aromi rotanti per una variet\u00e0 senza pari.","robots":{"index":"index","follow":"follow","max-snippet":"max-snippet:-1","max-image-preview":"max-image-preview:large","max-video-preview":"max-video-preview:-1"},"canonical":"https:\/\/fizzyvape.eu\/it\/prodotto\/fizzy-max-iii-6in1-60k-60000-puff-ricaricabili-usa-e-getta-collezione-di-gusti-a-sorpresa-confezione-da-6\/","og_locale":"it_IT","og_type":"article","og_title":"Fizzy Max III 6in1 60K 60000 puff ricaricabili usa e getta - Collezione di gusti a sorpresa (confezione da 6)","og_description":"Fizzy Max 6-in-1 60000 puffs vape usa e getta - ogni dispositivo ricaricabile \u00e8 dotato di 6 aromi rotanti per una variet\u00e0 senza pari.","og_url":"https:\/\/fizzyvape.eu\/it\/prodotto\/fizzy-max-iii-6in1-60k-60000-puff-ricaricabili-usa-e-getta-collezione-di-gusti-a-sorpresa-confezione-da-6\/","og_site_name":"fizzyvape.eu","og_image":[{"width":800,"height":800,"url":"https:\/\/fizzyvape.eu\/wp-content\/uploads\/2025\/06\/Fizzy-Max-III-6in1-60K-60000-Puffs-Disposable-Vape-01.webp","type":"image\/webp"}],"twitter_card":"summary_large_image","twitter_misc":{"Disponibilit\u00e0":"Esaurito"},"schema":{"@context":"https:\/\/schema.org","@graph":[{"@type":"WebPage","@id":"https:\/\/fizzyvape.eu\/it\/prodotto\/fizzy-max-iii-6in1-60k-60000-puff-ricaricabili-usa-e-getta-collezione-di-gusti-a-sorpresa-confezione-da-6\/","url":"https:\/\/fizzyvape.eu\/it\/prodotto\/fizzy-max-iii-6in1-60k-60000-puff-ricaricabili-usa-e-getta-collezione-di-gusti-a-sorpresa-confezione-da-6\/","name":"60000 Puffs 6-in-1 Vape usa e getta - Mystery Box (6 pezzi)","isPartOf":{"@id":"https:\/\/www.fizzyvape.eu\/it\/#website"},"primaryImageOfPage":{"@id":"https:\/\/fizzyvape.eu\/it\/prodotto\/fizzy-max-iii-6in1-60k-60000-puff-ricaricabili-usa-e-getta-collezione-di-gusti-a-sorpresa-confezione-da-6\/#primaryimage"},"image":{"@id":"https:\/\/fizzyvape.eu\/it\/prodotto\/fizzy-max-iii-6in1-60k-60000-puff-ricaricabili-usa-e-getta-collezione-di-gusti-a-sorpresa-confezione-da-6\/#primaryimage"},"thumbnailUrl":"https:\/\/fizzyvape.eu\/wp-content\/uploads\/2025\/06\/Fizzy-Max-III-6in1-60K-60000-Puffs-Disposable-Vape-01.webp","datePublished":"2025-06-11T06:32:35+00:00","description":"Fizzy Max 6-in-1 60000 puffs vape usa e getta - ogni dispositivo ricaricabile \u00e8 dotato di 6 aromi rotanti per una variet\u00e0 senza pari.","breadcrumb":{"@id":"https:\/\/fizzyvape.eu\/it\/prodotto\/fizzy-max-iii-6in1-60k-60000-puff-ricaricabili-usa-e-getta-collezione-di-gusti-a-sorpresa-confezione-da-6\/#breadcrumb"},"inLanguage":"it-IT","potentialAction":[{"@type":"ReadAction","target":["https:\/\/fizzyvape.eu\/it\/prodotto\/fizzy-max-iii-6in1-60k-60000-puff-ricaricabili-usa-e-getta-collezione-di-gusti-a-sorpresa-confezione-da-6\/"]}]},{"@type":"ImageObject","inLanguage":"it-IT","@id":"https:\/\/fizzyvape.eu\/it\/prodotto\/fizzy-max-iii-6in1-60k-60000-puff-ricaricabili-usa-e-getta-collezione-di-gusti-a-sorpresa-confezione-da-6\/#primaryimage","url":"https:\/\/fizzyvape.eu\/wp-content\/uploads\/2025\/06\/Fizzy-Max-III-6in1-60K-60000-Puffs-Disposable-Vape-01.webp","contentUrl":"https:\/\/fizzyvape.eu\/wp-content\/uploads\/2025\/06\/Fizzy-Max-III-6in1-60K-60000-Puffs-Disposable-Vape-01.webp","width":800,"height":800,"caption":"Fizzy Max III 6in1 60K 60000 Puffs usa e getta 01"},{"@type":"BreadcrumbList","@id":"https:\/\/fizzyvape.eu\/it\/prodotto\/fizzy-max-iii-6in1-60k-60000-puff-ricaricabili-usa-e-getta-collezione-di-gusti-a-sorpresa-confezione-da-6\/#breadcrumb","itemListElement":[{"@type":"ListItem","position":1,"name":"Home","item":"https:\/\/fizzyvape.eu\/it\/"},{"@type":"ListItem","position":2,"name":"Negozio","item":"https:\/\/www.fizzyvape.eu\/it\/negozio\/"},{"@type":"ListItem","position":3,"name":"Fizzy Max III 6in1 60K 60000 puff ricaricabili usa e getta &#8211; Collezione di gusti a sorpresa (confezione da 6)"}]},{"@type":"WebSite","@id":"https:\/\/www.fizzyvape.eu\/it\/#website","url":"https:\/\/www.fizzyvape.eu\/it\/","name":"fizzyvape.eu","description":"Refreshing Vapes. Unforgettable Taste.","publisher":{"@id":"https:\/\/www.fizzyvape.eu\/it\/#organization"},"potentialAction":[{"@type":"SearchAction","target":{"@type":"EntryPoint","urlTemplate":"https:\/\/www.fizzyvape.eu\/it\/?s={search_term_string}"},"query-input":{"@type":"PropertyValueSpecification","valueRequired":true,"valueName":"search_term_string"}}],"inLanguage":"it-IT"},{"@type":"Organization","@id":"https:\/\/www.fizzyvape.eu\/it\/#organization","name":"fizzyvape.eu","url":"https:\/\/www.fizzyvape.eu\/it\/","logo":{"@type":"ImageObject","inLanguage":"it-IT","@id":"https:\/\/www.fizzyvape.eu\/it\/#\/schema\/logo\/image\/","url":"https:\/\/fizzyvape.eu\/wp-content\/uploads\/2019\/06\/print-1.svg","contentUrl":"https:\/\/fizzyvape.eu\/wp-content\/uploads\/2019\/06\/print-1.svg","width":124,"height":37,"caption":"fizzyvape.eu"},"image":{"@id":"https:\/\/www.fizzyvape.eu\/it\/#\/schema\/logo\/image\/"}}]},"og_availability":"out of stock","product_availability":"out of stock","product_condition":"new"},"tiered_pricing_type":"fixed","tiered_pricing_fixed_rules":[],"tiered_pricing_product_settings":{"layout":"default","base_unit_name":{"singular":null,"plural":null},"default_variation":null},"tiered_pricing_minimum_quantity":null,"tiered_pricing_roles_data":[],"tiered_pricing_percentage_rules":[],"tiered_pricing_maximum_quantity":null,"tiered_pricing_quantity_step":null,"_links":{"self":[{"href":"https:\/\/fizzyvape.eu\/it\/wp-json\/wp\/v2\/product\/33061","targetHints":{"allow":["GET"]}}],"collection":[{"href":"https:\/\/fizzyvape.eu\/it\/wp-json\/wp\/v2\/product"}],"about":[{"href":"https:\/\/fizzyvape.eu\/it\/wp-json\/wp\/v2\/types\/product"}],"replies":[{"embeddable":true,"href":"https:\/\/fizzyvape.eu\/it\/wp-json\/wp\/v2\/comments?post=33061"}],"version-history":[{"count":0,"href":"https:\/\/fizzyvape.eu\/it\/wp-json\/wp\/v2\/product\/33061\/revisions"}],"wp:featuredmedia":[{"embeddable":true,"href":"https:\/\/fizzyvape.eu\/it\/wp-json\/wp\/v2\/media\/32787"}],"wp:attachment":[{"href":"https:\/\/fizzyvape.eu\/it\/wp-json\/wp\/v2\/media?parent=33061"}],"wp:term":[{"taxonomy":"product_brand","embeddable":true,"href":"https:\/\/fizzyvape.eu\/it\/wp-json\/wp\/v2\/product_brand?post=33061"},{"taxonomy":"product_cat","embeddable":true,"href":"https:\/\/fizzyvape.eu\/it\/wp-json\/wp\/v2\/product_cat?post=33061"},{"taxonomy":"product_tag","embeddable":true,"href":"https:\/\/fizzyvape.eu\/it\/wp-json\/wp\/v2\/product_tag?post=33061"}],"curies":[{"name":"wp","href":"https:\/\/api.w.org\/{rel}","templated":true}]}}