{"id":33148,"date":"2025-06-09T13:55:05","date_gmt":"2025-06-09T05:55:05","guid":{"rendered":"https:\/\/fizzyvape.eu\/product\/fizzy-max-iii-6in1-60k-60000-puffs-vape-ricaricabile-usa-e-getta-60-pezzi\/"},"modified":"2025-06-09T13:55:05","modified_gmt":"2025-06-09T05:55:05","slug":"fizzy-max-iii-6in1-60k-60000-puffs-vape-ricaricabile-usa-e-getta-60-pezzi","status":"publish","type":"product","link":"https:\/\/fizzyvape.eu\/it\/prodotto\/fizzy-max-iii-6in1-60k-60000-puffs-vape-ricaricabile-usa-e-getta-60-pezzi\/","title":{"rendered":"Fizzy Max III 6in1 60K 60000 Puffs Vape ricaricabile usa e getta &#8211; 60 pezzi"},"content":{"rendered":"<h2>Fizzy Max III 6in1 60K 60000 Puffs Vape ricaricabile usa e getta <strong>all&#8217;ingrosso <\/strong>&#8211; 60 pezzi<\/h2>\n<h3><strong>Un solo dispositivo. Sei gusti. 60.000 boccate di pura innovazione.  <\/strong><\/h3>\n<p>Ti presentiamo Fizzy Max III 6in1, una rivoluzionaria svapata usa e getta progettata per gli esploratori del gusto. Con una potente batteria ricaricabile, uno schermo a LED e un esclusivo sistema di boccaglio rotante, questo dispositivo riunisce sei esperienze aromatiche in un&#8217;unit\u00e0 elegante e ad alta capacit\u00e0. Sia che tu preferisca i singoli aromi o le miscele dinamiche, potrai godere di transizioni senza soluzione di continuit\u00e0 e di una soddisfazione duratura.  <\/p>\n<p>Guarda il nostro <a href=\"https:\/\/www.youtube.com\/watch?v=CoxB_HvaU3k\">video<\/a> dimostrativo.<\/p>\n<h3><strong>  Punti di forza del prodotto<\/strong><\/h3>\n<ul>\n<li><strong>Fino a 60.000 boccate<\/strong><br \/>\nGoditi un&#8217;esperienza di vaping prolungata grazie alle tre cialde pre-riempite da 20 ml che erogano un totale di 60 ml di e-liquid premium.<\/li>\n<li><strong>6 gusti in un solo dispositivo3<\/strong><strong>gusti unici singoli<\/strong> e <strong>3<\/strong> modalit\u00e0 di <strong>miscelazione dei sapori<\/strong> <\/li>\n<li><strong>Ricaricabile ed efficiente<\/strong><br \/>\nDotato di una batteria da 850 mAh e di ricarica rapida Type-C. Non c&#8217;\u00e8 bisogno di sprecare: ricarica e continua ad andare avanti. <\/li>\n<li><strong>Tecnologia avanzata della bobina a rete<\/strong><br \/>\nAssicura un vapore omogeneo, ricco e costante a ogni boccata.<\/li>\n<li><strong>Display a LED<\/strong><br \/>\nControlla immediatamente la durata della batteria e lo stato della modalit\u00e0 grazie allo schermo integrato, per un controllo completo a colpo d&#8217;occhio.<\/li>\n<li><strong>Opzioni di nicotina<\/strong><br \/>\nDisponibile con nicotina al 2% e al 5% per soddisfare le diverse preferenze.<\/li>\n<li><strong>Modalit\u00e0 Mouth-to-Lung e Direct-Lung<\/strong><br \/>\nLa modalit\u00e0 MTL offre un&#8217;estrazione pi\u00f9 stretta, in stile sigaretta; la modalit\u00e0 DL offre un tiro pieno e arioso con sapori misti e decisi.<\/li>\n<li><strong>Compatto ma potente<\/strong><br \/>\nTutte e sei le opzioni di gusto in un unico dispositivo usa e getta facile da trasportare, perfetto per essere sempre a portata di mano senza rinunciare alla variet\u00e0.<\/li>\n<\/ul>\n<h3><strong>Fizzy Max III 6in1 60000 Puffs usa e getta Elenco dei gusti di svapo:<\/strong><\/h3>\n<ol>\n<li><a href=\"https:\/\/fizzyvape.eu\/it\/prodotto\/fizzy-max-iii-6in1-60k-60000-boccate-vape-ricaricabile-usa-e-getta-fragola-lampone-pesca-mango-anguria-mirtillo-10-pezzi\/\">Fragola Lampone e Mango Pesca e Mirtillo Anguria<\/a><\/li>\n<li><a href=\"https:\/\/fizzyvape.eu\/it\/prodotto\/fizzy-max-iii-6in1-60k-60000-boccate-vape-ricaricabile-usa-e-getta-frutti-di-bosco-misti-e-kiwi-frutto-della-passione-guava-e-fragola-anguria-10-pezzi\/\">Frutti misti e kiwi Frutto della passione Guava e fragola Anguria<\/a><\/li>\n<li><a href=\"https:\/\/fizzyvape.eu\/it\/prodotto\/fizzy-max-iii-6in1-60k-60000-boccate-vape-ricaricabile-usa-e-getta-mirtillo-lampone-triplo-melone-fragola-ghiaccio-10-pz\/\">Mirtillo, lampone, triplo melone e fragola<\/a><\/li>\n<li><a href=\"https:\/\/fizzyvape.eu\/it\/prodotto\/fizzy-max-iii-6in1-60k-60000-boccate-vape-ricaricabile-usa-e-getta-fragola-frutto-del-drago-red-bull-lampone-e-anguria-10-pz\/\">Frutto del drago alla fragola e Red Bull e anguria al lampone<\/a><\/li>\n<li><a href=\"https:\/\/fizzyvape.eu\/it\/prodotto\/fizzy-max-iii-6in1-60k-60000-boccate-vape-ricaricabile-usa-e-getta-fragola-kiwi-mirtillo-ghiaccio-anguria-ghiaccio-10-pz\/\">Ghiaccio alla fragola, al kiwi e al mirtillo e Ghiaccio all&#8217;anguria<\/a><\/li>\n<li><a href=\"https:\/\/fizzyvape.eu\/it\/prodotto\/fizzy-max-iii-6in1-60k-60000-boccate-vape-ricaricabile-usa-e-getta-blueberry-ice-fizzy-cherry-raspberry-lemon-10-pezzi\/\">Ghiaccio al mirtillo, ciliegia frizzante e lampone al limone<\/a><\/li>\n<li><a href=\"https:\/\/fizzyvape.eu\/it\/prodotto\/fizzy-max-iii-6in1-60k-60000-getti-ricaricabile-usa-e-getta-ghiaccio-allanguria-coca-cola-alla-vaniglia-e-frutti-di-bosco-10-pz\/\">Ghiaccio all&#8217;anguria e fragola, Coca Cola alla vaniglia e Misto<\/a><\/li>\n<li><a href=\"https:\/\/fizzyvape.eu\/it\/prodotto\/fizzy-max-iii-6in1-60k-60000-boccate-vape-ricaricabile-usa-e-getta-uva-fragola-e-mirtillo-cocco-e-pesca-limone-10-pz\/\">Uva fragola e mirtillo Cocco e pesca limone<\/a><\/li>\n<li><a href=\"https:\/\/fizzyvape.eu\/it\/prodotto\/fizzy-max-iii-6in1-60k-60000-boccate-vape-ricaricabile-usa-e-getta-blue-razz-ice-strawberry-kiwi-sour-pineappe-orange-10-pezzi\/\">Blue Razz Ice &amp; Strawberry Kiwi &amp; Sour Pineapple Orange<\/a><\/li>\n<li><a href=\"https:\/\/fizzyvape.eu\/it\/prodotto\/fizzy-max-iii-6in1-60k-60000-boccate-vape-ricaricabile-usa-e-getta-fragola-anguria-limone-lime-e-mirtillo-cocco-10-pz\/\">Anguria alla fragola, limone, lime e mirtillo al cocco<\/a><\/li>\n<\/ol>\n<h3><strong>  Modalit\u00e0 di vaping per ogni preferenza<\/strong><\/h3>\n<p><strong>Single-Flavor (MTL):<\/strong><br \/>\nL \u201cestrazione \u00e8 stretta per un\u201d inalazione liscia e simile a quella di una sigaretta, ideale per assaporare un sapore puro.<\/p>\n<p data-is-last-node=\"\" data-is-only-node=\"\"><strong>Dual-Flavor Mix (DL):<\/strong><br \/>\nFlusso d \u201caria aperto per un\u201d erogazione pi\u00f9 piena e decisa, perfetta per i sapori ricchi e miscelati.<\/p>\n<h3><strong>  Perch\u00e9 scegliere Fizzy Max III 6in1?<\/strong><\/h3>\n<ul>\n<li>Innovativo sistema multi-sapore per un&#8217;infinita variet\u00e0 di gusti<\/li>\n<li>Un&#8217;enorme quantit\u00e0 di 60.000 puff per un divertimento prolungato<\/li>\n<li>Ricaricabile con Type-C per una maggiore sostenibilit\u00e0 e facilit\u00e0 d&#8217;uso<\/li>\n<li>Schermo LED per il monitoraggio dell&#8217;utilizzo in tempo reale<\/li>\n<li>Grande capacit\u00e0 di e-liquid (60mL totali)<\/li>\n<li>Spedizione veloce dall&#8217;Europa &#8211; nessun ritardo doganale<\/li>\n<\/ul>\n<h3><strong>  FAQ &#8211; Fizzy Max III 6in1 60K 60000 Vape usa e getta<\/strong><\/h3>\n<ul>\n<li><strong>Come faccio a passare da un sapore all&#8217;altro?<\/strong><br \/>\nSolleva e ruota il bocchino per scegliere tra sei modalit\u00e0 di aroma: tre combinazioni singole e tre combinazioni miste.<\/li>\n<li><strong>Quante boccate offre il dispositivo?<\/strong><br \/>\nFino a 60.000 boccate, grazie all \u201campia capacit\u00e0 di e-liquid da 60 ml e all\u201d efficiente sistema di bobine a rete.<\/li>\n<li><strong>Il dispositivo \u00e8 ricaricabile?<\/strong><br \/>\nS\u00ec, \u00e8 dotato di una batteria ricaricabile da 850 mAh e di una porta Type-C per una ricarica rapida e comoda.<\/li>\n<li><strong>Quali sono i livelli di nicotina disponibili?<\/strong><br \/>\nPuoi scegliere tra il 2% e il 5% di nicotina, a seconda delle tue preferenze.<\/li>\n<\/ul>\n","protected":false},"excerpt":{"rendered":"<p><strong>Fizzy Max III 6in1 &#8211; 60.000 boccate, 6 gusti, un dispositivo<\/strong><br \/>\nSblocca la potenza di 60.000 boccate con sei gusti rotanti in un&#8217;unica elegante svapata ricaricabile. Pre-riempito con 60 ml di e-liquid premium, dotato di bobina a rete, display a LED e ricarica Type-C.<br \/>\nDisponibile con nicotina al 2% e al 5%. <\/p>\n<p><strong>Perfetto per il Vape all \u201cingrosso<\/strong> &#8211; Alta domanda, lunga durata e forti vendite ripetute. Ideale per rivenditori e acquirenti all\u201d ingrosso. <\/p>\n","protected":false},"featured_media":32508,"comment_status":"open","ping_status":"closed","template":"","meta":{"iawp_total_views":0},"product_brand":[],"product_cat":[672],"product_tag":[],"class_list":{"0":"post-33148","1":"product","2":"type-product","3":"status-publish","4":"has-post-thumbnail","6":"product_cat-bulk-deals-2-it","8":"first","9":"outofstock","10":"sale","11":"shipping-taxable","12":"purchasable","13":"product-type-variable"},"yoast_head":"<!-- This site is optimized with the Yoast SEO Premium plugin v24.8 (Yoast SEO v24.8) - https:\/\/yoast.com\/wordpress\/plugins\/seo\/ -->\n<title>Commercio all \u201cingrosso Vape EU: 60K Puffs 6in1 usa e getta | Sconto all\u201d ingrosso<\/title>\n<meta name=\"description\" content=\"Vape EU all \u201cingrosso - Fizzy Max III 6in1: 60000 boccate, 6 gusti, vapes ricaricabili usa e getta. Risparmi all\u201d ingrosso su dispositivi da 60 ml e Type-C. Stock UE. Ordina ora!\" \/>\n<meta name=\"robots\" content=\"index, follow, max-snippet:-1, max-image-preview:large, max-video-preview:-1\" \/>\n<link rel=\"canonical\" href=\"https:\/\/fizzyvape.eu\/it\/prodotto\/fizzy-max-iii-6in1-60k-60000-puffs-vape-ricaricabile-usa-e-getta-60-pezzi\/\" \/>\n<meta property=\"og:locale\" content=\"it_IT\" \/>\n<meta property=\"og:type\" content=\"article\" \/>\n<meta property=\"og:title\" content=\"Fizzy Max III 6in1 60K 60000 Puffs Vape ricaricabile usa e getta - 60 pezzi\" \/>\n<meta property=\"og:description\" content=\"Vape EU all \u201cingrosso - Fizzy Max III 6in1: 60000 boccate, 6 gusti, vapes ricaricabili usa e getta. Risparmi all\u201d ingrosso su dispositivi da 60 ml e Type-C. Stock UE. Ordina ora!\" \/>\n<meta property=\"og:url\" content=\"https:\/\/fizzyvape.eu\/it\/prodotto\/fizzy-max-iii-6in1-60k-60000-puffs-vape-ricaricabile-usa-e-getta-60-pezzi\/\" \/>\n<meta property=\"og:site_name\" content=\"fizzyvape.eu\" \/>\n<meta property=\"og:image\" content=\"https:\/\/fizzyvape.eu\/wp-content\/uploads\/2025\/06\/Fizzy-Max-60000-Puffs-60pcs.webp\" \/>\n\t<meta property=\"og:image:width\" content=\"800\" \/>\n\t<meta property=\"og:image:height\" content=\"800\" \/>\n\t<meta property=\"og:image:type\" content=\"image\/webp\" \/>\n<meta name=\"twitter:card\" content=\"summary_large_image\" \/>\n<meta name=\"twitter:label1\" content=\"Disponibilit\u00e0\" \/>\n\t<meta name=\"twitter:data1\" content=\"Esaurito\" \/>\n<script type=\"application\/ld+json\" class=\"yoast-schema-graph\">{\"@context\":\"https:\/\/schema.org\",\"@graph\":[{\"@type\":\"WebPage\",\"@id\":\"https:\/\/fizzyvape.eu\/it\/prodotto\/fizzy-max-iii-6in1-60k-60000-puffs-vape-ricaricabile-usa-e-getta-60-pezzi\/\",\"url\":\"https:\/\/fizzyvape.eu\/it\/prodotto\/fizzy-max-iii-6in1-60k-60000-puffs-vape-ricaricabile-usa-e-getta-60-pezzi\/\",\"name\":\"Commercio all \u201cingrosso Vape EU: 60K Puffs 6in1 usa e getta | Sconto all\u201d ingrosso\",\"isPartOf\":{\"@id\":\"https:\/\/www.fizzyvape.eu\/it\/#website\"},\"primaryImageOfPage\":{\"@id\":\"https:\/\/fizzyvape.eu\/it\/prodotto\/fizzy-max-iii-6in1-60k-60000-puffs-vape-ricaricabile-usa-e-getta-60-pezzi\/#primaryimage\"},\"image\":{\"@id\":\"https:\/\/fizzyvape.eu\/it\/prodotto\/fizzy-max-iii-6in1-60k-60000-puffs-vape-ricaricabile-usa-e-getta-60-pezzi\/#primaryimage\"},\"thumbnailUrl\":\"https:\/\/fizzyvape.eu\/wp-content\/uploads\/2025\/06\/Fizzy-Max-60000-Puffs-60pcs.webp\",\"datePublished\":\"2025-06-09T05:55:05+00:00\",\"description\":\"Vape EU all \u201cingrosso - Fizzy Max III 6in1: 60000 boccate, 6 gusti, vapes ricaricabili usa e getta. Risparmi all\u201d ingrosso su dispositivi da 60 ml e Type-C. Stock UE. Ordina ora!\",\"breadcrumb\":{\"@id\":\"https:\/\/fizzyvape.eu\/it\/prodotto\/fizzy-max-iii-6in1-60k-60000-puffs-vape-ricaricabile-usa-e-getta-60-pezzi\/#breadcrumb\"},\"inLanguage\":\"it-IT\",\"potentialAction\":[{\"@type\":\"ReadAction\",\"target\":[\"https:\/\/fizzyvape.eu\/it\/prodotto\/fizzy-max-iii-6in1-60k-60000-puffs-vape-ricaricabile-usa-e-getta-60-pezzi\/\"]}]},{\"@type\":\"ImageObject\",\"inLanguage\":\"it-IT\",\"@id\":\"https:\/\/fizzyvape.eu\/it\/prodotto\/fizzy-max-iii-6in1-60k-60000-puffs-vape-ricaricabile-usa-e-getta-60-pezzi\/#primaryimage\",\"url\":\"https:\/\/fizzyvape.eu\/wp-content\/uploads\/2025\/06\/Fizzy-Max-60000-Puffs-60pcs.webp\",\"contentUrl\":\"https:\/\/fizzyvape.eu\/wp-content\/uploads\/2025\/06\/Fizzy-Max-60000-Puffs-60pcs.webp\",\"width\":800,\"height\":800},{\"@type\":\"BreadcrumbList\",\"@id\":\"https:\/\/fizzyvape.eu\/it\/prodotto\/fizzy-max-iii-6in1-60k-60000-puffs-vape-ricaricabile-usa-e-getta-60-pezzi\/#breadcrumb\",\"itemListElement\":[{\"@type\":\"ListItem\",\"position\":1,\"name\":\"Home\",\"item\":\"https:\/\/fizzyvape.eu\/it\/\"},{\"@type\":\"ListItem\",\"position\":2,\"name\":\"Negozio\",\"item\":\"https:\/\/www.fizzyvape.eu\/it\/negozio\/\"},{\"@type\":\"ListItem\",\"position\":3,\"name\":\"Fizzy Max III 6in1 60K 60000 Puffs Vape ricaricabile usa e getta &#8211; 60 pezzi\"}]},{\"@type\":\"WebSite\",\"@id\":\"https:\/\/www.fizzyvape.eu\/it\/#website\",\"url\":\"https:\/\/www.fizzyvape.eu\/it\/\",\"name\":\"fizzyvape.eu\",\"description\":\"Refreshing Vapes. Unforgettable Taste.\",\"publisher\":{\"@id\":\"https:\/\/www.fizzyvape.eu\/it\/#organization\"},\"potentialAction\":[{\"@type\":\"SearchAction\",\"target\":{\"@type\":\"EntryPoint\",\"urlTemplate\":\"https:\/\/www.fizzyvape.eu\/it\/?s={search_term_string}\"},\"query-input\":{\"@type\":\"PropertyValueSpecification\",\"valueRequired\":true,\"valueName\":\"search_term_string\"}}],\"inLanguage\":\"it-IT\"},{\"@type\":\"Organization\",\"@id\":\"https:\/\/www.fizzyvape.eu\/it\/#organization\",\"name\":\"fizzyvape.eu\",\"url\":\"https:\/\/www.fizzyvape.eu\/it\/\",\"logo\":{\"@type\":\"ImageObject\",\"inLanguage\":\"it-IT\",\"@id\":\"https:\/\/www.fizzyvape.eu\/it\/#\/schema\/logo\/image\/\",\"url\":\"https:\/\/fizzyvape.eu\/wp-content\/uploads\/2019\/06\/print-1.svg\",\"contentUrl\":\"https:\/\/fizzyvape.eu\/wp-content\/uploads\/2019\/06\/print-1.svg\",\"width\":124,\"height\":37,\"caption\":\"fizzyvape.eu\"},\"image\":{\"@id\":\"https:\/\/www.fizzyvape.eu\/it\/#\/schema\/logo\/image\/\"}}]}<\/script>\n<meta property=\"og:availability\" content=\"out of stock\" \/>\n<meta property=\"product:availability\" content=\"out of stock\" \/>\n<meta property=\"product:condition\" content=\"new\" \/>\n<!-- \/ Yoast SEO Premium plugin. -->","yoast_head_json":{"title":"Commercio all \u201cingrosso Vape EU: 60K Puffs 6in1 usa e getta | Sconto all\u201d ingrosso","description":"Vape EU all \u201cingrosso - Fizzy Max III 6in1: 60000 boccate, 6 gusti, vapes ricaricabili usa e getta. Risparmi all\u201d ingrosso su dispositivi da 60 ml e Type-C. Stock UE. Ordina ora!","robots":{"index":"index","follow":"follow","max-snippet":"max-snippet:-1","max-image-preview":"max-image-preview:large","max-video-preview":"max-video-preview:-1"},"canonical":"https:\/\/fizzyvape.eu\/it\/prodotto\/fizzy-max-iii-6in1-60k-60000-puffs-vape-ricaricabile-usa-e-getta-60-pezzi\/","og_locale":"it_IT","og_type":"article","og_title":"Fizzy Max III 6in1 60K 60000 Puffs Vape ricaricabile usa e getta - 60 pezzi","og_description":"Vape EU all \u201cingrosso - Fizzy Max III 6in1: 60000 boccate, 6 gusti, vapes ricaricabili usa e getta. Risparmi all\u201d ingrosso su dispositivi da 60 ml e Type-C. Stock UE. Ordina ora!","og_url":"https:\/\/fizzyvape.eu\/it\/prodotto\/fizzy-max-iii-6in1-60k-60000-puffs-vape-ricaricabile-usa-e-getta-60-pezzi\/","og_site_name":"fizzyvape.eu","og_image":[{"width":800,"height":800,"url":"https:\/\/fizzyvape.eu\/wp-content\/uploads\/2025\/06\/Fizzy-Max-60000-Puffs-60pcs.webp","type":"image\/webp"}],"twitter_card":"summary_large_image","twitter_misc":{"Disponibilit\u00e0":"Esaurito"},"schema":{"@context":"https:\/\/schema.org","@graph":[{"@type":"WebPage","@id":"https:\/\/fizzyvape.eu\/it\/prodotto\/fizzy-max-iii-6in1-60k-60000-puffs-vape-ricaricabile-usa-e-getta-60-pezzi\/","url":"https:\/\/fizzyvape.eu\/it\/prodotto\/fizzy-max-iii-6in1-60k-60000-puffs-vape-ricaricabile-usa-e-getta-60-pezzi\/","name":"Commercio all \u201cingrosso Vape EU: 60K Puffs 6in1 usa e getta | Sconto all\u201d ingrosso","isPartOf":{"@id":"https:\/\/www.fizzyvape.eu\/it\/#website"},"primaryImageOfPage":{"@id":"https:\/\/fizzyvape.eu\/it\/prodotto\/fizzy-max-iii-6in1-60k-60000-puffs-vape-ricaricabile-usa-e-getta-60-pezzi\/#primaryimage"},"image":{"@id":"https:\/\/fizzyvape.eu\/it\/prodotto\/fizzy-max-iii-6in1-60k-60000-puffs-vape-ricaricabile-usa-e-getta-60-pezzi\/#primaryimage"},"thumbnailUrl":"https:\/\/fizzyvape.eu\/wp-content\/uploads\/2025\/06\/Fizzy-Max-60000-Puffs-60pcs.webp","datePublished":"2025-06-09T05:55:05+00:00","description":"Vape EU all \u201cingrosso - Fizzy Max III 6in1: 60000 boccate, 6 gusti, vapes ricaricabili usa e getta. Risparmi all\u201d ingrosso su dispositivi da 60 ml e Type-C. Stock UE. Ordina ora!","breadcrumb":{"@id":"https:\/\/fizzyvape.eu\/it\/prodotto\/fizzy-max-iii-6in1-60k-60000-puffs-vape-ricaricabile-usa-e-getta-60-pezzi\/#breadcrumb"},"inLanguage":"it-IT","potentialAction":[{"@type":"ReadAction","target":["https:\/\/fizzyvape.eu\/it\/prodotto\/fizzy-max-iii-6in1-60k-60000-puffs-vape-ricaricabile-usa-e-getta-60-pezzi\/"]}]},{"@type":"ImageObject","inLanguage":"it-IT","@id":"https:\/\/fizzyvape.eu\/it\/prodotto\/fizzy-max-iii-6in1-60k-60000-puffs-vape-ricaricabile-usa-e-getta-60-pezzi\/#primaryimage","url":"https:\/\/fizzyvape.eu\/wp-content\/uploads\/2025\/06\/Fizzy-Max-60000-Puffs-60pcs.webp","contentUrl":"https:\/\/fizzyvape.eu\/wp-content\/uploads\/2025\/06\/Fizzy-Max-60000-Puffs-60pcs.webp","width":800,"height":800},{"@type":"BreadcrumbList","@id":"https:\/\/fizzyvape.eu\/it\/prodotto\/fizzy-max-iii-6in1-60k-60000-puffs-vape-ricaricabile-usa-e-getta-60-pezzi\/#breadcrumb","itemListElement":[{"@type":"ListItem","position":1,"name":"Home","item":"https:\/\/fizzyvape.eu\/it\/"},{"@type":"ListItem","position":2,"name":"Negozio","item":"https:\/\/www.fizzyvape.eu\/it\/negozio\/"},{"@type":"ListItem","position":3,"name":"Fizzy Max III 6in1 60K 60000 Puffs Vape ricaricabile usa e getta &#8211; 60 pezzi"}]},{"@type":"WebSite","@id":"https:\/\/www.fizzyvape.eu\/it\/#website","url":"https:\/\/www.fizzyvape.eu\/it\/","name":"fizzyvape.eu","description":"Refreshing Vapes. Unforgettable Taste.","publisher":{"@id":"https:\/\/www.fizzyvape.eu\/it\/#organization"},"potentialAction":[{"@type":"SearchAction","target":{"@type":"EntryPoint","urlTemplate":"https:\/\/www.fizzyvape.eu\/it\/?s={search_term_string}"},"query-input":{"@type":"PropertyValueSpecification","valueRequired":true,"valueName":"search_term_string"}}],"inLanguage":"it-IT"},{"@type":"Organization","@id":"https:\/\/www.fizzyvape.eu\/it\/#organization","name":"fizzyvape.eu","url":"https:\/\/www.fizzyvape.eu\/it\/","logo":{"@type":"ImageObject","inLanguage":"it-IT","@id":"https:\/\/www.fizzyvape.eu\/it\/#\/schema\/logo\/image\/","url":"https:\/\/fizzyvape.eu\/wp-content\/uploads\/2019\/06\/print-1.svg","contentUrl":"https:\/\/fizzyvape.eu\/wp-content\/uploads\/2019\/06\/print-1.svg","width":124,"height":37,"caption":"fizzyvape.eu"},"image":{"@id":"https:\/\/www.fizzyvape.eu\/it\/#\/schema\/logo\/image\/"}}]},"og_availability":"out of stock","product_availability":"out of stock","product_condition":"new"},"tiered_pricing_type":"fixed","tiered_pricing_fixed_rules":[],"tiered_pricing_product_settings":{"layout":"default","base_unit_name":{"singular":null,"plural":null},"default_variation":null},"tiered_pricing_minimum_quantity":null,"tiered_pricing_roles_data":[],"tiered_pricing_percentage_rules":[],"tiered_pricing_maximum_quantity":null,"tiered_pricing_quantity_step":null,"_links":{"self":[{"href":"https:\/\/fizzyvape.eu\/it\/wp-json\/wp\/v2\/product\/33148","targetHints":{"allow":["GET"]}}],"collection":[{"href":"https:\/\/fizzyvape.eu\/it\/wp-json\/wp\/v2\/product"}],"about":[{"href":"https:\/\/fizzyvape.eu\/it\/wp-json\/wp\/v2\/types\/product"}],"replies":[{"embeddable":true,"href":"https:\/\/fizzyvape.eu\/it\/wp-json\/wp\/v2\/comments?post=33148"}],"version-history":[{"count":0,"href":"https:\/\/fizzyvape.eu\/it\/wp-json\/wp\/v2\/product\/33148\/revisions"}],"wp:featuredmedia":[{"embeddable":true,"href":"https:\/\/fizzyvape.eu\/it\/wp-json\/wp\/v2\/media\/32508"}],"wp:attachment":[{"href":"https:\/\/fizzyvape.eu\/it\/wp-json\/wp\/v2\/media?parent=33148"}],"wp:term":[{"taxonomy":"product_brand","embeddable":true,"href":"https:\/\/fizzyvape.eu\/it\/wp-json\/wp\/v2\/product_brand?post=33148"},{"taxonomy":"product_cat","embeddable":true,"href":"https:\/\/fizzyvape.eu\/it\/wp-json\/wp\/v2\/product_cat?post=33148"},{"taxonomy":"product_tag","embeddable":true,"href":"https:\/\/fizzyvape.eu\/it\/wp-json\/wp\/v2\/product_tag?post=33148"}],"curies":[{"name":"wp","href":"https:\/\/api.w.org\/{rel}","templated":true}]}}