{"id":33260,"date":"2025-06-11T10:33:48","date_gmt":"2025-06-11T02:33:48","guid":{"rendered":"https:\/\/fizzyvape.eu\/product\/fizzy-max-iii-6in1-60k-60000-boccate-vape-ricaricabile-usa-e-getta-fragola-kiwi-mirtillo-ghiaccio-anguria-ghiaccio-10-pz\/"},"modified":"2025-06-11T10:33:48","modified_gmt":"2025-06-11T02:33:48","slug":"fizzy-max-iii-6in1-60k-60000-boccate-vape-ricaricabile-usa-e-getta-fragola-kiwi-mirtillo-ghiaccio-anguria-ghiaccio-10-pz","status":"publish","type":"product","link":"https:\/\/fizzyvape.eu\/it\/prodotto\/fizzy-max-iii-6in1-60k-60000-boccate-vape-ricaricabile-usa-e-getta-fragola-kiwi-mirtillo-ghiaccio-anguria-ghiaccio-10-pz\/","title":{"rendered":"Fizzy Max III 6in1 60K 60000 boccate Vape ricaricabile usa e getta &#8211; Fragola Kiwi &amp; Mirtillo Ghiaccio &amp; Anguria Ghiaccio &#8211; 10 pz."},"content":{"rendered":"<h1><img decoding=\"async\" class=\"aligncenter\" src=\"https:\/\/fizzyvape.eu\/wp-content\/uploads\/2025\/06\/Fizzy-Max-III-6in1-60K-60000-Puffs-6-1.webp\" alt=\"Fizzy Max III 60000 boccate 6in1 usa e getta (5)\"><\/h1>\n<h1><strong>Fizzy Max III 6in1 60K 60000 Puffs Vape ricaricabile usa e getta<\/strong><\/h1>\n<p><strong>Ghiaccio alla fragola, al kiwi, al mirtillo e all&#8217;anguria &#8211; Confezione da 10 pezzi<\/strong><\/p>\n<h2><strong>Un solo dispositivo. Sei gusti. 60.000 boccate di vaping premium.  <\/strong><\/h2>\n<p>Prova il futuro del vaping usa e getta con Fizzy Max III 6in1, un potente dispositivo all-in-one che offre 60.000 boccate e 6 esperienze di gusto uniche da sole 3 cialde. Nessuna ricarica, nessun cambio, nessun compromesso. <\/p>\n<p>Combinando un \u201cingegneria all\u201d avanguardia con la pura soddisfazione del vaping, questo dispositivo ricaricabile \u00e8 costruito per gli utenti che desiderano variet\u00e0, convenienza e prestazioni in un unico pacchetto elegante.<\/p>\n<p>Scopri un mondo di rinfrescanti miscele fruttate con <strong>Fizzy Max III 6in1<\/strong>, un vape usa e getta di nuova generazione che offre <strong>sei esperienze di gusto uniche<\/strong> da sole <strong>tre cialde<\/strong>: <strong>Fragola Kiwi<\/strong>, <strong>Mirtillo Ghiaccio<\/strong> e <strong>Anguria Ghiaccio<\/strong>. Grazie al suo sistema di rotazione intelligente, questo dispositivo offre una variet\u00e0, una potenza e un sapore imbattibili senza dover cambiare cartuccia. <\/p>\n<h4><strong>Modalit\u00e0 di sapore:<\/strong><\/h4>\n<ul>\n<li><strong>Fragola Kiwi (A)<\/strong> &#8211; Un mix dolce e saporito di fragole mature e kiwi tropicale.<\/li>\n<li><strong>Ghiaccio al mirtillo (B)<\/strong> &#8211; Una botta di mirtilli succosi e un finale fresco.<\/li>\n<li><strong>Anguria ghiacciata (C)<\/strong> &#8211; Rinfrescante anguria abbinata a freschezza ghiacciata.<\/li>\n<li><strong>Mix AB<\/strong> &#8211; Una fusione ghiacciata di frutti di bosco e kiwi con un tocco di vivacit\u00e0<\/li>\n<li><strong>Mix BC<\/strong> &#8211; Una fresca miscela di frutti di bosco e melone dal sapore ghiacciato.<\/li>\n<li><strong>Mix CA<\/strong> &#8211; Anguria ghiacciata alla fragola con note tropicali<\/li>\n<\/ul>\n<p><strong>Sollevando e ruotando il bocchino<\/strong>, \u00e8 possibile alternare gli aromi senza sforzo in questo ordine:<br \/>\n<strong>A \u2192 Miscela AB \u2192 B \u2192 Miscela BC \u2192 C \u2192 Miscela CA<\/strong><\/p>\n<p>Con una semplice rotazione del bocchino, potrai scegliere tra tutti e sei i gusti possibili. Goditi la massima comodit\u00e0 del sistema 6-in-1. Sei curioso? Guarda il nostro <a href=\"https:\/\/www.youtube.com\/watch?v=CoxB_HvaU3k\">video<\/a> dimostrativo.   <\/p>\n<h3>Caratteristiche principali<\/h3>\n<ul>\n<li><strong>60.000 boccate<\/strong><br \/>\nCapacit\u00e0 enorme con 60 ml di e-liquid e bobina a rete per prestazioni costanti e durature.<\/li>\n<li><strong>6 Gusti in 1 Dispositivo<\/strong><br \/>\nTre cialde monogusto (Fragola Kiwi, Mirtillo Ghiaccio, Anguria Ghiaccio) + tre modalit\u00e0 di miscelazione = sei esperienze di gusto.<\/li>\n<li><strong>Sistema di rotazione intelligente<\/strong><br \/>\nCambia facilmente aroma sollevando e ruotando il bocchino. Sequenza: A \u2192 Mix AB \u2192 B \u2192 Mix BC \u2192 C \u2192 Mix CA. <\/li>\n<li><strong>Ricaricabile tramite USB-C<\/strong><br \/>\nBatteria integrata da 850 mAh con ricarica rapida Type-C. Pi\u00f9 sostenibile dei tradizionali prodotti usa e getta. <\/li>\n<li><strong>Display LED<\/strong><br \/>\nVisualizza il livello della batteria e la modalit\u00e0 di aromatizzazione corrente per un facile controllo.<\/li>\n<li><strong>Grande capacit\u00e0 di E-liquid<\/strong><br \/>\n60mL totali (3 \u00d7 cialde da 20mL) assicura boccate ricche e saporite fino all&#8217;ultima estrazione.<\/li>\n<li><strong>Opzioni di gradazione di nicotina<\/strong><br \/>\nDisponibile con nicotina al 2% o al 5% per soddisfare le tue preferenze.<\/li>\n<\/ul>\n<h3><strong>Fizzy Max III 6in1 60000 Puffs usa e getta Elenco dei gusti di svapo:<\/strong><\/h3>\n<ol>\n<li><a href=\"https:\/\/fizzyvape.eu\/it\/prodotto\/fizzy-max-iii-6in1-60k-60000-boccate-vape-ricaricabile-usa-e-getta-fragola-lampone-pesca-mango-anguria-mirtillo-10-pezzi\/\">Fragola Lampone e Mango Pesca e Mirtillo Anguria<\/a><\/li>\n<li><a href=\"https:\/\/fizzyvape.eu\/it\/prodotto\/fizzy-max-iii-6in1-60k-60000-boccate-vape-ricaricabile-usa-e-getta-frutti-di-bosco-misti-e-kiwi-frutto-della-passione-guava-e-fragola-anguria-10-pezzi\/\">Frutti misti e kiwi Frutto della passione Guava e fragola Anguria<\/a><\/li>\n<li><a href=\"https:\/\/fizzyvape.eu\/it\/prodotto\/fizzy-max-iii-6in1-60k-60000-boccate-vape-ricaricabile-usa-e-getta-mirtillo-lampone-triplo-melone-fragola-ghiaccio-10-pz\/\">Mirtillo, lampone, triplo melone e fragola<\/a><\/li>\n<li><a href=\"https:\/\/fizzyvape.eu\/it\/prodotto\/fizzy-max-iii-6in1-60k-60000-boccate-vape-ricaricabile-usa-e-getta-fragola-frutto-del-drago-red-bull-lampone-e-anguria-10-pz\/\">Frutto del drago alla fragola e Red Bull e anguria al lampone<\/a><\/li>\n<li><a href=\"https:\/\/fizzyvape.eu\/it\/prodotto\/fizzy-max-iii-6in1-60k-60000-boccate-vape-ricaricabile-usa-e-getta-fragola-kiwi-mirtillo-ghiaccio-anguria-ghiaccio-10-pz\/\">Ghiaccio alla fragola, al kiwi e al mirtillo e Ghiaccio all&#8217;anguria<\/a><\/li>\n<li><a href=\"https:\/\/fizzyvape.eu\/it\/prodotto\/fizzy-max-iii-6in1-60k-60000-boccate-vape-ricaricabile-usa-e-getta-blueberry-ice-fizzy-cherry-raspberry-lemon-10-pezzi\/\">Ghiaccio al mirtillo, ciliegia frizzante e lampone al limone<\/a><\/li>\n<li><a href=\"https:\/\/fizzyvape.eu\/it\/prodotto\/fizzy-max-iii-6in1-60k-60000-getti-ricaricabile-usa-e-getta-ghiaccio-allanguria-coca-cola-alla-vaniglia-e-frutti-di-bosco-10-pz\/\">Ghiaccio all&#8217;anguria e fragola, Coca Cola alla vaniglia e Misto<\/a><\/li>\n<li><a href=\"https:\/\/fizzyvape.eu\/it\/prodotto\/fizzy-max-iii-6in1-60k-60000-boccate-vape-ricaricabile-usa-e-getta-uva-fragola-e-mirtillo-cocco-e-pesca-limone-10-pz\/\">Uva fragola e mirtillo Cocco e pesca limone<\/a><\/li>\n<li><a href=\"https:\/\/fizzyvape.eu\/it\/prodotto\/fizzy-max-iii-6in1-60k-60000-boccate-vape-ricaricabile-usa-e-getta-blue-razz-ice-strawberry-kiwi-sour-pineappe-orange-10-pezzi\/\">Blue Razz Ice &amp; Strawberry Kiwi &amp; Sour Pineapple Orange<\/a><\/li>\n<li><a href=\"https:\/\/fizzyvape.eu\/it\/prodotto\/fizzy-max-iii-6in1-60k-60000-boccate-vape-ricaricabile-usa-e-getta-fragola-anguria-limone-lime-e-mirtillo-cocco-10-pz\/\">Anguria alla fragola, limone, lime e mirtillo al cocco<\/a><\/li>\n<\/ol>\n<h2><strong>Svapa a modo tuo: Compatibile con MTL o DL<\/strong><\/h2>\n<ul>\n<li><strong>Aroma singolo (modalit\u00e0 MTL):<\/strong> Svapo stretto per gli inalatori bocca a bocca che preferiscono un vaping pi\u00f9 morbido e classico.<\/li>\n<li><strong>Modalit\u00e0 Mix (Modalit\u00e0 DL):<\/strong> Flusso d&#8217;aria maggiore e sapore stratificato per gli utenti con polmone diretto che desiderano nuvole pi\u00f9 consistenti e hit pi\u00f9 profondi.<\/li>\n<\/ul>\n<h3><strong>Perch\u00e9 scegliere Fizzy Max III 6in1?<\/strong><\/h3>\n<ul>\n<li>Un numero enorme di boccate e una lunga durata: fino a 60.000 boccate per ogni dispositivo.<\/li>\n<li>Sistema intelligente a 6 gusti con rotazione istantanea &#8211; nessun disordine, nessuna seccatura<\/li>\n<li>Ricaricabile tramite USB Type-C &#8211; efficiente ed eco-consapevole<\/li>\n<li>Display a LED per l&#8217;indicazione della batteria e della modalit\u00e0 &#8211; sempre sotto controllo<\/li>\n<li>Compatto e a prova di perdite &#8211; progettato per la portabilit\u00e0 e la praticit\u00e0<\/li>\n<li>Spedito rapidamente dal nostro magazzino europeo &#8211; senza ritardi doganali<\/li>\n<\/ul>\n<h3><strong>FAQ &#8211; Fizzy Max III 6in1 60K Vape usa e getta<\/strong><\/h3>\n<p><strong>1. Quanti soffi offre?<\/strong><br \/>\nFino a 60.000 boccate, alimentata da 60 ml di e-liquid, una bobina a rete e una batteria ricaricabile da 850 mAh.<\/p>\n<p><strong>2. MTL e DL sono compatibili?<\/strong><br \/>\nS\u00ec, usa la modalit\u00e0 Single-Flavor per un tiro liscio in MTL o la modalit\u00e0 Mix per un vaping DL audace e pieno di nuvole.<\/p>\n<p><strong>3. \u00c8 ricaricabile?<\/strong><br \/>\nS\u00ec, \u00e8 dotato di una batteria integrata da 850 mAh e supporta la ricarica rapida Type-C per ridurre al minimo i tempi di inattivit\u00e0.<\/p>\n","protected":false},"excerpt":{"rendered":"<p>Prova 6 aromi in un elegante dispositivo di svapo. Il Fizzy Max III eroga fino a 60.000 boccate, \u00e8 dotato di una batteria ricaricabile da 850 mAh, 60 ml di e-liquid premium, un display a LED e una rapida commutazione degli aromi con rotazione intelligente. Disponibile con nicotina al 2% o al 5%.  <\/p>\n","protected":false},"featured_media":32445,"comment_status":"open","ping_status":"closed","template":"","meta":{"iawp_total_views":2},"product_brand":[],"product_cat":[591],"product_tag":[605,602,604,603],"class_list":{"0":"post-33260","1":"product","2":"type-product","3":"status-publish","4":"has-post-thumbnail","6":"product_cat-max-iii-6in1-60k-60000-puffs-sigaretta-elettronica-usa-e-getta-it","7":"product_tag-6-gusti-in-1-dispositivo","8":"product_tag-60000-bigne","9":"product_tag-ricaricabile","10":"product_tag-vape-usa-e-getta","12":"first","13":"outofstock","14":"sale","15":"shipping-taxable","16":"purchasable","17":"product-type-variable"},"yoast_head":"<!-- This site is optimized with the Yoast SEO Premium plugin v24.8 (Yoast SEO v24.8) - https:\/\/yoast.com\/wordpress\/plugins\/seo\/ -->\n<title>Batteria 850mAh per svapare - Fizzy Max III 6in1 60K 60000 boccate<\/title>\n<meta name=\"description\" content=\"Vape ricaricabile con batteria da 850mAh, 60K 60000 boccate, 6 aromi in 1 Vape usa e getta e ricarica USB-C - Fizzy Max III 6in1\" \/>\n<meta name=\"robots\" content=\"index, follow, max-snippet:-1, max-image-preview:large, max-video-preview:-1\" \/>\n<link rel=\"canonical\" href=\"https:\/\/fizzyvape.eu\/it\/prodotto\/fizzy-max-iii-6in1-60k-60000-boccate-vape-ricaricabile-usa-e-getta-fragola-kiwi-mirtillo-ghiaccio-anguria-ghiaccio-10-pz\/\" \/>\n<meta property=\"og:locale\" content=\"it_IT\" \/>\n<meta property=\"og:type\" content=\"article\" \/>\n<meta property=\"og:title\" content=\"Fizzy Max III 6in1 60K 60000 boccate Vape ricaricabile usa e getta - Fragola Kiwi &amp; Mirtillo Ghiaccio &amp; Anguria Ghiaccio - 10 pz.\" \/>\n<meta property=\"og:description\" content=\"Vape ricaricabile con batteria da 850mAh, 60K 60000 boccate, 6 aromi in 1 Vape usa e getta e ricarica USB-C - Fizzy Max III 6in1\" \/>\n<meta property=\"og:url\" content=\"https:\/\/fizzyvape.eu\/it\/prodotto\/fizzy-max-iii-6in1-60k-60000-boccate-vape-ricaricabile-usa-e-getta-fragola-kiwi-mirtillo-ghiaccio-anguria-ghiaccio-10-pz\/\" \/>\n<meta property=\"og:site_name\" content=\"fizzyvape.eu\" \/>\n<meta property=\"og:image\" content=\"https:\/\/fizzyvape.eu\/wp-content\/uploads\/2025\/06\/Fizzy-Max-60000-Puffs-05.webp\" \/>\n\t<meta property=\"og:image:width\" content=\"800\" \/>\n\t<meta property=\"og:image:height\" content=\"800\" \/>\n\t<meta property=\"og:image:type\" content=\"image\/webp\" \/>\n<meta name=\"twitter:card\" content=\"summary_large_image\" \/>\n<meta name=\"twitter:label1\" content=\"Disponibilit\u00e0\" \/>\n\t<meta name=\"twitter:data1\" content=\"Esaurito\" \/>\n<script type=\"application\/ld+json\" class=\"yoast-schema-graph\">{\"@context\":\"https:\/\/schema.org\",\"@graph\":[{\"@type\":\"WebPage\",\"@id\":\"https:\/\/fizzyvape.eu\/it\/prodotto\/fizzy-max-iii-6in1-60k-60000-boccate-vape-ricaricabile-usa-e-getta-fragola-kiwi-mirtillo-ghiaccio-anguria-ghiaccio-10-pz\/\",\"url\":\"https:\/\/fizzyvape.eu\/it\/prodotto\/fizzy-max-iii-6in1-60k-60000-boccate-vape-ricaricabile-usa-e-getta-fragola-kiwi-mirtillo-ghiaccio-anguria-ghiaccio-10-pz\/\",\"name\":\"Batteria 850mAh per svapare - Fizzy Max III 6in1 60K 60000 boccate\",\"isPartOf\":{\"@id\":\"https:\/\/www.fizzyvape.eu\/it\/#website\"},\"primaryImageOfPage\":{\"@id\":\"https:\/\/fizzyvape.eu\/it\/prodotto\/fizzy-max-iii-6in1-60k-60000-boccate-vape-ricaricabile-usa-e-getta-fragola-kiwi-mirtillo-ghiaccio-anguria-ghiaccio-10-pz\/#primaryimage\"},\"image\":{\"@id\":\"https:\/\/fizzyvape.eu\/it\/prodotto\/fizzy-max-iii-6in1-60k-60000-boccate-vape-ricaricabile-usa-e-getta-fragola-kiwi-mirtillo-ghiaccio-anguria-ghiaccio-10-pz\/#primaryimage\"},\"thumbnailUrl\":\"https:\/\/fizzyvape.eu\/wp-content\/uploads\/2025\/06\/Fizzy-Max-60000-Puffs-05.webp\",\"datePublished\":\"2025-06-11T02:33:48+00:00\",\"description\":\"Vape ricaricabile con batteria da 850mAh, 60K 60000 boccate, 6 aromi in 1 Vape usa e getta e ricarica USB-C - Fizzy Max III 6in1\",\"breadcrumb\":{\"@id\":\"https:\/\/fizzyvape.eu\/it\/prodotto\/fizzy-max-iii-6in1-60k-60000-boccate-vape-ricaricabile-usa-e-getta-fragola-kiwi-mirtillo-ghiaccio-anguria-ghiaccio-10-pz\/#breadcrumb\"},\"inLanguage\":\"it-IT\",\"potentialAction\":[{\"@type\":\"ReadAction\",\"target\":[\"https:\/\/fizzyvape.eu\/it\/prodotto\/fizzy-max-iii-6in1-60k-60000-boccate-vape-ricaricabile-usa-e-getta-fragola-kiwi-mirtillo-ghiaccio-anguria-ghiaccio-10-pz\/\"]}]},{\"@type\":\"ImageObject\",\"inLanguage\":\"it-IT\",\"@id\":\"https:\/\/fizzyvape.eu\/it\/prodotto\/fizzy-max-iii-6in1-60k-60000-boccate-vape-ricaricabile-usa-e-getta-fragola-kiwi-mirtillo-ghiaccio-anguria-ghiaccio-10-pz\/#primaryimage\",\"url\":\"https:\/\/fizzyvape.eu\/wp-content\/uploads\/2025\/06\/Fizzy-Max-60000-Puffs-05.webp\",\"contentUrl\":\"https:\/\/fizzyvape.eu\/wp-content\/uploads\/2025\/06\/Fizzy-Max-60000-Puffs-05.webp\",\"width\":800,\"height\":800},{\"@type\":\"BreadcrumbList\",\"@id\":\"https:\/\/fizzyvape.eu\/it\/prodotto\/fizzy-max-iii-6in1-60k-60000-boccate-vape-ricaricabile-usa-e-getta-fragola-kiwi-mirtillo-ghiaccio-anguria-ghiaccio-10-pz\/#breadcrumb\",\"itemListElement\":[{\"@type\":\"ListItem\",\"position\":1,\"name\":\"Home\",\"item\":\"https:\/\/fizzyvape.eu\/it\/\"},{\"@type\":\"ListItem\",\"position\":2,\"name\":\"Negozio\",\"item\":\"https:\/\/www.fizzyvape.eu\/it\/negozio\/\"},{\"@type\":\"ListItem\",\"position\":3,\"name\":\"Fizzy Max III 6in1 60K 60000 boccate Vape ricaricabile usa e getta &#8211; Fragola Kiwi &amp; Mirtillo Ghiaccio &amp; Anguria Ghiaccio &#8211; 10 pz.\"}]},{\"@type\":\"WebSite\",\"@id\":\"https:\/\/www.fizzyvape.eu\/it\/#website\",\"url\":\"https:\/\/www.fizzyvape.eu\/it\/\",\"name\":\"fizzyvape.eu\",\"description\":\"Refreshing Vapes. Unforgettable Taste.\",\"publisher\":{\"@id\":\"https:\/\/www.fizzyvape.eu\/it\/#organization\"},\"potentialAction\":[{\"@type\":\"SearchAction\",\"target\":{\"@type\":\"EntryPoint\",\"urlTemplate\":\"https:\/\/www.fizzyvape.eu\/it\/?s={search_term_string}\"},\"query-input\":{\"@type\":\"PropertyValueSpecification\",\"valueRequired\":true,\"valueName\":\"search_term_string\"}}],\"inLanguage\":\"it-IT\"},{\"@type\":\"Organization\",\"@id\":\"https:\/\/www.fizzyvape.eu\/it\/#organization\",\"name\":\"fizzyvape.eu\",\"url\":\"https:\/\/www.fizzyvape.eu\/it\/\",\"logo\":{\"@type\":\"ImageObject\",\"inLanguage\":\"it-IT\",\"@id\":\"https:\/\/www.fizzyvape.eu\/it\/#\/schema\/logo\/image\/\",\"url\":\"https:\/\/fizzyvape.eu\/wp-content\/uploads\/2019\/06\/print-1.svg\",\"contentUrl\":\"https:\/\/fizzyvape.eu\/wp-content\/uploads\/2019\/06\/print-1.svg\",\"width\":124,\"height\":37,\"caption\":\"fizzyvape.eu\"},\"image\":{\"@id\":\"https:\/\/www.fizzyvape.eu\/it\/#\/schema\/logo\/image\/\"}}]}<\/script>\n<meta property=\"og:availability\" content=\"out of stock\" \/>\n<meta property=\"product:availability\" content=\"out of stock\" \/>\n<meta property=\"product:condition\" content=\"new\" \/>\n<!-- \/ Yoast SEO Premium plugin. -->","yoast_head_json":{"title":"Batteria 850mAh per svapare - Fizzy Max III 6in1 60K 60000 boccate","description":"Vape ricaricabile con batteria da 850mAh, 60K 60000 boccate, 6 aromi in 1 Vape usa e getta e ricarica USB-C - Fizzy Max III 6in1","robots":{"index":"index","follow":"follow","max-snippet":"max-snippet:-1","max-image-preview":"max-image-preview:large","max-video-preview":"max-video-preview:-1"},"canonical":"https:\/\/fizzyvape.eu\/it\/prodotto\/fizzy-max-iii-6in1-60k-60000-boccate-vape-ricaricabile-usa-e-getta-fragola-kiwi-mirtillo-ghiaccio-anguria-ghiaccio-10-pz\/","og_locale":"it_IT","og_type":"article","og_title":"Fizzy Max III 6in1 60K 60000 boccate Vape ricaricabile usa e getta - Fragola Kiwi &amp; Mirtillo Ghiaccio &amp; Anguria Ghiaccio - 10 pz.","og_description":"Vape ricaricabile con batteria da 850mAh, 60K 60000 boccate, 6 aromi in 1 Vape usa e getta e ricarica USB-C - Fizzy Max III 6in1","og_url":"https:\/\/fizzyvape.eu\/it\/prodotto\/fizzy-max-iii-6in1-60k-60000-boccate-vape-ricaricabile-usa-e-getta-fragola-kiwi-mirtillo-ghiaccio-anguria-ghiaccio-10-pz\/","og_site_name":"fizzyvape.eu","og_image":[{"width":800,"height":800,"url":"https:\/\/fizzyvape.eu\/wp-content\/uploads\/2025\/06\/Fizzy-Max-60000-Puffs-05.webp","type":"image\/webp"}],"twitter_card":"summary_large_image","twitter_misc":{"Disponibilit\u00e0":"Esaurito"},"schema":{"@context":"https:\/\/schema.org","@graph":[{"@type":"WebPage","@id":"https:\/\/fizzyvape.eu\/it\/prodotto\/fizzy-max-iii-6in1-60k-60000-boccate-vape-ricaricabile-usa-e-getta-fragola-kiwi-mirtillo-ghiaccio-anguria-ghiaccio-10-pz\/","url":"https:\/\/fizzyvape.eu\/it\/prodotto\/fizzy-max-iii-6in1-60k-60000-boccate-vape-ricaricabile-usa-e-getta-fragola-kiwi-mirtillo-ghiaccio-anguria-ghiaccio-10-pz\/","name":"Batteria 850mAh per svapare - Fizzy Max III 6in1 60K 60000 boccate","isPartOf":{"@id":"https:\/\/www.fizzyvape.eu\/it\/#website"},"primaryImageOfPage":{"@id":"https:\/\/fizzyvape.eu\/it\/prodotto\/fizzy-max-iii-6in1-60k-60000-boccate-vape-ricaricabile-usa-e-getta-fragola-kiwi-mirtillo-ghiaccio-anguria-ghiaccio-10-pz\/#primaryimage"},"image":{"@id":"https:\/\/fizzyvape.eu\/it\/prodotto\/fizzy-max-iii-6in1-60k-60000-boccate-vape-ricaricabile-usa-e-getta-fragola-kiwi-mirtillo-ghiaccio-anguria-ghiaccio-10-pz\/#primaryimage"},"thumbnailUrl":"https:\/\/fizzyvape.eu\/wp-content\/uploads\/2025\/06\/Fizzy-Max-60000-Puffs-05.webp","datePublished":"2025-06-11T02:33:48+00:00","description":"Vape ricaricabile con batteria da 850mAh, 60K 60000 boccate, 6 aromi in 1 Vape usa e getta e ricarica USB-C - Fizzy Max III 6in1","breadcrumb":{"@id":"https:\/\/fizzyvape.eu\/it\/prodotto\/fizzy-max-iii-6in1-60k-60000-boccate-vape-ricaricabile-usa-e-getta-fragola-kiwi-mirtillo-ghiaccio-anguria-ghiaccio-10-pz\/#breadcrumb"},"inLanguage":"it-IT","potentialAction":[{"@type":"ReadAction","target":["https:\/\/fizzyvape.eu\/it\/prodotto\/fizzy-max-iii-6in1-60k-60000-boccate-vape-ricaricabile-usa-e-getta-fragola-kiwi-mirtillo-ghiaccio-anguria-ghiaccio-10-pz\/"]}]},{"@type":"ImageObject","inLanguage":"it-IT","@id":"https:\/\/fizzyvape.eu\/it\/prodotto\/fizzy-max-iii-6in1-60k-60000-boccate-vape-ricaricabile-usa-e-getta-fragola-kiwi-mirtillo-ghiaccio-anguria-ghiaccio-10-pz\/#primaryimage","url":"https:\/\/fizzyvape.eu\/wp-content\/uploads\/2025\/06\/Fizzy-Max-60000-Puffs-05.webp","contentUrl":"https:\/\/fizzyvape.eu\/wp-content\/uploads\/2025\/06\/Fizzy-Max-60000-Puffs-05.webp","width":800,"height":800},{"@type":"BreadcrumbList","@id":"https:\/\/fizzyvape.eu\/it\/prodotto\/fizzy-max-iii-6in1-60k-60000-boccate-vape-ricaricabile-usa-e-getta-fragola-kiwi-mirtillo-ghiaccio-anguria-ghiaccio-10-pz\/#breadcrumb","itemListElement":[{"@type":"ListItem","position":1,"name":"Home","item":"https:\/\/fizzyvape.eu\/it\/"},{"@type":"ListItem","position":2,"name":"Negozio","item":"https:\/\/www.fizzyvape.eu\/it\/negozio\/"},{"@type":"ListItem","position":3,"name":"Fizzy Max III 6in1 60K 60000 boccate Vape ricaricabile usa e getta &#8211; Fragola Kiwi &amp; Mirtillo Ghiaccio &amp; Anguria Ghiaccio &#8211; 10 pz."}]},{"@type":"WebSite","@id":"https:\/\/www.fizzyvape.eu\/it\/#website","url":"https:\/\/www.fizzyvape.eu\/it\/","name":"fizzyvape.eu","description":"Refreshing Vapes. Unforgettable Taste.","publisher":{"@id":"https:\/\/www.fizzyvape.eu\/it\/#organization"},"potentialAction":[{"@type":"SearchAction","target":{"@type":"EntryPoint","urlTemplate":"https:\/\/www.fizzyvape.eu\/it\/?s={search_term_string}"},"query-input":{"@type":"PropertyValueSpecification","valueRequired":true,"valueName":"search_term_string"}}],"inLanguage":"it-IT"},{"@type":"Organization","@id":"https:\/\/www.fizzyvape.eu\/it\/#organization","name":"fizzyvape.eu","url":"https:\/\/www.fizzyvape.eu\/it\/","logo":{"@type":"ImageObject","inLanguage":"it-IT","@id":"https:\/\/www.fizzyvape.eu\/it\/#\/schema\/logo\/image\/","url":"https:\/\/fizzyvape.eu\/wp-content\/uploads\/2019\/06\/print-1.svg","contentUrl":"https:\/\/fizzyvape.eu\/wp-content\/uploads\/2019\/06\/print-1.svg","width":124,"height":37,"caption":"fizzyvape.eu"},"image":{"@id":"https:\/\/www.fizzyvape.eu\/it\/#\/schema\/logo\/image\/"}}]},"og_availability":"out of stock","product_availability":"out of stock","product_condition":"new"},"tiered_pricing_type":"fixed","tiered_pricing_fixed_rules":[],"tiered_pricing_product_settings":{"layout":"default","base_unit_name":{"singular":null,"plural":null},"default_variation":null},"tiered_pricing_minimum_quantity":null,"tiered_pricing_roles_data":[],"tiered_pricing_percentage_rules":[],"tiered_pricing_maximum_quantity":null,"tiered_pricing_quantity_step":null,"_links":{"self":[{"href":"https:\/\/fizzyvape.eu\/it\/wp-json\/wp\/v2\/product\/33260","targetHints":{"allow":["GET"]}}],"collection":[{"href":"https:\/\/fizzyvape.eu\/it\/wp-json\/wp\/v2\/product"}],"about":[{"href":"https:\/\/fizzyvape.eu\/it\/wp-json\/wp\/v2\/types\/product"}],"replies":[{"embeddable":true,"href":"https:\/\/fizzyvape.eu\/it\/wp-json\/wp\/v2\/comments?post=33260"}],"version-history":[{"count":0,"href":"https:\/\/fizzyvape.eu\/it\/wp-json\/wp\/v2\/product\/33260\/revisions"}],"wp:featuredmedia":[{"embeddable":true,"href":"https:\/\/fizzyvape.eu\/it\/wp-json\/wp\/v2\/media\/32445"}],"wp:attachment":[{"href":"https:\/\/fizzyvape.eu\/it\/wp-json\/wp\/v2\/media?parent=33260"}],"wp:term":[{"taxonomy":"product_brand","embeddable":true,"href":"https:\/\/fizzyvape.eu\/it\/wp-json\/wp\/v2\/product_brand?post=33260"},{"taxonomy":"product_cat","embeddable":true,"href":"https:\/\/fizzyvape.eu\/it\/wp-json\/wp\/v2\/product_cat?post=33260"},{"taxonomy":"product_tag","embeddable":true,"href":"https:\/\/fizzyvape.eu\/it\/wp-json\/wp\/v2\/product_tag?post=33260"}],"curies":[{"name":"wp","href":"https:\/\/api.w.org\/{rel}","templated":true}]}}