{"id":34369,"date":"2025-08-20T10:55:59","date_gmt":"2025-08-20T02:55:59","guid":{"rendered":"https:\/\/fizzyvape.eu\/?post_type=product&#038;p=34369"},"modified":"2025-08-29T16:09:35","modified_gmt":"2025-08-29T08:09:35","slug":"fizzy-nova-plus-40k-40000-puff-usa-e-getta-10-pezzi-tutti-i-gusti","status":"publish","type":"product","link":"https:\/\/fizzyvape.eu\/it\/prodotto\/fizzy-nova-plus-40k-40000-puff-usa-e-getta-10-pezzi-tutti-i-gusti\/","title":{"rendered":"Fizzy Nova Plus 40k 40000 puff usa e getta &#8211; 10 pezzi (tutti i gusti)"},"content":{"rendered":"<div>\n<h1>Fizzy Nova Plus 40k 40000 boccate &#8211; Vape monouso premium<\/h1>\n<p>Scopri <strong>Fizzy Nova Plus 40.000 Puffs<\/strong>, un dispositivo usa e getta di nuova generazione progettato per garantire prestazioni di lunga durata, sapori intensi e massima praticit\u00e0. Grazie alla <strong>capacit\u00e0 di 40 ml di e-liquido<\/strong>, alla <strong>tecnologia a doppia bobina<\/strong> e alle <strong>modalit\u00e0 intelligenti Eco e Turbo<\/strong>, questo dispositivo ridefinisce le prestazioni di una svapata usa e getta. <\/p>\n<p>E la parte migliore?<\/p>\n<p>\u2705 Tutti gli ordini vengono spediti <strong>direttamente dal nostro magazzino europeo<\/strong>, garantendo <strong>una consegna rapida di 2-7 giorni<\/strong> in tutta Europa.<\/p>\n<h3>Caratteristiche principali:<\/h3>\n<ul>\n<li><strong>Oltre 40.000 puff ineguagliabili<\/strong> &#8211; Goditi una soddisfazione di vaping prolungata<\/li>\n<li><strong>Capacit\u00e0 di 40 ml di liquido elettronico<\/strong>: settimane di svapo ininterrotto.<\/li>\n<li><strong>Dual Mesh Coils di nuova generazione<\/strong> &#8211; Massimo sapore e vapore denso<\/li>\n<li><strong>Doppia modalit\u00e0 di vaping<\/strong>: Eco per una maggiore durata della batteria, Turbo per un sapore pi\u00f9 intenso.<\/li>\n<li><strong>Display LED intelligente<\/strong> &#8211; Monitoraggio della batteria e dell&#8217;e-liquid in tempo reale<\/li>\n<li><strong>Ricarica rapida USB-C<\/strong> &#8211; Batteria ricaricabile da 850 mAh, completamente carica in ~2 ore<\/li>\n<li><strong>Spedizione rapida in Europa<\/strong> &#8211; 2-7 giorni lavorativi dal nostro magazzino UE<\/li>\n<\/ul>\n<h3><strong>Perch\u00e9 scegliere Fizzy Nova Plus?<\/strong><\/h3>\n<ul>\n<li><strong>Durata di vita 3 volte superiore<\/strong> &#8211; supera i vapers standard usa e getta<\/li>\n<li><strong>Costruzione Premium<\/strong> &#8211; Lega di grado aerospaziale con design ergonomico<\/li>\n<li><strong>Sviluppo del sapore da parte di esperti<\/strong> &#8211; Realizzato da specialisti del sapore di livello mondiale<\/li>\n<li><strong>Logistica UE di fiducia<\/strong> &#8211; Consegna rapida e affidabile in tutta Europa<\/li>\n<\/ul>\n<\/div>\n<div>\n<h3><strong>Opzioni di nicotina:<\/strong><\/h3>\n<ul>\n<li><strong>2% (20mg\/mL)<\/strong> &#8211; Esperienza di vaping fluida ed equilibrata<\/li>\n<li><strong>5% (50mg\/mL)<\/strong> &#8211; Colpo in gola pi\u00f9 forte, pensato per i consumatori pi\u00f9 esigenti<\/li>\n<\/ul>\n<h3>Specifiche<\/h3>\n<table style=\"height: 449px;\" width=\"1340\">\n<tbody>\n<tr>\n<td>Puff<\/td>\n<td><strong>40000+ Puff<\/strong><\/td>\n<\/tr>\n<tr>\n<td>Capacit\u00e0 del liquido elettronico<\/td>\n<td><strong>40ml<\/strong><\/td>\n<\/tr>\n<tr>\n<td>Capacit\u00e0 della batteria<\/td>\n<td><strong>850mAh<\/strong><\/td>\n<\/tr>\n<tr>\n<td>Dimensioni<\/td>\n<td><strong>52,5*24,5*104,3 mm<\/strong><\/td>\n<\/tr>\n<tr>\n<td>Usa e getta o no<\/td>\n<td><strong>Monouso<\/strong><\/td>\n<\/tr>\n<tr>\n<td>Metodo di ricarica<\/td>\n<td><strong>Cavo<\/strong><\/td>\n<\/tr>\n<tr>\n<td>Metodo di attivazione<\/td>\n<td><strong>Sensore<\/strong><\/td>\n<\/tr>\n<tr>\n<td>Materiale<\/td>\n<td><strong>PCTG<\/strong><\/td>\n<\/tr>\n<tr>\n<td>Livello di nicotina<\/td>\n<td><strong>2% (20mg\/mL) e 5% (50mg\/mL)<\/strong><\/td>\n<\/tr>\n<tr>\n<td>Aromi<\/td>\n<td><strong>12<\/strong><\/td>\n<\/tr>\n<tr>\n<td>Confezione<\/td>\n<td><strong>1 confezione<\/strong><\/td>\n<\/tr>\n<tr>\n<td>Tempo di ricarica<\/td>\n<td><strong>2 ore<\/strong><\/td>\n<\/tr>\n<tr>\n<td>Conservazione<\/td>\n<td><strong>Evita gli ambienti ad alta temperatura e conservali in un luogo fresco e asciutto.<\/strong><\/td>\n<\/tr>\n<tr>\n<td>Persone a cui \u00e8 vietato l&#8217;uso<\/td>\n<td><strong>Minori, donne in gravidanza e persone allergiche agli ingredienti del prodotto.<\/strong><\/td>\n<\/tr>\n<tr>\n<td>Attenzione<\/td>\n<td><strong>Non ingerire questa sostanza. In caso di ingestione, sciacqua la bocca accuratamente e immediatamente. Se ti senti male, rivolgiti a un medico.  <\/strong><\/td>\n<\/tr>\n<\/tbody>\n<\/table>\n<h3>Elenco dei gusti di <strong>Fizzy Nova Plus <\/strong>40000 Puffs:<\/h3>\n<ol>\n<li><a href=\"https:\/\/fizzyvape.eu\/it\/prodotto\/fizzy-nova-plus-fragola-kiwi-40000-bigne-10-pezzi\/\">Kiwi alla fragola<\/a><\/li>\n<li><a href=\"https:\/\/fizzyvape.eu\/it\/prodotto\/fizzy-nova-plus-mirtillo-ghiacciato-40000-bigne-10-pezzi\/\">Ghiaccio al mirtillo<\/a><\/li>\n<li><a href=\"https:\/\/fizzyvape.eu\/it\/prodotto\/fizzy-nova-plus-anguria-ghiacciata-40000-bigne-10-pezzi\/\">Ghiaccio all&#8217;anguria<\/a><\/li>\n<li><a href=\"https:\/\/fizzyvape.eu\/it\/prodotto\/fizzy-nova-plus-pesca-mango-anguria-40000-bigne-10-pezzi\/\">Pesca, mango e anguria<\/a><\/li>\n<li><a href=\"https:\/\/fizzyvape.eu\/it\/prodotto\/fizzy-nova-plus-kiwi-frutto-della-passione-guava-40000-bigne-10-pz\/\">Kiwi Frutto della Passione Guava<\/a><\/li>\n<li><a href=\"https:\/\/fizzyvape.eu\/it\/prodotto\/fizzy-nova-plus-lampone-limone-40000-bigne-10-pezzi\/\">Lampone e limone<\/a><\/li>\n<li><a href=\"https:\/\/fizzyvape.eu\/it\/prodotto\/fizzy-nova-plus-triple-berry-40000-bigne-10-pezzi\/\">Bacca tripla<\/a><\/li>\n<li><a href=\"https:\/\/fizzyvape.eu\/it\/prodotto\/fizzy-nova-plus-peach-ice-40000-bigne-10-pezzi\/\">Ghiaccio alla pesca<\/a><\/li>\n<li><a href=\"https:\/\/fizzyvape.eu\/it\/prodotto\/fizzy-nova-plus-uva-lime-40000-bigne-10-pezzi\/\">Uva e lime<\/a><\/li>\n<li><a href=\"https:\/\/fizzyvape.eu\/it\/prodotto\/fizzy-nova-plus-blue-razz-lemonade-40000-bigne-10-pezzi\/\">Limonata Blue Razz<\/a><\/li>\n<li><a href=\"https:\/\/fizzyvape.eu\/it\/prodotto\/fizzy-nova-plus-fragola-ghiaccio-40000-bigne-10-pezzi\/\">Ghiaccio alla fragola<\/a><\/li>\n<li><a href=\"https:\/\/fizzyvape.eu\/it\/prodotto\/fizzy-nova-plus-mirtillo-cocco-40000-bigne-10-pezzi\/\">Mirtillo e cocco<\/a><\/li>\n<\/ol>\n<h3>FAQ &#8211; Informazioni su Fizzy Nova Plus 40k 40000 Puffs Vape<\/h3>\n<p><strong>1. Quanto dura Fizzy Nova Plus?<\/strong><br \/>\nCon una durata fino a <strong>40.000 boccate<\/strong>, dura circa 3 volte di pi\u00f9 rispetto alle normali svapate usa e getta, il che la rende una delle opzioni pi\u00f9 durature sul mercato.<\/p>\n<p><strong>2. Quanto \u00e8 veloce la spedizione?<\/strong><br \/>\nTutti i prodotti vengono spediti dal nostro <strong>magazzino europeo<\/strong> con consegna in <strong>2-7 giorni a<\/strong> seconda della tua posizione.<\/p>\n<p><strong>3. Cosa lo rende diverso dagli altri vapers usa e getta?<\/strong><br \/>\nCombina un <strong>e-liquid da 40 ml<\/strong>, <strong>bobine a doppia maglia<\/strong>, <strong>doppia modalit\u00e0 intelligente<\/strong> e un <strong>display a LED<\/strong>, offrendo prestazioni e convenienza.<\/p>\n<p><strong>4. Quali sono le gradazioni di nicotina disponibili?<\/strong><br \/>\nPuoi scegliere tra il <strong>2% (esperienza morbida)<\/strong> e il <strong>5% (forte colpo in gola)<\/strong> in base alle tue preferenze.<\/p>\n<\/div>\n","protected":false},"excerpt":{"rendered":"<p>La <strong>Fizzy Nova Plus 40.000 Puffs<\/strong> \u00e8 molto pi\u00f9 di una semplice svapata usa e getta: \u00e8 un <strong>dispositivo di lunga durata, ricco di sapori e ad alte prestazioni<\/strong> che garantisce soddisfazione dalla prima all&#8217;ultima boccata. Con una <strong>consegna rapida in 2-7 giorni nell&#8217;Unione Europea<\/strong>, avrai la massima qualit\u00e0 e convenienza direttamente a casa tua. <\/p>\n","protected":false},"featured_media":34197,"comment_status":"open","ping_status":"closed","template":"","meta":{"iawp_total_views":3},"product_brand":[],"product_cat":[340],"product_tag":[341,647],"class_list":{"0":"post-34369","1":"product","2":"type-product","3":"status-publish","4":"has-post-thumbnail","6":"product_cat-nova-plus-sigaretta-elettronica-usa-e-getta-da-it","7":"product_tag-40000-soffi","8":"product_tag-tutti-i-gusti","10":"first","11":"outofstock","12":"sale","13":"shipping-taxable","14":"purchasable","15":"product-type-variable"},"yoast_head":"<!-- This site is optimized with the Yoast SEO Premium plugin v24.8 (Yoast SEO v27.4) - https:\/\/yoast.com\/product\/yoast-seo-premium-wordpress\/ -->\n<title>Fizzy Nova Plus 40000 Puffs usa e getta - Spedizione veloce dall&#039;UE<\/title>\n<meta name=\"description\" content=\"Acquista Fizzy Nova Plus 40000 Puffs con 12 aromi premium, doppia coil a rete e display LED intelligente. Spedito dal nostro magazzino europeo con consegna in 2-7 giorni.\" \/>\n<meta name=\"robots\" content=\"index, follow, max-snippet:-1, max-image-preview:large, max-video-preview:-1\" \/>\n<link rel=\"canonical\" href=\"https:\/\/fizzyvape.eu\/it\/prodotto\/fizzy-nova-plus-40k-40000-puff-usa-e-getta-10-pezzi-tutti-i-gusti\/\" \/>\n<meta property=\"og:locale\" content=\"it_IT\" \/>\n<meta property=\"og:type\" content=\"article\" \/>\n<meta property=\"og:title\" content=\"Fizzy Nova Plus 40k 40000 puff usa e getta - 10 pezzi (tutti i gusti)\" \/>\n<meta property=\"og:description\" content=\"Acquista Fizzy Nova Plus 40000 Puffs con 12 aromi premium, doppia coil a rete e display LED intelligente. Spedito dal nostro magazzino europeo con consegna in 2-7 giorni.\" \/>\n<meta property=\"og:url\" content=\"https:\/\/fizzyvape.eu\/it\/prodotto\/fizzy-nova-plus-40k-40000-puff-usa-e-getta-10-pezzi-tutti-i-gusti\/\" \/>\n<meta property=\"og:site_name\" content=\"fizzyvape.eu\" \/>\n<meta property=\"article:modified_time\" content=\"2025-08-29T08:09:35+00:00\" \/>\n<meta property=\"og:image\" content=\"https:\/\/fizzyvape.eu\/wp-content\/uploads\/2025\/08\/Fizzy-Nova-Plus-40000-Puffs-Dual-Mode-Dual-Mesh-40K-2-5-Low-Nicotine-22-1.webp\" \/>\n\t<meta property=\"og:image:width\" content=\"600\" \/>\n\t<meta property=\"og:image:height\" content=\"600\" \/>\n\t<meta property=\"og:image:type\" content=\"image\/webp\" \/>\n<meta name=\"twitter:card\" content=\"summary_large_image\" \/>\n<meta name=\"twitter:label1\" content=\"Disponibilit\u00e0\" \/>\n\t<meta name=\"twitter:data1\" content=\"Esaurito\" \/>\n<script type=\"application\/ld+json\" class=\"yoast-schema-graph\">{\"@context\":\"https:\\\/\\\/schema.org\",\"@graph\":[{\"@type\":\"WebPage\",\"@id\":\"https:\\\/\\\/fizzyvape.eu\\\/it\\\/prodotto\\\/fizzy-nova-plus-40k-40000-puff-usa-e-getta-10-pezzi-tutti-i-gusti\\\/\",\"url\":\"https:\\\/\\\/fizzyvape.eu\\\/it\\\/prodotto\\\/fizzy-nova-plus-40k-40000-puff-usa-e-getta-10-pezzi-tutti-i-gusti\\\/\",\"name\":\"Fizzy Nova Plus 40000 Puffs usa e getta - Spedizione veloce dall'UE\",\"isPartOf\":{\"@id\":\"https:\\\/\\\/www.fizzyvape.eu\\\/it\\\/#website\"},\"primaryImageOfPage\":{\"@id\":\"https:\\\/\\\/fizzyvape.eu\\\/it\\\/prodotto\\\/fizzy-nova-plus-40k-40000-puff-usa-e-getta-10-pezzi-tutti-i-gusti\\\/#primaryimage\"},\"image\":{\"@id\":\"https:\\\/\\\/fizzyvape.eu\\\/it\\\/prodotto\\\/fizzy-nova-plus-40k-40000-puff-usa-e-getta-10-pezzi-tutti-i-gusti\\\/#primaryimage\"},\"thumbnailUrl\":\"https:\\\/\\\/fizzyvape.eu\\\/wp-content\\\/uploads\\\/2025\\\/03\\\/fizzy-nova-plus-40000-40k-puffs-main-picture.jpg.webp\",\"datePublished\":\"2025-08-20T02:55:59+00:00\",\"dateModified\":\"2025-08-29T08:09:35+00:00\",\"description\":\"Acquista Fizzy Nova Plus 40000 Puffs con 12 aromi premium, doppia coil a rete e display LED intelligente. Spedito dal nostro magazzino europeo con consegna in 2-7 giorni.\",\"breadcrumb\":{\"@id\":\"https:\\\/\\\/fizzyvape.eu\\\/it\\\/prodotto\\\/fizzy-nova-plus-40k-40000-puff-usa-e-getta-10-pezzi-tutti-i-gusti\\\/#breadcrumb\"},\"inLanguage\":\"it-IT\",\"potentialAction\":[{\"@type\":\"ReadAction\",\"target\":[\"https:\\\/\\\/fizzyvape.eu\\\/it\\\/prodotto\\\/fizzy-nova-plus-40k-40000-puff-usa-e-getta-10-pezzi-tutti-i-gusti\\\/\"]}]},{\"@type\":\"ImageObject\",\"inLanguage\":\"it-IT\",\"@id\":\"https:\\\/\\\/fizzyvape.eu\\\/it\\\/prodotto\\\/fizzy-nova-plus-40k-40000-puff-usa-e-getta-10-pezzi-tutti-i-gusti\\\/#primaryimage\",\"url\":\"https:\\\/\\\/fizzyvape.eu\\\/wp-content\\\/uploads\\\/2025\\\/03\\\/fizzy-nova-plus-40000-40k-puffs-main-picture.jpg.webp\",\"contentUrl\":\"https:\\\/\\\/fizzyvape.eu\\\/wp-content\\\/uploads\\\/2025\\\/03\\\/fizzy-nova-plus-40000-40k-puffs-main-picture.jpg.webp\",\"width\":1920,\"height\":1920,\"caption\":\"fizzy-nova-plus-40000-40k-puffs-main-picture.jpg\"},{\"@type\":\"BreadcrumbList\",\"@id\":\"https:\\\/\\\/fizzyvape.eu\\\/it\\\/prodotto\\\/fizzy-nova-plus-40k-40000-puff-usa-e-getta-10-pezzi-tutti-i-gusti\\\/#breadcrumb\",\"itemListElement\":[{\"@type\":\"ListItem\",\"position\":1,\"name\":\"Home\",\"item\":\"https:\\\/\\\/fizzyvape.eu\\\/it\\\/\"},{\"@type\":\"ListItem\",\"position\":2,\"name\":\"Negozio\",\"item\":\"https:\\\/\\\/www.fizzyvape.eu\\\/it\\\/negozio\\\/\"},{\"@type\":\"ListItem\",\"position\":3,\"name\":\"Fizzy Nova Plus 40k 40000 puff usa e getta &#8211; 10 pezzi (tutti i gusti)\"}]},{\"@type\":\"WebSite\",\"@id\":\"https:\\\/\\\/www.fizzyvape.eu\\\/it\\\/#website\",\"url\":\"https:\\\/\\\/www.fizzyvape.eu\\\/it\\\/\",\"name\":\"fizzyvape.eu\",\"description\":\"Refreshing Vapes. Unforgettable Taste.\",\"publisher\":{\"@id\":\"https:\\\/\\\/www.fizzyvape.eu\\\/it\\\/#organization\"},\"potentialAction\":[{\"@type\":\"SearchAction\",\"target\":{\"@type\":\"EntryPoint\",\"urlTemplate\":\"https:\\\/\\\/www.fizzyvape.eu\\\/it\\\/?s={search_term_string}\"},\"query-input\":{\"@type\":\"PropertyValueSpecification\",\"valueRequired\":true,\"valueName\":\"search_term_string\"}}],\"inLanguage\":\"it-IT\"},{\"@type\":\"Organization\",\"@id\":\"https:\\\/\\\/www.fizzyvape.eu\\\/it\\\/#organization\",\"name\":\"fizzyvape.eu\",\"url\":\"https:\\\/\\\/www.fizzyvape.eu\\\/it\\\/\",\"logo\":{\"@type\":\"ImageObject\",\"inLanguage\":\"it-IT\",\"@id\":\"https:\\\/\\\/www.fizzyvape.eu\\\/it\\\/#\\\/schema\\\/logo\\\/image\\\/\",\"url\":\"https:\\\/\\\/fizzyvape.eu\\\/wp-content\\\/uploads\\\/2019\\\/06\\\/print-1.svg\",\"contentUrl\":\"https:\\\/\\\/fizzyvape.eu\\\/wp-content\\\/uploads\\\/2019\\\/06\\\/print-1.svg\",\"width\":124,\"height\":37,\"caption\":\"fizzyvape.eu\"},\"image\":{\"@id\":\"https:\\\/\\\/www.fizzyvape.eu\\\/it\\\/#\\\/schema\\\/logo\\\/image\\\/\"}}]}<\/script>\n<meta property=\"og:availability\" content=\"out of stock\" \/>\n<meta property=\"product:availability\" content=\"out of stock\" \/>\n<meta property=\"product:condition\" content=\"new\" \/>\n<!-- \/ Yoast SEO Premium plugin. -->","yoast_head_json":{"title":"Fizzy Nova Plus 40000 Puffs usa e getta - Spedizione veloce dall'UE","description":"Acquista Fizzy Nova Plus 40000 Puffs con 12 aromi premium, doppia coil a rete e display LED intelligente. Spedito dal nostro magazzino europeo con consegna in 2-7 giorni.","robots":{"index":"index","follow":"follow","max-snippet":"max-snippet:-1","max-image-preview":"max-image-preview:large","max-video-preview":"max-video-preview:-1"},"canonical":"https:\/\/fizzyvape.eu\/it\/prodotto\/fizzy-nova-plus-40k-40000-puff-usa-e-getta-10-pezzi-tutti-i-gusti\/","og_locale":"it_IT","og_type":"article","og_title":"Fizzy Nova Plus 40k 40000 puff usa e getta - 10 pezzi (tutti i gusti)","og_description":"Acquista Fizzy Nova Plus 40000 Puffs con 12 aromi premium, doppia coil a rete e display LED intelligente. Spedito dal nostro magazzino europeo con consegna in 2-7 giorni.","og_url":"https:\/\/fizzyvape.eu\/it\/prodotto\/fizzy-nova-plus-40k-40000-puff-usa-e-getta-10-pezzi-tutti-i-gusti\/","og_site_name":"fizzyvape.eu","article_modified_time":"2025-08-29T08:09:35+00:00","og_image":[{"width":600,"height":600,"url":"https:\/\/fizzyvape.eu\/wp-content\/uploads\/2025\/08\/Fizzy-Nova-Plus-40000-Puffs-Dual-Mode-Dual-Mesh-40K-2-5-Low-Nicotine-22-1.webp","type":"image\/webp"}],"twitter_card":"summary_large_image","twitter_misc":{"Disponibilit\u00e0":"Esaurito"},"schema":{"@context":"https:\/\/schema.org","@graph":[{"@type":"WebPage","@id":"https:\/\/fizzyvape.eu\/it\/prodotto\/fizzy-nova-plus-40k-40000-puff-usa-e-getta-10-pezzi-tutti-i-gusti\/","url":"https:\/\/fizzyvape.eu\/it\/prodotto\/fizzy-nova-plus-40k-40000-puff-usa-e-getta-10-pezzi-tutti-i-gusti\/","name":"Fizzy Nova Plus 40000 Puffs usa e getta - Spedizione veloce dall'UE","isPartOf":{"@id":"https:\/\/www.fizzyvape.eu\/it\/#website"},"primaryImageOfPage":{"@id":"https:\/\/fizzyvape.eu\/it\/prodotto\/fizzy-nova-plus-40k-40000-puff-usa-e-getta-10-pezzi-tutti-i-gusti\/#primaryimage"},"image":{"@id":"https:\/\/fizzyvape.eu\/it\/prodotto\/fizzy-nova-plus-40k-40000-puff-usa-e-getta-10-pezzi-tutti-i-gusti\/#primaryimage"},"thumbnailUrl":"https:\/\/fizzyvape.eu\/wp-content\/uploads\/2025\/03\/fizzy-nova-plus-40000-40k-puffs-main-picture.jpg.webp","datePublished":"2025-08-20T02:55:59+00:00","dateModified":"2025-08-29T08:09:35+00:00","description":"Acquista Fizzy Nova Plus 40000 Puffs con 12 aromi premium, doppia coil a rete e display LED intelligente. Spedito dal nostro magazzino europeo con consegna in 2-7 giorni.","breadcrumb":{"@id":"https:\/\/fizzyvape.eu\/it\/prodotto\/fizzy-nova-plus-40k-40000-puff-usa-e-getta-10-pezzi-tutti-i-gusti\/#breadcrumb"},"inLanguage":"it-IT","potentialAction":[{"@type":"ReadAction","target":["https:\/\/fizzyvape.eu\/it\/prodotto\/fizzy-nova-plus-40k-40000-puff-usa-e-getta-10-pezzi-tutti-i-gusti\/"]}]},{"@type":"ImageObject","inLanguage":"it-IT","@id":"https:\/\/fizzyvape.eu\/it\/prodotto\/fizzy-nova-plus-40k-40000-puff-usa-e-getta-10-pezzi-tutti-i-gusti\/#primaryimage","url":"https:\/\/fizzyvape.eu\/wp-content\/uploads\/2025\/03\/fizzy-nova-plus-40000-40k-puffs-main-picture.jpg.webp","contentUrl":"https:\/\/fizzyvape.eu\/wp-content\/uploads\/2025\/03\/fizzy-nova-plus-40000-40k-puffs-main-picture.jpg.webp","width":1920,"height":1920,"caption":"fizzy-nova-plus-40000-40k-puffs-main-picture.jpg"},{"@type":"BreadcrumbList","@id":"https:\/\/fizzyvape.eu\/it\/prodotto\/fizzy-nova-plus-40k-40000-puff-usa-e-getta-10-pezzi-tutti-i-gusti\/#breadcrumb","itemListElement":[{"@type":"ListItem","position":1,"name":"Home","item":"https:\/\/fizzyvape.eu\/it\/"},{"@type":"ListItem","position":2,"name":"Negozio","item":"https:\/\/www.fizzyvape.eu\/it\/negozio\/"},{"@type":"ListItem","position":3,"name":"Fizzy Nova Plus 40k 40000 puff usa e getta &#8211; 10 pezzi (tutti i gusti)"}]},{"@type":"WebSite","@id":"https:\/\/www.fizzyvape.eu\/it\/#website","url":"https:\/\/www.fizzyvape.eu\/it\/","name":"fizzyvape.eu","description":"Refreshing Vapes. Unforgettable Taste.","publisher":{"@id":"https:\/\/www.fizzyvape.eu\/it\/#organization"},"potentialAction":[{"@type":"SearchAction","target":{"@type":"EntryPoint","urlTemplate":"https:\/\/www.fizzyvape.eu\/it\/?s={search_term_string}"},"query-input":{"@type":"PropertyValueSpecification","valueRequired":true,"valueName":"search_term_string"}}],"inLanguage":"it-IT"},{"@type":"Organization","@id":"https:\/\/www.fizzyvape.eu\/it\/#organization","name":"fizzyvape.eu","url":"https:\/\/www.fizzyvape.eu\/it\/","logo":{"@type":"ImageObject","inLanguage":"it-IT","@id":"https:\/\/www.fizzyvape.eu\/it\/#\/schema\/logo\/image\/","url":"https:\/\/fizzyvape.eu\/wp-content\/uploads\/2019\/06\/print-1.svg","contentUrl":"https:\/\/fizzyvape.eu\/wp-content\/uploads\/2019\/06\/print-1.svg","width":124,"height":37,"caption":"fizzyvape.eu"},"image":{"@id":"https:\/\/www.fizzyvape.eu\/it\/#\/schema\/logo\/image\/"}}]},"og_availability":"out of stock","product_availability":"out of stock","product_condition":"new"},"tiered_pricing_type":"fixed","tiered_pricing_fixed_rules":[],"tiered_pricing_product_settings":{"layout":"default","base_unit_name":{"singular":null,"plural":null},"default_variation":null},"tiered_pricing_minimum_quantity":null,"tiered_pricing_roles_data":[],"tiered_pricing_percentage_rules":[],"tiered_pricing_maximum_quantity":null,"tiered_pricing_quantity_step":null,"_links":{"self":[{"href":"https:\/\/fizzyvape.eu\/it\/wp-json\/wp\/v2\/product\/34369","targetHints":{"allow":["GET"]}}],"collection":[{"href":"https:\/\/fizzyvape.eu\/it\/wp-json\/wp\/v2\/product"}],"about":[{"href":"https:\/\/fizzyvape.eu\/it\/wp-json\/wp\/v2\/types\/product"}],"replies":[{"embeddable":true,"href":"https:\/\/fizzyvape.eu\/it\/wp-json\/wp\/v2\/comments?post=34369"}],"version-history":[{"count":1,"href":"https:\/\/fizzyvape.eu\/it\/wp-json\/wp\/v2\/product\/34369\/revisions"}],"predecessor-version":[{"id":35214,"href":"https:\/\/fizzyvape.eu\/it\/wp-json\/wp\/v2\/product\/34369\/revisions\/35214"}],"wp:featuredmedia":[{"embeddable":true,"href":"https:\/\/fizzyvape.eu\/it\/wp-json\/wp\/v2\/media\/34197"}],"wp:attachment":[{"href":"https:\/\/fizzyvape.eu\/it\/wp-json\/wp\/v2\/media?parent=34369"}],"wp:term":[{"taxonomy":"product_brand","embeddable":true,"href":"https:\/\/fizzyvape.eu\/it\/wp-json\/wp\/v2\/product_brand?post=34369"},{"taxonomy":"product_cat","embeddable":true,"href":"https:\/\/fizzyvape.eu\/it\/wp-json\/wp\/v2\/product_cat?post=34369"},{"taxonomy":"product_tag","embeddable":true,"href":"https:\/\/fizzyvape.eu\/it\/wp-json\/wp\/v2\/product_tag?post=34369"}],"curies":[{"name":"wp","href":"https:\/\/api.w.org\/{rel}","templated":true}]}}