{"id":35274,"date":"2025-08-28T17:47:31","date_gmt":"2025-08-28T09:47:31","guid":{"rendered":"https:\/\/fizzyvape.eu\/product\/fizzy-twins-50000-puffs-a-doppio-gusto-usa-e-getta\/"},"modified":"2025-08-28T17:47:31","modified_gmt":"2025-08-28T09:47:31","slug":"fizzy-twins-50000-puffs-a-doppio-gusto-usa-e-getta","status":"publish","type":"product","link":"https:\/\/fizzyvape.eu\/it\/prodotto\/fizzy-twins-50000-puffs-a-doppio-gusto-usa-e-getta\/","title":{"rendered":"Fizzy Twins 50000 Puffs a doppio gusto usa e getta"},"content":{"rendered":"<div style=\"width: 1280px;\" class=\"wp-video\"><!--[if lt IE 9]><script>document.createElement('video');<\/script><![endif]-->\n<video class=\"wp-video-shortcode\" id=\"video-35274-1\" width=\"1280\" height=\"720\" preload=\"metadata\" controls=\"controls\"><source type=\"video\/mp4\" src=\"https:\/\/fizzyvape.eu\/wp-content\/uploads\/2025\/08\/Fizzy-Twins-50000-Puffs-Disposable-Vape.mp4?_=1\" \/><a href=\"https:\/\/fizzyvape.eu\/wp-content\/uploads\/2025\/08\/Fizzy-Twins-50000-Puffs-Disposable-Vape.mp4\">https:\/\/fizzyvape.eu\/wp-content\/uploads\/2025\/08\/Fizzy-Twins-50000-Puffs-Disposable-Vape.mp4<\/a><\/video><\/div>\n<h1>Fizzy Twins 50000 Puffs &#8211; Vape monouso a doppio gusto e doppia modalit\u00e0<\/h1>\n<p><strong data-start=\"190\" data-end=\"218\">Fizzy Twins 50000 Puffs<\/strong> porta il vaping usa e getta a un livello superiore grazie all&#8217;<strong data-start=\"270\" data-end=\"299\">esclusivo sistema a doppio sapore<\/strong> e alla <strong data-start=\"304\" data-end=\"328\">tecnologia a doppia modalit\u00e0<\/strong>. Con un&#8217;offerta fino a <strong data-start=\"345\" data-end=\"361\">50.000 boccate<\/strong>, questo dispositivo ricaricabile ti permette di passare da un sapore all&#8217;altro in modo istantaneo, oppure di svaparli in combinazione per un&#8217;esperienza di svapo davvero personalizzata. <\/p>\n<h2 data-start=\"526\" data-end=\"547\">Caratteristiche principali<\/h2>\n<ul data-start=\"548\" data-end=\"1172\">\n<li data-start=\"548\" data-end=\"633\">\n<p data-start=\"550\" data-end=\"633\"><strong data-start=\"550\" data-end=\"575\">Capacit\u00e0 di 50.000 boccate<\/strong> &#8211; Un divertimento di lunga durata senza bisogno di continue sostituzioni.<\/p>\n<\/li>\n<li data-start=\"634\" data-end=\"729\">\n<p data-start=\"636\" data-end=\"729\"><strong data-start=\"636\" data-end=\"662\">Tecnologia Dual Flavor<\/strong> &#8211; Passa istantaneamente da un <strong data-start=\"690\" data-end=\"705\">sapore<\/strong> all&#8217;altro o mischiali insieme.<\/p>\n<\/li>\n<li data-start=\"730\" data-end=\"862\">\n<p data-start=\"732\" data-end=\"862\"><strong data-start=\"732\" data-end=\"757\">Prestazioni in doppia modalit\u00e0<\/strong> &#8211; Scegli tra la <strong data-start=\"775\" data-end=\"791\">modalit\u00e0 normale<\/strong> per una svapata fluida e la <strong data-start=\"814\" data-end=\"828\">modalit\u00e0 boost<\/strong> per nuvole e sapori pi\u00f9 intensi.<\/p>\n<\/li>\n<li data-start=\"863\" data-end=\"951\">\n<p data-start=\"865\" data-end=\"951\"><strong data-start=\"865\" data-end=\"889\">Batteria ricaricabile<\/strong> &#8211; Ti assicura 50.000 boccate senza interruzioni di corrente.<\/p>\n<\/li>\n<li data-start=\"952\" data-end=\"1033\">\n<p data-start=\"954\" data-end=\"1033\"><strong data-start=\"954\" data-end=\"974\">Sistema di bobine a rete<\/strong> &#8211; Gusto ricco e vapore costante dall&#8217;inizio alla fine.<\/p>\n<\/li>\n<li data-start=\"1034\" data-end=\"1103\">\n<p data-start=\"1036\" data-end=\"1103\"><strong data-start=\"1036\" data-end=\"1054\">Design premium<\/strong> &#8211; Elegante, portatile e costruito per l&#8217;uso quotidiano.<\/p>\n<\/li>\n<li data-start=\"1104\" data-end=\"1172\">\n<p data-start=\"1106\" data-end=\"1172\"><strong data-start=\"1106\" data-end=\"1126\">Spedizione rapida nell&#8217;UE<\/strong> &#8211; Spedizione diretta dai magazzini europei.<\/p>\n<\/li>\n<\/ul>\n<h2 data-start=\"1286\" data-end=\"1318\">Perch\u00e9 scegliere Fizzy Twins?<\/h2>\n<p data-start=\"1319\" data-end=\"1545\">\u2714 Autentico Fizzy Vape &#8211; fidato in tutto il mondo dal 2013<br data-start=\"1372\" data-end=\"1375\">\u2714 Esclusiva <strong data-start=\"1387\" data-end=\"1413\">esperienza di doppio sapore<\/strong> in un unico dispositivo<br data-start=\"1427\" data-end=\"1430\">\u2714 Alto numero di puff = miglior valore e meno sprechi<br data-start=\"1477\" data-end=\"1480\">\u2714 Sostenuto da una <strong data-start=\"1492\" data-end=\"1509\">spedizione veloce<\/strong> e da un&#8217;<strong data-start=\"1514\" data-end=\"1543\">assistenza clienti affidabile<\/strong><\/p>\n<p data-start=\"1319\" data-end=\"1545\"><img decoding=\"async\" class=\"alignnone wp-image-34860 size-full\" src=\"https:\/\/fizzyvape.eu\/wp-content\/uploads\/2025\/08\/FIZZY-Twins-50K-50000-puffs-Flavors--scaled.jpg\" alt=\"\" width=\"1354\" height=\"2560\" srcset=\"https:\/\/fizzyvape.eu\/wp-content\/uploads\/2025\/08\/FIZZY-Twins-50K-50000-puffs-Flavors--scaled.jpg 1354w, https:\/\/fizzyvape.eu\/wp-content\/uploads\/2025\/08\/FIZZY-Twins-50K-50000-puffs-Flavors--159x300.jpg 159w, https:\/\/fizzyvape.eu\/wp-content\/uploads\/2025\/08\/FIZZY-Twins-50K-50000-puffs-Flavors--423x800.jpg 423w, https:\/\/fizzyvape.eu\/wp-content\/uploads\/2025\/08\/FIZZY-Twins-50K-50000-puffs-Flavors--768x1452.jpg 768w, https:\/\/fizzyvape.eu\/wp-content\/uploads\/2025\/08\/FIZZY-Twins-50K-50000-puffs-Flavors--812x1536.jpg 812w, https:\/\/fizzyvape.eu\/wp-content\/uploads\/2025\/08\/FIZZY-Twins-50K-50000-puffs-Flavors--1083x2048.jpg 1083w, https:\/\/fizzyvape.eu\/wp-content\/uploads\/2025\/08\/FIZZY-Twins-50K-50000-puffs-Flavors--430x813.jpg 430w, https:\/\/fizzyvape.eu\/wp-content\/uploads\/2025\/08\/FIZZY-Twins-50K-50000-puffs-Flavors--700x1323.jpg 700w, https:\/\/fizzyvape.eu\/wp-content\/uploads\/2025\/08\/FIZZY-Twins-50K-50000-puffs-Flavors--150x284.jpg 150w\" sizes=\"(max-width: 1354px) 100vw, 1354px\" \/><\/p>\n<h2 data-start=\"98\" data-end=\"158\">\u2753 Domande frequenti &#8211; Fizzy Twins 50k Puffs<\/h2>\n<h3 data-start=\"160\" data-end=\"248\">D1: Cosa rende Fizzy Twins 50.000 Puffs diverso dagli altri vapers usa e getta?<\/h3>\n<p data-start=\"249\" data-end=\"530\"><strong data-start=\"249\" data-end=\"255\">R:<\/strong> Il Fizzy Twins \u00e8 unico perch\u00e9 \u00e8 dotato di una <strong data-start=\"302\" data-end=\"328\">tecnologia a doppio aroma<\/strong>. Puoi passare istantaneamente da un aroma all&#8217;altro o miscelarli insieme, ottenendo cos\u00ec una maggiore variet\u00e0 in un unico dispositivo. Inoltre, offre una <strong data-start=\"453\" data-end=\"473\">doppia modalit\u00e0 di svapo<\/strong> (normale e boost) per prestazioni personalizzabili.  <\/p>\n<hr data-start=\"532\" data-end=\"535\">\n<h3 data-start=\"537\" data-end=\"591\">D2: Quante boccate fornisce il Fizzy Twins?<\/h3>\n<p data-start=\"592\" data-end=\"819\"><strong data-start=\"592\" data-end=\"598\">R:<\/strong> Ogni dispositivo eroga fino a <strong data-start=\"626\" data-end=\"642\">50.000 boccate<\/strong>, il che lo rende uno dei vapers usa e getta pi\u00f9 duraturi in circolazione. Grazie alla <strong data-start=\"725\" data-end=\"749\">batteria ricaricabile<\/strong>, puoi goderti ogni boccata senza preoccuparti che l&#8217;energia si esaurisca. <\/p>\n<hr data-start=\"821\" data-end=\"824\">\n<h3 data-start=\"826\" data-end=\"868\">D3: Il Fizzy Twins \u00e8 ricaricabile?<\/h3>\n<p data-start=\"869\" data-end=\"1033\"><strong data-start=\"869\" data-end=\"875\">R:<\/strong> S\u00ec. A differenza dei normali prodotti usa e getta, Fizzy Twins \u00e8 dotato di una <strong data-start=\"939\" data-end=\"963\">batteria ricaricabile<\/strong> che ti permetter\u00e0 di utilizzare completamente i 50.000 puff senza interruzioni. <\/p>\n<hr data-start=\"1035\" data-end=\"1038\">\n<h3 data-start=\"1040\" data-end=\"1078\">D4: Come funziona la doppia modalit\u00e0?<\/h3>\n<p data-start=\"1079\" data-end=\"1132\"><strong data-start=\"1079\" data-end=\"1085\">R:<\/strong> Il Fizzy Twins offre <strong data-start=\"1109\" data-end=\"1129\">due modalit\u00e0 di vaporizzazione<\/strong>:<\/p>\n<ul data-start=\"1133\" data-end=\"1294\">\n<li data-start=\"1133\" data-end=\"1182\">\n<p data-start=\"1135\" data-end=\"1182\"><strong data-start=\"1135\" data-end=\"1151\">Modalit\u00e0 Regular<\/strong> per un vaping regolare e quotidiano.<\/p>\n<\/li>\n<li data-start=\"1183\" data-end=\"1294\">\n<p data-start=\"1185\" data-end=\"1294\"><strong data-start=\"1185\" data-end=\"1199\">Modalit\u00e0 Boost<\/strong> per un sapore pi\u00f9 intenso e nuvole pi\u00f9 grandi.<br data-start=\"1238\" data-end=\"1241\">Puoi cambiare facilmente a seconda delle tue preferenze.<\/p>\n<\/li>\n<\/ul>\n<hr data-start=\"1296\" data-end=\"1299\">\n<h3 data-start=\"1301\" data-end=\"1349\">D5: Il Fizzy Twins \u00e8 autentico e sicuro?<\/h3>\n<p data-start=\"1350\" data-end=\"1567\"><strong data-start=\"1350\" data-end=\"1356\">R:<\/strong> Assolutamente s\u00ec. Fizzy Twins \u00e8 un <strong data-start=\"1391\" data-end=\"1423\">prodotto autentico di Fizzy Vape<\/strong>, un marchio globale affidabile dal 2013. Tutti i dispositivi sono progettati con un controllo di qualit\u00e0 per garantire sicurezza, coerenza e un&#8217;erogazione di aromi di prima qualit\u00e0.  <\/p>\n<hr data-start=\"1569\" data-end=\"1572\">\n<h3 data-start=\"1574\" data-end=\"1621\">D6: Da dove vengono spedite le Fizzy Twins?<\/h3>\n<p data-start=\"1622\" data-end=\"1759\"><strong data-start=\"1622\" data-end=\"1628\">R:<\/strong> Tutti gli ordini vengono spediti direttamente dai <strong data-start=\"1666\" data-end=\"1683\">magazzini dell&#8217;Unione Europea<\/strong>, garantendo <strong data-start=\"1694\" data-end=\"1711\">una consegna rapida<\/strong> in tutta Europa e un&#8217;assistenza clienti affidabile.<\/p>\n","protected":false},"excerpt":{"rendered":"<p data-start=\"79\" data-end=\"334\"><strong>Fizzy Twins 50000 Puffs<\/strong> \u00e8 una svapata ricaricabile usa e getta di qualit\u00e0 superiore con un design a doppio gusto. Goditi due sapori in un unico dispositivo con prestazioni potenti, batteria di lunga durata e gusto morbido, perfetto per i vapers che desiderano variet\u00e0 e resistenza. <\/p>\n","protected":false},"featured_media":29290,"comment_status":"open","ping_status":"closed","template":"","meta":{"iawp_total_views":3},"product_brand":[],"product_cat":[255],"product_tag":[660],"class_list":{"0":"post-35274","1":"product","2":"type-product","3":"status-publish","4":"has-post-thumbnail","6":"product_cat-twins-sigaretta-elettronica-usa-e-getta-da-50000-tiri-it","7":"product_tag-1-pezzo","9":"first","10":"outofstock","11":"sale","12":"shipping-taxable","13":"purchasable","14":"product-type-variable"},"yoast_head":"<!-- This site is optimized with the Yoast SEO Premium plugin v24.8 (Yoast SEO v24.8) - https:\/\/yoast.com\/wordpress\/plugins\/seo\/ -->\n<title>Fizzy Twins 50000 Puffs | Vape ricaricabile usa e getta a doppio gusto - Fizzy Vape Official Store<\/title>\n<meta name=\"description\" content=\"Scopri Fizzy Twins 50000 Puffs, la svapata ricaricabile usa e getta con interruttore a doppio aroma. Fino a 50.000 boccate, gusto morbido e prestazioni di lunga durata. Acquista oggi l&#039;autentica Fizzy Vape.\" \/>\n<meta name=\"robots\" content=\"index, follow, max-snippet:-1, max-image-preview:large, max-video-preview:-1\" \/>\n<link rel=\"canonical\" href=\"https:\/\/fizzyvape.eu\/it\/prodotto\/fizzy-twins-50000-puffs-a-doppio-gusto-usa-e-getta\/\" \/>\n<meta property=\"og:locale\" content=\"it_IT\" \/>\n<meta property=\"og:type\" content=\"article\" \/>\n<meta property=\"og:title\" content=\"Fizzy Twins 50000 Puffs a doppio gusto usa e getta\" \/>\n<meta property=\"og:description\" content=\"Scopri Fizzy Twins 50000 Puffs, la svapata ricaricabile usa e getta con interruttore a doppio aroma. Fino a 50.000 boccate, gusto morbido e prestazioni di lunga durata. Acquista oggi l&#039;autentica Fizzy Vape.\" \/>\n<meta property=\"og:url\" content=\"https:\/\/fizzyvape.eu\/it\/prodotto\/fizzy-twins-50000-puffs-a-doppio-gusto-usa-e-getta\/\" \/>\n<meta property=\"og:site_name\" content=\"fizzyvape.eu\" \/>\n<meta property=\"og:image\" content=\"https:\/\/fizzyvape.eu\/wp-content\/uploads\/2025\/04\/Fizzy-Twins-50000Puffs-16.webp\" \/>\n\t<meta property=\"og:image:width\" content=\"800\" \/>\n\t<meta property=\"og:image:height\" content=\"800\" \/>\n\t<meta property=\"og:image:type\" content=\"image\/webp\" \/>\n<meta name=\"twitter:card\" content=\"summary_large_image\" \/>\n<meta name=\"twitter:label1\" content=\"Disponibilit\u00e0\" \/>\n\t<meta name=\"twitter:data1\" content=\"Esaurito\" \/>\n<script type=\"application\/ld+json\" class=\"yoast-schema-graph\">{\"@context\":\"https:\/\/schema.org\",\"@graph\":[{\"@type\":\"WebPage\",\"@id\":\"https:\/\/fizzyvape.eu\/it\/prodotto\/fizzy-twins-50000-puffs-a-doppio-gusto-usa-e-getta\/\",\"url\":\"https:\/\/fizzyvape.eu\/it\/prodotto\/fizzy-twins-50000-puffs-a-doppio-gusto-usa-e-getta\/\",\"name\":\"Fizzy Twins 50000 Puffs | Vape ricaricabile usa e getta a doppio gusto - Fizzy Vape Official Store\",\"isPartOf\":{\"@id\":\"https:\/\/www.fizzyvape.eu\/it\/#website\"},\"primaryImageOfPage\":{\"@id\":\"https:\/\/fizzyvape.eu\/it\/prodotto\/fizzy-twins-50000-puffs-a-doppio-gusto-usa-e-getta\/#primaryimage\"},\"image\":{\"@id\":\"https:\/\/fizzyvape.eu\/it\/prodotto\/fizzy-twins-50000-puffs-a-doppio-gusto-usa-e-getta\/#primaryimage\"},\"thumbnailUrl\":\"https:\/\/fizzyvape.eu\/wp-content\/uploads\/2025\/04\/Fizzy-Twins-50000Puffs-16.webp\",\"datePublished\":\"2025-08-28T09:47:31+00:00\",\"description\":\"Scopri Fizzy Twins 50000 Puffs, la svapata ricaricabile usa e getta con interruttore a doppio aroma. Fino a 50.000 boccate, gusto morbido e prestazioni di lunga durata. Acquista oggi l'autentica Fizzy Vape.\",\"breadcrumb\":{\"@id\":\"https:\/\/fizzyvape.eu\/it\/prodotto\/fizzy-twins-50000-puffs-a-doppio-gusto-usa-e-getta\/#breadcrumb\"},\"inLanguage\":\"it-IT\",\"potentialAction\":[{\"@type\":\"ReadAction\",\"target\":[\"https:\/\/fizzyvape.eu\/it\/prodotto\/fizzy-twins-50000-puffs-a-doppio-gusto-usa-e-getta\/\"]}]},{\"@type\":\"ImageObject\",\"inLanguage\":\"it-IT\",\"@id\":\"https:\/\/fizzyvape.eu\/it\/prodotto\/fizzy-twins-50000-puffs-a-doppio-gusto-usa-e-getta\/#primaryimage\",\"url\":\"https:\/\/fizzyvape.eu\/wp-content\/uploads\/2025\/04\/Fizzy-Twins-50000Puffs-16.webp\",\"contentUrl\":\"https:\/\/fizzyvape.eu\/wp-content\/uploads\/2025\/04\/Fizzy-Twins-50000Puffs-16.webp\",\"width\":800,\"height\":800,\"caption\":\"Fizzy Twins 50000 Puffs Vape usa e getta\"},{\"@type\":\"BreadcrumbList\",\"@id\":\"https:\/\/fizzyvape.eu\/it\/prodotto\/fizzy-twins-50000-puffs-a-doppio-gusto-usa-e-getta\/#breadcrumb\",\"itemListElement\":[{\"@type\":\"ListItem\",\"position\":1,\"name\":\"Home\",\"item\":\"https:\/\/fizzyvape.eu\/it\/\"},{\"@type\":\"ListItem\",\"position\":2,\"name\":\"Negozio\",\"item\":\"https:\/\/www.fizzyvape.eu\/it\/negozio\/\"},{\"@type\":\"ListItem\",\"position\":3,\"name\":\"Fizzy Twins 50000 Puffs a doppio gusto usa e getta\"}]},{\"@type\":\"WebSite\",\"@id\":\"https:\/\/www.fizzyvape.eu\/it\/#website\",\"url\":\"https:\/\/www.fizzyvape.eu\/it\/\",\"name\":\"fizzyvape.eu\",\"description\":\"Refreshing Vapes. Unforgettable Taste.\",\"publisher\":{\"@id\":\"https:\/\/www.fizzyvape.eu\/it\/#organization\"},\"potentialAction\":[{\"@type\":\"SearchAction\",\"target\":{\"@type\":\"EntryPoint\",\"urlTemplate\":\"https:\/\/www.fizzyvape.eu\/it\/?s={search_term_string}\"},\"query-input\":{\"@type\":\"PropertyValueSpecification\",\"valueRequired\":true,\"valueName\":\"search_term_string\"}}],\"inLanguage\":\"it-IT\"},{\"@type\":\"Organization\",\"@id\":\"https:\/\/www.fizzyvape.eu\/it\/#organization\",\"name\":\"fizzyvape.eu\",\"url\":\"https:\/\/www.fizzyvape.eu\/it\/\",\"logo\":{\"@type\":\"ImageObject\",\"inLanguage\":\"it-IT\",\"@id\":\"https:\/\/www.fizzyvape.eu\/it\/#\/schema\/logo\/image\/\",\"url\":\"https:\/\/fizzyvape.eu\/wp-content\/uploads\/2019\/06\/print-1.svg\",\"contentUrl\":\"https:\/\/fizzyvape.eu\/wp-content\/uploads\/2019\/06\/print-1.svg\",\"width\":124,\"height\":37,\"caption\":\"fizzyvape.eu\"},\"image\":{\"@id\":\"https:\/\/www.fizzyvape.eu\/it\/#\/schema\/logo\/image\/\"}}]}<\/script>\n<meta property=\"og:availability\" content=\"out of stock\" \/>\n<meta property=\"product:availability\" content=\"out of stock\" \/>\n<meta property=\"product:condition\" content=\"new\" \/>\n<!-- \/ Yoast SEO Premium plugin. -->","yoast_head_json":{"title":"Fizzy Twins 50000 Puffs | Vape ricaricabile usa e getta a doppio gusto - Fizzy Vape Official Store","description":"Scopri Fizzy Twins 50000 Puffs, la svapata ricaricabile usa e getta con interruttore a doppio aroma. Fino a 50.000 boccate, gusto morbido e prestazioni di lunga durata. Acquista oggi l'autentica Fizzy Vape.","robots":{"index":"index","follow":"follow","max-snippet":"max-snippet:-1","max-image-preview":"max-image-preview:large","max-video-preview":"max-video-preview:-1"},"canonical":"https:\/\/fizzyvape.eu\/it\/prodotto\/fizzy-twins-50000-puffs-a-doppio-gusto-usa-e-getta\/","og_locale":"it_IT","og_type":"article","og_title":"Fizzy Twins 50000 Puffs a doppio gusto usa e getta","og_description":"Scopri Fizzy Twins 50000 Puffs, la svapata ricaricabile usa e getta con interruttore a doppio aroma. Fino a 50.000 boccate, gusto morbido e prestazioni di lunga durata. Acquista oggi l'autentica Fizzy Vape.","og_url":"https:\/\/fizzyvape.eu\/it\/prodotto\/fizzy-twins-50000-puffs-a-doppio-gusto-usa-e-getta\/","og_site_name":"fizzyvape.eu","og_image":[{"width":800,"height":800,"url":"https:\/\/fizzyvape.eu\/wp-content\/uploads\/2025\/04\/Fizzy-Twins-50000Puffs-16.webp","type":"image\/webp"}],"twitter_card":"summary_large_image","twitter_misc":{"Disponibilit\u00e0":"Esaurito"},"schema":{"@context":"https:\/\/schema.org","@graph":[{"@type":"WebPage","@id":"https:\/\/fizzyvape.eu\/it\/prodotto\/fizzy-twins-50000-puffs-a-doppio-gusto-usa-e-getta\/","url":"https:\/\/fizzyvape.eu\/it\/prodotto\/fizzy-twins-50000-puffs-a-doppio-gusto-usa-e-getta\/","name":"Fizzy Twins 50000 Puffs | Vape ricaricabile usa e getta a doppio gusto - Fizzy Vape Official Store","isPartOf":{"@id":"https:\/\/www.fizzyvape.eu\/it\/#website"},"primaryImageOfPage":{"@id":"https:\/\/fizzyvape.eu\/it\/prodotto\/fizzy-twins-50000-puffs-a-doppio-gusto-usa-e-getta\/#primaryimage"},"image":{"@id":"https:\/\/fizzyvape.eu\/it\/prodotto\/fizzy-twins-50000-puffs-a-doppio-gusto-usa-e-getta\/#primaryimage"},"thumbnailUrl":"https:\/\/fizzyvape.eu\/wp-content\/uploads\/2025\/04\/Fizzy-Twins-50000Puffs-16.webp","datePublished":"2025-08-28T09:47:31+00:00","description":"Scopri Fizzy Twins 50000 Puffs, la svapata ricaricabile usa e getta con interruttore a doppio aroma. Fino a 50.000 boccate, gusto morbido e prestazioni di lunga durata. Acquista oggi l'autentica Fizzy Vape.","breadcrumb":{"@id":"https:\/\/fizzyvape.eu\/it\/prodotto\/fizzy-twins-50000-puffs-a-doppio-gusto-usa-e-getta\/#breadcrumb"},"inLanguage":"it-IT","potentialAction":[{"@type":"ReadAction","target":["https:\/\/fizzyvape.eu\/it\/prodotto\/fizzy-twins-50000-puffs-a-doppio-gusto-usa-e-getta\/"]}]},{"@type":"ImageObject","inLanguage":"it-IT","@id":"https:\/\/fizzyvape.eu\/it\/prodotto\/fizzy-twins-50000-puffs-a-doppio-gusto-usa-e-getta\/#primaryimage","url":"https:\/\/fizzyvape.eu\/wp-content\/uploads\/2025\/04\/Fizzy-Twins-50000Puffs-16.webp","contentUrl":"https:\/\/fizzyvape.eu\/wp-content\/uploads\/2025\/04\/Fizzy-Twins-50000Puffs-16.webp","width":800,"height":800,"caption":"Fizzy Twins 50000 Puffs Vape usa e getta"},{"@type":"BreadcrumbList","@id":"https:\/\/fizzyvape.eu\/it\/prodotto\/fizzy-twins-50000-puffs-a-doppio-gusto-usa-e-getta\/#breadcrumb","itemListElement":[{"@type":"ListItem","position":1,"name":"Home","item":"https:\/\/fizzyvape.eu\/it\/"},{"@type":"ListItem","position":2,"name":"Negozio","item":"https:\/\/www.fizzyvape.eu\/it\/negozio\/"},{"@type":"ListItem","position":3,"name":"Fizzy Twins 50000 Puffs a doppio gusto usa e getta"}]},{"@type":"WebSite","@id":"https:\/\/www.fizzyvape.eu\/it\/#website","url":"https:\/\/www.fizzyvape.eu\/it\/","name":"fizzyvape.eu","description":"Refreshing Vapes. Unforgettable Taste.","publisher":{"@id":"https:\/\/www.fizzyvape.eu\/it\/#organization"},"potentialAction":[{"@type":"SearchAction","target":{"@type":"EntryPoint","urlTemplate":"https:\/\/www.fizzyvape.eu\/it\/?s={search_term_string}"},"query-input":{"@type":"PropertyValueSpecification","valueRequired":true,"valueName":"search_term_string"}}],"inLanguage":"it-IT"},{"@type":"Organization","@id":"https:\/\/www.fizzyvape.eu\/it\/#organization","name":"fizzyvape.eu","url":"https:\/\/www.fizzyvape.eu\/it\/","logo":{"@type":"ImageObject","inLanguage":"it-IT","@id":"https:\/\/www.fizzyvape.eu\/it\/#\/schema\/logo\/image\/","url":"https:\/\/fizzyvape.eu\/wp-content\/uploads\/2019\/06\/print-1.svg","contentUrl":"https:\/\/fizzyvape.eu\/wp-content\/uploads\/2019\/06\/print-1.svg","width":124,"height":37,"caption":"fizzyvape.eu"},"image":{"@id":"https:\/\/www.fizzyvape.eu\/it\/#\/schema\/logo\/image\/"}}]},"og_availability":"out of stock","product_availability":"out of stock","product_condition":"new"},"tiered_pricing_type":"fixed","tiered_pricing_fixed_rules":[],"tiered_pricing_product_settings":{"layout":"default","base_unit_name":{"singular":null,"plural":null},"default_variation":null},"tiered_pricing_minimum_quantity":null,"tiered_pricing_roles_data":[],"tiered_pricing_percentage_rules":[],"tiered_pricing_maximum_quantity":null,"tiered_pricing_quantity_step":null,"_links":{"self":[{"href":"https:\/\/fizzyvape.eu\/it\/wp-json\/wp\/v2\/product\/35274","targetHints":{"allow":["GET"]}}],"collection":[{"href":"https:\/\/fizzyvape.eu\/it\/wp-json\/wp\/v2\/product"}],"about":[{"href":"https:\/\/fizzyvape.eu\/it\/wp-json\/wp\/v2\/types\/product"}],"replies":[{"embeddable":true,"href":"https:\/\/fizzyvape.eu\/it\/wp-json\/wp\/v2\/comments?post=35274"}],"version-history":[{"count":0,"href":"https:\/\/fizzyvape.eu\/it\/wp-json\/wp\/v2\/product\/35274\/revisions"}],"wp:featuredmedia":[{"embeddable":true,"href":"https:\/\/fizzyvape.eu\/it\/wp-json\/wp\/v2\/media\/29290"}],"wp:attachment":[{"href":"https:\/\/fizzyvape.eu\/it\/wp-json\/wp\/v2\/media?parent=35274"}],"wp:term":[{"taxonomy":"product_brand","embeddable":true,"href":"https:\/\/fizzyvape.eu\/it\/wp-json\/wp\/v2\/product_brand?post=35274"},{"taxonomy":"product_cat","embeddable":true,"href":"https:\/\/fizzyvape.eu\/it\/wp-json\/wp\/v2\/product_cat?post=35274"},{"taxonomy":"product_tag","embeddable":true,"href":"https:\/\/fizzyvape.eu\/it\/wp-json\/wp\/v2\/product_tag?post=35274"}],"curies":[{"name":"wp","href":"https:\/\/api.w.org\/{rel}","templated":true}]}}