{"id":35305,"date":"2025-08-28T18:07:11","date_gmt":"2025-08-28T10:07:11","guid":{"rendered":"https:\/\/fizzyvape.eu\/product\/fizzy-max-iii-6-in-1-60k-60000-puffs-vape-ricaricabile-usa-e-getta\/"},"modified":"2025-08-28T18:07:11","modified_gmt":"2025-08-28T10:07:11","slug":"fizzy-max-iii-6-in-1-60k-60000-puffs-vape-ricaricabile-usa-e-getta","status":"publish","type":"product","link":"https:\/\/fizzyvape.eu\/it\/prodotto\/fizzy-max-iii-6-in-1-60k-60000-puffs-vape-ricaricabile-usa-e-getta\/","title":{"rendered":"Fizzy Max III 6-in-1 60k 60000 puffs Vape ricaricabile usa e getta"},"content":{"rendered":"<div style=\"width: 853px;\" class=\"wp-video\"><!--[if lt IE 9]><script>document.createElement('video');<\/script><![endif]-->\n<video class=\"wp-video-shortcode\" id=\"video-35305-1\" width=\"853\" height=\"480\" preload=\"metadata\" controls=\"controls\"><source type=\"video\/mp4\" src=\"https:\/\/fizzyvape.eu\/wp-content\/uploads\/2025\/08\/fizzy-max-iii-60000-puff-disposable-vape-wholesal-trusted-pro-disposable-vape-supplier.mp4?_=1\" \/><a href=\"https:\/\/fizzyvape.eu\/wp-content\/uploads\/2025\/08\/fizzy-max-iii-60000-puff-disposable-vape-wholesal-trusted-pro-disposable-vape-supplier.mp4\">https:\/\/fizzyvape.eu\/wp-content\/uploads\/2025\/08\/fizzy-max-iii-60000-puff-disposable-vape-wholesal-trusted-pro-disposable-vape-supplier.mp4<\/a><\/video><\/div>\n<h1>Fizzy Max III 6-in-1 60000 Puffs Vape ricaricabile usa e getta<\/h1>\n<p>Fizzy Max III 6-in-1 60000 Puffs \u00e8 una svapata ricaricabile usa e getta di qualit\u00e0 superiore progettata per i vapers che desiderano variet\u00e0 e resistenza. Con <strong>6 gusti in un unico dispositivo<\/strong>, ti permette di passare istantaneamente da un gusto all&#8217;altro godendoti fino a <strong>60.000 boccate<\/strong> di vapore omogeneo e costante. La potente batteria ricaricabile assicura prestazioni di lunga durata, rendendo Fizzy Max III 60000 Puffs la scelta ideale per chi cerca convenienza, durata e l&#8217;autentica qualit\u00e0 Fizzy Vape in ogni boccata.  <\/p>\n<h3>Caratteristiche principali<\/h3>\n<ul>\n<li><strong>6 Aromi in 1 Dispositivo<\/strong> &#8211; Costruito con sei camere separate per e-liquid, ti permette di cambiare aroma istantaneamente con un solo dispositivo.<\/li>\n<li><strong>Ben 60.000 boccate<\/strong> &#8211; Progettato per un utilizzo ultra-lungo, che supera di gran lunga i normali vapers usa e getta.<\/li>\n<li><strong>Batteria ricaricabile<\/strong> &#8211; Dotato di una potente batteria ricaricabile per continuare a lavorare senza interruzioni.<\/li>\n<li><strong>Prestazioni fluide e costanti<\/strong> &#8211; Il chipset avanzato e la bobina a rete aggiornata offrono un sapore ricco e un vapore omogeneo a ogni boccata.<\/li>\n<li><strong>Design portatile ed elegante<\/strong> &#8211; Il corpo elegante e tascabile lo rende facile da trasportare e da svapare sempre e ovunque.<\/li>\n<\/ul>\n<p><img decoding=\"async\" class=\"alignnone wp-image-34842 size-full\" src=\"https:\/\/fizzyvape.eu\/wp-content\/uploads\/2025\/08\/FIZZY-Max-III-6-in-60K-60000-puffs-Flavors--scaled.jpg\" alt=\"\" width=\"1168\" height=\"2560\" srcset=\"https:\/\/fizzyvape.eu\/wp-content\/uploads\/2025\/08\/FIZZY-Max-III-6-in-60K-60000-puffs-Flavors--scaled.jpg 1168w, https:\/\/fizzyvape.eu\/wp-content\/uploads\/2025\/08\/FIZZY-Max-III-6-in-60K-60000-puffs-Flavors--137x300.jpg 137w, https:\/\/fizzyvape.eu\/wp-content\/uploads\/2025\/08\/FIZZY-Max-III-6-in-60K-60000-puffs-Flavors--365x800.jpg 365w, https:\/\/fizzyvape.eu\/wp-content\/uploads\/2025\/08\/FIZZY-Max-III-6-in-60K-60000-puffs-Flavors--768x1684.jpg 768w, https:\/\/fizzyvape.eu\/wp-content\/uploads\/2025\/08\/FIZZY-Max-III-6-in-60K-60000-puffs-Flavors--701x1536.jpg 701w, https:\/\/fizzyvape.eu\/wp-content\/uploads\/2025\/08\/FIZZY-Max-III-6-in-60K-60000-puffs-Flavors--934x2048.jpg 934w, https:\/\/fizzyvape.eu\/wp-content\/uploads\/2025\/08\/FIZZY-Max-III-6-in-60K-60000-puffs-Flavors--430x943.jpg 430w, https:\/\/fizzyvape.eu\/wp-content\/uploads\/2025\/08\/FIZZY-Max-III-6-in-60K-60000-puffs-Flavors--700x1535.jpg 700w, https:\/\/fizzyvape.eu\/wp-content\/uploads\/2025\/08\/FIZZY-Max-III-6-in-60K-60000-puffs-Flavors--150x329.jpg 150w\" sizes=\"(max-width: 1168px) 100vw, 1168px\" \/><\/p>\n<h3>Specifiche del prodotto<\/h3>\n<ul>\n<li><strong>Marchio<\/strong>: Fizzy Vape<\/li>\n<li><strong>Modello<\/strong>: Fizzy Max III 6-in-1<\/li>\n<li><strong>Conteggio delle boccate<\/strong>: Fino a 60.000 boccate<\/li>\n<li><strong>Aromi<\/strong>: 6 aromi commutabili in un unico dispositivo<\/li>\n<li><strong>Batteria<\/strong>: Batteria ricaricabile ad alta capacit\u00e0<\/li>\n<li><strong>E-liquido<\/strong>: Formula premium a base di sali di nicotina<\/li>\n<li><strong>Design<\/strong>: Vape compatto monouso<\/li>\n<\/ul>\n<h3>Perch\u00e9 scegliere Fizzy Max III?<\/h3>\n<p>Fizzy Max III \u00e8 pi\u00f9 di una semplice svapata usa e getta: \u00e8 un&#8217;<strong>esperienza di gusto 6 in 1<\/strong>. Non c&#8217;\u00e8 bisogno di portare con s\u00e9 pi\u00f9 dispositivi, ma di assaporare <strong>sei gusti in<\/strong> un&#8217;unica elegante unit\u00e0. Non c&#8217;\u00e8 bisogno di portare con s\u00e9 pi\u00f9 dispositivi, ma di assaporare sei sapori in un&#8217;unica elegante unit\u00e0. Con un massimo di 60.000 boccate e una batteria ricaricabile, \u00e8 costruita per garantire praticit\u00e0, resistenza e variet\u00e0 di sapori.  <\/p>\n<h3>Perfetto per<\/h3>\n<ul>\n<li>I vapers che amano passare da un aroma all&#8217;altro<\/li>\n<li>Chi desidera una svapata usa e getta <strong>di lunga durata e ad alta capacit\u00e0<\/strong> <\/li>\n<li>Chiunque sia alla ricerca di una soluzione di vaping <strong>portatile e senza problemi<\/strong> <\/li>\n<\/ul>\n","protected":false},"excerpt":{"rendered":"<p><strong>Fizzy Max III 60000 Puffs<\/strong> \u00e8 una svapata ricaricabile usa e getta di qualit\u00e0 superiore con 6 aromi selezionabili. Goditi un gusto morbido, prestazioni potenti e una svapata lunghissima in un unico dispositivo. <\/p>\n","protected":false},"featured_media":34940,"comment_status":"open","ping_status":"closed","template":"","meta":{"iawp_total_views":0},"product_brand":[],"product_cat":[591],"product_tag":[660],"class_list":{"0":"post-35305","1":"product","2":"type-product","3":"status-publish","4":"has-post-thumbnail","6":"product_cat-max-iii-6in1-60k-60000-puffs-sigaretta-elettronica-usa-e-getta-it","7":"product_tag-1-pezzo","9":"first","10":"outofstock","11":"sale","12":"shipping-taxable","13":"purchasable","14":"product-type-variable"},"yoast_head":"<!-- This site is optimized with the Yoast SEO Premium plugin v24.8 (Yoast SEO v24.8) - https:\/\/yoast.com\/wordpress\/plugins\/seo\/ -->\n<title>Fizzy Max III 60000 Puff | Vape ricaricabile usa e getta 6-in-1<\/title>\n<meta name=\"description\" content=\"Acquista Fizzy Max III 60000 puff ricaricabili usa e getta. 6 gusti, 60.000 boccate, gusto morbido, lunga durata e autentico Fizzy Vape.\" \/>\n<meta name=\"robots\" content=\"index, follow, max-snippet:-1, max-image-preview:large, max-video-preview:-1\" \/>\n<link rel=\"canonical\" href=\"https:\/\/fizzyvape.eu\/it\/prodotto\/fizzy-max-iii-6-in-1-60k-60000-puffs-vape-ricaricabile-usa-e-getta\/\" \/>\n<meta property=\"og:locale\" content=\"it_IT\" \/>\n<meta property=\"og:type\" content=\"article\" \/>\n<meta property=\"og:title\" content=\"Fizzy Max III 6-in-1 60k 60000 puffs Vape ricaricabile usa e getta\" \/>\n<meta property=\"og:description\" content=\"Acquista Fizzy Max III 60000 puff ricaricabili usa e getta. 6 gusti, 60.000 boccate, gusto morbido, lunga durata e autentico Fizzy Vape.\" \/>\n<meta property=\"og:url\" content=\"https:\/\/fizzyvape.eu\/it\/prodotto\/fizzy-max-iii-6-in-1-60k-60000-puffs-vape-ricaricabile-usa-e-getta\/\" \/>\n<meta property=\"og:site_name\" content=\"fizzyvape.eu\" \/>\n<meta property=\"og:image\" content=\"https:\/\/fizzyvape.eu\/wp-content\/uploads\/2025\/08\/Fizzy-max-60K-60000-Puffs-Disposable-Vape-3.webp\" \/>\n\t<meta property=\"og:image:width\" content=\"800\" \/>\n\t<meta property=\"og:image:height\" content=\"800\" \/>\n\t<meta property=\"og:image:type\" content=\"image\/webp\" \/>\n<meta name=\"twitter:card\" content=\"summary_large_image\" \/>\n<meta name=\"twitter:label1\" content=\"Disponibilit\u00e0\" \/>\n\t<meta name=\"twitter:data1\" content=\"Esaurito\" \/>\n<script type=\"application\/ld+json\" class=\"yoast-schema-graph\">{\"@context\":\"https:\/\/schema.org\",\"@graph\":[{\"@type\":\"WebPage\",\"@id\":\"https:\/\/fizzyvape.eu\/it\/prodotto\/fizzy-max-iii-6-in-1-60k-60000-puffs-vape-ricaricabile-usa-e-getta\/\",\"url\":\"https:\/\/fizzyvape.eu\/it\/prodotto\/fizzy-max-iii-6-in-1-60k-60000-puffs-vape-ricaricabile-usa-e-getta\/\",\"name\":\"Fizzy Max III 60000 Puff | Vape ricaricabile usa e getta 6-in-1\",\"isPartOf\":{\"@id\":\"https:\/\/www.fizzyvape.eu\/it\/#website\"},\"primaryImageOfPage\":{\"@id\":\"https:\/\/fizzyvape.eu\/it\/prodotto\/fizzy-max-iii-6-in-1-60k-60000-puffs-vape-ricaricabile-usa-e-getta\/#primaryimage\"},\"image\":{\"@id\":\"https:\/\/fizzyvape.eu\/it\/prodotto\/fizzy-max-iii-6-in-1-60k-60000-puffs-vape-ricaricabile-usa-e-getta\/#primaryimage\"},\"thumbnailUrl\":\"https:\/\/fizzyvape.eu\/wp-content\/uploads\/2025\/08\/Fizzy-max-60K-60000-Puffs-Disposable-Vape-3.webp\",\"datePublished\":\"2025-08-28T10:07:11+00:00\",\"description\":\"Acquista Fizzy Max III 60000 puff ricaricabili usa e getta. 6 gusti, 60.000 boccate, gusto morbido, lunga durata e autentico Fizzy Vape.\",\"breadcrumb\":{\"@id\":\"https:\/\/fizzyvape.eu\/it\/prodotto\/fizzy-max-iii-6-in-1-60k-60000-puffs-vape-ricaricabile-usa-e-getta\/#breadcrumb\"},\"inLanguage\":\"it-IT\",\"potentialAction\":[{\"@type\":\"ReadAction\",\"target\":[\"https:\/\/fizzyvape.eu\/it\/prodotto\/fizzy-max-iii-6-in-1-60k-60000-puffs-vape-ricaricabile-usa-e-getta\/\"]}]},{\"@type\":\"ImageObject\",\"inLanguage\":\"it-IT\",\"@id\":\"https:\/\/fizzyvape.eu\/it\/prodotto\/fizzy-max-iii-6-in-1-60k-60000-puffs-vape-ricaricabile-usa-e-getta\/#primaryimage\",\"url\":\"https:\/\/fizzyvape.eu\/wp-content\/uploads\/2025\/08\/Fizzy-max-60K-60000-Puffs-Disposable-Vape-3.webp\",\"contentUrl\":\"https:\/\/fizzyvape.eu\/wp-content\/uploads\/2025\/08\/Fizzy-max-60K-60000-Puffs-Disposable-Vape-3.webp\",\"width\":800,\"height\":800,\"caption\":\"Fizzy max 60K 60000 Puffs Vape usa e getta - 3\"},{\"@type\":\"BreadcrumbList\",\"@id\":\"https:\/\/fizzyvape.eu\/it\/prodotto\/fizzy-max-iii-6-in-1-60k-60000-puffs-vape-ricaricabile-usa-e-getta\/#breadcrumb\",\"itemListElement\":[{\"@type\":\"ListItem\",\"position\":1,\"name\":\"Home\",\"item\":\"https:\/\/fizzyvape.eu\/it\/\"},{\"@type\":\"ListItem\",\"position\":2,\"name\":\"Negozio\",\"item\":\"https:\/\/www.fizzyvape.eu\/it\/negozio\/\"},{\"@type\":\"ListItem\",\"position\":3,\"name\":\"Fizzy Max III 6-in-1 60k 60000 puffs Vape ricaricabile usa e getta\"}]},{\"@type\":\"WebSite\",\"@id\":\"https:\/\/www.fizzyvape.eu\/it\/#website\",\"url\":\"https:\/\/www.fizzyvape.eu\/it\/\",\"name\":\"fizzyvape.eu\",\"description\":\"Refreshing Vapes. Unforgettable Taste.\",\"publisher\":{\"@id\":\"https:\/\/www.fizzyvape.eu\/it\/#organization\"},\"potentialAction\":[{\"@type\":\"SearchAction\",\"target\":{\"@type\":\"EntryPoint\",\"urlTemplate\":\"https:\/\/www.fizzyvape.eu\/it\/?s={search_term_string}\"},\"query-input\":{\"@type\":\"PropertyValueSpecification\",\"valueRequired\":true,\"valueName\":\"search_term_string\"}}],\"inLanguage\":\"it-IT\"},{\"@type\":\"Organization\",\"@id\":\"https:\/\/www.fizzyvape.eu\/it\/#organization\",\"name\":\"fizzyvape.eu\",\"url\":\"https:\/\/www.fizzyvape.eu\/it\/\",\"logo\":{\"@type\":\"ImageObject\",\"inLanguage\":\"it-IT\",\"@id\":\"https:\/\/www.fizzyvape.eu\/it\/#\/schema\/logo\/image\/\",\"url\":\"https:\/\/fizzyvape.eu\/wp-content\/uploads\/2019\/06\/print-1.svg\",\"contentUrl\":\"https:\/\/fizzyvape.eu\/wp-content\/uploads\/2019\/06\/print-1.svg\",\"width\":124,\"height\":37,\"caption\":\"fizzyvape.eu\"},\"image\":{\"@id\":\"https:\/\/www.fizzyvape.eu\/it\/#\/schema\/logo\/image\/\"}}]}<\/script>\n<meta property=\"og:availability\" content=\"out of stock\" \/>\n<meta property=\"product:availability\" content=\"out of stock\" \/>\n<meta property=\"product:condition\" content=\"new\" \/>\n<!-- \/ Yoast SEO Premium plugin. -->","yoast_head_json":{"title":"Fizzy Max III 60000 Puff | Vape ricaricabile usa e getta 6-in-1","description":"Acquista Fizzy Max III 60000 puff ricaricabili usa e getta. 6 gusti, 60.000 boccate, gusto morbido, lunga durata e autentico Fizzy Vape.","robots":{"index":"index","follow":"follow","max-snippet":"max-snippet:-1","max-image-preview":"max-image-preview:large","max-video-preview":"max-video-preview:-1"},"canonical":"https:\/\/fizzyvape.eu\/it\/prodotto\/fizzy-max-iii-6-in-1-60k-60000-puffs-vape-ricaricabile-usa-e-getta\/","og_locale":"it_IT","og_type":"article","og_title":"Fizzy Max III 6-in-1 60k 60000 puffs Vape ricaricabile usa e getta","og_description":"Acquista Fizzy Max III 60000 puff ricaricabili usa e getta. 6 gusti, 60.000 boccate, gusto morbido, lunga durata e autentico Fizzy Vape.","og_url":"https:\/\/fizzyvape.eu\/it\/prodotto\/fizzy-max-iii-6-in-1-60k-60000-puffs-vape-ricaricabile-usa-e-getta\/","og_site_name":"fizzyvape.eu","og_image":[{"width":800,"height":800,"url":"https:\/\/fizzyvape.eu\/wp-content\/uploads\/2025\/08\/Fizzy-max-60K-60000-Puffs-Disposable-Vape-3.webp","type":"image\/webp"}],"twitter_card":"summary_large_image","twitter_misc":{"Disponibilit\u00e0":"Esaurito"},"schema":{"@context":"https:\/\/schema.org","@graph":[{"@type":"WebPage","@id":"https:\/\/fizzyvape.eu\/it\/prodotto\/fizzy-max-iii-6-in-1-60k-60000-puffs-vape-ricaricabile-usa-e-getta\/","url":"https:\/\/fizzyvape.eu\/it\/prodotto\/fizzy-max-iii-6-in-1-60k-60000-puffs-vape-ricaricabile-usa-e-getta\/","name":"Fizzy Max III 60000 Puff | Vape ricaricabile usa e getta 6-in-1","isPartOf":{"@id":"https:\/\/www.fizzyvape.eu\/it\/#website"},"primaryImageOfPage":{"@id":"https:\/\/fizzyvape.eu\/it\/prodotto\/fizzy-max-iii-6-in-1-60k-60000-puffs-vape-ricaricabile-usa-e-getta\/#primaryimage"},"image":{"@id":"https:\/\/fizzyvape.eu\/it\/prodotto\/fizzy-max-iii-6-in-1-60k-60000-puffs-vape-ricaricabile-usa-e-getta\/#primaryimage"},"thumbnailUrl":"https:\/\/fizzyvape.eu\/wp-content\/uploads\/2025\/08\/Fizzy-max-60K-60000-Puffs-Disposable-Vape-3.webp","datePublished":"2025-08-28T10:07:11+00:00","description":"Acquista Fizzy Max III 60000 puff ricaricabili usa e getta. 6 gusti, 60.000 boccate, gusto morbido, lunga durata e autentico Fizzy Vape.","breadcrumb":{"@id":"https:\/\/fizzyvape.eu\/it\/prodotto\/fizzy-max-iii-6-in-1-60k-60000-puffs-vape-ricaricabile-usa-e-getta\/#breadcrumb"},"inLanguage":"it-IT","potentialAction":[{"@type":"ReadAction","target":["https:\/\/fizzyvape.eu\/it\/prodotto\/fizzy-max-iii-6-in-1-60k-60000-puffs-vape-ricaricabile-usa-e-getta\/"]}]},{"@type":"ImageObject","inLanguage":"it-IT","@id":"https:\/\/fizzyvape.eu\/it\/prodotto\/fizzy-max-iii-6-in-1-60k-60000-puffs-vape-ricaricabile-usa-e-getta\/#primaryimage","url":"https:\/\/fizzyvape.eu\/wp-content\/uploads\/2025\/08\/Fizzy-max-60K-60000-Puffs-Disposable-Vape-3.webp","contentUrl":"https:\/\/fizzyvape.eu\/wp-content\/uploads\/2025\/08\/Fizzy-max-60K-60000-Puffs-Disposable-Vape-3.webp","width":800,"height":800,"caption":"Fizzy max 60K 60000 Puffs Vape usa e getta - 3"},{"@type":"BreadcrumbList","@id":"https:\/\/fizzyvape.eu\/it\/prodotto\/fizzy-max-iii-6-in-1-60k-60000-puffs-vape-ricaricabile-usa-e-getta\/#breadcrumb","itemListElement":[{"@type":"ListItem","position":1,"name":"Home","item":"https:\/\/fizzyvape.eu\/it\/"},{"@type":"ListItem","position":2,"name":"Negozio","item":"https:\/\/www.fizzyvape.eu\/it\/negozio\/"},{"@type":"ListItem","position":3,"name":"Fizzy Max III 6-in-1 60k 60000 puffs Vape ricaricabile usa e getta"}]},{"@type":"WebSite","@id":"https:\/\/www.fizzyvape.eu\/it\/#website","url":"https:\/\/www.fizzyvape.eu\/it\/","name":"fizzyvape.eu","description":"Refreshing Vapes. Unforgettable Taste.","publisher":{"@id":"https:\/\/www.fizzyvape.eu\/it\/#organization"},"potentialAction":[{"@type":"SearchAction","target":{"@type":"EntryPoint","urlTemplate":"https:\/\/www.fizzyvape.eu\/it\/?s={search_term_string}"},"query-input":{"@type":"PropertyValueSpecification","valueRequired":true,"valueName":"search_term_string"}}],"inLanguage":"it-IT"},{"@type":"Organization","@id":"https:\/\/www.fizzyvape.eu\/it\/#organization","name":"fizzyvape.eu","url":"https:\/\/www.fizzyvape.eu\/it\/","logo":{"@type":"ImageObject","inLanguage":"it-IT","@id":"https:\/\/www.fizzyvape.eu\/it\/#\/schema\/logo\/image\/","url":"https:\/\/fizzyvape.eu\/wp-content\/uploads\/2019\/06\/print-1.svg","contentUrl":"https:\/\/fizzyvape.eu\/wp-content\/uploads\/2019\/06\/print-1.svg","width":124,"height":37,"caption":"fizzyvape.eu"},"image":{"@id":"https:\/\/www.fizzyvape.eu\/it\/#\/schema\/logo\/image\/"}}]},"og_availability":"out of stock","product_availability":"out of stock","product_condition":"new"},"tiered_pricing_type":"fixed","tiered_pricing_fixed_rules":[],"tiered_pricing_product_settings":{"layout":"default","base_unit_name":{"singular":null,"plural":null},"default_variation":null},"tiered_pricing_minimum_quantity":null,"tiered_pricing_roles_data":[],"tiered_pricing_percentage_rules":[],"tiered_pricing_maximum_quantity":null,"tiered_pricing_quantity_step":null,"_links":{"self":[{"href":"https:\/\/fizzyvape.eu\/it\/wp-json\/wp\/v2\/product\/35305","targetHints":{"allow":["GET"]}}],"collection":[{"href":"https:\/\/fizzyvape.eu\/it\/wp-json\/wp\/v2\/product"}],"about":[{"href":"https:\/\/fizzyvape.eu\/it\/wp-json\/wp\/v2\/types\/product"}],"replies":[{"embeddable":true,"href":"https:\/\/fizzyvape.eu\/it\/wp-json\/wp\/v2\/comments?post=35305"}],"version-history":[{"count":0,"href":"https:\/\/fizzyvape.eu\/it\/wp-json\/wp\/v2\/product\/35305\/revisions"}],"wp:featuredmedia":[{"embeddable":true,"href":"https:\/\/fizzyvape.eu\/it\/wp-json\/wp\/v2\/media\/34940"}],"wp:attachment":[{"href":"https:\/\/fizzyvape.eu\/it\/wp-json\/wp\/v2\/media?parent=35305"}],"wp:term":[{"taxonomy":"product_brand","embeddable":true,"href":"https:\/\/fizzyvape.eu\/it\/wp-json\/wp\/v2\/product_brand?post=35305"},{"taxonomy":"product_cat","embeddable":true,"href":"https:\/\/fizzyvape.eu\/it\/wp-json\/wp\/v2\/product_cat?post=35305"},{"taxonomy":"product_tag","embeddable":true,"href":"https:\/\/fizzyvape.eu\/it\/wp-json\/wp\/v2\/product_tag?post=35305"}],"curies":[{"name":"wp","href":"https:\/\/api.w.org\/{rel}","templated":true}]}}