{"id":35337,"date":"2025-08-29T14:32:49","date_gmt":"2025-08-29T06:32:49","guid":{"rendered":"https:\/\/fizzyvape.eu\/product\/fizzy-twins-50000-puffs-a-doppio-gusto-usa-e-getta-tutti-i-gusti-10-pezzi\/"},"modified":"2025-08-29T14:32:49","modified_gmt":"2025-08-29T06:32:49","slug":"fizzy-twins-50000-puffs-a-doppio-gusto-usa-e-getta-tutti-i-gusti-10-pezzi","status":"publish","type":"product","link":"https:\/\/fizzyvape.eu\/it\/prodotto\/fizzy-twins-50000-puffs-a-doppio-gusto-usa-e-getta-tutti-i-gusti-10-pezzi\/","title":{"rendered":"Fizzy Twins 50000 Puffs a doppio gusto usa e getta (tutti i gusti) &#8211; 10 pezzi"},"content":{"rendered":"<div style=\"width: 1280px;\" class=\"wp-video\"><!--[if lt IE 9]><script>document.createElement('video');<\/script><![endif]-->\n<video class=\"wp-video-shortcode\" id=\"video-35337-1\" width=\"1280\" height=\"720\" preload=\"metadata\" controls=\"controls\"><source type=\"video\/mp4\" src=\"https:\/\/fizzyvape.eu\/wp-content\/uploads\/2025\/08\/Fizzy-Twins-50000-Puffs-Disposable-Vape.mp4?_=1\" \/><a href=\"https:\/\/fizzyvape.eu\/wp-content\/uploads\/2025\/08\/Fizzy-Twins-50000-Puffs-Disposable-Vape.mp4\">https:\/\/fizzyvape.eu\/wp-content\/uploads\/2025\/08\/Fizzy-Twins-50000-Puffs-Disposable-Vape.mp4<\/a><\/video><\/div>\n<h1>Fizzy Twins 50000 boccate &#8211; Vape ricaricabile usa e getta a doppio gusto<\/h1>\n<p><strong>Fizzy Twins 50000 Puffs<\/strong> (conosciuto anche come <strong>Fizzy Twins 50k Puffs<\/strong>) \u00e8 un rivoluzionario dispositivo di svapo usa e getta progettato per i vapers che vogliono pi\u00f9 sapore, pi\u00f9 boccate e pi\u00f9 convenienza. Grazie al suo <strong>sistema di commutazione a doppio gusto<\/strong>, puoi facilmente passare da un aroma all&#8217;altro in un unico dispositivo, perfetto per chi desidera la variet\u00e0. <\/p>\n<p>Con un&#8217;erogazione fino a <strong>50.000 boccate<\/strong>, questa svapata di qualit\u00e0 assicura prestazioni di lunga durata. Dotata di una <strong>porta ricaricabile Type-C<\/strong> e di un&#8217;avanzata <strong>tecnologia di coil a rete<\/strong>, garantisce un vapore omogeneo, un gusto deciso e una soddisfazione costante. <\/p>\n<h3>Caratteristiche principali<\/h3>\n<ul>\n<li>\ud83d\udd39 <strong>Dual Flavor Switch<\/strong> &#8211; Goditi 2 sapori in un unico dispositivo<\/li>\n<li>\ud83d\udd39 <strong>Massiccia capacit\u00e0 di 50.000 boccate<\/strong> &#8211; Costruita per durare nel tempo<\/li>\n<li>\ud83d\udd39 <strong>Ricaricabile via Type-C<\/strong> &#8211; Ecologico e di lunga durata<\/li>\n<li>\ud83d\udd39 <strong>Tecnologia Mesh Coil<\/strong> &#8211; Gusto ricco e nuvole dense<\/li>\n<li>\ud83d\udd39 <strong>Autentico Fizzy Vape<\/strong> &#8211; Spedito dal magazzino UE con garanzia di qualit\u00e0<\/li>\n<\/ul>\n<h3>Per chi \u00e8?<\/h3>\n<ul>\n<li>I vapers che vogliono avere pi\u00f9 aromi senza dover portare con s\u00e9 pi\u00f9 dispositivi<\/li>\n<li>Chi ha bisogno di un&#8217;<strong>altissima capacit\u00e0 di soffio<\/strong> per un utilizzo a lungo termine<\/li>\n<li>Chiunque sia alla ricerca di una svapata usa e getta ricaricabile e senza problemi<\/li>\n<\/ul>\n<h3>Elenco dei gusti di <strong>Fizzy Twins <\/strong>50000 Puffs:<\/h3>\n<ol>\n<li><a href=\"https:\/\/fizzyvape.eu\/it\/prodotto\/fizzy-twins-anguria-ghiaccio-e-fragola-kiwi-50000-bigne-10-pezzi\/\">Ghiaccio all&#8217;anguria e Kiwi alla fragola<\/a><\/li>\n<li><a href=\"https:\/\/fizzyvape.eu\/it\/prodotto\/fizzy-twins-fragola-kiwi-melograno-red-bull-50000-bigne-10-pezzi\/\">Fragola Kiwi Melograno &amp; Red Bull<\/a><\/li>\n<li><a href=\"https:\/\/fizzyvape.eu\/it\/prodotto\/fizzy-twins-mirtillo-cocco-e-uva-ghiacciata-50000-bigne-10-pz\/\">Ghiaccio al cocco e all&#8217;uva<\/a><\/li>\n<li><a href=\"https:\/\/fizzyvape.eu\/it\/prodotto\/fizzy-twins-blue-razz-lemonade-triple-melon-50000-bigne-10-pezzi\/\">Limonata Blue Razz e Triplo Melone<\/a><\/li>\n<li><a href=\"https:\/\/fizzyvape.eu\/it\/prodotto\/fizzy-twins-fragola-anguria-e-mirtillo-50000-bigne-10-pezzi\/\">Ghiaccio alla fragola, anguria e mirtillo<\/a><\/li>\n<li><a href=\"https:\/\/fizzyvape.eu\/it\/prodotto\/fizzy-twins-pesca-mango-anguria-e-fragola-banana-50000-bigne-10-pezzi\/\">Pesca, mango, anguria e fragola e banana<\/a><\/li>\n<li><a href=\"https:\/\/fizzyvape.eu\/it\/prodotto\/fizzy-twins-lampone-anguria-e-kiwi-frutto-della-passione-guava-50000-bigne-10-pz\/\">Lampone Anguria e Kiwi Frutto della passione Guava<\/a><\/li>\n<li><a href=\"https:\/\/fizzyvape.eu\/it\/prodotto\/fizzy-twins-ananas-pesca-frutto-della-passione-e-lampone-mirtillo-50000-bigne-10-pezzi\/\">Ananas Pesca Frutto della Passione e Lampone Mirtillo<\/a><\/li>\n<li><a href=\"https:\/\/fizzyvape.eu\/it\/prodotto\/fizzy-twins-anguria-ghiaccio-e-limone-lime-50000-bigne-10-pz\/\">Ghiaccio all&#8217;anguria e limone e lime<\/a><\/li>\n<li><a href=\"https:\/\/fizzyvape.eu\/it\/prodotto\/fizzy-twins-misto-frutta-e-pesca-50000-bigne-10-pezzi\/\">Ghiaccio misto ai frutti di bosco e alla pesca<\/a><\/li>\n<li><a href=\"https:\/\/fizzyvape.eu\/it\/prodotto\/fizzy-twins-fragola-ghiacciata-e-ciliegia-frizzante-50000-bigne-10-pz\/\">Ghiaccio alla fragola e ciliegia frizzante<\/a><\/li>\n<li><a href=\"https:\/\/fizzyvape.eu\/it\/prodotto\/fizzy-twins-limonata-al-lampone-e-ghiaccio-alla-fragola-50000-bigne-10-pz\/\">Limonata al lampone e ghiaccio alla fragola<\/a><\/li>\n<\/ol>\n<p><img decoding=\"async\" class=\"alignnone wp-image-34860 size-full\" src=\"https:\/\/fizzyvape.eu\/wp-content\/uploads\/2025\/08\/FIZZY-Twins-50K-50000-puffs-Flavors--scaled.jpg\" alt=\"\" width=\"1354\" height=\"2560\" srcset=\"https:\/\/fizzyvape.eu\/wp-content\/uploads\/2025\/08\/FIZZY-Twins-50K-50000-puffs-Flavors--scaled.jpg 1354w, https:\/\/fizzyvape.eu\/wp-content\/uploads\/2025\/08\/FIZZY-Twins-50K-50000-puffs-Flavors--159x300.jpg 159w, https:\/\/fizzyvape.eu\/wp-content\/uploads\/2025\/08\/FIZZY-Twins-50K-50000-puffs-Flavors--423x800.jpg 423w, https:\/\/fizzyvape.eu\/wp-content\/uploads\/2025\/08\/FIZZY-Twins-50K-50000-puffs-Flavors--768x1452.jpg 768w, https:\/\/fizzyvape.eu\/wp-content\/uploads\/2025\/08\/FIZZY-Twins-50K-50000-puffs-Flavors--812x1536.jpg 812w, https:\/\/fizzyvape.eu\/wp-content\/uploads\/2025\/08\/FIZZY-Twins-50K-50000-puffs-Flavors--1083x2048.jpg 1083w, https:\/\/fizzyvape.eu\/wp-content\/uploads\/2025\/08\/FIZZY-Twins-50K-50000-puffs-Flavors--430x813.jpg 430w, https:\/\/fizzyvape.eu\/wp-content\/uploads\/2025\/08\/FIZZY-Twins-50K-50000-puffs-Flavors--700x1323.jpg 700w, https:\/\/fizzyvape.eu\/wp-content\/uploads\/2025\/08\/FIZZY-Twins-50K-50000-puffs-Flavors--150x284.jpg 150w\" sizes=\"(max-width: 1354px) 100vw, 1354px\" \/><\/p>\n<h3>Perch\u00e9 scegliere Fizzy Twins 50000 Puffs?<\/h3>\n<p>A differenza delle normali sigarette usa e getta, <strong>Fizzy Twins 50000 Puffs<\/strong> ti offre <strong>due gusti in uno<\/strong>, un <strong>numero enorme di 50.000 puff<\/strong> e la <strong>possibilit\u00e0 di ricaricarle, rendendole<\/strong>una delle opzioni pi\u00f9 convenienti sul mercato.<\/p>\n<h3>DOMANDE FREQUENTI<\/h3>\n<p><strong>D: Quanto dura Fizzy Twins 50000 Puffs?<\/strong><br \/>\nR: Fornisce fino a <strong>50.000 puff<\/strong>, con una durata di settimane a seconda dell&#8217;uso.<\/p>\n<p><strong>D: Posso ricaricarlo?<\/strong><br \/>\nR: S\u00ec, \u00e8 dotato di una <strong>porta di ricarica Type-C<\/strong> per un uso prolungato.<\/p>\n<p><strong>D: \u00c8 autentico?<\/strong><br \/>\nR: Assolutamente s\u00ec! Vendiamo solo <strong>prodotti Fizzy Vape originali<\/strong>, spediti direttamente dal nostro magazzino europeo. <\/p>\n","protected":false},"excerpt":{"rendered":"<p>Prova la potenza di <strong>Fizzy Twins 50000 Puffs <\/strong>, un dispositivo monouso a doppio gusto con una capacit\u00e0 di <strong>50.000 puff<\/strong>, una porta ricaricabile Type-C e un gusto ricco di mesh-coil. Due gusti, un solo dispositivo, una soddisfazione infinita. <\/p>\n","protected":false},"featured_media":29218,"comment_status":"open","ping_status":"closed","template":"","meta":{"iawp_total_views":27},"product_brand":[],"product_cat":[948,957,255],"product_tag":[647],"class_list":{"0":"post-35337","1":"product","2":"type-product","3":"status-publish","4":"has-post-thumbnail","6":"product_cat-eu-warehouse-it","7":"product_cat-hot-selling-vape-it","8":"product_cat-twins-sigaretta-elettronica-usa-e-getta-da-50000-tiri-it","9":"product_tag-tutti-i-gusti","11":"first","12":"outofstock","13":"sale","14":"shipping-taxable","15":"purchasable","16":"product-type-variable"},"yoast_head":"<!-- This site is optimized with the Yoast SEO Premium plugin v24.8 (Yoast SEO v27.4) - https:\/\/yoast.com\/product\/yoast-seo-premium-wordpress\/ -->\n<title>Fizzy Twins 50000 Puffs - Acquista Vape a doppio gusto 50k Puffs | Miglior prezzo UE<\/title>\n<meta name=\"description\" content=\"Acquista Fizzy Twins 50000 Puffs (50k Puffs) al miglior prezzo! Interruttore a doppio gusto, ricaricabile, 50k tiri, spedizione veloce in Europa. Scorte limitate, ordina ora!\" \/>\n<meta name=\"robots\" content=\"index, follow, max-snippet:-1, max-image-preview:large, max-video-preview:-1\" \/>\n<link rel=\"canonical\" href=\"https:\/\/fizzyvape.eu\/it\/prodotto\/fizzy-twins-50000-puffs-a-doppio-gusto-usa-e-getta-tutti-i-gusti-10-pezzi\/\" \/>\n<meta property=\"og:locale\" content=\"it_IT\" \/>\n<meta property=\"og:type\" content=\"article\" \/>\n<meta property=\"og:title\" content=\"Fizzy Twins 50000 Puffs a doppio gusto usa e getta (tutti i gusti) - 10 pezzi\" \/>\n<meta property=\"og:description\" content=\"Acquista Fizzy Twins 50000 Puffs (50k Puffs) al miglior prezzo! Interruttore a doppio gusto, ricaricabile, 50k tiri, spedizione veloce in Europa. Scorte limitate, ordina ora!\" \/>\n<meta property=\"og:url\" content=\"https:\/\/fizzyvape.eu\/it\/prodotto\/fizzy-twins-50000-puffs-a-doppio-gusto-usa-e-getta-tutti-i-gusti-10-pezzi\/\" \/>\n<meta property=\"og:site_name\" content=\"fizzyvape.eu\" \/>\n<meta property=\"og:image\" content=\"https:\/\/fizzyvape.eu\/wp-content\/uploads\/2025\/04\/Fizzy-Twins-50000Puffs-8.webp\" \/>\n\t<meta property=\"og:image:width\" content=\"800\" \/>\n\t<meta property=\"og:image:height\" content=\"800\" \/>\n\t<meta property=\"og:image:type\" content=\"image\/webp\" \/>\n<meta name=\"twitter:card\" content=\"summary_large_image\" \/>\n<meta name=\"twitter:label1\" content=\"Disponibilit\u00e0\" \/>\n\t<meta name=\"twitter:data1\" content=\"Esaurito\" \/>\n<script type=\"application\/ld+json\" class=\"yoast-schema-graph\">{\"@context\":\"https:\\\/\\\/schema.org\",\"@graph\":[{\"@type\":\"WebPage\",\"@id\":\"https:\\\/\\\/fizzyvape.eu\\\/it\\\/prodotto\\\/fizzy-twins-50000-puffs-a-doppio-gusto-usa-e-getta-tutti-i-gusti-10-pezzi\\\/\",\"url\":\"https:\\\/\\\/fizzyvape.eu\\\/it\\\/prodotto\\\/fizzy-twins-50000-puffs-a-doppio-gusto-usa-e-getta-tutti-i-gusti-10-pezzi\\\/\",\"name\":\"Fizzy Twins 50000 Puffs - Acquista Vape a doppio gusto 50k Puffs | Miglior prezzo UE\",\"isPartOf\":{\"@id\":\"https:\\\/\\\/www.fizzyvape.eu\\\/it\\\/#website\"},\"primaryImageOfPage\":{\"@id\":\"https:\\\/\\\/fizzyvape.eu\\\/it\\\/prodotto\\\/fizzy-twins-50000-puffs-a-doppio-gusto-usa-e-getta-tutti-i-gusti-10-pezzi\\\/#primaryimage\"},\"image\":{\"@id\":\"https:\\\/\\\/fizzyvape.eu\\\/it\\\/prodotto\\\/fizzy-twins-50000-puffs-a-doppio-gusto-usa-e-getta-tutti-i-gusti-10-pezzi\\\/#primaryimage\"},\"thumbnailUrl\":\"https:\\\/\\\/fizzyvape.eu\\\/wp-content\\\/uploads\\\/2025\\\/04\\\/Fizzy-Twins-50000Puffs-8.webp\",\"datePublished\":\"2025-08-29T06:32:49+00:00\",\"description\":\"Acquista Fizzy Twins 50000 Puffs (50k Puffs) al miglior prezzo! Interruttore a doppio gusto, ricaricabile, 50k tiri, spedizione veloce in Europa. Scorte limitate, ordina ora!\",\"breadcrumb\":{\"@id\":\"https:\\\/\\\/fizzyvape.eu\\\/it\\\/prodotto\\\/fizzy-twins-50000-puffs-a-doppio-gusto-usa-e-getta-tutti-i-gusti-10-pezzi\\\/#breadcrumb\"},\"inLanguage\":\"it-IT\",\"potentialAction\":[{\"@type\":\"ReadAction\",\"target\":[\"https:\\\/\\\/fizzyvape.eu\\\/it\\\/prodotto\\\/fizzy-twins-50000-puffs-a-doppio-gusto-usa-e-getta-tutti-i-gusti-10-pezzi\\\/\"]}]},{\"@type\":\"ImageObject\",\"inLanguage\":\"it-IT\",\"@id\":\"https:\\\/\\\/fizzyvape.eu\\\/it\\\/prodotto\\\/fizzy-twins-50000-puffs-a-doppio-gusto-usa-e-getta-tutti-i-gusti-10-pezzi\\\/#primaryimage\",\"url\":\"https:\\\/\\\/fizzyvape.eu\\\/wp-content\\\/uploads\\\/2025\\\/04\\\/Fizzy-Twins-50000Puffs-8.webp\",\"contentUrl\":\"https:\\\/\\\/fizzyvape.eu\\\/wp-content\\\/uploads\\\/2025\\\/04\\\/Fizzy-Twins-50000Puffs-8.webp\",\"width\":800,\"height\":800,\"caption\":\"Fizzy Twins 50000 Puffs Vape usa e getta\"},{\"@type\":\"BreadcrumbList\",\"@id\":\"https:\\\/\\\/fizzyvape.eu\\\/it\\\/prodotto\\\/fizzy-twins-50000-puffs-a-doppio-gusto-usa-e-getta-tutti-i-gusti-10-pezzi\\\/#breadcrumb\",\"itemListElement\":[{\"@type\":\"ListItem\",\"position\":1,\"name\":\"Home\",\"item\":\"https:\\\/\\\/fizzyvape.eu\\\/it\\\/\"},{\"@type\":\"ListItem\",\"position\":2,\"name\":\"Negozio\",\"item\":\"https:\\\/\\\/www.fizzyvape.eu\\\/it\\\/negozio\\\/\"},{\"@type\":\"ListItem\",\"position\":3,\"name\":\"Fizzy Twins 50000 Puffs a doppio gusto usa e getta (tutti i gusti) &#8211; 10 pezzi\"}]},{\"@type\":\"WebSite\",\"@id\":\"https:\\\/\\\/www.fizzyvape.eu\\\/it\\\/#website\",\"url\":\"https:\\\/\\\/www.fizzyvape.eu\\\/it\\\/\",\"name\":\"fizzyvape.eu\",\"description\":\"Refreshing Vapes. Unforgettable Taste.\",\"publisher\":{\"@id\":\"https:\\\/\\\/www.fizzyvape.eu\\\/it\\\/#organization\"},\"potentialAction\":[{\"@type\":\"SearchAction\",\"target\":{\"@type\":\"EntryPoint\",\"urlTemplate\":\"https:\\\/\\\/www.fizzyvape.eu\\\/it\\\/?s={search_term_string}\"},\"query-input\":{\"@type\":\"PropertyValueSpecification\",\"valueRequired\":true,\"valueName\":\"search_term_string\"}}],\"inLanguage\":\"it-IT\"},{\"@type\":\"Organization\",\"@id\":\"https:\\\/\\\/www.fizzyvape.eu\\\/it\\\/#organization\",\"name\":\"fizzyvape.eu\",\"url\":\"https:\\\/\\\/www.fizzyvape.eu\\\/it\\\/\",\"logo\":{\"@type\":\"ImageObject\",\"inLanguage\":\"it-IT\",\"@id\":\"https:\\\/\\\/www.fizzyvape.eu\\\/it\\\/#\\\/schema\\\/logo\\\/image\\\/\",\"url\":\"https:\\\/\\\/fizzyvape.eu\\\/wp-content\\\/uploads\\\/2019\\\/06\\\/print-1.svg\",\"contentUrl\":\"https:\\\/\\\/fizzyvape.eu\\\/wp-content\\\/uploads\\\/2019\\\/06\\\/print-1.svg\",\"width\":124,\"height\":37,\"caption\":\"fizzyvape.eu\"},\"image\":{\"@id\":\"https:\\\/\\\/www.fizzyvape.eu\\\/it\\\/#\\\/schema\\\/logo\\\/image\\\/\"}}]}<\/script>\n<meta property=\"og:availability\" content=\"out of stock\" \/>\n<meta property=\"product:availability\" content=\"out of stock\" \/>\n<meta property=\"product:condition\" content=\"new\" \/>\n<!-- \/ Yoast SEO Premium plugin. -->","yoast_head_json":{"title":"Fizzy Twins 50000 Puffs - Acquista Vape a doppio gusto 50k Puffs | Miglior prezzo UE","description":"Acquista Fizzy Twins 50000 Puffs (50k Puffs) al miglior prezzo! Interruttore a doppio gusto, ricaricabile, 50k tiri, spedizione veloce in Europa. Scorte limitate, ordina ora!","robots":{"index":"index","follow":"follow","max-snippet":"max-snippet:-1","max-image-preview":"max-image-preview:large","max-video-preview":"max-video-preview:-1"},"canonical":"https:\/\/fizzyvape.eu\/it\/prodotto\/fizzy-twins-50000-puffs-a-doppio-gusto-usa-e-getta-tutti-i-gusti-10-pezzi\/","og_locale":"it_IT","og_type":"article","og_title":"Fizzy Twins 50000 Puffs a doppio gusto usa e getta (tutti i gusti) - 10 pezzi","og_description":"Acquista Fizzy Twins 50000 Puffs (50k Puffs) al miglior prezzo! Interruttore a doppio gusto, ricaricabile, 50k tiri, spedizione veloce in Europa. Scorte limitate, ordina ora!","og_url":"https:\/\/fizzyvape.eu\/it\/prodotto\/fizzy-twins-50000-puffs-a-doppio-gusto-usa-e-getta-tutti-i-gusti-10-pezzi\/","og_site_name":"fizzyvape.eu","og_image":[{"width":800,"height":800,"url":"https:\/\/fizzyvape.eu\/wp-content\/uploads\/2025\/04\/Fizzy-Twins-50000Puffs-8.webp","type":"image\/webp"}],"twitter_card":"summary_large_image","twitter_misc":{"Disponibilit\u00e0":"Esaurito"},"schema":{"@context":"https:\/\/schema.org","@graph":[{"@type":"WebPage","@id":"https:\/\/fizzyvape.eu\/it\/prodotto\/fizzy-twins-50000-puffs-a-doppio-gusto-usa-e-getta-tutti-i-gusti-10-pezzi\/","url":"https:\/\/fizzyvape.eu\/it\/prodotto\/fizzy-twins-50000-puffs-a-doppio-gusto-usa-e-getta-tutti-i-gusti-10-pezzi\/","name":"Fizzy Twins 50000 Puffs - Acquista Vape a doppio gusto 50k Puffs | Miglior prezzo UE","isPartOf":{"@id":"https:\/\/www.fizzyvape.eu\/it\/#website"},"primaryImageOfPage":{"@id":"https:\/\/fizzyvape.eu\/it\/prodotto\/fizzy-twins-50000-puffs-a-doppio-gusto-usa-e-getta-tutti-i-gusti-10-pezzi\/#primaryimage"},"image":{"@id":"https:\/\/fizzyvape.eu\/it\/prodotto\/fizzy-twins-50000-puffs-a-doppio-gusto-usa-e-getta-tutti-i-gusti-10-pezzi\/#primaryimage"},"thumbnailUrl":"https:\/\/fizzyvape.eu\/wp-content\/uploads\/2025\/04\/Fizzy-Twins-50000Puffs-8.webp","datePublished":"2025-08-29T06:32:49+00:00","description":"Acquista Fizzy Twins 50000 Puffs (50k Puffs) al miglior prezzo! Interruttore a doppio gusto, ricaricabile, 50k tiri, spedizione veloce in Europa. Scorte limitate, ordina ora!","breadcrumb":{"@id":"https:\/\/fizzyvape.eu\/it\/prodotto\/fizzy-twins-50000-puffs-a-doppio-gusto-usa-e-getta-tutti-i-gusti-10-pezzi\/#breadcrumb"},"inLanguage":"it-IT","potentialAction":[{"@type":"ReadAction","target":["https:\/\/fizzyvape.eu\/it\/prodotto\/fizzy-twins-50000-puffs-a-doppio-gusto-usa-e-getta-tutti-i-gusti-10-pezzi\/"]}]},{"@type":"ImageObject","inLanguage":"it-IT","@id":"https:\/\/fizzyvape.eu\/it\/prodotto\/fizzy-twins-50000-puffs-a-doppio-gusto-usa-e-getta-tutti-i-gusti-10-pezzi\/#primaryimage","url":"https:\/\/fizzyvape.eu\/wp-content\/uploads\/2025\/04\/Fizzy-Twins-50000Puffs-8.webp","contentUrl":"https:\/\/fizzyvape.eu\/wp-content\/uploads\/2025\/04\/Fizzy-Twins-50000Puffs-8.webp","width":800,"height":800,"caption":"Fizzy Twins 50000 Puffs Vape usa e getta"},{"@type":"BreadcrumbList","@id":"https:\/\/fizzyvape.eu\/it\/prodotto\/fizzy-twins-50000-puffs-a-doppio-gusto-usa-e-getta-tutti-i-gusti-10-pezzi\/#breadcrumb","itemListElement":[{"@type":"ListItem","position":1,"name":"Home","item":"https:\/\/fizzyvape.eu\/it\/"},{"@type":"ListItem","position":2,"name":"Negozio","item":"https:\/\/www.fizzyvape.eu\/it\/negozio\/"},{"@type":"ListItem","position":3,"name":"Fizzy Twins 50000 Puffs a doppio gusto usa e getta (tutti i gusti) &#8211; 10 pezzi"}]},{"@type":"WebSite","@id":"https:\/\/www.fizzyvape.eu\/it\/#website","url":"https:\/\/www.fizzyvape.eu\/it\/","name":"fizzyvape.eu","description":"Refreshing Vapes. Unforgettable Taste.","publisher":{"@id":"https:\/\/www.fizzyvape.eu\/it\/#organization"},"potentialAction":[{"@type":"SearchAction","target":{"@type":"EntryPoint","urlTemplate":"https:\/\/www.fizzyvape.eu\/it\/?s={search_term_string}"},"query-input":{"@type":"PropertyValueSpecification","valueRequired":true,"valueName":"search_term_string"}}],"inLanguage":"it-IT"},{"@type":"Organization","@id":"https:\/\/www.fizzyvape.eu\/it\/#organization","name":"fizzyvape.eu","url":"https:\/\/www.fizzyvape.eu\/it\/","logo":{"@type":"ImageObject","inLanguage":"it-IT","@id":"https:\/\/www.fizzyvape.eu\/it\/#\/schema\/logo\/image\/","url":"https:\/\/fizzyvape.eu\/wp-content\/uploads\/2019\/06\/print-1.svg","contentUrl":"https:\/\/fizzyvape.eu\/wp-content\/uploads\/2019\/06\/print-1.svg","width":124,"height":37,"caption":"fizzyvape.eu"},"image":{"@id":"https:\/\/www.fizzyvape.eu\/it\/#\/schema\/logo\/image\/"}}]},"og_availability":"out of stock","product_availability":"out of stock","product_condition":"new"},"tiered_pricing_type":"fixed","tiered_pricing_fixed_rules":[],"tiered_pricing_product_settings":{"layout":"default","base_unit_name":{"singular":null,"plural":null},"default_variation":null},"tiered_pricing_minimum_quantity":null,"tiered_pricing_roles_data":[],"tiered_pricing_percentage_rules":[],"tiered_pricing_maximum_quantity":null,"tiered_pricing_quantity_step":null,"_links":{"self":[{"href":"https:\/\/fizzyvape.eu\/it\/wp-json\/wp\/v2\/product\/35337","targetHints":{"allow":["GET"]}}],"collection":[{"href":"https:\/\/fizzyvape.eu\/it\/wp-json\/wp\/v2\/product"}],"about":[{"href":"https:\/\/fizzyvape.eu\/it\/wp-json\/wp\/v2\/types\/product"}],"replies":[{"embeddable":true,"href":"https:\/\/fizzyvape.eu\/it\/wp-json\/wp\/v2\/comments?post=35337"}],"version-history":[{"count":0,"href":"https:\/\/fizzyvape.eu\/it\/wp-json\/wp\/v2\/product\/35337\/revisions"}],"wp:featuredmedia":[{"embeddable":true,"href":"https:\/\/fizzyvape.eu\/it\/wp-json\/wp\/v2\/media\/29218"}],"wp:attachment":[{"href":"https:\/\/fizzyvape.eu\/it\/wp-json\/wp\/v2\/media?parent=35337"}],"wp:term":[{"taxonomy":"product_brand","embeddable":true,"href":"https:\/\/fizzyvape.eu\/it\/wp-json\/wp\/v2\/product_brand?post=35337"},{"taxonomy":"product_cat","embeddable":true,"href":"https:\/\/fizzyvape.eu\/it\/wp-json\/wp\/v2\/product_cat?post=35337"},{"taxonomy":"product_tag","embeddable":true,"href":"https:\/\/fizzyvape.eu\/it\/wp-json\/wp\/v2\/product_tag?post=35337"}],"curies":[{"name":"wp","href":"https:\/\/api.w.org\/{rel}","templated":true}]}}