{"id":35384,"date":"2025-08-29T14:50:08","date_gmt":"2025-08-29T06:50:08","guid":{"rendered":"https:\/\/fizzyvape.eu\/product\/fizzy-max-iii-6-in-1-60000-puff-usa-e-getta-tutti-i-gusti-10-pezzi\/"},"modified":"2025-08-29T14:50:08","modified_gmt":"2025-08-29T06:50:08","slug":"fizzy-max-iii-6-in-1-60000-puff-usa-e-getta-tutti-i-gusti-10-pezzi","status":"publish","type":"product","link":"https:\/\/fizzyvape.eu\/it\/prodotto\/fizzy-max-iii-6-in-1-60000-puff-usa-e-getta-tutti-i-gusti-10-pezzi\/","title":{"rendered":"Fizzy Max III 6-in-1 60000 puff usa e getta (tutti i gusti) &#8211; 10 pezzi"},"content":{"rendered":"<div style=\"width: 853px;\" class=\"wp-video\"><!--[if lt IE 9]><script>document.createElement('video');<\/script><![endif]-->\n<video class=\"wp-video-shortcode\" id=\"video-35384-1\" width=\"853\" height=\"480\" preload=\"metadata\" controls=\"controls\"><source type=\"video\/mp4\" src=\"https:\/\/fizzyvape.eu\/wp-content\/uploads\/2025\/08\/fizzy-max-iii-60000-puff-disposable-vape-wholesal-trusted-pro-disposable-vape-supplier.mp4?_=1\" \/><a href=\"https:\/\/fizzyvape.eu\/wp-content\/uploads\/2025\/08\/fizzy-max-iii-60000-puff-disposable-vape-wholesal-trusted-pro-disposable-vape-supplier.mp4\">https:\/\/fizzyvape.eu\/wp-content\/uploads\/2025\/08\/fizzy-max-iii-60000-puff-disposable-vape-wholesal-trusted-pro-disposable-vape-supplier.mp4<\/a><\/video><\/div>\n<h1>Fizzy Max 60000 Puffs &#8211; 6 gusti in 1 Vape intelligente usa e getta<\/h1>\n<p>La <strong>Fizzy Max 60000 Puffs<\/strong> (conosciuta anche come <strong>Fizzy Max 60k Puffs<\/strong>) \u00e8 la svapata usa e getta definitiva per chi esige variet\u00e0 e prestazioni. Grazie al <strong>sistema di rotazione degli aromi 6-in-1<\/strong>, puoi passare da un aroma all&#8217;altro con un solo dispositivo, offrendo un gusto nuovo a ogni svapata. <\/p>\n<p>Questa potente svapata offre fino a <strong>60.000 boccate<\/strong>, \u00e8 dotata di una <strong>batteria ricaricabile di tipo C<\/strong> e di un <strong>display a LED<\/strong> che mostra i livelli della batteria e dell&#8217;e-liquid. Progettata per garantire soddisfazione e convenienza a lungo termine, <strong>Fizzy Max 60000 Puffs<\/strong> \u00e8 la scelta perfetta per gli amanti della svapo che vogliono tutto. <\/p>\n<h3>Caratteristiche principali<\/h3>\n<ul>\n<li>\ud83d\udd39 <strong>6 gusti in un solo dispositivo<\/strong> &#8211; Ruota tra sei gusti unici all&#8217;istante<\/li>\n<li>\ud83d\udd39 <strong>Ben 60.000 soffi<\/strong> &#8211; Uno degli usa e getta pi\u00f9 duraturi sul mercato<\/li>\n<li>\ud83d\udd39 <strong>Ricaricabile con Type-C<\/strong> &#8211; Ricarica facile e veloce per un utilizzo prolungato<\/li>\n<li><strong>\ud83d\udd39 Display LED intelligente<\/strong>: mostra la durata della batteria e il livello dell&#8217;e-liquid in tempo reale.<\/li>\n<li>\ud83d\udd39 <strong>Tecnologia Mesh Coil<\/strong> &#8211; Vapore omogeneo e aroma intenso<\/li>\n<li>\ud83d\udd39 <strong>Spedito dal magazzino UE<\/strong> &#8211; Autentico Fizzy Vape, consegna veloce, miglior prezzo<\/li>\n<\/ul>\n<h3><strong>Fizzy Max 60K Puffs usa e getta Elenco degli aromi di svapo:<\/strong><\/h3>\n<ol>\n<li><a href=\"https:\/\/fizzyvape.eu\/it\/prodotto\/fizzy-max-iii-6in1-60k-60000-boccate-vape-ricaricabile-usa-e-getta-fragola-lampone-pesca-mango-anguria-mirtillo-10-pezzi\/\">Fragola Lampone e Mango Pesca e Mirtillo Anguria<\/a><\/li>\n<li><a href=\"https:\/\/fizzyvape.eu\/it\/prodotto\/fizzy-max-iii-6in1-60k-60000-boccate-vape-ricaricabile-usa-e-getta-frutti-di-bosco-misti-e-kiwi-frutto-della-passione-guava-e-fragola-anguria-10-pezzi\/\">Frutti misti e kiwi Frutto della passione Guava e fragola Anguria<\/a><\/li>\n<li><a href=\"https:\/\/fizzyvape.eu\/it\/prodotto\/fizzy-max-iii-6in1-60k-60000-boccate-vape-ricaricabile-usa-e-getta-mirtillo-lampone-triplo-melone-fragola-ghiaccio-10-pz\/\">Mirtillo, lampone, triplo melone e fragola<\/a><\/li>\n<li><a href=\"https:\/\/fizzyvape.eu\/it\/prodotto\/fizzy-max-iii-6in1-60k-60000-boccate-vape-ricaricabile-usa-e-getta-fragola-frutto-del-drago-red-bull-lampone-e-anguria-10-pz\/\">Frutto del drago alla fragola e Red Bull e anguria al lampone<\/a><\/li>\n<li><a href=\"https:\/\/fizzyvape.eu\/it\/prodotto\/fizzy-max-iii-6in1-60k-60000-boccate-vape-ricaricabile-usa-e-getta-fragola-kiwi-mirtillo-ghiaccio-anguria-ghiaccio-10-pz\/\">Ghiaccio alla fragola, al kiwi e al mirtillo e Ghiaccio all&#8217;anguria<\/a><\/li>\n<li><a href=\"https:\/\/fizzyvape.eu\/it\/prodotto\/fizzy-max-iii-6in1-60k-60000-boccate-vape-ricaricabile-usa-e-getta-blueberry-ice-fizzy-cherry-raspberry-lemon-10-pezzi\/\">Ghiaccio al mirtillo, ciliegia frizzante e lampone al limone<\/a><\/li>\n<li><a href=\"https:\/\/fizzyvape.eu\/it\/prodotto\/fizzy-max-iii-6in1-60k-60000-getti-ricaricabile-usa-e-getta-ghiaccio-allanguria-coca-cola-alla-vaniglia-e-frutti-di-bosco-10-pz\/\">Ghiaccio all&#8217;anguria e fragola, Coca Cola alla vaniglia e Misto<\/a><\/li>\n<li><a href=\"https:\/\/fizzyvape.eu\/it\/prodotto\/fizzy-max-iii-6in1-60k-60000-boccate-vape-ricaricabile-usa-e-getta-uva-fragola-e-mirtillo-cocco-e-pesca-limone-10-pz\/\">Uva fragola e mirtillo Cocco e pesca limone<\/a><\/li>\n<li><a href=\"https:\/\/fizzyvape.eu\/it\/prodotto\/fizzy-max-iii-6in1-60k-60000-boccate-vape-ricaricabile-usa-e-getta-blue-razz-ice-strawberry-kiwi-sour-pineappe-orange-10-pezzi\/\">Blue Razz Ice &amp; Strawberry Kiwi &amp; Sour Pineapple Orange<\/a><\/li>\n<li><a href=\"https:\/\/fizzyvape.eu\/it\/prodotto\/fizzy-max-iii-6in1-60k-60000-boccate-vape-ricaricabile-usa-e-getta-fragola-anguria-limone-lime-e-mirtillo-cocco-10-pz\/\">Anguria alla fragola, limone, lime e mirtillo al cocco<\/a><\/li>\n<\/ol>\n<p><img decoding=\"async\" class=\"alignnone wp-image-34842 size-full\" src=\"https:\/\/fizzyvape.eu\/wp-content\/uploads\/2025\/08\/FIZZY-Max-III-6-in-60K-60000-puffs-Flavors--scaled.jpg\" alt=\"\" width=\"1168\" height=\"2560\" srcset=\"https:\/\/fizzyvape.eu\/wp-content\/uploads\/2025\/08\/FIZZY-Max-III-6-in-60K-60000-puffs-Flavors--scaled.jpg 1168w, https:\/\/fizzyvape.eu\/wp-content\/uploads\/2025\/08\/FIZZY-Max-III-6-in-60K-60000-puffs-Flavors--137x300.jpg 137w, https:\/\/fizzyvape.eu\/wp-content\/uploads\/2025\/08\/FIZZY-Max-III-6-in-60K-60000-puffs-Flavors--365x800.jpg 365w, https:\/\/fizzyvape.eu\/wp-content\/uploads\/2025\/08\/FIZZY-Max-III-6-in-60K-60000-puffs-Flavors--768x1684.jpg 768w, https:\/\/fizzyvape.eu\/wp-content\/uploads\/2025\/08\/FIZZY-Max-III-6-in-60K-60000-puffs-Flavors--701x1536.jpg 701w, https:\/\/fizzyvape.eu\/wp-content\/uploads\/2025\/08\/FIZZY-Max-III-6-in-60K-60000-puffs-Flavors--934x2048.jpg 934w, https:\/\/fizzyvape.eu\/wp-content\/uploads\/2025\/08\/FIZZY-Max-III-6-in-60K-60000-puffs-Flavors--430x943.jpg 430w, https:\/\/fizzyvape.eu\/wp-content\/uploads\/2025\/08\/FIZZY-Max-III-6-in-60K-60000-puffs-Flavors--700x1535.jpg 700w, https:\/\/fizzyvape.eu\/wp-content\/uploads\/2025\/08\/FIZZY-Max-III-6-in-60K-60000-puffs-Flavors--150x329.jpg 150w\" sizes=\"(max-width: 1168px) 100vw, 1168px\" \/><\/p>\n<h3>Perch\u00e9 scegliere Fizzy Max 60000 Puffs?<\/h3>\n<p>A differenza dei normali prodotti usa e getta, <strong>Fizzy Max 60000 Puffs<\/strong> combina <strong>6 aromi in uno<\/strong> con un&#8217;estrema capacit\u00e0 di svapo. Ci\u00f2 significa che avrai variet\u00e0, durata e convenienza in un&#8217;unica svapata. Non c&#8217;\u00e8 bisogno di portare con s\u00e9 pi\u00f9 dispositivi: questo ha tutto.  <\/p>\n<h3>Per chi \u00e8?<\/h3>\n<ul>\n<li>I vapers che amano la <strong>variet\u00e0 di sapori in un unico dispositivo<\/strong><\/li>\n<li>Gli utenti che hanno bisogno di un <strong>numero di soffi ultra elevato<\/strong> e di affidabilit\u00e0<\/li>\n<li>Chiunque apprezzi la <strong>praticit\u00e0, la portabilit\u00e0 e il design di alto livello<\/strong><\/li>\n<\/ul>\n<h3>DOMANDE FREQUENTI<\/h3>\n<p><strong>D: Quanto dura Fizzy Max 60000 Puffs?<\/strong><br \/>\nR: Fornisce fino a <strong>60.000 puff<\/strong>, durando settimane o addirittura mesi a seconda dell&#8217;uso.<\/p>\n<p><strong>D: Posso ricaricarlo?<\/strong><br \/>\nR: S\u00ec, \u00e8 dotato di una <strong>porta di ricarica Type-C<\/strong> per un utilizzo prolungato.<\/p>\n<p><strong>D: Come faccio a conoscere il livello della batteria e del liquido?<\/strong><br \/>\nR: Il dispositivo \u00e8 dotato di un <strong>display LED intelligente<\/strong> che mostra gli indicatori della batteria e del liquido.<\/p>\n<p><strong>D: Fizzy Max 60000 Puffs \u00e8 autentico?<\/strong><br \/>\nR: 100% s\u00ec! Vendiamo solo prodotti <strong>Fizzy Vape originali<\/strong>, spediti direttamente dal nostro magazzino europeo. <\/p>\n","protected":false},"excerpt":{"rendered":"<p>Scopri <strong>Fizzy Max 60000 Puffs (Fizzy Max 60k Puffs)<\/strong>, la svapata monouso 6-in-1 definitiva. Goditi sei aromi commutabili in un unico dispositivo, capacit\u00e0 di 60k puff, porta Type-C ricaricabile e display LED intelligente per i livelli di batteria e liquido. Prestazioni premium, autentica qualit\u00e0 Fizzy.  <\/p>\n","protected":false},"featured_media":33880,"comment_status":"open","ping_status":"closed","template":"","meta":{"iawp_total_views":9},"product_brand":[],"product_cat":[948,957,591],"product_tag":[647],"class_list":{"0":"post-35384","1":"product","2":"type-product","3":"status-publish","4":"has-post-thumbnail","6":"product_cat-eu-warehouse-it","7":"product_cat-hot-selling-vape-it","8":"product_cat-max-iii-6in1-60k-60000-puffs-sigaretta-elettronica-usa-e-getta-it","9":"product_tag-tutti-i-gusti","11":"first","12":"outofstock","13":"sale","14":"shipping-taxable","15":"purchasable","16":"product-type-variable"},"yoast_head":"<!-- This site is optimized with the Yoast SEO Premium plugin v24.8 (Yoast SEO v27.4) - https:\/\/yoast.com\/product\/yoast-seo-premium-wordpress\/ -->\n<title>Fizzy Max 60000 Puffs - Vape usa e getta 6 in 1 | Miglior affare dell&#039;UE<\/title>\n<meta name=\"description\" content=\"Acquista subito Fizzy Max 60000 Puffs (60k Puffs)! 6 gusti in un unico dispositivo, 60k boccate, ricaricabile con display a LED. Spedizione rapida in Europa, stock limitato!\" \/>\n<meta name=\"robots\" content=\"index, follow, max-snippet:-1, max-image-preview:large, max-video-preview:-1\" \/>\n<link rel=\"canonical\" href=\"https:\/\/fizzyvape.eu\/it\/prodotto\/fizzy-max-iii-6-in-1-60000-puff-usa-e-getta-tutti-i-gusti-10-pezzi\/\" \/>\n<meta property=\"og:locale\" content=\"it_IT\" \/>\n<meta property=\"og:type\" content=\"article\" \/>\n<meta property=\"og:title\" content=\"Fizzy Max III 6-in-1 60000 puff usa e getta (tutti i gusti) - 10 pezzi\" \/>\n<meta property=\"og:description\" content=\"Acquista subito Fizzy Max 60000 Puffs (60k Puffs)! 6 gusti in un unico dispositivo, 60k boccate, ricaricabile con display a LED. Spedizione rapida in Europa, stock limitato!\" \/>\n<meta property=\"og:url\" content=\"https:\/\/fizzyvape.eu\/it\/prodotto\/fizzy-max-iii-6-in-1-60000-puff-usa-e-getta-tutti-i-gusti-10-pezzi\/\" \/>\n<meta property=\"og:site_name\" content=\"fizzyvape.eu\" \/>\n<meta property=\"og:image\" content=\"https:\/\/fizzyvape.eu\/wp-content\/uploads\/2025\/08\/Fizzy-max-60K-60000-Puffs-Disposable-Vape-3.webp\" \/>\n\t<meta property=\"og:image:width\" content=\"800\" \/>\n\t<meta property=\"og:image:height\" content=\"800\" \/>\n\t<meta property=\"og:image:type\" content=\"image\/webp\" \/>\n<meta name=\"twitter:card\" content=\"summary_large_image\" \/>\n<meta name=\"twitter:label1\" content=\"Disponibilit\u00e0\" \/>\n\t<meta name=\"twitter:data1\" content=\"Esaurito\" \/>\n<script type=\"application\/ld+json\" class=\"yoast-schema-graph\">{\"@context\":\"https:\\\/\\\/schema.org\",\"@graph\":[{\"@type\":\"WebPage\",\"@id\":\"https:\\\/\\\/fizzyvape.eu\\\/it\\\/prodotto\\\/fizzy-max-iii-6-in-1-60000-puff-usa-e-getta-tutti-i-gusti-10-pezzi\\\/\",\"url\":\"https:\\\/\\\/fizzyvape.eu\\\/it\\\/prodotto\\\/fizzy-max-iii-6-in-1-60000-puff-usa-e-getta-tutti-i-gusti-10-pezzi\\\/\",\"name\":\"Fizzy Max 60000 Puffs - Vape usa e getta 6 in 1 | Miglior affare dell'UE\",\"isPartOf\":{\"@id\":\"https:\\\/\\\/www.fizzyvape.eu\\\/it\\\/#website\"},\"primaryImageOfPage\":{\"@id\":\"https:\\\/\\\/fizzyvape.eu\\\/it\\\/prodotto\\\/fizzy-max-iii-6-in-1-60000-puff-usa-e-getta-tutti-i-gusti-10-pezzi\\\/#primaryimage\"},\"image\":{\"@id\":\"https:\\\/\\\/fizzyvape.eu\\\/it\\\/prodotto\\\/fizzy-max-iii-6-in-1-60000-puff-usa-e-getta-tutti-i-gusti-10-pezzi\\\/#primaryimage\"},\"thumbnailUrl\":\"https:\\\/\\\/fizzyvape.eu\\\/wp-content\\\/uploads\\\/2025\\\/08\\\/Fizzy-max-60K-60000-Puffs-Disposable-Vape-40-1.webp\",\"datePublished\":\"2025-08-29T06:50:08+00:00\",\"description\":\"Acquista subito Fizzy Max 60000 Puffs (60k Puffs)! 6 gusti in un unico dispositivo, 60k boccate, ricaricabile con display a LED. Spedizione rapida in Europa, stock limitato!\",\"breadcrumb\":{\"@id\":\"https:\\\/\\\/fizzyvape.eu\\\/it\\\/prodotto\\\/fizzy-max-iii-6-in-1-60000-puff-usa-e-getta-tutti-i-gusti-10-pezzi\\\/#breadcrumb\"},\"inLanguage\":\"it-IT\",\"potentialAction\":[{\"@type\":\"ReadAction\",\"target\":[\"https:\\\/\\\/fizzyvape.eu\\\/it\\\/prodotto\\\/fizzy-max-iii-6-in-1-60000-puff-usa-e-getta-tutti-i-gusti-10-pezzi\\\/\"]}]},{\"@type\":\"ImageObject\",\"inLanguage\":\"it-IT\",\"@id\":\"https:\\\/\\\/fizzyvape.eu\\\/it\\\/prodotto\\\/fizzy-max-iii-6-in-1-60000-puff-usa-e-getta-tutti-i-gusti-10-pezzi\\\/#primaryimage\",\"url\":\"https:\\\/\\\/fizzyvape.eu\\\/wp-content\\\/uploads\\\/2025\\\/08\\\/Fizzy-max-60K-60000-Puffs-Disposable-Vape-40-1.webp\",\"contentUrl\":\"https:\\\/\\\/fizzyvape.eu\\\/wp-content\\\/uploads\\\/2025\\\/08\\\/Fizzy-max-60K-60000-Puffs-Disposable-Vape-40-1.webp\",\"width\":800,\"height\":800},{\"@type\":\"BreadcrumbList\",\"@id\":\"https:\\\/\\\/fizzyvape.eu\\\/it\\\/prodotto\\\/fizzy-max-iii-6-in-1-60000-puff-usa-e-getta-tutti-i-gusti-10-pezzi\\\/#breadcrumb\",\"itemListElement\":[{\"@type\":\"ListItem\",\"position\":1,\"name\":\"Home\",\"item\":\"https:\\\/\\\/fizzyvape.eu\\\/it\\\/\"},{\"@type\":\"ListItem\",\"position\":2,\"name\":\"Negozio\",\"item\":\"https:\\\/\\\/www.fizzyvape.eu\\\/it\\\/negozio\\\/\"},{\"@type\":\"ListItem\",\"position\":3,\"name\":\"Fizzy Max III 6-in-1 60000 puff usa e getta (tutti i gusti) &#8211; 10 pezzi\"}]},{\"@type\":\"WebSite\",\"@id\":\"https:\\\/\\\/www.fizzyvape.eu\\\/it\\\/#website\",\"url\":\"https:\\\/\\\/www.fizzyvape.eu\\\/it\\\/\",\"name\":\"fizzyvape.eu\",\"description\":\"Refreshing Vapes. Unforgettable Taste.\",\"publisher\":{\"@id\":\"https:\\\/\\\/www.fizzyvape.eu\\\/it\\\/#organization\"},\"potentialAction\":[{\"@type\":\"SearchAction\",\"target\":{\"@type\":\"EntryPoint\",\"urlTemplate\":\"https:\\\/\\\/www.fizzyvape.eu\\\/it\\\/?s={search_term_string}\"},\"query-input\":{\"@type\":\"PropertyValueSpecification\",\"valueRequired\":true,\"valueName\":\"search_term_string\"}}],\"inLanguage\":\"it-IT\"},{\"@type\":\"Organization\",\"@id\":\"https:\\\/\\\/www.fizzyvape.eu\\\/it\\\/#organization\",\"name\":\"fizzyvape.eu\",\"url\":\"https:\\\/\\\/www.fizzyvape.eu\\\/it\\\/\",\"logo\":{\"@type\":\"ImageObject\",\"inLanguage\":\"it-IT\",\"@id\":\"https:\\\/\\\/www.fizzyvape.eu\\\/it\\\/#\\\/schema\\\/logo\\\/image\\\/\",\"url\":\"https:\\\/\\\/fizzyvape.eu\\\/wp-content\\\/uploads\\\/2019\\\/06\\\/print-1.svg\",\"contentUrl\":\"https:\\\/\\\/fizzyvape.eu\\\/wp-content\\\/uploads\\\/2019\\\/06\\\/print-1.svg\",\"width\":124,\"height\":37,\"caption\":\"fizzyvape.eu\"},\"image\":{\"@id\":\"https:\\\/\\\/www.fizzyvape.eu\\\/it\\\/#\\\/schema\\\/logo\\\/image\\\/\"}}]}<\/script>\n<meta property=\"og:availability\" content=\"out of stock\" \/>\n<meta property=\"product:availability\" content=\"out of stock\" \/>\n<meta property=\"product:condition\" content=\"new\" \/>\n<!-- \/ Yoast SEO Premium plugin. -->","yoast_head_json":{"title":"Fizzy Max 60000 Puffs - Vape usa e getta 6 in 1 | Miglior affare dell'UE","description":"Acquista subito Fizzy Max 60000 Puffs (60k Puffs)! 6 gusti in un unico dispositivo, 60k boccate, ricaricabile con display a LED. Spedizione rapida in Europa, stock limitato!","robots":{"index":"index","follow":"follow","max-snippet":"max-snippet:-1","max-image-preview":"max-image-preview:large","max-video-preview":"max-video-preview:-1"},"canonical":"https:\/\/fizzyvape.eu\/it\/prodotto\/fizzy-max-iii-6-in-1-60000-puff-usa-e-getta-tutti-i-gusti-10-pezzi\/","og_locale":"it_IT","og_type":"article","og_title":"Fizzy Max III 6-in-1 60000 puff usa e getta (tutti i gusti) - 10 pezzi","og_description":"Acquista subito Fizzy Max 60000 Puffs (60k Puffs)! 6 gusti in un unico dispositivo, 60k boccate, ricaricabile con display a LED. Spedizione rapida in Europa, stock limitato!","og_url":"https:\/\/fizzyvape.eu\/it\/prodotto\/fizzy-max-iii-6-in-1-60000-puff-usa-e-getta-tutti-i-gusti-10-pezzi\/","og_site_name":"fizzyvape.eu","og_image":[{"width":800,"height":800,"url":"https:\/\/fizzyvape.eu\/wp-content\/uploads\/2025\/08\/Fizzy-max-60K-60000-Puffs-Disposable-Vape-3.webp","type":"image\/webp"}],"twitter_card":"summary_large_image","twitter_misc":{"Disponibilit\u00e0":"Esaurito"},"schema":{"@context":"https:\/\/schema.org","@graph":[{"@type":"WebPage","@id":"https:\/\/fizzyvape.eu\/it\/prodotto\/fizzy-max-iii-6-in-1-60000-puff-usa-e-getta-tutti-i-gusti-10-pezzi\/","url":"https:\/\/fizzyvape.eu\/it\/prodotto\/fizzy-max-iii-6-in-1-60000-puff-usa-e-getta-tutti-i-gusti-10-pezzi\/","name":"Fizzy Max 60000 Puffs - Vape usa e getta 6 in 1 | Miglior affare dell'UE","isPartOf":{"@id":"https:\/\/www.fizzyvape.eu\/it\/#website"},"primaryImageOfPage":{"@id":"https:\/\/fizzyvape.eu\/it\/prodotto\/fizzy-max-iii-6-in-1-60000-puff-usa-e-getta-tutti-i-gusti-10-pezzi\/#primaryimage"},"image":{"@id":"https:\/\/fizzyvape.eu\/it\/prodotto\/fizzy-max-iii-6-in-1-60000-puff-usa-e-getta-tutti-i-gusti-10-pezzi\/#primaryimage"},"thumbnailUrl":"https:\/\/fizzyvape.eu\/wp-content\/uploads\/2025\/08\/Fizzy-max-60K-60000-Puffs-Disposable-Vape-40-1.webp","datePublished":"2025-08-29T06:50:08+00:00","description":"Acquista subito Fizzy Max 60000 Puffs (60k Puffs)! 6 gusti in un unico dispositivo, 60k boccate, ricaricabile con display a LED. Spedizione rapida in Europa, stock limitato!","breadcrumb":{"@id":"https:\/\/fizzyvape.eu\/it\/prodotto\/fizzy-max-iii-6-in-1-60000-puff-usa-e-getta-tutti-i-gusti-10-pezzi\/#breadcrumb"},"inLanguage":"it-IT","potentialAction":[{"@type":"ReadAction","target":["https:\/\/fizzyvape.eu\/it\/prodotto\/fizzy-max-iii-6-in-1-60000-puff-usa-e-getta-tutti-i-gusti-10-pezzi\/"]}]},{"@type":"ImageObject","inLanguage":"it-IT","@id":"https:\/\/fizzyvape.eu\/it\/prodotto\/fizzy-max-iii-6-in-1-60000-puff-usa-e-getta-tutti-i-gusti-10-pezzi\/#primaryimage","url":"https:\/\/fizzyvape.eu\/wp-content\/uploads\/2025\/08\/Fizzy-max-60K-60000-Puffs-Disposable-Vape-40-1.webp","contentUrl":"https:\/\/fizzyvape.eu\/wp-content\/uploads\/2025\/08\/Fizzy-max-60K-60000-Puffs-Disposable-Vape-40-1.webp","width":800,"height":800},{"@type":"BreadcrumbList","@id":"https:\/\/fizzyvape.eu\/it\/prodotto\/fizzy-max-iii-6-in-1-60000-puff-usa-e-getta-tutti-i-gusti-10-pezzi\/#breadcrumb","itemListElement":[{"@type":"ListItem","position":1,"name":"Home","item":"https:\/\/fizzyvape.eu\/it\/"},{"@type":"ListItem","position":2,"name":"Negozio","item":"https:\/\/www.fizzyvape.eu\/it\/negozio\/"},{"@type":"ListItem","position":3,"name":"Fizzy Max III 6-in-1 60000 puff usa e getta (tutti i gusti) &#8211; 10 pezzi"}]},{"@type":"WebSite","@id":"https:\/\/www.fizzyvape.eu\/it\/#website","url":"https:\/\/www.fizzyvape.eu\/it\/","name":"fizzyvape.eu","description":"Refreshing Vapes. Unforgettable Taste.","publisher":{"@id":"https:\/\/www.fizzyvape.eu\/it\/#organization"},"potentialAction":[{"@type":"SearchAction","target":{"@type":"EntryPoint","urlTemplate":"https:\/\/www.fizzyvape.eu\/it\/?s={search_term_string}"},"query-input":{"@type":"PropertyValueSpecification","valueRequired":true,"valueName":"search_term_string"}}],"inLanguage":"it-IT"},{"@type":"Organization","@id":"https:\/\/www.fizzyvape.eu\/it\/#organization","name":"fizzyvape.eu","url":"https:\/\/www.fizzyvape.eu\/it\/","logo":{"@type":"ImageObject","inLanguage":"it-IT","@id":"https:\/\/www.fizzyvape.eu\/it\/#\/schema\/logo\/image\/","url":"https:\/\/fizzyvape.eu\/wp-content\/uploads\/2019\/06\/print-1.svg","contentUrl":"https:\/\/fizzyvape.eu\/wp-content\/uploads\/2019\/06\/print-1.svg","width":124,"height":37,"caption":"fizzyvape.eu"},"image":{"@id":"https:\/\/www.fizzyvape.eu\/it\/#\/schema\/logo\/image\/"}}]},"og_availability":"out of stock","product_availability":"out of stock","product_condition":"new"},"tiered_pricing_type":"fixed","tiered_pricing_fixed_rules":[],"tiered_pricing_product_settings":{"layout":"default","base_unit_name":{"singular":null,"plural":null},"default_variation":null},"tiered_pricing_minimum_quantity":null,"tiered_pricing_roles_data":[],"tiered_pricing_percentage_rules":[],"tiered_pricing_maximum_quantity":null,"tiered_pricing_quantity_step":null,"_links":{"self":[{"href":"https:\/\/fizzyvape.eu\/it\/wp-json\/wp\/v2\/product\/35384","targetHints":{"allow":["GET"]}}],"collection":[{"href":"https:\/\/fizzyvape.eu\/it\/wp-json\/wp\/v2\/product"}],"about":[{"href":"https:\/\/fizzyvape.eu\/it\/wp-json\/wp\/v2\/types\/product"}],"replies":[{"embeddable":true,"href":"https:\/\/fizzyvape.eu\/it\/wp-json\/wp\/v2\/comments?post=35384"}],"version-history":[{"count":0,"href":"https:\/\/fizzyvape.eu\/it\/wp-json\/wp\/v2\/product\/35384\/revisions"}],"wp:featuredmedia":[{"embeddable":true,"href":"https:\/\/fizzyvape.eu\/it\/wp-json\/wp\/v2\/media\/33880"}],"wp:attachment":[{"href":"https:\/\/fizzyvape.eu\/it\/wp-json\/wp\/v2\/media?parent=35384"}],"wp:term":[{"taxonomy":"product_brand","embeddable":true,"href":"https:\/\/fizzyvape.eu\/it\/wp-json\/wp\/v2\/product_brand?post=35384"},{"taxonomy":"product_cat","embeddable":true,"href":"https:\/\/fizzyvape.eu\/it\/wp-json\/wp\/v2\/product_cat?post=35384"},{"taxonomy":"product_tag","embeddable":true,"href":"https:\/\/fizzyvape.eu\/it\/wp-json\/wp\/v2\/product_tag?post=35384"}],"curies":[{"name":"wp","href":"https:\/\/api.w.org\/{rel}","templated":true}]}}