{"id":36607,"date":"2025-11-24T15:50:11","date_gmt":"2025-11-24T07:50:11","guid":{"rendered":"https:\/\/fizzyvape.eu\/product\/gemelli-frizzanti-50000-bigne-a-doppio-gusto\/"},"modified":"2025-12-04T15:36:01","modified_gmt":"2025-12-04T07:36:01","slug":"gemelli-frizzanti-50000-bigne-a-doppio-gusto","status":"publish","type":"product","link":"https:\/\/fizzyvape.eu\/it\/prodotto\/gemelli-frizzanti-50000-bigne-a-doppio-gusto\/","title":{"rendered":"Gemelli frizzanti 50000 bign\u00e8 a doppio gusto"},"content":{"rendered":"<div style=\"width: 1280px;\" class=\"wp-video\"><!--[if lt IE 9]><script>document.createElement('video');<\/script><![endif]-->\n<video class=\"wp-video-shortcode\" id=\"video-36607-1\" width=\"1280\" height=\"720\" preload=\"metadata\" controls=\"controls\"><source type=\"video\/mp4\" src=\"https:\/\/fizzyvape.eu\/wp-content\/uploads\/2025\/08\/Fizzy-Twins-50000-Puffs-Disposable-Vape.mp4?_=1\" \/><a href=\"https:\/\/fizzyvape.eu\/wp-content\/uploads\/2025\/08\/Fizzy-Twins-50000-Puffs-Disposable-Vape.mp4\">https:\/\/fizzyvape.eu\/wp-content\/uploads\/2025\/08\/Fizzy-Twins-50000-Puffs-Disposable-Vape.mp4<\/a><\/video><\/div>\n<h1>Fizzy Twins 50000 Puffs &#8211; Vape ricaricabile usa e getta a doppio sapore<\/h1>\n<p>La <strong>Fizzy Twins 50000 Puffs<\/strong> (conosciuta anche come <strong>Fizzy Twins 50K<\/strong>) offre un&#8217;esperienza rivoluzionaria grazie alla sua <strong>tecnologia di commutazione a doppio gusto<\/strong>, che ti permette di assaporare due sapori distinti in un unico dispositivo di svapo. Se ami la variet\u00e0 di sapori senza dover portare con te pi\u00f9 prodotti usa e getta, questa \u00e8 la scelta perfetta.<\/p>\n<p>Progettata per i vapers che esigono prestazioni di lunga durata, la Fizzy Twins offre <strong>fino a 50.000 puff<\/strong>, una <strong>batteria ricaricabile Type-C<\/strong> e un <strong>riscaldamento avanzato della coil a rete<\/strong> per un vapore omogeneo, un gusto ricco e una potente produzione di nuvole. Si tratta di un dispositivo affidabile e ad alta capacit\u00e0, pensato sia per gli amanti dei sapori che per gli utenti pi\u00f9 esigenti.<\/p>\n<h3>Caratteristiche principali<\/h3>\n<p>\ud83d\udd39 <strong>Sistema di commutazione del gusto doppio<\/strong><\/p>\n<p>Passa istantaneamente da un aroma all&#8217;altro con una semplice levetta.<br \/>\nDue aromi. Un solo dispositivo. Zero seccature.<\/p>\n<p>\ud83d\udd39 F <strong>ino a 50.000 boccate<\/strong><\/p>\n<p>Progettato per la resistenza e l&#8217;uso a lungo termine.<br \/>\nPerfetto per gli utenti che hanno bisogno di un dispositivo che duri settimane.<\/p>\n<p>\ud83d\udd39 <strong>Ricaricabile di tipo-C<\/strong><\/p>\n<p>Ecologico ed efficiente dal punto di vista dei costi.<br \/>\nRicarica rapidamente e ottieni prestazioni costanti.<\/p>\n<p>\ud83d\udd39 <strong>Tecnologia Premium Mesh Coil<\/strong><\/p>\n<p>Offre un sapore ricco, un vapore omogeneo e nuvole dense.<br \/>\nOgni boccata \u00e8 pulita, decisa e soddisfacente.<\/p>\n<p>\ud83d\udd39 <strong>100% Autentico Fizzy Vape<\/strong><\/p>\n<p>Tutti i prodotti sono originali e spediti dal nostro magazzino in Cina per garantire la consegna pi\u00f9 veloce e la migliore qualit\u00e0.<\/p>\n<h3>Per chi \u00e8?<\/h3>\n<ul>\n<li>I vapers che vogliono avere pi\u00f9 aromi senza dover portare con s\u00e9 pi\u00f9 dispositivi<\/li>\n<li>Chi ha bisogno di un&#8217;<strong>altissima capacit\u00e0 di soffio<\/strong> per un utilizzo a lungo termine<\/li>\n<li>Chiunque sia alla ricerca di una svapata usa e getta ricaricabile e senza problemi<\/li>\n<\/ul>\n<p><img decoding=\"async\" class=\"alignnone wp-image-36215 size-full\" src=\"https:\/\/fizzyvape.eu\/wp-content\/uploads\/2025\/08\/Fizzy-Twins-50000-Puffs-Disposable-Vape-Flavors.jpg\" alt=\"Fizzy Twins 50000 puff monouso per svapo\" width=\"1920\" height=\"1920\" srcset=\"https:\/\/fizzyvape.eu\/wp-content\/uploads\/2025\/08\/Fizzy-Twins-50000-Puffs-Disposable-Vape-Flavors.jpg 1920w, https:\/\/fizzyvape.eu\/wp-content\/uploads\/2025\/08\/Fizzy-Twins-50000-Puffs-Disposable-Vape-Flavors-300x300.jpg 300w, https:\/\/fizzyvape.eu\/wp-content\/uploads\/2025\/08\/Fizzy-Twins-50000-Puffs-Disposable-Vape-Flavors-800x800.jpg 800w, https:\/\/fizzyvape.eu\/wp-content\/uploads\/2025\/08\/Fizzy-Twins-50000-Puffs-Disposable-Vape-Flavors-150x150.jpg 150w, https:\/\/fizzyvape.eu\/wp-content\/uploads\/2025\/08\/Fizzy-Twins-50000-Puffs-Disposable-Vape-Flavors-768x768.jpg 768w, https:\/\/fizzyvape.eu\/wp-content\/uploads\/2025\/08\/Fizzy-Twins-50000-Puffs-Disposable-Vape-Flavors-1536x1536.jpg 1536w, https:\/\/fizzyvape.eu\/wp-content\/uploads\/2025\/08\/Fizzy-Twins-50000-Puffs-Disposable-Vape-Flavors-430x430.jpg 430w, https:\/\/fizzyvape.eu\/wp-content\/uploads\/2025\/08\/Fizzy-Twins-50000-Puffs-Disposable-Vape-Flavors-700x700.jpg 700w\" sizes=\"(max-width: 1920px) 100vw, 1920px\" \/><\/p>\n<h3>Elenco dei gusti di <strong>Fizzy Twins <\/strong>50000 Puffs:<\/h3>\n<ol>\n<li><a href=\"https:\/\/fizzyvape.eu\/it\/prodotto\/fizzy-twins-anguria-ghiaccio-e-fragola-kiwi-50000-bigne-10-pezzi\/\">Ghiaccio all&#8217;anguria e Kiwi alla fragola<\/a><\/li>\n<li><a href=\"https:\/\/fizzyvape.eu\/it\/prodotto\/fizzy-twins-fragola-kiwi-melograno-red-bull-50000-bigne-10-pezzi\/\">Fragola Kiwi Melograno &amp; Red Bull<\/a><\/li>\n<li><a href=\"https:\/\/fizzyvape.eu\/it\/prodotto\/fizzy-twins-mirtillo-cocco-e-uva-ghiacciata-50000-bigne-10-pz\/\">Ghiaccio al cocco e all&#8217;uva<\/a><\/li>\n<li><a href=\"https:\/\/fizzyvape.eu\/it\/prodotto\/fizzy-twins-blue-razz-lemonade-triple-melon-50000-bigne-10-pezzi\/\">Limonata Blue Razz e Triplo Melone<\/a><\/li>\n<li><a href=\"https:\/\/fizzyvape.eu\/it\/prodotto\/fizzy-twins-fragola-anguria-e-mirtillo-50000-bigne-10-pezzi\/\">Ghiaccio alla fragola, anguria e mirtillo<\/a><\/li>\n<li><a href=\"https:\/\/fizzyvape.eu\/it\/prodotto\/fizzy-twins-pesca-mango-anguria-e-fragola-banana-50000-bigne-10-pezzi\/\">Pesca, mango, anguria e fragola e banana<\/a><\/li>\n<li><a href=\"https:\/\/fizzyvape.eu\/it\/prodotto\/fizzy-twins-lampone-anguria-e-kiwi-frutto-della-passione-guava-50000-bigne-10-pz\/\">Lampone Anguria e Kiwi Frutto della passione Guava<\/a><\/li>\n<li><a href=\"https:\/\/fizzyvape.eu\/it\/prodotto\/fizzy-twins-ananas-pesca-frutto-della-passione-e-lampone-mirtillo-50000-bigne-10-pezzi\/\">Ananas Pesca Frutto della Passione e Lampone Mirtillo<\/a><\/li>\n<li><a href=\"https:\/\/fizzyvape.eu\/it\/prodotto\/fizzy-twins-anguria-ghiaccio-e-limone-lime-50000-bigne-10-pz\/\">Ghiaccio all&#8217;anguria e limone e lime<\/a><\/li>\n<li><a href=\"https:\/\/fizzyvape.eu\/it\/prodotto\/fizzy-twins-misto-frutta-e-pesca-50000-bigne-10-pezzi\/\">Ghiaccio misto ai frutti di bosco e alla pesca<\/a><\/li>\n<li><a href=\"https:\/\/fizzyvape.eu\/it\/prodotto\/fizzy-twins-fragola-ghiacciata-e-ciliegia-frizzante-50000-bigne-10-pz\/\">Ghiaccio alla fragola e ciliegia frizzante<\/a><\/li>\n<li><a href=\"https:\/\/fizzyvape.eu\/it\/prodotto\/fizzy-twins-limonata-al-lampone-e-ghiaccio-alla-fragola-50000-bigne-10-pz\/\">Limonata al lampone e ghiaccio alla fragola<\/a><\/li>\n<li>Cola frizzante e anguria ghiacciata<\/li>\n<li>Amore 66 e caramelle alla fragola e lampone<\/li>\n<li>Gomma da masticare Red Bull alla fragola e all&#8217;anguria<\/li>\n<\/ol>\n<h2>\ud83d\udca1 <strong>Perch\u00e9 scegliere Fizzy Twins 50000 Puffs?<\/strong><\/h2>\n<ul>\n<li>Due gusti diversi in un unico dispositivo<\/li>\n<li>Capacit\u00e0 di soffio estremamente elevata<\/li>\n<li>Ricaricabile e di lunga durata<\/li>\n<li>Spedizione rapida nell&#8217;UE e 100% autentica<\/li>\n<li>Perfetto equilibrio tra variet\u00e0 di sapori e convenienza<\/li>\n<\/ul>\n<p>Che tu sia un esploratore di sapori o un vaper quotidiano, questo dispositivo offre un valore imbattibile.<\/p>\n<h2>\ud83d\ude4b\u200d\u2642\ufe0f <strong>FAQ<\/strong><\/h2>\n<p><strong>D: Quanto dura il Fizzy Twins 50000 Puffs?<\/strong><br \/>\nR: Fino a 50.000 boccate, in genere durano diverse settimane a seconda dell&#8217;uso che ne fai.<\/p>\n<p><strong>D: \u00c8 ricaricabile?<\/strong><br \/>\nR: S\u00ec, include una porta di ricarica Type-C per una maggiore durata.<\/p>\n<p><strong>D: \u00c8 autentico?<\/strong><br \/>\nR: Assolutamente s\u00ec. Tutti i prodotti Fizzy Vape che vendiamo sono originali al 100% e vengono spediti dal nostro magazzino in Cina.<\/p>\n<p>&nbsp;<\/p>\n","protected":false},"excerpt":{"rendered":"[html_block id=\"37680\"]\n","protected":false},"featured_media":29443,"comment_status":"open","ping_status":"closed","template":"","meta":{"iawp_total_views":8},"product_brand":[],"product_cat":[957,768],"product_tag":[],"class_list":{"0":"post-36607","1":"product","2":"type-product","3":"status-publish","4":"has-post-thumbnail","6":"product_cat-hot-selling-vape-it","7":"product_cat-magazzino-cina","9":"first","10":"outofstock","11":"shipping-taxable","12":"purchasable","13":"product-type-variable"},"yoast_head":"<!-- This site is optimized with the Yoast SEO Premium plugin v24.8 (Yoast SEO v27.4) - https:\/\/yoast.com\/product\/yoast-seo-premium-wordpress\/ -->\n<title>Fizzy Twins 50000 boccate - Vape ricaricabile a doppio sapore<\/title>\n<meta name=\"description\" content=\"Scopri il vape monouso a doppio gusto Fizzy Twins 50000 Puffs. 2 gusti in 1, 50K puff, coil a rete, ricaricabile Type-C, 100% autentico.\" \/>\n<meta name=\"robots\" content=\"index, follow, max-snippet:-1, max-image-preview:large, max-video-preview:-1\" \/>\n<link rel=\"canonical\" href=\"https:\/\/fizzyvape.eu\/it\/prodotto\/gemelli-frizzanti-50000-bigne-a-doppio-gusto\/\" \/>\n<meta property=\"og:locale\" content=\"it_IT\" \/>\n<meta property=\"og:type\" content=\"article\" \/>\n<meta property=\"og:title\" content=\"Gemelli frizzanti 50000 bign\u00e8 a doppio gusto\" \/>\n<meta property=\"og:description\" content=\"Scopri il vape monouso a doppio gusto Fizzy Twins 50000 Puffs. 2 gusti in 1, 50K puff, coil a rete, ricaricabile Type-C, 100% autentico.\" \/>\n<meta property=\"og:url\" content=\"https:\/\/fizzyvape.eu\/it\/prodotto\/gemelli-frizzanti-50000-bigne-a-doppio-gusto\/\" \/>\n<meta property=\"og:site_name\" content=\"fizzyvape.eu\" \/>\n<meta property=\"article:modified_time\" content=\"2025-12-04T07:36:01+00:00\" \/>\n<meta property=\"og:image\" content=\"https:\/\/fizzyvape.eu\/wp-content\/uploads\/2025\/04\/Fizzy-Twins-50000Puffs-34.webp\" \/>\n\t<meta property=\"og:image:width\" content=\"800\" \/>\n\t<meta property=\"og:image:height\" content=\"800\" \/>\n\t<meta property=\"og:image:type\" content=\"image\/webp\" \/>\n<meta name=\"twitter:card\" content=\"summary_large_image\" \/>\n<meta name=\"twitter:label1\" content=\"Disponibilit\u00e0\" \/>\n\t<meta name=\"twitter:data1\" content=\"Esaurito\" \/>\n<script type=\"application\/ld+json\" class=\"yoast-schema-graph\">{\"@context\":\"https:\\\/\\\/schema.org\",\"@graph\":[{\"@type\":\"WebPage\",\"@id\":\"https:\\\/\\\/fizzyvape.eu\\\/it\\\/prodotto\\\/gemelli-frizzanti-50000-bigne-a-doppio-gusto\\\/\",\"url\":\"https:\\\/\\\/fizzyvape.eu\\\/it\\\/prodotto\\\/gemelli-frizzanti-50000-bigne-a-doppio-gusto\\\/\",\"name\":\"Fizzy Twins 50000 boccate - Vape ricaricabile a doppio sapore\",\"isPartOf\":{\"@id\":\"https:\\\/\\\/www.fizzyvape.eu\\\/it\\\/#website\"},\"primaryImageOfPage\":{\"@id\":\"https:\\\/\\\/fizzyvape.eu\\\/it\\\/prodotto\\\/gemelli-frizzanti-50000-bigne-a-doppio-gusto\\\/#primaryimage\"},\"image\":{\"@id\":\"https:\\\/\\\/fizzyvape.eu\\\/it\\\/prodotto\\\/gemelli-frizzanti-50000-bigne-a-doppio-gusto\\\/#primaryimage\"},\"thumbnailUrl\":\"https:\\\/\\\/fizzyvape.eu\\\/wp-content\\\/uploads\\\/2025\\\/04\\\/Fizzy-Twins-50000Puffs-34.webp\",\"datePublished\":\"2025-11-24T07:50:11+00:00\",\"dateModified\":\"2025-12-04T07:36:01+00:00\",\"description\":\"Scopri il vape monouso a doppio gusto Fizzy Twins 50000 Puffs. 2 gusti in 1, 50K puff, coil a rete, ricaricabile Type-C, 100% autentico.\",\"breadcrumb\":{\"@id\":\"https:\\\/\\\/fizzyvape.eu\\\/it\\\/prodotto\\\/gemelli-frizzanti-50000-bigne-a-doppio-gusto\\\/#breadcrumb\"},\"inLanguage\":\"it-IT\",\"potentialAction\":[{\"@type\":\"ReadAction\",\"target\":[\"https:\\\/\\\/fizzyvape.eu\\\/it\\\/prodotto\\\/gemelli-frizzanti-50000-bigne-a-doppio-gusto\\\/\"]}]},{\"@type\":\"ImageObject\",\"inLanguage\":\"it-IT\",\"@id\":\"https:\\\/\\\/fizzyvape.eu\\\/it\\\/prodotto\\\/gemelli-frizzanti-50000-bigne-a-doppio-gusto\\\/#primaryimage\",\"url\":\"https:\\\/\\\/fizzyvape.eu\\\/wp-content\\\/uploads\\\/2025\\\/04\\\/Fizzy-Twins-50000Puffs-34.webp\",\"contentUrl\":\"https:\\\/\\\/fizzyvape.eu\\\/wp-content\\\/uploads\\\/2025\\\/04\\\/Fizzy-Twins-50000Puffs-34.webp\",\"width\":800,\"height\":800,\"caption\":\"Fizzy Twins 50000 Puffs Vape usa e getta\"},{\"@type\":\"BreadcrumbList\",\"@id\":\"https:\\\/\\\/fizzyvape.eu\\\/it\\\/prodotto\\\/gemelli-frizzanti-50000-bigne-a-doppio-gusto\\\/#breadcrumb\",\"itemListElement\":[{\"@type\":\"ListItem\",\"position\":1,\"name\":\"Home\",\"item\":\"https:\\\/\\\/fizzyvape.eu\\\/it\\\/\"},{\"@type\":\"ListItem\",\"position\":2,\"name\":\"Negozio\",\"item\":\"https:\\\/\\\/www.fizzyvape.eu\\\/it\\\/negozio\\\/\"},{\"@type\":\"ListItem\",\"position\":3,\"name\":\"Gemelli frizzanti 50000 bign\u00e8 a doppio gusto\"}]},{\"@type\":\"WebSite\",\"@id\":\"https:\\\/\\\/www.fizzyvape.eu\\\/it\\\/#website\",\"url\":\"https:\\\/\\\/www.fizzyvape.eu\\\/it\\\/\",\"name\":\"fizzyvape.eu\",\"description\":\"Refreshing Vapes. Unforgettable Taste.\",\"publisher\":{\"@id\":\"https:\\\/\\\/www.fizzyvape.eu\\\/it\\\/#organization\"},\"potentialAction\":[{\"@type\":\"SearchAction\",\"target\":{\"@type\":\"EntryPoint\",\"urlTemplate\":\"https:\\\/\\\/www.fizzyvape.eu\\\/it\\\/?s={search_term_string}\"},\"query-input\":{\"@type\":\"PropertyValueSpecification\",\"valueRequired\":true,\"valueName\":\"search_term_string\"}}],\"inLanguage\":\"it-IT\"},{\"@type\":\"Organization\",\"@id\":\"https:\\\/\\\/www.fizzyvape.eu\\\/it\\\/#organization\",\"name\":\"fizzyvape.eu\",\"url\":\"https:\\\/\\\/www.fizzyvape.eu\\\/it\\\/\",\"logo\":{\"@type\":\"ImageObject\",\"inLanguage\":\"it-IT\",\"@id\":\"https:\\\/\\\/www.fizzyvape.eu\\\/it\\\/#\\\/schema\\\/logo\\\/image\\\/\",\"url\":\"https:\\\/\\\/fizzyvape.eu\\\/wp-content\\\/uploads\\\/2019\\\/06\\\/print-1.svg\",\"contentUrl\":\"https:\\\/\\\/fizzyvape.eu\\\/wp-content\\\/uploads\\\/2019\\\/06\\\/print-1.svg\",\"width\":124,\"height\":37,\"caption\":\"fizzyvape.eu\"},\"image\":{\"@id\":\"https:\\\/\\\/www.fizzyvape.eu\\\/it\\\/#\\\/schema\\\/logo\\\/image\\\/\"}}]}<\/script>\n<meta property=\"og:availability\" content=\"out of stock\" \/>\n<meta property=\"product:availability\" content=\"out of stock\" \/>\n<meta property=\"product:condition\" content=\"new\" \/>\n<!-- \/ Yoast SEO Premium plugin. -->","yoast_head_json":{"title":"Fizzy Twins 50000 boccate - Vape ricaricabile a doppio sapore","description":"Scopri il vape monouso a doppio gusto Fizzy Twins 50000 Puffs. 2 gusti in 1, 50K puff, coil a rete, ricaricabile Type-C, 100% autentico.","robots":{"index":"index","follow":"follow","max-snippet":"max-snippet:-1","max-image-preview":"max-image-preview:large","max-video-preview":"max-video-preview:-1"},"canonical":"https:\/\/fizzyvape.eu\/it\/prodotto\/gemelli-frizzanti-50000-bigne-a-doppio-gusto\/","og_locale":"it_IT","og_type":"article","og_title":"Gemelli frizzanti 50000 bign\u00e8 a doppio gusto","og_description":"Scopri il vape monouso a doppio gusto Fizzy Twins 50000 Puffs. 2 gusti in 1, 50K puff, coil a rete, ricaricabile Type-C, 100% autentico.","og_url":"https:\/\/fizzyvape.eu\/it\/prodotto\/gemelli-frizzanti-50000-bigne-a-doppio-gusto\/","og_site_name":"fizzyvape.eu","article_modified_time":"2025-12-04T07:36:01+00:00","og_image":[{"width":800,"height":800,"url":"https:\/\/fizzyvape.eu\/wp-content\/uploads\/2025\/04\/Fizzy-Twins-50000Puffs-34.webp","type":"image\/webp"}],"twitter_card":"summary_large_image","twitter_misc":{"Disponibilit\u00e0":"Esaurito"},"schema":{"@context":"https:\/\/schema.org","@graph":[{"@type":"WebPage","@id":"https:\/\/fizzyvape.eu\/it\/prodotto\/gemelli-frizzanti-50000-bigne-a-doppio-gusto\/","url":"https:\/\/fizzyvape.eu\/it\/prodotto\/gemelli-frizzanti-50000-bigne-a-doppio-gusto\/","name":"Fizzy Twins 50000 boccate - Vape ricaricabile a doppio sapore","isPartOf":{"@id":"https:\/\/www.fizzyvape.eu\/it\/#website"},"primaryImageOfPage":{"@id":"https:\/\/fizzyvape.eu\/it\/prodotto\/gemelli-frizzanti-50000-bigne-a-doppio-gusto\/#primaryimage"},"image":{"@id":"https:\/\/fizzyvape.eu\/it\/prodotto\/gemelli-frizzanti-50000-bigne-a-doppio-gusto\/#primaryimage"},"thumbnailUrl":"https:\/\/fizzyvape.eu\/wp-content\/uploads\/2025\/04\/Fizzy-Twins-50000Puffs-34.webp","datePublished":"2025-11-24T07:50:11+00:00","dateModified":"2025-12-04T07:36:01+00:00","description":"Scopri il vape monouso a doppio gusto Fizzy Twins 50000 Puffs. 2 gusti in 1, 50K puff, coil a rete, ricaricabile Type-C, 100% autentico.","breadcrumb":{"@id":"https:\/\/fizzyvape.eu\/it\/prodotto\/gemelli-frizzanti-50000-bigne-a-doppio-gusto\/#breadcrumb"},"inLanguage":"it-IT","potentialAction":[{"@type":"ReadAction","target":["https:\/\/fizzyvape.eu\/it\/prodotto\/gemelli-frizzanti-50000-bigne-a-doppio-gusto\/"]}]},{"@type":"ImageObject","inLanguage":"it-IT","@id":"https:\/\/fizzyvape.eu\/it\/prodotto\/gemelli-frizzanti-50000-bigne-a-doppio-gusto\/#primaryimage","url":"https:\/\/fizzyvape.eu\/wp-content\/uploads\/2025\/04\/Fizzy-Twins-50000Puffs-34.webp","contentUrl":"https:\/\/fizzyvape.eu\/wp-content\/uploads\/2025\/04\/Fizzy-Twins-50000Puffs-34.webp","width":800,"height":800,"caption":"Fizzy Twins 50000 Puffs Vape usa e getta"},{"@type":"BreadcrumbList","@id":"https:\/\/fizzyvape.eu\/it\/prodotto\/gemelli-frizzanti-50000-bigne-a-doppio-gusto\/#breadcrumb","itemListElement":[{"@type":"ListItem","position":1,"name":"Home","item":"https:\/\/fizzyvape.eu\/it\/"},{"@type":"ListItem","position":2,"name":"Negozio","item":"https:\/\/www.fizzyvape.eu\/it\/negozio\/"},{"@type":"ListItem","position":3,"name":"Gemelli frizzanti 50000 bign\u00e8 a doppio gusto"}]},{"@type":"WebSite","@id":"https:\/\/www.fizzyvape.eu\/it\/#website","url":"https:\/\/www.fizzyvape.eu\/it\/","name":"fizzyvape.eu","description":"Refreshing Vapes. Unforgettable Taste.","publisher":{"@id":"https:\/\/www.fizzyvape.eu\/it\/#organization"},"potentialAction":[{"@type":"SearchAction","target":{"@type":"EntryPoint","urlTemplate":"https:\/\/www.fizzyvape.eu\/it\/?s={search_term_string}"},"query-input":{"@type":"PropertyValueSpecification","valueRequired":true,"valueName":"search_term_string"}}],"inLanguage":"it-IT"},{"@type":"Organization","@id":"https:\/\/www.fizzyvape.eu\/it\/#organization","name":"fizzyvape.eu","url":"https:\/\/www.fizzyvape.eu\/it\/","logo":{"@type":"ImageObject","inLanguage":"it-IT","@id":"https:\/\/www.fizzyvape.eu\/it\/#\/schema\/logo\/image\/","url":"https:\/\/fizzyvape.eu\/wp-content\/uploads\/2019\/06\/print-1.svg","contentUrl":"https:\/\/fizzyvape.eu\/wp-content\/uploads\/2019\/06\/print-1.svg","width":124,"height":37,"caption":"fizzyvape.eu"},"image":{"@id":"https:\/\/www.fizzyvape.eu\/it\/#\/schema\/logo\/image\/"}}]},"og_availability":"out of stock","product_availability":"out of stock","product_condition":"new"},"tiered_pricing_type":"fixed","tiered_pricing_fixed_rules":[],"tiered_pricing_product_settings":{"layout":"default","base_unit_name":{"singular":null,"plural":null},"default_variation":null},"tiered_pricing_minimum_quantity":null,"tiered_pricing_roles_data":[],"tiered_pricing_percentage_rules":[],"tiered_pricing_maximum_quantity":null,"tiered_pricing_quantity_step":null,"_links":{"self":[{"href":"https:\/\/fizzyvape.eu\/it\/wp-json\/wp\/v2\/product\/36607","targetHints":{"allow":["GET"]}}],"collection":[{"href":"https:\/\/fizzyvape.eu\/it\/wp-json\/wp\/v2\/product"}],"about":[{"href":"https:\/\/fizzyvape.eu\/it\/wp-json\/wp\/v2\/types\/product"}],"replies":[{"embeddable":true,"href":"https:\/\/fizzyvape.eu\/it\/wp-json\/wp\/v2\/comments?post=36607"}],"version-history":[{"count":2,"href":"https:\/\/fizzyvape.eu\/it\/wp-json\/wp\/v2\/product\/36607\/revisions"}],"predecessor-version":[{"id":37746,"href":"https:\/\/fizzyvape.eu\/it\/wp-json\/wp\/v2\/product\/36607\/revisions\/37746"}],"wp:featuredmedia":[{"embeddable":true,"href":"https:\/\/fizzyvape.eu\/it\/wp-json\/wp\/v2\/media\/29443"}],"wp:attachment":[{"href":"https:\/\/fizzyvape.eu\/it\/wp-json\/wp\/v2\/media?parent=36607"}],"wp:term":[{"taxonomy":"product_brand","embeddable":true,"href":"https:\/\/fizzyvape.eu\/it\/wp-json\/wp\/v2\/product_brand?post=36607"},{"taxonomy":"product_cat","embeddable":true,"href":"https:\/\/fizzyvape.eu\/it\/wp-json\/wp\/v2\/product_cat?post=36607"},{"taxonomy":"product_tag","embeddable":true,"href":"https:\/\/fizzyvape.eu\/it\/wp-json\/wp\/v2\/product_tag?post=36607"}],"curies":[{"name":"wp","href":"https:\/\/api.w.org\/{rel}","templated":true}]}}