{"id":36820,"date":"2025-11-24T15:39:49","date_gmt":"2025-11-24T07:39:49","guid":{"rendered":"https:\/\/fizzyvape.eu\/product\/fizzy-max-iii-6in1-60000-bigne\/"},"modified":"2025-12-04T15:23:29","modified_gmt":"2025-12-04T07:23:29","slug":"fizzy-max-iii-6in1-60000-bigne","status":"publish","type":"product","link":"https:\/\/fizzyvape.eu\/it\/prodotto\/fizzy-max-iii-6in1-60000-bigne\/","title":{"rendered":"Fizzy Max III 6in1 60000 Bign\u00e8"},"content":{"rendered":"<div style=\"width: 853px;\" class=\"wp-video\"><!--[if lt IE 9]><script>document.createElement('video');<\/script><![endif]-->\n<video class=\"wp-video-shortcode\" id=\"video-36820-1\" width=\"853\" height=\"480\" preload=\"metadata\" controls=\"controls\"><source type=\"video\/mp4\" src=\"https:\/\/fizzyvape.eu\/wp-content\/uploads\/2025\/08\/fizzy-max-iii-60000-puff-disposable-vape-wholesal-trusted-pro-disposable-vape-supplier.mp4?_=1\" \/><a href=\"https:\/\/fizzyvape.eu\/wp-content\/uploads\/2025\/08\/fizzy-max-iii-60000-puff-disposable-vape-wholesal-trusted-pro-disposable-vape-supplier.mp4\">https:\/\/fizzyvape.eu\/wp-content\/uploads\/2025\/08\/fizzy-max-iii-60000-puff-disposable-vape-wholesal-trusted-pro-disposable-vape-supplier.mp4<\/a><\/video><\/div>\n<h1>Fizzy Max III 6in1 60000 boccate &#8211; 6 aromi in 1 svapo intelligente usa e getta<\/h1>\n<p>La <strong>Fizzy Max 60000 Puffs (Fizzy Max 60K)<\/strong> \u00e8 una svapata usa e getta di nuova generazione, pensata per gli utenti che desiderano <strong>la massima variet\u00e0 di sapori, un&#8217;enorme capacit\u00e0 di puff e prestazioni di alto livello<\/strong>.<br \/>\nIl suo caratteristico <strong>sistema di rotazione degli aromi 6-in-1<\/strong> ti permette di passare da un aroma all&#8217;altro in un unico dispositivo, offrendoti un&#8217;esperienza nuova ogni volta che svapi.<\/p>\n<p>Grazie alla <strong>batteria ricaricabile Type-C<\/strong>, allo <strong>schermo LED intelligente<\/strong> e all&#8217;<strong>avanzata tecnologia mesh-coil<\/strong>, Fizzy Max 60000 Puffs offre un&#8217;eccezionale qualit\u00e0 del vapore, una lunga durata e la massima praticit\u00e0, perfetta per gli utenti pi\u00f9 assidui e gli amanti del gusto.<\/p>\n<h2><strong>Caratteristiche principali<\/strong><\/h2>\n<h4><strong>\ud83d\udd39 6 gusti in 1 dispositivo<\/strong><\/h4>\n<p>Il selettore rotante del gusto ti permette di assaporare immediatamente sei sapori unici.<br \/>\nUn dispositivo = sei vapes monouso.<\/p>\n<h4><strong>\ud83d\udd39 Un&#8217;enorme quantit\u00e0 di 60.000 bign\u00e8<\/strong><\/h4>\n<p>Eccezionale longevit\u00e0 che dura per settimane o addirittura mesi a seconda dell&#8217;utilizzo.<br \/>\nUna delle vaporizzazioni usa e getta con la pi\u00f9 alta capacit\u00e0 disponibile.<\/p>\n<h4><strong>\ud83d\udd39 Design ricaricabile Type-C<\/strong><\/h4>\n<p>Carica e continua a svapare: non c&#8217;\u00e8 bisogno di sostituire il dispositivo prima del tempo.<\/p>\n<h4><strong>\ud83d\udd39 Display LED intelligente<\/strong><\/h4>\n<p>Spettacoli:<\/p>\n<ul>\n<li>Livello della batteria (%)<\/li>\n<li>Indicatore di livello del liquido elettronico<\/li>\n<\/ul>\n<p>Goditi il pieno controllo e zero congetture.<\/p>\n<h4><strong>\ud83d\udd39 Tecnologia della bobina a rete<\/strong><\/h4>\n<p>Offre un vapore omogeneo, prestazioni costanti e un&#8217;erogazione ricca di aromi.<\/p>\n<p><img decoding=\"async\" class=\"alignnone wp-image-36206 size-full\" src=\"https:\/\/fizzyvape.eu\/wp-content\/uploads\/2025\/08\/Fizzy-Max-III-6in1-60000-Puffs-Disposable-Vape-Flavors.jpg\" alt=\"Fizzy Max III 6in1 60000 boccate di aromi monouso per svapare\" width=\"1920\" height=\"1920\" srcset=\"https:\/\/fizzyvape.eu\/wp-content\/uploads\/2025\/08\/Fizzy-Max-III-6in1-60000-Puffs-Disposable-Vape-Flavors.jpg 1920w, https:\/\/fizzyvape.eu\/wp-content\/uploads\/2025\/08\/Fizzy-Max-III-6in1-60000-Puffs-Disposable-Vape-Flavors-300x300.jpg 300w, https:\/\/fizzyvape.eu\/wp-content\/uploads\/2025\/08\/Fizzy-Max-III-6in1-60000-Puffs-Disposable-Vape-Flavors-800x800.jpg 800w, https:\/\/fizzyvape.eu\/wp-content\/uploads\/2025\/08\/Fizzy-Max-III-6in1-60000-Puffs-Disposable-Vape-Flavors-150x150.jpg 150w, https:\/\/fizzyvape.eu\/wp-content\/uploads\/2025\/08\/Fizzy-Max-III-6in1-60000-Puffs-Disposable-Vape-Flavors-768x768.jpg 768w, https:\/\/fizzyvape.eu\/wp-content\/uploads\/2025\/08\/Fizzy-Max-III-6in1-60000-Puffs-Disposable-Vape-Flavors-1536x1536.jpg 1536w, https:\/\/fizzyvape.eu\/wp-content\/uploads\/2025\/08\/Fizzy-Max-III-6in1-60000-Puffs-Disposable-Vape-Flavors-430x430.jpg 430w, https:\/\/fizzyvape.eu\/wp-content\/uploads\/2025\/08\/Fizzy-Max-III-6in1-60000-Puffs-Disposable-Vape-Flavors-700x700.jpg 700w\" sizes=\"(max-width: 1920px) 100vw, 1920px\" \/><\/p>\n<h3><strong>Fizzy Max III 6in1 60K Puffs usa e getta Elenco dei gusti di svapo:<\/strong><\/h3>\n<ol>\n<li><a href=\"https:\/\/fizzyvape.eu\/it\/prodotto\/fizzy-max-iii-6in1-60k-60000-boccate-vape-ricaricabile-usa-e-getta-fragola-lampone-pesca-mango-anguria-mirtillo-10-pezzi\/\">Fragola Lampone e Mango Pesca e Mirtillo Anguria<\/a><\/li>\n<li><a href=\"https:\/\/fizzyvape.eu\/it\/prodotto\/fizzy-max-iii-6in1-60k-60000-boccate-vape-ricaricabile-usa-e-getta-frutti-di-bosco-misti-e-kiwi-frutto-della-passione-guava-e-fragola-anguria-10-pezzi\/\">Frutti misti e kiwi Frutto della passione Guava e fragola Anguria<\/a><\/li>\n<li><a href=\"https:\/\/fizzyvape.eu\/it\/prodotto\/fizzy-max-iii-6in1-60k-60000-boccate-vape-ricaricabile-usa-e-getta-mirtillo-lampone-triplo-melone-fragola-ghiaccio-10-pz\/\">Mirtillo, lampone, triplo melone e fragola<\/a><\/li>\n<li><a href=\"https:\/\/fizzyvape.eu\/it\/prodotto\/fizzy-max-iii-6in1-60k-60000-boccate-vape-ricaricabile-usa-e-getta-fragola-frutto-del-drago-red-bull-lampone-e-anguria-10-pz\/\">Frutto del drago alla fragola e Red Bull e anguria al lampone<\/a><\/li>\n<li><a href=\"https:\/\/fizzyvape.eu\/it\/prodotto\/fizzy-max-iii-6in1-60k-60000-boccate-vape-ricaricabile-usa-e-getta-fragola-kiwi-mirtillo-ghiaccio-anguria-ghiaccio-10-pz\/\">Ghiaccio alla fragola, al kiwi e al mirtillo e Ghiaccio all&#8217;anguria<\/a><\/li>\n<li><a href=\"https:\/\/fizzyvape.eu\/it\/prodotto\/fizzy-max-iii-6in1-60k-60000-boccate-vape-ricaricabile-usa-e-getta-blueberry-ice-fizzy-cherry-raspberry-lemon-10-pezzi\/\">Ghiaccio al mirtillo, ciliegia frizzante e lampone al limone<\/a><\/li>\n<li><a href=\"https:\/\/fizzyvape.eu\/it\/prodotto\/fizzy-max-iii-6in1-60k-60000-getti-ricaricabile-usa-e-getta-ghiaccio-allanguria-coca-cola-alla-vaniglia-e-frutti-di-bosco-10-pz\/\">Ghiaccio all&#8217;anguria e fragola, Coca Cola alla vaniglia e Misto<\/a><\/li>\n<li><a href=\"https:\/\/fizzyvape.eu\/it\/prodotto\/fizzy-max-iii-6in1-60k-60000-boccate-vape-ricaricabile-usa-e-getta-uva-fragola-e-mirtillo-cocco-e-pesca-limone-10-pz\/\">Uva fragola e mirtillo Cocco e pesca limone<\/a><\/li>\n<li><a href=\"https:\/\/fizzyvape.eu\/it\/prodotto\/fizzy-max-iii-6in1-60k-60000-boccate-vape-ricaricabile-usa-e-getta-blue-razz-ice-strawberry-kiwi-sour-pineappe-orange-10-pezzi\/\">Blue Razz Ice &amp; Strawberry Kiwi &amp; Sour Pineapple Orange<\/a><\/li>\n<li><a href=\"https:\/\/fizzyvape.eu\/it\/prodotto\/fizzy-max-iii-6in1-60k-60000-boccate-vape-ricaricabile-usa-e-getta-fragola-anguria-limone-lime-e-mirtillo-cocco-10-pz\/\">Anguria alla fragola, limone, lime e mirtillo al cocco<\/a><\/li>\n<li>Love 66 &amp; Red Bull Anguria e Lampone alla Fragola<\/li>\n<li>Ghiaccio alla fragola, Cola frizzante e Gomma da masticare all&#8217;anguria<\/li>\n<\/ol>\n<h2><strong>\ud83d\udca1 Perch\u00e9 scegliere Fizzy Max 60000 Puffs?<\/strong><\/h2>\n<ul>\n<li>6 gusti in un unico dispositivo &#8211; una convenienza senza pari<\/li>\n<li>Capacit\u00e0 di soffio elevatissima per un uso prolungato<\/li>\n<li>Il display intelligente rende il vaping pi\u00f9 intuitivo<\/li>\n<li>Design premium con prestazioni a rete<\/li>\n<li>100% autentica Fizzy Vape, spedita dal magazzino cinese<\/li>\n<\/ul>\n<p>Perfetto per gli utenti di lunga data, per gli esploratori di sapori e per tutti coloro che desiderano un dispositivo all-in-one potente e conveniente.<\/p>\n<h2><strong>\ud83d\ude4b\u200d\u2642\ufe0f Domande frequenti<\/strong><\/h2>\n<p><strong>D: Quanto dura il Fizzy Max 60000 Puffs?<\/strong><br \/>\nR: Fornisce fino a 60.000 boccate e pu\u00f2 durare per settimane o mesi, a seconda della frequenza di svapo.<\/p>\n<p><strong>D: \u00c8 ricaricabile?<\/strong><br \/>\nR: S\u00ec, \u00e8 dotato di una porta di ricarica Type-C per un utilizzo prolungato.<\/p>\n<p><strong>D: Mostra i livelli della batteria e dell&#8217;e-liquid?<\/strong><br \/>\nR: S\u00ec, lo schermo LED intelligente mostra sia la percentuale della batteria che lo stato dell&#8217;e-liquid.<\/p>\n<p><strong>D: Sono autentici?<\/strong><br \/>\nR: Assolutamente s\u00ec. Vendiamo solo prodotti Fizzy Vape originali al 100%, spediti dal nostro magazzino in Cina.<\/p>\n","protected":false},"excerpt":{"rendered":"[html_block id=\"37685\"]\n","protected":false},"featured_media":32580,"comment_status":"open","ping_status":"closed","template":"","meta":{"iawp_total_views":13},"product_brand":[],"product_cat":[957,768],"product_tag":[],"class_list":{"0":"post-36820","1":"product","2":"type-product","3":"status-publish","4":"has-post-thumbnail","6":"product_cat-hot-selling-vape-it","7":"product_cat-magazzino-cina","9":"first","10":"outofstock","11":"shipping-taxable","12":"purchasable","13":"product-type-variable"},"yoast_head":"<!-- This site is optimized with the Yoast SEO Premium plugin v24.8 (Yoast SEO v27.4) - https:\/\/yoast.com\/product\/yoast-seo-premium-wordpress\/ -->\n<title>Fizzy Max III 60k 60000 boccate - 6 aromi in 1 vaporizzatore intelligente usa e getta<\/title>\n<meta name=\"description\" content=\"Scopri la Fizzy Max III 60k 60000 Puff con 6 aromi in un unico dispositivo, schermo LED intelligente, bobina a rete e ricarica Type-C. 100% autentico. Spedizione veloce in Europa.\" \/>\n<meta name=\"robots\" content=\"index, follow, max-snippet:-1, max-image-preview:large, max-video-preview:-1\" \/>\n<link rel=\"canonical\" href=\"https:\/\/fizzyvape.eu\/it\/prodotto\/fizzy-max-iii-6in1-60000-bigne\/\" \/>\n<meta property=\"og:locale\" content=\"it_IT\" \/>\n<meta property=\"og:type\" content=\"article\" \/>\n<meta property=\"og:title\" content=\"Fizzy Max III 6in1 60000 Bign\u00e8\" \/>\n<meta property=\"og:description\" content=\"Scopri la Fizzy Max III 60k 60000 Puff con 6 aromi in un unico dispositivo, schermo LED intelligente, bobina a rete e ricarica Type-C. 100% autentico. Spedizione veloce in Europa.\" \/>\n<meta property=\"og:url\" content=\"https:\/\/fizzyvape.eu\/it\/prodotto\/fizzy-max-iii-6in1-60000-bigne\/\" \/>\n<meta property=\"og:site_name\" content=\"fizzyvape.eu\" \/>\n<meta property=\"article:modified_time\" content=\"2025-12-04T07:23:29+00:00\" \/>\n<meta property=\"og:image\" content=\"https:\/\/fizzyvape.eu\/wp-content\/uploads\/2025\/06\/Fizzy-Max-III-6in1-60K-60000-Puffs-7-1.webp\" \/>\n\t<meta property=\"og:image:width\" content=\"800\" \/>\n\t<meta property=\"og:image:height\" content=\"800\" \/>\n\t<meta property=\"og:image:type\" content=\"image\/webp\" \/>\n<meta name=\"twitter:card\" content=\"summary_large_image\" \/>\n<meta name=\"twitter:label1\" content=\"Disponibilit\u00e0\" \/>\n\t<meta name=\"twitter:data1\" content=\"Esaurito\" \/>\n<script type=\"application\/ld+json\" class=\"yoast-schema-graph\">{\"@context\":\"https:\\\/\\\/schema.org\",\"@graph\":[{\"@type\":\"WebPage\",\"@id\":\"https:\\\/\\\/fizzyvape.eu\\\/it\\\/prodotto\\\/fizzy-max-iii-6in1-60000-bigne\\\/\",\"url\":\"https:\\\/\\\/fizzyvape.eu\\\/it\\\/prodotto\\\/fizzy-max-iii-6in1-60000-bigne\\\/\",\"name\":\"Fizzy Max III 60k 60000 boccate - 6 aromi in 1 vaporizzatore intelligente usa e getta\",\"isPartOf\":{\"@id\":\"https:\\\/\\\/www.fizzyvape.eu\\\/it\\\/#website\"},\"primaryImageOfPage\":{\"@id\":\"https:\\\/\\\/fizzyvape.eu\\\/it\\\/prodotto\\\/fizzy-max-iii-6in1-60000-bigne\\\/#primaryimage\"},\"image\":{\"@id\":\"https:\\\/\\\/fizzyvape.eu\\\/it\\\/prodotto\\\/fizzy-max-iii-6in1-60000-bigne\\\/#primaryimage\"},\"thumbnailUrl\":\"https:\\\/\\\/fizzyvape.eu\\\/wp-content\\\/uploads\\\/2025\\\/06\\\/Fizzy-Max-III-6in1-60K-60000-Puffs-7-1.webp\",\"datePublished\":\"2025-11-24T07:39:49+00:00\",\"dateModified\":\"2025-12-04T07:23:29+00:00\",\"description\":\"Scopri la Fizzy Max III 60k 60000 Puff con 6 aromi in un unico dispositivo, schermo LED intelligente, bobina a rete e ricarica Type-C. 100% autentico. Spedizione veloce in Europa.\",\"breadcrumb\":{\"@id\":\"https:\\\/\\\/fizzyvape.eu\\\/it\\\/prodotto\\\/fizzy-max-iii-6in1-60000-bigne\\\/#breadcrumb\"},\"inLanguage\":\"it-IT\",\"potentialAction\":[{\"@type\":\"ReadAction\",\"target\":[\"https:\\\/\\\/fizzyvape.eu\\\/it\\\/prodotto\\\/fizzy-max-iii-6in1-60000-bigne\\\/\"]}]},{\"@type\":\"ImageObject\",\"inLanguage\":\"it-IT\",\"@id\":\"https:\\\/\\\/fizzyvape.eu\\\/it\\\/prodotto\\\/fizzy-max-iii-6in1-60000-bigne\\\/#primaryimage\",\"url\":\"https:\\\/\\\/fizzyvape.eu\\\/wp-content\\\/uploads\\\/2025\\\/06\\\/Fizzy-Max-III-6in1-60K-60000-Puffs-7-1.webp\",\"contentUrl\":\"https:\\\/\\\/fizzyvape.eu\\\/wp-content\\\/uploads\\\/2025\\\/06\\\/Fizzy-Max-III-6in1-60K-60000-Puffs-7-1.webp\",\"width\":800,\"height\":800,\"caption\":\"Fizzy Max III 6in1 60K 60000 Puffs-7-1\"},{\"@type\":\"BreadcrumbList\",\"@id\":\"https:\\\/\\\/fizzyvape.eu\\\/it\\\/prodotto\\\/fizzy-max-iii-6in1-60000-bigne\\\/#breadcrumb\",\"itemListElement\":[{\"@type\":\"ListItem\",\"position\":1,\"name\":\"Home\",\"item\":\"https:\\\/\\\/fizzyvape.eu\\\/it\\\/\"},{\"@type\":\"ListItem\",\"position\":2,\"name\":\"Negozio\",\"item\":\"https:\\\/\\\/www.fizzyvape.eu\\\/it\\\/negozio\\\/\"},{\"@type\":\"ListItem\",\"position\":3,\"name\":\"Fizzy Max III 6in1 60000 Bign\u00e8\"}]},{\"@type\":\"WebSite\",\"@id\":\"https:\\\/\\\/www.fizzyvape.eu\\\/it\\\/#website\",\"url\":\"https:\\\/\\\/www.fizzyvape.eu\\\/it\\\/\",\"name\":\"fizzyvape.eu\",\"description\":\"Refreshing Vapes. Unforgettable Taste.\",\"publisher\":{\"@id\":\"https:\\\/\\\/www.fizzyvape.eu\\\/it\\\/#organization\"},\"potentialAction\":[{\"@type\":\"SearchAction\",\"target\":{\"@type\":\"EntryPoint\",\"urlTemplate\":\"https:\\\/\\\/www.fizzyvape.eu\\\/it\\\/?s={search_term_string}\"},\"query-input\":{\"@type\":\"PropertyValueSpecification\",\"valueRequired\":true,\"valueName\":\"search_term_string\"}}],\"inLanguage\":\"it-IT\"},{\"@type\":\"Organization\",\"@id\":\"https:\\\/\\\/www.fizzyvape.eu\\\/it\\\/#organization\",\"name\":\"fizzyvape.eu\",\"url\":\"https:\\\/\\\/www.fizzyvape.eu\\\/it\\\/\",\"logo\":{\"@type\":\"ImageObject\",\"inLanguage\":\"it-IT\",\"@id\":\"https:\\\/\\\/www.fizzyvape.eu\\\/it\\\/#\\\/schema\\\/logo\\\/image\\\/\",\"url\":\"https:\\\/\\\/fizzyvape.eu\\\/wp-content\\\/uploads\\\/2019\\\/06\\\/print-1.svg\",\"contentUrl\":\"https:\\\/\\\/fizzyvape.eu\\\/wp-content\\\/uploads\\\/2019\\\/06\\\/print-1.svg\",\"width\":124,\"height\":37,\"caption\":\"fizzyvape.eu\"},\"image\":{\"@id\":\"https:\\\/\\\/www.fizzyvape.eu\\\/it\\\/#\\\/schema\\\/logo\\\/image\\\/\"}}]}<\/script>\n<meta property=\"og:availability\" content=\"out of stock\" \/>\n<meta property=\"product:availability\" content=\"out of stock\" \/>\n<meta property=\"product:condition\" content=\"new\" \/>\n<!-- \/ Yoast SEO Premium plugin. -->","yoast_head_json":{"title":"Fizzy Max III 60k 60000 boccate - 6 aromi in 1 vaporizzatore intelligente usa e getta","description":"Scopri la Fizzy Max III 60k 60000 Puff con 6 aromi in un unico dispositivo, schermo LED intelligente, bobina a rete e ricarica Type-C. 100% autentico. Spedizione veloce in Europa.","robots":{"index":"index","follow":"follow","max-snippet":"max-snippet:-1","max-image-preview":"max-image-preview:large","max-video-preview":"max-video-preview:-1"},"canonical":"https:\/\/fizzyvape.eu\/it\/prodotto\/fizzy-max-iii-6in1-60000-bigne\/","og_locale":"it_IT","og_type":"article","og_title":"Fizzy Max III 6in1 60000 Bign\u00e8","og_description":"Scopri la Fizzy Max III 60k 60000 Puff con 6 aromi in un unico dispositivo, schermo LED intelligente, bobina a rete e ricarica Type-C. 100% autentico. Spedizione veloce in Europa.","og_url":"https:\/\/fizzyvape.eu\/it\/prodotto\/fizzy-max-iii-6in1-60000-bigne\/","og_site_name":"fizzyvape.eu","article_modified_time":"2025-12-04T07:23:29+00:00","og_image":[{"width":800,"height":800,"url":"https:\/\/fizzyvape.eu\/wp-content\/uploads\/2025\/06\/Fizzy-Max-III-6in1-60K-60000-Puffs-7-1.webp","type":"image\/webp"}],"twitter_card":"summary_large_image","twitter_misc":{"Disponibilit\u00e0":"Esaurito"},"schema":{"@context":"https:\/\/schema.org","@graph":[{"@type":"WebPage","@id":"https:\/\/fizzyvape.eu\/it\/prodotto\/fizzy-max-iii-6in1-60000-bigne\/","url":"https:\/\/fizzyvape.eu\/it\/prodotto\/fizzy-max-iii-6in1-60000-bigne\/","name":"Fizzy Max III 60k 60000 boccate - 6 aromi in 1 vaporizzatore intelligente usa e getta","isPartOf":{"@id":"https:\/\/www.fizzyvape.eu\/it\/#website"},"primaryImageOfPage":{"@id":"https:\/\/fizzyvape.eu\/it\/prodotto\/fizzy-max-iii-6in1-60000-bigne\/#primaryimage"},"image":{"@id":"https:\/\/fizzyvape.eu\/it\/prodotto\/fizzy-max-iii-6in1-60000-bigne\/#primaryimage"},"thumbnailUrl":"https:\/\/fizzyvape.eu\/wp-content\/uploads\/2025\/06\/Fizzy-Max-III-6in1-60K-60000-Puffs-7-1.webp","datePublished":"2025-11-24T07:39:49+00:00","dateModified":"2025-12-04T07:23:29+00:00","description":"Scopri la Fizzy Max III 60k 60000 Puff con 6 aromi in un unico dispositivo, schermo LED intelligente, bobina a rete e ricarica Type-C. 100% autentico. Spedizione veloce in Europa.","breadcrumb":{"@id":"https:\/\/fizzyvape.eu\/it\/prodotto\/fizzy-max-iii-6in1-60000-bigne\/#breadcrumb"},"inLanguage":"it-IT","potentialAction":[{"@type":"ReadAction","target":["https:\/\/fizzyvape.eu\/it\/prodotto\/fizzy-max-iii-6in1-60000-bigne\/"]}]},{"@type":"ImageObject","inLanguage":"it-IT","@id":"https:\/\/fizzyvape.eu\/it\/prodotto\/fizzy-max-iii-6in1-60000-bigne\/#primaryimage","url":"https:\/\/fizzyvape.eu\/wp-content\/uploads\/2025\/06\/Fizzy-Max-III-6in1-60K-60000-Puffs-7-1.webp","contentUrl":"https:\/\/fizzyvape.eu\/wp-content\/uploads\/2025\/06\/Fizzy-Max-III-6in1-60K-60000-Puffs-7-1.webp","width":800,"height":800,"caption":"Fizzy Max III 6in1 60K 60000 Puffs-7-1"},{"@type":"BreadcrumbList","@id":"https:\/\/fizzyvape.eu\/it\/prodotto\/fizzy-max-iii-6in1-60000-bigne\/#breadcrumb","itemListElement":[{"@type":"ListItem","position":1,"name":"Home","item":"https:\/\/fizzyvape.eu\/it\/"},{"@type":"ListItem","position":2,"name":"Negozio","item":"https:\/\/www.fizzyvape.eu\/it\/negozio\/"},{"@type":"ListItem","position":3,"name":"Fizzy Max III 6in1 60000 Bign\u00e8"}]},{"@type":"WebSite","@id":"https:\/\/www.fizzyvape.eu\/it\/#website","url":"https:\/\/www.fizzyvape.eu\/it\/","name":"fizzyvape.eu","description":"Refreshing Vapes. Unforgettable Taste.","publisher":{"@id":"https:\/\/www.fizzyvape.eu\/it\/#organization"},"potentialAction":[{"@type":"SearchAction","target":{"@type":"EntryPoint","urlTemplate":"https:\/\/www.fizzyvape.eu\/it\/?s={search_term_string}"},"query-input":{"@type":"PropertyValueSpecification","valueRequired":true,"valueName":"search_term_string"}}],"inLanguage":"it-IT"},{"@type":"Organization","@id":"https:\/\/www.fizzyvape.eu\/it\/#organization","name":"fizzyvape.eu","url":"https:\/\/www.fizzyvape.eu\/it\/","logo":{"@type":"ImageObject","inLanguage":"it-IT","@id":"https:\/\/www.fizzyvape.eu\/it\/#\/schema\/logo\/image\/","url":"https:\/\/fizzyvape.eu\/wp-content\/uploads\/2019\/06\/print-1.svg","contentUrl":"https:\/\/fizzyvape.eu\/wp-content\/uploads\/2019\/06\/print-1.svg","width":124,"height":37,"caption":"fizzyvape.eu"},"image":{"@id":"https:\/\/www.fizzyvape.eu\/it\/#\/schema\/logo\/image\/"}}]},"og_availability":"out of stock","product_availability":"out of stock","product_condition":"new"},"tiered_pricing_type":"fixed","tiered_pricing_fixed_rules":[],"tiered_pricing_product_settings":{"layout":"default","base_unit_name":{"singular":null,"plural":null},"default_variation":null},"tiered_pricing_minimum_quantity":null,"tiered_pricing_roles_data":[],"tiered_pricing_percentage_rules":[],"tiered_pricing_maximum_quantity":null,"tiered_pricing_quantity_step":null,"_links":{"self":[{"href":"https:\/\/fizzyvape.eu\/it\/wp-json\/wp\/v2\/product\/36820","targetHints":{"allow":["GET"]}}],"collection":[{"href":"https:\/\/fizzyvape.eu\/it\/wp-json\/wp\/v2\/product"}],"about":[{"href":"https:\/\/fizzyvape.eu\/it\/wp-json\/wp\/v2\/types\/product"}],"replies":[{"embeddable":true,"href":"https:\/\/fizzyvape.eu\/it\/wp-json\/wp\/v2\/comments?post=36820"}],"version-history":[{"count":1,"href":"https:\/\/fizzyvape.eu\/it\/wp-json\/wp\/v2\/product\/36820\/revisions"}],"predecessor-version":[{"id":37738,"href":"https:\/\/fizzyvape.eu\/it\/wp-json\/wp\/v2\/product\/36820\/revisions\/37738"}],"wp:featuredmedia":[{"embeddable":true,"href":"https:\/\/fizzyvape.eu\/it\/wp-json\/wp\/v2\/media\/32580"}],"wp:attachment":[{"href":"https:\/\/fizzyvape.eu\/it\/wp-json\/wp\/v2\/media?parent=36820"}],"wp:term":[{"taxonomy":"product_brand","embeddable":true,"href":"https:\/\/fizzyvape.eu\/it\/wp-json\/wp\/v2\/product_brand?post=36820"},{"taxonomy":"product_cat","embeddable":true,"href":"https:\/\/fizzyvape.eu\/it\/wp-json\/wp\/v2\/product_cat?post=36820"},{"taxonomy":"product_tag","embeddable":true,"href":"https:\/\/fizzyvape.eu\/it\/wp-json\/wp\/v2\/product_tag?post=36820"}],"curies":[{"name":"wp","href":"https:\/\/api.w.org\/{rel}","templated":true}]}}