{"id":38970,"date":"2026-01-19T17:43:54","date_gmt":"2026-01-19T09:43:54","guid":{"rendered":"https:\/\/fizzyvape.eu\/product\/150k-puffs-ghiaccio-alla-fragola-e-kiwi-frutto-della-passione-guava-e-pesca-mango-anguria-e-uva-burst\/"},"modified":"2026-01-19T17:43:54","modified_gmt":"2026-01-19T09:43:54","slug":"150k-puffs-ghiaccio-alla-fragola-e-kiwi-frutto-della-passione-guava-e-pesca-mango-anguria-e-uva-burst","status":"publish","type":"product","link":"https:\/\/fizzyvape.eu\/it\/prodotto\/150k-puffs-ghiaccio-alla-fragola-e-kiwi-frutto-della-passione-guava-e-pesca-mango-anguria-e-uva-burst\/","title":{"rendered":"150K Puffs &#8211; Ghiaccio alla fragola e kiwi Frutto della passione Guava e pesca Mango Anguria e uva Burst"},"content":{"rendered":"<p><img decoding=\"async\" class=\"aligncenter wp-image-38932 size-large\" src=\"https:\/\/fizzyvape.eu\/wp-content\/uploads\/2026\/01\/Fizzy-15-in-1-150K-Puffs-Rechargeable-Disposable-Vape-Flavors-2-2-800x800.jpg\" alt=\"\" width=\"800\" height=\"800\" srcset=\"https:\/\/fizzyvape.eu\/wp-content\/uploads\/2026\/01\/Fizzy-15-in-1-150K-Puffs-Rechargeable-Disposable-Vape-Flavors-2-2-800x800.jpg 800w, https:\/\/fizzyvape.eu\/wp-content\/uploads\/2026\/01\/Fizzy-15-in-1-150K-Puffs-Rechargeable-Disposable-Vape-Flavors-2-2-300x300.jpg 300w, https:\/\/fizzyvape.eu\/wp-content\/uploads\/2026\/01\/Fizzy-15-in-1-150K-Puffs-Rechargeable-Disposable-Vape-Flavors-2-2-150x150.jpg 150w, https:\/\/fizzyvape.eu\/wp-content\/uploads\/2026\/01\/Fizzy-15-in-1-150K-Puffs-Rechargeable-Disposable-Vape-Flavors-2-2-768x768.jpg 768w, https:\/\/fizzyvape.eu\/wp-content\/uploads\/2026\/01\/Fizzy-15-in-1-150K-Puffs-Rechargeable-Disposable-Vape-Flavors-2-2-100x100.jpg 100w, https:\/\/fizzyvape.eu\/wp-content\/uploads\/2026\/01\/Fizzy-15-in-1-150K-Puffs-Rechargeable-Disposable-Vape-Flavors-2-2-200x200.jpg 200w, https:\/\/fizzyvape.eu\/wp-content\/uploads\/2026\/01\/Fizzy-15-in-1-150K-Puffs-Rechargeable-Disposable-Vape-Flavors-2-2-400x400.jpg 400w, https:\/\/fizzyvape.eu\/wp-content\/uploads\/2026\/01\/Fizzy-15-in-1-150K-Puffs-Rechargeable-Disposable-Vape-Flavors-2-2-500x500.jpg 500w, https:\/\/fizzyvape.eu\/wp-content\/uploads\/2026\/01\/Fizzy-15-in-1-150K-Puffs-Rechargeable-Disposable-Vape-Flavors-2-2-430x430.jpg 430w, https:\/\/fizzyvape.eu\/wp-content\/uploads\/2026\/01\/Fizzy-15-in-1-150K-Puffs-Rechargeable-Disposable-Vape-Flavors-2-2-700x700.jpg 700w, https:\/\/fizzyvape.eu\/wp-content\/uploads\/2026\/01\/Fizzy-15-in-1-150K-Puffs-Rechargeable-Disposable-Vape-Flavors-2-2.jpg 1000w\" sizes=\"(max-width: 800px) 100vw, 800px\" \/><\/p>\n<h2>Bign\u00e8 frizzanti da 150K &#8211; Ghiaccio alla fragola e kiwi Frutto della passione Guava e pesca Mango Anguria e uva<\/h2>\n<p><b>\ud83c\udf53 150.000 Bign\u00e8. 15 gusti. Il centro di vaping professionale per eccellenza.  <\/b><\/p>\n<p><span class=\"\">Il <\/span><b>Fizzy 150K Puffs \u00e8 una sigaretta usa e getta<\/b><span class=\"\"> ha ufficialmente ridefinito ci\u00f2 che un dispositivo ad alta capacit\u00e0 pu\u00f2 fare.<\/span><span class=\"\"> Vanta un enorme <\/span><b>serbatoio di e-liquid da 80 ml<\/b><span class=\"\"> e un sistema di commutazione intelligente <\/span><b>sistema di commutazione intelligente 15 in 1<\/b><span class=\"\">,<\/span><span class=\"\"> questo dispositivo \u00e8 la soluzione perfetta per i vapers che vogliono il massimo del valore senza rinunciare alla variet\u00e0.<\/span><span class=\"\"> Questa edizione specifica \u00e8 un concentrato di potenza tropicale,<\/span><span class=\"\"> che mescola classici ghiacciati e nettari di frutta<\/span><span class=\"\"> nettari di frutta intensi e prorompenti.<\/span><\/p>\n<h2 class=\"\"><b>\ud83c\udf08 La Paletta dei 4 sapori<\/b><\/h2>\n<p><span class=\"\">All&#8217;interno di questo <\/span><b>150K Puffs usa e getta<\/b><span class=\"\">,<\/span><span class=\"\"> ci sono quattro cialde indipendenti da 20 ml.<\/span><span class=\"\"> Goditele come capolavori a s\u00e9 stanti,<\/span><span class=\"\"> oppure usa la levetta intelligente per <\/span><b>miscelarle in 15 combinazioni ibride uniche<\/b><span class=\"\">:<\/span><\/p>\n<ul>\n<li><b>\u2744\ufe0f Ghiaccio alla fragola:<\/b><span class=\"\"> Dolce,<\/span><span class=\"\"> fragole fresche di giardino, rifinite con un<\/span><span class=\"\"> artico.<\/span><\/li>\n<li><b>Kiwi Frutto della Passione Guava:<\/b><span class=\"\"> Una tripletta tropicale aspra e aromatica che regala un&#8217;esplosione esotica.<\/span><\/li>\n<li><b>\ud83c\udf51 Pesca Mango Anguria:<\/b><span class=\"\"> Una miscela lussuosa e<\/span><span class=\"\"> miscela vellutata di mango dorato,<\/span><span class=\"\"> morbide pesche,<\/span><span class=\"\"> e anguria succosa.<\/span><\/li>\n<li><b>\ud83c\udf47 Grape Burst:<\/b><span class=\"\"> Un profondo e ricco sapore di uva<\/span><span class=\"\"> ricco sapore di uva viola che &#8220;esplode&#8221; con una dolcezza zuccherina e un pizzico di asprezza da uva matura.<\/span><\/li>\n<\/ul>\n<p><img decoding=\"async\" class=\"wp-image-38407 size-full\" src=\"https:\/\/fizzyvape.eu\/wp-content\/uploads\/2025\/12\/Fizzy-150K-Puffs-Disposable-Vape-5-scaled.jpg\" alt=\"Vape monouso Fizzy 150K Puffs - 5\" width=\"1663\" height=\"2560\" srcset=\"https:\/\/fizzyvape.eu\/wp-content\/uploads\/2025\/12\/Fizzy-150K-Puffs-Disposable-Vape-5-scaled.jpg 1663w, https:\/\/fizzyvape.eu\/wp-content\/uploads\/2025\/12\/Fizzy-150K-Puffs-Disposable-Vape-5-195x300.jpg 195w, https:\/\/fizzyvape.eu\/wp-content\/uploads\/2025\/12\/Fizzy-150K-Puffs-Disposable-Vape-5-520x800.jpg 520w, https:\/\/fizzyvape.eu\/wp-content\/uploads\/2025\/12\/Fizzy-150K-Puffs-Disposable-Vape-5-768x1182.jpg 768w, https:\/\/fizzyvape.eu\/wp-content\/uploads\/2025\/12\/Fizzy-150K-Puffs-Disposable-Vape-5-998x1536.jpg 998w, https:\/\/fizzyvape.eu\/wp-content\/uploads\/2025\/12\/Fizzy-150K-Puffs-Disposable-Vape-5-1330x2048.jpg 1330w, https:\/\/fizzyvape.eu\/wp-content\/uploads\/2025\/12\/Fizzy-150K-Puffs-Disposable-Vape-5-430x662.jpg 430w, https:\/\/fizzyvape.eu\/wp-content\/uploads\/2025\/12\/Fizzy-150K-Puffs-Disposable-Vape-5-700x1078.jpg 700w, https:\/\/fizzyvape.eu\/wp-content\/uploads\/2025\/12\/Fizzy-150K-Puffs-Disposable-Vape-5-150x231.jpg 150w\" sizes=\"(max-width: 1663px) 100vw, 1663px\" \/><\/p>\n<h2><b>\ud83d\udce6 Specifiche<\/b><\/h2>\n<table>\n<thead>\n<tr>\n<td><strong>Caratteristiche<\/strong><\/td>\n<td><strong>Dati tecnici B2B<\/strong><\/td>\n<\/tr>\n<\/thead>\n<tbody>\n<tr>\n<td><b>Conteggio delle boccate<\/b><\/td>\n<td>Fino a 150.000 boccate<\/td>\n<\/tr>\n<tr>\n<td><b>Capacit\u00e0 del liquido elettronico<\/b><\/td>\n<td><b>80mL totali (20mL x 4 Pod indipendenti)<\/b><\/td>\n<\/tr>\n<tr>\n<td><b>Batteria<\/b><\/td>\n<td>1000mAh Cobalto puro (ricaricabile di tipo C)<\/td>\n<\/tr>\n<tr>\n<td><b>Modalit\u00e0 di sapore<\/b><\/td>\n<td><b>15 combinazioni intelligenti (A\/B\/C\/D + ibridi)<\/b><\/td>\n<\/tr>\n<tr>\n<td><b>Sistema a bobina<\/b><\/td>\n<td>Quad-Mesh 1.0\u03a9 (erogazione ad alta coerenza)<\/td>\n<\/tr>\n<tr>\n<td><b>Imballaggi<\/b><\/td>\n<td>Scatole da esposizione pronte per la vendita al dettaglio<\/td>\n<\/tr>\n<\/tbody>\n<\/table>\n<h2><b>\ud83c\udfa8Fizzy<\/b>15-in-1 150K Puffs Ricaricabile <strong>usa e getta Lista dei sapori di svapo:<\/strong><\/h2>\n<ol>\n<li><a href=\"https:\/\/fizzyvape.eu\/it\/prodotto\/150k-puffs-ghiaccio-allanguria-red-bull-lampone-alla-fragola-ghiaccio-al-triplo-melone\/\">ghiaccio all&#8217;anguria &amp; red bull &amp; lampone alla fragola &amp; triplo ghiaccio al melone<\/a><\/li>\n<li><a href=\"https:\/\/fizzyvape.eu\/it\/prodotto\/150k-puffs-ghiaccio-alla-fragola-e-kiwi-frutto-della-passione-guava-e-pesca-mango-anguria-e-uva-burst\/\">fragola ghiacciata &amp; kiwi frutto della passione guava &amp; pesca mango anguria &amp; uva burst<\/a><\/li>\n<li><a href=\"https:\/\/fizzyvape.eu\/prodotto\/fizzy-150k-puffs-red-bull-berry-ice-set\/\">red bull &amp; kiwi alla fragola melograno &amp; mirtillo ghiaccio &amp; ananas cocco<\/a><\/li>\n<li><a href=\"https:\/\/fizzyvape.eu\/prodotto\/fizzy-150k-puffs-strawberry-kiwi-mixed-berry-set\/\">kiwi alla fragola &amp; frutti di bosco misti &amp; anguria bubblegum &amp; pesca succosa<\/a><\/li>\n<li><a href=\"https:\/\/fizzyvape.eu\/prodotto\/fizzy-150k-puffs-blueberry-raspberry-candy-set\/\">Mirtillo, lampone, fragola e ghiaccio, limonata blu razz e orsetto gommoso all&#8217;anguria<\/a><\/li>\n<li><a href=\"https:\/\/fizzyvape.eu\/prodotto\/fizzy-150k-puffs-tropical-fruit-punch-set\/\">punch di frutta tropicale e anguria lampone e mirtillo cocco e fragola skittles<\/a><\/li>\n<li><a href=\"https:\/\/fizzyvape.eu\/prodotto\/fizzy-150k-puffs-love-66-strawberry-kiwi-set\/\">amore 66 e fragola kiwi e anguria mirtillo e lampone limonata<\/a><\/li>\n<li><a href=\"https:\/\/fizzyvape.eu\/prodotto\/fizzy-150k-puffs-fizzy-cola-berry-set\/\">frutti di bosco misti &amp; ananas pesca frutto della passione &amp; cola frizzante &amp; lampone fragola<\/a><\/li>\n<li><a href=\"https:\/\/fizzyvape.eu\/prodotto\/fizzy-150k-puffs-blue-razz-raspberry-set\/\">blu razz rapsberry &amp; anguria ciliegia ice &amp; fragola uva &amp;passion fruit arancia pesca<\/a><\/li>\n<li><a href=\"https:\/\/fizzyvape.eu\/prodotto\/fizzy-150k-puffs-fizzy-cherry-citrus-set\/\">ciliegia frizzante &amp; fragola frutto del drago &amp; limone lime &amp; anguria mirtillo<\/a><\/li>\n<li><a href=\"https:\/\/fizzyvape.eu\/prodotto\/fizzy-150k-puffs-vanilla-coke-berry-set\/\">Coca alla fragola e vaniglia, lampone e anguria, ghiaccio e ciliegia.<\/a><\/li>\n<li><a href=\"https:\/\/fizzyvape.eu\/prodotto\/fizzy-150k-puffs-mojito-ice-set\/\">ghiaccio al mirtillo &amp; anguria alla fragola &amp; mojito &amp; kiwi frutto della passione guava<\/a><\/li>\n<\/ol>\n<h2><b>\u2753 FAQ rapide<\/b><\/h2>\n<p><b>D: La siringa monouso Fizzy 150K Puffs \u00e8 facile da usare?<\/b><\/p>\n<p>R: S\u00ec! \u00c8 dotato di un interruttore &#8220;Smart Selector&#8221;. \u00c8 sufficiente fare clic o passare da una capsula all&#8217;altra per scegliere tra A, B, C o D. Lo schermo si aggiorner\u00e0 istantaneamente per mostrarti quale aroma \u00e8 attivo.  <\/p>\n<p><b>D: Come faccio a sapere quando un aroma \u00e8 finito?<\/b><\/p>\n<p>R: Lo schermo Smart LED presenta quattro barre di e-liquid individuali. Quando la barra di &#8220;Grape Burst&#8221; raggiunge lo zero, quella specifica capsula da 20 ml \u00e8 vuota. <\/p>\n<p><b>D: Questo dispositivo \u00e8 autentico?<\/b><\/p>\n<p>R: Assolutamente s\u00ec. Ogni unit\u00e0 \u00e8 dotata di un&#8217;etichetta di sicurezza unica da grattare. Puoi verificare la tua svapata usa e getta da 150K Puffs sul sito ufficiale di Fizzy.  <\/p>\n","protected":false},"excerpt":{"rendered":"[html_block id=\"38779\"]\n","protected":false},"featured_media":38936,"comment_status":"open","ping_status":"closed","template":"","meta":{"iawp_total_views":0},"product_brand":[],"product_cat":[997],"product_tag":[],"class_list":{"0":"post-38970","1":"product","2":"type-product","3":"status-publish","4":"has-post-thumbnail","6":"product_cat-vaporizzatore-usa-e-getta-ricaricabile-fizzy-150k-da-150-000-tiri-15-in-1","8":"first","9":"instock","10":"sale","11":"shipping-taxable","12":"purchasable","13":"product-type-variable"},"yoast_head":"<!-- This site is optimized with the Yoast SEO Premium plugin v24.8 (Yoast SEO v27.4) - https:\/\/yoast.com\/product\/yoast-seo-premium-wordpress\/ -->\n<title>Fizzy 150K Puffs Strawberry Ice Vape monouso multigusto<\/title>\n<meta name=\"description\" content=\"Goditi Fragola Ghiaccio, Kiwi Frutto della Passione Guava, Pesca Mango Anguria e Uva Burst in un&#039;unica svapata ricaricabile Fizzy 150K Puffs.\" \/>\n<meta name=\"robots\" content=\"index, follow, max-snippet:-1, max-image-preview:large, max-video-preview:-1\" \/>\n<link rel=\"canonical\" href=\"https:\/\/fizzyvape.eu\/it\/prodotto\/150k-puffs-ghiaccio-alla-fragola-e-kiwi-frutto-della-passione-guava-e-pesca-mango-anguria-e-uva-burst\/\" \/>\n<meta property=\"og:locale\" content=\"it_IT\" \/>\n<meta property=\"og:type\" content=\"article\" \/>\n<meta property=\"og:title\" content=\"150K Puffs - Ghiaccio alla fragola e kiwi Frutto della passione Guava e pesca Mango Anguria e uva Burst\" \/>\n<meta property=\"og:description\" content=\"Goditi Fragola Ghiaccio, Kiwi Frutto della Passione Guava, Pesca Mango Anguria e Uva Burst in un&#039;unica svapata ricaricabile Fizzy 150K Puffs.\" \/>\n<meta property=\"og:url\" content=\"https:\/\/fizzyvape.eu\/it\/prodotto\/150k-puffs-ghiaccio-alla-fragola-e-kiwi-frutto-della-passione-guava-e-pesca-mango-anguria-e-uva-burst\/\" \/>\n<meta property=\"og:site_name\" content=\"fizzyvape.eu\" \/>\n<meta property=\"og:image\" content=\"https:\/\/fizzyvape.eu\/wp-content\/uploads\/2026\/01\/Fizzy-15-in-1-150K-Puffs-Rechargeable-Disposable-Vape-Flavors-2-2.jpg\" \/>\n\t<meta property=\"og:image:width\" content=\"1000\" \/>\n\t<meta property=\"og:image:height\" content=\"1000\" \/>\n\t<meta property=\"og:image:type\" content=\"image\/jpeg\" \/>\n<meta name=\"twitter:card\" content=\"summary_large_image\" \/>\n<meta name=\"twitter:label1\" content=\"Disponibilit\u00e0\" \/>\n\t<meta name=\"twitter:data1\" content=\"In stock\" \/>\n<script type=\"application\/ld+json\" class=\"yoast-schema-graph\">{\"@context\":\"https:\\\/\\\/schema.org\",\"@graph\":[{\"@type\":\"WebPage\",\"@id\":\"https:\\\/\\\/fizzyvape.eu\\\/it\\\/prodotto\\\/150k-puffs-ghiaccio-alla-fragola-e-kiwi-frutto-della-passione-guava-e-pesca-mango-anguria-e-uva-burst\\\/\",\"url\":\"https:\\\/\\\/fizzyvape.eu\\\/it\\\/prodotto\\\/150k-puffs-ghiaccio-alla-fragola-e-kiwi-frutto-della-passione-guava-e-pesca-mango-anguria-e-uva-burst\\\/\",\"name\":\"Fizzy 150K Puffs Strawberry Ice Vape monouso multigusto\",\"isPartOf\":{\"@id\":\"https:\\\/\\\/www.fizzyvape.eu\\\/it\\\/#website\"},\"primaryImageOfPage\":{\"@id\":\"https:\\\/\\\/fizzyvape.eu\\\/it\\\/prodotto\\\/150k-puffs-ghiaccio-alla-fragola-e-kiwi-frutto-della-passione-guava-e-pesca-mango-anguria-e-uva-burst\\\/#primaryimage\"},\"image\":{\"@id\":\"https:\\\/\\\/fizzyvape.eu\\\/it\\\/prodotto\\\/150k-puffs-ghiaccio-alla-fragola-e-kiwi-frutto-della-passione-guava-e-pesca-mango-anguria-e-uva-burst\\\/#primaryimage\"},\"thumbnailUrl\":\"https:\\\/\\\/fizzyvape.eu\\\/wp-content\\\/uploads\\\/2026\\\/01\\\/Fizzy-15-in-1-150K-Puffs-Rechargeable-Disposable-Vape-Flavors-2-2.jpg\",\"datePublished\":\"2026-01-19T09:43:54+00:00\",\"description\":\"Goditi Fragola Ghiaccio, Kiwi Frutto della Passione Guava, Pesca Mango Anguria e Uva Burst in un'unica svapata ricaricabile Fizzy 150K Puffs.\",\"breadcrumb\":{\"@id\":\"https:\\\/\\\/fizzyvape.eu\\\/it\\\/prodotto\\\/150k-puffs-ghiaccio-alla-fragola-e-kiwi-frutto-della-passione-guava-e-pesca-mango-anguria-e-uva-burst\\\/#breadcrumb\"},\"inLanguage\":\"it-IT\",\"potentialAction\":[{\"@type\":\"ReadAction\",\"target\":[\"https:\\\/\\\/fizzyvape.eu\\\/it\\\/prodotto\\\/150k-puffs-ghiaccio-alla-fragola-e-kiwi-frutto-della-passione-guava-e-pesca-mango-anguria-e-uva-burst\\\/\"]}]},{\"@type\":\"ImageObject\",\"inLanguage\":\"it-IT\",\"@id\":\"https:\\\/\\\/fizzyvape.eu\\\/it\\\/prodotto\\\/150k-puffs-ghiaccio-alla-fragola-e-kiwi-frutto-della-passione-guava-e-pesca-mango-anguria-e-uva-burst\\\/#primaryimage\",\"url\":\"https:\\\/\\\/fizzyvape.eu\\\/wp-content\\\/uploads\\\/2026\\\/01\\\/Fizzy-15-in-1-150K-Puffs-Rechargeable-Disposable-Vape-Flavors-2-2.jpg\",\"contentUrl\":\"https:\\\/\\\/fizzyvape.eu\\\/wp-content\\\/uploads\\\/2026\\\/01\\\/Fizzy-15-in-1-150K-Puffs-Rechargeable-Disposable-Vape-Flavors-2-2.jpg\",\"width\":1000,\"height\":1000,\"caption\":\"Fizzy 15-in-1 150K Puffs Ricaricabile usa e getta Aromi di Vape 2\"},{\"@type\":\"BreadcrumbList\",\"@id\":\"https:\\\/\\\/fizzyvape.eu\\\/it\\\/prodotto\\\/150k-puffs-ghiaccio-alla-fragola-e-kiwi-frutto-della-passione-guava-e-pesca-mango-anguria-e-uva-burst\\\/#breadcrumb\",\"itemListElement\":[{\"@type\":\"ListItem\",\"position\":1,\"name\":\"Home\",\"item\":\"https:\\\/\\\/fizzyvape.eu\\\/it\\\/\"},{\"@type\":\"ListItem\",\"position\":2,\"name\":\"Negozio\",\"item\":\"https:\\\/\\\/www.fizzyvape.eu\\\/it\\\/negozio\\\/\"},{\"@type\":\"ListItem\",\"position\":3,\"name\":\"150K Puffs &#8211; Ghiaccio alla fragola e kiwi Frutto della passione Guava e pesca Mango Anguria e uva Burst\"}]},{\"@type\":\"WebSite\",\"@id\":\"https:\\\/\\\/www.fizzyvape.eu\\\/it\\\/#website\",\"url\":\"https:\\\/\\\/www.fizzyvape.eu\\\/it\\\/\",\"name\":\"fizzyvape.eu\",\"description\":\"Refreshing Vapes. Unforgettable Taste.\",\"publisher\":{\"@id\":\"https:\\\/\\\/www.fizzyvape.eu\\\/it\\\/#organization\"},\"potentialAction\":[{\"@type\":\"SearchAction\",\"target\":{\"@type\":\"EntryPoint\",\"urlTemplate\":\"https:\\\/\\\/www.fizzyvape.eu\\\/it\\\/?s={search_term_string}\"},\"query-input\":{\"@type\":\"PropertyValueSpecification\",\"valueRequired\":true,\"valueName\":\"search_term_string\"}}],\"inLanguage\":\"it-IT\"},{\"@type\":\"Organization\",\"@id\":\"https:\\\/\\\/www.fizzyvape.eu\\\/it\\\/#organization\",\"name\":\"fizzyvape.eu\",\"url\":\"https:\\\/\\\/www.fizzyvape.eu\\\/it\\\/\",\"logo\":{\"@type\":\"ImageObject\",\"inLanguage\":\"it-IT\",\"@id\":\"https:\\\/\\\/www.fizzyvape.eu\\\/it\\\/#\\\/schema\\\/logo\\\/image\\\/\",\"url\":\"https:\\\/\\\/fizzyvape.eu\\\/wp-content\\\/uploads\\\/2019\\\/06\\\/print-1.svg\",\"contentUrl\":\"https:\\\/\\\/fizzyvape.eu\\\/wp-content\\\/uploads\\\/2019\\\/06\\\/print-1.svg\",\"width\":124,\"height\":37,\"caption\":\"fizzyvape.eu\"},\"image\":{\"@id\":\"https:\\\/\\\/www.fizzyvape.eu\\\/it\\\/#\\\/schema\\\/logo\\\/image\\\/\"}}]}<\/script>\n<meta property=\"og:availability\" content=\"instock\" \/>\n<meta property=\"product:availability\" content=\"instock\" \/>\n<meta property=\"product:condition\" content=\"new\" \/>\n<!-- \/ Yoast SEO Premium plugin. -->","yoast_head_json":{"title":"Fizzy 150K Puffs Strawberry Ice Vape monouso multigusto","description":"Goditi Fragola Ghiaccio, Kiwi Frutto della Passione Guava, Pesca Mango Anguria e Uva Burst in un'unica svapata ricaricabile Fizzy 150K Puffs.","robots":{"index":"index","follow":"follow","max-snippet":"max-snippet:-1","max-image-preview":"max-image-preview:large","max-video-preview":"max-video-preview:-1"},"canonical":"https:\/\/fizzyvape.eu\/it\/prodotto\/150k-puffs-ghiaccio-alla-fragola-e-kiwi-frutto-della-passione-guava-e-pesca-mango-anguria-e-uva-burst\/","og_locale":"it_IT","og_type":"article","og_title":"150K Puffs - Ghiaccio alla fragola e kiwi Frutto della passione Guava e pesca Mango Anguria e uva Burst","og_description":"Goditi Fragola Ghiaccio, Kiwi Frutto della Passione Guava, Pesca Mango Anguria e Uva Burst in un'unica svapata ricaricabile Fizzy 150K Puffs.","og_url":"https:\/\/fizzyvape.eu\/it\/prodotto\/150k-puffs-ghiaccio-alla-fragola-e-kiwi-frutto-della-passione-guava-e-pesca-mango-anguria-e-uva-burst\/","og_site_name":"fizzyvape.eu","og_image":[{"width":1000,"height":1000,"url":"https:\/\/fizzyvape.eu\/wp-content\/uploads\/2026\/01\/Fizzy-15-in-1-150K-Puffs-Rechargeable-Disposable-Vape-Flavors-2-2.jpg","type":"image\/jpeg"}],"twitter_card":"summary_large_image","twitter_misc":{"Disponibilit\u00e0":"In stock"},"schema":{"@context":"https:\/\/schema.org","@graph":[{"@type":"WebPage","@id":"https:\/\/fizzyvape.eu\/it\/prodotto\/150k-puffs-ghiaccio-alla-fragola-e-kiwi-frutto-della-passione-guava-e-pesca-mango-anguria-e-uva-burst\/","url":"https:\/\/fizzyvape.eu\/it\/prodotto\/150k-puffs-ghiaccio-alla-fragola-e-kiwi-frutto-della-passione-guava-e-pesca-mango-anguria-e-uva-burst\/","name":"Fizzy 150K Puffs Strawberry Ice Vape monouso multigusto","isPartOf":{"@id":"https:\/\/www.fizzyvape.eu\/it\/#website"},"primaryImageOfPage":{"@id":"https:\/\/fizzyvape.eu\/it\/prodotto\/150k-puffs-ghiaccio-alla-fragola-e-kiwi-frutto-della-passione-guava-e-pesca-mango-anguria-e-uva-burst\/#primaryimage"},"image":{"@id":"https:\/\/fizzyvape.eu\/it\/prodotto\/150k-puffs-ghiaccio-alla-fragola-e-kiwi-frutto-della-passione-guava-e-pesca-mango-anguria-e-uva-burst\/#primaryimage"},"thumbnailUrl":"https:\/\/fizzyvape.eu\/wp-content\/uploads\/2026\/01\/Fizzy-15-in-1-150K-Puffs-Rechargeable-Disposable-Vape-Flavors-2-2.jpg","datePublished":"2026-01-19T09:43:54+00:00","description":"Goditi Fragola Ghiaccio, Kiwi Frutto della Passione Guava, Pesca Mango Anguria e Uva Burst in un'unica svapata ricaricabile Fizzy 150K Puffs.","breadcrumb":{"@id":"https:\/\/fizzyvape.eu\/it\/prodotto\/150k-puffs-ghiaccio-alla-fragola-e-kiwi-frutto-della-passione-guava-e-pesca-mango-anguria-e-uva-burst\/#breadcrumb"},"inLanguage":"it-IT","potentialAction":[{"@type":"ReadAction","target":["https:\/\/fizzyvape.eu\/it\/prodotto\/150k-puffs-ghiaccio-alla-fragola-e-kiwi-frutto-della-passione-guava-e-pesca-mango-anguria-e-uva-burst\/"]}]},{"@type":"ImageObject","inLanguage":"it-IT","@id":"https:\/\/fizzyvape.eu\/it\/prodotto\/150k-puffs-ghiaccio-alla-fragola-e-kiwi-frutto-della-passione-guava-e-pesca-mango-anguria-e-uva-burst\/#primaryimage","url":"https:\/\/fizzyvape.eu\/wp-content\/uploads\/2026\/01\/Fizzy-15-in-1-150K-Puffs-Rechargeable-Disposable-Vape-Flavors-2-2.jpg","contentUrl":"https:\/\/fizzyvape.eu\/wp-content\/uploads\/2026\/01\/Fizzy-15-in-1-150K-Puffs-Rechargeable-Disposable-Vape-Flavors-2-2.jpg","width":1000,"height":1000,"caption":"Fizzy 15-in-1 150K Puffs Ricaricabile usa e getta Aromi di Vape 2"},{"@type":"BreadcrumbList","@id":"https:\/\/fizzyvape.eu\/it\/prodotto\/150k-puffs-ghiaccio-alla-fragola-e-kiwi-frutto-della-passione-guava-e-pesca-mango-anguria-e-uva-burst\/#breadcrumb","itemListElement":[{"@type":"ListItem","position":1,"name":"Home","item":"https:\/\/fizzyvape.eu\/it\/"},{"@type":"ListItem","position":2,"name":"Negozio","item":"https:\/\/www.fizzyvape.eu\/it\/negozio\/"},{"@type":"ListItem","position":3,"name":"150K Puffs &#8211; Ghiaccio alla fragola e kiwi Frutto della passione Guava e pesca Mango Anguria e uva Burst"}]},{"@type":"WebSite","@id":"https:\/\/www.fizzyvape.eu\/it\/#website","url":"https:\/\/www.fizzyvape.eu\/it\/","name":"fizzyvape.eu","description":"Refreshing Vapes. Unforgettable Taste.","publisher":{"@id":"https:\/\/www.fizzyvape.eu\/it\/#organization"},"potentialAction":[{"@type":"SearchAction","target":{"@type":"EntryPoint","urlTemplate":"https:\/\/www.fizzyvape.eu\/it\/?s={search_term_string}"},"query-input":{"@type":"PropertyValueSpecification","valueRequired":true,"valueName":"search_term_string"}}],"inLanguage":"it-IT"},{"@type":"Organization","@id":"https:\/\/www.fizzyvape.eu\/it\/#organization","name":"fizzyvape.eu","url":"https:\/\/www.fizzyvape.eu\/it\/","logo":{"@type":"ImageObject","inLanguage":"it-IT","@id":"https:\/\/www.fizzyvape.eu\/it\/#\/schema\/logo\/image\/","url":"https:\/\/fizzyvape.eu\/wp-content\/uploads\/2019\/06\/print-1.svg","contentUrl":"https:\/\/fizzyvape.eu\/wp-content\/uploads\/2019\/06\/print-1.svg","width":124,"height":37,"caption":"fizzyvape.eu"},"image":{"@id":"https:\/\/www.fizzyvape.eu\/it\/#\/schema\/logo\/image\/"}}]},"og_availability":"instock","product_availability":"instock","product_condition":"new"},"tiered_pricing_type":"fixed","tiered_pricing_fixed_rules":[],"tiered_pricing_product_settings":{"layout":"default","base_unit_name":{"singular":null,"plural":null},"default_variation":null},"tiered_pricing_minimum_quantity":null,"tiered_pricing_roles_data":[],"tiered_pricing_percentage_rules":[],"tiered_pricing_maximum_quantity":null,"tiered_pricing_quantity_step":null,"_links":{"self":[{"href":"https:\/\/fizzyvape.eu\/it\/wp-json\/wp\/v2\/product\/38970","targetHints":{"allow":["GET"]}}],"collection":[{"href":"https:\/\/fizzyvape.eu\/it\/wp-json\/wp\/v2\/product"}],"about":[{"href":"https:\/\/fizzyvape.eu\/it\/wp-json\/wp\/v2\/types\/product"}],"replies":[{"embeddable":true,"href":"https:\/\/fizzyvape.eu\/it\/wp-json\/wp\/v2\/comments?post=38970"}],"version-history":[{"count":0,"href":"https:\/\/fizzyvape.eu\/it\/wp-json\/wp\/v2\/product\/38970\/revisions"}],"wp:featuredmedia":[{"embeddable":true,"href":"https:\/\/fizzyvape.eu\/it\/wp-json\/wp\/v2\/media\/38936"}],"wp:attachment":[{"href":"https:\/\/fizzyvape.eu\/it\/wp-json\/wp\/v2\/media?parent=38970"}],"wp:term":[{"taxonomy":"product_brand","embeddable":true,"href":"https:\/\/fizzyvape.eu\/it\/wp-json\/wp\/v2\/product_brand?post=38970"},{"taxonomy":"product_cat","embeddable":true,"href":"https:\/\/fizzyvape.eu\/it\/wp-json\/wp\/v2\/product_cat?post=38970"},{"taxonomy":"product_tag","embeddable":true,"href":"https:\/\/fizzyvape.eu\/it\/wp-json\/wp\/v2\/product_tag?post=38970"}],"curies":[{"name":"wp","href":"https:\/\/api.w.org\/{rel}","templated":true}]}}