{"id":39210,"date":"2026-01-19T18:20:47","date_gmt":"2026-01-19T10:20:47","guid":{"rendered":"https:\/\/fizzyvape.eu\/product\/150k-puffs-ghiaccio-al-mirtillo-anguria-alla-fragola-mojito-guava-al-kiwi-e-frutto-della-passione\/"},"modified":"2026-01-19T18:20:47","modified_gmt":"2026-01-19T10:20:47","slug":"150k-puffs-ghiaccio-al-mirtillo-anguria-alla-fragola-mojito-guava-al-kiwi-e-frutto-della-passione","status":"publish","type":"product","link":"https:\/\/fizzyvape.eu\/it\/prodotto\/150k-puffs-ghiaccio-al-mirtillo-anguria-alla-fragola-mojito-guava-al-kiwi-e-frutto-della-passione\/","title":{"rendered":"150K Puffs &#8211; Ghiaccio al mirtillo &amp; Anguria alla fragola &amp; Mojito &amp; Guava al kiwi e frutto della passione"},"content":{"rendered":"<p><img decoding=\"async\" class=\"aligncenter wp-image-38905 size-large\" src=\"https:\/\/fizzyvape.eu\/wp-content\/uploads\/2026\/01\/Fizzy-15-in-1-150K-Puffs-Rechargeable-Disposable-Vape-Flavors-12-1-800x800.jpg\" alt=\"Fizzy 15-in-1 150K Puffs Ricaricabile Usa e Getta Aromi di Vape 12\" width=\"800\" height=\"800\" srcset=\"https:\/\/fizzyvape.eu\/wp-content\/uploads\/2026\/01\/Fizzy-15-in-1-150K-Puffs-Rechargeable-Disposable-Vape-Flavors-12-1-800x800.jpg 800w, https:\/\/fizzyvape.eu\/wp-content\/uploads\/2026\/01\/Fizzy-15-in-1-150K-Puffs-Rechargeable-Disposable-Vape-Flavors-12-1-300x300.jpg 300w, https:\/\/fizzyvape.eu\/wp-content\/uploads\/2026\/01\/Fizzy-15-in-1-150K-Puffs-Rechargeable-Disposable-Vape-Flavors-12-1-150x150.jpg 150w, https:\/\/fizzyvape.eu\/wp-content\/uploads\/2026\/01\/Fizzy-15-in-1-150K-Puffs-Rechargeable-Disposable-Vape-Flavors-12-1-768x768.jpg 768w, https:\/\/fizzyvape.eu\/wp-content\/uploads\/2026\/01\/Fizzy-15-in-1-150K-Puffs-Rechargeable-Disposable-Vape-Flavors-12-1-100x100.jpg 100w, https:\/\/fizzyvape.eu\/wp-content\/uploads\/2026\/01\/Fizzy-15-in-1-150K-Puffs-Rechargeable-Disposable-Vape-Flavors-12-1-200x200.jpg 200w, https:\/\/fizzyvape.eu\/wp-content\/uploads\/2026\/01\/Fizzy-15-in-1-150K-Puffs-Rechargeable-Disposable-Vape-Flavors-12-1-400x400.jpg 400w, https:\/\/fizzyvape.eu\/wp-content\/uploads\/2026\/01\/Fizzy-15-in-1-150K-Puffs-Rechargeable-Disposable-Vape-Flavors-12-1-500x500.jpg 500w, https:\/\/fizzyvape.eu\/wp-content\/uploads\/2026\/01\/Fizzy-15-in-1-150K-Puffs-Rechargeable-Disposable-Vape-Flavors-12-1-430x430.jpg 430w, https:\/\/fizzyvape.eu\/wp-content\/uploads\/2026\/01\/Fizzy-15-in-1-150K-Puffs-Rechargeable-Disposable-Vape-Flavors-12-1-700x700.jpg 700w, https:\/\/fizzyvape.eu\/wp-content\/uploads\/2026\/01\/Fizzy-15-in-1-150K-Puffs-Rechargeable-Disposable-Vape-Flavors-12-1.jpg 1000w\" sizes=\"(max-width: 800px) 100vw, 800px\" \/><\/p>\n<h2>Fizzy 150K Puffs usa e getta &#8211; Mirtillo Ghiaccio &amp; Fragola Anguria &amp; Mojito &amp; Kiwi Passion Fruit Guava<\/h2>\n<p><b>\u2744\ufe0f 150.000 Bign\u00e8. 15 gusti. Il massimo del ristoro per tutto il giorno.  <\/b><\/p>\n<p>Ti presentiamo il nuovo titano del mondo del vaping: la <b>svapata monouso Fizzy 150K Puffs<\/b>. Progettato per coloro che esigono un&#8217;estrema longevit\u00e0 e flessibilit\u00e0 dei sapori, questo dispositivo \u00e8 dotato di un enorme <b>serbatoio di e-liquid da 80 ml<\/b> e di un <b>sistema di commutazione intelligente 15 in 1<\/b>, unico al mondo. Questa edizione specifica \u00e8 stata pensata per gli appassionati dei profili &#8220;Ice&#8221; e &#8220;Cocktail&#8221;, offrendo un&#8217;esperienza frizzante e rinfrescante che supera qualsiasi altra cosa sul mercato.  <\/p>\n<h2><b>\ud83c\udf08 La selezione di aromi a 4 capsule<\/b><\/h2>\n<p>All&#8217;interno di questa <b>svapata usa e getta da 150K Puffs<\/b> ci sono quattro cialde indipendenti da 20 ml. Puoi passare da una all&#8217;altra singolarmente o utilizzare la levetta intelligente per <b>miscelarle in 15 combinazioni ibride uniche<\/b>: <\/p>\n<ul>\n<li><b>\u2744\ufe0f Mirtillo ghiacciato:<\/b> Mirtilli di montagna dolci e grossi con un finale di gelo artico e profondo.<\/li>\n<li><b>\ud83c\udf49 Anguria alla fragola:<\/b> La quintessenza dell&#8217;estate: l&#8217;anguria succosa incontra le fragole maturate al sole.<\/li>\n<li><b>\ud83c\udf78 Mojito:<\/b> Una miscela sofisticata e gustosa di lime fresco, menta del giardino e un pizzico di dolcezza frizzante.<\/li>\n<li><b>\ud83e\udd5d Kiwi Frutto della Passione Guava:<\/b> Una tripletta tropicale aspra, dolce e incredibilmente aromatica.<\/li>\n<\/ul>\n<p><img decoding=\"async\" class=\"wp-image-38407 size-full\" src=\"https:\/\/fizzyvape.eu\/wp-content\/uploads\/2025\/12\/Fizzy-150K-Puffs-Disposable-Vape-5-scaled.jpg\" alt=\"Vape monouso Fizzy 150K Puffs - 5\" width=\"1663\" height=\"2560\" srcset=\"https:\/\/fizzyvape.eu\/wp-content\/uploads\/2025\/12\/Fizzy-150K-Puffs-Disposable-Vape-5-scaled.jpg 1663w, https:\/\/fizzyvape.eu\/wp-content\/uploads\/2025\/12\/Fizzy-150K-Puffs-Disposable-Vape-5-195x300.jpg 195w, https:\/\/fizzyvape.eu\/wp-content\/uploads\/2025\/12\/Fizzy-150K-Puffs-Disposable-Vape-5-520x800.jpg 520w, https:\/\/fizzyvape.eu\/wp-content\/uploads\/2025\/12\/Fizzy-150K-Puffs-Disposable-Vape-5-768x1182.jpg 768w, https:\/\/fizzyvape.eu\/wp-content\/uploads\/2025\/12\/Fizzy-150K-Puffs-Disposable-Vape-5-998x1536.jpg 998w, https:\/\/fizzyvape.eu\/wp-content\/uploads\/2025\/12\/Fizzy-150K-Puffs-Disposable-Vape-5-1330x2048.jpg 1330w, https:\/\/fizzyvape.eu\/wp-content\/uploads\/2025\/12\/Fizzy-150K-Puffs-Disposable-Vape-5-430x662.jpg 430w, https:\/\/fizzyvape.eu\/wp-content\/uploads\/2025\/12\/Fizzy-150K-Puffs-Disposable-Vape-5-700x1078.jpg 700w, https:\/\/fizzyvape.eu\/wp-content\/uploads\/2025\/12\/Fizzy-150K-Puffs-Disposable-Vape-5-150x231.jpg 150w\" sizes=\"(max-width: 1663px) 100vw, 1663px\" \/><\/p>\n<h2><b>\ud83d\udce6 Specifiche<\/b><\/h2>\n<table>\n<thead>\n<tr>\n<td><strong>Caratteristiche<\/strong><\/td>\n<td><strong>Dati tecnici B2B<\/strong><\/td>\n<\/tr>\n<\/thead>\n<tbody>\n<tr>\n<td><b>Conteggio delle boccate<\/b><\/td>\n<td>Fino a 150.000 boccate<\/td>\n<\/tr>\n<tr>\n<td><b>Capacit\u00e0 del liquido elettronico<\/b><\/td>\n<td><b>80mL totali (20mL x 4 Pod indipendenti)<\/b><\/td>\n<\/tr>\n<tr>\n<td><b>Batteria<\/b><\/td>\n<td>1000mAh Cobalto puro (ricaricabile di tipo C)<\/td>\n<\/tr>\n<tr>\n<td><b>Modalit\u00e0 di sapore<\/b><\/td>\n<td><b>15 combinazioni intelligenti (A\/B\/C\/D + ibridi)<\/b><\/td>\n<\/tr>\n<tr>\n<td><b>Sistema a bobina<\/b><\/td>\n<td>Quad-Mesh 1.0\u03a9 (erogazione ad alta coerenza)<\/td>\n<\/tr>\n<tr>\n<td><b>Imballaggi<\/b><\/td>\n<td>Scatole da esposizione pronte per la vendita al dettaglio<\/td>\n<\/tr>\n<\/tbody>\n<\/table>\n<h2><b>\ud83c\udfa8Fizzy<\/b>15-in-1 150K Puffs Ricaricabile <strong>usa e getta Lista dei sapori di svapo:<\/strong><\/h2>\n<ol>\n<li><a href=\"https:\/\/fizzyvape.eu\/it\/prodotto\/150k-puffs-ghiaccio-allanguria-red-bull-lampone-alla-fragola-ghiaccio-al-triplo-melone\/\">ghiaccio all&#8217;anguria &amp; red bull &amp; lampone alla fragola &amp; triplo ghiaccio al melone<\/a><\/li>\n<li><a href=\"https:\/\/fizzyvape.eu\/it\/prodotto\/150k-puffs-ghiaccio-alla-fragola-e-kiwi-frutto-della-passione-guava-e-pesca-mango-anguria-e-uva-burst\/\">fragola ghiacciata &amp; kiwi frutto della passione guava &amp; pesca mango anguria &amp; uva burst<\/a><\/li>\n<li><a href=\"https:\/\/fizzyvape.eu\/it\/prodotto\/150k-puffs-red-bull-fragola-kiwi-melograno-mirtillo-ghiacciato-ananas-cocco\/\">red bull &amp; kiwi alla fragola melograno &amp; mirtillo ghiaccio &amp; ananas cocco<\/a><\/li>\n<li><a href=\"https:\/\/fizzyvape.eu\/it\/prodotto\/150k-puffs-fragola-kiwi-frutti-di-bosco-misti-anguria-bubblegum-pesca-succosa\/\">kiwi alla fragola &amp; frutti di bosco misti &amp; anguria bubblegum &amp; pesca succosa<\/a><\/li>\n<li><a href=\"https:\/\/fizzyvape.eu\/it\/prodotto\/150k-puffs-mirtillo-lampone-fragola-e-ghiaccio-limonata-blu-e-orsetto-gommoso-allanguria\/\">Mirtillo, lampone, fragola e ghiaccio, limonata blu razz e orsetto gommoso all&#8217;anguria<\/a><\/li>\n<li><a href=\"https:\/\/fizzyvape.eu\/it\/prodotto\/150k-puffs-punch-di-frutta-tropicale-e-anguria-lampone-e-mirtillo-cocco-e-fragola-skittles\/\">punch di frutta tropicale e anguria lampone e mirtillo cocco e fragola skittles<\/a><\/li>\n<li><a href=\"https:\/\/fizzyvape.eu\/it\/prodotto\/150k-puffs-amore-66-fragola-kiwi-anguria-mirtillo-lampone-limonata\/\">amore 66 e fragola kiwi e anguria mirtillo e lampone limonata<\/a><\/li>\n<li><a href=\"https:\/\/fizzyvape.eu\/it\/prodotto\/150k-puffs-frutti-di-bosco-misti-e-ananas-pesca-frutto-della-passione-e-cola-frizzante-e-lampone-fragola\/\">frutti di bosco misti &amp; ananas pesca frutto della passione &amp; cola frizzante &amp; lampone fragola<\/a><\/li>\n<li><a href=\"https:\/\/fizzyvape.eu\/it\/prodotto\/150k-bigne-blue-razz-rapsberry-watermelon-cherry-ice-strawberry-grape-passion-fruit-orange-peach\/\">blu razz rapsberry &amp; anguria ciliegia ice &amp; fragola uva &amp;passion fruit arancia pesca<\/a><\/li>\n<li><a href=\"https:\/\/fizzyvape.eu\/it\/prodotto\/150k-bigne-ciliegia-frizzante-fragola-frutto-del-drago-limone-lime-anguria-mirtillo\/\">ciliegia frizzante &amp; fragola frutto del drago &amp; limone lime &amp; anguria mirtillo<\/a><\/li>\n<li><a href=\"https:\/\/fizzyvape.eu\/it\/prodotto\/150k-puffs-coca-cola-alla-fragola-e-vaniglia-lampone-e-mirtillo-anguria-e-ciliegia\/\">Coca alla fragola e vaniglia, lampone e anguria, ghiaccio e ciliegia.<\/a><\/li>\n<li><a href=\"https:\/\/fizzyvape.eu\/it\/prodotto\/150k-puffs-ghiaccio-al-mirtillo-anguria-alla-fragola-mojito-guava-al-kiwi-e-frutto-della-passione\/\">ghiaccio al mirtillo &amp; anguria alla fragola &amp; mojito &amp; kiwi frutto della passione guava<\/a><\/li>\n<\/ol>\n<h2><b>\u2753 FAQ rapide<\/b><\/h2>\n<p><b>D: Posso mescolare il Mojito con il Blueberry Ice?<\/b><\/p>\n<p>R: S\u00ec! Questa \u00e8 la magia della <b>svapata usa e getta 150K Puffs<\/b>. Selezionando la modalit\u00e0 ibrida per la capsula A e la capsula C, puoi creare un aroma unico di Blueberry Mint Mojito.  <\/p>\n<p><b>D: Quanto tempo ci vuole per la ricarica?<\/b><\/p>\n<p>R: Con la ricarica rapida Type-C, la batteria da 1000 mAh pu\u00f2 raggiungere la piena potenza in circa 45-60 minuti.<\/p>\n<p><b>D: Il livello di nicotina \u00e8 regolabile?<\/b><\/p>\n<p>R: Questo dispositivo \u00e8 disponibile con dosaggi fissi (in genere 2% o 5%). Seleziona il dosaggio che preferisci dal menu a tendina prima di aggiungerlo al carrello. <\/p>\n","protected":false},"excerpt":{"rendered":"[html_block id=\"38779\"]\n","protected":false},"featured_media":38909,"comment_status":"open","ping_status":"closed","template":"","meta":{"iawp_total_views":0},"product_brand":[],"product_cat":[997],"product_tag":[],"class_list":{"0":"post-39210","1":"product","2":"type-product","3":"status-publish","4":"has-post-thumbnail","6":"product_cat-vaporizzatore-usa-e-getta-ricaricabile-fizzy-150k-da-150-000-tiri-15-in-1","8":"first","9":"instock","10":"sale","11":"shipping-taxable","12":"purchasable","13":"product-type-variable"},"yoast_head":"<!-- This site is optimized with the Yoast SEO Premium plugin v24.8 (Yoast SEO v27.4) - https:\/\/yoast.com\/product\/yoast-seo-premium-wordpress\/ -->\n<title>Ghiaccio al mirtillo e Mojito | Vape frizzante 150K Puffs - Gusti 15 in 1<\/title>\n<meta name=\"description\" content=\"Goditi la svapata monouso Fizzy 150K Puffs con Blueberry Ice, Strawberry Watermelon, Mojito e Kiwi Passion Fruit Guava. 150K boccate, gusto rinfrescante.\" \/>\n<meta name=\"robots\" content=\"index, follow, max-snippet:-1, max-image-preview:large, max-video-preview:-1\" \/>\n<link rel=\"canonical\" href=\"https:\/\/fizzyvape.eu\/it\/prodotto\/150k-puffs-ghiaccio-al-mirtillo-anguria-alla-fragola-mojito-guava-al-kiwi-e-frutto-della-passione\/\" \/>\n<meta property=\"og:locale\" content=\"it_IT\" \/>\n<meta property=\"og:type\" content=\"article\" \/>\n<meta property=\"og:title\" content=\"150K Puffs - Ghiaccio al mirtillo &amp; Anguria alla fragola &amp; Mojito &amp; Guava al kiwi e frutto della passione\" \/>\n<meta property=\"og:description\" content=\"Goditi la svapata monouso Fizzy 150K Puffs con Blueberry Ice, Strawberry Watermelon, Mojito e Kiwi Passion Fruit Guava. 150K boccate, gusto rinfrescante.\" \/>\n<meta property=\"og:url\" content=\"https:\/\/fizzyvape.eu\/it\/prodotto\/150k-puffs-ghiaccio-al-mirtillo-anguria-alla-fragola-mojito-guava-al-kiwi-e-frutto-della-passione\/\" \/>\n<meta property=\"og:site_name\" content=\"fizzyvape.eu\" \/>\n<meta property=\"og:image\" content=\"https:\/\/fizzyvape.eu\/wp-content\/uploads\/2026\/01\/Fizzy-15-in-1-150K-Puffs-Rechargeable-Disposable-Vape-Flavors-12-1.jpg\" \/>\n\t<meta property=\"og:image:width\" content=\"1000\" \/>\n\t<meta property=\"og:image:height\" content=\"1000\" \/>\n\t<meta property=\"og:image:type\" content=\"image\/jpeg\" \/>\n<meta name=\"twitter:card\" content=\"summary_large_image\" \/>\n<meta name=\"twitter:label1\" content=\"Disponibilit\u00e0\" \/>\n\t<meta name=\"twitter:data1\" content=\"In stock\" \/>\n<script type=\"application\/ld+json\" class=\"yoast-schema-graph\">{\"@context\":\"https:\\\/\\\/schema.org\",\"@graph\":[{\"@type\":\"WebPage\",\"@id\":\"https:\\\/\\\/fizzyvape.eu\\\/it\\\/prodotto\\\/150k-puffs-ghiaccio-al-mirtillo-anguria-alla-fragola-mojito-guava-al-kiwi-e-frutto-della-passione\\\/\",\"url\":\"https:\\\/\\\/fizzyvape.eu\\\/it\\\/prodotto\\\/150k-puffs-ghiaccio-al-mirtillo-anguria-alla-fragola-mojito-guava-al-kiwi-e-frutto-della-passione\\\/\",\"name\":\"Ghiaccio al mirtillo e Mojito | Vape frizzante 150K Puffs - Gusti 15 in 1\",\"isPartOf\":{\"@id\":\"https:\\\/\\\/www.fizzyvape.eu\\\/it\\\/#website\"},\"primaryImageOfPage\":{\"@id\":\"https:\\\/\\\/fizzyvape.eu\\\/it\\\/prodotto\\\/150k-puffs-ghiaccio-al-mirtillo-anguria-alla-fragola-mojito-guava-al-kiwi-e-frutto-della-passione\\\/#primaryimage\"},\"image\":{\"@id\":\"https:\\\/\\\/fizzyvape.eu\\\/it\\\/prodotto\\\/150k-puffs-ghiaccio-al-mirtillo-anguria-alla-fragola-mojito-guava-al-kiwi-e-frutto-della-passione\\\/#primaryimage\"},\"thumbnailUrl\":\"https:\\\/\\\/fizzyvape.eu\\\/wp-content\\\/uploads\\\/2026\\\/01\\\/Fizzy-15-in-1-150K-Puffs-Rechargeable-Disposable-Vape-Flavors-12-1.jpg\",\"datePublished\":\"2026-01-19T10:20:47+00:00\",\"description\":\"Goditi la svapata monouso Fizzy 150K Puffs con Blueberry Ice, Strawberry Watermelon, Mojito e Kiwi Passion Fruit Guava. 150K boccate, gusto rinfrescante.\",\"breadcrumb\":{\"@id\":\"https:\\\/\\\/fizzyvape.eu\\\/it\\\/prodotto\\\/150k-puffs-ghiaccio-al-mirtillo-anguria-alla-fragola-mojito-guava-al-kiwi-e-frutto-della-passione\\\/#breadcrumb\"},\"inLanguage\":\"it-IT\",\"potentialAction\":[{\"@type\":\"ReadAction\",\"target\":[\"https:\\\/\\\/fizzyvape.eu\\\/it\\\/prodotto\\\/150k-puffs-ghiaccio-al-mirtillo-anguria-alla-fragola-mojito-guava-al-kiwi-e-frutto-della-passione\\\/\"]}]},{\"@type\":\"ImageObject\",\"inLanguage\":\"it-IT\",\"@id\":\"https:\\\/\\\/fizzyvape.eu\\\/it\\\/prodotto\\\/150k-puffs-ghiaccio-al-mirtillo-anguria-alla-fragola-mojito-guava-al-kiwi-e-frutto-della-passione\\\/#primaryimage\",\"url\":\"https:\\\/\\\/fizzyvape.eu\\\/wp-content\\\/uploads\\\/2026\\\/01\\\/Fizzy-15-in-1-150K-Puffs-Rechargeable-Disposable-Vape-Flavors-12-1.jpg\",\"contentUrl\":\"https:\\\/\\\/fizzyvape.eu\\\/wp-content\\\/uploads\\\/2026\\\/01\\\/Fizzy-15-in-1-150K-Puffs-Rechargeable-Disposable-Vape-Flavors-12-1.jpg\",\"width\":1000,\"height\":1000,\"caption\":\"Fizzy 15-in-1 150K Puffs Ricaricabile Usa e Getta Aromi di Vape 12\"},{\"@type\":\"BreadcrumbList\",\"@id\":\"https:\\\/\\\/fizzyvape.eu\\\/it\\\/prodotto\\\/150k-puffs-ghiaccio-al-mirtillo-anguria-alla-fragola-mojito-guava-al-kiwi-e-frutto-della-passione\\\/#breadcrumb\",\"itemListElement\":[{\"@type\":\"ListItem\",\"position\":1,\"name\":\"Home\",\"item\":\"https:\\\/\\\/fizzyvape.eu\\\/it\\\/\"},{\"@type\":\"ListItem\",\"position\":2,\"name\":\"Negozio\",\"item\":\"https:\\\/\\\/www.fizzyvape.eu\\\/it\\\/negozio\\\/\"},{\"@type\":\"ListItem\",\"position\":3,\"name\":\"150K Puffs &#8211; Ghiaccio al mirtillo &amp; Anguria alla fragola &amp; Mojito &amp; Guava al kiwi e frutto della passione\"}]},{\"@type\":\"WebSite\",\"@id\":\"https:\\\/\\\/www.fizzyvape.eu\\\/it\\\/#website\",\"url\":\"https:\\\/\\\/www.fizzyvape.eu\\\/it\\\/\",\"name\":\"fizzyvape.eu\",\"description\":\"Refreshing Vapes. Unforgettable Taste.\",\"publisher\":{\"@id\":\"https:\\\/\\\/www.fizzyvape.eu\\\/it\\\/#organization\"},\"potentialAction\":[{\"@type\":\"SearchAction\",\"target\":{\"@type\":\"EntryPoint\",\"urlTemplate\":\"https:\\\/\\\/www.fizzyvape.eu\\\/it\\\/?s={search_term_string}\"},\"query-input\":{\"@type\":\"PropertyValueSpecification\",\"valueRequired\":true,\"valueName\":\"search_term_string\"}}],\"inLanguage\":\"it-IT\"},{\"@type\":\"Organization\",\"@id\":\"https:\\\/\\\/www.fizzyvape.eu\\\/it\\\/#organization\",\"name\":\"fizzyvape.eu\",\"url\":\"https:\\\/\\\/www.fizzyvape.eu\\\/it\\\/\",\"logo\":{\"@type\":\"ImageObject\",\"inLanguage\":\"it-IT\",\"@id\":\"https:\\\/\\\/www.fizzyvape.eu\\\/it\\\/#\\\/schema\\\/logo\\\/image\\\/\",\"url\":\"https:\\\/\\\/fizzyvape.eu\\\/wp-content\\\/uploads\\\/2019\\\/06\\\/print-1.svg\",\"contentUrl\":\"https:\\\/\\\/fizzyvape.eu\\\/wp-content\\\/uploads\\\/2019\\\/06\\\/print-1.svg\",\"width\":124,\"height\":37,\"caption\":\"fizzyvape.eu\"},\"image\":{\"@id\":\"https:\\\/\\\/www.fizzyvape.eu\\\/it\\\/#\\\/schema\\\/logo\\\/image\\\/\"}}]}<\/script>\n<meta property=\"og:availability\" content=\"instock\" \/>\n<meta property=\"product:availability\" content=\"instock\" \/>\n<meta property=\"product:condition\" content=\"new\" \/>\n<!-- \/ Yoast SEO Premium plugin. -->","yoast_head_json":{"title":"Ghiaccio al mirtillo e Mojito | Vape frizzante 150K Puffs - Gusti 15 in 1","description":"Goditi la svapata monouso Fizzy 150K Puffs con Blueberry Ice, Strawberry Watermelon, Mojito e Kiwi Passion Fruit Guava. 150K boccate, gusto rinfrescante.","robots":{"index":"index","follow":"follow","max-snippet":"max-snippet:-1","max-image-preview":"max-image-preview:large","max-video-preview":"max-video-preview:-1"},"canonical":"https:\/\/fizzyvape.eu\/it\/prodotto\/150k-puffs-ghiaccio-al-mirtillo-anguria-alla-fragola-mojito-guava-al-kiwi-e-frutto-della-passione\/","og_locale":"it_IT","og_type":"article","og_title":"150K Puffs - Ghiaccio al mirtillo &amp; Anguria alla fragola &amp; Mojito &amp; Guava al kiwi e frutto della passione","og_description":"Goditi la svapata monouso Fizzy 150K Puffs con Blueberry Ice, Strawberry Watermelon, Mojito e Kiwi Passion Fruit Guava. 150K boccate, gusto rinfrescante.","og_url":"https:\/\/fizzyvape.eu\/it\/prodotto\/150k-puffs-ghiaccio-al-mirtillo-anguria-alla-fragola-mojito-guava-al-kiwi-e-frutto-della-passione\/","og_site_name":"fizzyvape.eu","og_image":[{"width":1000,"height":1000,"url":"https:\/\/fizzyvape.eu\/wp-content\/uploads\/2026\/01\/Fizzy-15-in-1-150K-Puffs-Rechargeable-Disposable-Vape-Flavors-12-1.jpg","type":"image\/jpeg"}],"twitter_card":"summary_large_image","twitter_misc":{"Disponibilit\u00e0":"In stock"},"schema":{"@context":"https:\/\/schema.org","@graph":[{"@type":"WebPage","@id":"https:\/\/fizzyvape.eu\/it\/prodotto\/150k-puffs-ghiaccio-al-mirtillo-anguria-alla-fragola-mojito-guava-al-kiwi-e-frutto-della-passione\/","url":"https:\/\/fizzyvape.eu\/it\/prodotto\/150k-puffs-ghiaccio-al-mirtillo-anguria-alla-fragola-mojito-guava-al-kiwi-e-frutto-della-passione\/","name":"Ghiaccio al mirtillo e Mojito | Vape frizzante 150K Puffs - Gusti 15 in 1","isPartOf":{"@id":"https:\/\/www.fizzyvape.eu\/it\/#website"},"primaryImageOfPage":{"@id":"https:\/\/fizzyvape.eu\/it\/prodotto\/150k-puffs-ghiaccio-al-mirtillo-anguria-alla-fragola-mojito-guava-al-kiwi-e-frutto-della-passione\/#primaryimage"},"image":{"@id":"https:\/\/fizzyvape.eu\/it\/prodotto\/150k-puffs-ghiaccio-al-mirtillo-anguria-alla-fragola-mojito-guava-al-kiwi-e-frutto-della-passione\/#primaryimage"},"thumbnailUrl":"https:\/\/fizzyvape.eu\/wp-content\/uploads\/2026\/01\/Fizzy-15-in-1-150K-Puffs-Rechargeable-Disposable-Vape-Flavors-12-1.jpg","datePublished":"2026-01-19T10:20:47+00:00","description":"Goditi la svapata monouso Fizzy 150K Puffs con Blueberry Ice, Strawberry Watermelon, Mojito e Kiwi Passion Fruit Guava. 150K boccate, gusto rinfrescante.","breadcrumb":{"@id":"https:\/\/fizzyvape.eu\/it\/prodotto\/150k-puffs-ghiaccio-al-mirtillo-anguria-alla-fragola-mojito-guava-al-kiwi-e-frutto-della-passione\/#breadcrumb"},"inLanguage":"it-IT","potentialAction":[{"@type":"ReadAction","target":["https:\/\/fizzyvape.eu\/it\/prodotto\/150k-puffs-ghiaccio-al-mirtillo-anguria-alla-fragola-mojito-guava-al-kiwi-e-frutto-della-passione\/"]}]},{"@type":"ImageObject","inLanguage":"it-IT","@id":"https:\/\/fizzyvape.eu\/it\/prodotto\/150k-puffs-ghiaccio-al-mirtillo-anguria-alla-fragola-mojito-guava-al-kiwi-e-frutto-della-passione\/#primaryimage","url":"https:\/\/fizzyvape.eu\/wp-content\/uploads\/2026\/01\/Fizzy-15-in-1-150K-Puffs-Rechargeable-Disposable-Vape-Flavors-12-1.jpg","contentUrl":"https:\/\/fizzyvape.eu\/wp-content\/uploads\/2026\/01\/Fizzy-15-in-1-150K-Puffs-Rechargeable-Disposable-Vape-Flavors-12-1.jpg","width":1000,"height":1000,"caption":"Fizzy 15-in-1 150K Puffs Ricaricabile Usa e Getta Aromi di Vape 12"},{"@type":"BreadcrumbList","@id":"https:\/\/fizzyvape.eu\/it\/prodotto\/150k-puffs-ghiaccio-al-mirtillo-anguria-alla-fragola-mojito-guava-al-kiwi-e-frutto-della-passione\/#breadcrumb","itemListElement":[{"@type":"ListItem","position":1,"name":"Home","item":"https:\/\/fizzyvape.eu\/it\/"},{"@type":"ListItem","position":2,"name":"Negozio","item":"https:\/\/www.fizzyvape.eu\/it\/negozio\/"},{"@type":"ListItem","position":3,"name":"150K Puffs &#8211; Ghiaccio al mirtillo &amp; Anguria alla fragola &amp; Mojito &amp; Guava al kiwi e frutto della passione"}]},{"@type":"WebSite","@id":"https:\/\/www.fizzyvape.eu\/it\/#website","url":"https:\/\/www.fizzyvape.eu\/it\/","name":"fizzyvape.eu","description":"Refreshing Vapes. Unforgettable Taste.","publisher":{"@id":"https:\/\/www.fizzyvape.eu\/it\/#organization"},"potentialAction":[{"@type":"SearchAction","target":{"@type":"EntryPoint","urlTemplate":"https:\/\/www.fizzyvape.eu\/it\/?s={search_term_string}"},"query-input":{"@type":"PropertyValueSpecification","valueRequired":true,"valueName":"search_term_string"}}],"inLanguage":"it-IT"},{"@type":"Organization","@id":"https:\/\/www.fizzyvape.eu\/it\/#organization","name":"fizzyvape.eu","url":"https:\/\/www.fizzyvape.eu\/it\/","logo":{"@type":"ImageObject","inLanguage":"it-IT","@id":"https:\/\/www.fizzyvape.eu\/it\/#\/schema\/logo\/image\/","url":"https:\/\/fizzyvape.eu\/wp-content\/uploads\/2019\/06\/print-1.svg","contentUrl":"https:\/\/fizzyvape.eu\/wp-content\/uploads\/2019\/06\/print-1.svg","width":124,"height":37,"caption":"fizzyvape.eu"},"image":{"@id":"https:\/\/www.fizzyvape.eu\/it\/#\/schema\/logo\/image\/"}}]},"og_availability":"instock","product_availability":"instock","product_condition":"new"},"tiered_pricing_type":"fixed","tiered_pricing_fixed_rules":[],"tiered_pricing_product_settings":{"layout":"default","base_unit_name":{"singular":null,"plural":null},"default_variation":null},"tiered_pricing_minimum_quantity":null,"tiered_pricing_roles_data":[],"tiered_pricing_percentage_rules":[],"tiered_pricing_maximum_quantity":null,"tiered_pricing_quantity_step":null,"_links":{"self":[{"href":"https:\/\/fizzyvape.eu\/it\/wp-json\/wp\/v2\/product\/39210","targetHints":{"allow":["GET"]}}],"collection":[{"href":"https:\/\/fizzyvape.eu\/it\/wp-json\/wp\/v2\/product"}],"about":[{"href":"https:\/\/fizzyvape.eu\/it\/wp-json\/wp\/v2\/types\/product"}],"replies":[{"embeddable":true,"href":"https:\/\/fizzyvape.eu\/it\/wp-json\/wp\/v2\/comments?post=39210"}],"version-history":[{"count":0,"href":"https:\/\/fizzyvape.eu\/it\/wp-json\/wp\/v2\/product\/39210\/revisions"}],"wp:featuredmedia":[{"embeddable":true,"href":"https:\/\/fizzyvape.eu\/it\/wp-json\/wp\/v2\/media\/38909"}],"wp:attachment":[{"href":"https:\/\/fizzyvape.eu\/it\/wp-json\/wp\/v2\/media?parent=39210"}],"wp:term":[{"taxonomy":"product_brand","embeddable":true,"href":"https:\/\/fizzyvape.eu\/it\/wp-json\/wp\/v2\/product_brand?post=39210"},{"taxonomy":"product_cat","embeddable":true,"href":"https:\/\/fizzyvape.eu\/it\/wp-json\/wp\/v2\/product_cat?post=39210"},{"taxonomy":"product_tag","embeddable":true,"href":"https:\/\/fizzyvape.eu\/it\/wp-json\/wp\/v2\/product_tag?post=39210"}],"curies":[{"name":"wp","href":"https:\/\/api.w.org\/{rel}","templated":true}]}}