{"id":32911,"date":"2025-06-09T13:55:03","date_gmt":"2025-06-09T05:55:03","guid":{"rendered":"https:\/\/fizzyvape.eu\/product\/fizzy-max-iii-6in1-60k-60000-puffs-oplaadbare-vape-120st\/"},"modified":"2025-06-09T13:55:03","modified_gmt":"2025-06-09T05:55:03","slug":"fizzy-max-iii-6in1-60k-60000-puffs-oplaadbare-vape-120st","status":"publish","type":"product","link":"https:\/\/fizzyvape.eu\/nl\/product\/fizzy-max-iii-6in1-60k-60000-puffs-oplaadbare-vape-120st\/","title":{"rendered":"Fizzy Max III 6in1 60K 60000 Puffs Oplaadbare Vape &#8211; 120st"},"content":{"rendered":"<h1>Fizzy Max III 6in1 60K 60000 Puffs Oplaadbare Vape Groothandel &#8211; 120st<\/h1>\n<h3>E\u00e9n apparaat. Zes smaken. 60.000 trekjes Premium Vaping.  <\/h3>\n<p>Ontdek het gemak en de variatie van vaping op het volgende niveau met de <strong>Fizzy Max III 6in1<\/strong> &#8211; de toonaangevende vape voor eenmalig gebruik die <strong>tot 60.000 trekjes biedt<\/strong> met \u00e9\u00e9n oplaadbaar apparaat. Dit apparaat is ontworpen voor mensen die hunkeren naar flexibiliteit, smaak en prestaties en is uitgerust met een slim <strong>roterend mondstuk<\/strong> waarmee gebruikers direct en moeiteloos kunnen wisselen tussen <strong>zes unieke smaakervaringen<\/strong>. <\/p>\n<p>Met <strong>drie voorgevulde pods van 20 ml<\/strong> (in totaal 60 ml) combineert deze alles-in-\u00e9\u00e9n vape <strong>een maximaal aantal trekjes<\/strong>, <strong>rijke smaakdiversiteit<\/strong> en <strong>geavanceerde technologie<\/strong> in een gestroomlijnd, reisvriendelijk ontwerp.<\/p>\n<h4><strong>  Smaakmodi:<\/strong><\/h4>\n<ul>\n<li> <strong> Aardbei Framboos (A)<\/strong> &#8211; Zoete en zure bessenfusie boordevol smaak<\/li>\n<li> <strong> Mango Peach (B)<\/strong> &#8211; Sappige tropische mango gecombineerd met rijpe perzikzoetheid<\/li>\n<li> <strong> Bosbes Watermeloen (C)<\/strong> &#8211; Koele bosbes gecombineerd met verfrissende watermeloen<\/li>\n<\/ul>\n<h4><strong>  Gemengde smaakmodi:<\/strong><\/h4>\n<ul>\n<li> <strong> Mix AB<\/strong> &#8211; Een heerlijke mix van aardbei framboos en mango perzik<\/li>\n<li> <strong> Mix BC<\/strong> &#8211; Verfrissende mix van mango perzik en bosbes watermeloen<\/li>\n<li> <strong> Mix CA<\/strong> &#8211; Zoete en koele fusie van bosbes watermeloen en aardbei framboos<\/li>\n<\/ul>\n<p>Wissel moeiteloos van smaak door het mondstuk op te tillen en te draaien tijdens deze smaakcyclus:<br \/>\n<strong>  A \u2192 Mix AB \u2192 B \u2192 Mix BC \u2192 C \u2192 Mix CA<\/strong><\/p>\n<p>Met een simpele draaibeweging van het mondstuk doorloop je naadloos alle zes mogelijke smaken. Geniet van het ultieme gemak van het 6-in-1 systeem. Nieuwsgierig? Bekijk onze <a href=\"https:\/\/www.youtube.com\/watch?v=CoxB_HvaU3k\">demonstratievideo<\/a>.   <\/p>\n<h3><strong>  Hoogtepunten van het product<\/strong><\/h3>\n<ul>\n<li><strong>60.000 pufjes per apparaat<\/strong><br \/>\nGebouwd met een langdurige capaciteit om het aantal vervangingen te verminderen en een consistente tevredenheid te leveren.<\/li>\n<li><strong>6 smaken in 1 apparaat<\/strong><br \/>\n 3<strong>unieke enkelvoudige smaken<\/strong> en <strong>3 gemengde smaakmodi<\/strong> <\/li>\n<li><strong>Oplaadbaar &amp; Effici\u00ebnt<\/strong><br \/>\nAangedreven door een <strong>850mAh batterij<\/strong> met <strong>Type-C snel opladen<\/strong>, biedt duurzaam gebruik en gemak zonder verspilling.<\/li>\n<li><strong>LED-scherm<\/strong><br \/>\nControleer de levensduur van de batterij en de huidige modus met een helder, ingebouwd scherm &#8211; ken de status van je apparaat in \u00e9\u00e9n oogopslag.<\/li>\n<li><strong>Advanced Mesh Coil System<\/strong><br \/>\nErvaar een zachtere, vollere damp bij elk trekje, dankzij de verbeterde verwarmingsprestaties.<\/li>\n<li><strong>Nicotineopties<\/strong><br \/>\nVerkrijgbaar in <strong>2% en 5% nicotinesterkte<\/strong>, voor zowel lichte als zware gebruikers.<\/li>\n<li><strong>Veelzijdige modi voor vaping<\/strong><\/li>\n<li><strong>MTL (Mond-Long):<\/strong> Klassieke, strakke draw voor puur single-flavor genot<\/li>\n<li><strong>DL (Direct-Lung):<\/strong> Luchtigere, gedurfde hits voor gemengde smaakbeleving<\/li>\n<li><strong>Groothandel Ready<\/strong><br \/>\nIn <strong>bulk<\/strong> aangeboden <strong>(120 stuks)<\/strong> voor retailers en wederverkopers die op zoek zijn naar een product met topprestaties, hoge marges, een sterke aantrekkingskracht op de consument en een lange houdbaarheid (2 jaar).<\/li>\n<\/ul>\n<h3><strong>Fizzy Max III 6in1 60000 Puffs Wegwerp Vape Smaken Lijst:<\/strong><\/h3>\n<ol>\n<li><a href=\"https:\/\/fizzyvape.eu\/nl\/product\/fizzy-max-iii-6in1-60k-60000-puffs-oplaadbare-vape-aardbei-framboos-mango-perzik-bosbes-watermeloen-10st\/\">Aardbei Framboos &amp; Mango Perzik &amp; Bosbes Watermeloen<\/a><\/li>\n<li><a href=\"https:\/\/fizzyvape.eu\/nl\/product\/fizzy-max-iii-6in1-60k-60000-puffs-oplaadbare-vape-mixed-berry-kiwi-passievrucht-guave-aardbei-watermeloen-10st\/\">Gemengde bes &amp; kiwi Passievrucht Guave &amp; aardbei Watermeloen<\/a><\/li>\n<li><a href=\"https:\/\/fizzyvape.eu\/nl\/product\/fizzy-max-iii-6in1-60k-60000-puffs-oplaadbare-vape-bosbes-framboos-driedubbele-meloen-aardbei-ijs-10st\/\">Bosbessen Framboos &amp; Driedubbel Meloen &amp; Aardbeienijs<\/a><\/li>\n<li><a href=\"https:\/\/fizzyvape.eu\/nl\/product\/fizzy-max-iii-6in1-60k-60000-puffs-oplaadbare-vape-aardbei-dragon-fruit-red-bull-framboos-watermeloen-10st\/\">Aardbei Dragon Fruit &amp; Red Bull &amp; Framboos Watermeloen<\/a><\/li>\n<li><a href=\"https:\/\/fizzyvape.eu\/nl\/product\/fizzy-max-iii-6in1-60k-60000-puffs-oplaadbare-vape-aardbei-kiwi-bosbes-ijs-watermeloen-ijs-10st\/\">Aardbei Kiwi &amp; Bosbessenijs &amp; Watermeloenijs<\/a><\/li>\n<li><a href=\"https:\/\/fizzyvape.eu\/nl\/product\/fizzy-max-iii-6in1-60k-60000-puffs-oplaadbare-vape-blueberry-ice-fizzy-cherry-raspberry-lemon-10st\/\">Bosbessenijs &amp; Bruisende Kers &amp; Framboos Citroen<\/a><\/li>\n<li><a href=\"https:\/\/fizzyvape.eu\/nl\/product\/fizzy-max-iii-6in1-60k-60000-puffs-oplaadbare-vape-watermeloenijs-aardbei-vanille-cola-gemengde-bes-10st\/\">Watermeloen IJs &amp; Aardbei Vanille Cola &amp; Gemengd<\/a><\/li>\n<li><a href=\"https:\/\/fizzyvape.eu\/nl\/product\/fizzy-max-iii-6in1-60k-60000-puffs-oplaadbare-vape-aardbei-druif-bosbes-kokosnoot-perzik-citroen-10st\/\">Aardbei Druif &amp; Bosbes Kokosnoot &amp; Perzik Citroen<\/a><\/li>\n<li><a href=\"https:\/\/fizzyvape.eu\/nl\/product\/fizzy-max-iii-6in1-60k-60000-puffs-oplaadbare-vape-blue-razz-ice-strawberry-kiwi-sour-pineapple-orange-10st\/\">Blue Razz Ice &amp; Aardbei Kiwi &amp; Zure Ananas Sinaasappel<\/a><\/li>\n<li><a href=\"https:\/\/fizzyvape.eu\/nl\/product\/fizzy-max-iii-6in1-60k-60000-puffs-oplaadbare-vape-aardbei-watermeloen-citroenlimoen-bosbessen-kokosnoot-10st\/\">Aardbei Watermeloen &amp; Citroen Limoen &amp; Bosbessen Kokosnoot<\/a><\/li>\n<\/ol>\n<h3><strong>  Vaping-modi voor elke voorkeur<\/strong><\/h3>\n<p><strong>Single-Flavor Mode (MTL):<\/strong><br \/>\nGeniet van soepele, mond-tot-long trekkingen die de klassieke sigaret inhalatie nabootsen, perfect om te genieten van elke afzonderlijke smaak.<\/p>\n<p><strong>Dual-Flavor Mix Mode (DL):<\/strong><br \/>\nErvaar krachtige, directe longhits met verbeterde luchtstroom, die rijke damp en levendige smaakmengsels produceert.<\/p>\n<h3><strong>Waarom kiezen voor Fizzy Max III 6in1?<\/strong><\/h3>\n<ul>\n<li>Moeiteloos van smaak wisselen met een innovatief roterend mondstuk<\/li>\n<li>Langdurige prestaties met tot wel 60.000 trekjes per apparaat<\/li>\n<li>Zes heerlijke smaken gecombineerd in \u00e9\u00e9n compacte, oplaadbare vape<\/li>\n<li>Snelle, betrouwbare verzending vanuit Europa zonder vertragingen bij de douane<\/li>\n<\/ul>\n<h3><strong>  FAQ &#8211; Fizzy Max III 6in1 60K Wegwerpvape<\/strong><\/h3>\n<ul>\n<li><strong>Hoe wissel ik tussen verschillende smaken?<\/strong><br \/>\nTil en draai het mondstuk om door zes smaakstanden te bladeren: drie enkele smaken en drie gemengde melanges.<\/li>\n<li><strong>Hoeveel trekjes kan ik uit \u00e9\u00e9n apparaat halen?<\/strong><br \/>\nElk apparaat levert tot 60.000 trekjes dankzij de grote capaciteit van 60 ml e-vloeistof en de effici\u00ebnte batterij.<\/li>\n<li><strong>Is het apparaat oplaadbaar?<\/strong><br \/>\nJa, hij heeft een oplaadbare batterij van 850 mAh met snel opladen via Type-C.<\/li>\n<li><strong>Welke nicotinesterktes zijn er verkrijgbaar?<\/strong><br \/>\nJe kunt kiezen tussen 2% en 5% nicotineconcentratie.<\/li>\n<li><strong>Heeft het apparaat een display?<\/strong><br \/>\nJa, een LED-scherm toont de levensduur van de batterij en de huidige smaakmodus.<\/li>\n<\/ul>\n","protected":false},"excerpt":{"rendered":"<p>Ervaar onge\u00ebvenaarde vari\u00ebteit en gemak met \u00e9\u00e9n <strong>oplaadbaar apparaat<\/strong> met <strong>zes smaakstanden<\/strong>, een grote capaciteit van<strong> 60 ml e-vloeistof<\/strong>, snel <strong>opladen via Type-C<\/strong> en een LED-display. Perfect voor <strong>langdurig gebruik<\/strong> en <strong>groothandel<\/strong>. <\/p>\n","protected":false},"featured_media":32514,"comment_status":"open","ping_status":"closed","template":"","meta":{"iawp_total_views":0},"product_brand":[],"product_cat":[669],"product_tag":[],"class_list":{"0":"post-32911","1":"product","2":"type-product","3":"status-publish","4":"has-post-thumbnail","6":"product_cat-bulk-deals-2-nl","8":"first","9":"outofstock","10":"sale","11":"shipping-taxable","12":"purchasable","13":"product-type-variable"},"yoast_head":"<!-- This site is optimized with the Yoast SEO Premium plugin v24.8 (Yoast SEO v24.8) - https:\/\/yoast.com\/wordpress\/plugins\/seo\/ -->\n<title>Wegwerp Vape Groothandel | Bulk Oplaadbare Wegwerp Vapes<\/title>\n<meta name=\"description\" content=\"Groothandel oplaadbare wegwerpvapes met tot 60000 trekjes en meerdere smaken. Snelle verzending naar de EU en geweldig voor winkeliers.\" \/>\n<meta name=\"robots\" content=\"index, follow, max-snippet:-1, max-image-preview:large, max-video-preview:-1\" \/>\n<link rel=\"canonical\" href=\"https:\/\/fizzyvape.eu\/nl\/product\/fizzy-max-iii-6in1-60k-60000-puffs-oplaadbare-vape-120st\/\" \/>\n<meta property=\"og:locale\" content=\"nl_NL\" \/>\n<meta property=\"og:type\" content=\"article\" \/>\n<meta property=\"og:title\" content=\"Fizzy Max III 6in1 60K 60000 Puffs Oplaadbare Vape - 120st\" \/>\n<meta property=\"og:description\" content=\"Groothandel oplaadbare wegwerpvapes met tot 60000 trekjes en meerdere smaken. Snelle verzending naar de EU en geweldig voor winkeliers.\" \/>\n<meta property=\"og:url\" content=\"https:\/\/fizzyvape.eu\/nl\/product\/fizzy-max-iii-6in1-60k-60000-puffs-oplaadbare-vape-120st\/\" \/>\n<meta property=\"og:site_name\" content=\"fizzyvape.eu\" \/>\n<meta property=\"og:image\" content=\"https:\/\/fizzyvape.eu\/wp-content\/uploads\/2025\/06\/Fizzy-Max-60000-Puffs-120pcs.webp\" \/>\n\t<meta property=\"og:image:width\" content=\"800\" \/>\n\t<meta property=\"og:image:height\" content=\"800\" \/>\n\t<meta property=\"og:image:type\" content=\"image\/webp\" \/>\n<meta name=\"twitter:card\" content=\"summary_large_image\" \/>\n<meta name=\"twitter:label1\" content=\"Beschikbaarheid\" \/>\n\t<meta name=\"twitter:data1\" content=\"Uitverkocht\" \/>\n<script type=\"application\/ld+json\" class=\"yoast-schema-graph\">{\"@context\":\"https:\/\/schema.org\",\"@graph\":[{\"@type\":\"WebPage\",\"@id\":\"https:\/\/fizzyvape.eu\/nl\/product\/fizzy-max-iii-6in1-60k-60000-puffs-oplaadbare-vape-120st\/\",\"url\":\"https:\/\/fizzyvape.eu\/nl\/product\/fizzy-max-iii-6in1-60k-60000-puffs-oplaadbare-vape-120st\/\",\"name\":\"Wegwerp Vape Groothandel | Bulk Oplaadbare Wegwerp Vapes\",\"isPartOf\":{\"@id\":\"https:\/\/www.fizzyvape.eu\/nl\/#website\"},\"primaryImageOfPage\":{\"@id\":\"https:\/\/fizzyvape.eu\/nl\/product\/fizzy-max-iii-6in1-60k-60000-puffs-oplaadbare-vape-120st\/#primaryimage\"},\"image\":{\"@id\":\"https:\/\/fizzyvape.eu\/nl\/product\/fizzy-max-iii-6in1-60k-60000-puffs-oplaadbare-vape-120st\/#primaryimage\"},\"thumbnailUrl\":\"https:\/\/fizzyvape.eu\/wp-content\/uploads\/2025\/06\/Fizzy-Max-60000-Puffs-120pcs.webp\",\"datePublished\":\"2025-06-09T05:55:03+00:00\",\"description\":\"Groothandel oplaadbare wegwerpvapes met tot 60000 trekjes en meerdere smaken. Snelle verzending naar de EU en geweldig voor winkeliers.\",\"breadcrumb\":{\"@id\":\"https:\/\/fizzyvape.eu\/nl\/product\/fizzy-max-iii-6in1-60k-60000-puffs-oplaadbare-vape-120st\/#breadcrumb\"},\"inLanguage\":\"nl-NL\",\"potentialAction\":[{\"@type\":\"ReadAction\",\"target\":[\"https:\/\/fizzyvape.eu\/nl\/product\/fizzy-max-iii-6in1-60k-60000-puffs-oplaadbare-vape-120st\/\"]}]},{\"@type\":\"ImageObject\",\"inLanguage\":\"nl-NL\",\"@id\":\"https:\/\/fizzyvape.eu\/nl\/product\/fizzy-max-iii-6in1-60k-60000-puffs-oplaadbare-vape-120st\/#primaryimage\",\"url\":\"https:\/\/fizzyvape.eu\/wp-content\/uploads\/2025\/06\/Fizzy-Max-60000-Puffs-120pcs.webp\",\"contentUrl\":\"https:\/\/fizzyvape.eu\/wp-content\/uploads\/2025\/06\/Fizzy-Max-60000-Puffs-120pcs.webp\",\"width\":800,\"height\":800},{\"@type\":\"BreadcrumbList\",\"@id\":\"https:\/\/fizzyvape.eu\/nl\/product\/fizzy-max-iii-6in1-60k-60000-puffs-oplaadbare-vape-120st\/#breadcrumb\",\"itemListElement\":[{\"@type\":\"ListItem\",\"position\":1,\"name\":\"Home\",\"item\":\"https:\/\/fizzyvape.eu\/nl\/\"},{\"@type\":\"ListItem\",\"position\":2,\"name\":\"Winkel\",\"item\":\"https:\/\/fizzyvape.eu\/nl\/winkel\/\"},{\"@type\":\"ListItem\",\"position\":3,\"name\":\"Fizzy Max III 6in1 60K 60000 Puffs Oplaadbare Vape &#8211; 120st\"}]},{\"@type\":\"WebSite\",\"@id\":\"https:\/\/www.fizzyvape.eu\/nl\/#website\",\"url\":\"https:\/\/www.fizzyvape.eu\/nl\/\",\"name\":\"fizzyvape.eu\",\"description\":\"Refreshing Vapes. Unforgettable Taste.\",\"publisher\":{\"@id\":\"https:\/\/www.fizzyvape.eu\/nl\/#organization\"},\"potentialAction\":[{\"@type\":\"SearchAction\",\"target\":{\"@type\":\"EntryPoint\",\"urlTemplate\":\"https:\/\/www.fizzyvape.eu\/nl\/?s={search_term_string}\"},\"query-input\":{\"@type\":\"PropertyValueSpecification\",\"valueRequired\":true,\"valueName\":\"search_term_string\"}}],\"inLanguage\":\"nl-NL\"},{\"@type\":\"Organization\",\"@id\":\"https:\/\/www.fizzyvape.eu\/nl\/#organization\",\"name\":\"fizzyvape.eu\",\"url\":\"https:\/\/www.fizzyvape.eu\/nl\/\",\"logo\":{\"@type\":\"ImageObject\",\"inLanguage\":\"nl-NL\",\"@id\":\"https:\/\/www.fizzyvape.eu\/nl\/#\/schema\/logo\/image\/\",\"url\":\"https:\/\/fizzyvape.eu\/wp-content\/uploads\/2019\/06\/print-1.svg\",\"contentUrl\":\"https:\/\/fizzyvape.eu\/wp-content\/uploads\/2019\/06\/print-1.svg\",\"width\":124,\"height\":37,\"caption\":\"fizzyvape.eu\"},\"image\":{\"@id\":\"https:\/\/www.fizzyvape.eu\/nl\/#\/schema\/logo\/image\/\"}}]}<\/script>\n<meta property=\"og:availability\" content=\"out of stock\" \/>\n<meta property=\"product:availability\" content=\"out of stock\" \/>\n<meta property=\"product:condition\" content=\"new\" \/>\n<!-- \/ Yoast SEO Premium plugin. -->","yoast_head_json":{"title":"Wegwerp Vape Groothandel | Bulk Oplaadbare Wegwerp Vapes","description":"Groothandel oplaadbare wegwerpvapes met tot 60000 trekjes en meerdere smaken. Snelle verzending naar de EU en geweldig voor winkeliers.","robots":{"index":"index","follow":"follow","max-snippet":"max-snippet:-1","max-image-preview":"max-image-preview:large","max-video-preview":"max-video-preview:-1"},"canonical":"https:\/\/fizzyvape.eu\/nl\/product\/fizzy-max-iii-6in1-60k-60000-puffs-oplaadbare-vape-120st\/","og_locale":"nl_NL","og_type":"article","og_title":"Fizzy Max III 6in1 60K 60000 Puffs Oplaadbare Vape - 120st","og_description":"Groothandel oplaadbare wegwerpvapes met tot 60000 trekjes en meerdere smaken. Snelle verzending naar de EU en geweldig voor winkeliers.","og_url":"https:\/\/fizzyvape.eu\/nl\/product\/fizzy-max-iii-6in1-60k-60000-puffs-oplaadbare-vape-120st\/","og_site_name":"fizzyvape.eu","og_image":[{"width":800,"height":800,"url":"https:\/\/fizzyvape.eu\/wp-content\/uploads\/2025\/06\/Fizzy-Max-60000-Puffs-120pcs.webp","type":"image\/webp"}],"twitter_card":"summary_large_image","twitter_misc":{"Beschikbaarheid":"Uitverkocht"},"schema":{"@context":"https:\/\/schema.org","@graph":[{"@type":"WebPage","@id":"https:\/\/fizzyvape.eu\/nl\/product\/fizzy-max-iii-6in1-60k-60000-puffs-oplaadbare-vape-120st\/","url":"https:\/\/fizzyvape.eu\/nl\/product\/fizzy-max-iii-6in1-60k-60000-puffs-oplaadbare-vape-120st\/","name":"Wegwerp Vape Groothandel | Bulk Oplaadbare Wegwerp Vapes","isPartOf":{"@id":"https:\/\/www.fizzyvape.eu\/nl\/#website"},"primaryImageOfPage":{"@id":"https:\/\/fizzyvape.eu\/nl\/product\/fizzy-max-iii-6in1-60k-60000-puffs-oplaadbare-vape-120st\/#primaryimage"},"image":{"@id":"https:\/\/fizzyvape.eu\/nl\/product\/fizzy-max-iii-6in1-60k-60000-puffs-oplaadbare-vape-120st\/#primaryimage"},"thumbnailUrl":"https:\/\/fizzyvape.eu\/wp-content\/uploads\/2025\/06\/Fizzy-Max-60000-Puffs-120pcs.webp","datePublished":"2025-06-09T05:55:03+00:00","description":"Groothandel oplaadbare wegwerpvapes met tot 60000 trekjes en meerdere smaken. Snelle verzending naar de EU en geweldig voor winkeliers.","breadcrumb":{"@id":"https:\/\/fizzyvape.eu\/nl\/product\/fizzy-max-iii-6in1-60k-60000-puffs-oplaadbare-vape-120st\/#breadcrumb"},"inLanguage":"nl-NL","potentialAction":[{"@type":"ReadAction","target":["https:\/\/fizzyvape.eu\/nl\/product\/fizzy-max-iii-6in1-60k-60000-puffs-oplaadbare-vape-120st\/"]}]},{"@type":"ImageObject","inLanguage":"nl-NL","@id":"https:\/\/fizzyvape.eu\/nl\/product\/fizzy-max-iii-6in1-60k-60000-puffs-oplaadbare-vape-120st\/#primaryimage","url":"https:\/\/fizzyvape.eu\/wp-content\/uploads\/2025\/06\/Fizzy-Max-60000-Puffs-120pcs.webp","contentUrl":"https:\/\/fizzyvape.eu\/wp-content\/uploads\/2025\/06\/Fizzy-Max-60000-Puffs-120pcs.webp","width":800,"height":800},{"@type":"BreadcrumbList","@id":"https:\/\/fizzyvape.eu\/nl\/product\/fizzy-max-iii-6in1-60k-60000-puffs-oplaadbare-vape-120st\/#breadcrumb","itemListElement":[{"@type":"ListItem","position":1,"name":"Home","item":"https:\/\/fizzyvape.eu\/nl\/"},{"@type":"ListItem","position":2,"name":"Winkel","item":"https:\/\/fizzyvape.eu\/nl\/winkel\/"},{"@type":"ListItem","position":3,"name":"Fizzy Max III 6in1 60K 60000 Puffs Oplaadbare Vape &#8211; 120st"}]},{"@type":"WebSite","@id":"https:\/\/www.fizzyvape.eu\/nl\/#website","url":"https:\/\/www.fizzyvape.eu\/nl\/","name":"fizzyvape.eu","description":"Refreshing Vapes. Unforgettable Taste.","publisher":{"@id":"https:\/\/www.fizzyvape.eu\/nl\/#organization"},"potentialAction":[{"@type":"SearchAction","target":{"@type":"EntryPoint","urlTemplate":"https:\/\/www.fizzyvape.eu\/nl\/?s={search_term_string}"},"query-input":{"@type":"PropertyValueSpecification","valueRequired":true,"valueName":"search_term_string"}}],"inLanguage":"nl-NL"},{"@type":"Organization","@id":"https:\/\/www.fizzyvape.eu\/nl\/#organization","name":"fizzyvape.eu","url":"https:\/\/www.fizzyvape.eu\/nl\/","logo":{"@type":"ImageObject","inLanguage":"nl-NL","@id":"https:\/\/www.fizzyvape.eu\/nl\/#\/schema\/logo\/image\/","url":"https:\/\/fizzyvape.eu\/wp-content\/uploads\/2019\/06\/print-1.svg","contentUrl":"https:\/\/fizzyvape.eu\/wp-content\/uploads\/2019\/06\/print-1.svg","width":124,"height":37,"caption":"fizzyvape.eu"},"image":{"@id":"https:\/\/www.fizzyvape.eu\/nl\/#\/schema\/logo\/image\/"}}]},"og_availability":"out of stock","product_availability":"out of stock","product_condition":"new"},"tiered_pricing_type":"fixed","tiered_pricing_fixed_rules":[],"tiered_pricing_product_settings":{"layout":"default","base_unit_name":{"singular":null,"plural":null},"default_variation":null},"tiered_pricing_minimum_quantity":null,"tiered_pricing_roles_data":[],"tiered_pricing_percentage_rules":[],"tiered_pricing_maximum_quantity":null,"tiered_pricing_quantity_step":null,"_links":{"self":[{"href":"https:\/\/fizzyvape.eu\/nl\/wp-json\/wp\/v2\/product\/32911","targetHints":{"allow":["GET"]}}],"collection":[{"href":"https:\/\/fizzyvape.eu\/nl\/wp-json\/wp\/v2\/product"}],"about":[{"href":"https:\/\/fizzyvape.eu\/nl\/wp-json\/wp\/v2\/types\/product"}],"replies":[{"embeddable":true,"href":"https:\/\/fizzyvape.eu\/nl\/wp-json\/wp\/v2\/comments?post=32911"}],"version-history":[{"count":0,"href":"https:\/\/fizzyvape.eu\/nl\/wp-json\/wp\/v2\/product\/32911\/revisions"}],"wp:featuredmedia":[{"embeddable":true,"href":"https:\/\/fizzyvape.eu\/nl\/wp-json\/wp\/v2\/media\/32514"}],"wp:attachment":[{"href":"https:\/\/fizzyvape.eu\/nl\/wp-json\/wp\/v2\/media?parent=32911"}],"wp:term":[{"taxonomy":"product_brand","embeddable":true,"href":"https:\/\/fizzyvape.eu\/nl\/wp-json\/wp\/v2\/product_brand?post=32911"},{"taxonomy":"product_cat","embeddable":true,"href":"https:\/\/fizzyvape.eu\/nl\/wp-json\/wp\/v2\/product_cat?post=32911"},{"taxonomy":"product_tag","embeddable":true,"href":"https:\/\/fizzyvape.eu\/nl\/wp-json\/wp\/v2\/product_tag?post=32911"}],"curies":[{"name":"wp","href":"https:\/\/api.w.org\/{rel}","templated":true}]}}