{"id":35375,"date":"2025-08-29T14:50:08","date_gmt":"2025-08-29T06:50:08","guid":{"rendered":"https:\/\/fizzyvape.eu\/product\/fizzy-max-iii-6-in-1-60000-puffs-wegwerpvape-alle-smaken-10st\/"},"modified":"2025-08-29T14:50:08","modified_gmt":"2025-08-29T06:50:08","slug":"fizzy-max-iii-6-in-1-60000-puffs-wegwerpvape-alle-smaken-10st","status":"publish","type":"product","link":"https:\/\/fizzyvape.eu\/nl\/product\/fizzy-max-iii-6-in-1-60000-puffs-wegwerpvape-alle-smaken-10st\/","title":{"rendered":"Fizzy Max III 6-in-1 60000 Puffs Wegwerpvape (Alle smaken) &#8211; 10st"},"content":{"rendered":"<div style=\"width: 853px;\" class=\"wp-video\"><!--[if lt IE 9]><script>document.createElement('video');<\/script><![endif]-->\n<video class=\"wp-video-shortcode\" id=\"video-35375-1\" width=\"853\" height=\"480\" preload=\"metadata\" controls=\"controls\"><source type=\"video\/mp4\" src=\"https:\/\/fizzyvape.eu\/wp-content\/uploads\/2025\/08\/fizzy-max-iii-60000-puff-disposable-vape-wholesal-trusted-pro-disposable-vape-supplier.mp4?_=1\" \/><a href=\"https:\/\/fizzyvape.eu\/wp-content\/uploads\/2025\/08\/fizzy-max-iii-60000-puff-disposable-vape-wholesal-trusted-pro-disposable-vape-supplier.mp4\">https:\/\/fizzyvape.eu\/wp-content\/uploads\/2025\/08\/fizzy-max-iii-60000-puff-disposable-vape-wholesal-trusted-pro-disposable-vape-supplier.mp4<\/a><\/video><\/div>\n<h1>Fizzy Max 60000 Puffs &#8211; 6 smaken in 1 slimme wegwerpvape<\/h1>\n<p>De <strong>Fizzy Max 60000 Puffs<\/strong> (ook bekend als <strong>Fizzy Max 60k Puffs<\/strong>) is de ultieme wegwerp vape voor degenen die variatie en prestaties eisen. Met zijn <strong>6-in-1 smaakrotatiesysteem<\/strong> kun je schakelen tussen zes verschillende smaken in slechts \u00e9\u00e9n apparaat, waardoor je elke keer dat je dampt een nieuwe smaak krijgt. <\/p>\n<p>Deze krachtige vape biedt tot <strong>60.000 puffs<\/strong>, is voorzien van een <strong>oplaadbare Type-C batterij<\/strong> en wordt geleverd met een <strong>LED-display<\/strong> dat zowel batterij- als e-vloeistofniveaus weergeeft. Ontworpen voor langdurige tevredenheid en gemak, is <strong>Fizzy Max 60000 Puffs<\/strong> de perfecte keuze voor vape liefhebbers die alles willen. <\/p>\n<h3>Belangrijkste kenmerken<\/h3>\n<ul>\n<li>\ud83d\udd39 <strong>6 smaken in 1 apparaat<\/strong> &#8211; Draai onmiddellijk tussen zes unieke smaken<\/li>\n<li><strong>Enorme 60.000 pufjes<\/strong> &#8211; Een van de disposables met de langste levensduur op de markt<\/li>\n<li>\ud83d\udd39 O <strong>plaadbaar met Type-C<\/strong> &#8211; Snel en eenvoudig opladen voor langdurig gebruik<\/li>\n<li><strong>Slimme LED-display<\/strong> &#8211; Toont de levensduur van de batterij en het niveau van de e-vloeistof in realtime<\/li>\n<li><strong>Mesh Coil Technology<\/strong> &#8211; Soepele damp &amp; intense smaakafgifte<\/li>\n<li><strong>\ud83d\udd39 Wordt verzonden vanuit EU Warehouse<\/strong> &#8211; Authentieke Fizzy Vape, snelle levering, beste prijs<\/li>\n<\/ul>\n<h3><strong>Fizzy Max 60K Puffs Wegwerp Vape Smaken Lijst:<\/strong><\/h3>\n<ol>\n<li><a href=\"https:\/\/fizzyvape.eu\/nl\/product\/fizzy-max-iii-6in1-60k-60000-puffs-oplaadbare-vape-aardbei-framboos-mango-perzik-bosbes-watermeloen-10st\/\">Aardbei Framboos &amp; Mango Perzik &amp; Bosbes Watermeloen<\/a><\/li>\n<li><a href=\"https:\/\/fizzyvape.eu\/nl\/product\/fizzy-max-iii-6in1-60k-60000-puffs-oplaadbare-vape-mixed-berry-kiwi-passievrucht-guave-aardbei-watermeloen-10st\/\">Gemengde bes &amp; kiwi Passievrucht Guave &amp; aardbei Watermeloen<\/a><\/li>\n<li><a href=\"https:\/\/fizzyvape.eu\/nl\/product\/fizzy-max-iii-6in1-60k-60000-puffs-oplaadbare-vape-bosbes-framboos-driedubbele-meloen-aardbei-ijs-10st\/\">Bosbessen Framboos &amp; Driedubbel Meloen &amp; Aardbeienijs<\/a><\/li>\n<li><a href=\"https:\/\/fizzyvape.eu\/nl\/product\/fizzy-max-iii-6in1-60k-60000-puffs-oplaadbare-vape-aardbei-dragon-fruit-red-bull-framboos-watermeloen-10st\/\">Aardbei Dragon Fruit &amp; Red Bull &amp; Framboos Watermeloen<\/a><\/li>\n<li><a href=\"https:\/\/fizzyvape.eu\/nl\/product\/fizzy-max-iii-6in1-60k-60000-puffs-oplaadbare-vape-aardbei-kiwi-bosbes-ijs-watermeloen-ijs-10st\/\">Aardbei Kiwi &amp; Bosbessenijs &amp; Watermeloenijs<\/a><\/li>\n<li><a href=\"https:\/\/fizzyvape.eu\/nl\/product\/fizzy-max-iii-6in1-60k-60000-puffs-oplaadbare-vape-blueberry-ice-fizzy-cherry-raspberry-lemon-10st\/\">Bosbessenijs &amp; Bruisende Kers &amp; Framboos Citroen<\/a><\/li>\n<li><a href=\"https:\/\/fizzyvape.eu\/nl\/product\/fizzy-max-iii-6in1-60k-60000-puffs-oplaadbare-vape-watermeloenijs-aardbei-vanille-cola-gemengde-bes-10st\/\">Watermeloen IJs &amp; Aardbei Vanille Cola &amp; Gemengd<\/a><\/li>\n<li><a href=\"https:\/\/fizzyvape.eu\/nl\/product\/fizzy-max-iii-6in1-60k-60000-puffs-oplaadbare-vape-aardbei-druif-bosbes-kokosnoot-perzik-citroen-10st\/\">Aardbei Druif &amp; Bosbes Kokosnoot &amp; Perzik Citroen<\/a><\/li>\n<li><a href=\"https:\/\/fizzyvape.eu\/nl\/product\/fizzy-max-iii-6in1-60k-60000-puffs-oplaadbare-vape-blue-razz-ice-strawberry-kiwi-sour-pineapple-orange-10st\/\">Blue Razz Ice &amp; Aardbei Kiwi &amp; Zure Ananas Sinaasappel<\/a><\/li>\n<li><a href=\"https:\/\/fizzyvape.eu\/nl\/product\/fizzy-max-iii-6in1-60k-60000-puffs-oplaadbare-vape-aardbei-watermeloen-citroenlimoen-bosbessen-kokosnoot-10st\/\">Aardbei Watermeloen &amp; Citroen Limoen &amp; Bosbessen Kokosnoot<\/a><\/li>\n<\/ol>\n<p><img decoding=\"async\" class=\"alignnone wp-image-34842 size-full\" src=\"https:\/\/fizzyvape.eu\/wp-content\/uploads\/2025\/08\/FIZZY-Max-III-6-in-60K-60000-puffs-Flavors--scaled.jpg\" alt=\"\" width=\"1168\" height=\"2560\" srcset=\"https:\/\/fizzyvape.eu\/wp-content\/uploads\/2025\/08\/FIZZY-Max-III-6-in-60K-60000-puffs-Flavors--scaled.jpg 1168w, https:\/\/fizzyvape.eu\/wp-content\/uploads\/2025\/08\/FIZZY-Max-III-6-in-60K-60000-puffs-Flavors--137x300.jpg 137w, https:\/\/fizzyvape.eu\/wp-content\/uploads\/2025\/08\/FIZZY-Max-III-6-in-60K-60000-puffs-Flavors--365x800.jpg 365w, https:\/\/fizzyvape.eu\/wp-content\/uploads\/2025\/08\/FIZZY-Max-III-6-in-60K-60000-puffs-Flavors--768x1684.jpg 768w, https:\/\/fizzyvape.eu\/wp-content\/uploads\/2025\/08\/FIZZY-Max-III-6-in-60K-60000-puffs-Flavors--701x1536.jpg 701w, https:\/\/fizzyvape.eu\/wp-content\/uploads\/2025\/08\/FIZZY-Max-III-6-in-60K-60000-puffs-Flavors--934x2048.jpg 934w, https:\/\/fizzyvape.eu\/wp-content\/uploads\/2025\/08\/FIZZY-Max-III-6-in-60K-60000-puffs-Flavors--430x943.jpg 430w, https:\/\/fizzyvape.eu\/wp-content\/uploads\/2025\/08\/FIZZY-Max-III-6-in-60K-60000-puffs-Flavors--700x1535.jpg 700w, https:\/\/fizzyvape.eu\/wp-content\/uploads\/2025\/08\/FIZZY-Max-III-6-in-60K-60000-puffs-Flavors--150x329.jpg 150w\" sizes=\"(max-width: 1168px) 100vw, 1168px\" \/><\/p>\n<h3>Waarom kiezen voor Fizzy Max 60000 Puffs?<\/h3>\n<p>In tegenstelling tot gewone wegwerpdrankjes combineert <strong>Fizzy Max 60000 Puffs<\/strong> <strong>6 smaken in \u00e9\u00e9n<\/strong> met een extreem grote capaciteit. Dat betekent dat je variatie, duurzaamheid en kosteneffici\u00ebntie in \u00e9\u00e9n vape krijgt. Je hoeft niet meerdere apparaten mee te nemen, deze heeft het allemaal.  <\/p>\n<h3>Voor wie is het?<\/h3>\n<ul>\n<li>Vapers die houden van <strong>verschillende smaken in \u00e9\u00e9n apparaat<\/strong><\/li>\n<li>Gebruikers die <strong>ultrahoge pufjesaantallen<\/strong> en betrouwbaarheid nodig hebben<\/li>\n<li>Iedereen die <strong>gemak, draagbaarheid en een eersteklas ontwerp<\/strong> belangrijk vindt<\/li>\n<\/ul>\n<h3>FAQ<\/h3>\n<p><strong>V: Hoe lang gaat Fizzy Max 60000 Puffs mee?<\/strong><br \/>\nA: Het levert tot <strong>60.000 puffs<\/strong>, en gaat weken of zelfs maanden mee, afhankelijk van het gebruik.<\/p>\n<p><strong>V: Kan ik het opladen?<\/strong><br \/>\nA: Ja, het wordt geleverd met een <strong>Type-C oplaadpoort<\/strong> voor langdurig gebruik.<\/p>\n<p><strong>V: Hoe weet ik wat het niveau van mijn batterij en e-liquid is?<\/strong><br \/>\nA: Het apparaat heeft een <strong>slim LED-scherm<\/strong> dat zowel batterij- als vloeistofindicatoren laat zien.<\/p>\n<p><strong>V: Is Fizzy Max 60000 Puffs echt?<\/strong><br \/>\nA: 100% ja! Wij verkopen alleen <strong>originele Fizzy Vape-producten<\/strong>, rechtstreeks verzonden vanuit ons magazijn in de EU. <\/p>\n","protected":false},"excerpt":{"rendered":"<p>Ontdek de <strong>Fizzy Max 60000 Puffs (Fizzy Max 60k Puffs)<\/strong> &#8211; de ultieme 6-in-1 wegwerp vape. Geniet van zes verwisselbare smaken in \u00e9\u00e9n apparaat, 60k puffs capaciteit, oplaadbare Type-C poort en slimme LED-weergave voor batterij- en vloeistofniveaus. Premium prestaties, authentieke Fizzy kwaliteit.  <\/p>\n","protected":false},"featured_media":33877,"comment_status":"open","ping_status":"closed","template":"","meta":{"iawp_total_views":12},"product_brand":[],"product_cat":[945,954,592],"product_tag":[638],"class_list":{"0":"post-35375","1":"product","2":"type-product","3":"status-publish","4":"has-post-thumbnail","6":"product_cat-eu-warehouse-nl","7":"product_cat-hot-selling-vape-nl","8":"product_cat-max-iii-6in1-60k-60000-puffs-oplaadbaar-wegwerp-vape-nl","9":"product_tag-alle-smaken","11":"first","12":"outofstock","13":"sale","14":"shipping-taxable","15":"purchasable","16":"product-type-variable"},"yoast_head":"<!-- This site is optimized with the Yoast SEO Premium plugin v24.8 (Yoast SEO v27.4) - https:\/\/yoast.com\/product\/yoast-seo-premium-wordpress\/ -->\n<title>Fizzy Max 60000 Puffs - 6-in-1 Wegwerp Vape | Beste EU Deal<\/title>\n<meta name=\"description\" content=\"Koop nu Fizzy Max 60000 Puffs (60k Puffs)! 6 smaken in 1 apparaat, 60k trekjes, oplaadbaar met LED-display. Snelle EU-verzending, beperkte voorraad!\" \/>\n<meta name=\"robots\" content=\"index, follow, max-snippet:-1, max-image-preview:large, max-video-preview:-1\" \/>\n<link rel=\"canonical\" href=\"https:\/\/fizzyvape.eu\/nl\/product\/fizzy-max-iii-6-in-1-60000-puffs-wegwerpvape-alle-smaken-10st\/\" \/>\n<meta property=\"og:locale\" content=\"nl_NL\" \/>\n<meta property=\"og:type\" content=\"article\" \/>\n<meta property=\"og:title\" content=\"Fizzy Max III 6-in-1 60000 Puffs Wegwerpvape (Alle smaken) - 10st\" \/>\n<meta property=\"og:description\" content=\"Koop nu Fizzy Max 60000 Puffs (60k Puffs)! 6 smaken in 1 apparaat, 60k trekjes, oplaadbaar met LED-display. Snelle EU-verzending, beperkte voorraad!\" \/>\n<meta property=\"og:url\" content=\"https:\/\/fizzyvape.eu\/nl\/product\/fizzy-max-iii-6-in-1-60000-puffs-wegwerpvape-alle-smaken-10st\/\" \/>\n<meta property=\"og:site_name\" content=\"fizzyvape.eu\" \/>\n<meta property=\"og:image\" content=\"https:\/\/fizzyvape.eu\/wp-content\/uploads\/2025\/08\/Fizzy-max-60K-60000-Puffs-Disposable-Vape-3.webp\" \/>\n\t<meta property=\"og:image:width\" content=\"800\" \/>\n\t<meta property=\"og:image:height\" content=\"800\" \/>\n\t<meta property=\"og:image:type\" content=\"image\/webp\" \/>\n<meta name=\"twitter:card\" content=\"summary_large_image\" \/>\n<meta name=\"twitter:label1\" content=\"Beschikbaarheid\" \/>\n\t<meta name=\"twitter:data1\" content=\"Uitverkocht\" \/>\n<script type=\"application\/ld+json\" class=\"yoast-schema-graph\">{\"@context\":\"https:\\\/\\\/schema.org\",\"@graph\":[{\"@type\":\"WebPage\",\"@id\":\"https:\\\/\\\/fizzyvape.eu\\\/nl\\\/product\\\/fizzy-max-iii-6-in-1-60000-puffs-wegwerpvape-alle-smaken-10st\\\/\",\"url\":\"https:\\\/\\\/fizzyvape.eu\\\/nl\\\/product\\\/fizzy-max-iii-6-in-1-60000-puffs-wegwerpvape-alle-smaken-10st\\\/\",\"name\":\"Fizzy Max 60000 Puffs - 6-in-1 Wegwerp Vape | Beste EU Deal\",\"isPartOf\":{\"@id\":\"https:\\\/\\\/www.fizzyvape.eu\\\/nl\\\/#website\"},\"primaryImageOfPage\":{\"@id\":\"https:\\\/\\\/fizzyvape.eu\\\/nl\\\/product\\\/fizzy-max-iii-6-in-1-60000-puffs-wegwerpvape-alle-smaken-10st\\\/#primaryimage\"},\"image\":{\"@id\":\"https:\\\/\\\/fizzyvape.eu\\\/nl\\\/product\\\/fizzy-max-iii-6-in-1-60000-puffs-wegwerpvape-alle-smaken-10st\\\/#primaryimage\"},\"thumbnailUrl\":\"https:\\\/\\\/fizzyvape.eu\\\/wp-content\\\/uploads\\\/2025\\\/08\\\/Fizzy-max-60K-60000-Puffs-Disposable-Vape-40-1.webp\",\"datePublished\":\"2025-08-29T06:50:08+00:00\",\"description\":\"Koop nu Fizzy Max 60000 Puffs (60k Puffs)! 6 smaken in 1 apparaat, 60k trekjes, oplaadbaar met LED-display. Snelle EU-verzending, beperkte voorraad!\",\"breadcrumb\":{\"@id\":\"https:\\\/\\\/fizzyvape.eu\\\/nl\\\/product\\\/fizzy-max-iii-6-in-1-60000-puffs-wegwerpvape-alle-smaken-10st\\\/#breadcrumb\"},\"inLanguage\":\"nl-NL\",\"potentialAction\":[{\"@type\":\"ReadAction\",\"target\":[\"https:\\\/\\\/fizzyvape.eu\\\/nl\\\/product\\\/fizzy-max-iii-6-in-1-60000-puffs-wegwerpvape-alle-smaken-10st\\\/\"]}]},{\"@type\":\"ImageObject\",\"inLanguage\":\"nl-NL\",\"@id\":\"https:\\\/\\\/fizzyvape.eu\\\/nl\\\/product\\\/fizzy-max-iii-6-in-1-60000-puffs-wegwerpvape-alle-smaken-10st\\\/#primaryimage\",\"url\":\"https:\\\/\\\/fizzyvape.eu\\\/wp-content\\\/uploads\\\/2025\\\/08\\\/Fizzy-max-60K-60000-Puffs-Disposable-Vape-40-1.webp\",\"contentUrl\":\"https:\\\/\\\/fizzyvape.eu\\\/wp-content\\\/uploads\\\/2025\\\/08\\\/Fizzy-max-60K-60000-Puffs-Disposable-Vape-40-1.webp\",\"width\":800,\"height\":800},{\"@type\":\"BreadcrumbList\",\"@id\":\"https:\\\/\\\/fizzyvape.eu\\\/nl\\\/product\\\/fizzy-max-iii-6-in-1-60000-puffs-wegwerpvape-alle-smaken-10st\\\/#breadcrumb\",\"itemListElement\":[{\"@type\":\"ListItem\",\"position\":1,\"name\":\"Home\",\"item\":\"https:\\\/\\\/fizzyvape.eu\\\/nl\\\/\"},{\"@type\":\"ListItem\",\"position\":2,\"name\":\"Winkel\",\"item\":\"https:\\\/\\\/fizzyvape.eu\\\/nl\\\/winkel\\\/\"},{\"@type\":\"ListItem\",\"position\":3,\"name\":\"Fizzy Max III 6-in-1 60000 Puffs Wegwerpvape (Alle smaken) &#8211; 10st\"}]},{\"@type\":\"WebSite\",\"@id\":\"https:\\\/\\\/www.fizzyvape.eu\\\/nl\\\/#website\",\"url\":\"https:\\\/\\\/www.fizzyvape.eu\\\/nl\\\/\",\"name\":\"fizzyvape.eu\",\"description\":\"Refreshing Vapes. Unforgettable Taste.\",\"publisher\":{\"@id\":\"https:\\\/\\\/www.fizzyvape.eu\\\/nl\\\/#organization\"},\"potentialAction\":[{\"@type\":\"SearchAction\",\"target\":{\"@type\":\"EntryPoint\",\"urlTemplate\":\"https:\\\/\\\/www.fizzyvape.eu\\\/nl\\\/?s={search_term_string}\"},\"query-input\":{\"@type\":\"PropertyValueSpecification\",\"valueRequired\":true,\"valueName\":\"search_term_string\"}}],\"inLanguage\":\"nl-NL\"},{\"@type\":\"Organization\",\"@id\":\"https:\\\/\\\/www.fizzyvape.eu\\\/nl\\\/#organization\",\"name\":\"fizzyvape.eu\",\"url\":\"https:\\\/\\\/www.fizzyvape.eu\\\/nl\\\/\",\"logo\":{\"@type\":\"ImageObject\",\"inLanguage\":\"nl-NL\",\"@id\":\"https:\\\/\\\/www.fizzyvape.eu\\\/nl\\\/#\\\/schema\\\/logo\\\/image\\\/\",\"url\":\"https:\\\/\\\/fizzyvape.eu\\\/wp-content\\\/uploads\\\/2019\\\/06\\\/print-1.svg\",\"contentUrl\":\"https:\\\/\\\/fizzyvape.eu\\\/wp-content\\\/uploads\\\/2019\\\/06\\\/print-1.svg\",\"width\":124,\"height\":37,\"caption\":\"fizzyvape.eu\"},\"image\":{\"@id\":\"https:\\\/\\\/www.fizzyvape.eu\\\/nl\\\/#\\\/schema\\\/logo\\\/image\\\/\"}}]}<\/script>\n<meta property=\"og:availability\" content=\"out of stock\" \/>\n<meta property=\"product:availability\" content=\"out of stock\" \/>\n<meta property=\"product:condition\" content=\"new\" \/>\n<!-- \/ Yoast SEO Premium plugin. -->","yoast_head_json":{"title":"Fizzy Max 60000 Puffs - 6-in-1 Wegwerp Vape | Beste EU Deal","description":"Koop nu Fizzy Max 60000 Puffs (60k Puffs)! 6 smaken in 1 apparaat, 60k trekjes, oplaadbaar met LED-display. Snelle EU-verzending, beperkte voorraad!","robots":{"index":"index","follow":"follow","max-snippet":"max-snippet:-1","max-image-preview":"max-image-preview:large","max-video-preview":"max-video-preview:-1"},"canonical":"https:\/\/fizzyvape.eu\/nl\/product\/fizzy-max-iii-6-in-1-60000-puffs-wegwerpvape-alle-smaken-10st\/","og_locale":"nl_NL","og_type":"article","og_title":"Fizzy Max III 6-in-1 60000 Puffs Wegwerpvape (Alle smaken) - 10st","og_description":"Koop nu Fizzy Max 60000 Puffs (60k Puffs)! 6 smaken in 1 apparaat, 60k trekjes, oplaadbaar met LED-display. Snelle EU-verzending, beperkte voorraad!","og_url":"https:\/\/fizzyvape.eu\/nl\/product\/fizzy-max-iii-6-in-1-60000-puffs-wegwerpvape-alle-smaken-10st\/","og_site_name":"fizzyvape.eu","og_image":[{"width":800,"height":800,"url":"https:\/\/fizzyvape.eu\/wp-content\/uploads\/2025\/08\/Fizzy-max-60K-60000-Puffs-Disposable-Vape-3.webp","type":"image\/webp"}],"twitter_card":"summary_large_image","twitter_misc":{"Beschikbaarheid":"Uitverkocht"},"schema":{"@context":"https:\/\/schema.org","@graph":[{"@type":"WebPage","@id":"https:\/\/fizzyvape.eu\/nl\/product\/fizzy-max-iii-6-in-1-60000-puffs-wegwerpvape-alle-smaken-10st\/","url":"https:\/\/fizzyvape.eu\/nl\/product\/fizzy-max-iii-6-in-1-60000-puffs-wegwerpvape-alle-smaken-10st\/","name":"Fizzy Max 60000 Puffs - 6-in-1 Wegwerp Vape | Beste EU Deal","isPartOf":{"@id":"https:\/\/www.fizzyvape.eu\/nl\/#website"},"primaryImageOfPage":{"@id":"https:\/\/fizzyvape.eu\/nl\/product\/fizzy-max-iii-6-in-1-60000-puffs-wegwerpvape-alle-smaken-10st\/#primaryimage"},"image":{"@id":"https:\/\/fizzyvape.eu\/nl\/product\/fizzy-max-iii-6-in-1-60000-puffs-wegwerpvape-alle-smaken-10st\/#primaryimage"},"thumbnailUrl":"https:\/\/fizzyvape.eu\/wp-content\/uploads\/2025\/08\/Fizzy-max-60K-60000-Puffs-Disposable-Vape-40-1.webp","datePublished":"2025-08-29T06:50:08+00:00","description":"Koop nu Fizzy Max 60000 Puffs (60k Puffs)! 6 smaken in 1 apparaat, 60k trekjes, oplaadbaar met LED-display. Snelle EU-verzending, beperkte voorraad!","breadcrumb":{"@id":"https:\/\/fizzyvape.eu\/nl\/product\/fizzy-max-iii-6-in-1-60000-puffs-wegwerpvape-alle-smaken-10st\/#breadcrumb"},"inLanguage":"nl-NL","potentialAction":[{"@type":"ReadAction","target":["https:\/\/fizzyvape.eu\/nl\/product\/fizzy-max-iii-6-in-1-60000-puffs-wegwerpvape-alle-smaken-10st\/"]}]},{"@type":"ImageObject","inLanguage":"nl-NL","@id":"https:\/\/fizzyvape.eu\/nl\/product\/fizzy-max-iii-6-in-1-60000-puffs-wegwerpvape-alle-smaken-10st\/#primaryimage","url":"https:\/\/fizzyvape.eu\/wp-content\/uploads\/2025\/08\/Fizzy-max-60K-60000-Puffs-Disposable-Vape-40-1.webp","contentUrl":"https:\/\/fizzyvape.eu\/wp-content\/uploads\/2025\/08\/Fizzy-max-60K-60000-Puffs-Disposable-Vape-40-1.webp","width":800,"height":800},{"@type":"BreadcrumbList","@id":"https:\/\/fizzyvape.eu\/nl\/product\/fizzy-max-iii-6-in-1-60000-puffs-wegwerpvape-alle-smaken-10st\/#breadcrumb","itemListElement":[{"@type":"ListItem","position":1,"name":"Home","item":"https:\/\/fizzyvape.eu\/nl\/"},{"@type":"ListItem","position":2,"name":"Winkel","item":"https:\/\/fizzyvape.eu\/nl\/winkel\/"},{"@type":"ListItem","position":3,"name":"Fizzy Max III 6-in-1 60000 Puffs Wegwerpvape (Alle smaken) &#8211; 10st"}]},{"@type":"WebSite","@id":"https:\/\/www.fizzyvape.eu\/nl\/#website","url":"https:\/\/www.fizzyvape.eu\/nl\/","name":"fizzyvape.eu","description":"Refreshing Vapes. Unforgettable Taste.","publisher":{"@id":"https:\/\/www.fizzyvape.eu\/nl\/#organization"},"potentialAction":[{"@type":"SearchAction","target":{"@type":"EntryPoint","urlTemplate":"https:\/\/www.fizzyvape.eu\/nl\/?s={search_term_string}"},"query-input":{"@type":"PropertyValueSpecification","valueRequired":true,"valueName":"search_term_string"}}],"inLanguage":"nl-NL"},{"@type":"Organization","@id":"https:\/\/www.fizzyvape.eu\/nl\/#organization","name":"fizzyvape.eu","url":"https:\/\/www.fizzyvape.eu\/nl\/","logo":{"@type":"ImageObject","inLanguage":"nl-NL","@id":"https:\/\/www.fizzyvape.eu\/nl\/#\/schema\/logo\/image\/","url":"https:\/\/fizzyvape.eu\/wp-content\/uploads\/2019\/06\/print-1.svg","contentUrl":"https:\/\/fizzyvape.eu\/wp-content\/uploads\/2019\/06\/print-1.svg","width":124,"height":37,"caption":"fizzyvape.eu"},"image":{"@id":"https:\/\/www.fizzyvape.eu\/nl\/#\/schema\/logo\/image\/"}}]},"og_availability":"out of stock","product_availability":"out of stock","product_condition":"new"},"tiered_pricing_type":"fixed","tiered_pricing_fixed_rules":[],"tiered_pricing_product_settings":{"layout":"default","base_unit_name":{"singular":null,"plural":null},"default_variation":null},"tiered_pricing_minimum_quantity":null,"tiered_pricing_roles_data":[],"tiered_pricing_percentage_rules":[],"tiered_pricing_maximum_quantity":null,"tiered_pricing_quantity_step":null,"_links":{"self":[{"href":"https:\/\/fizzyvape.eu\/nl\/wp-json\/wp\/v2\/product\/35375","targetHints":{"allow":["GET"]}}],"collection":[{"href":"https:\/\/fizzyvape.eu\/nl\/wp-json\/wp\/v2\/product"}],"about":[{"href":"https:\/\/fizzyvape.eu\/nl\/wp-json\/wp\/v2\/types\/product"}],"replies":[{"embeddable":true,"href":"https:\/\/fizzyvape.eu\/nl\/wp-json\/wp\/v2\/comments?post=35375"}],"version-history":[{"count":0,"href":"https:\/\/fizzyvape.eu\/nl\/wp-json\/wp\/v2\/product\/35375\/revisions"}],"wp:featuredmedia":[{"embeddable":true,"href":"https:\/\/fizzyvape.eu\/nl\/wp-json\/wp\/v2\/media\/33877"}],"wp:attachment":[{"href":"https:\/\/fizzyvape.eu\/nl\/wp-json\/wp\/v2\/media?parent=35375"}],"wp:term":[{"taxonomy":"product_brand","embeddable":true,"href":"https:\/\/fizzyvape.eu\/nl\/wp-json\/wp\/v2\/product_brand?post=35375"},{"taxonomy":"product_cat","embeddable":true,"href":"https:\/\/fizzyvape.eu\/nl\/wp-json\/wp\/v2\/product_cat?post=35375"},{"taxonomy":"product_tag","embeddable":true,"href":"https:\/\/fizzyvape.eu\/nl\/wp-json\/wp\/v2\/product_tag?post=35375"}],"curies":[{"name":"wp","href":"https:\/\/api.w.org\/{rel}","templated":true}]}}