{"id":36895,"date":"2025-11-24T15:39:49","date_gmt":"2025-11-24T07:39:49","guid":{"rendered":"https:\/\/fizzyvape.eu\/product\/fizzy-max-iii-6in1-60000-puffs\/"},"modified":"2025-12-04T15:22:27","modified_gmt":"2025-12-04T07:22:27","slug":"fizzy-max-iii-6in1-60000-puffs","status":"publish","type":"product","link":"https:\/\/fizzyvape.eu\/nl\/product\/fizzy-max-iii-6in1-60000-puffs\/","title":{"rendered":"Fizzy Max III 6in1 60000 Puffs"},"content":{"rendered":"<div style=\"width: 853px;\" class=\"wp-video\"><!--[if lt IE 9]><script>document.createElement('video');<\/script><![endif]-->\n<video class=\"wp-video-shortcode\" id=\"video-36895-1\" width=\"853\" height=\"480\" preload=\"metadata\" controls=\"controls\"><source type=\"video\/mp4\" src=\"https:\/\/fizzyvape.eu\/wp-content\/uploads\/2025\/08\/fizzy-max-iii-60000-puff-disposable-vape-wholesal-trusted-pro-disposable-vape-supplier.mp4?_=1\" \/><a href=\"https:\/\/fizzyvape.eu\/wp-content\/uploads\/2025\/08\/fizzy-max-iii-60000-puff-disposable-vape-wholesal-trusted-pro-disposable-vape-supplier.mp4\">https:\/\/fizzyvape.eu\/wp-content\/uploads\/2025\/08\/fizzy-max-iii-60000-puff-disposable-vape-wholesal-trusted-pro-disposable-vape-supplier.mp4<\/a><\/video><\/div>\n<h1>Fizzy Max III 6in1 60000 Puffs &#8211; 6 smaken in 1 slimme wegwerpvape<\/h1>\n<p>De <strong>Fizzy Max 60000 Puffs (Fizzy Max 60K)<\/strong> is een nieuwe generatie wegwerpvape, ontworpen voor gebruikers die <strong>maximale smaakvari\u00ebteit, een enorme capaciteit en eersteklas prestaties<\/strong> willen.<br \/>\nMet het kenmerkende <strong>6-in-1 smaakrotatiesysteem<\/strong> kun je schakelen tussen zes verschillende smaken in \u00e9\u00e9n apparaat, voor een frisse ervaring elke keer dat je dampt.<\/p>\n<p>Met een <strong>Type-C oplaadbare batterij<\/strong>, <strong>slim LED-scherm<\/strong> en <strong>geavanceerde mesh-spoel technologie<\/strong>, biedt de Fizzy Max 60000 Puffs uitzonderlijke dampkwaliteit, langdurige duurzaamheid en ultiem gemak &#8211; perfect voor intensieve gebruikers en liefhebbers van smaken.<\/p>\n<h2><strong>Belangrijkste kenmerken<\/strong><\/h2>\n<h4><strong>6 smaken in 1 apparaat<\/strong><\/h4>\n<p>Met de roterende smaakkeuzeschakelaar kun je direct genieten van zes unieke smaken.<br \/>\nE\u00e9n apparaat = zes wegwerpvapes.<\/p>\n<h4><strong>Enorme 60.000 soesjes<\/strong><\/h4>\n<p>Uitstekende levensduur die weken of zelfs maanden meegaat, afhankelijk van het gebruik.<br \/>\nEen van de vapes met de hoogste capaciteit voor eenmalig gebruik.<\/p>\n<h4><strong>Oplaadbaar ontwerp Type-C<\/strong><\/h4>\n<p>Opladen en doorgaan met vapen &#8211; je hoeft het apparaat niet voortijdig te vervangen.<\/p>\n<h4><strong>Slimme LED-weergave<\/strong><\/h4>\n<p>Shows:<\/p>\n<ul>\n<li>Batterijniveau (%)<\/li>\n<li>E-vloeistof niveau-indicator<\/li>\n<\/ul>\n<p>Geniet van volledige controle en geen giswerk.<\/p>\n<h4><strong>Mesh Spoel Technologie<\/strong><\/h4>\n<p>Zorgt voor zachte damp, consistente prestaties en een rijke smaak.<\/p>\n<p><img decoding=\"async\" class=\"alignnone wp-image-36206 size-full\" src=\"https:\/\/fizzyvape.eu\/wp-content\/uploads\/2025\/08\/Fizzy-Max-III-6in1-60000-Puffs-Disposable-Vape-Flavors.jpg\" alt=\"Fizzy Max III 6in1 60000 Puffs Wegwerp Vape Smaken\" width=\"1920\" height=\"1920\" srcset=\"https:\/\/fizzyvape.eu\/wp-content\/uploads\/2025\/08\/Fizzy-Max-III-6in1-60000-Puffs-Disposable-Vape-Flavors.jpg 1920w, https:\/\/fizzyvape.eu\/wp-content\/uploads\/2025\/08\/Fizzy-Max-III-6in1-60000-Puffs-Disposable-Vape-Flavors-300x300.jpg 300w, https:\/\/fizzyvape.eu\/wp-content\/uploads\/2025\/08\/Fizzy-Max-III-6in1-60000-Puffs-Disposable-Vape-Flavors-800x800.jpg 800w, https:\/\/fizzyvape.eu\/wp-content\/uploads\/2025\/08\/Fizzy-Max-III-6in1-60000-Puffs-Disposable-Vape-Flavors-150x150.jpg 150w, https:\/\/fizzyvape.eu\/wp-content\/uploads\/2025\/08\/Fizzy-Max-III-6in1-60000-Puffs-Disposable-Vape-Flavors-768x768.jpg 768w, https:\/\/fizzyvape.eu\/wp-content\/uploads\/2025\/08\/Fizzy-Max-III-6in1-60000-Puffs-Disposable-Vape-Flavors-1536x1536.jpg 1536w, https:\/\/fizzyvape.eu\/wp-content\/uploads\/2025\/08\/Fizzy-Max-III-6in1-60000-Puffs-Disposable-Vape-Flavors-430x430.jpg 430w, https:\/\/fizzyvape.eu\/wp-content\/uploads\/2025\/08\/Fizzy-Max-III-6in1-60000-Puffs-Disposable-Vape-Flavors-700x700.jpg 700w\" sizes=\"(max-width: 1920px) 100vw, 1920px\" \/><\/p>\n<h3><strong>Fizzy Max III 6in1 60K Puffs Wegwerp Vape Smaken Lijst:<\/strong><\/h3>\n<ol>\n<li><a href=\"https:\/\/fizzyvape.eu\/nl\/product\/fizzy-max-iii-6in1-60k-60000-puffs-oplaadbare-vape-aardbei-framboos-mango-perzik-bosbes-watermeloen-10st\/\">Aardbei Framboos &amp; Mango Perzik &amp; Bosbes Watermeloen<\/a><\/li>\n<li><a href=\"https:\/\/fizzyvape.eu\/nl\/product\/fizzy-max-iii-6in1-60k-60000-puffs-oplaadbare-vape-mixed-berry-kiwi-passievrucht-guave-aardbei-watermeloen-10st\/\">Gemengde bes &amp; kiwi Passievrucht Guave &amp; aardbei Watermeloen<\/a><\/li>\n<li><a href=\"https:\/\/fizzyvape.eu\/nl\/product\/fizzy-max-iii-6in1-60k-60000-puffs-oplaadbare-vape-bosbes-framboos-driedubbele-meloen-aardbei-ijs-10st\/\">Bosbessen Framboos &amp; Driedubbel Meloen &amp; Aardbeienijs<\/a><\/li>\n<li><a href=\"https:\/\/fizzyvape.eu\/nl\/product\/fizzy-max-iii-6in1-60k-60000-puffs-oplaadbare-vape-aardbei-dragon-fruit-red-bull-framboos-watermeloen-10st\/\">Aardbei Dragon Fruit &amp; Red Bull &amp; Framboos Watermeloen<\/a><\/li>\n<li><a href=\"https:\/\/fizzyvape.eu\/nl\/product\/fizzy-max-iii-6in1-60k-60000-puffs-oplaadbare-vape-aardbei-kiwi-bosbes-ijs-watermeloen-ijs-10st\/\">Aardbei Kiwi &amp; Bosbessenijs &amp; Watermeloenijs<\/a><\/li>\n<li><a href=\"https:\/\/fizzyvape.eu\/nl\/product\/fizzy-max-iii-6in1-60k-60000-puffs-oplaadbare-vape-blueberry-ice-fizzy-cherry-raspberry-lemon-10st\/\">Bosbessenijs &amp; Bruisende Kers &amp; Framboos Citroen<\/a><\/li>\n<li><a href=\"https:\/\/fizzyvape.eu\/nl\/product\/fizzy-max-iii-6in1-60k-60000-puffs-oplaadbare-vape-watermeloenijs-aardbei-vanille-cola-gemengde-bes-10st\/\">Watermeloen IJs &amp; Aardbei Vanille Cola &amp; Gemengd<\/a><\/li>\n<li><a href=\"https:\/\/fizzyvape.eu\/nl\/product\/fizzy-max-iii-6in1-60k-60000-puffs-oplaadbare-vape-aardbei-druif-bosbes-kokosnoot-perzik-citroen-10st\/\">Aardbei Druif &amp; Bosbes Kokosnoot &amp; Perzik Citroen<\/a><\/li>\n<li><a href=\"https:\/\/fizzyvape.eu\/nl\/product\/fizzy-max-iii-6in1-60k-60000-puffs-oplaadbare-vape-blue-razz-ice-strawberry-kiwi-sour-pineapple-orange-10st\/\">Blue Razz Ice &amp; Aardbei Kiwi &amp; Zure Ananas Sinaasappel<\/a><\/li>\n<li><a href=\"https:\/\/fizzyvape.eu\/nl\/product\/fizzy-max-iii-6in1-60k-60000-puffs-oplaadbare-vape-aardbei-watermeloen-citroenlimoen-bosbessen-kokosnoot-10st\/\">Aardbei Watermeloen &amp; Citroen Limoen &amp; Bosbessen Kokosnoot<\/a><\/li>\n<li>Love 66 &amp; Red Bull Watermeloen &amp; Aardbei Framboos<\/li>\n<li>Aardbeienijs &amp; bruisende cola &amp; watermeloen kauwgom<\/li>\n<\/ol>\n<h2><strong>Waarom kiezen voor Fizzy Max 60000 Puffs?<\/strong><\/h2>\n<ul>\n<li>6 smaken in \u00e9\u00e9n apparaat &#8211; onge\u00ebvenaard gemak<\/li>\n<li>Ultrahoge pufcapaciteit voor langdurig gebruik<\/li>\n<li>Slim display maakt vaping intu\u00eftiever<\/li>\n<li>Premium ontwerp met mesh-spoelprestaties<\/li>\n<li>100% authentieke Fizzy Vape, verzonden vanuit het magazijn in China<\/li>\n<\/ul>\n<p>Perfect voor langdurige gebruikers, smaakverkenners en iedereen die een krachtig, handig alles-in-\u00e9\u00e9n apparaat wil.<\/p>\n<h2><strong>\ud83d\ude4b\u200d\u2642\ufe0f veelgestelde vragen<\/strong><\/h2>\n<p><strong>V: Hoe lang gaan de Fizzy Max 60000 Puffs mee?<\/strong><br \/>\nA: Hij levert tot 60.000 trekjes en kan weken of maanden meegaan, afhankelijk van de frequentie waarmee je dampt.<\/p>\n<p><strong>V: Is het oplaadbaar?<\/strong><br \/>\nA: Ja, hij heeft een Type-C oplaadpoort voor een langere levensduur.<\/p>\n<p><strong>V: Geeft het niveau van de batterij en de e-vloeistof aan?<\/strong><br \/>\nA: Ja, het slimme LED-scherm geeft zowel het batterijpercentage als de status van de e-vloeistof weer.<\/p>\n<p><strong>V: Zijn deze authentiek?<\/strong><br \/>\nA: Absoluut. We verkopen alleen 100% echte Fizzy Vape-producten die worden verzonden vanuit ons magazijn in China.<\/p>\n","protected":false},"excerpt":{"rendered":"[html_block id=\"37685\"]\n","protected":false},"featured_media":32577,"comment_status":"open","ping_status":"closed","template":"","meta":{"iawp_total_views":5},"product_brand":[],"product_cat":[954,800],"product_tag":[],"class_list":{"0":"post-36895","1":"product","2":"type-product","3":"status-publish","4":"has-post-thumbnail","6":"product_cat-hot-selling-vape-nl","7":"product_cat-magazijn-china","9":"first","10":"outofstock","11":"shipping-taxable","12":"purchasable","13":"product-type-variable"},"yoast_head":"<!-- This site is optimized with the Yoast SEO Premium plugin v24.8 (Yoast SEO v27.4) - https:\/\/yoast.com\/product\/yoast-seo-premium-wordpress\/ -->\n<title>Fizzy Max III 60k 60000 Puffs - 6 smaken in 1 slimme wegwerpvape<\/title>\n<meta name=\"description\" content=\"Ontdek de Fizzy Max III 60k 60000 Puffs met 6 smaken in 1 apparaat, slim LED-scherm, mesh coil en Type-C opladen. 100% authentiek. Snelle EU-verzending.\" \/>\n<meta name=\"robots\" content=\"index, follow, max-snippet:-1, max-image-preview:large, max-video-preview:-1\" \/>\n<link rel=\"canonical\" href=\"https:\/\/fizzyvape.eu\/nl\/product\/fizzy-max-iii-6in1-60000-puffs\/\" \/>\n<meta property=\"og:locale\" content=\"nl_NL\" \/>\n<meta property=\"og:type\" content=\"article\" \/>\n<meta property=\"og:title\" content=\"Fizzy Max III 6in1 60000 Puffs\" \/>\n<meta property=\"og:description\" content=\"Ontdek de Fizzy Max III 60k 60000 Puffs met 6 smaken in 1 apparaat, slim LED-scherm, mesh coil en Type-C opladen. 100% authentiek. Snelle EU-verzending.\" \/>\n<meta property=\"og:url\" content=\"https:\/\/fizzyvape.eu\/nl\/product\/fizzy-max-iii-6in1-60000-puffs\/\" \/>\n<meta property=\"og:site_name\" content=\"fizzyvape.eu\" \/>\n<meta property=\"article:modified_time\" content=\"2025-12-04T07:22:27+00:00\" \/>\n<meta property=\"og:image\" content=\"https:\/\/fizzyvape.eu\/wp-content\/uploads\/2025\/06\/Fizzy-Max-III-6in1-60K-60000-Puffs-7-1.webp\" \/>\n\t<meta property=\"og:image:width\" content=\"800\" \/>\n\t<meta property=\"og:image:height\" content=\"800\" \/>\n\t<meta property=\"og:image:type\" content=\"image\/webp\" \/>\n<meta name=\"twitter:card\" content=\"summary_large_image\" \/>\n<meta name=\"twitter:label1\" content=\"Beschikbaarheid\" \/>\n\t<meta name=\"twitter:data1\" content=\"Uitverkocht\" \/>\n<script type=\"application\/ld+json\" class=\"yoast-schema-graph\">{\"@context\":\"https:\\\/\\\/schema.org\",\"@graph\":[{\"@type\":\"WebPage\",\"@id\":\"https:\\\/\\\/fizzyvape.eu\\\/nl\\\/product\\\/fizzy-max-iii-6in1-60000-puffs\\\/\",\"url\":\"https:\\\/\\\/fizzyvape.eu\\\/nl\\\/product\\\/fizzy-max-iii-6in1-60000-puffs\\\/\",\"name\":\"Fizzy Max III 60k 60000 Puffs - 6 smaken in 1 slimme wegwerpvape\",\"isPartOf\":{\"@id\":\"https:\\\/\\\/www.fizzyvape.eu\\\/nl\\\/#website\"},\"primaryImageOfPage\":{\"@id\":\"https:\\\/\\\/fizzyvape.eu\\\/nl\\\/product\\\/fizzy-max-iii-6in1-60000-puffs\\\/#primaryimage\"},\"image\":{\"@id\":\"https:\\\/\\\/fizzyvape.eu\\\/nl\\\/product\\\/fizzy-max-iii-6in1-60000-puffs\\\/#primaryimage\"},\"thumbnailUrl\":\"https:\\\/\\\/fizzyvape.eu\\\/wp-content\\\/uploads\\\/2025\\\/06\\\/Fizzy-Max-III-6in1-60K-60000-Puffs-7-1.webp\",\"datePublished\":\"2025-11-24T07:39:49+00:00\",\"dateModified\":\"2025-12-04T07:22:27+00:00\",\"description\":\"Ontdek de Fizzy Max III 60k 60000 Puffs met 6 smaken in 1 apparaat, slim LED-scherm, mesh coil en Type-C opladen. 100% authentiek. Snelle EU-verzending.\",\"breadcrumb\":{\"@id\":\"https:\\\/\\\/fizzyvape.eu\\\/nl\\\/product\\\/fizzy-max-iii-6in1-60000-puffs\\\/#breadcrumb\"},\"inLanguage\":\"nl-NL\",\"potentialAction\":[{\"@type\":\"ReadAction\",\"target\":[\"https:\\\/\\\/fizzyvape.eu\\\/nl\\\/product\\\/fizzy-max-iii-6in1-60000-puffs\\\/\"]}]},{\"@type\":\"ImageObject\",\"inLanguage\":\"nl-NL\",\"@id\":\"https:\\\/\\\/fizzyvape.eu\\\/nl\\\/product\\\/fizzy-max-iii-6in1-60000-puffs\\\/#primaryimage\",\"url\":\"https:\\\/\\\/fizzyvape.eu\\\/wp-content\\\/uploads\\\/2025\\\/06\\\/Fizzy-Max-III-6in1-60K-60000-Puffs-7-1.webp\",\"contentUrl\":\"https:\\\/\\\/fizzyvape.eu\\\/wp-content\\\/uploads\\\/2025\\\/06\\\/Fizzy-Max-III-6in1-60K-60000-Puffs-7-1.webp\",\"width\":800,\"height\":800,\"caption\":\"Fizzy Max III 6in1 60K 60000 Puffs-7-1\"},{\"@type\":\"BreadcrumbList\",\"@id\":\"https:\\\/\\\/fizzyvape.eu\\\/nl\\\/product\\\/fizzy-max-iii-6in1-60000-puffs\\\/#breadcrumb\",\"itemListElement\":[{\"@type\":\"ListItem\",\"position\":1,\"name\":\"Home\",\"item\":\"https:\\\/\\\/fizzyvape.eu\\\/nl\\\/\"},{\"@type\":\"ListItem\",\"position\":2,\"name\":\"Winkel\",\"item\":\"https:\\\/\\\/fizzyvape.eu\\\/nl\\\/winkel\\\/\"},{\"@type\":\"ListItem\",\"position\":3,\"name\":\"Fizzy Max III 6in1 60000 Puffs\"}]},{\"@type\":\"WebSite\",\"@id\":\"https:\\\/\\\/www.fizzyvape.eu\\\/nl\\\/#website\",\"url\":\"https:\\\/\\\/www.fizzyvape.eu\\\/nl\\\/\",\"name\":\"fizzyvape.eu\",\"description\":\"Refreshing Vapes. Unforgettable Taste.\",\"publisher\":{\"@id\":\"https:\\\/\\\/www.fizzyvape.eu\\\/nl\\\/#organization\"},\"potentialAction\":[{\"@type\":\"SearchAction\",\"target\":{\"@type\":\"EntryPoint\",\"urlTemplate\":\"https:\\\/\\\/www.fizzyvape.eu\\\/nl\\\/?s={search_term_string}\"},\"query-input\":{\"@type\":\"PropertyValueSpecification\",\"valueRequired\":true,\"valueName\":\"search_term_string\"}}],\"inLanguage\":\"nl-NL\"},{\"@type\":\"Organization\",\"@id\":\"https:\\\/\\\/www.fizzyvape.eu\\\/nl\\\/#organization\",\"name\":\"fizzyvape.eu\",\"url\":\"https:\\\/\\\/www.fizzyvape.eu\\\/nl\\\/\",\"logo\":{\"@type\":\"ImageObject\",\"inLanguage\":\"nl-NL\",\"@id\":\"https:\\\/\\\/www.fizzyvape.eu\\\/nl\\\/#\\\/schema\\\/logo\\\/image\\\/\",\"url\":\"https:\\\/\\\/fizzyvape.eu\\\/wp-content\\\/uploads\\\/2019\\\/06\\\/print-1.svg\",\"contentUrl\":\"https:\\\/\\\/fizzyvape.eu\\\/wp-content\\\/uploads\\\/2019\\\/06\\\/print-1.svg\",\"width\":124,\"height\":37,\"caption\":\"fizzyvape.eu\"},\"image\":{\"@id\":\"https:\\\/\\\/www.fizzyvape.eu\\\/nl\\\/#\\\/schema\\\/logo\\\/image\\\/\"}}]}<\/script>\n<meta property=\"og:availability\" content=\"out of stock\" \/>\n<meta property=\"product:availability\" content=\"out of stock\" \/>\n<meta property=\"product:condition\" content=\"new\" \/>\n<!-- \/ Yoast SEO Premium plugin. -->","yoast_head_json":{"title":"Fizzy Max III 60k 60000 Puffs - 6 smaken in 1 slimme wegwerpvape","description":"Ontdek de Fizzy Max III 60k 60000 Puffs met 6 smaken in 1 apparaat, slim LED-scherm, mesh coil en Type-C opladen. 100% authentiek. Snelle EU-verzending.","robots":{"index":"index","follow":"follow","max-snippet":"max-snippet:-1","max-image-preview":"max-image-preview:large","max-video-preview":"max-video-preview:-1"},"canonical":"https:\/\/fizzyvape.eu\/nl\/product\/fizzy-max-iii-6in1-60000-puffs\/","og_locale":"nl_NL","og_type":"article","og_title":"Fizzy Max III 6in1 60000 Puffs","og_description":"Ontdek de Fizzy Max III 60k 60000 Puffs met 6 smaken in 1 apparaat, slim LED-scherm, mesh coil en Type-C opladen. 100% authentiek. Snelle EU-verzending.","og_url":"https:\/\/fizzyvape.eu\/nl\/product\/fizzy-max-iii-6in1-60000-puffs\/","og_site_name":"fizzyvape.eu","article_modified_time":"2025-12-04T07:22:27+00:00","og_image":[{"width":800,"height":800,"url":"https:\/\/fizzyvape.eu\/wp-content\/uploads\/2025\/06\/Fizzy-Max-III-6in1-60K-60000-Puffs-7-1.webp","type":"image\/webp"}],"twitter_card":"summary_large_image","twitter_misc":{"Beschikbaarheid":"Uitverkocht"},"schema":{"@context":"https:\/\/schema.org","@graph":[{"@type":"WebPage","@id":"https:\/\/fizzyvape.eu\/nl\/product\/fizzy-max-iii-6in1-60000-puffs\/","url":"https:\/\/fizzyvape.eu\/nl\/product\/fizzy-max-iii-6in1-60000-puffs\/","name":"Fizzy Max III 60k 60000 Puffs - 6 smaken in 1 slimme wegwerpvape","isPartOf":{"@id":"https:\/\/www.fizzyvape.eu\/nl\/#website"},"primaryImageOfPage":{"@id":"https:\/\/fizzyvape.eu\/nl\/product\/fizzy-max-iii-6in1-60000-puffs\/#primaryimage"},"image":{"@id":"https:\/\/fizzyvape.eu\/nl\/product\/fizzy-max-iii-6in1-60000-puffs\/#primaryimage"},"thumbnailUrl":"https:\/\/fizzyvape.eu\/wp-content\/uploads\/2025\/06\/Fizzy-Max-III-6in1-60K-60000-Puffs-7-1.webp","datePublished":"2025-11-24T07:39:49+00:00","dateModified":"2025-12-04T07:22:27+00:00","description":"Ontdek de Fizzy Max III 60k 60000 Puffs met 6 smaken in 1 apparaat, slim LED-scherm, mesh coil en Type-C opladen. 100% authentiek. Snelle EU-verzending.","breadcrumb":{"@id":"https:\/\/fizzyvape.eu\/nl\/product\/fizzy-max-iii-6in1-60000-puffs\/#breadcrumb"},"inLanguage":"nl-NL","potentialAction":[{"@type":"ReadAction","target":["https:\/\/fizzyvape.eu\/nl\/product\/fizzy-max-iii-6in1-60000-puffs\/"]}]},{"@type":"ImageObject","inLanguage":"nl-NL","@id":"https:\/\/fizzyvape.eu\/nl\/product\/fizzy-max-iii-6in1-60000-puffs\/#primaryimage","url":"https:\/\/fizzyvape.eu\/wp-content\/uploads\/2025\/06\/Fizzy-Max-III-6in1-60K-60000-Puffs-7-1.webp","contentUrl":"https:\/\/fizzyvape.eu\/wp-content\/uploads\/2025\/06\/Fizzy-Max-III-6in1-60K-60000-Puffs-7-1.webp","width":800,"height":800,"caption":"Fizzy Max III 6in1 60K 60000 Puffs-7-1"},{"@type":"BreadcrumbList","@id":"https:\/\/fizzyvape.eu\/nl\/product\/fizzy-max-iii-6in1-60000-puffs\/#breadcrumb","itemListElement":[{"@type":"ListItem","position":1,"name":"Home","item":"https:\/\/fizzyvape.eu\/nl\/"},{"@type":"ListItem","position":2,"name":"Winkel","item":"https:\/\/fizzyvape.eu\/nl\/winkel\/"},{"@type":"ListItem","position":3,"name":"Fizzy Max III 6in1 60000 Puffs"}]},{"@type":"WebSite","@id":"https:\/\/www.fizzyvape.eu\/nl\/#website","url":"https:\/\/www.fizzyvape.eu\/nl\/","name":"fizzyvape.eu","description":"Refreshing Vapes. Unforgettable Taste.","publisher":{"@id":"https:\/\/www.fizzyvape.eu\/nl\/#organization"},"potentialAction":[{"@type":"SearchAction","target":{"@type":"EntryPoint","urlTemplate":"https:\/\/www.fizzyvape.eu\/nl\/?s={search_term_string}"},"query-input":{"@type":"PropertyValueSpecification","valueRequired":true,"valueName":"search_term_string"}}],"inLanguage":"nl-NL"},{"@type":"Organization","@id":"https:\/\/www.fizzyvape.eu\/nl\/#organization","name":"fizzyvape.eu","url":"https:\/\/www.fizzyvape.eu\/nl\/","logo":{"@type":"ImageObject","inLanguage":"nl-NL","@id":"https:\/\/www.fizzyvape.eu\/nl\/#\/schema\/logo\/image\/","url":"https:\/\/fizzyvape.eu\/wp-content\/uploads\/2019\/06\/print-1.svg","contentUrl":"https:\/\/fizzyvape.eu\/wp-content\/uploads\/2019\/06\/print-1.svg","width":124,"height":37,"caption":"fizzyvape.eu"},"image":{"@id":"https:\/\/www.fizzyvape.eu\/nl\/#\/schema\/logo\/image\/"}}]},"og_availability":"out of stock","product_availability":"out of stock","product_condition":"new"},"tiered_pricing_type":"fixed","tiered_pricing_fixed_rules":[],"tiered_pricing_product_settings":{"layout":"default","base_unit_name":{"singular":null,"plural":null},"default_variation":null},"tiered_pricing_minimum_quantity":null,"tiered_pricing_roles_data":[],"tiered_pricing_percentage_rules":[],"tiered_pricing_maximum_quantity":null,"tiered_pricing_quantity_step":null,"_links":{"self":[{"href":"https:\/\/fizzyvape.eu\/nl\/wp-json\/wp\/v2\/product\/36895","targetHints":{"allow":["GET"]}}],"collection":[{"href":"https:\/\/fizzyvape.eu\/nl\/wp-json\/wp\/v2\/product"}],"about":[{"href":"https:\/\/fizzyvape.eu\/nl\/wp-json\/wp\/v2\/types\/product"}],"replies":[{"embeddable":true,"href":"https:\/\/fizzyvape.eu\/nl\/wp-json\/wp\/v2\/comments?post=36895"}],"version-history":[{"count":2,"href":"https:\/\/fizzyvape.eu\/nl\/wp-json\/wp\/v2\/product\/36895\/revisions"}],"predecessor-version":[{"id":37735,"href":"https:\/\/fizzyvape.eu\/nl\/wp-json\/wp\/v2\/product\/36895\/revisions\/37735"}],"wp:featuredmedia":[{"embeddable":true,"href":"https:\/\/fizzyvape.eu\/nl\/wp-json\/wp\/v2\/media\/32577"}],"wp:attachment":[{"href":"https:\/\/fizzyvape.eu\/nl\/wp-json\/wp\/v2\/media?parent=36895"}],"wp:term":[{"taxonomy":"product_brand","embeddable":true,"href":"https:\/\/fizzyvape.eu\/nl\/wp-json\/wp\/v2\/product_brand?post=36895"},{"taxonomy":"product_cat","embeddable":true,"href":"https:\/\/fizzyvape.eu\/nl\/wp-json\/wp\/v2\/product_cat?post=36895"},{"taxonomy":"product_tag","embeddable":true,"href":"https:\/\/fizzyvape.eu\/nl\/wp-json\/wp\/v2\/product_tag?post=36895"}],"curies":[{"name":"wp","href":"https:\/\/api.w.org\/{rel}","templated":true}]}}