{"id":23507,"date":"2025-04-08T09:39:29","date_gmt":"2025-04-08T01:39:29","guid":{"rendered":"https:\/\/fizzyvape.eu\/sledzenie-zamowien\/"},"modified":"2025-04-17T17:49:56","modified_gmt":"2025-04-17T09:49:56","slug":"sledzenie-zamowien","status":"publish","type":"page","link":"https:\/\/fizzyvape.eu\/pl\/sledzenie-zamowien\/","title":{"rendered":"\u015aledzenie zam\u00f3wie\u0144"},"content":{"rendered":"\t\t<div data-elementor-type=\"wp-page\" data-elementor-id=\"23507\" class=\"elementor elementor-23507 elementor-16858\" data-elementor-post-type=\"page\">\n\t\t\t\t<div class=\"wd-negative-gap elementor-element elementor-element-8b6885e e-flex e-con-boxed e-con e-parent\" data-id=\"8b6885e\" data-element_type=\"container\">\n\t\t\t\t\t<div class=\"e-con-inner\">\n\t\t\t\t<div class=\"elementor-element elementor-element-76ac259 elementor-widget elementor-widget-shortcode\" data-id=\"76ac259\" data-element_type=\"widget\" data-widget_type=\"shortcode.default\">\n\t\t\t\t<div class=\"elementor-widget-container\">\n\t\t\t\t\t\t\t<div class=\"elementor-shortcode\">\n<div class=\"yith-ywot-check-tracking-info-form-container\">\n\t<div class=\"ywot-check-tracking-info-form\">\n\t\t<form method=\"post\" name=\"form-check-tracking-info\">\n\t\t\t<div class=\"ywot-check-tracking-info-form-email\">\n\t\t\t\t<label for=\"ywot-check-email\">Enter your email: <\/label>\n\t\t\t\t<input type=\"email\" name=\"ywot-check-email\" id=\"ywot-check-email\">\n\t\t\t<\/div>\n\t\t\t<div class=\"ywot-check-tracking-info-form-order-id\">\n\t\t\t\t<label for=\"ywot-check-order-id\">Enter your order ID: <\/label>\n\t\t\t\t<input type=\"text\" name=\"ywot-check-order-id\" id=\"ywot-check-order-id\">\n\t\t\t<\/div>\n\t\t\t<button class=\"button\" type=\"submit\">Track order<\/button>\n\t\t<\/form>\n\t<\/div>\n<\/div>\n\n<\/div>\n\t\t\t\t\t\t<\/div>\n\t\t\t\t<\/div>\n\t\t\t\t\t<\/div>\n\t\t\t\t<\/div>\n\t\t\t\t<\/div>\n\t\t","protected":false},"excerpt":{"rendered":"","protected":false},"author":3,"featured_media":0,"parent":0,"menu_order":0,"comment_status":"closed","ping_status":"closed","template":"","meta":{"iawp_total_views":0,"footnotes":""},"class_list":["post-23507","page","type-page","status-publish","hentry"],"yoast_head":"<!-- This site is optimized with the Yoast SEO Premium plugin v24.8 (Yoast SEO v24.8) - https:\/\/yoast.com\/wordpress\/plugins\/seo\/ -->\n<title>\u015aledzenie zam\u00f3wie\u0144 - fizzyvape.eu<\/title>\n<meta name=\"robots\" content=\"index, follow, max-snippet:-1, max-image-preview:large, max-video-preview:-1\" \/>\n<link rel=\"canonical\" href=\"https:\/\/fizzyvape.eu\/pl\/sledzenie-zamowien\/\" \/>\n<meta property=\"og:locale\" content=\"pl_PL\" \/>\n<meta property=\"og:type\" content=\"article\" \/>\n<meta property=\"og:title\" content=\"\u015aledzenie zam\u00f3wie\u0144\" \/>\n<meta property=\"og:url\" content=\"https:\/\/fizzyvape.eu\/pl\/sledzenie-zamowien\/\" \/>\n<meta property=\"og:site_name\" content=\"fizzyvape.eu\" \/>\n<meta property=\"article:modified_time\" content=\"2025-04-17T09:49:56+00:00\" \/>\n<meta name=\"twitter:card\" content=\"summary_large_image\" \/>\n<script type=\"application\/ld+json\" class=\"yoast-schema-graph\">{\"@context\":\"https:\/\/schema.org\",\"@graph\":[{\"@type\":\"WebPage\",\"@id\":\"https:\/\/fizzyvape.eu\/pl\/sledzenie-zamowien\/\",\"url\":\"https:\/\/fizzyvape.eu\/pl\/sledzenie-zamowien\/\",\"name\":\"\u015aledzenie zam\u00f3wie\u0144 - fizzyvape.eu\",\"isPartOf\":{\"@id\":\"https:\/\/www.fizzyvape.eu\/pl\/#website\"},\"datePublished\":\"2025-04-08T01:39:29+00:00\",\"dateModified\":\"2025-04-17T09:49:56+00:00\",\"breadcrumb\":{\"@id\":\"https:\/\/fizzyvape.eu\/pl\/sledzenie-zamowien\/#breadcrumb\"},\"inLanguage\":\"pl-PL\",\"potentialAction\":[{\"@type\":\"ReadAction\",\"target\":[\"https:\/\/fizzyvape.eu\/pl\/sledzenie-zamowien\/\"]}]},{\"@type\":\"BreadcrumbList\",\"@id\":\"https:\/\/fizzyvape.eu\/pl\/sledzenie-zamowien\/#breadcrumb\",\"itemListElement\":[{\"@type\":\"ListItem\",\"position\":1,\"name\":\"Home\",\"item\":\"https:\/\/fizzyvape.eu\/pl\/\"},{\"@type\":\"ListItem\",\"position\":2,\"name\":\"\u015aledzenie zam\u00f3wie\u0144\"}]},{\"@type\":\"WebSite\",\"@id\":\"https:\/\/www.fizzyvape.eu\/pl\/#website\",\"url\":\"https:\/\/www.fizzyvape.eu\/pl\/\",\"name\":\"fizzyvape.eu\",\"description\":\"Refreshing Vapes. Unforgettable Taste.\",\"publisher\":{\"@id\":\"https:\/\/www.fizzyvape.eu\/pl\/#organization\"},\"potentialAction\":[{\"@type\":\"SearchAction\",\"target\":{\"@type\":\"EntryPoint\",\"urlTemplate\":\"https:\/\/www.fizzyvape.eu\/pl\/?s={search_term_string}\"},\"query-input\":{\"@type\":\"PropertyValueSpecification\",\"valueRequired\":true,\"valueName\":\"search_term_string\"}}],\"inLanguage\":\"pl-PL\"},{\"@type\":\"Organization\",\"@id\":\"https:\/\/www.fizzyvape.eu\/pl\/#organization\",\"name\":\"fizzyvape.eu\",\"url\":\"https:\/\/www.fizzyvape.eu\/pl\/\",\"logo\":{\"@type\":\"ImageObject\",\"inLanguage\":\"pl-PL\",\"@id\":\"https:\/\/www.fizzyvape.eu\/pl\/#\/schema\/logo\/image\/\",\"url\":\"https:\/\/fizzyvape.eu\/wp-content\/uploads\/2019\/06\/print-1.svg\",\"contentUrl\":\"https:\/\/fizzyvape.eu\/wp-content\/uploads\/2019\/06\/print-1.svg\",\"width\":124,\"height\":37,\"caption\":\"fizzyvape.eu\"},\"image\":{\"@id\":\"https:\/\/www.fizzyvape.eu\/pl\/#\/schema\/logo\/image\/\"}}]}<\/script>\n<!-- \/ Yoast SEO Premium plugin. -->","yoast_head_json":{"title":"\u015aledzenie zam\u00f3wie\u0144 - fizzyvape.eu","robots":{"index":"index","follow":"follow","max-snippet":"max-snippet:-1","max-image-preview":"max-image-preview:large","max-video-preview":"max-video-preview:-1"},"canonical":"https:\/\/fizzyvape.eu\/pl\/sledzenie-zamowien\/","og_locale":"pl_PL","og_type":"article","og_title":"\u015aledzenie zam\u00f3wie\u0144","og_url":"https:\/\/fizzyvape.eu\/pl\/sledzenie-zamowien\/","og_site_name":"fizzyvape.eu","article_modified_time":"2025-04-17T09:49:56+00:00","twitter_card":"summary_large_image","schema":{"@context":"https:\/\/schema.org","@graph":[{"@type":"WebPage","@id":"https:\/\/fizzyvape.eu\/pl\/sledzenie-zamowien\/","url":"https:\/\/fizzyvape.eu\/pl\/sledzenie-zamowien\/","name":"\u015aledzenie zam\u00f3wie\u0144 - fizzyvape.eu","isPartOf":{"@id":"https:\/\/www.fizzyvape.eu\/pl\/#website"},"datePublished":"2025-04-08T01:39:29+00:00","dateModified":"2025-04-17T09:49:56+00:00","breadcrumb":{"@id":"https:\/\/fizzyvape.eu\/pl\/sledzenie-zamowien\/#breadcrumb"},"inLanguage":"pl-PL","potentialAction":[{"@type":"ReadAction","target":["https:\/\/fizzyvape.eu\/pl\/sledzenie-zamowien\/"]}]},{"@type":"BreadcrumbList","@id":"https:\/\/fizzyvape.eu\/pl\/sledzenie-zamowien\/#breadcrumb","itemListElement":[{"@type":"ListItem","position":1,"name":"Home","item":"https:\/\/fizzyvape.eu\/pl\/"},{"@type":"ListItem","position":2,"name":"\u015aledzenie zam\u00f3wie\u0144"}]},{"@type":"WebSite","@id":"https:\/\/www.fizzyvape.eu\/pl\/#website","url":"https:\/\/www.fizzyvape.eu\/pl\/","name":"fizzyvape.eu","description":"Refreshing Vapes. Unforgettable Taste.","publisher":{"@id":"https:\/\/www.fizzyvape.eu\/pl\/#organization"},"potentialAction":[{"@type":"SearchAction","target":{"@type":"EntryPoint","urlTemplate":"https:\/\/www.fizzyvape.eu\/pl\/?s={search_term_string}"},"query-input":{"@type":"PropertyValueSpecification","valueRequired":true,"valueName":"search_term_string"}}],"inLanguage":"pl-PL"},{"@type":"Organization","@id":"https:\/\/www.fizzyvape.eu\/pl\/#organization","name":"fizzyvape.eu","url":"https:\/\/www.fizzyvape.eu\/pl\/","logo":{"@type":"ImageObject","inLanguage":"pl-PL","@id":"https:\/\/www.fizzyvape.eu\/pl\/#\/schema\/logo\/image\/","url":"https:\/\/fizzyvape.eu\/wp-content\/uploads\/2019\/06\/print-1.svg","contentUrl":"https:\/\/fizzyvape.eu\/wp-content\/uploads\/2019\/06\/print-1.svg","width":124,"height":37,"caption":"fizzyvape.eu"},"image":{"@id":"https:\/\/www.fizzyvape.eu\/pl\/#\/schema\/logo\/image\/"}}]}},"_links":{"self":[{"href":"https:\/\/fizzyvape.eu\/pl\/wp-json\/wp\/v2\/pages\/23507","targetHints":{"allow":["GET"]}}],"collection":[{"href":"https:\/\/fizzyvape.eu\/pl\/wp-json\/wp\/v2\/pages"}],"about":[{"href":"https:\/\/fizzyvape.eu\/pl\/wp-json\/wp\/v2\/types\/page"}],"author":[{"embeddable":true,"href":"https:\/\/fizzyvape.eu\/pl\/wp-json\/wp\/v2\/users\/3"}],"replies":[{"embeddable":true,"href":"https:\/\/fizzyvape.eu\/pl\/wp-json\/wp\/v2\/comments?post=23507"}],"version-history":[{"count":0,"href":"https:\/\/fizzyvape.eu\/pl\/wp-json\/wp\/v2\/pages\/23507\/revisions"}],"wp:attachment":[{"href":"https:\/\/fizzyvape.eu\/pl\/wp-json\/wp\/v2\/media?parent=23507"}],"curies":[{"name":"wp","href":"https:\/\/api.w.org\/{rel}","templated":true}]}}