{"id":23527,"date":"2025-03-25T14:25:53","date_gmt":"2025-03-25T06:25:53","guid":{"rendered":"https:\/\/fizzyvape.eu\/polityka-zwrotow-i-refundacji\/"},"modified":"2025-04-14T15:16:54","modified_gmt":"2025-04-14T07:16:54","slug":"polityka-zwrotow-i-refundacji","status":"publish","type":"page","link":"https:\/\/fizzyvape.eu\/pl\/polityka-zwrotow-i-refundacji\/","title":{"rendered":"Polityka zwrot\u00f3w i refundacji"},"content":{"rendered":"\n<p><strong>Data wej\u015bcia w \u017cycie:<\/strong> Niedziela, 15 grudnia 2024 r.<\/p>\n\n<p>W<a href=\"https:\/\/fizzyvape.eu\/pl\/\"> fizzyvape.<\/a>eu d\u0105\u017cymy do zapewnienia wysokiej jako\u015bci produkt\u00f3w i doskona\u0142ej obs\u0142ugi klienta. Je\u015bli nie jeste\u015b zadowolony z zakupu, jeste\u015bmy tutaj, aby pom\u00f3c. Prosimy o dok\u0142adne zapoznanie si\u0119 z nasz\u0105 polityk\u0105 zwrot\u00f3w.  <\/p>\n\n<hr class=\"wp-block-separator has-alpha-channel-opacity\" \/>\n\n<h2 class=\"wp-block-heading\" id=\"h-overview\"><strong>Przegl\u0105d<\/strong><\/h2>\n\n<p>Nasza polityka zwrot\u00f3w trwa 30 dni. Je\u015bli min\u0119\u0142o 30 dni od zakupu, nie mo\u017cemy zaoferowa\u0107 pe\u0142nego zwrotu lub wymiany. <\/p>\n\n<h3 class=\"wp-block-heading\" id=\"h-eligibility-for-returns\"><strong>Kwalifikowalno\u015b\u0107 do zwrot\u00f3w<\/strong><\/h3>\n\n<ul class=\"wp-block-list\">\n<li>Przedmiot musi by\u0107 <strong>nieu\u017cywany<\/strong> i w <strong>takim samym stanie<\/strong>, w jakim zosta\u0142 otrzymany.<\/li>\n\n\n\n<li>Przedmiot musi zosta\u0107 zwr\u00f3cony w <strong>oryginalnym opakowaniu<\/strong>.<\/li>\n\n\n\n<li><strong>Str\u0105ki z otwart\u0105 wewn\u0119trzn\u0105 foli\u0105 cynow\u0105<\/strong> nie kwalifikuj\u0105 si\u0119 do zwrotu.<\/li>\n\n\n\n<li>Do wszystkich zwrot\u00f3w wymagany jest <strong>paragon lub dow\u00f3d zakupu<\/strong>.<\/li>\n<\/ul>\n\n<h3 class=\"wp-block-heading\" id=\"h-important-note\"><strong>Wa\u017cna uwaga<\/strong><\/h3>\n\n<p>Przed zwrotem lub wymian\u0105 produktu nale\u017cy skontaktowa\u0107 si\u0119 <strong>z nami<\/strong>. Nie nale\u017cy odsy\u0142a\u0107 zakupionego produktu do producenta lub na adres podany na naszej stronie internetowej bez autoryzacji. <\/p>\n\n<hr class=\"wp-block-separator has-alpha-channel-opacity\" \/>\n\n<h2 class=\"wp-block-heading\" id=\"h-refunds\"><strong>Zwroty koszt\u00f3w<\/strong><\/h2>\n\n<h3 class=\"wp-block-heading\" id=\"h-process\"><strong>Proces<\/strong><\/h3>\n\n<ol class=\"wp-block-list\">\n<li>Po otrzymaniu i sprawdzeniu zwr\u00f3conego przedmiotu powiadomimy Ci\u0119 e-mailem o zatwierdzeniu lub odrzuceniu zwrotu.<\/li>\n\n\n\n<li>Je\u015bli zwrot zostanie zatwierdzony, zostanie on przetworzony, a \u015brodki zostan\u0105 przelane na pierwotn\u0105 metod\u0119 p\u0142atno\u015bci w okre\u015blonym czasie.<\/li>\n<\/ol>\n\n<h3 class=\"wp-block-heading\" id=\"h-late-or-missing-refunds\"><strong>Op\u00f3\u017anione lub brakuj\u0105ce zwroty<\/strong><\/h3>\n\n<p>Je\u015bli po zatwierdzeniu nie otrzyma\u0142e\u015b zwrotu pieni\u0119dzy:<\/p>\n\n<ol class=\"wp-block-list\">\n<li><strong>Sprawd\u017a<\/strong> ponownie <strong>swoje konto bankowe<\/strong>.<\/li>\n\n\n\n<li>Skontaktuj si\u0119 z <strong>operatorem karty kredytowej<\/strong>; czas przetwarzania mo\u017ce si\u0119 r\u00f3\u017cni\u0107.<\/li>\n\n\n\n<li>Skontaktuj si\u0119 ze swoim <strong>bankiem<\/strong>, poniewa\u017c op\u00f3\u017anienia w przetwarzaniu s\u0105 powszechne.<\/li>\n<\/ol>\n\n<p>Je\u015bli wykona\u0142e\u015b te kroki i nadal nie otrzyma\u0142e\u015b zwrotu pieni\u0119dzy, skontaktuj si\u0119 z nami pod adresem <strong>[Insert Email Address].<\/strong><\/p>\n\n<hr class=\"wp-block-separator has-alpha-channel-opacity\" \/>\n\n<h2 class=\"wp-block-heading\" id=\"h-sale-items\"><strong>Przedmioty wyprzeda\u017cy<\/strong><\/h2>\n\n<p>Zwrotowi podlegaj\u0105 wy\u0142\u0105cznie produkty w <strong>cenie regularnej<\/strong>. Przedmioty z wyprzeda\u017cy nie podlegaj\u0105 zwrotowi. <\/p>\n\n<hr class=\"wp-block-separator has-alpha-channel-opacity\" \/>\n\n<h2 class=\"wp-block-heading\" id=\"h-exchanges\"><strong>Wymiany<\/strong><\/h2>\n\n<p>Wymieniamy produkty tylko wtedy, gdy s\u0105 <strong>wadliwe lub uszkodzone<\/strong>.<\/p>\n\n<ul class=\"wp-block-list\">\n<li>Aby wymieni\u0107 przedmiot, skontaktuj si\u0119 z nami za po\u015brednictwem poczty elektronicznej lub strony kontaktowej.<\/li>\n\n\n\n<li>Wymiany b\u0119d\u0105 realizowane wy\u0142\u0105cznie na <strong>ten sam przedmiot<\/strong>.<\/li>\n<\/ul>\n\n<hr class=\"wp-block-separator has-alpha-channel-opacity\" \/>\n\n<h2 class=\"wp-block-heading\" id=\"h-gifts\"><strong>Prezenty<\/strong><\/h2>\n\n<p>Je\u015bli zam\u00f3wienie obejmuje <strong>prezent<\/strong> lub <strong>kart\u0119 podarunkow\u0105<\/strong>, zastrzegamy sobie prawo do wycofania prezentu lub potr\u0105cenia jego kosztu, je\u015bli zam\u00f3wienie zostanie anulowane lub zwr\u00f3cone.<\/p>\n\n<hr class=\"wp-block-separator has-alpha-channel-opacity\" \/>\n\n<h2 class=\"wp-block-heading\" id=\"h-shipping-returns\"><strong>Wysy\u0142ka, zwroty<\/strong><\/h2>\n\n<ul class=\"wp-block-list\">\n<li>Skontaktuj si\u0119 z nami, aby uzyska\u0107 <strong>adres zwrotny<\/strong> przed odes\u0142aniem produktu.<\/li>\n\n\n\n<li>U\u017cytkownik jest odpowiedzialny za pokrycie <strong>koszt\u00f3w wysy\u0142ki<\/strong> zwi\u0105zanych ze zwrotem produktu. Koszty wysy\u0142ki <strong>nie podlegaj\u0105 zwrotowi<\/strong>. Je\u015bli otrzymasz zwrot pieni\u0119dzy, koszt wysy\u0142ki zwrotnej zostanie odj\u0119ty od kwoty zwrotu.  <\/li>\n<\/ul>\n\n<h3 class=\"wp-block-heading\" id=\"h-shipping-timeframes\"><strong>Ramy czasowe wysy\u0142ki<\/strong><\/h3>\n\n<p>Czas potrzebny na dotarcie wymienianych przedmiot\u00f3w mo\u017ce si\u0119 r\u00f3\u017cni\u0107 w zale\u017cno\u015bci od lokalizacji.<\/p>\n\n<hr class=\"wp-block-separator has-alpha-channel-opacity\" \/>\n\n<h2 class=\"wp-block-heading\" id=\"h-need-help\"><strong>Potrzebujesz pomocy?<\/strong><\/h2>\n\n<p>Je\u015bli masz jakiekolwiek pytania dotycz\u0105ce zwrot\u00f3w, zwrot\u00f3w lub wymian, skontaktuj si\u0119 z nami za po\u015brednictwem strony <a href=\"https:\/\/fizzyvape.eu\/pl\/skontaktuj-sie-z-nami\/\"><strong>Strona kontaktowa<\/strong><\/a> lub napisz do nas na adres <strong><a>[shop@fizzyvape.com]<\/a><\/strong>.<\/p>\n\n<p><\/p>\n","protected":false},"excerpt":{"rendered":"<p>Data wej\u015bcia w \u017cycie: Niedziela, 15 grudnia 2024 r. W fizzyvape.eu d\u0105\u017cymy do zapewnienia wysokiej jako\u015bci produkt\u00f3w i doskona\u0142ej obs\u0142ugi<\/p>\n","protected":false},"author":1,"featured_media":0,"parent":0,"menu_order":0,"comment_status":"closed","ping_status":"closed","template":"","meta":{"iawp_total_views":0,"footnotes":""},"class_list":["post-23527","page","type-page","status-publish","hentry"],"yoast_head":"<!-- This site is optimized with the Yoast SEO Premium plugin v24.8 (Yoast SEO v24.8) - https:\/\/yoast.com\/wordpress\/plugins\/seo\/ -->\n<title>Polityka zwrot\u00f3w i refundacji - fizzyvape.eu<\/title>\n<meta name=\"robots\" content=\"index, follow, max-snippet:-1, max-image-preview:large, max-video-preview:-1\" \/>\n<link rel=\"canonical\" href=\"https:\/\/fizzyvape.eu\/pl\/polityka-zwrotow-i-refundacji\/\" \/>\n<meta property=\"og:locale\" content=\"pl_PL\" \/>\n<meta property=\"og:type\" content=\"article\" \/>\n<meta property=\"og:title\" content=\"Polityka zwrot\u00f3w i refundacji\" \/>\n<meta property=\"og:description\" content=\"Data wej\u015bcia w \u017cycie: Niedziela, 15 grudnia 2024 r. W fizzyvape.eu d\u0105\u017cymy do zapewnienia wysokiej jako\u015bci produkt\u00f3w i doskona\u0142ej obs\u0142ugi\" \/>\n<meta property=\"og:url\" content=\"https:\/\/fizzyvape.eu\/pl\/polityka-zwrotow-i-refundacji\/\" \/>\n<meta property=\"og:site_name\" content=\"fizzyvape.eu\" \/>\n<meta property=\"article:modified_time\" content=\"2025-04-14T07:16:54+00:00\" \/>\n<meta name=\"twitter:card\" content=\"summary_large_image\" \/>\n<meta name=\"twitter:label1\" content=\"Szacowany czas czytania\" \/>\n\t<meta name=\"twitter:data1\" content=\"2 minuty\" \/>\n<script type=\"application\/ld+json\" class=\"yoast-schema-graph\">{\"@context\":\"https:\/\/schema.org\",\"@graph\":[{\"@type\":\"WebPage\",\"@id\":\"https:\/\/fizzyvape.eu\/pl\/polityka-zwrotow-i-refundacji\/\",\"url\":\"https:\/\/fizzyvape.eu\/pl\/polityka-zwrotow-i-refundacji\/\",\"name\":\"Polityka zwrot\u00f3w i refundacji - fizzyvape.eu\",\"isPartOf\":{\"@id\":\"https:\/\/www.fizzyvape.eu\/pl\/#website\"},\"datePublished\":\"2025-03-25T06:25:53+00:00\",\"dateModified\":\"2025-04-14T07:16:54+00:00\",\"breadcrumb\":{\"@id\":\"https:\/\/fizzyvape.eu\/pl\/polityka-zwrotow-i-refundacji\/#breadcrumb\"},\"inLanguage\":\"pl-PL\",\"potentialAction\":[{\"@type\":\"ReadAction\",\"target\":[\"https:\/\/fizzyvape.eu\/pl\/polityka-zwrotow-i-refundacji\/\"]}]},{\"@type\":\"BreadcrumbList\",\"@id\":\"https:\/\/fizzyvape.eu\/pl\/polityka-zwrotow-i-refundacji\/#breadcrumb\",\"itemListElement\":[{\"@type\":\"ListItem\",\"position\":1,\"name\":\"Home\",\"item\":\"https:\/\/fizzyvape.eu\/pl\/\"},{\"@type\":\"ListItem\",\"position\":2,\"name\":\"Polityka zwrot\u00f3w i refundacji\"}]},{\"@type\":\"WebSite\",\"@id\":\"https:\/\/www.fizzyvape.eu\/pl\/#website\",\"url\":\"https:\/\/www.fizzyvape.eu\/pl\/\",\"name\":\"fizzyvape.eu\",\"description\":\"Refreshing Vapes. Unforgettable Taste.\",\"publisher\":{\"@id\":\"https:\/\/www.fizzyvape.eu\/pl\/#organization\"},\"potentialAction\":[{\"@type\":\"SearchAction\",\"target\":{\"@type\":\"EntryPoint\",\"urlTemplate\":\"https:\/\/www.fizzyvape.eu\/pl\/?s={search_term_string}\"},\"query-input\":{\"@type\":\"PropertyValueSpecification\",\"valueRequired\":true,\"valueName\":\"search_term_string\"}}],\"inLanguage\":\"pl-PL\"},{\"@type\":\"Organization\",\"@id\":\"https:\/\/www.fizzyvape.eu\/pl\/#organization\",\"name\":\"fizzyvape.eu\",\"url\":\"https:\/\/www.fizzyvape.eu\/pl\/\",\"logo\":{\"@type\":\"ImageObject\",\"inLanguage\":\"pl-PL\",\"@id\":\"https:\/\/www.fizzyvape.eu\/pl\/#\/schema\/logo\/image\/\",\"url\":\"https:\/\/fizzyvape.eu\/wp-content\/uploads\/2019\/06\/print-1.svg\",\"contentUrl\":\"https:\/\/fizzyvape.eu\/wp-content\/uploads\/2019\/06\/print-1.svg\",\"width\":124,\"height\":37,\"caption\":\"fizzyvape.eu\"},\"image\":{\"@id\":\"https:\/\/www.fizzyvape.eu\/pl\/#\/schema\/logo\/image\/\"}}]}<\/script>\n<!-- \/ Yoast SEO Premium plugin. -->","yoast_head_json":{"title":"Polityka zwrot\u00f3w i refundacji - fizzyvape.eu","robots":{"index":"index","follow":"follow","max-snippet":"max-snippet:-1","max-image-preview":"max-image-preview:large","max-video-preview":"max-video-preview:-1"},"canonical":"https:\/\/fizzyvape.eu\/pl\/polityka-zwrotow-i-refundacji\/","og_locale":"pl_PL","og_type":"article","og_title":"Polityka zwrot\u00f3w i refundacji","og_description":"Data wej\u015bcia w \u017cycie: Niedziela, 15 grudnia 2024 r. W fizzyvape.eu d\u0105\u017cymy do zapewnienia wysokiej jako\u015bci produkt\u00f3w i doskona\u0142ej obs\u0142ugi","og_url":"https:\/\/fizzyvape.eu\/pl\/polityka-zwrotow-i-refundacji\/","og_site_name":"fizzyvape.eu","article_modified_time":"2025-04-14T07:16:54+00:00","twitter_card":"summary_large_image","twitter_misc":{"Szacowany czas czytania":"2 minuty"},"schema":{"@context":"https:\/\/schema.org","@graph":[{"@type":"WebPage","@id":"https:\/\/fizzyvape.eu\/pl\/polityka-zwrotow-i-refundacji\/","url":"https:\/\/fizzyvape.eu\/pl\/polityka-zwrotow-i-refundacji\/","name":"Polityka zwrot\u00f3w i refundacji - fizzyvape.eu","isPartOf":{"@id":"https:\/\/www.fizzyvape.eu\/pl\/#website"},"datePublished":"2025-03-25T06:25:53+00:00","dateModified":"2025-04-14T07:16:54+00:00","breadcrumb":{"@id":"https:\/\/fizzyvape.eu\/pl\/polityka-zwrotow-i-refundacji\/#breadcrumb"},"inLanguage":"pl-PL","potentialAction":[{"@type":"ReadAction","target":["https:\/\/fizzyvape.eu\/pl\/polityka-zwrotow-i-refundacji\/"]}]},{"@type":"BreadcrumbList","@id":"https:\/\/fizzyvape.eu\/pl\/polityka-zwrotow-i-refundacji\/#breadcrumb","itemListElement":[{"@type":"ListItem","position":1,"name":"Home","item":"https:\/\/fizzyvape.eu\/pl\/"},{"@type":"ListItem","position":2,"name":"Polityka zwrot\u00f3w i refundacji"}]},{"@type":"WebSite","@id":"https:\/\/www.fizzyvape.eu\/pl\/#website","url":"https:\/\/www.fizzyvape.eu\/pl\/","name":"fizzyvape.eu","description":"Refreshing Vapes. Unforgettable Taste.","publisher":{"@id":"https:\/\/www.fizzyvape.eu\/pl\/#organization"},"potentialAction":[{"@type":"SearchAction","target":{"@type":"EntryPoint","urlTemplate":"https:\/\/www.fizzyvape.eu\/pl\/?s={search_term_string}"},"query-input":{"@type":"PropertyValueSpecification","valueRequired":true,"valueName":"search_term_string"}}],"inLanguage":"pl-PL"},{"@type":"Organization","@id":"https:\/\/www.fizzyvape.eu\/pl\/#organization","name":"fizzyvape.eu","url":"https:\/\/www.fizzyvape.eu\/pl\/","logo":{"@type":"ImageObject","inLanguage":"pl-PL","@id":"https:\/\/www.fizzyvape.eu\/pl\/#\/schema\/logo\/image\/","url":"https:\/\/fizzyvape.eu\/wp-content\/uploads\/2019\/06\/print-1.svg","contentUrl":"https:\/\/fizzyvape.eu\/wp-content\/uploads\/2019\/06\/print-1.svg","width":124,"height":37,"caption":"fizzyvape.eu"},"image":{"@id":"https:\/\/www.fizzyvape.eu\/pl\/#\/schema\/logo\/image\/"}}]}},"_links":{"self":[{"href":"https:\/\/fizzyvape.eu\/pl\/wp-json\/wp\/v2\/pages\/23527","targetHints":{"allow":["GET"]}}],"collection":[{"href":"https:\/\/fizzyvape.eu\/pl\/wp-json\/wp\/v2\/pages"}],"about":[{"href":"https:\/\/fizzyvape.eu\/pl\/wp-json\/wp\/v2\/types\/page"}],"author":[{"embeddable":true,"href":"https:\/\/fizzyvape.eu\/pl\/wp-json\/wp\/v2\/users\/1"}],"replies":[{"embeddable":true,"href":"https:\/\/fizzyvape.eu\/pl\/wp-json\/wp\/v2\/comments?post=23527"}],"version-history":[{"count":0,"href":"https:\/\/fizzyvape.eu\/pl\/wp-json\/wp\/v2\/pages\/23527\/revisions"}],"wp:attachment":[{"href":"https:\/\/fizzyvape.eu\/pl\/wp-json\/wp\/v2\/media?parent=23527"}],"curies":[{"name":"wp","href":"https:\/\/api.w.org\/{rel}","templated":true}]}}