{"id":24556,"date":"2025-04-09T09:36:02","date_gmt":"2025-04-09T01:36:02","guid":{"rendered":"https:\/\/fizzyvape.eu\/product\/fizzy-great-10000-drazetek-50-sztuk\/"},"modified":"2025-04-09T09:36:02","modified_gmt":"2025-04-09T01:36:02","slug":"fizzy-great-10000-drazetek-50-sztuk","status":"publish","type":"product","link":"https:\/\/fizzyvape.eu\/pl\/produkt\/fizzy-great-10000-drazetek-50-sztuk\/","title":{"rendered":"Fizzy Great 10000 dra\u017cetek &#8211; 50 sztuk"},"content":{"rendered":"<div>\n<h1><strong>Fizzy Great 10000 Puffs &#8211; 50szt Mystery Flavor Blind Box<\/strong><\/h1>\n<p>Rozpakuj <strong>50 wysokiej jako\u015bci jednorazowych waporyzator\u00f3w<\/strong> w limitowanym <strong>pude\u0142ku Fizzy Great Mystery Flavor Blind Box<\/strong>! Ka\u017cde urz\u0105dzenie zapewnia <strong>10 000 ultra-g\u0142adkich zaci\u0105gni\u0119\u0107<\/strong> doskona\u0142ym smakiem stworzonym w laboratorium &#8211; losowo wybranym z najlepiej sprzedaj\u0105cej si\u0119 linii Fizzy Great. Czy otrzymasz <strong>Juicy Watermelon<\/strong>, <strong>Tropical Pineapple Peach<\/strong> lub <strong>Icy Blueberry<\/strong>? Ekscytacja jest cz\u0119\u015bci\u0105 do\u015bwiadczenia!  <\/p>\n<h2><strong>Kluczowe cechy<\/strong><\/h2>\n<p><strong>50 x 10 000 puff\u00f3w<\/strong> &#8211; pakiet o ogromnej warto\u015bci (\u0142\u0105cznie ponad 500 000 puff\u00f3w!).<br \/>\n<strong>10 smak\u00f3w premium<\/strong> &#8211; losowo wybranych spo\u015br\u00f3d bestseller\u00f3w Fizzy Great (pe\u0142na lista poni\u017cej)<br \/>\n<strong>Zero konserwacji<\/strong> &#8211; wst\u0119pnie nape\u0142niony, na\u0142adowany i gotowy do u\u017cycia<br \/>\n<strong>Technologia Mesh Coil<\/strong> &#8211; bogaty, sp\u00f3jny smak i g\u0119ste chmury<br \/>\n<strong>Kompaktowy i przyjazny w podr\u00f3\u017cy<\/strong> &#8211; zgodny z TSA (tam, gdzie jest to dozwolone) <\/p>\n<h3><strong>Dlaczego warto wybra\u0107 Mystery Blind Box?<\/strong><\/h3>\n<p>\ud83c\udf81 <strong>Element zaskoczenia<\/strong>: Nigdy si\u0119 nie nudzisz &#8211; ka\u017cde urz\u0105dzenie to smakowita przygoda!<br \/>\n\ud83d\udcb0 <strong>Oszcz\u0119dno\u015bci hurtowe<\/strong>: 50 urz\u0105dze\u0144 za u\u0142amek ceny detalicznej.<br \/>\n\ud83d\udce6 <strong>Gotowy do sprzeda\u017cy<\/strong>: Produkt o wysokim popycie i nieodpartej atrakcyjno\u015bci po rozpakowaniu.<\/p>\n<\/div>\n<div>\n<h3>Specyfikacja<\/h3>\n<table>\n<tbody>\n<tr>\n<td>Puffy<\/td>\n<td><strong>10000+ Puffs<\/strong><\/td>\n<\/tr>\n<tr>\n<td>Pojemno\u015b\u0107 e-p\u0142ynu<\/td>\n<td><strong>18ml<\/strong><\/td>\n<\/tr>\n<tr>\n<td>Pojemno\u015b\u0107 baterii<\/td>\n<td><strong>650 mAh<\/strong><\/td>\n<\/tr>\n<tr>\n<td>Siatkowa cewka<\/td>\n<td><strong>1.4\u03a9<\/strong><\/td>\n<\/tr>\n<tr>\n<td>Rozmiar<\/td>\n<td><strong>53*30*85.3mm<\/strong><\/td>\n<\/tr>\n<tr>\n<td>Jednorazowe czy nie?<\/td>\n<td><strong>Jednorazowy<\/strong><\/td>\n<\/tr>\n<tr>\n<td>Metoda \u0142adowania<\/td>\n<td><strong>Kabel<\/strong><\/td>\n<\/tr>\n<tr>\n<td>Metoda aktywacji<\/td>\n<td><strong>AcidSensor<\/strong><\/td>\n<\/tr>\n<tr>\n<td>Poziom nikotyny<\/td>\n<td><strong>2% (20 mg\/ml) i 5% (50 mg\/ml)<\/strong><\/td>\n<\/tr>\n<tr>\n<td>Smaki<\/td>\n<td><strong>10<\/strong><\/td>\n<\/tr>\n<tr>\n<td>Pakowanie<\/td>\n<td><strong>1 opakowanie<\/strong><\/td>\n<\/tr>\n<tr>\n<td>Czas \u0142adowania<\/td>\n<td><strong>2 godziny<\/strong><\/td>\n<\/tr>\n<tr>\n<td>Przechowywanie<\/td>\n<td><strong>Unika\u0107 \u015brodowiska o wysokiej temperaturze i przechowywa\u0107 w ch\u0142odnym i suchym miejscu.<\/strong><\/td>\n<\/tr>\n<tr>\n<td>Osoby, kt\u00f3rym zabrania si\u0119 stosowania<\/td>\n<td><strong>Osoby niepe\u0142noletnie, kobiety w ci\u0105\u017cy i osoby uczulone na sk\u0142adniki produktu.<\/strong><\/td>\n<\/tr>\n<tr>\n<td>Uwaga<\/td>\n<td><strong>Nie po\u0142yka\u0107 tej substancji. W przypadku po\u0142kni\u0119cia nale\u017cy natychmiast dok\u0142adnie wyp\u0142uka\u0107 usta. W przypadku z\u0142ego samopoczucia nale\u017cy skontaktowa\u0107 si\u0119 z lekarzem.  <\/strong><\/td>\n<\/tr>\n<\/tbody>\n<\/table>\n<h3>Lista smak\u00f3w <strong>Fizzy Great<\/strong> 10000 Puffs:<\/h3>\n<ol>\n<li><a href=\"https:\/\/fizzyvape.eu\/pl\/produkt\/fizzy-great-watermelon-10000-puffow\/\">Arbuz<\/a><\/li>\n<li><a href=\"https:\/\/fizzyvape.eu\/pl\/produkt\/fizzy-great-blueberry-ice-10000-puffow\/\">L\u00f3d jagodowy<\/a><\/li>\n<li><a href=\"https:\/\/fizzyvape.eu\/pl\/produkt\/fizzy-great-grape-ice-10000-zaciagniec\/\">L\u00f3d winogronowy<\/a><\/li>\n<li><a href=\"https:\/\/fizzyvape.eu\/pl\/produkt\/fizzy-great-lychee-lemon-10000-puffow\/\">Lychee Lemon<\/a><\/li>\n<li><a href=\"https:\/\/fizzyvape.eu\/pl\/produkt\/fizzy-great-pineapple-peach-passion-fruit-10000-puffow\/\">Ananas Brzoskwinia Marakuja<\/a><\/li>\n<li><a href=\"https:\/\/fizzyvape.eu\/pl\/produkt\/fizzy-great-raspberry-grape-10000-puffow\/\">Malina winogrono<\/a><\/li>\n<li><a href=\"https:\/\/fizzyvape.eu\/pl\/produkt\/fizzy-great-peach-10000-puffow\/\">Brzoskwinia<\/a><\/li>\n<li><a href=\"https:\/\/fizzyvape.eu\/pl\/produkt\/fizzy-great-mango-peach-10000-puffow\/\">Mango Brzoskwinia<\/a><\/li>\n<li><a href=\"https:\/\/fizzyvape.eu\/pl\/produkt\/fizzy-great-mixed-berry-10000-puffow\/\">Mixed Berry<\/a><\/li>\n<li><a href=\"https:\/\/fizzyvape.eu\/pl\/produkt\/fizzy-great-watermelon-strawberry-lemonade-10000-puffow\/\">Lemoniada arbuzowo-truskawkowa<\/a><\/li>\n<\/ol>\n<h3><strong>FAQ na temat <\/strong><strong>Fizzy Great 10000 Puffs <\/strong><strong>Vape<\/strong><\/h3>\n<p>1.  <strong>Jak losowe s\u0105 smaki w blind boxie?<\/strong><br \/>\nKa\u017cde urz\u0105dzenie Fizzy Great 10000 Puffs w \u015blepym pude\u0142ku jest indywidualnie losowane spo\u015br\u00f3d naszych 10 najlepiej sprzedaj\u0105cych si\u0119 smak\u00f3w &#8211; nie gwarantujemy duplikat\u00f3w w jednym pude\u0142ku! Mo\u017cesz rozpakowa\u0107 mieszank\u0119 owocowych, lodowych i tropikalnych smak\u00f3w dla niesko\u0144czonej r\u00f3\u017cnorodno\u015bci. <\/p>\n<p>2.<strong> Czy ten blind box jest wart swojej ceny w por\u00f3wnaniu do zakupu pojedynczych smak\u00f3w?<\/strong><br \/>\nAbsolutnie! Ten 50-pakowy zestaw oferuje ponad 500 000 puff\u00f3w przy znacznej zni\u017cce hurtowej (do 30% od ceny detalicznej). Dodatkowo, tajemniczy element dodaje zabawy do u\u017cytku osobistego lub warto\u015bci odsprzeda\u017cy.  <\/p>\n<p><strong>3. Czy mog\u0119 poprosi\u0107 o okre\u015blone smaki lub ich unika\u0107?<\/strong><br \/>\nPude\u0142ko w ciemno zosta\u0142o zaprojektowane z my\u015bl\u0105 o zaskoczeniu i odkrywaniu, wi\u0119c \u017cyczenia smakowe nie s\u0105 dost\u0119pne. Jednak wszystkie 10 smak\u00f3w to ulubione smaki klient\u00f3w &#8211; od s\u0142odkiego arbuza po orze\u017awiaj\u0105cy l\u00f3d jagodowy &#8211; wi\u0119c nie ma &#8220;z\u0142ego&#8221; wyboru! <\/p>\n<p><strong>4. Na jak d\u0142ugo wystarczy 50 urz\u0105dze\u0144 dla jednej osoby?<\/strong><br \/>\nDla umiarkowanych vaper\u00f3w (~500 zaci\u0105gni\u0119\u0107\/dzie\u0144) ten zestaw wystarcza na ponad 6 miesi\u0119cy. Intensywni u\u017cytkownicy (~1000 zaci\u0105gni\u0119\u0107 dziennie) otrzymuj\u0105 ponad 3 miesi\u0105ce przyjemno\u015bci &#8211; idealne rozwi\u0105zanie do robienia zapas\u00f3w lub dzielenia si\u0119 z przyjaci\u00f3\u0142mi! <\/p>\n<\/div>\n","protected":false},"excerpt":{"rendered":"<p><strong>Fizzy Great 10000 Puffs &#8211; 50-cz\u0119\u015bciowy Mystery Flavor Blind Box<\/strong><br \/>\nRozpakuj <strong>50 jednorazowych waporyzator\u00f3w premium<\/strong> w tym <strong>limitowanym tajemniczym pakiecie &#8211; ka\u017cdy<\/strong>z nich zapewnia <strong>10 000 ultra g\u0142adkich zaci\u0105gni\u0119\u0107<\/strong> doskona\u0142ego smaku stworzonego w laboratorium! Uzyskaj ekscytuj\u0105c\u0105 mieszank\u0119 <strong>10 najlepiej sprzedaj\u0105cych si\u0119 smak\u00f3w<\/strong>, takich jak <strong>Juicy Watermelon, Icy Blueberry i Tropical Pineapple Peach &#8211; wszystkie<\/strong>losowo dobrane dla zaskoczenia i r\u00f3\u017cnorodno\u015bci. Ciesz si\u0119 <strong>ponad 500 000 zaci\u0105gni\u0119\u0107<\/strong>, <strong>zerow\u0105 konserwacj\u0105<\/strong> i <strong>bogatymi chmurami z siatkowej cewki<\/strong> w konstrukcji <strong>przyjaznej dla TSA<\/strong>. Idealny dla <strong>odkrywc\u00f3w smak\u00f3w, nabywc\u00f3w hurtowych i sprzedawc\u00f3w<\/strong>!   <\/p>\n<p>\ud83d\udd25 <strong>Oferta limitowana: 50 sztuk w specjalnej obni\u017conej cenie!<\/strong> \ud83d\udd25<\/p>\n","protected":false},"featured_media":22593,"comment_status":"open","ping_status":"closed","template":"","meta":{"iawp_total_views":0},"product_brand":[],"product_cat":[673,280],"product_tag":[281,282],"class_list":{"0":"post-24556","1":"product","2":"type-product","3":"status-publish","4":"has-post-thumbnail","6":"product_cat-bulk-deals-2-pl","7":"product_cat-great-pl","8":"product_tag-10000-zaciagniec","9":"product_tag-lemoniada-arbuzowo-truskawkowa","11":"first","12":"outofstock","13":"sale","14":"shipping-taxable","15":"purchasable","16":"product-type-variable"},"yoast_head":"<!-- This site is optimized with the Yoast SEO Premium plugin v24.8 (Yoast SEO v24.8) - https:\/\/yoast.com\/wordpress\/plugins\/seo\/ -->\n<title>Fizzy Great 10000 dra\u017cetek - 50 sztuk - fizzyvape.eu<\/title>\n<meta name=\"description\" content=\"Fizzy Great Watermelon Strawberry Lemonade 10000 Puffs - letni vape z soczystym arbuzem, truskawk\u0105 i pikantn\u0105 lemoniad\u0105. 50 sztuk w specjalnej cenie!\" \/>\n<meta name=\"robots\" content=\"index, follow, max-snippet:-1, max-image-preview:large, max-video-preview:-1\" \/>\n<link rel=\"canonical\" href=\"https:\/\/fizzyvape.eu\/pl\/produkt\/fizzy-great-10000-drazetek-50-sztuk\/\" \/>\n<meta property=\"og:locale\" content=\"pl_PL\" \/>\n<meta property=\"og:type\" content=\"article\" \/>\n<meta property=\"og:title\" content=\"Fizzy Great 10000 dra\u017cetek - 50 sztuk\" \/>\n<meta property=\"og:description\" content=\"Fizzy Great Watermelon Strawberry Lemonade 10000 Puffs - letni vape z soczystym arbuzem, truskawk\u0105 i pikantn\u0105 lemoniad\u0105. 50 sztuk w specjalnej cenie!\" \/>\n<meta property=\"og:url\" content=\"https:\/\/fizzyvape.eu\/pl\/produkt\/fizzy-great-10000-drazetek-50-sztuk\/\" \/>\n<meta property=\"og:site_name\" content=\"fizzyvape.eu\" \/>\n<meta property=\"og:image\" content=\"https:\/\/fizzyvape.eu\/wp-content\/uploads\/2025\/04\/FizzyVape-Great-10KPuff-Main08.jpg\" \/>\n\t<meta property=\"og:image:width\" content=\"1057\" \/>\n\t<meta property=\"og:image:height\" content=\"1037\" \/>\n\t<meta property=\"og:image:type\" content=\"image\/jpeg\" \/>\n<meta name=\"twitter:card\" content=\"summary_large_image\" \/>\n<meta name=\"twitter:label1\" content=\"Dost\u0119pno\u015b\u0107\" \/>\n\t<meta name=\"twitter:data1\" content=\"Brak w magazynie\" \/>\n<script type=\"application\/ld+json\" class=\"yoast-schema-graph\">{\"@context\":\"https:\/\/schema.org\",\"@graph\":[{\"@type\":\"WebPage\",\"@id\":\"https:\/\/fizzyvape.eu\/pl\/produkt\/fizzy-great-10000-drazetek-50-sztuk\/\",\"url\":\"https:\/\/fizzyvape.eu\/pl\/produkt\/fizzy-great-10000-drazetek-50-sztuk\/\",\"name\":\"Fizzy Great 10000 dra\u017cetek - 50 sztuk - fizzyvape.eu\",\"isPartOf\":{\"@id\":\"https:\/\/www.fizzyvape.eu\/pl\/#website\"},\"primaryImageOfPage\":{\"@id\":\"https:\/\/fizzyvape.eu\/pl\/produkt\/fizzy-great-10000-drazetek-50-sztuk\/#primaryimage\"},\"image\":{\"@id\":\"https:\/\/fizzyvape.eu\/pl\/produkt\/fizzy-great-10000-drazetek-50-sztuk\/#primaryimage\"},\"thumbnailUrl\":\"https:\/\/fizzyvape.eu\/wp-content\/uploads\/2025\/04\/FizzyVape-Great-10KPuff-Main08.jpg\",\"datePublished\":\"2025-04-09T01:36:02+00:00\",\"description\":\"Fizzy Great Watermelon Strawberry Lemonade 10000 Puffs - letni vape z soczystym arbuzem, truskawk\u0105 i pikantn\u0105 lemoniad\u0105. 50 sztuk w specjalnej cenie!\",\"breadcrumb\":{\"@id\":\"https:\/\/fizzyvape.eu\/pl\/produkt\/fizzy-great-10000-drazetek-50-sztuk\/#breadcrumb\"},\"inLanguage\":\"pl-PL\",\"potentialAction\":[{\"@type\":\"ReadAction\",\"target\":[\"https:\/\/fizzyvape.eu\/pl\/produkt\/fizzy-great-10000-drazetek-50-sztuk\/\"]}]},{\"@type\":\"ImageObject\",\"inLanguage\":\"pl-PL\",\"@id\":\"https:\/\/fizzyvape.eu\/pl\/produkt\/fizzy-great-10000-drazetek-50-sztuk\/#primaryimage\",\"url\":\"https:\/\/fizzyvape.eu\/wp-content\/uploads\/2025\/04\/FizzyVape-Great-10KPuff-Main08.jpg\",\"contentUrl\":\"https:\/\/fizzyvape.eu\/wp-content\/uploads\/2025\/04\/FizzyVape-Great-10KPuff-Main08.jpg\",\"width\":1057,\"height\":1037},{\"@type\":\"BreadcrumbList\",\"@id\":\"https:\/\/fizzyvape.eu\/pl\/produkt\/fizzy-great-10000-drazetek-50-sztuk\/#breadcrumb\",\"itemListElement\":[{\"@type\":\"ListItem\",\"position\":1,\"name\":\"Home\",\"item\":\"https:\/\/fizzyvape.eu\/pl\/\"},{\"@type\":\"ListItem\",\"position\":2,\"name\":\"Sklep\",\"item\":\"https:\/\/fizzyvape.eu\/pl\/sklep\/\"},{\"@type\":\"ListItem\",\"position\":3,\"name\":\"Fizzy Great 10000 dra\u017cetek &#8211; 50 sztuk\"}]},{\"@type\":\"WebSite\",\"@id\":\"https:\/\/www.fizzyvape.eu\/pl\/#website\",\"url\":\"https:\/\/www.fizzyvape.eu\/pl\/\",\"name\":\"fizzyvape.eu\",\"description\":\"Refreshing Vapes. Unforgettable Taste.\",\"publisher\":{\"@id\":\"https:\/\/www.fizzyvape.eu\/pl\/#organization\"},\"potentialAction\":[{\"@type\":\"SearchAction\",\"target\":{\"@type\":\"EntryPoint\",\"urlTemplate\":\"https:\/\/www.fizzyvape.eu\/pl\/?s={search_term_string}\"},\"query-input\":{\"@type\":\"PropertyValueSpecification\",\"valueRequired\":true,\"valueName\":\"search_term_string\"}}],\"inLanguage\":\"pl-PL\"},{\"@type\":\"Organization\",\"@id\":\"https:\/\/www.fizzyvape.eu\/pl\/#organization\",\"name\":\"fizzyvape.eu\",\"url\":\"https:\/\/www.fizzyvape.eu\/pl\/\",\"logo\":{\"@type\":\"ImageObject\",\"inLanguage\":\"pl-PL\",\"@id\":\"https:\/\/www.fizzyvape.eu\/pl\/#\/schema\/logo\/image\/\",\"url\":\"https:\/\/fizzyvape.eu\/wp-content\/uploads\/2019\/06\/print-1.svg\",\"contentUrl\":\"https:\/\/fizzyvape.eu\/wp-content\/uploads\/2019\/06\/print-1.svg\",\"width\":124,\"height\":37,\"caption\":\"fizzyvape.eu\"},\"image\":{\"@id\":\"https:\/\/www.fizzyvape.eu\/pl\/#\/schema\/logo\/image\/\"}}]}<\/script>\n<meta property=\"og:availability\" content=\"out of stock\" \/>\n<meta property=\"product:availability\" content=\"out of stock\" \/>\n<meta property=\"product:condition\" content=\"new\" \/>\n<!-- \/ Yoast SEO Premium plugin. -->","yoast_head_json":{"title":"Fizzy Great 10000 dra\u017cetek - 50 sztuk - fizzyvape.eu","description":"Fizzy Great Watermelon Strawberry Lemonade 10000 Puffs - letni vape z soczystym arbuzem, truskawk\u0105 i pikantn\u0105 lemoniad\u0105. 50 sztuk w specjalnej cenie!","robots":{"index":"index","follow":"follow","max-snippet":"max-snippet:-1","max-image-preview":"max-image-preview:large","max-video-preview":"max-video-preview:-1"},"canonical":"https:\/\/fizzyvape.eu\/pl\/produkt\/fizzy-great-10000-drazetek-50-sztuk\/","og_locale":"pl_PL","og_type":"article","og_title":"Fizzy Great 10000 dra\u017cetek - 50 sztuk","og_description":"Fizzy Great Watermelon Strawberry Lemonade 10000 Puffs - letni vape z soczystym arbuzem, truskawk\u0105 i pikantn\u0105 lemoniad\u0105. 50 sztuk w specjalnej cenie!","og_url":"https:\/\/fizzyvape.eu\/pl\/produkt\/fizzy-great-10000-drazetek-50-sztuk\/","og_site_name":"fizzyvape.eu","og_image":[{"width":1057,"height":1037,"url":"https:\/\/fizzyvape.eu\/wp-content\/uploads\/2025\/04\/FizzyVape-Great-10KPuff-Main08.jpg","type":"image\/jpeg"}],"twitter_card":"summary_large_image","twitter_misc":{"Dost\u0119pno\u015b\u0107":"Brak w magazynie"},"schema":{"@context":"https:\/\/schema.org","@graph":[{"@type":"WebPage","@id":"https:\/\/fizzyvape.eu\/pl\/produkt\/fizzy-great-10000-drazetek-50-sztuk\/","url":"https:\/\/fizzyvape.eu\/pl\/produkt\/fizzy-great-10000-drazetek-50-sztuk\/","name":"Fizzy Great 10000 dra\u017cetek - 50 sztuk - fizzyvape.eu","isPartOf":{"@id":"https:\/\/www.fizzyvape.eu\/pl\/#website"},"primaryImageOfPage":{"@id":"https:\/\/fizzyvape.eu\/pl\/produkt\/fizzy-great-10000-drazetek-50-sztuk\/#primaryimage"},"image":{"@id":"https:\/\/fizzyvape.eu\/pl\/produkt\/fizzy-great-10000-drazetek-50-sztuk\/#primaryimage"},"thumbnailUrl":"https:\/\/fizzyvape.eu\/wp-content\/uploads\/2025\/04\/FizzyVape-Great-10KPuff-Main08.jpg","datePublished":"2025-04-09T01:36:02+00:00","description":"Fizzy Great Watermelon Strawberry Lemonade 10000 Puffs - letni vape z soczystym arbuzem, truskawk\u0105 i pikantn\u0105 lemoniad\u0105. 50 sztuk w specjalnej cenie!","breadcrumb":{"@id":"https:\/\/fizzyvape.eu\/pl\/produkt\/fizzy-great-10000-drazetek-50-sztuk\/#breadcrumb"},"inLanguage":"pl-PL","potentialAction":[{"@type":"ReadAction","target":["https:\/\/fizzyvape.eu\/pl\/produkt\/fizzy-great-10000-drazetek-50-sztuk\/"]}]},{"@type":"ImageObject","inLanguage":"pl-PL","@id":"https:\/\/fizzyvape.eu\/pl\/produkt\/fizzy-great-10000-drazetek-50-sztuk\/#primaryimage","url":"https:\/\/fizzyvape.eu\/wp-content\/uploads\/2025\/04\/FizzyVape-Great-10KPuff-Main08.jpg","contentUrl":"https:\/\/fizzyvape.eu\/wp-content\/uploads\/2025\/04\/FizzyVape-Great-10KPuff-Main08.jpg","width":1057,"height":1037},{"@type":"BreadcrumbList","@id":"https:\/\/fizzyvape.eu\/pl\/produkt\/fizzy-great-10000-drazetek-50-sztuk\/#breadcrumb","itemListElement":[{"@type":"ListItem","position":1,"name":"Home","item":"https:\/\/fizzyvape.eu\/pl\/"},{"@type":"ListItem","position":2,"name":"Sklep","item":"https:\/\/fizzyvape.eu\/pl\/sklep\/"},{"@type":"ListItem","position":3,"name":"Fizzy Great 10000 dra\u017cetek &#8211; 50 sztuk"}]},{"@type":"WebSite","@id":"https:\/\/www.fizzyvape.eu\/pl\/#website","url":"https:\/\/www.fizzyvape.eu\/pl\/","name":"fizzyvape.eu","description":"Refreshing Vapes. Unforgettable Taste.","publisher":{"@id":"https:\/\/www.fizzyvape.eu\/pl\/#organization"},"potentialAction":[{"@type":"SearchAction","target":{"@type":"EntryPoint","urlTemplate":"https:\/\/www.fizzyvape.eu\/pl\/?s={search_term_string}"},"query-input":{"@type":"PropertyValueSpecification","valueRequired":true,"valueName":"search_term_string"}}],"inLanguage":"pl-PL"},{"@type":"Organization","@id":"https:\/\/www.fizzyvape.eu\/pl\/#organization","name":"fizzyvape.eu","url":"https:\/\/www.fizzyvape.eu\/pl\/","logo":{"@type":"ImageObject","inLanguage":"pl-PL","@id":"https:\/\/www.fizzyvape.eu\/pl\/#\/schema\/logo\/image\/","url":"https:\/\/fizzyvape.eu\/wp-content\/uploads\/2019\/06\/print-1.svg","contentUrl":"https:\/\/fizzyvape.eu\/wp-content\/uploads\/2019\/06\/print-1.svg","width":124,"height":37,"caption":"fizzyvape.eu"},"image":{"@id":"https:\/\/www.fizzyvape.eu\/pl\/#\/schema\/logo\/image\/"}}]},"og_availability":"out of stock","product_availability":"out of stock","product_condition":"new"},"tiered_pricing_type":"fixed","tiered_pricing_fixed_rules":[],"tiered_pricing_product_settings":{"layout":"default","base_unit_name":{"singular":null,"plural":null},"default_variation":null},"tiered_pricing_minimum_quantity":null,"tiered_pricing_roles_data":[],"tiered_pricing_percentage_rules":[],"tiered_pricing_maximum_quantity":null,"tiered_pricing_quantity_step":null,"_links":{"self":[{"href":"https:\/\/fizzyvape.eu\/pl\/wp-json\/wp\/v2\/product\/24556","targetHints":{"allow":["GET"]}}],"collection":[{"href":"https:\/\/fizzyvape.eu\/pl\/wp-json\/wp\/v2\/product"}],"about":[{"href":"https:\/\/fizzyvape.eu\/pl\/wp-json\/wp\/v2\/types\/product"}],"replies":[{"embeddable":true,"href":"https:\/\/fizzyvape.eu\/pl\/wp-json\/wp\/v2\/comments?post=24556"}],"version-history":[{"count":0,"href":"https:\/\/fizzyvape.eu\/pl\/wp-json\/wp\/v2\/product\/24556\/revisions"}],"wp:featuredmedia":[{"embeddable":true,"href":"https:\/\/fizzyvape.eu\/pl\/wp-json\/wp\/v2\/media\/22593"}],"wp:attachment":[{"href":"https:\/\/fizzyvape.eu\/pl\/wp-json\/wp\/v2\/media?parent=24556"}],"wp:term":[{"taxonomy":"product_brand","embeddable":true,"href":"https:\/\/fizzyvape.eu\/pl\/wp-json\/wp\/v2\/product_brand?post=24556"},{"taxonomy":"product_cat","embeddable":true,"href":"https:\/\/fizzyvape.eu\/pl\/wp-json\/wp\/v2\/product_cat?post=24556"},{"taxonomy":"product_tag","embeddable":true,"href":"https:\/\/fizzyvape.eu\/pl\/wp-json\/wp\/v2\/product_tag?post=24556"}],"curies":[{"name":"wp","href":"https:\/\/api.w.org\/{rel}","templated":true}]}}