{"id":24593,"date":"2025-04-10T11:48:55","date_gmt":"2025-04-10T03:48:55","guid":{"rendered":"https:\/\/fizzyvape.eu\/product\/fizzy-boom-13000-puffow-50-sztuk\/"},"modified":"2025-10-31T18:02:09","modified_gmt":"2025-10-31T10:02:09","slug":"fizzy-boom-13000-puffow-50-sztuk","status":"publish","type":"product","link":"https:\/\/fizzyvape.eu\/pl\/produkt\/fizzy-boom-13000-puffow-50-sztuk\/","title":{"rendered":"Fizzy Boom &#8211; 13000 puff\u00f3w &#8211; 50 sztuk"},"content":{"rendered":"<div>\n<h2><strong>Fizzy Boom 13000 Puffs &#8211; 50szt Mystery Flavor Blind Box<\/strong><\/h2>\n<p>Prze\u017cyj dreszczyk emocji z <strong>50 jednorazowymi waporyzatorami premium Fizzy Boom<\/strong> w tym limitowanym tajemniczym pude\u0142ku &#8211; ka\u017cdy z nich zapewnia <strong>13 000 ultra g\u0142adkich zaci\u0105gni\u0119\u0107<\/strong> o doskona\u0142ym smaku stworzonym w laboratorium! Czy otrzymasz <strong>Juicy Peach<\/strong>, <strong>Icy Blueberry<\/strong> lub <strong>Tropical Watermelon Cherry<\/strong>? Ka\u017cdy unboxing to smakowa przygoda!  <\/p>\n<h3><strong>Kluczowe cechy<\/strong><\/h3>\n<p>\ud83c\udfaa <strong>50 x 13 000<\/strong> <strong>zaci\u0105gni\u0119\u0107<\/strong> &#8211; <strong>\u0142\u0105cznie 650 000+ zaci\u0105gni\u0119\u0107<\/strong> (wystarcza na miesi\u0105ce!).<br \/>\n\ud83c\udf08 <strong>12 smak\u00f3w premium<\/strong> &#8211; losowo wybranych spo\u015br\u00f3d bestseller\u00f3w Fizzy Boom<br \/>\n\u26a1 <strong>Mo\u017cliwo\u015b\u0107 \u0142adowania przez USB-C<\/strong> &#8211; bez marnowania e-cieczy (pojemno\u015b\u0107 21 ml na urz\u0105dzenie)<br \/>\n\ud83c\udf00 <strong>Cewki z podw\u00f3jn\u0105 siatk\u0105<\/strong> &#8211; bogatszy smak i g\u0119stsze chmury<br \/>\n\ud83c\udfa1 <strong>Wzornictwo inspirowane karnawa\u0142em<\/strong> &#8211; \u017cywe kolory, szczelna konstrukcja <\/p>\n<h3><strong>Dlaczego warto wybra\u0107 Blind Box?<\/strong><\/h3>\n<p>\ud83c\udf81 <strong>Czynnik zaskoczenia<\/strong>: Nigdy si\u0119 nie nudzisz &#8211; ka\u017cde urz\u0105dzenie to nowe doznania smakowe!<br \/>\n\ud83d\udcb0 <strong>Rabat hurtowy<\/strong>: Zaoszcz\u0119d\u017a <strong>79%+<\/strong> w por\u00f3wnaniu do zakupu pojedynczych produkt\u00f3w<br \/>\n\ud83d\udce6 <strong>Reseller Ready<\/strong>: Produkt ciesz\u0105cy si\u0119 du\u017cym popytem i ekscytuj\u0105cy po rozpakowaniu <\/p>\n<h3><strong>Opcje nikotyny:<\/strong><\/h3>\n<p>&#8211; 2% (20 mg\/ml) &#8211; P\u0142ynne doznania dla zwyk\u0142ych waper\u00f3w<br \/>\n&#8211; 5% (50 mg\/ml) &#8211; satysfakcjonuj\u0105ce uderzenie w gard\u0142o dla by\u0142ych palaczy<\/p>\n<\/div>\n<div>\n<h3>Specyfikacja<\/h3>\n<table>\n<tbody>\n<tr>\n<td>Puffy<\/td>\n<td><strong>13000+ Puffs<\/strong><\/td>\n<\/tr>\n<tr>\n<td>Pojemno\u015b\u0107 e-p\u0142ynu<\/td>\n<td><strong>21ml<\/strong><\/td>\n<\/tr>\n<tr>\n<td>Pojemno\u015b\u0107 baterii<\/td>\n<td><strong>650 mAh<\/strong><\/td>\n<\/tr>\n<tr>\n<td>Siatkowa cewka<\/td>\n<td><strong>1.4\u03a9<\/strong><\/td>\n<\/tr>\n<tr>\n<td>Rozmiar<\/td>\n<td><strong>52,8*76,5*25 mm<\/strong><\/td>\n<\/tr>\n<tr>\n<td>Jednorazowe czy nie?<\/td>\n<td><strong>Jednorazowy<\/strong><\/td>\n<\/tr>\n<tr>\n<td>Metoda \u0142adowania<\/td>\n<td><strong>Kabel<\/strong><\/td>\n<\/tr>\n<tr>\n<td>Metoda aktywacji<\/td>\n<td><strong>Czujnik<\/strong><\/td>\n<\/tr>\n<tr>\n<td>Poziom nikotyny<\/td>\n<td><strong>2% (20 mg\/ml) i 5% (50 mg\/ml)<\/strong><\/td>\n<\/tr>\n<tr>\n<td>Smaki<\/td>\n<td><strong>12<\/strong><\/td>\n<\/tr>\n<tr>\n<td>Pakowanie<\/td>\n<td><strong>1 opakowanie<\/strong><\/td>\n<\/tr>\n<tr>\n<td>Czas \u0142adowania<\/td>\n<td><strong>2 godziny<\/strong><\/td>\n<\/tr>\n<tr>\n<td>Przechowywanie<\/td>\n<td><strong>Unika\u0107 \u015brodowiska o wysokiej temperaturze i przechowywa\u0107 w ch\u0142odnym i suchym miejscu.<\/strong><\/td>\n<\/tr>\n<tr>\n<td>Osoby, kt\u00f3rym zabrania si\u0119 stosowania<\/td>\n<td><strong>Osoby niepe\u0142noletnie, kobiety w ci\u0105\u017cy i osoby uczulone na sk\u0142adniki produktu.<\/strong><\/td>\n<\/tr>\n<tr>\n<td>Uwaga<\/td>\n<td><strong>Nie po\u0142yka\u0107 tej substancji. W przypadku po\u0142kni\u0119cia nale\u017cy natychmiast dok\u0142adnie wyp\u0142uka\u0107 usta. W przypadku z\u0142ego samopoczucia nale\u017cy skontaktowa\u0107 si\u0119 z lekarzem.  <\/strong><\/td>\n<\/tr>\n<\/tbody>\n<\/table>\n<h3>Lista smak\u00f3w <strong>Fizzy Boom <\/strong>13000 Puffs:<\/h3>\n<ol>\n<li><a href=\"https:\/\/fizzyvape.eu\/pl\/produkt\/fizzy-boom-peach-13000-puffow\/\">Brzoskwinia<\/a><\/li>\n<li><a href=\"https:\/\/fizzyvape.eu\/pl\/produkt\/fizzy-boom-blueberry-ice-13000-puffow\/\">L\u00f3d jagodowy<\/a><\/li>\n<li><a href=\"https:\/\/fizzyvape.eu\/pl\/produkt\/fizzy-boom-grape-ice-13000-puffow\/\">L\u00f3d winogronowy<\/a><\/li>\n<li><a href=\"https:\/\/fizzyvape.eu\/pl\/produkt\/fizzy-boom-strawberry-13000-puffow\/\">Truskawka<\/a><\/li>\n<li><a href=\"https:\/\/fizzyvape.eu\/pl\/produkt\/fizzy-boom-watermelon-ice-13000-puffow\/\">Arbuzowy l\u00f3d<\/a><\/li>\n<li><a href=\"https:\/\/fizzyvape.eu\/pl\/produkt\/fizzy-boom-blueberry-watermelon-bubblegum-13000-puffow\/\">Blueberry Watermelon Bubblegum<\/a><\/li>\n<li><a href=\"https:\/\/fizzyvape.eu\/pl\/produkt\/fizzy-boom-sour-apple-13000-puffow\/\">Kwa\u015bne jab\u0142ko<\/a><\/li>\n<li><a href=\"https:\/\/fizzyvape.eu\/pl\/produkt\/fizzy-boom-watermelon-cherry-13000-puffow\/\">Arbuz Wi\u015bnia<\/a><\/li>\n<li><a href=\"https:\/\/fizzyvape.eu\/pl\/produkt\/fizzy-boom-blueberry-melon-13000-puffow\/\">Melon jagodowy<\/a><\/li>\n<li><a href=\"https:\/\/fizzyvape.eu\/pl\/produkt\/fizzy-boom-kiwi-berry-ice-13000-puffow\/\">Kiwi Berry Ice<\/a><\/li>\n<li><a href=\"https:\/\/fizzyvape.eu\/pl\/produkt\/fizzy-boom-blueberry-raspberry-lemon-13000-puffow\/\">Jagoda Malina Cytryna<\/a><\/li>\n<li><a href=\"https:\/\/fizzyvape.eu\/pl\/produkt\/fizzy-boom-strawberry-watermelon-pomegranate-13000-puffow\/\">Truskawka Arbuz Granat<\/a><\/li>\n<\/ol>\n<h3>Najcz\u0119\u015bciej zadawane pytania dotycz\u0105ce Fizzy Boom 13000 Puffs Vape<\/h3>\n<ol>\n<li><strong>Ile r\u00f3\u017cnych smak\u00f3w otrzymam w \u015blepym pude\u0142ku?<\/strong><br \/>\nKa\u017cde pude\u0142ko Fizzy Boom 13000 Puffs Mystery Box zawiera losowy asortyment wszystkich 12 smak\u00f3w premium z naszej bestsellerowej linii. Chocia\u017c nie mo\u017cemy zagwarantowa\u0107 konkretnych kombinacji smakowych w ka\u017cdym pude\u0142ku, zapewniamy, \u017ce otrzymasz ekscytuj\u0105c\u0105 r\u00f3\u017cnorodno\u015b\u0107 owocowych i lodowych mieszanek. <\/li>\n<li><strong>Na jak d\u0142ugo wystarczy pakiet 50 urz\u0105dze\u0144 dla jednej osoby?<\/strong><br \/>\nW przypadku przeci\u0119tnych vaper\u00f3w (oko\u0142o 500 zaci\u0105gni\u0119\u0107 dziennie) zestaw ten zapewnia oko\u0142o 4-5 miesi\u0119cy ci\u0105g\u0142ego u\u017cytkowania. Ci\u0119\u017ccy u\u017cytkownicy (ponad 1000 zaci\u0105gni\u0119\u0107 dziennie) mog\u0105 spodziewa\u0107 si\u0119 oko\u0142o 2-3 miesi\u0119cy przyjemno\u015bci z ponad 650 000 zaci\u0105gni\u0119\u0107. <\/li>\n<li><strong>Czy mog\u0119 wybra\u0107 moc nikotyny dla ca\u0142ego opakowania?<\/strong><br \/>\nTak! Podczas sk\u0142adania zam\u00f3wienia mo\u017cna wybra\u0107 jedn\u0105 z opcji: <\/li>\n<\/ol>\n<ul>\n<li>2% (20 mg\/ml) nikotyny dla \u0142agodniejszych dozna\u0144<\/li>\n<li>5% (50 mg\/ml) nikotyny dla mocniejszego uderzenia w gard\u0142o<br \/>\nWszystkie 50 urz\u0105dze\u0144 w pude\u0142ku b\u0119dzie mia\u0142o t\u0119 sam\u0105 moc, kt\u00f3r\u0105 wybra\u0142e\u015b.<\/li>\n<\/ul>\n<ol>\n<li><strong>Czy urz\u0105dzenia rzeczywi\u015bcie mo\u017cna \u0142adowa\u0107? Ile razy? <\/strong><br \/>\nAbsolutnie! Ka\u017cde urz\u0105dzenie \u0142adowane przez USB-C mo\u017ce by\u0107 \u0142adowane wielokrotnie, aby w pe\u0142ni wykorzysta\u0107 pojemno\u015b\u0107 21 ml e-liquidu. Wi\u0119kszo\u015b\u0107 u\u017cytkownik\u00f3w \u0142aduje urz\u0105dzenie 2-3 razy, aby cieszy\u0107 si\u0119 wszystkimi 13 000 zaci\u0105gni\u0119\u0107.  <\/li>\n<\/ol>\n<\/div>\n","protected":false},"excerpt":{"rendered":"<p>Rozpakuj nieoczekiwane z <strong>Fizzy Boom 13000 Puffs Blind Box<\/strong>! Otrzymaj 50 waporyzator\u00f3w \u0142adowanych przez USB-C w losowo wybranych, najlepiej sprzedaj\u0105cych si\u0119 smakach &#8211; <strong>\u0142\u0105cznie<\/strong> ponad <strong>650 000 zaci\u0105gni\u0119\u0107<\/strong>! Podw\u00f3jne cewki siatkowe zapewniaj\u0105 g\u0142adkie, g\u0119ste chmury i bogaty smak przy ka\u017cdym zaci\u0105gni\u0119ciu. Idealny zar\u00f3wno dla mi\u0142o\u015bnik\u00f3w waporyzacji, jak i sprzedawc\u00f3w. <\/p>\n<p>\ud83d\udd25 <strong>Oferta limitowana: 50 sztuk w specjalnej obni\u017conej cenie!<\/strong> \ud83d\udd25<\/p>\n","protected":false},"featured_media":22531,"comment_status":"open","ping_status":"closed","template":"","meta":{"iawp_total_views":0},"product_brand":[],"product_cat":[309],"product_tag":[311],"class_list":{"0":"post-24593","1":"product","2":"type-product","3":"status-publish","4":"has-post-thumbnail","6":"product_cat-boom-pl","7":"product_tag-13000-puffow","9":"first","10":"outofstock","11":"sale","12":"shipping-taxable","13":"purchasable","14":"product-type-variable"},"yoast_head":"<!-- This site is optimized with the Yoast SEO Premium plugin v24.8 (Yoast SEO v24.8) - https:\/\/yoast.com\/wordpress\/plugins\/seo\/ -->\n<title>Fizzy Boom - 13000 puff\u00f3w - 50 sztuk - fizzyvape.eu<\/title>\n<meta name=\"description\" content=\"50 x Fizzy Boom 13K Puff mystery vapes - 650K+ zaci\u0105gni\u0119\u0107, 12 smak\u00f3w, mo\u017cliwo\u015b\u0107 \u0142adowania przez USB-C i podw\u00f3jne cewki siatkowe. Ograniczona czasowo zni\u017cka hurtowa! Kup teraz.\" \/>\n<meta name=\"robots\" content=\"index, follow, max-snippet:-1, max-image-preview:large, max-video-preview:-1\" \/>\n<link rel=\"canonical\" href=\"https:\/\/fizzyvape.eu\/pl\/produkt\/fizzy-boom-13000-puffow-50-sztuk\/\" \/>\n<meta property=\"og:locale\" content=\"pl_PL\" \/>\n<meta property=\"og:type\" content=\"article\" \/>\n<meta property=\"og:title\" content=\"Fizzy Boom - 13000 puff\u00f3w - 50 sztuk\" \/>\n<meta property=\"og:description\" content=\"50 x Fizzy Boom 13K Puff mystery vapes - 650K+ zaci\u0105gni\u0119\u0107, 12 smak\u00f3w, mo\u017cliwo\u015b\u0107 \u0142adowania przez USB-C i podw\u00f3jne cewki siatkowe. Ograniczona czasowo zni\u017cka hurtowa! Kup teraz.\" \/>\n<meta property=\"og:url\" content=\"https:\/\/fizzyvape.eu\/pl\/produkt\/fizzy-boom-13000-puffow-50-sztuk\/\" \/>\n<meta property=\"og:site_name\" content=\"fizzyvape.eu\" \/>\n<meta property=\"article:modified_time\" content=\"2025-10-31T10:02:09+00:00\" \/>\n<meta property=\"og:image\" content=\"https:\/\/fizzyvape.eu\/wp-content\/uploads\/2025\/04\/FizzyVape-Boom-13000puff-Main030.jpg\" \/>\n\t<meta property=\"og:image:width\" content=\"1500\" \/>\n\t<meta property=\"og:image:height\" content=\"1500\" \/>\n\t<meta property=\"og:image:type\" content=\"image\/jpeg\" \/>\n<meta name=\"twitter:card\" content=\"summary_large_image\" \/>\n<meta name=\"twitter:label1\" content=\"Dost\u0119pno\u015b\u0107\" \/>\n\t<meta name=\"twitter:data1\" content=\"Brak w magazynie\" \/>\n<script type=\"application\/ld+json\" class=\"yoast-schema-graph\">{\"@context\":\"https:\/\/schema.org\",\"@graph\":[{\"@type\":\"WebPage\",\"@id\":\"https:\/\/fizzyvape.eu\/pl\/produkt\/fizzy-boom-13000-puffow-50-sztuk\/\",\"url\":\"https:\/\/fizzyvape.eu\/pl\/produkt\/fizzy-boom-13000-puffow-50-sztuk\/\",\"name\":\"Fizzy Boom - 13000 puff\u00f3w - 50 sztuk - fizzyvape.eu\",\"isPartOf\":{\"@id\":\"https:\/\/www.fizzyvape.eu\/pl\/#website\"},\"primaryImageOfPage\":{\"@id\":\"https:\/\/fizzyvape.eu\/pl\/produkt\/fizzy-boom-13000-puffow-50-sztuk\/#primaryimage\"},\"image\":{\"@id\":\"https:\/\/fizzyvape.eu\/pl\/produkt\/fizzy-boom-13000-puffow-50-sztuk\/#primaryimage\"},\"thumbnailUrl\":\"https:\/\/fizzyvape.eu\/wp-content\/uploads\/2025\/04\/FizzyVape-Boom-13000puff-Main030.jpg\",\"datePublished\":\"2025-04-10T03:48:55+00:00\",\"dateModified\":\"2025-10-31T10:02:09+00:00\",\"description\":\"50 x Fizzy Boom 13K Puff mystery vapes - 650K+ zaci\u0105gni\u0119\u0107, 12 smak\u00f3w, mo\u017cliwo\u015b\u0107 \u0142adowania przez USB-C i podw\u00f3jne cewki siatkowe. Ograniczona czasowo zni\u017cka hurtowa! Kup teraz.\",\"breadcrumb\":{\"@id\":\"https:\/\/fizzyvape.eu\/pl\/produkt\/fizzy-boom-13000-puffow-50-sztuk\/#breadcrumb\"},\"inLanguage\":\"pl-PL\",\"potentialAction\":[{\"@type\":\"ReadAction\",\"target\":[\"https:\/\/fizzyvape.eu\/pl\/produkt\/fizzy-boom-13000-puffow-50-sztuk\/\"]}]},{\"@type\":\"ImageObject\",\"inLanguage\":\"pl-PL\",\"@id\":\"https:\/\/fizzyvape.eu\/pl\/produkt\/fizzy-boom-13000-puffow-50-sztuk\/#primaryimage\",\"url\":\"https:\/\/fizzyvape.eu\/wp-content\/uploads\/2025\/04\/FizzyVape-Boom-13000puff-Main030.jpg\",\"contentUrl\":\"https:\/\/fizzyvape.eu\/wp-content\/uploads\/2025\/04\/FizzyVape-Boom-13000puff-Main030.jpg\",\"width\":1500,\"height\":1500,\"caption\":\"FizzyVape-Boom-13000puff\"},{\"@type\":\"BreadcrumbList\",\"@id\":\"https:\/\/fizzyvape.eu\/pl\/produkt\/fizzy-boom-13000-puffow-50-sztuk\/#breadcrumb\",\"itemListElement\":[{\"@type\":\"ListItem\",\"position\":1,\"name\":\"Home\",\"item\":\"https:\/\/fizzyvape.eu\/pl\/\"},{\"@type\":\"ListItem\",\"position\":2,\"name\":\"Sklep\",\"item\":\"https:\/\/fizzyvape.eu\/pl\/sklep\/\"},{\"@type\":\"ListItem\",\"position\":3,\"name\":\"Fizzy Boom &#8211; 13000 puff\u00f3w &#8211; 50 sztuk\"}]},{\"@type\":\"WebSite\",\"@id\":\"https:\/\/www.fizzyvape.eu\/pl\/#website\",\"url\":\"https:\/\/www.fizzyvape.eu\/pl\/\",\"name\":\"fizzyvape.eu\",\"description\":\"Refreshing Vapes. Unforgettable Taste.\",\"publisher\":{\"@id\":\"https:\/\/www.fizzyvape.eu\/pl\/#organization\"},\"potentialAction\":[{\"@type\":\"SearchAction\",\"target\":{\"@type\":\"EntryPoint\",\"urlTemplate\":\"https:\/\/www.fizzyvape.eu\/pl\/?s={search_term_string}\"},\"query-input\":{\"@type\":\"PropertyValueSpecification\",\"valueRequired\":true,\"valueName\":\"search_term_string\"}}],\"inLanguage\":\"pl-PL\"},{\"@type\":\"Organization\",\"@id\":\"https:\/\/www.fizzyvape.eu\/pl\/#organization\",\"name\":\"fizzyvape.eu\",\"url\":\"https:\/\/www.fizzyvape.eu\/pl\/\",\"logo\":{\"@type\":\"ImageObject\",\"inLanguage\":\"pl-PL\",\"@id\":\"https:\/\/www.fizzyvape.eu\/pl\/#\/schema\/logo\/image\/\",\"url\":\"https:\/\/fizzyvape.eu\/wp-content\/uploads\/2019\/06\/print-1.svg\",\"contentUrl\":\"https:\/\/fizzyvape.eu\/wp-content\/uploads\/2019\/06\/print-1.svg\",\"width\":124,\"height\":37,\"caption\":\"fizzyvape.eu\"},\"image\":{\"@id\":\"https:\/\/www.fizzyvape.eu\/pl\/#\/schema\/logo\/image\/\"}}]}<\/script>\n<meta property=\"og:availability\" content=\"out of stock\" \/>\n<meta property=\"product:availability\" content=\"out of stock\" \/>\n<meta property=\"product:condition\" content=\"new\" \/>\n<!-- \/ Yoast SEO Premium plugin. -->","yoast_head_json":{"title":"Fizzy Boom - 13000 puff\u00f3w - 50 sztuk - fizzyvape.eu","description":"50 x Fizzy Boom 13K Puff mystery vapes - 650K+ zaci\u0105gni\u0119\u0107, 12 smak\u00f3w, mo\u017cliwo\u015b\u0107 \u0142adowania przez USB-C i podw\u00f3jne cewki siatkowe. Ograniczona czasowo zni\u017cka hurtowa! Kup teraz.","robots":{"index":"index","follow":"follow","max-snippet":"max-snippet:-1","max-image-preview":"max-image-preview:large","max-video-preview":"max-video-preview:-1"},"canonical":"https:\/\/fizzyvape.eu\/pl\/produkt\/fizzy-boom-13000-puffow-50-sztuk\/","og_locale":"pl_PL","og_type":"article","og_title":"Fizzy Boom - 13000 puff\u00f3w - 50 sztuk","og_description":"50 x Fizzy Boom 13K Puff mystery vapes - 650K+ zaci\u0105gni\u0119\u0107, 12 smak\u00f3w, mo\u017cliwo\u015b\u0107 \u0142adowania przez USB-C i podw\u00f3jne cewki siatkowe. Ograniczona czasowo zni\u017cka hurtowa! Kup teraz.","og_url":"https:\/\/fizzyvape.eu\/pl\/produkt\/fizzy-boom-13000-puffow-50-sztuk\/","og_site_name":"fizzyvape.eu","article_modified_time":"2025-10-31T10:02:09+00:00","og_image":[{"width":1500,"height":1500,"url":"https:\/\/fizzyvape.eu\/wp-content\/uploads\/2025\/04\/FizzyVape-Boom-13000puff-Main030.jpg","type":"image\/jpeg"}],"twitter_card":"summary_large_image","twitter_misc":{"Dost\u0119pno\u015b\u0107":"Brak w magazynie"},"schema":{"@context":"https:\/\/schema.org","@graph":[{"@type":"WebPage","@id":"https:\/\/fizzyvape.eu\/pl\/produkt\/fizzy-boom-13000-puffow-50-sztuk\/","url":"https:\/\/fizzyvape.eu\/pl\/produkt\/fizzy-boom-13000-puffow-50-sztuk\/","name":"Fizzy Boom - 13000 puff\u00f3w - 50 sztuk - fizzyvape.eu","isPartOf":{"@id":"https:\/\/www.fizzyvape.eu\/pl\/#website"},"primaryImageOfPage":{"@id":"https:\/\/fizzyvape.eu\/pl\/produkt\/fizzy-boom-13000-puffow-50-sztuk\/#primaryimage"},"image":{"@id":"https:\/\/fizzyvape.eu\/pl\/produkt\/fizzy-boom-13000-puffow-50-sztuk\/#primaryimage"},"thumbnailUrl":"https:\/\/fizzyvape.eu\/wp-content\/uploads\/2025\/04\/FizzyVape-Boom-13000puff-Main030.jpg","datePublished":"2025-04-10T03:48:55+00:00","dateModified":"2025-10-31T10:02:09+00:00","description":"50 x Fizzy Boom 13K Puff mystery vapes - 650K+ zaci\u0105gni\u0119\u0107, 12 smak\u00f3w, mo\u017cliwo\u015b\u0107 \u0142adowania przez USB-C i podw\u00f3jne cewki siatkowe. Ograniczona czasowo zni\u017cka hurtowa! Kup teraz.","breadcrumb":{"@id":"https:\/\/fizzyvape.eu\/pl\/produkt\/fizzy-boom-13000-puffow-50-sztuk\/#breadcrumb"},"inLanguage":"pl-PL","potentialAction":[{"@type":"ReadAction","target":["https:\/\/fizzyvape.eu\/pl\/produkt\/fizzy-boom-13000-puffow-50-sztuk\/"]}]},{"@type":"ImageObject","inLanguage":"pl-PL","@id":"https:\/\/fizzyvape.eu\/pl\/produkt\/fizzy-boom-13000-puffow-50-sztuk\/#primaryimage","url":"https:\/\/fizzyvape.eu\/wp-content\/uploads\/2025\/04\/FizzyVape-Boom-13000puff-Main030.jpg","contentUrl":"https:\/\/fizzyvape.eu\/wp-content\/uploads\/2025\/04\/FizzyVape-Boom-13000puff-Main030.jpg","width":1500,"height":1500,"caption":"FizzyVape-Boom-13000puff"},{"@type":"BreadcrumbList","@id":"https:\/\/fizzyvape.eu\/pl\/produkt\/fizzy-boom-13000-puffow-50-sztuk\/#breadcrumb","itemListElement":[{"@type":"ListItem","position":1,"name":"Home","item":"https:\/\/fizzyvape.eu\/pl\/"},{"@type":"ListItem","position":2,"name":"Sklep","item":"https:\/\/fizzyvape.eu\/pl\/sklep\/"},{"@type":"ListItem","position":3,"name":"Fizzy Boom &#8211; 13000 puff\u00f3w &#8211; 50 sztuk"}]},{"@type":"WebSite","@id":"https:\/\/www.fizzyvape.eu\/pl\/#website","url":"https:\/\/www.fizzyvape.eu\/pl\/","name":"fizzyvape.eu","description":"Refreshing Vapes. Unforgettable Taste.","publisher":{"@id":"https:\/\/www.fizzyvape.eu\/pl\/#organization"},"potentialAction":[{"@type":"SearchAction","target":{"@type":"EntryPoint","urlTemplate":"https:\/\/www.fizzyvape.eu\/pl\/?s={search_term_string}"},"query-input":{"@type":"PropertyValueSpecification","valueRequired":true,"valueName":"search_term_string"}}],"inLanguage":"pl-PL"},{"@type":"Organization","@id":"https:\/\/www.fizzyvape.eu\/pl\/#organization","name":"fizzyvape.eu","url":"https:\/\/www.fizzyvape.eu\/pl\/","logo":{"@type":"ImageObject","inLanguage":"pl-PL","@id":"https:\/\/www.fizzyvape.eu\/pl\/#\/schema\/logo\/image\/","url":"https:\/\/fizzyvape.eu\/wp-content\/uploads\/2019\/06\/print-1.svg","contentUrl":"https:\/\/fizzyvape.eu\/wp-content\/uploads\/2019\/06\/print-1.svg","width":124,"height":37,"caption":"fizzyvape.eu"},"image":{"@id":"https:\/\/www.fizzyvape.eu\/pl\/#\/schema\/logo\/image\/"}}]},"og_availability":"out of stock","product_availability":"out of stock","product_condition":"new"},"tiered_pricing_type":"fixed","tiered_pricing_fixed_rules":[],"tiered_pricing_product_settings":{"layout":"default","base_unit_name":{"singular":null,"plural":null},"default_variation":null},"tiered_pricing_minimum_quantity":null,"tiered_pricing_roles_data":[],"tiered_pricing_percentage_rules":[],"tiered_pricing_maximum_quantity":null,"tiered_pricing_quantity_step":null,"_links":{"self":[{"href":"https:\/\/fizzyvape.eu\/pl\/wp-json\/wp\/v2\/product\/24593","targetHints":{"allow":["GET"]}}],"collection":[{"href":"https:\/\/fizzyvape.eu\/pl\/wp-json\/wp\/v2\/product"}],"about":[{"href":"https:\/\/fizzyvape.eu\/pl\/wp-json\/wp\/v2\/types\/product"}],"replies":[{"embeddable":true,"href":"https:\/\/fizzyvape.eu\/pl\/wp-json\/wp\/v2\/comments?post=24593"}],"version-history":[{"count":0,"href":"https:\/\/fizzyvape.eu\/pl\/wp-json\/wp\/v2\/product\/24593\/revisions"}],"wp:featuredmedia":[{"embeddable":true,"href":"https:\/\/fizzyvape.eu\/pl\/wp-json\/wp\/v2\/media\/22531"}],"wp:attachment":[{"href":"https:\/\/fizzyvape.eu\/pl\/wp-json\/wp\/v2\/media?parent=24593"}],"wp:term":[{"taxonomy":"product_brand","embeddable":true,"href":"https:\/\/fizzyvape.eu\/pl\/wp-json\/wp\/v2\/product_brand?post=24593"},{"taxonomy":"product_cat","embeddable":true,"href":"https:\/\/fizzyvape.eu\/pl\/wp-json\/wp\/v2\/product_cat?post=24593"},{"taxonomy":"product_tag","embeddable":true,"href":"https:\/\/fizzyvape.eu\/pl\/wp-json\/wp\/v2\/product_tag?post=24593"}],"curies":[{"name":"wp","href":"https:\/\/api.w.org\/{rel}","templated":true}]}}