{"id":24610,"date":"2025-04-10T14:15:15","date_gmt":"2025-04-10T06:15:15","guid":{"rendered":"https:\/\/fizzyvape.eu\/product\/fizzy-luxury-15000-puffow-30-sztuk\/"},"modified":"2025-10-31T18:01:36","modified_gmt":"2025-10-31T10:01:36","slug":"fizzy-luxury-15000-puffow-30-sztuk","status":"publish","type":"product","link":"https:\/\/fizzyvape.eu\/pl\/produkt\/fizzy-luxury-15000-puffow-30-sztuk\/","title":{"rendered":"Fizzy Luxury &#8211; 15000 puff\u00f3w &#8211; 50 sztuk"},"content":{"rendered":"<div>\n<h2><strong>Fizzy Luxury 15000 Puffs &#8211; 50szt Mystery Flavor Blind Box<\/strong><\/h2>\n<p>Odm\u0142\u00f3d\u017a swoje zmys\u0142y dzi\u0119ki <strong>Fizzy Luxury Lemon Lime 15000 Puffs<\/strong> &#8211; gdzie \u017cywa sk\u00f3rka cytryny (7\/10) \u0142\u0105czy si\u0119 z rze\u015bk\u0105 \u015bwie\u017co\u015bci\u0105 limonki (5\/10), a wszystko to zamkni\u0119te w naszym wysokiej jako\u015bci metalowym korpusie z precyzyjn\u0105 kontrol\u0105 przep\u0142ywu powietrza. Ten elitarny tyto\u0144 jednorazowego u\u017cytku zapewnia <strong>15 000 ultra-g\u0142adkich zaci\u0105gni\u0119\u0107<\/strong> o idealnie zbalansowanym cytrusowym smaku, wyposa\u017cony w nasz rewolucyjny <strong>system cewek kwarcowych Dual-Mesh<\/strong>, zapewniaj\u0105cy krystalicznie czysty smak i aksamitn\u0105 par\u0119. <\/p>\n<h3>Dlaczego warto wybra\u0107 Fizzy Luxury Blind Box (50 sztuk)?<\/h3>\n<p>\ud83d\udd39 <strong>50 urz\u0105dze\u0144 premium<\/strong> &#8211; ka\u017cde \u015blepe pude\u0142ko zawiera 50 waporyzator\u00f3w Fizzy Luxury o losowych smakach z naszych bestseller\u00f3w<br \/>\n\ud83d\udd39 <strong>\u0141\u0105cznie 450 000+ zaci\u0105gni\u0119\u0107<\/strong> &#8211; 22 ml na urz\u0105dzenie, stworzone z my\u015bl\u0105 o d\u0142ugotrwa\u0142ej przyjemno\u015bci.<br \/>\n\ud83d\udd39 <strong>Luksusowa konstrukcja<\/strong> &#8211; Obrabiany CNC metalowy korpus klasy lotniczej z regulowanym pokr\u0119t\u0142em przep\u0142ywu powietrza<br \/>\n\ud83d\udd39 <strong>SilkFlow Dual Quartz Mesh<\/strong> &#8211; zapewnia o 50% g\u0142adsz\u0105 par\u0119 i czystszy smak.<br \/>\n\ud83d\udd39 <strong>Akumulator USB-C<\/strong> &#8211; wykorzystaj ka\u017cd\u0105 kropl\u0119 e-cieczy bez marnowania energii<br \/>\n\ud83d\udd39 <strong>Flavor Adventure<\/strong> &#8211; obejmuje odwa\u017cne profile, takie jak Raspberry Lemonade, Fizzy Cherry, Kiwi Passion Fruit Guava i inne. <\/p>\n<h3><strong>Opcje nikotyny:<\/strong><\/h3>\n<p>&#8211; <strong>2% (20 mg \/ ml)<\/strong> &#8211; idealny do g\u0142adkiej i aromatycznej waporyzacji<br \/>\n&#8211; <strong>5% (50 mg \/ ml)<\/strong> &#8211; Zaprojektowany dla mocniejszego, bardziej satysfakcjonuj\u0105cego uderzenia w gard\u0142o <\/p>\n<\/div>\n<div>\n<h3>Specyfikacja<\/h3>\n<table style=\"height: 449px;\" width=\"1340\">\n<tbody>\n<tr>\n<td>Puffy<\/td>\n<td><strong>15000+ Puffs<\/strong><\/td>\n<\/tr>\n<tr>\n<td>Pojemno\u015b\u0107 e-p\u0142ynu<\/td>\n<td><strong>22ml<\/strong><\/td>\n<\/tr>\n<tr>\n<td>Pojemno\u015b\u0107 baterii<\/td>\n<td><strong>650 mAh<\/strong><\/td>\n<\/tr>\n<tr>\n<td>Siatkowa cewka<\/td>\n<td><strong>1.4\u03a9<\/strong><\/td>\n<\/tr>\n<tr>\n<td>Rozmiar<\/td>\n<td><strong>53*30*85.3mm<\/strong><\/td>\n<\/tr>\n<tr>\n<td>Jednorazowe czy nie?<\/td>\n<td><strong>Jednorazowy<\/strong><\/td>\n<\/tr>\n<tr>\n<td>Metoda \u0142adowania<\/td>\n<td><strong>Kabel<\/strong><\/td>\n<\/tr>\n<tr>\n<td>Metoda aktywacji<\/td>\n<td><strong>Czujnik<\/strong><\/td>\n<\/tr>\n<tr>\n<td>Materia\u0142<\/td>\n<td><strong>Metal<\/strong><\/td>\n<\/tr>\n<tr>\n<td>Poziom nikotyny<\/td>\n<td><strong>2% (20 mg\/ml) i 5% (50 mg\/ml)<\/strong><\/td>\n<\/tr>\n<tr>\n<td>Smaki<\/td>\n<td><strong>15<\/strong><\/td>\n<\/tr>\n<tr>\n<td>Pakowanie<\/td>\n<td><strong>1 opakowanie<\/strong><\/td>\n<\/tr>\n<tr>\n<td>Czas \u0142adowania<\/td>\n<td><strong>2 godziny<\/strong><\/td>\n<\/tr>\n<tr>\n<td>Przechowywanie<\/td>\n<td><strong>Unika\u0107 \u015brodowiska o wysokiej temperaturze i przechowywa\u0107 w ch\u0142odnym i suchym miejscu.<\/strong><\/td>\n<\/tr>\n<tr>\n<td>Osoby, kt\u00f3rym zabrania si\u0119 stosowania<\/td>\n<td><strong>Osoby niepe\u0142noletnie, kobiety w ci\u0105\u017cy i osoby uczulone na sk\u0142adniki produktu.<\/strong><\/td>\n<\/tr>\n<tr>\n<td>Uwaga<\/td>\n<td><strong>Nie po\u0142yka\u0107 tej substancji. W przypadku po\u0142kni\u0119cia nale\u017cy natychmiast dok\u0142adnie wyp\u0142uka\u0107 usta. W przypadku z\u0142ego samopoczucia nale\u017cy skontaktowa\u0107 si\u0119 z lekarzem.  <\/strong><\/td>\n<\/tr>\n<\/tbody>\n<\/table>\n<h3>Lista smak\u00f3w <strong>Fizzy Luxury <\/strong>15000 Puffs:<\/h3>\n<ol>\n<li><a href=\"https:\/\/fizzyvape.eu\/pl\/produkt\/fizzy-luxury-blueberry-raspberry-15000-puffow\/\">Bor\u00f3wka Malina<\/a><\/li>\n<li><a href=\"https:\/\/fizzyvape.eu\/pl\/produkt\/fizzy-luxury-peach-15000-puffow\/\">Brzoskwinia<\/a><\/li>\n<li><a href=\"https:\/\/fizzyvape.eu\/pl\/produkt\/fizzy-luxury-grape-15000-puffow\/\">Winogrono<\/a><\/li>\n<li><a href=\"https:\/\/fizzyvape.eu\/pl\/produkt\/fizzy-luxury-blueberry-15000-puffow\/\">Jagoda<\/a><\/li>\n<li><a href=\"https:\/\/fizzyvape.eu\/pl\/produkt\/fizzy-luxury-strawberry-15000-puffow\/\">Truskawka<\/a><\/li>\n<li><a href=\"https:\/\/fizzyvape.eu\/pl\/produkt\/fizzy-luxury-fizzy-cherry-15000-puffow\/\">Fizzy Cherry<\/a><\/li>\n<li><a href=\"https:\/\/fizzyvape.eu\/pl\/produkt\/fizzy-luxury-raspberry-lemonade-15000-puffow\/\">Lemoniada malinowa<\/a><\/li>\n<li><a href=\"https:\/\/fizzyvape.eu\/pl\/produkt\/fizzy-luxury-sour-apple-15000-puffow\/\">Kwa\u015bne jab\u0142ko<\/a><\/li>\n<li><a href=\"https:\/\/fizzyvape.eu\/pl\/produkt\/fizzy-luxury-strawberry-kiwi-pomegranate-15000-puffow\/\">Truskawka Kiwi Granat<\/a><\/li>\n<li><a href=\"https:\/\/fizzyvape.eu\/pl\/produkt\/fizzy-luxury-lemon-lime-15000-puffow\/\">Lemon Lime<\/a><\/li>\n<li><a href=\"https:\/\/fizzyvape.eu\/pl\/produkt\/fizzy-luxury-strawberry-banana-15000-puffow\/\">Banan truskawkowy<\/a><\/li>\n<li><a href=\"https:\/\/fizzyvape.eu\/pl\/produkt\/fizzy-luxury-orange-mango-watermelon-15000-puffow\/\">Pomara\u0144cza Mango Arbuz<\/a><\/li>\n<li><a href=\"https:\/\/fizzyvape.eu\/pl\/produkt\/fizzy-luxury-red-bull-15000-puffow\/\">Red Bull<\/a><\/li>\n<li><a href=\"https:\/\/fizzyvape.eu\/pl\/produkt\/fizzy-luxury-pink-lemonade-15000-puffow\/\">R\u00f3\u017cowa Lemoniada<\/a><\/li>\n<li><a href=\"https:\/\/fizzyvape.eu\/pl\/produkt\/fizzy-luxury-kiwi-passion-fruit-guava-15000-puffow\/\">Kiwi Passion Fruit Guava<\/a><\/li>\n<\/ol>\n<h3>Najcz\u0119\u015bciej zadawane pytania dotycz\u0105ce Fizzy Luxury 15000 Puffs Vape<\/h3>\n<p><strong>1. Jakie smaki otrzymam w pude\u0142ku Mystery Flavor Blind Box zawieraj\u0105cym 50 sztuk?<\/strong><br \/>\nKa\u017cde pude\u0142ko zawiera losow\u0105 mieszank\u0119 50 waporyzator\u00f3w Fizzy Luxury wybranych spo\u015br\u00f3d 15 smak\u00f3w premium, takich jak Raspberry Lemonade, Fizzy Cherry, Kiwi Passion Fruit Guava i innych. Ka\u017cdy unboxing to wyj\u0105tkowa smakowa przygoda! <\/p>\n<p><strong>2. Czy wszystkie 50 urz\u0105dze\u0144 ma tak\u0105 sam\u0105 moc nikotyny?<\/strong><br \/>\nTak. Podczas sk\u0142adania zam\u00f3wienia mo\u017cesz wybra\u0107 <strong>2%<\/strong> <strong>(<\/strong> <strong>20<\/strong> <strong>mg \/<\/strong> <strong>ml)<\/strong> dla \u0142agodniejszej waporyzacji lub <strong>5% (50 mg \/ ml)<\/strong> dla mocniejszego uderzenia w gard\u0142o. Wszystkie 50 waporyzator\u00f3w w pude\u0142ku b\u0119dzie odpowiada\u0107 wybranej mocy.  <\/p>\n<p><strong>3. Jak d\u0142ugo wystarcza 50 urz\u0105dze\u0144 Fizzy Luxury?<\/strong><br \/>\nKa\u017cde urz\u0105dzenie zapewnia <strong>ponad 15 000 zaci\u0105gni\u0119\u0107<\/strong>, co daje \u0142\u0105cznie <strong>ponad 450 000 zaci\u0105gni\u0119\u0107 w opakowaniu<\/strong>. Dla umiarkowanych u\u017cytkownik\u00f3w (~500 zaci\u0105gni\u0119\u0107 dziennie) oznacza to do <strong>2,5-3 miesi\u0119cy<\/strong> ci\u0105g\u0142ego u\u017cytkowania! <\/p>\n<p><strong>4. Czy urz\u0105dzenia mo\u017cna \u0142adowa\u0107?<\/strong><br \/>\nAbsolutnie! Ka\u017cdy vape posiada <strong>port \u0142adowania USB-C<\/strong> i mo\u017ce by\u0107 \u0142adowany wielokrotnie, aby w pe\u0142ni cieszy\u0107 si\u0119 ca\u0142ymi <strong>22 ml<\/strong> e-liquidu w \u015brodku. <\/p>\n<p><strong>5. Czy mog\u0119 odsprzeda\u0107 waporyzatory z tego<\/strong> blind boxa<strong>?<\/strong><br \/>\nTak, ka\u017cde urz\u0105dzenie jest indywidualnie zapakowane i gotowe do sprzeda\u017cy detalicznej, dzi\u0119ki czemu ten blind box jest idealny dla <strong>odsprzedawc\u00f3w, w\u0142a\u015bcicieli sklep\u00f3w<\/strong> lub <strong>nabywc\u00f3w hurtowych<\/strong>, kt\u00f3rzy chc\u0105 oferowa\u0107 wysokiej jako\u015bci, wysokomar\u017cowe waporyzatory jednorazowe.<\/p>\n<\/div>\n","protected":false},"excerpt":{"rendered":"<p>Zestaw <strong>Fizzy Luxury 15000 Puffs<\/strong> &#8211; <strong>50pcs<\/strong> Mystery Flavor Blind Box oferuje 50 wysokiej jako\u015bci waporyzator\u00f3w z metalowym korpusem, z kt\u00f3rych ka\u017cdy zapewnia 15 000 zaci\u0105gni\u0119\u0107 g\u0142adkiej, aromatycznej pary. Wyposa\u017cony w losowe smaki, podw\u00f3jne cewki kwarcowe, pojemno\u015b\u0107 22 ml, mo\u017cliwo\u015b\u0107 \u0142adowania przez USB-C i luksusowy design &#8211; ten zestaw jest idealny zar\u00f3wno dla sprzedawc\u00f3w, jak i entuzjast\u00f3w waporyzacji. <\/p>\n<p>\ud83d\udd25 <strong>Oferta limitowana: 50 sztuk w specjalnej obni\u017conej cenie!<\/strong> \ud83d\udd25<\/p>\n","protected":false},"featured_media":22576,"comment_status":"open","ping_status":"closed","template":"","meta":{"iawp_total_views":0},"product_brand":[],"product_cat":[673,320],"product_tag":[321],"class_list":{"0":"post-24610","1":"product","2":"type-product","3":"status-publish","4":"has-post-thumbnail","6":"product_cat-bulk-deals-2-pl","7":"product_cat-luxury-pl","8":"product_tag-15000-zaciagniec","10":"first","11":"outofstock","12":"sale","13":"shipping-taxable","14":"purchasable","15":"product-type-variable"},"yoast_head":"<!-- This site is optimized with the Yoast SEO Premium plugin v24.8 (Yoast SEO v24.8) - https:\/\/yoast.com\/wordpress\/plugins\/seo\/ -->\n<title>Fizzy Luxury - 15000 puff\u00f3w - 50 sztuk - fizzyvape.eu<\/title>\n<meta name=\"description\" content=\"Poznaj Fizzy Luxury 15000 Puffs Blind Box (50 sztuk) - wysokiej jako\u015bci jednorazowe waporyzatory o wyrazistych smakach, g\u0142adkiej parze i \u0142adowaniu przez USB-C. Idealne dla sprzedawc\u00f3w!\" \/>\n<meta name=\"robots\" content=\"index, follow, max-snippet:-1, max-image-preview:large, max-video-preview:-1\" \/>\n<link rel=\"canonical\" href=\"https:\/\/fizzyvape.eu\/pl\/produkt\/fizzy-luxury-15000-puffow-30-sztuk\/\" \/>\n<meta property=\"og:locale\" content=\"pl_PL\" \/>\n<meta property=\"og:type\" content=\"article\" \/>\n<meta property=\"og:title\" content=\"Fizzy Luxury - 15000 puff\u00f3w - 50 sztuk\" \/>\n<meta property=\"og:description\" content=\"Poznaj Fizzy Luxury 15000 Puffs Blind Box (50 sztuk) - wysokiej jako\u015bci jednorazowe waporyzatory o wyrazistych smakach, g\u0142adkiej parze i \u0142adowaniu przez USB-C. Idealne dla sprzedawc\u00f3w!\" \/>\n<meta property=\"og:url\" content=\"https:\/\/fizzyvape.eu\/pl\/produkt\/fizzy-luxury-15000-puffow-30-sztuk\/\" \/>\n<meta property=\"og:site_name\" content=\"fizzyvape.eu\" \/>\n<meta property=\"article:modified_time\" content=\"2025-10-31T10:01:36+00:00\" \/>\n<meta property=\"og:image\" content=\"https:\/\/fizzyvape.eu\/wp-content\/uploads\/2025\/04\/FizzyVape-Luxury-15Kpuff-Main019.jpg\" \/>\n\t<meta property=\"og:image:width\" content=\"1500\" \/>\n\t<meta property=\"og:image:height\" content=\"1500\" \/>\n\t<meta property=\"og:image:type\" content=\"image\/jpeg\" \/>\n<meta name=\"twitter:card\" content=\"summary_large_image\" \/>\n<meta name=\"twitter:label1\" content=\"Dost\u0119pno\u015b\u0107\" \/>\n\t<meta name=\"twitter:data1\" content=\"Brak w magazynie\" \/>\n<script type=\"application\/ld+json\" class=\"yoast-schema-graph\">{\"@context\":\"https:\/\/schema.org\",\"@graph\":[{\"@type\":\"WebPage\",\"@id\":\"https:\/\/fizzyvape.eu\/pl\/produkt\/fizzy-luxury-15000-puffow-30-sztuk\/\",\"url\":\"https:\/\/fizzyvape.eu\/pl\/produkt\/fizzy-luxury-15000-puffow-30-sztuk\/\",\"name\":\"Fizzy Luxury - 15000 puff\u00f3w - 50 sztuk - fizzyvape.eu\",\"isPartOf\":{\"@id\":\"https:\/\/www.fizzyvape.eu\/pl\/#website\"},\"primaryImageOfPage\":{\"@id\":\"https:\/\/fizzyvape.eu\/pl\/produkt\/fizzy-luxury-15000-puffow-30-sztuk\/#primaryimage\"},\"image\":{\"@id\":\"https:\/\/fizzyvape.eu\/pl\/produkt\/fizzy-luxury-15000-puffow-30-sztuk\/#primaryimage\"},\"thumbnailUrl\":\"https:\/\/fizzyvape.eu\/wp-content\/uploads\/2025\/04\/FizzyVape-Luxury-15Kpuff-Main019.jpg\",\"datePublished\":\"2025-04-10T06:15:15+00:00\",\"dateModified\":\"2025-10-31T10:01:36+00:00\",\"description\":\"Poznaj Fizzy Luxury 15000 Puffs Blind Box (50 sztuk) - wysokiej jako\u015bci jednorazowe waporyzatory o wyrazistych smakach, g\u0142adkiej parze i \u0142adowaniu przez USB-C. Idealne dla sprzedawc\u00f3w!\",\"breadcrumb\":{\"@id\":\"https:\/\/fizzyvape.eu\/pl\/produkt\/fizzy-luxury-15000-puffow-30-sztuk\/#breadcrumb\"},\"inLanguage\":\"pl-PL\",\"potentialAction\":[{\"@type\":\"ReadAction\",\"target\":[\"https:\/\/fizzyvape.eu\/pl\/produkt\/fizzy-luxury-15000-puffow-30-sztuk\/\"]}]},{\"@type\":\"ImageObject\",\"inLanguage\":\"pl-PL\",\"@id\":\"https:\/\/fizzyvape.eu\/pl\/produkt\/fizzy-luxury-15000-puffow-30-sztuk\/#primaryimage\",\"url\":\"https:\/\/fizzyvape.eu\/wp-content\/uploads\/2025\/04\/FizzyVape-Luxury-15Kpuff-Main019.jpg\",\"contentUrl\":\"https:\/\/fizzyvape.eu\/wp-content\/uploads\/2025\/04\/FizzyVape-Luxury-15Kpuff-Main019.jpg\",\"width\":1500,\"height\":1500,\"caption\":\"FizzyVape-Luxury-15Kpuff\"},{\"@type\":\"BreadcrumbList\",\"@id\":\"https:\/\/fizzyvape.eu\/pl\/produkt\/fizzy-luxury-15000-puffow-30-sztuk\/#breadcrumb\",\"itemListElement\":[{\"@type\":\"ListItem\",\"position\":1,\"name\":\"Home\",\"item\":\"https:\/\/fizzyvape.eu\/pl\/\"},{\"@type\":\"ListItem\",\"position\":2,\"name\":\"Sklep\",\"item\":\"https:\/\/fizzyvape.eu\/pl\/sklep\/\"},{\"@type\":\"ListItem\",\"position\":3,\"name\":\"Fizzy Luxury &#8211; 15000 puff\u00f3w &#8211; 50 sztuk\"}]},{\"@type\":\"WebSite\",\"@id\":\"https:\/\/www.fizzyvape.eu\/pl\/#website\",\"url\":\"https:\/\/www.fizzyvape.eu\/pl\/\",\"name\":\"fizzyvape.eu\",\"description\":\"Refreshing Vapes. Unforgettable Taste.\",\"publisher\":{\"@id\":\"https:\/\/www.fizzyvape.eu\/pl\/#organization\"},\"potentialAction\":[{\"@type\":\"SearchAction\",\"target\":{\"@type\":\"EntryPoint\",\"urlTemplate\":\"https:\/\/www.fizzyvape.eu\/pl\/?s={search_term_string}\"},\"query-input\":{\"@type\":\"PropertyValueSpecification\",\"valueRequired\":true,\"valueName\":\"search_term_string\"}}],\"inLanguage\":\"pl-PL\"},{\"@type\":\"Organization\",\"@id\":\"https:\/\/www.fizzyvape.eu\/pl\/#organization\",\"name\":\"fizzyvape.eu\",\"url\":\"https:\/\/www.fizzyvape.eu\/pl\/\",\"logo\":{\"@type\":\"ImageObject\",\"inLanguage\":\"pl-PL\",\"@id\":\"https:\/\/www.fizzyvape.eu\/pl\/#\/schema\/logo\/image\/\",\"url\":\"https:\/\/fizzyvape.eu\/wp-content\/uploads\/2019\/06\/print-1.svg\",\"contentUrl\":\"https:\/\/fizzyvape.eu\/wp-content\/uploads\/2019\/06\/print-1.svg\",\"width\":124,\"height\":37,\"caption\":\"fizzyvape.eu\"},\"image\":{\"@id\":\"https:\/\/www.fizzyvape.eu\/pl\/#\/schema\/logo\/image\/\"}}]}<\/script>\n<meta property=\"og:availability\" content=\"out of stock\" \/>\n<meta property=\"product:availability\" content=\"out of stock\" \/>\n<meta property=\"product:condition\" content=\"new\" \/>\n<!-- \/ Yoast SEO Premium plugin. -->","yoast_head_json":{"title":"Fizzy Luxury - 15000 puff\u00f3w - 50 sztuk - fizzyvape.eu","description":"Poznaj Fizzy Luxury 15000 Puffs Blind Box (50 sztuk) - wysokiej jako\u015bci jednorazowe waporyzatory o wyrazistych smakach, g\u0142adkiej parze i \u0142adowaniu przez USB-C. Idealne dla sprzedawc\u00f3w!","robots":{"index":"index","follow":"follow","max-snippet":"max-snippet:-1","max-image-preview":"max-image-preview:large","max-video-preview":"max-video-preview:-1"},"canonical":"https:\/\/fizzyvape.eu\/pl\/produkt\/fizzy-luxury-15000-puffow-30-sztuk\/","og_locale":"pl_PL","og_type":"article","og_title":"Fizzy Luxury - 15000 puff\u00f3w - 50 sztuk","og_description":"Poznaj Fizzy Luxury 15000 Puffs Blind Box (50 sztuk) - wysokiej jako\u015bci jednorazowe waporyzatory o wyrazistych smakach, g\u0142adkiej parze i \u0142adowaniu przez USB-C. Idealne dla sprzedawc\u00f3w!","og_url":"https:\/\/fizzyvape.eu\/pl\/produkt\/fizzy-luxury-15000-puffow-30-sztuk\/","og_site_name":"fizzyvape.eu","article_modified_time":"2025-10-31T10:01:36+00:00","og_image":[{"width":1500,"height":1500,"url":"https:\/\/fizzyvape.eu\/wp-content\/uploads\/2025\/04\/FizzyVape-Luxury-15Kpuff-Main019.jpg","type":"image\/jpeg"}],"twitter_card":"summary_large_image","twitter_misc":{"Dost\u0119pno\u015b\u0107":"Brak w magazynie"},"schema":{"@context":"https:\/\/schema.org","@graph":[{"@type":"WebPage","@id":"https:\/\/fizzyvape.eu\/pl\/produkt\/fizzy-luxury-15000-puffow-30-sztuk\/","url":"https:\/\/fizzyvape.eu\/pl\/produkt\/fizzy-luxury-15000-puffow-30-sztuk\/","name":"Fizzy Luxury - 15000 puff\u00f3w - 50 sztuk - fizzyvape.eu","isPartOf":{"@id":"https:\/\/www.fizzyvape.eu\/pl\/#website"},"primaryImageOfPage":{"@id":"https:\/\/fizzyvape.eu\/pl\/produkt\/fizzy-luxury-15000-puffow-30-sztuk\/#primaryimage"},"image":{"@id":"https:\/\/fizzyvape.eu\/pl\/produkt\/fizzy-luxury-15000-puffow-30-sztuk\/#primaryimage"},"thumbnailUrl":"https:\/\/fizzyvape.eu\/wp-content\/uploads\/2025\/04\/FizzyVape-Luxury-15Kpuff-Main019.jpg","datePublished":"2025-04-10T06:15:15+00:00","dateModified":"2025-10-31T10:01:36+00:00","description":"Poznaj Fizzy Luxury 15000 Puffs Blind Box (50 sztuk) - wysokiej jako\u015bci jednorazowe waporyzatory o wyrazistych smakach, g\u0142adkiej parze i \u0142adowaniu przez USB-C. Idealne dla sprzedawc\u00f3w!","breadcrumb":{"@id":"https:\/\/fizzyvape.eu\/pl\/produkt\/fizzy-luxury-15000-puffow-30-sztuk\/#breadcrumb"},"inLanguage":"pl-PL","potentialAction":[{"@type":"ReadAction","target":["https:\/\/fizzyvape.eu\/pl\/produkt\/fizzy-luxury-15000-puffow-30-sztuk\/"]}]},{"@type":"ImageObject","inLanguage":"pl-PL","@id":"https:\/\/fizzyvape.eu\/pl\/produkt\/fizzy-luxury-15000-puffow-30-sztuk\/#primaryimage","url":"https:\/\/fizzyvape.eu\/wp-content\/uploads\/2025\/04\/FizzyVape-Luxury-15Kpuff-Main019.jpg","contentUrl":"https:\/\/fizzyvape.eu\/wp-content\/uploads\/2025\/04\/FizzyVape-Luxury-15Kpuff-Main019.jpg","width":1500,"height":1500,"caption":"FizzyVape-Luxury-15Kpuff"},{"@type":"BreadcrumbList","@id":"https:\/\/fizzyvape.eu\/pl\/produkt\/fizzy-luxury-15000-puffow-30-sztuk\/#breadcrumb","itemListElement":[{"@type":"ListItem","position":1,"name":"Home","item":"https:\/\/fizzyvape.eu\/pl\/"},{"@type":"ListItem","position":2,"name":"Sklep","item":"https:\/\/fizzyvape.eu\/pl\/sklep\/"},{"@type":"ListItem","position":3,"name":"Fizzy Luxury &#8211; 15000 puff\u00f3w &#8211; 50 sztuk"}]},{"@type":"WebSite","@id":"https:\/\/www.fizzyvape.eu\/pl\/#website","url":"https:\/\/www.fizzyvape.eu\/pl\/","name":"fizzyvape.eu","description":"Refreshing Vapes. Unforgettable Taste.","publisher":{"@id":"https:\/\/www.fizzyvape.eu\/pl\/#organization"},"potentialAction":[{"@type":"SearchAction","target":{"@type":"EntryPoint","urlTemplate":"https:\/\/www.fizzyvape.eu\/pl\/?s={search_term_string}"},"query-input":{"@type":"PropertyValueSpecification","valueRequired":true,"valueName":"search_term_string"}}],"inLanguage":"pl-PL"},{"@type":"Organization","@id":"https:\/\/www.fizzyvape.eu\/pl\/#organization","name":"fizzyvape.eu","url":"https:\/\/www.fizzyvape.eu\/pl\/","logo":{"@type":"ImageObject","inLanguage":"pl-PL","@id":"https:\/\/www.fizzyvape.eu\/pl\/#\/schema\/logo\/image\/","url":"https:\/\/fizzyvape.eu\/wp-content\/uploads\/2019\/06\/print-1.svg","contentUrl":"https:\/\/fizzyvape.eu\/wp-content\/uploads\/2019\/06\/print-1.svg","width":124,"height":37,"caption":"fizzyvape.eu"},"image":{"@id":"https:\/\/www.fizzyvape.eu\/pl\/#\/schema\/logo\/image\/"}}]},"og_availability":"out of stock","product_availability":"out of stock","product_condition":"new"},"tiered_pricing_type":"fixed","tiered_pricing_fixed_rules":[],"tiered_pricing_product_settings":{"layout":"default","base_unit_name":{"singular":null,"plural":null},"default_variation":null},"tiered_pricing_minimum_quantity":null,"tiered_pricing_roles_data":[],"tiered_pricing_percentage_rules":[],"tiered_pricing_maximum_quantity":null,"tiered_pricing_quantity_step":null,"_links":{"self":[{"href":"https:\/\/fizzyvape.eu\/pl\/wp-json\/wp\/v2\/product\/24610","targetHints":{"allow":["GET"]}}],"collection":[{"href":"https:\/\/fizzyvape.eu\/pl\/wp-json\/wp\/v2\/product"}],"about":[{"href":"https:\/\/fizzyvape.eu\/pl\/wp-json\/wp\/v2\/types\/product"}],"replies":[{"embeddable":true,"href":"https:\/\/fizzyvape.eu\/pl\/wp-json\/wp\/v2\/comments?post=24610"}],"version-history":[{"count":0,"href":"https:\/\/fizzyvape.eu\/pl\/wp-json\/wp\/v2\/product\/24610\/revisions"}],"wp:featuredmedia":[{"embeddable":true,"href":"https:\/\/fizzyvape.eu\/pl\/wp-json\/wp\/v2\/media\/22576"}],"wp:attachment":[{"href":"https:\/\/fizzyvape.eu\/pl\/wp-json\/wp\/v2\/media?parent=24610"}],"wp:term":[{"taxonomy":"product_brand","embeddable":true,"href":"https:\/\/fizzyvape.eu\/pl\/wp-json\/wp\/v2\/product_brand?post=24610"},{"taxonomy":"product_cat","embeddable":true,"href":"https:\/\/fizzyvape.eu\/pl\/wp-json\/wp\/v2\/product_cat?post=24610"},{"taxonomy":"product_tag","embeddable":true,"href":"https:\/\/fizzyvape.eu\/pl\/wp-json\/wp\/v2\/product_tag?post=24610"}],"curies":[{"name":"wp","href":"https:\/\/api.w.org\/{rel}","templated":true}]}}