{"id":24948,"date":"2025-03-31T17:46:38","date_gmt":"2025-03-31T09:46:38","guid":{"rendered":"https:\/\/fizzyvape.eu\/product\/fizzy-twins-mixed-berry-peach-ice-50000-puffow-10-sztuk\/"},"modified":"2026-03-26T16:47:33","modified_gmt":"2026-03-26T08:47:33","slug":"fizzy-twins-mixed-berry-peach-ice-50000-puffow-10-sztuk","status":"publish","type":"product","link":"https:\/\/fizzyvape.eu\/pl\/produkt\/fizzy-twins-mixed-berry-peach-ice-50000-puffow-10-sztuk\/","title":{"rendered":"Fizzy Twins Mixed Berry &amp; Peach Ice &#8211; 50000 puff\u00f3w &#8211; 10 sztuk"},"content":{"rendered":"<div>\n<h2>Fizzy Twins Mixed Berry &amp; Peach Ice 50000 Puffs &#8211; orze\u017awiaj\u0105cy jednorazowy Vape o dw\u00f3ch smakach<\/h2>\n<p>Zanurz si\u0119 w rozkosznej fuzji smak\u00f3w z <strong>Fizzy Twins Mixed Berry &amp; Peach Ice 50000 Puffs<\/strong>! Ten wysokiej jako\u015bci jednorazowy waporyzator zapewnia nieodparcie orze\u017awiaj\u0105c\u0105 mieszank\u0119 s\u0142odkich mieszanych jag\u00f3d i lodowatej brzoskwini, oferuj\u0105c wyj\u0105tkowe doznania podczas waporyzacji. Dzi\u0119ki a\u017c<strong> 50 000 ultra g\u0142adkich zaci\u0105gni\u0119\u0107<\/strong>, zasilanych akumulatorem 850 mAh z szybkim \u0142adowaniem przez USB-C, mo\u017cesz cieszy\u0107 si\u0119 nieprzerwan\u0105 przyjemno\u015bci\u0105 z waporyzacji gdziekolwiek jeste\u015b. <\/p>\n<h3>Kluczowe cechy:<\/h3>\n<p>\u2705 <strong>50 000 zaci\u0105gni\u0119\u0107<\/strong> &#8211; Ciesz si\u0119 tygodniami d\u0142ugotrwa\u0142ej przyjemno\u015bci z waporyzacji dzi\u0119ki wyd\u0142u\u017conej \u017cywotno\u015bci.<br \/>\n\u2705 <strong>Podw\u00f3jny system smaku<\/strong> &#8211; prze\u0142\u0105czaj mi\u0119dzy <strong>Mixed Berry<\/strong> (s\u0142odki i pikantny) i <strong>Peach Ice<\/strong> (ch\u0142odny i soczysty), aby uzyska\u0107 orze\u017awiaj\u0105ce doznania.<br \/>\n\u2705 <strong>Technologia podw\u00f3jnego zbiornika<\/strong> &#8211; oddzielne komory na e-ciecz pozwalaj\u0105 zachowa\u0107 wyra\u017ane, niezmieszane smaki.<br \/>\n\u2705 <strong>Akumulator o pojemno\u015bci 850 mAh<\/strong> &#8211; szybkie \u0142adowanie przez USB-C zapewnia szybkie i wydajne zasilanie.<br \/>\n\u2705 <strong>50ML wst\u0119pnie nape\u0142nionego p\u0142ynu E-Liquid<\/strong> &#8211; nie wymaga uzupe\u0142niania &#8211; po prostu waporyzuj i ciesz si\u0119!<br \/>\n\u2705 <strong>Regulowany przep\u0142yw powietrza<\/strong> &#8211; dostosuj sw\u00f3j wdech, aby uzyska\u0107 p\u0142ynniejsze lub bardziej intensywne zaci\u0105ganie.<br \/>\n\u2705 <strong>Dwa tryby zasilania<\/strong> &#8211; do wyboru <strong>tryb ECO<\/strong> (zr\u00f3wnowa\u017cony smak) lub <strong>Boost<\/strong> (zwi\u0119kszona produkcja pary).<br \/>\n\u2705 <strong>Wysokiej jako\u015bci metalowa obudowa<\/strong> &#8211; trwa\u0142a, stylowa i ergonomicznie zaprojektowana dla najwy\u017cszego komfortu.<\/p>\n<h3><strong>Dlaczego warto wybra\u0107 Fizzy Twins Dual Flavor Vape 50000 Puffs?<\/strong><\/h3>\n<p>\ud83d\udd25 <strong>Dwa smaki w jednym urz\u0105dzeniu<\/strong> &#8211; Ciesz si\u0119 r\u00f3\u017cnorodno\u015bci\u0105 bez konieczno\u015bci prze\u0142\u0105czania urz\u0105dze\u0144.<br \/>\n\ud83d\udd25 <strong>Ogromna pojemno\u015b\u0107<\/strong> &#8211; 50 ml zapewnia tygodnie nieprzerwanej przyjemno\u015bci z waporyzacji.<br \/>\n\ud83d\udd25 <strong>Konfigurowalne do\u015bwiadczenie waporyzacji<\/strong> &#8211; regulowany przep\u0142yw powietrza i ustawienia mocy dla idealnej sesji waporyzacji.<br \/>\n\ud83d\udd25 <strong>Najwy\u017cszej jako\u015bci konstrukcja i szczelno\u015b\u0107<\/strong> &#8211; stworzona z my\u015bl\u0105 o p\u0142ynnej i bezproblemowej waporyzacji.<\/p>\n<\/div>\n<div>\n<h3><strong>Opcje nikotyny:<\/strong><\/h3>\n<p>&#8211; <strong>2% (20 mg \/ ml)<\/strong> &#8211; idealny do g\u0142adkiej i aromatycznej waporyzacji<br \/>\n&#8211; <strong>5% (50 mg \/ ml)<\/strong> &#8211; Zaprojektowany dla mocniejszego, bardziej satysfakcjonuj\u0105cego uderzenia w gard\u0142o <\/p>\n<h3>Specyfikacja<\/h3>\n<table style=\"height: 449px;\" width=\"1340\">\n<tbody>\n<tr>\n<td>Puffy<\/td>\n<td><strong>50000+ Puffs<\/strong><\/td>\n<\/tr>\n<tr>\n<td>Pojemno\u015b\u0107 e-p\u0142ynu<\/td>\n<td><strong>50 ml (25 ml na smak)<\/strong><\/td>\n<\/tr>\n<tr>\n<td>Pojemno\u015b\u0107 baterii<\/td>\n<td><strong>850 mAh<\/strong><\/td>\n<\/tr>\n<tr>\n<td>Rozmiar<\/td>\n<td><strong>55,9*27,3*119,8 mm<\/strong><\/td>\n<\/tr>\n<tr>\n<td>Jednorazowe czy nie?<\/td>\n<td><strong>Jednorazowy<\/strong><\/td>\n<\/tr>\n<tr>\n<td>Regulowana moc<\/td>\n<td><strong>TAK<\/strong><\/td>\n<\/tr>\n<tr>\n<td>Metoda aktywacji<\/td>\n<td><strong>Czujnik<\/strong><\/td>\n<\/tr>\n<tr>\n<td>Materia\u0142<\/td>\n<td><strong>PCTG<\/strong><\/td>\n<\/tr>\n<tr>\n<td>Poziom nikotyny<\/td>\n<td><strong>2% (20 mg\/ml) i 5% (50 mg\/ml)<\/strong><\/td>\n<\/tr>\n<tr>\n<td>Smaki<\/td>\n<td><strong>12<\/strong><\/td>\n<\/tr>\n<tr>\n<td>Pakowanie<\/td>\n<td><strong>1 opakowanie<\/strong><\/td>\n<\/tr>\n<tr>\n<td>Czas \u0142adowania<\/td>\n<td><strong>2 godziny<\/strong><\/td>\n<\/tr>\n<tr>\n<td>Przechowywanie<\/td>\n<td><strong>Unika\u0107 \u015brodowiska o wysokiej temperaturze i przechowywa\u0107 w ch\u0142odnym i suchym miejscu.<\/strong><\/td>\n<\/tr>\n<tr>\n<td>Osoby, kt\u00f3rym zabrania si\u0119 stosowania<\/td>\n<td><strong>Osoby niepe\u0142noletnie, kobiety w ci\u0105\u017cy i osoby uczulone na sk\u0142adniki produktu.<\/strong><\/td>\n<\/tr>\n<tr>\n<td>Uwaga<\/td>\n<td><strong>Nie po\u0142yka\u0107 tej substancji. W przypadku po\u0142kni\u0119cia nale\u017cy natychmiast dok\u0142adnie wyp\u0142uka\u0107 usta. W przypadku z\u0142ego samopoczucia nale\u017cy skontaktowa\u0107 si\u0119 z lekarzem.  <\/strong><\/td>\n<\/tr>\n<\/tbody>\n<\/table>\n<h3>Lista smak\u00f3w <strong>Fizzy Twins <\/strong>50000 Puffs:<\/h3>\n<ol>\n<li><a href=\"https:\/\/fizzyvape.eu\/pl\/produkt\/fizzy-twins-watermelon-ice-strawberry-kiwi-50000-puffow-10-sztuk\/\">Arbuzowy l\u00f3d i truskawkowe kiwi<\/a><\/li>\n<li><a href=\"https:\/\/fizzyvape.eu\/pl\/produkt\/fizzy-twins-strawberry-kiwi-pomegranate-red-bull-50000-puffow-10-sztuk\/\">Truskawka Kiwi Pomegranate &amp; Red Bull<\/a><\/li>\n<li><a href=\"https:\/\/fizzyvape.eu\/pl\/produkt\/fizzy-twins-blueberry-coconut-grape-ice-50000-puffow-10-sztuk\/\">L\u00f3d jagodowo-kokosowy i winogronowy<\/a><\/li>\n<li><a href=\"https:\/\/fizzyvape.eu\/pl\/produkt\/fizzy-twins-blue-razz-lemonade-triple-melon-50000-puffow-10-sztuk\/\">Lemoniada Blue Razz i potr\u00f3jny melon<\/a><\/li>\n<li><a href=\"https:\/\/fizzyvape.eu\/pl\/produkt\/fizzy-twins-strawberry-watermelon-blueberry-ice-50000-puffow-10-sztuk\/\">Truskawkowy arbuz i l\u00f3d jagodowy<\/a><\/li>\n<li><a href=\"https:\/\/fizzyvape.eu\/pl\/produkt\/fizzy-twins-peach-mango-watermelon-strawberry-banana-50000-puffow-10-sztuk\/\">Brzoskwinia Mango Arbuz &amp; Truskawka Banan<\/a><\/li>\n<li><a href=\"\/product\/fizzy-twins-raspberry-watermenlon-kiwi-passion-fruit-guava-50000-puffs-10pcs\/\">Malina, arbuz i kiwi, marakuja, guawa<\/a><\/li>\n<li><a href=\"https:\/\/fizzyvape.eu\/pl\/produkt\/fizzy-twins-pineapple-peach-passion-fruit-blueberry-raspberry-50000-puffow-10-sztuk\/\">Ananas Brzoskwinia Marakuja &amp; Jagoda Malina<\/a><\/li>\n<li><a href=\"https:\/\/fizzyvape.eu\/pl\/produkt\/fizzy-twins-watermelon-ice-lemon-lime-50000-puffow-10-sztuk\/\">L\u00f3d arbuzowy i limonka cytrynowa<\/a><\/li>\n<li><a href=\"https:\/\/fizzyvape.eu\/pl\/produkt\/fizzy-twins-mixed-berry-peach-ice-50000-puffow-10-sztuk\/\">L\u00f3d jagodowo-brzoskwiniowy<\/a><\/li>\n<li><a href=\"https:\/\/fizzyvape.eu\/pl\/produkt\/fizzy-twins-strawberry-ice-fizzy-cherry-50000-puffow-10-sztuk\/\">Strawberry Ice &amp; Fizzy Cherry<\/a><\/li>\n<li><a href=\"https:\/\/fizzyvape.eu\/pl\/produkt\/fizzy-twins-raspberry-lemonade-strawberry-ice-50000-puffow-10-sztuk\/\">Lemoniada malinowa i l\u00f3d truskawkowy<\/a><\/li>\n<\/ol>\n<h3>Najcz\u0119\u015bciej zadawane pytania dotycz\u0105ce Fizzy Twins Mixed Berry &amp; Peach Ice 50000 Puffs Vape<\/h3>\n<ul>\n<li><strong>Jak prze\u0142\u0105cza\u0107 si\u0119 mi\u0119dzy smakami Mixed Berry i Peach Ice?<\/strong><br \/>\nSystem dw\u00f3ch zbiornik\u00f3w umo\u017cliwia \u0142atwe prze\u0142\u0105czanie. Wystarczy nacisn\u0105\u0107 przycisk prze\u0142\u0105cznika smaku, aby prze\u0142\u0105cza\u0107 si\u0119 mi\u0119dzy s\u0142odkim <strong>Mixed Berry<\/strong> i ch\u0142odnym <strong>Peach Ice<\/strong>. <\/li>\n<li><strong>Jak d\u0142ugo wystarcza 50 000 zaci\u0105gni\u0119\u0107?<\/strong><br \/>\nW przypadku 50 ml e-liquidu wi\u0119kszo\u015b\u0107 u\u017cytkownik\u00f3w mo\u017ce oczekiwa\u0107 3-4 tygodni waporyzacji. Ci\u0119\u017ccy u\u017cytkownicy mog\u0105 potrzebowa\u0107 wymiany po 2-3 tygodniach. <\/li>\n<li><strong>Jaka jest r\u00f3\u017cnica mi\u0119dzy trybami zasilania Standard i Boost?<\/strong><br \/>\n<strong>Tryb Standard<\/strong> oferuje zr\u00f3wnowa\u017cony smak i produkcj\u0119 pary, podczas gdy <strong>tryb Boost<\/strong> intensyfikuje oba te tryby, zapewniaj\u0105c mocniejsze uderzenie i g\u0119stsze chmury.<\/li>\n<li><strong>Jak\u0105 moc nikotyny powinienem wybra\u0107?<\/strong>\n<ul>\n<li><strong>2% (20 mg \/ ml)<\/strong> jest idealny dla pocz\u0105tkuj\u0105cych lub okazjonalnych waper\u00f3w poszukuj\u0105cych g\u0142adkich, aromatycznych dozna\u0144.<\/li>\n<li><strong>5% (50 mg \/ ml)<\/strong> jest idealny dla by\u0142ych palaczy szukaj\u0105cych mocniejszego uderzenia w gard\u0142o.<\/li>\n<\/ul>\n<\/li>\n<\/ul>\n<\/div>\n","protected":false},"excerpt":{"rendered":"<p>Ciesz si\u0119 idealn\u0105 mieszank\u0105 s\u0142odkich jag\u00f3d i lodowatej brzoskwini dzi\u0119ki jednorazowemu waporyzatorowi <strong data-start=\"101\" data-end=\"152\">Fizzy Twins Mixed Berry &amp; Peach Ice 50000 Puffs<\/strong>. Dzi\u0119ki 50 000 ultra g\u0142adkich zaci\u0105gni\u0119\u0107, akumulatorowi 850 mAh i regulowanemu przep\u0142ywowi powietrza, urz\u0105dzenie to zapewnia d\u0142ugotrwa\u0142\u0105 i konfigurowaln\u0105 przyjemno\u015b\u0107 z waporyzacji. Idealny dla os\u00f3b poszukuj\u0105cych orze\u017awiaj\u0105cych i aromatycznych dozna\u0144.  <\/p>\n","protected":false},"featured_media":29754,"comment_status":"open","ping_status":"closed","template":"","meta":{"iawp_total_views":5},"product_brand":[],"product_cat":[253],"product_tag":[247],"class_list":{"0":"post-24948","1":"product","2":"type-product","3":"status-publish","4":"has-post-thumbnail","6":"product_cat-twins-jednorazowy-e-papieros-50k-50000-puffs-pl","7":"product_tag-50000puff","9":"first","10":"outofstock","11":"sale","12":"shipping-taxable","13":"purchasable","14":"product-type-variable"},"yoast_head":"<!-- This site is optimized with the Yoast SEO Premium plugin v24.8 (Yoast SEO v24.8) - https:\/\/yoast.com\/wordpress\/plugins\/seo\/ -->\n<title>Fizzy Twins Mixed Berry &amp; Peach Ice - 50000 puff\u00f3w - 10 sztuk - fizzyvape.eu<\/title>\n<meta name=\"description\" content=\"Ciesz si\u0119 10szt Fizzy Twins Mixed Berry &amp; Peach Ice 50,000 Puffs jednorazowych vape! Dwa smaki, akumulator i regulowany przep\u0142yw powietrza. Kup teraz!\" \/>\n<meta name=\"robots\" content=\"index, follow, max-snippet:-1, max-image-preview:large, max-video-preview:-1\" \/>\n<link rel=\"canonical\" href=\"https:\/\/fizzyvape.eu\/pl\/produkt\/fizzy-twins-mixed-berry-peach-ice-50000-puffow-10-sztuk\/\" \/>\n<meta property=\"og:locale\" content=\"pl_PL\" \/>\n<meta property=\"og:type\" content=\"article\" \/>\n<meta property=\"og:title\" content=\"Fizzy Twins Mixed Berry &amp; Peach Ice - 50000 puff\u00f3w - 10 sztuk\" \/>\n<meta property=\"og:description\" content=\"Ciesz si\u0119 10szt Fizzy Twins Mixed Berry &amp; Peach Ice 50,000 Puffs jednorazowych vape! Dwa smaki, akumulator i regulowany przep\u0142yw powietrza. Kup teraz!\" \/>\n<meta property=\"og:url\" content=\"https:\/\/fizzyvape.eu\/pl\/produkt\/fizzy-twins-mixed-berry-peach-ice-50000-puffow-10-sztuk\/\" \/>\n<meta property=\"og:site_name\" content=\"fizzyvape.eu\" \/>\n<meta property=\"article:modified_time\" content=\"2026-03-26T08:47:33+00:00\" \/>\n<meta property=\"og:image\" content=\"https:\/\/fizzyvape.eu\/wp-content\/uploads\/2025\/04\/fizzy-twins-50000Puffs-mixed-berrypeach-ice-1.webp\" \/>\n\t<meta property=\"og:image:width\" content=\"800\" \/>\n\t<meta property=\"og:image:height\" content=\"800\" \/>\n\t<meta property=\"og:image:type\" content=\"image\/webp\" \/>\n<meta name=\"twitter:card\" content=\"summary_large_image\" \/>\n<meta name=\"twitter:label1\" content=\"Dost\u0119pno\u015b\u0107\" \/>\n\t<meta name=\"twitter:data1\" content=\"Brak w magazynie\" \/>\n<script type=\"application\/ld+json\" class=\"yoast-schema-graph\">{\"@context\":\"https:\/\/schema.org\",\"@graph\":[{\"@type\":\"WebPage\",\"@id\":\"https:\/\/fizzyvape.eu\/pl\/produkt\/fizzy-twins-mixed-berry-peach-ice-50000-puffow-10-sztuk\/\",\"url\":\"https:\/\/fizzyvape.eu\/pl\/produkt\/fizzy-twins-mixed-berry-peach-ice-50000-puffow-10-sztuk\/\",\"name\":\"Fizzy Twins Mixed Berry &amp; Peach Ice - 50000 puff\u00f3w - 10 sztuk - fizzyvape.eu\",\"isPartOf\":{\"@id\":\"https:\/\/www.fizzyvape.eu\/pl\/#website\"},\"primaryImageOfPage\":{\"@id\":\"https:\/\/fizzyvape.eu\/pl\/produkt\/fizzy-twins-mixed-berry-peach-ice-50000-puffow-10-sztuk\/#primaryimage\"},\"image\":{\"@id\":\"https:\/\/fizzyvape.eu\/pl\/produkt\/fizzy-twins-mixed-berry-peach-ice-50000-puffow-10-sztuk\/#primaryimage\"},\"thumbnailUrl\":\"https:\/\/fizzyvape.eu\/wp-content\/uploads\/2025\/03\/Fizzy-Twins-50000-Puffs-Disposable-Vape-12.webp\",\"datePublished\":\"2025-03-31T09:46:38+00:00\",\"dateModified\":\"2026-03-26T08:47:33+00:00\",\"description\":\"Ciesz si\u0119 10szt Fizzy Twins Mixed Berry & Peach Ice 50,000 Puffs jednorazowych vape! Dwa smaki, akumulator i regulowany przep\u0142yw powietrza. Kup teraz!\",\"breadcrumb\":{\"@id\":\"https:\/\/fizzyvape.eu\/pl\/produkt\/fizzy-twins-mixed-berry-peach-ice-50000-puffow-10-sztuk\/#breadcrumb\"},\"inLanguage\":\"pl-PL\",\"potentialAction\":[{\"@type\":\"ReadAction\",\"target\":[\"https:\/\/fizzyvape.eu\/pl\/produkt\/fizzy-twins-mixed-berry-peach-ice-50000-puffow-10-sztuk\/\"]}]},{\"@type\":\"ImageObject\",\"inLanguage\":\"pl-PL\",\"@id\":\"https:\/\/fizzyvape.eu\/pl\/produkt\/fizzy-twins-mixed-berry-peach-ice-50000-puffow-10-sztuk\/#primaryimage\",\"url\":\"https:\/\/fizzyvape.eu\/wp-content\/uploads\/2025\/03\/Fizzy-Twins-50000-Puffs-Disposable-Vape-12.webp\",\"contentUrl\":\"https:\/\/fizzyvape.eu\/wp-content\/uploads\/2025\/03\/Fizzy-Twins-50000-Puffs-Disposable-Vape-12.webp\",\"width\":800,\"height\":800,\"caption\":\"Fizzy Twins 50000 Puffs Disposable Vape 12\"},{\"@type\":\"BreadcrumbList\",\"@id\":\"https:\/\/fizzyvape.eu\/pl\/produkt\/fizzy-twins-mixed-berry-peach-ice-50000-puffow-10-sztuk\/#breadcrumb\",\"itemListElement\":[{\"@type\":\"ListItem\",\"position\":1,\"name\":\"Home\",\"item\":\"https:\/\/fizzyvape.eu\/pl\/\"},{\"@type\":\"ListItem\",\"position\":2,\"name\":\"Sklep\",\"item\":\"https:\/\/fizzyvape.eu\/pl\/sklep\/\"},{\"@type\":\"ListItem\",\"position\":3,\"name\":\"Fizzy Twins Mixed Berry &amp; Peach Ice &#8211; 50000 puff\u00f3w &#8211; 10 sztuk\"}]},{\"@type\":\"WebSite\",\"@id\":\"https:\/\/www.fizzyvape.eu\/pl\/#website\",\"url\":\"https:\/\/www.fizzyvape.eu\/pl\/\",\"name\":\"fizzyvape.eu\",\"description\":\"Refreshing Vapes. Unforgettable Taste.\",\"publisher\":{\"@id\":\"https:\/\/www.fizzyvape.eu\/pl\/#organization\"},\"potentialAction\":[{\"@type\":\"SearchAction\",\"target\":{\"@type\":\"EntryPoint\",\"urlTemplate\":\"https:\/\/www.fizzyvape.eu\/pl\/?s={search_term_string}\"},\"query-input\":{\"@type\":\"PropertyValueSpecification\",\"valueRequired\":true,\"valueName\":\"search_term_string\"}}],\"inLanguage\":\"pl-PL\"},{\"@type\":\"Organization\",\"@id\":\"https:\/\/www.fizzyvape.eu\/pl\/#organization\",\"name\":\"fizzyvape.eu\",\"url\":\"https:\/\/www.fizzyvape.eu\/pl\/\",\"logo\":{\"@type\":\"ImageObject\",\"inLanguage\":\"pl-PL\",\"@id\":\"https:\/\/www.fizzyvape.eu\/pl\/#\/schema\/logo\/image\/\",\"url\":\"https:\/\/fizzyvape.eu\/wp-content\/uploads\/2019\/06\/print-1.svg\",\"contentUrl\":\"https:\/\/fizzyvape.eu\/wp-content\/uploads\/2019\/06\/print-1.svg\",\"width\":124,\"height\":37,\"caption\":\"fizzyvape.eu\"},\"image\":{\"@id\":\"https:\/\/www.fizzyvape.eu\/pl\/#\/schema\/logo\/image\/\"}}]}<\/script>\n<meta property=\"og:availability\" content=\"out of stock\" \/>\n<meta property=\"product:availability\" content=\"out of stock\" \/>\n<meta property=\"product:condition\" content=\"new\" \/>\n<!-- \/ Yoast SEO Premium plugin. -->","yoast_head_json":{"title":"Fizzy Twins Mixed Berry &amp; Peach Ice - 50000 puff\u00f3w - 10 sztuk - fizzyvape.eu","description":"Ciesz si\u0119 10szt Fizzy Twins Mixed Berry & Peach Ice 50,000 Puffs jednorazowych vape! Dwa smaki, akumulator i regulowany przep\u0142yw powietrza. Kup teraz!","robots":{"index":"index","follow":"follow","max-snippet":"max-snippet:-1","max-image-preview":"max-image-preview:large","max-video-preview":"max-video-preview:-1"},"canonical":"https:\/\/fizzyvape.eu\/pl\/produkt\/fizzy-twins-mixed-berry-peach-ice-50000-puffow-10-sztuk\/","og_locale":"pl_PL","og_type":"article","og_title":"Fizzy Twins Mixed Berry &amp; Peach Ice - 50000 puff\u00f3w - 10 sztuk","og_description":"Ciesz si\u0119 10szt Fizzy Twins Mixed Berry & Peach Ice 50,000 Puffs jednorazowych vape! Dwa smaki, akumulator i regulowany przep\u0142yw powietrza. Kup teraz!","og_url":"https:\/\/fizzyvape.eu\/pl\/produkt\/fizzy-twins-mixed-berry-peach-ice-50000-puffow-10-sztuk\/","og_site_name":"fizzyvape.eu","article_modified_time":"2026-03-26T08:47:33+00:00","og_image":[{"width":800,"height":800,"url":"https:\/\/fizzyvape.eu\/wp-content\/uploads\/2025\/04\/fizzy-twins-50000Puffs-mixed-berrypeach-ice-1.webp","type":"image\/webp"}],"twitter_card":"summary_large_image","twitter_misc":{"Dost\u0119pno\u015b\u0107":"Brak w magazynie"},"schema":{"@context":"https:\/\/schema.org","@graph":[{"@type":"WebPage","@id":"https:\/\/fizzyvape.eu\/pl\/produkt\/fizzy-twins-mixed-berry-peach-ice-50000-puffow-10-sztuk\/","url":"https:\/\/fizzyvape.eu\/pl\/produkt\/fizzy-twins-mixed-berry-peach-ice-50000-puffow-10-sztuk\/","name":"Fizzy Twins Mixed Berry &amp; Peach Ice - 50000 puff\u00f3w - 10 sztuk - fizzyvape.eu","isPartOf":{"@id":"https:\/\/www.fizzyvape.eu\/pl\/#website"},"primaryImageOfPage":{"@id":"https:\/\/fizzyvape.eu\/pl\/produkt\/fizzy-twins-mixed-berry-peach-ice-50000-puffow-10-sztuk\/#primaryimage"},"image":{"@id":"https:\/\/fizzyvape.eu\/pl\/produkt\/fizzy-twins-mixed-berry-peach-ice-50000-puffow-10-sztuk\/#primaryimage"},"thumbnailUrl":"https:\/\/fizzyvape.eu\/wp-content\/uploads\/2025\/03\/Fizzy-Twins-50000-Puffs-Disposable-Vape-12.webp","datePublished":"2025-03-31T09:46:38+00:00","dateModified":"2026-03-26T08:47:33+00:00","description":"Ciesz si\u0119 10szt Fizzy Twins Mixed Berry & Peach Ice 50,000 Puffs jednorazowych vape! Dwa smaki, akumulator i regulowany przep\u0142yw powietrza. Kup teraz!","breadcrumb":{"@id":"https:\/\/fizzyvape.eu\/pl\/produkt\/fizzy-twins-mixed-berry-peach-ice-50000-puffow-10-sztuk\/#breadcrumb"},"inLanguage":"pl-PL","potentialAction":[{"@type":"ReadAction","target":["https:\/\/fizzyvape.eu\/pl\/produkt\/fizzy-twins-mixed-berry-peach-ice-50000-puffow-10-sztuk\/"]}]},{"@type":"ImageObject","inLanguage":"pl-PL","@id":"https:\/\/fizzyvape.eu\/pl\/produkt\/fizzy-twins-mixed-berry-peach-ice-50000-puffow-10-sztuk\/#primaryimage","url":"https:\/\/fizzyvape.eu\/wp-content\/uploads\/2025\/03\/Fizzy-Twins-50000-Puffs-Disposable-Vape-12.webp","contentUrl":"https:\/\/fizzyvape.eu\/wp-content\/uploads\/2025\/03\/Fizzy-Twins-50000-Puffs-Disposable-Vape-12.webp","width":800,"height":800,"caption":"Fizzy Twins 50000 Puffs Disposable Vape 12"},{"@type":"BreadcrumbList","@id":"https:\/\/fizzyvape.eu\/pl\/produkt\/fizzy-twins-mixed-berry-peach-ice-50000-puffow-10-sztuk\/#breadcrumb","itemListElement":[{"@type":"ListItem","position":1,"name":"Home","item":"https:\/\/fizzyvape.eu\/pl\/"},{"@type":"ListItem","position":2,"name":"Sklep","item":"https:\/\/fizzyvape.eu\/pl\/sklep\/"},{"@type":"ListItem","position":3,"name":"Fizzy Twins Mixed Berry &amp; Peach Ice &#8211; 50000 puff\u00f3w &#8211; 10 sztuk"}]},{"@type":"WebSite","@id":"https:\/\/www.fizzyvape.eu\/pl\/#website","url":"https:\/\/www.fizzyvape.eu\/pl\/","name":"fizzyvape.eu","description":"Refreshing Vapes. Unforgettable Taste.","publisher":{"@id":"https:\/\/www.fizzyvape.eu\/pl\/#organization"},"potentialAction":[{"@type":"SearchAction","target":{"@type":"EntryPoint","urlTemplate":"https:\/\/www.fizzyvape.eu\/pl\/?s={search_term_string}"},"query-input":{"@type":"PropertyValueSpecification","valueRequired":true,"valueName":"search_term_string"}}],"inLanguage":"pl-PL"},{"@type":"Organization","@id":"https:\/\/www.fizzyvape.eu\/pl\/#organization","name":"fizzyvape.eu","url":"https:\/\/www.fizzyvape.eu\/pl\/","logo":{"@type":"ImageObject","inLanguage":"pl-PL","@id":"https:\/\/www.fizzyvape.eu\/pl\/#\/schema\/logo\/image\/","url":"https:\/\/fizzyvape.eu\/wp-content\/uploads\/2019\/06\/print-1.svg","contentUrl":"https:\/\/fizzyvape.eu\/wp-content\/uploads\/2019\/06\/print-1.svg","width":124,"height":37,"caption":"fizzyvape.eu"},"image":{"@id":"https:\/\/www.fizzyvape.eu\/pl\/#\/schema\/logo\/image\/"}}]},"og_availability":"out of stock","product_availability":"out of stock","product_condition":"new"},"tiered_pricing_type":"fixed","tiered_pricing_fixed_rules":[],"tiered_pricing_product_settings":{"layout":"default","base_unit_name":{"singular":null,"plural":null},"default_variation":null},"tiered_pricing_minimum_quantity":null,"tiered_pricing_roles_data":[],"tiered_pricing_percentage_rules":[],"tiered_pricing_maximum_quantity":null,"tiered_pricing_quantity_step":null,"_links":{"self":[{"href":"https:\/\/fizzyvape.eu\/pl\/wp-json\/wp\/v2\/product\/24948","targetHints":{"allow":["GET"]}}],"collection":[{"href":"https:\/\/fizzyvape.eu\/pl\/wp-json\/wp\/v2\/product"}],"about":[{"href":"https:\/\/fizzyvape.eu\/pl\/wp-json\/wp\/v2\/types\/product"}],"replies":[{"embeddable":true,"href":"https:\/\/fizzyvape.eu\/pl\/wp-json\/wp\/v2\/comments?post=24948"}],"version-history":[{"count":0,"href":"https:\/\/fizzyvape.eu\/pl\/wp-json\/wp\/v2\/product\/24948\/revisions"}],"wp:featuredmedia":[{"embeddable":true,"href":"https:\/\/fizzyvape.eu\/pl\/wp-json\/wp\/v2\/media\/29754"}],"wp:attachment":[{"href":"https:\/\/fizzyvape.eu\/pl\/wp-json\/wp\/v2\/media?parent=24948"}],"wp:term":[{"taxonomy":"product_brand","embeddable":true,"href":"https:\/\/fizzyvape.eu\/pl\/wp-json\/wp\/v2\/product_brand?post=24948"},{"taxonomy":"product_cat","embeddable":true,"href":"https:\/\/fizzyvape.eu\/pl\/wp-json\/wp\/v2\/product_cat?post=24948"},{"taxonomy":"product_tag","embeddable":true,"href":"https:\/\/fizzyvape.eu\/pl\/wp-json\/wp\/v2\/product_tag?post=24948"}],"curies":[{"name":"wp","href":"https:\/\/api.w.org\/{rel}","templated":true}]}}