{"id":25013,"date":"2025-04-02T09:12:56","date_gmt":"2025-04-02T01:12:56","guid":{"rendered":"https:\/\/fizzyvape.eu\/product\/zestaw-6-smakow-fizzy-nova-plus-40000-puffs-tropical-ice-fusion-6-sztuk\/"},"modified":"2025-11-29T17:32:36","modified_gmt":"2025-11-29T09:32:36","slug":"zestaw-6-smakow-fizzy-nova-plus-40000-puffs-tropical-ice-fusion-6-sztuk","status":"publish","type":"product","link":"https:\/\/fizzyvape.eu\/pl\/produkt\/zestaw-6-smakow-fizzy-nova-plus-40000-puffs-tropical-ice-fusion-6-sztuk\/","title":{"rendered":"Zestaw 6 smak\u00f3w Fizzy Nova Plus 40000 Puffs Tropical Ice Fusion &#8211; 6 sztuk"},"content":{"rendered":"<div>\n<h1><strong>Zestaw 6 smak\u00f3w Fizzy Nova Plus 40000 Puffs Tropical Ice Fusion<\/strong><\/h1>\n<p><strong>Wyrusz na globaln\u0105 wypraw\u0119 smakow\u0105<\/strong> z zestawem 6 smak\u00f3w Fizzy Nova Plus. Ta wyselekcjonowana kolekcja obejmuje sze\u015b\u0107 lodowo-owocowych fuzji, \u0142\u0105cz\u0105cych najwy\u017cszej jako\u015bci owoce tropikalne ze \u015bwie\u017co\u015bci\u0105 poni\u017cej zera, zapewniaj\u0105c aksamitnie g\u0142adkie doznania podczas waporyzacji. Ka\u017cde urz\u0105dzenie zapewnia <strong>40 000 bogatych, aromatycznych zaci\u0105gni\u0119\u0107<\/strong> naszym charakterystycznym e-liquidem, stworzonym przez \u015bwiatowej s\u0142awy rzemie\u015blnik\u00f3w smaku.  <\/p>\n<h2><strong>Sk\u0142ad smak\u00f3w<\/strong><\/h2>\n<ol>\n<li><strong>Strawberry Ice<\/strong> \u2744\ufe0f\ud83c\udf53 &#8211; <em>Soczyste truskawki w po\u0142\u0105czeniu z arktycznym ch\u0142odem<\/em><\/li>\n<li><strong>Blueberry Coconut<\/strong> \ud83e\udd65\ud83d\udc99 &#8211; <em>Kremowe wi\u00f3rki kokosowe z dzikimi jagodami<\/em><\/li>\n<li><strong>Truskawka Kiwi<\/strong> \ud83c\udf53\ud83e\udd5d &#8211; <em>Cierpkie kiwi elektryzuje s\u0142odk\u0105 truskawk\u0119<\/em><\/li>\n<li><strong>Blueberry Ice<\/strong> \ud83d\udc8e\u2744\ufe0f &#8211; <em>Niezwykle ch\u0142odna jagodowa eksplozja mrozu<\/em><\/li>\n<li><strong>Watermelon Ice<\/strong> \ud83c\udf49\ud83e\uddca &#8211; <em>Chrupi\u0105ce, nawil\u017caj\u0105ce arbuzowe slushie<\/em><\/li>\n<li><strong>Brzoskwinia Mango Arbuz<\/strong> \ud83c\udf51\ud83e\udd6d\ud83c\udf49 &#8211; <em>Tropikalna euforia w potr\u00f3jnym wydaniu<\/em><\/li>\n<\/ol>\n<h3>Kluczowe cechy:<\/h3>\n<p>\ud83d\udd39 <strong>Urz\u0105dzenia 6 x 40 000<\/strong> <strong>zaci\u0105gni\u0119\u0107<\/strong>&#8211; Ciesz si\u0119 d\u0142u\u017cszym vapingiem z <em>wiod\u0105c\u0105 w bran\u017cy pojemno\u015bci\u0105<\/em> ( <strong>240 000 zaci\u0105gni\u0119\u0107<\/strong>!).<br \/>\n\ud83d\udd39 <strong>40 ml e-p\u0142ynu na urz\u0105dzenie<\/strong> &#8211; tygodnie nieprzerwanego tropikalnego orze\u017awienia<br \/>\n\ud83d\udd39 <strong>Technologia Dual Mesh Coil<\/strong> &#8211; maksymalizuje wyrazisto\u015b\u0107 smaku i g\u0119sto\u015b\u0107 chmur<br \/>\n\ud83d\udd39 <strong>Inteligentny system Dual-Mode<\/strong> &#8211; prze\u0142\u0105czanie mi\u0119dzy <strong>trybem Eco<\/strong> dla zwi\u0119kszenia wydajno\u015bci i <strong>trybem Turbo<\/strong> dla zwi\u0119kszenia osi\u0105g\u00f3w.<br \/>\n\ud83d\udd39 <strong>Szybkie \u0142adowanie USB-C<\/strong> &#8211; bateria 850 mAh \u0142aduje si\u0119 w <strong>120 minut<\/strong><br \/>\n\ud83d\udd39 <strong>Obudowa ze stopu lotniczego<\/strong> &#8211; elegancka, trwa\u0142a i przyjazna dla kieszeni   <\/p>\n<h2><strong>Dlaczego warto wybra\u0107 Fizzy Nova Plus 40K Vape?<\/strong><\/h2>\n<p>\ud83d\udd25 <strong>Niezr\u00f3wnana trwa\u0142o\u015b\u0107<\/strong> &#8211; przewy\u017csza zwyk\u0142e jednoraz\u00f3wki o <strong>300%<\/strong><br \/>\n\ud83d\udc8e <strong>In\u017cynieria premium<\/strong> &#8211; konstrukcja ze stopu lotniczego z ergonomiczn\u0105 elegancj\u0105<br \/>\n\ud83d\udc51 <strong>Perfekcja smaku<\/strong> &#8211; skrupulatnie opracowana przez \u015bwiatowej s\u0142awy rzemie\u015blnik\u00f3w smaku. <\/p>\n<\/div>\n<div>\n<h3><strong>Opcje nikotyny:<\/strong><\/h3>\n<p>&#8211; <strong>2% (20 mg \/ ml)<\/strong> &#8211; idealny do g\u0142adkiej i aromatycznej waporyzacji<br \/>\n&#8211; <strong>5% (50 mg \/ ml)<\/strong> &#8211; Zaprojektowany dla mocniejszego, bardziej satysfakcjonuj\u0105cego uderzenia w gard\u0142o <\/p>\n<h3>Specyfikacja<\/h3>\n<table style=\"height: 449px;\" width=\"1340\">\n<tbody>\n<tr>\n<td>Puffy<\/td>\n<td><strong>40000+ Puffs<\/strong><\/td>\n<\/tr>\n<tr>\n<td>Pojemno\u015b\u0107 e-p\u0142ynu<\/td>\n<td><strong>40ml<\/strong><\/td>\n<\/tr>\n<tr>\n<td>Pojemno\u015b\u0107 baterii<\/td>\n<td><strong>850 mAh<\/strong><\/td>\n<\/tr>\n<tr>\n<td>Rozmiar<\/td>\n<td><strong>52,5*24,5*104,3 mm<\/strong><\/td>\n<\/tr>\n<tr>\n<td>Jednorazowe czy nie?<\/td>\n<td><strong>Jednorazowy<\/strong><\/td>\n<\/tr>\n<tr>\n<td>Metoda \u0142adowania<\/td>\n<td><strong>Kabel<\/strong><\/td>\n<\/tr>\n<tr>\n<td>Metoda aktywacji<\/td>\n<td><strong>Czujnik<\/strong><\/td>\n<\/tr>\n<tr>\n<td>Materia\u0142<\/td>\n<td><strong>PCTG<\/strong><\/td>\n<\/tr>\n<tr>\n<td>Poziom nikotyny<\/td>\n<td><strong>2% (20 mg\/ml) i 5% (50 mg\/ml)<\/strong><\/td>\n<\/tr>\n<tr>\n<td>Smaki<\/td>\n<td><strong>12<\/strong><\/td>\n<\/tr>\n<tr>\n<td>Pakowanie<\/td>\n<td><strong>1 opakowanie<\/strong><\/td>\n<\/tr>\n<tr>\n<td>Czas \u0142adowania<\/td>\n<td><strong>2 godziny<\/strong><\/td>\n<\/tr>\n<tr>\n<td>Przechowywanie<\/td>\n<td><strong>Unika\u0107 \u015brodowiska o wysokiej temperaturze i przechowywa\u0107 w ch\u0142odnym i suchym miejscu.<\/strong><\/td>\n<\/tr>\n<tr>\n<td>Osoby, kt\u00f3rym zabrania si\u0119 stosowania<\/td>\n<td><strong>Osoby niepe\u0142noletnie, kobiety w ci\u0105\u017cy i osoby uczulone na sk\u0142adniki produktu.<\/strong><\/td>\n<\/tr>\n<tr>\n<td>Uwaga<\/td>\n<td><strong>Nie po\u0142yka\u0107 tej substancji. W przypadku po\u0142kni\u0119cia nale\u017cy natychmiast dok\u0142adnie wyp\u0142uka\u0107 usta. W przypadku z\u0142ego samopoczucia nale\u017cy skontaktowa\u0107 si\u0119 z lekarzem.  <\/strong><\/td>\n<\/tr>\n<\/tbody>\n<\/table>\n<h3>Lista smak\u00f3w <strong>Fizzy Nova Plus <\/strong>40000 Puffs:<\/h3>\n<ol>\n<li><a href=\"https:\/\/fizzyvape.eu\/pl\/produkt\/fizzy-nova-plus-strawberry-kiwi-40000-puffow-10-sztuk\/\">Truskawka Kiwi<\/a><\/li>\n<li><a href=\"https:\/\/fizzyvape.eu\/pl\/produkt\/fizzy-nova-plus-blueberry-ice-40000-puffow-10-sztuk\/\">L\u00f3d jagodowy<\/a><\/li>\n<li><a href=\"https:\/\/fizzyvape.eu\/pl\/produkt\/fizzy-nova-plus-watermelon-ice-40000-puffow-10-sztuk\/\">Arbuzowy l\u00f3d<\/a><\/li>\n<li><a href=\"https:\/\/fizzyvape.eu\/pl\/produkt\/fizzy-nova-plus-peach-mango-watermelon-40000-puffow-10-sztuk\/\">Brzoskwinia Mango Arbuz<\/a><\/li>\n<li><a href=\"https:\/\/fizzyvape.eu\/pl\/produkt\/fizzy-nova-plus-kiwi-passion-fruit-guava-40000-puffow-10-sztuk\/\">Kiwi Passion Fruit Guava<\/a><\/li>\n<li><a href=\"https:\/\/fizzyvape.eu\/pl\/produkt\/fizzy-nova-plus-raspberry-lemon-40000-puffow-10-sztuk\/\">Malina z cytryn\u0105<\/a><\/li>\n<li><a href=\"https:\/\/fizzyvape.eu\/pl\/produkt\/fizzy-nova-plus-triple-berry-40000-puffow-10-sztuk\/\">Triple Berry<\/a><\/li>\n<li><a href=\"https:\/\/fizzyvape.eu\/pl\/produkt\/fizzy-nova-plus-peach-ice-40000-puffow-10-sztuk\/\">L\u00f3d brzoskwiniowy<\/a><\/li>\n<li><a href=\"https:\/\/fizzyvape.eu\/pl\/produkt\/fizzy-nova-plus-grape-lime-40000-puffow-10-sztuk\/\">Grape Lime<\/a><\/li>\n<li><a href=\"https:\/\/fizzyvape.eu\/pl\/produkt\/fizzy-nova-plus-blue-razz-lemonade-40000-puffow-10-sztuk\/\">Lemoniada Blue Razz<\/a><\/li>\n<li><a href=\"https:\/\/fizzyvape.eu\/pl\/produkt\/fizzy-nova-plus-strawberry-ice-40000-puffow-10-sztuk\/\">L\u00f3d truskawkowy<\/a><\/li>\n<li><a href=\"https:\/\/fizzyvape.eu\/pl\/produkt\/fizzy-nova-plus-blueberry-coconut-40000-puffow-10-sztuk\/\">Jagoda z kokosem<\/a><\/li>\n<\/ol>\n<h3>Cz\u0119sto zadawane pytania dotycz\u0105ce <strong>zestawu 6 smak\u00f3w Fizzy Nova Plus 40000 Puffs Tropical Ice Fusion<\/strong><\/h3>\n<p><strong>1. <\/strong><strong>Jak d\u0142ugo wystarczy mi zestaw 6 smak\u00f3w?<\/strong><\/p>\n<p>Ka\u017cde urz\u0105dzenie zapewnia <strong>40 000 zaci\u0105gni\u0119\u0107, co odpowiada<\/strong> <strong>4-5 standardowym jednoraz\u00f3wkom<\/strong>. W przypadku przeci\u0119tnych waper\u00f3w pe\u0142ny pakiet (240 000 zaci\u0105gni\u0119\u0107) wystarcza na <strong>ponad 12 tygodni<\/strong>. Intensywni u\u017cytkownicy mog\u0105 korzysta\u0107 z urz\u0105dzenia przez <strong>6-8 tygodni<\/strong>.  <\/p>\n<p><strong>2. <\/strong><strong>Jaka jest r\u00f3\u017cnica mi\u0119dzy trybem Eco a trybem Turbo?<\/strong><\/p>\n<ul>\n<li><strong>Tryb Eco<\/strong>: Wyd\u0142u\u017ca \u017cywotno\u015b\u0107 baterii poprzez optymalizacj\u0119 mocy wyj\u015bciowej (idealny do ca\u0142odziennego u\u017cytkowania).<\/li>\n<li><strong>Tryb Turbo<\/strong>: Zwi\u0119ksza produkcj\u0119 pary i intensywno\u015b\u0107 smaku, zapewniaj\u0105c wi\u0119ksze chmury (idealne dla mi\u0142o\u015bnik\u00f3w smaku).<\/li>\n<\/ul>\n<p><strong>3. <\/strong><strong>Kt\u00f3ry smak jest najmocniejszy\/najbardziej orze\u017awiaj\u0105cy?<\/strong><\/p>\n<ul>\n<li><strong>Najsilniejsze uderzenie w gard\u0142o<\/strong>: Blueberry Ice (5% nikotyny) dla lodowatej intensywno\u015bci.<\/li>\n<li><strong>Najbardziej orze\u017awiaj\u0105ce<\/strong>: Watermelon Ice lub Peach Mango Watermelon (tropikalny + ch\u0142odz\u0105cy).<\/li>\n<li><strong>Najbardziej kremowa mieszanka<\/strong>: Blueberry Coconut.<\/li>\n<\/ul>\n<p><strong>4. Jakie st\u0119\u017cenia nikotyny s\u0105 dost\u0119pne?<\/strong><\/p>\n<ul>\n<li><strong>2% (20 mg\/ml)<\/strong> &#8211; \u0142agodne i aromatyczne doznania<\/li>\n<li><strong>5% (50 mg\/ml)<\/strong> &#8211; silniejsze uderzenie nikotyny dla bardziej intensywnego uderzenia w gard\u0142o.<\/li>\n<\/ul>\n<\/div>\n","protected":false},"excerpt":{"rendered":"<p><strong>Fizzy Nova Plus 40000 Puffs Tropical Ice<\/strong> Fusion <strong>6-Flavor<\/strong> Bundle zapewnia mro\u017an\u0105 rewolucj\u0119 smakow\u0105 z wiod\u0105c\u0105 w bran\u017cy wytrzyma\u0142o\u015bci\u0105. Do\u015bwiadcz 6 po\u017c\u0105danych lodowych mieszanek<strong>(\u0142\u0105cznie 240 tys. zaci\u0105gni\u0119\u0107!<\/strong>), w tym <strong>Blueberry Ice<\/strong> i <strong>Peach Mango Watermelon<\/strong> &#8211; najlepszy wyb\u00f3r dla waper\u00f3w, kt\u00f3rzy wymagaj\u0105 orze\u017awiaj\u0105cego smaku i najwy\u017cszej wydajno\u015bci! <\/p>\n","protected":false},"featured_media":29620,"comment_status":"open","ping_status":"closed","template":"","meta":{"iawp_total_views":2},"product_brand":[],"product_cat":[252],"product_tag":[350],"class_list":{"0":"post-25013","1":"product","2":"type-product","3":"status-publish","4":"has-post-thumbnail","6":"product_cat-multi-flavor-pack-pl","7":"product_tag-40000-zaciagniec","9":"first","10":"outofstock","11":"sale","12":"shipping-taxable","13":"purchasable","14":"product-type-variable"},"yoast_head":"<!-- This site is optimized with the Yoast SEO Premium plugin v24.8 (Yoast SEO v24.8) - https:\/\/yoast.com\/wordpress\/plugins\/seo\/ -->\n<title>Zestaw 6 smak\u00f3w Fizzy Nova Plus 40000 Puffs Tropical Ice Fusion - 6 sztuk - fizzyvape.eu<\/title>\n<meta name=\"description\" content=\"Do\u015bwiadcz 240 000 zaci\u0105gni\u0119\u0107 z Fizzy Nova Plus 40K Vape! 6 lodowatych tropikalnych smak\u00f3w, technologia dual-mode i szybkie \u0142adowanie przez USB-C. W zestawie: 6 sztuk!\" \/>\n<meta name=\"robots\" content=\"index, follow, max-snippet:-1, max-image-preview:large, max-video-preview:-1\" \/>\n<link rel=\"canonical\" href=\"https:\/\/fizzyvape.eu\/pl\/produkt\/zestaw-6-smakow-fizzy-nova-plus-40000-puffs-tropical-ice-fusion-6-sztuk\/\" \/>\n<meta property=\"og:locale\" content=\"pl_PL\" \/>\n<meta property=\"og:type\" content=\"article\" \/>\n<meta property=\"og:title\" content=\"Zestaw 6 smak\u00f3w Fizzy Nova Plus 40000 Puffs Tropical Ice Fusion - 6 sztuk\" \/>\n<meta property=\"og:description\" content=\"Do\u015bwiadcz 240 000 zaci\u0105gni\u0119\u0107 z Fizzy Nova Plus 40K Vape! 6 lodowatych tropikalnych smak\u00f3w, technologia dual-mode i szybkie \u0142adowanie przez USB-C. W zestawie: 6 sztuk!\" \/>\n<meta property=\"og:url\" content=\"https:\/\/fizzyvape.eu\/pl\/produkt\/zestaw-6-smakow-fizzy-nova-plus-40000-puffs-tropical-ice-fusion-6-sztuk\/\" \/>\n<meta property=\"og:site_name\" content=\"fizzyvape.eu\" \/>\n<meta property=\"article:modified_time\" content=\"2025-11-29T09:32:36+00:00\" \/>\n<meta property=\"og:image\" content=\"https:\/\/fizzyvape.eu\/wp-content\/uploads\/2025\/04\/Fizzy-Nova-Plus-40000-Puffs-1-1.webp\" \/>\n\t<meta property=\"og:image:width\" content=\"800\" \/>\n\t<meta property=\"og:image:height\" content=\"800\" \/>\n\t<meta property=\"og:image:type\" content=\"image\/webp\" \/>\n<meta name=\"twitter:card\" content=\"summary_large_image\" \/>\n<meta name=\"twitter:label1\" content=\"Dost\u0119pno\u015b\u0107\" \/>\n\t<meta name=\"twitter:data1\" content=\"Brak w magazynie\" \/>\n<script type=\"application\/ld+json\" class=\"yoast-schema-graph\">{\"@context\":\"https:\/\/schema.org\",\"@graph\":[{\"@type\":\"WebPage\",\"@id\":\"https:\/\/fizzyvape.eu\/pl\/produkt\/zestaw-6-smakow-fizzy-nova-plus-40000-puffs-tropical-ice-fusion-6-sztuk\/\",\"url\":\"https:\/\/fizzyvape.eu\/pl\/produkt\/zestaw-6-smakow-fizzy-nova-plus-40000-puffs-tropical-ice-fusion-6-sztuk\/\",\"name\":\"Zestaw 6 smak\u00f3w Fizzy Nova Plus 40000 Puffs Tropical Ice Fusion - 6 sztuk - fizzyvape.eu\",\"isPartOf\":{\"@id\":\"https:\/\/www.fizzyvape.eu\/pl\/#website\"},\"primaryImageOfPage\":{\"@id\":\"https:\/\/fizzyvape.eu\/pl\/produkt\/zestaw-6-smakow-fizzy-nova-plus-40000-puffs-tropical-ice-fusion-6-sztuk\/#primaryimage\"},\"image\":{\"@id\":\"https:\/\/fizzyvape.eu\/pl\/produkt\/zestaw-6-smakow-fizzy-nova-plus-40000-puffs-tropical-ice-fusion-6-sztuk\/#primaryimage\"},\"thumbnailUrl\":\"https:\/\/fizzyvape.eu\/wp-content\/uploads\/2025\/04\/Fizzy-Nova-Plus-40000-Puffs-1-2.webp\",\"datePublished\":\"2025-04-02T01:12:56+00:00\",\"dateModified\":\"2025-11-29T09:32:36+00:00\",\"description\":\"Do\u015bwiadcz 240 000 zaci\u0105gni\u0119\u0107 z Fizzy Nova Plus 40K Vape! 6 lodowatych tropikalnych smak\u00f3w, technologia dual-mode i szybkie \u0142adowanie przez USB-C. W zestawie: 6 sztuk!\",\"breadcrumb\":{\"@id\":\"https:\/\/fizzyvape.eu\/pl\/produkt\/zestaw-6-smakow-fizzy-nova-plus-40000-puffs-tropical-ice-fusion-6-sztuk\/#breadcrumb\"},\"inLanguage\":\"pl-PL\",\"potentialAction\":[{\"@type\":\"ReadAction\",\"target\":[\"https:\/\/fizzyvape.eu\/pl\/produkt\/zestaw-6-smakow-fizzy-nova-plus-40000-puffs-tropical-ice-fusion-6-sztuk\/\"]}]},{\"@type\":\"ImageObject\",\"inLanguage\":\"pl-PL\",\"@id\":\"https:\/\/fizzyvape.eu\/pl\/produkt\/zestaw-6-smakow-fizzy-nova-plus-40000-puffs-tropical-ice-fusion-6-sztuk\/#primaryimage\",\"url\":\"https:\/\/fizzyvape.eu\/wp-content\/uploads\/2025\/04\/Fizzy-Nova-Plus-40000-Puffs-1-2.webp\",\"contentUrl\":\"https:\/\/fizzyvape.eu\/wp-content\/uploads\/2025\/04\/Fizzy-Nova-Plus-40000-Puffs-1-2.webp\",\"width\":800,\"height\":800,\"caption\":\"Fizzy Nova Plus 40000 Puffs\"},{\"@type\":\"BreadcrumbList\",\"@id\":\"https:\/\/fizzyvape.eu\/pl\/produkt\/zestaw-6-smakow-fizzy-nova-plus-40000-puffs-tropical-ice-fusion-6-sztuk\/#breadcrumb\",\"itemListElement\":[{\"@type\":\"ListItem\",\"position\":1,\"name\":\"Home\",\"item\":\"https:\/\/fizzyvape.eu\/pl\/\"},{\"@type\":\"ListItem\",\"position\":2,\"name\":\"Sklep\",\"item\":\"https:\/\/fizzyvape.eu\/pl\/sklep\/\"},{\"@type\":\"ListItem\",\"position\":3,\"name\":\"Zestaw 6 smak\u00f3w Fizzy Nova Plus 40000 Puffs Tropical Ice Fusion &#8211; 6 sztuk\"}]},{\"@type\":\"WebSite\",\"@id\":\"https:\/\/www.fizzyvape.eu\/pl\/#website\",\"url\":\"https:\/\/www.fizzyvape.eu\/pl\/\",\"name\":\"fizzyvape.eu\",\"description\":\"Refreshing Vapes. Unforgettable Taste.\",\"publisher\":{\"@id\":\"https:\/\/www.fizzyvape.eu\/pl\/#organization\"},\"potentialAction\":[{\"@type\":\"SearchAction\",\"target\":{\"@type\":\"EntryPoint\",\"urlTemplate\":\"https:\/\/www.fizzyvape.eu\/pl\/?s={search_term_string}\"},\"query-input\":{\"@type\":\"PropertyValueSpecification\",\"valueRequired\":true,\"valueName\":\"search_term_string\"}}],\"inLanguage\":\"pl-PL\"},{\"@type\":\"Organization\",\"@id\":\"https:\/\/www.fizzyvape.eu\/pl\/#organization\",\"name\":\"fizzyvape.eu\",\"url\":\"https:\/\/www.fizzyvape.eu\/pl\/\",\"logo\":{\"@type\":\"ImageObject\",\"inLanguage\":\"pl-PL\",\"@id\":\"https:\/\/www.fizzyvape.eu\/pl\/#\/schema\/logo\/image\/\",\"url\":\"https:\/\/fizzyvape.eu\/wp-content\/uploads\/2019\/06\/print-1.svg\",\"contentUrl\":\"https:\/\/fizzyvape.eu\/wp-content\/uploads\/2019\/06\/print-1.svg\",\"width\":124,\"height\":37,\"caption\":\"fizzyvape.eu\"},\"image\":{\"@id\":\"https:\/\/www.fizzyvape.eu\/pl\/#\/schema\/logo\/image\/\"}}]}<\/script>\n<meta property=\"og:availability\" content=\"out of stock\" \/>\n<meta property=\"product:availability\" content=\"out of stock\" \/>\n<meta property=\"product:condition\" content=\"new\" \/>\n<!-- \/ Yoast SEO Premium plugin. -->","yoast_head_json":{"title":"Zestaw 6 smak\u00f3w Fizzy Nova Plus 40000 Puffs Tropical Ice Fusion - 6 sztuk - fizzyvape.eu","description":"Do\u015bwiadcz 240 000 zaci\u0105gni\u0119\u0107 z Fizzy Nova Plus 40K Vape! 6 lodowatych tropikalnych smak\u00f3w, technologia dual-mode i szybkie \u0142adowanie przez USB-C. W zestawie: 6 sztuk!","robots":{"index":"index","follow":"follow","max-snippet":"max-snippet:-1","max-image-preview":"max-image-preview:large","max-video-preview":"max-video-preview:-1"},"canonical":"https:\/\/fizzyvape.eu\/pl\/produkt\/zestaw-6-smakow-fizzy-nova-plus-40000-puffs-tropical-ice-fusion-6-sztuk\/","og_locale":"pl_PL","og_type":"article","og_title":"Zestaw 6 smak\u00f3w Fizzy Nova Plus 40000 Puffs Tropical Ice Fusion - 6 sztuk","og_description":"Do\u015bwiadcz 240 000 zaci\u0105gni\u0119\u0107 z Fizzy Nova Plus 40K Vape! 6 lodowatych tropikalnych smak\u00f3w, technologia dual-mode i szybkie \u0142adowanie przez USB-C. W zestawie: 6 sztuk!","og_url":"https:\/\/fizzyvape.eu\/pl\/produkt\/zestaw-6-smakow-fizzy-nova-plus-40000-puffs-tropical-ice-fusion-6-sztuk\/","og_site_name":"fizzyvape.eu","article_modified_time":"2025-11-29T09:32:36+00:00","og_image":[{"width":800,"height":800,"url":"https:\/\/fizzyvape.eu\/wp-content\/uploads\/2025\/04\/Fizzy-Nova-Plus-40000-Puffs-1-1.webp","type":"image\/webp"}],"twitter_card":"summary_large_image","twitter_misc":{"Dost\u0119pno\u015b\u0107":"Brak w magazynie"},"schema":{"@context":"https:\/\/schema.org","@graph":[{"@type":"WebPage","@id":"https:\/\/fizzyvape.eu\/pl\/produkt\/zestaw-6-smakow-fizzy-nova-plus-40000-puffs-tropical-ice-fusion-6-sztuk\/","url":"https:\/\/fizzyvape.eu\/pl\/produkt\/zestaw-6-smakow-fizzy-nova-plus-40000-puffs-tropical-ice-fusion-6-sztuk\/","name":"Zestaw 6 smak\u00f3w Fizzy Nova Plus 40000 Puffs Tropical Ice Fusion - 6 sztuk - fizzyvape.eu","isPartOf":{"@id":"https:\/\/www.fizzyvape.eu\/pl\/#website"},"primaryImageOfPage":{"@id":"https:\/\/fizzyvape.eu\/pl\/produkt\/zestaw-6-smakow-fizzy-nova-plus-40000-puffs-tropical-ice-fusion-6-sztuk\/#primaryimage"},"image":{"@id":"https:\/\/fizzyvape.eu\/pl\/produkt\/zestaw-6-smakow-fizzy-nova-plus-40000-puffs-tropical-ice-fusion-6-sztuk\/#primaryimage"},"thumbnailUrl":"https:\/\/fizzyvape.eu\/wp-content\/uploads\/2025\/04\/Fizzy-Nova-Plus-40000-Puffs-1-2.webp","datePublished":"2025-04-02T01:12:56+00:00","dateModified":"2025-11-29T09:32:36+00:00","description":"Do\u015bwiadcz 240 000 zaci\u0105gni\u0119\u0107 z Fizzy Nova Plus 40K Vape! 6 lodowatych tropikalnych smak\u00f3w, technologia dual-mode i szybkie \u0142adowanie przez USB-C. W zestawie: 6 sztuk!","breadcrumb":{"@id":"https:\/\/fizzyvape.eu\/pl\/produkt\/zestaw-6-smakow-fizzy-nova-plus-40000-puffs-tropical-ice-fusion-6-sztuk\/#breadcrumb"},"inLanguage":"pl-PL","potentialAction":[{"@type":"ReadAction","target":["https:\/\/fizzyvape.eu\/pl\/produkt\/zestaw-6-smakow-fizzy-nova-plus-40000-puffs-tropical-ice-fusion-6-sztuk\/"]}]},{"@type":"ImageObject","inLanguage":"pl-PL","@id":"https:\/\/fizzyvape.eu\/pl\/produkt\/zestaw-6-smakow-fizzy-nova-plus-40000-puffs-tropical-ice-fusion-6-sztuk\/#primaryimage","url":"https:\/\/fizzyvape.eu\/wp-content\/uploads\/2025\/04\/Fizzy-Nova-Plus-40000-Puffs-1-2.webp","contentUrl":"https:\/\/fizzyvape.eu\/wp-content\/uploads\/2025\/04\/Fizzy-Nova-Plus-40000-Puffs-1-2.webp","width":800,"height":800,"caption":"Fizzy Nova Plus 40000 Puffs"},{"@type":"BreadcrumbList","@id":"https:\/\/fizzyvape.eu\/pl\/produkt\/zestaw-6-smakow-fizzy-nova-plus-40000-puffs-tropical-ice-fusion-6-sztuk\/#breadcrumb","itemListElement":[{"@type":"ListItem","position":1,"name":"Home","item":"https:\/\/fizzyvape.eu\/pl\/"},{"@type":"ListItem","position":2,"name":"Sklep","item":"https:\/\/fizzyvape.eu\/pl\/sklep\/"},{"@type":"ListItem","position":3,"name":"Zestaw 6 smak\u00f3w Fizzy Nova Plus 40000 Puffs Tropical Ice Fusion &#8211; 6 sztuk"}]},{"@type":"WebSite","@id":"https:\/\/www.fizzyvape.eu\/pl\/#website","url":"https:\/\/www.fizzyvape.eu\/pl\/","name":"fizzyvape.eu","description":"Refreshing Vapes. Unforgettable Taste.","publisher":{"@id":"https:\/\/www.fizzyvape.eu\/pl\/#organization"},"potentialAction":[{"@type":"SearchAction","target":{"@type":"EntryPoint","urlTemplate":"https:\/\/www.fizzyvape.eu\/pl\/?s={search_term_string}"},"query-input":{"@type":"PropertyValueSpecification","valueRequired":true,"valueName":"search_term_string"}}],"inLanguage":"pl-PL"},{"@type":"Organization","@id":"https:\/\/www.fizzyvape.eu\/pl\/#organization","name":"fizzyvape.eu","url":"https:\/\/www.fizzyvape.eu\/pl\/","logo":{"@type":"ImageObject","inLanguage":"pl-PL","@id":"https:\/\/www.fizzyvape.eu\/pl\/#\/schema\/logo\/image\/","url":"https:\/\/fizzyvape.eu\/wp-content\/uploads\/2019\/06\/print-1.svg","contentUrl":"https:\/\/fizzyvape.eu\/wp-content\/uploads\/2019\/06\/print-1.svg","width":124,"height":37,"caption":"fizzyvape.eu"},"image":{"@id":"https:\/\/www.fizzyvape.eu\/pl\/#\/schema\/logo\/image\/"}}]},"og_availability":"out of stock","product_availability":"out of stock","product_condition":"new"},"tiered_pricing_type":"fixed","tiered_pricing_fixed_rules":[],"tiered_pricing_product_settings":{"layout":"default","base_unit_name":{"singular":null,"plural":null},"default_variation":null},"tiered_pricing_minimum_quantity":null,"tiered_pricing_roles_data":[],"tiered_pricing_percentage_rules":[],"tiered_pricing_maximum_quantity":null,"tiered_pricing_quantity_step":null,"_links":{"self":[{"href":"https:\/\/fizzyvape.eu\/pl\/wp-json\/wp\/v2\/product\/25013","targetHints":{"allow":["GET"]}}],"collection":[{"href":"https:\/\/fizzyvape.eu\/pl\/wp-json\/wp\/v2\/product"}],"about":[{"href":"https:\/\/fizzyvape.eu\/pl\/wp-json\/wp\/v2\/types\/product"}],"replies":[{"embeddable":true,"href":"https:\/\/fizzyvape.eu\/pl\/wp-json\/wp\/v2\/comments?post=25013"}],"version-history":[{"count":0,"href":"https:\/\/fizzyvape.eu\/pl\/wp-json\/wp\/v2\/product\/25013\/revisions"}],"wp:featuredmedia":[{"embeddable":true,"href":"https:\/\/fizzyvape.eu\/pl\/wp-json\/wp\/v2\/media\/29620"}],"wp:attachment":[{"href":"https:\/\/fizzyvape.eu\/pl\/wp-json\/wp\/v2\/media?parent=25013"}],"wp:term":[{"taxonomy":"product_brand","embeddable":true,"href":"https:\/\/fizzyvape.eu\/pl\/wp-json\/wp\/v2\/product_brand?post=25013"},{"taxonomy":"product_cat","embeddable":true,"href":"https:\/\/fizzyvape.eu\/pl\/wp-json\/wp\/v2\/product_cat?post=25013"},{"taxonomy":"product_tag","embeddable":true,"href":"https:\/\/fizzyvape.eu\/pl\/wp-json\/wp\/v2\/product_tag?post=25013"}],"curies":[{"name":"wp","href":"https:\/\/api.w.org\/{rel}","templated":true}]}}