{"id":25052,"date":"2025-04-02T11:54:58","date_gmt":"2025-04-02T03:54:58","guid":{"rendered":"https:\/\/fizzyvape.eu\/product\/fizzy-nova-plus-40000-puffs-30szt\/"},"modified":"2025-10-31T18:03:07","modified_gmt":"2025-10-31T10:03:07","slug":"fizzy-nova-plus-40000-puffs-30szt","status":"publish","type":"product","link":"https:\/\/fizzyvape.eu\/pl\/produkt\/fizzy-nova-plus-40000-puffs-30szt\/","title":{"rendered":"Fizzy Nova Plus 40000 Puffs &#8211; 30szt"},"content":{"rendered":"<div>\n<h1><strong>Fizzy Nova Plus 40000 Puffs jednorazowe Vape &#8211; Vaping Premium na nowo zdefiniowany<\/strong><\/h1>\n<p><strong>Jednorazowy waporyzator Fizzy Nova Plus 40000 Puffs<\/strong> wyznacza nowy standard technologii waporyzacji klasy premium. Zaprojektowane z my\u015bl\u0105 o wymagaj\u0105cych vaperach, kt\u00f3rzy nie uznaj\u0105 kompromis\u00f3w, to rewolucyjne urz\u0105dzenie zapewnia bezprecedensowe po\u0142\u0105czenie <strong>wyd\u0142u\u017conej \u017cywotno\u015bci, bogatego smaku i najnowocze\u015bniejszych funkcji<\/strong> w eleganckiej, przeno\u015bnej konstrukcji. <\/p>\n<h3>Kluczowe cechy:<\/h3>\n<p>\ud83d\udd39 <strong>Bardzo wysoka liczba zaci\u0105gni\u0119\u0107<\/strong> &#8211; <strong>40 000 zaci\u0105gni\u0119\u0107<\/strong> zapewnia d\u0142ugotrwa\u0142e i satysfakcjonuj\u0105ce doznania podczas waporyzacji.<br \/>\n\ud83d\udd39 <strong>Ogromna pojemno\u015b\u0107 e-liquidu<\/strong> &#8211; <strong>40 ml wst\u0119pnie nape\u0142nionego e-liquidu<\/strong> zapewnia <strong>tygodnie nieprzerwanej przyjemno\u015bci<\/strong>.<br \/>\n\ud83d\udd39 <strong>Zaawansowana technologia cewki Dual Mesh<\/strong> &#8211; zapewnia <strong>bogatsze smaki i g\u0119stsz\u0105 par\u0119<\/strong> dla lepszej sesji waporyzacji.<br \/>\n\ud83d\udd39 <strong>Regulowane tryby waporyzacji<\/strong> &#8211; wybierz <strong>tryb Eco dla d\u0142u\u017cszej \u017cywotno\u015bci<\/strong> lub <strong>tryb Turbo dla zintensyfikowanego smaku i produkcji pary<\/strong>.<br \/>\n\ud83d\udd39 <strong>Inteligentny wy\u015bwietlacz LED<\/strong> &#8211; wskazuje <strong>stan baterii i poziom e-cieczy<\/strong> w celu \u0142atwego monitorowania.<br \/>\n\ud83d\udd39 <strong>Szybkie \u0142adowanie przez USB-C<\/strong> &#8211; Wyposa\u017cony w <strong>akumulator o pojemno\u015bci 850 mAh<\/strong>, w pe\u0142ni <strong>\u0142aduje si\u0119 w zaledwie 2 godziny<\/strong> przy ci\u0105g\u0142ym u\u017cytkowaniu.<\/p>\n<h3>Dlaczego warto wybra\u0107 Fizzy Nova Plus?<\/h3>\n<p>\ud83d\udd25 <strong>Wiod\u0105ca w bran\u017cy trwa\u0142o\u015b\u0107<\/strong> &#8211; pojemno\u015b\u0107 40 000 zaci\u0105gni\u0119\u0107 przewy\u017csza standardowe jednoraz\u00f3wki o 300-400%, zapewniaj\u0105c wyj\u0105tkow\u0105 warto\u015b\u0107.<br \/>\n\ud83d\udc8e <strong>In\u017cynieria klasy premium<\/strong> &#8211; materia\u0142y klasy lotniczej z eleganckim metalicznym wyko\u0144czeniem, kt\u00f3re \u0142\u0105czy trwa\u0142o\u015b\u0107 z wyrafinowanym stylem.<br \/>\n\ud83d\udc51 <strong>Mistrzostwo smaku<\/strong> &#8211; ka\u017cda mieszanka jest skrupulatnie opracowywana przez mistrz\u00f3w miksologii, aby zapewni\u0107 doskonale zbalansowane, autentyczne profile smakowe.<br \/>\n\u26a1 <strong>Spersonalizowana wydajno\u015b\u0107<\/strong> &#8211; innowacyjny system dw\u00f3ch tryb\u00f3w pozwala dostosowa\u0107 ka\u017cd\u0105 sesj\u0119 do nastroju i preferencji u\u017cytkownika. <\/p>\n<\/div>\n<div>\n<h3><strong>Opcje nikotyny:<\/strong><\/h3>\n<p>&#8211; <strong>2% (20 mg \/ ml)<\/strong> &#8211; idealny do g\u0142adkiej i aromatycznej waporyzacji<br \/>\n&#8211; <strong>5% (50 mg \/ ml)<\/strong> &#8211; Zaprojektowany dla mocniejszego, bardziej satysfakcjonuj\u0105cego uderzenia w gard\u0142o <\/p>\n<h3>Specyfikacja<\/h3>\n<table style=\"height: 449px;\" width=\"1340\">\n<tbody>\n<tr>\n<td>Puffy<\/td>\n<td><strong>40000+ Puffs<\/strong><\/td>\n<\/tr>\n<tr>\n<td>Pojemno\u015b\u0107 e-p\u0142ynu<\/td>\n<td><strong>40ml<\/strong><\/td>\n<\/tr>\n<tr>\n<td>Pojemno\u015b\u0107 baterii<\/td>\n<td><strong>850 mAh<\/strong><\/td>\n<\/tr>\n<tr>\n<td>Rozmiar<\/td>\n<td><strong>52,5*24,5*104,3 mm<\/strong><\/td>\n<\/tr>\n<tr>\n<td>Jednorazowe czy nie?<\/td>\n<td><strong>Jednorazowy<\/strong><\/td>\n<\/tr>\n<tr>\n<td>Metoda \u0142adowania<\/td>\n<td><strong>Kabel<\/strong><\/td>\n<\/tr>\n<tr>\n<td>Metoda aktywacji<\/td>\n<td><strong>Czujnik<\/strong><\/td>\n<\/tr>\n<tr>\n<td>Materia\u0142<\/td>\n<td><strong>PCTG<\/strong><\/td>\n<\/tr>\n<tr>\n<td>Poziom nikotyny<\/td>\n<td><strong>2% (20 mg\/ml) i 5% (50 mg\/ml)<\/strong><\/td>\n<\/tr>\n<tr>\n<td>Smaki<\/td>\n<td><strong>12<\/strong><\/td>\n<\/tr>\n<tr>\n<td>Pakowanie<\/td>\n<td><strong>1 opakowanie<\/strong><\/td>\n<\/tr>\n<tr>\n<td>Czas \u0142adowania<\/td>\n<td><strong>2 godziny<\/strong><\/td>\n<\/tr>\n<tr>\n<td>Przechowywanie<\/td>\n<td><strong>Unika\u0107 \u015brodowiska o wysokiej temperaturze i przechowywa\u0107 w ch\u0142odnym i suchym miejscu.<\/strong><\/td>\n<\/tr>\n<tr>\n<td>Osoby, kt\u00f3rym zabrania si\u0119 stosowania<\/td>\n<td><strong>Osoby niepe\u0142noletnie, kobiety w ci\u0105\u017cy i osoby uczulone na sk\u0142adniki produktu.<\/strong><\/td>\n<\/tr>\n<tr>\n<td>Uwaga<\/td>\n<td><strong>Nie po\u0142yka\u0107 tej substancji. W przypadku po\u0142kni\u0119cia nale\u017cy natychmiast dok\u0142adnie wyp\u0142uka\u0107 usta. W przypadku z\u0142ego samopoczucia nale\u017cy skontaktowa\u0107 si\u0119 z lekarzem.  <\/strong><\/td>\n<\/tr>\n<\/tbody>\n<\/table>\n<h3>Lista smak\u00f3w <strong>Fizzy Nova Plus <\/strong>40000 Puffs:<\/h3>\n<ol>\n<li><a href=\"https:\/\/fizzyvape.eu\/product\/nova-plus-strawberry-kiwi-40000-puffs-10pcs\/\">Truskawka Kiwi<\/a><\/li>\n<li><a href=\"https:\/\/fizzyvape.eu\/product\/nova-plus-blueberry-ice-40000-puffs-10pcs\/\">L\u00f3d jagodowy<\/a><\/li>\n<li><a href=\"https:\/\/fizzyvape.eu\/product\/nova-plus-watermelon-ice-40000-puffs-10pcs\/\">Arbuzowy l\u00f3d<\/a><\/li>\n<li><a href=\"https:\/\/fizzyvape.eu\/product\/nova-plus-peach-mango-watermelon-40000-puffs-10pcs\/\">Brzoskwinia Mango Arbuz<\/a><\/li>\n<li><a href=\"https:\/\/fizzyvape.eu\/product\/nova-plus-kiwi-passion-fruit-guava-40000-puffs-10pcs\/\">Kiwi Passion Fruit Guava<\/a><\/li>\n<li><a href=\"https:\/\/fizzyvape.eu\/product\/nova-plus-raspberry-lemon-40000-puffs-10pcs\/\">Malina z cytryn\u0105<\/a><\/li>\n<li><a href=\"https:\/\/fizzyvape.eu\/product\/nova-plus-triple-berry-40000-puffs-10pcs\/\">Triple Berry<\/a><\/li>\n<li><a href=\"https:\/\/fizzyvape.eu\/product\/nova-plus-peach-ice-40000-puffs-10pcs\/\">L\u00f3d brzoskwiniowy<\/a><\/li>\n<li><a href=\"https:\/\/fizzyvape.eu\/product\/nova-plus-grape-lime-40000-puffs-10pcs\/\">Grape Lime<\/a><\/li>\n<li><a href=\"https:\/\/fizzyvape.eu\/product\/nova-plus-blue-razz-lemonade-40000-puffs-10pcs\/\">Lemoniada Blue Razz<\/a><\/li>\n<li><a href=\"https:\/\/fizzyvape.eu\/product\/nova-plus-strawberry-ice-40000-puffs-10pcs\/\">L\u00f3d truskawkowy<\/a><\/li>\n<li><a href=\"https:\/\/fizzyvape.eu\/product\/nova-plus-blueberry-coconut-40000-puffs-10pcs\/\">Jagoda z kokosem<\/a><\/li>\n<\/ol>\n<h3>Najcz\u0119\u015bciej zadawane pytania dotycz\u0105ce jednorazowych Vape Fizzy Nova Plus 40000 Puffs<\/h3>\n<h4>1. <strong>Jak d\u0142ugo dzia\u0142a urz\u0105dzenie Fizzy Nova Plus?<\/strong><\/h4>\n<p>Ka\u017cde urz\u0105dzenie zapewnia imponuj\u0105ce <strong>40 000 zaci\u0105gni\u0119\u0107<\/strong>, znacznie przewy\u017cszaj\u0105c standardowe jednoraz\u00f3wki. Przy regularnym u\u017cytkowaniu mo\u017ce ono wytrzyma\u0107 <strong>kilka tygodni<\/strong>, co czyni je jednym z najd\u0142u\u017cej dzia\u0142aj\u0105cych waporyzator\u00f3w jednorazowych dost\u0119pnych na rynku. <\/p>\n<h4>2. <strong>Co odr\u00f3\u017cnia Fizzy Nova Plus od innych waporyzator\u00f3w jednorazowych?<\/strong><\/h4>\n<p><strong>Fizzy Nova Plus<\/strong> wyr\u00f3\u017cnia si\u0119 <strong>technologi\u0105 podw\u00f3jnej cewki siatkowej<\/strong>, <strong>regulowanymi trybami Eco i Turbo<\/strong>, <strong>ogromn\u0105 pojemno\u015bci\u0105 40 ml e-liquidu<\/strong> i <strong>inteligentnym wy\u015bwietlaczem LED<\/strong>, oferuj\u0105c <strong>konfigurowalne i wysokiej jako\u015bci wra\u017cenia z waporyzacji<\/strong>.  <\/p>\n<h4>3. <strong>Jaka jest r\u00f3\u017cnica mi\u0119dzy trybem Eco a trybem Turbo?<\/strong><\/h4>\n<ul>\n<li><strong>Tryb Eco<\/strong>: Wyd\u0142u\u017ca \u017cywotno\u015b\u0107 baterii i zu\u017cycie e-liquidu, idealny na d\u0142u\u017csze sesje.<\/li>\n<li><strong>Tryb Turbo<\/strong>: Zwi\u0119ksza <strong>intensywno\u015b\u0107 smaku i produkcj\u0119 pary<\/strong>, idealny dla tych, kt\u00f3rzy wol\u0105 <strong>mocniejsze uderzenie<\/strong>.<\/li>\n<\/ul>\n<h4>4. <strong>Jakie st\u0119\u017cenia nikotyny s\u0105 dost\u0119pne?<\/strong><\/h4>\n<p><strong>Fizzy Nova Plus 40000 Puffs Disposable Vape<\/strong> jest dost\u0119pny w dw\u00f3ch opcjach nikotynowych: <\/p>\n<ul data-is-last-node=\"\" data-is-only-node=\"\">\n<li><strong>2% (20 mg \/ ml)<\/strong> &#8211; zapewnia <strong>p\u0142ynne i zr\u00f3wnowa\u017cone<\/strong> doznania podczas waporyzacji.<\/li>\n<li><strong>5% (50 mg \/ ml)<\/strong> &#8211; oferuje <strong>mocniejsze uderzenie w gard\u0142o<\/strong> i bardziej intensywn\u0105 satysfakcj\u0119 z nikotyny.<\/li>\n<\/ul>\n<\/div>\n","protected":false},"excerpt":{"rendered":"<p><strong>Jednorazowy waporyzator Fizzy Nova Plus 40 000 zaci\u0105gni\u0119\u0107<\/strong> &#8211; <strong>opakowanie 30 sztuk<\/strong> (oferta limitowana)! Ciesz si\u0119 wysokiej jako\u015bci waporyzacj\u0105 z wiod\u0105c\u0105 w bran\u017cy \u017cywotno\u015bci\u0105<strong>(40 000 zaci\u0105gni\u0119\u0107 na urz\u0105dzenie<\/strong>), pojemno\u015bci\u0105 <strong>40 ml e-liquidu<\/strong> i podw\u00f3jnymi cewkami siatkowymi dla bogatego smaku. Wyposa\u017cony w szybkie \u0142adowanie <strong>USB-C<\/strong>, inteligentny wy\u015bwietlacz LED i regulowane <strong>tryby Eco\/Turbo<\/strong>. Idealny dla sprzedawc\u00f3w detalicznych lub intensywnych vaper\u00f3w &#8211; hurtowe oszcz\u0119dno\u015bci przez ograniczony czas!   <\/p>\n<p><strong style=\"color: red;\">Prosimy o zwr\u00f3cenie uwagi na smak i ilo\u015b\u0107 podczas sk\u0142adania zam\u00f3wienia!<\/strong><\/p>\n","protected":false},"featured_media":30090,"comment_status":"open","ping_status":"closed","template":"","meta":{"iawp_total_views":0},"product_brand":[],"product_cat":[673],"product_tag":[350],"class_list":{"0":"post-25052","1":"product","2":"type-product","3":"status-publish","4":"has-post-thumbnail","6":"product_cat-bulk-deals-2-pl","7":"product_tag-40000-zaciagniec","9":"first","10":"outofstock","11":"sale","12":"shipping-taxable","13":"purchasable","14":"product-type-variable"},"yoast_head":"<!-- This site is optimized with the Yoast SEO Premium plugin v24.8 (Yoast SEO v24.8) - https:\/\/yoast.com\/wordpress\/plugins\/seo\/ -->\n<title>Fizzy Nova Plus 40000 Puffs - 30szt - fizzyvape.eu<\/title>\n<meta name=\"description\" content=\"Hurtowy pakiet 30 sztuk Fizzy Nova Plus 40K puff\u00f3w! Smaki premium, \u0142adowanie przez USB-C, rabaty hurtowe. Oferta ograniczona czasowo - zam\u00f3w teraz!\" \/>\n<meta name=\"robots\" content=\"index, follow, max-snippet:-1, max-image-preview:large, max-video-preview:-1\" \/>\n<link rel=\"canonical\" href=\"https:\/\/fizzyvape.eu\/pl\/produkt\/fizzy-nova-plus-40000-puffs-30szt\/\" \/>\n<meta property=\"og:locale\" content=\"pl_PL\" \/>\n<meta property=\"og:type\" content=\"article\" \/>\n<meta property=\"og:title\" content=\"Fizzy Nova Plus 40000 Puffs - 30szt\" \/>\n<meta property=\"og:description\" content=\"Hurtowy pakiet 30 sztuk Fizzy Nova Plus 40K puff\u00f3w! Smaki premium, \u0142adowanie przez USB-C, rabaty hurtowe. Oferta ograniczona czasowo - zam\u00f3w teraz!\" \/>\n<meta property=\"og:url\" content=\"https:\/\/fizzyvape.eu\/pl\/produkt\/fizzy-nova-plus-40000-puffs-30szt\/\" \/>\n<meta property=\"og:site_name\" content=\"fizzyvape.eu\" \/>\n<meta property=\"article:modified_time\" content=\"2025-10-31T10:03:07+00:00\" \/>\n<meta property=\"og:image\" content=\"https:\/\/fizzyvape.eu\/wp-content\/uploads\/2025\/04\/Fizzy-Nova-Plus-40000Puffs-30pcs-4.webp\" \/>\n\t<meta property=\"og:image:width\" content=\"800\" \/>\n\t<meta property=\"og:image:height\" content=\"800\" \/>\n\t<meta property=\"og:image:type\" content=\"image\/webp\" \/>\n<meta name=\"twitter:card\" content=\"summary_large_image\" \/>\n<meta name=\"twitter:label1\" content=\"Dost\u0119pno\u015b\u0107\" \/>\n\t<meta name=\"twitter:data1\" content=\"Brak w magazynie\" \/>\n<script type=\"application\/ld+json\" class=\"yoast-schema-graph\">{\"@context\":\"https:\/\/schema.org\",\"@graph\":[{\"@type\":\"WebPage\",\"@id\":\"https:\/\/fizzyvape.eu\/pl\/produkt\/fizzy-nova-plus-40000-puffs-30szt\/\",\"url\":\"https:\/\/fizzyvape.eu\/pl\/produkt\/fizzy-nova-plus-40000-puffs-30szt\/\",\"name\":\"Fizzy Nova Plus 40000 Puffs - 30szt - fizzyvape.eu\",\"isPartOf\":{\"@id\":\"https:\/\/www.fizzyvape.eu\/pl\/#website\"},\"primaryImageOfPage\":{\"@id\":\"https:\/\/fizzyvape.eu\/pl\/produkt\/fizzy-nova-plus-40000-puffs-30szt\/#primaryimage\"},\"image\":{\"@id\":\"https:\/\/fizzyvape.eu\/pl\/produkt\/fizzy-nova-plus-40000-puffs-30szt\/#primaryimage\"},\"thumbnailUrl\":\"https:\/\/fizzyvape.eu\/wp-content\/uploads\/2025\/04\/Fizzy-Nova-Plus-40000-Puffs-30pcs.webp\",\"datePublished\":\"2025-04-02T03:54:58+00:00\",\"dateModified\":\"2025-10-31T10:03:07+00:00\",\"description\":\"Hurtowy pakiet 30 sztuk Fizzy Nova Plus 40K puff\u00f3w! Smaki premium, \u0142adowanie przez USB-C, rabaty hurtowe. Oferta ograniczona czasowo - zam\u00f3w teraz!\",\"breadcrumb\":{\"@id\":\"https:\/\/fizzyvape.eu\/pl\/produkt\/fizzy-nova-plus-40000-puffs-30szt\/#breadcrumb\"},\"inLanguage\":\"pl-PL\",\"potentialAction\":[{\"@type\":\"ReadAction\",\"target\":[\"https:\/\/fizzyvape.eu\/pl\/produkt\/fizzy-nova-plus-40000-puffs-30szt\/\"]}]},{\"@type\":\"ImageObject\",\"inLanguage\":\"pl-PL\",\"@id\":\"https:\/\/fizzyvape.eu\/pl\/produkt\/fizzy-nova-plus-40000-puffs-30szt\/#primaryimage\",\"url\":\"https:\/\/fizzyvape.eu\/wp-content\/uploads\/2025\/04\/Fizzy-Nova-Plus-40000-Puffs-30pcs.webp\",\"contentUrl\":\"https:\/\/fizzyvape.eu\/wp-content\/uploads\/2025\/04\/Fizzy-Nova-Plus-40000-Puffs-30pcs.webp\",\"width\":800,\"height\":800,\"caption\":\"Fizzy Nova Plus 40000 Puffs 30pcs\"},{\"@type\":\"BreadcrumbList\",\"@id\":\"https:\/\/fizzyvape.eu\/pl\/produkt\/fizzy-nova-plus-40000-puffs-30szt\/#breadcrumb\",\"itemListElement\":[{\"@type\":\"ListItem\",\"position\":1,\"name\":\"Home\",\"item\":\"https:\/\/fizzyvape.eu\/pl\/\"},{\"@type\":\"ListItem\",\"position\":2,\"name\":\"Sklep\",\"item\":\"https:\/\/fizzyvape.eu\/pl\/sklep\/\"},{\"@type\":\"ListItem\",\"position\":3,\"name\":\"Fizzy Nova Plus 40000 Puffs &#8211; 30szt\"}]},{\"@type\":\"WebSite\",\"@id\":\"https:\/\/www.fizzyvape.eu\/pl\/#website\",\"url\":\"https:\/\/www.fizzyvape.eu\/pl\/\",\"name\":\"fizzyvape.eu\",\"description\":\"Refreshing Vapes. Unforgettable Taste.\",\"publisher\":{\"@id\":\"https:\/\/www.fizzyvape.eu\/pl\/#organization\"},\"potentialAction\":[{\"@type\":\"SearchAction\",\"target\":{\"@type\":\"EntryPoint\",\"urlTemplate\":\"https:\/\/www.fizzyvape.eu\/pl\/?s={search_term_string}\"},\"query-input\":{\"@type\":\"PropertyValueSpecification\",\"valueRequired\":true,\"valueName\":\"search_term_string\"}}],\"inLanguage\":\"pl-PL\"},{\"@type\":\"Organization\",\"@id\":\"https:\/\/www.fizzyvape.eu\/pl\/#organization\",\"name\":\"fizzyvape.eu\",\"url\":\"https:\/\/www.fizzyvape.eu\/pl\/\",\"logo\":{\"@type\":\"ImageObject\",\"inLanguage\":\"pl-PL\",\"@id\":\"https:\/\/www.fizzyvape.eu\/pl\/#\/schema\/logo\/image\/\",\"url\":\"https:\/\/fizzyvape.eu\/wp-content\/uploads\/2019\/06\/print-1.svg\",\"contentUrl\":\"https:\/\/fizzyvape.eu\/wp-content\/uploads\/2019\/06\/print-1.svg\",\"width\":124,\"height\":37,\"caption\":\"fizzyvape.eu\"},\"image\":{\"@id\":\"https:\/\/www.fizzyvape.eu\/pl\/#\/schema\/logo\/image\/\"}}]}<\/script>\n<meta property=\"og:availability\" content=\"out of stock\" \/>\n<meta property=\"product:availability\" content=\"out of stock\" \/>\n<meta property=\"product:condition\" content=\"new\" \/>\n<!-- \/ Yoast SEO Premium plugin. -->","yoast_head_json":{"title":"Fizzy Nova Plus 40000 Puffs - 30szt - fizzyvape.eu","description":"Hurtowy pakiet 30 sztuk Fizzy Nova Plus 40K puff\u00f3w! Smaki premium, \u0142adowanie przez USB-C, rabaty hurtowe. Oferta ograniczona czasowo - zam\u00f3w teraz!","robots":{"index":"index","follow":"follow","max-snippet":"max-snippet:-1","max-image-preview":"max-image-preview:large","max-video-preview":"max-video-preview:-1"},"canonical":"https:\/\/fizzyvape.eu\/pl\/produkt\/fizzy-nova-plus-40000-puffs-30szt\/","og_locale":"pl_PL","og_type":"article","og_title":"Fizzy Nova Plus 40000 Puffs - 30szt","og_description":"Hurtowy pakiet 30 sztuk Fizzy Nova Plus 40K puff\u00f3w! Smaki premium, \u0142adowanie przez USB-C, rabaty hurtowe. Oferta ograniczona czasowo - zam\u00f3w teraz!","og_url":"https:\/\/fizzyvape.eu\/pl\/produkt\/fizzy-nova-plus-40000-puffs-30szt\/","og_site_name":"fizzyvape.eu","article_modified_time":"2025-10-31T10:03:07+00:00","og_image":[{"width":800,"height":800,"url":"https:\/\/fizzyvape.eu\/wp-content\/uploads\/2025\/04\/Fizzy-Nova-Plus-40000Puffs-30pcs-4.webp","type":"image\/webp"}],"twitter_card":"summary_large_image","twitter_misc":{"Dost\u0119pno\u015b\u0107":"Brak w magazynie"},"schema":{"@context":"https:\/\/schema.org","@graph":[{"@type":"WebPage","@id":"https:\/\/fizzyvape.eu\/pl\/produkt\/fizzy-nova-plus-40000-puffs-30szt\/","url":"https:\/\/fizzyvape.eu\/pl\/produkt\/fizzy-nova-plus-40000-puffs-30szt\/","name":"Fizzy Nova Plus 40000 Puffs - 30szt - fizzyvape.eu","isPartOf":{"@id":"https:\/\/www.fizzyvape.eu\/pl\/#website"},"primaryImageOfPage":{"@id":"https:\/\/fizzyvape.eu\/pl\/produkt\/fizzy-nova-plus-40000-puffs-30szt\/#primaryimage"},"image":{"@id":"https:\/\/fizzyvape.eu\/pl\/produkt\/fizzy-nova-plus-40000-puffs-30szt\/#primaryimage"},"thumbnailUrl":"https:\/\/fizzyvape.eu\/wp-content\/uploads\/2025\/04\/Fizzy-Nova-Plus-40000-Puffs-30pcs.webp","datePublished":"2025-04-02T03:54:58+00:00","dateModified":"2025-10-31T10:03:07+00:00","description":"Hurtowy pakiet 30 sztuk Fizzy Nova Plus 40K puff\u00f3w! Smaki premium, \u0142adowanie przez USB-C, rabaty hurtowe. Oferta ograniczona czasowo - zam\u00f3w teraz!","breadcrumb":{"@id":"https:\/\/fizzyvape.eu\/pl\/produkt\/fizzy-nova-plus-40000-puffs-30szt\/#breadcrumb"},"inLanguage":"pl-PL","potentialAction":[{"@type":"ReadAction","target":["https:\/\/fizzyvape.eu\/pl\/produkt\/fizzy-nova-plus-40000-puffs-30szt\/"]}]},{"@type":"ImageObject","inLanguage":"pl-PL","@id":"https:\/\/fizzyvape.eu\/pl\/produkt\/fizzy-nova-plus-40000-puffs-30szt\/#primaryimage","url":"https:\/\/fizzyvape.eu\/wp-content\/uploads\/2025\/04\/Fizzy-Nova-Plus-40000-Puffs-30pcs.webp","contentUrl":"https:\/\/fizzyvape.eu\/wp-content\/uploads\/2025\/04\/Fizzy-Nova-Plus-40000-Puffs-30pcs.webp","width":800,"height":800,"caption":"Fizzy Nova Plus 40000 Puffs 30pcs"},{"@type":"BreadcrumbList","@id":"https:\/\/fizzyvape.eu\/pl\/produkt\/fizzy-nova-plus-40000-puffs-30szt\/#breadcrumb","itemListElement":[{"@type":"ListItem","position":1,"name":"Home","item":"https:\/\/fizzyvape.eu\/pl\/"},{"@type":"ListItem","position":2,"name":"Sklep","item":"https:\/\/fizzyvape.eu\/pl\/sklep\/"},{"@type":"ListItem","position":3,"name":"Fizzy Nova Plus 40000 Puffs &#8211; 30szt"}]},{"@type":"WebSite","@id":"https:\/\/www.fizzyvape.eu\/pl\/#website","url":"https:\/\/www.fizzyvape.eu\/pl\/","name":"fizzyvape.eu","description":"Refreshing Vapes. Unforgettable Taste.","publisher":{"@id":"https:\/\/www.fizzyvape.eu\/pl\/#organization"},"potentialAction":[{"@type":"SearchAction","target":{"@type":"EntryPoint","urlTemplate":"https:\/\/www.fizzyvape.eu\/pl\/?s={search_term_string}"},"query-input":{"@type":"PropertyValueSpecification","valueRequired":true,"valueName":"search_term_string"}}],"inLanguage":"pl-PL"},{"@type":"Organization","@id":"https:\/\/www.fizzyvape.eu\/pl\/#organization","name":"fizzyvape.eu","url":"https:\/\/www.fizzyvape.eu\/pl\/","logo":{"@type":"ImageObject","inLanguage":"pl-PL","@id":"https:\/\/www.fizzyvape.eu\/pl\/#\/schema\/logo\/image\/","url":"https:\/\/fizzyvape.eu\/wp-content\/uploads\/2019\/06\/print-1.svg","contentUrl":"https:\/\/fizzyvape.eu\/wp-content\/uploads\/2019\/06\/print-1.svg","width":124,"height":37,"caption":"fizzyvape.eu"},"image":{"@id":"https:\/\/www.fizzyvape.eu\/pl\/#\/schema\/logo\/image\/"}}]},"og_availability":"out of stock","product_availability":"out of stock","product_condition":"new"},"tiered_pricing_type":"fixed","tiered_pricing_fixed_rules":[],"tiered_pricing_product_settings":{"layout":"default","base_unit_name":{"singular":null,"plural":null},"default_variation":null},"tiered_pricing_minimum_quantity":null,"tiered_pricing_roles_data":[],"tiered_pricing_percentage_rules":[],"tiered_pricing_maximum_quantity":null,"tiered_pricing_quantity_step":null,"_links":{"self":[{"href":"https:\/\/fizzyvape.eu\/pl\/wp-json\/wp\/v2\/product\/25052","targetHints":{"allow":["GET"]}}],"collection":[{"href":"https:\/\/fizzyvape.eu\/pl\/wp-json\/wp\/v2\/product"}],"about":[{"href":"https:\/\/fizzyvape.eu\/pl\/wp-json\/wp\/v2\/types\/product"}],"replies":[{"embeddable":true,"href":"https:\/\/fizzyvape.eu\/pl\/wp-json\/wp\/v2\/comments?post=25052"}],"version-history":[{"count":0,"href":"https:\/\/fizzyvape.eu\/pl\/wp-json\/wp\/v2\/product\/25052\/revisions"}],"wp:featuredmedia":[{"embeddable":true,"href":"https:\/\/fizzyvape.eu\/pl\/wp-json\/wp\/v2\/media\/30090"}],"wp:attachment":[{"href":"https:\/\/fizzyvape.eu\/pl\/wp-json\/wp\/v2\/media?parent=25052"}],"wp:term":[{"taxonomy":"product_brand","embeddable":true,"href":"https:\/\/fizzyvape.eu\/pl\/wp-json\/wp\/v2\/product_brand?post=25052"},{"taxonomy":"product_cat","embeddable":true,"href":"https:\/\/fizzyvape.eu\/pl\/wp-json\/wp\/v2\/product_cat?post=25052"},{"taxonomy":"product_tag","embeddable":true,"href":"https:\/\/fizzyvape.eu\/pl\/wp-json\/wp\/v2\/product_tag?post=25052"}],"curies":[{"name":"wp","href":"https:\/\/api.w.org\/{rel}","templated":true}]}}